{"id":1550,"date":"2023-07-13T04:46:58","date_gmt":"2023-07-13T04:46:58","guid":{"rendered":"https:\/\/chemuza.org\/tr\/metal-yok\/"},"modified":"2023-07-13T04:46:58","modified_gmt":"2023-07-13T04:46:58","slug":"metal-yok","status":"publish","type":"page","link":"https:\/\/chemuza.org\/tr\/metal-yok\/","title":{"rendered":"Periyodik tablonun metal olmayanlar\u0131"},"content":{"rendered":"<p>Periyodik tabloda bulunabilecek gruplardan biri <strong>metalik olmayan elementlerdir<\/strong> . Bunlar metallere z\u0131t \u00f6zelliklere ve karakteristiklere sahiptir, bu nedenle a\u00e7\u0131k\u00e7a tan\u0131mlanabilirler. Bu makalede, ya\u015fam i\u00e7in b\u00fcy\u00fck \u00f6nem ta\u015f\u0131yan bu kimyasal yap\u0131lar grubu hakk\u0131nda bilgi edinin ve en dikkate de\u011fer uygulamalar\u0131ndan baz\u0131lar\u0131n\u0131 vurgulay\u0131n.<\/p>\n<h2> Metalik olmayan elementler nelerdir?<\/h2>\n<p> Metalik olmayan elementler <strong>, elektrik ak\u0131m\u0131 veya \u0131s\u0131 ta\u015f\u0131ma \u00f6zelli\u011fi olmayan elementler<\/strong> olarak tan\u0131mlan\u0131r. Ba\u011flanma ve iyonla\u015ft\u0131r\u0131c\u0131 \u00f6zelliklerine g\u00f6re s\u0131n\u0131fland\u0131r\u0131lan \u00fc\u00e7 kimyasal element kategorisinden birini i\u00e7erir. Periyodik sistemin bu b\u00f6l\u00fcm\u00fcnde oksijen, karbon ve hidrojen gibi ya\u015fam i\u00e7in gerekli olanlar bulunur.<\/p>\n<p> Periyodik tabloda sa\u011fda, 14&#8217;ten 17&#8217;ye kadar olan gruplar\u0131n \u00fczerinde bulunurlar ve Metal elementlere k\u0131yasla say\u0131lar\u0131 \u00e7ok azd\u0131r. Kendine has \u00f6zellikleri vard\u0131r, aralar\u0131nda molek\u00fcl olu\u015fturmak i\u00e7in kovalent ba\u011flar olu\u015ftururlar ve <strong>s\u0131v\u0131, kat\u0131, gaz halinde ve oda s\u0131cakl\u0131\u011f\u0131nda bulunurlar<\/strong> . Bunlar \u00e7ok zay\u0131f elementlerdir, dolay\u0131s\u0131yla d\u00f6n\u00fc\u015ft\u00fcr\u00fclemezler, d\u00f6n\u00fc\u015ft\u00fcr\u00fclemezler veya esneyemezler.<\/p>\n<h2> ana \u00d6zellikler<\/h2>\n<p> Bilinen kimyasal elementlerden <strong>sadece 25&#8217;i metal olmayanlar kategorisine aittir<\/strong> . Bunlar, antagonistleri olan metallerden \u00e7ok farkl\u0131 bir kimyaya sahiptirler ve say\u0131lar\u0131 az olmas\u0131na ra\u011fmen ya\u015fam i\u00e7in gereklidirler. Metalik olmayan elementlerin di\u011fer \u00f6zellikleri \u015fu \u015fekilde \u00f6zetlenebilir:<\/p>\n<ul>\n<li> <strong>G\u00f6r\u00fcn\u00fcmleri olduk\u00e7a de\u011fi\u015fkendir<\/strong> . Bunlar\u0131n parlak elementler olmad\u0131\u011f\u0131n\u0131, \u0131s\u0131y\u0131 veya elektri\u011fi iletmediklerini belirtmek gerekir. Ayr\u0131ca birka\u00e7 istisna d\u0131\u015f\u0131nda erime noktas\u0131 d\u00fc\u015f\u00fckt\u00fcr. \u00d6rne\u011fin elmas, y\u00fcksek s\u0131cakl\u0131klarda eriyen bir karbon \u015feklidir.<\/li>\n<li> <strong>\u00d6zellikleri ve halleri bak\u0131m\u0131ndan farkl\u0131d\u0131rlar<\/strong> . Kristal kat\u0131 halde olabilirler, amorf, s\u0131v\u0131 veya gaz halinde olabilirler. Yap\u0131land\u0131rmas\u0131na ba\u011fl\u0131 olarak farkl\u0131 g\u00f6r\u00fcn\u00fcm ve \u00f6zelliklere sahip olabilir.<\/li>\n<li> <strong>Metallerin temel \u00f6zellikleri olan d\u00f6v\u00fclebilir veya s\u00fcnek de\u011fildirler<\/strong> . Ayr\u0131ca parlakl\u0131klar\u0131 yoktur ve cilalanamazlar ancak e\u015fyan\u0131n cinsine ve bulundu\u011fu duruma g\u00f6re de\u011fi\u015fen bir renge sahiptirler.<\/li>\n<li> <strong>Bunlar\u0131n \u00e7o\u011fu canl\u0131lard\u0131r<\/strong> . Bunun bir \u00f6rne\u011fi oksijen, nitrojen, fosfor, k\u00fck\u00fcrt, karbon ve eser elementler olarak kabul edilen flor, arsenik veya silikon gibi di\u011ferleridir.<\/li>\n<li> <strong>Elektri\u011fi iletmezler<\/strong> \u00e7\u00fcnk\u00fc bu olaydan \u00e7ok \u00f6nce kendilerini kimyasal olarak ayr\u0131\u015ft\u0131r\u0131rlar veya yeniden olu\u015ftururlar. Su ile birle\u015fince asidik maddeler verirler, iyonla\u015f\u0131nca ise negatif y\u00fckler al\u0131rlar. \u0130ki veya daha fazla atomdan olu\u015fan molek\u00fcller olu\u015ftururlar.<\/li>\n<\/ul>\n<h2> Ametallerin \u00f6zellikleri<\/h2>\n<p> Ara \u00f6zelliklere sahip bile\u015fikler olmas\u0131na ra\u011fmen, <strong>metalik olmayan elementler metalik elementlerden \u00e7ok farkl\u0131 \u00f6zelliklere sahiptir<\/strong> . Ancak en \u00e7ok kullan\u0131lan \u00f6zelliklerinden baz\u0131lar\u0131 \u015funlard\u0131r:<\/p>\n<ul>\n<li> <strong>Kimya:<\/strong> Kimyasal b\u00f6l\u00fcmde bu elementler iyonize olduklar\u0131nda negatif y\u00fckler kazan\u0131rlar ve iki atomdan olu\u015fan molek\u00fcllere sahiptirler. Ayr\u0131ca oksijenle birle\u015ferek metalik olmayan oksitler olu\u015ftururlar ve atomlar\u0131n\u0131n son kabuklar\u0131nda 4, 5, 6 veya 7 elektron bulunur.<\/li>\n<li> <strong>Fizik<\/strong> : Metal olmayanlar\u0131n fiziksel \u00f6zellikleri aras\u0131nda, k\u00fck\u00fcrt ve karbon gibi kat\u0131larda, brom gibi s\u0131v\u0131larda ve oksijen veya hidrojen gibi gazlarda bulundu\u011funun alt\u0131 \u00e7izilmelidir. Ayr\u0131ca birka\u00e7 istisna d\u0131\u015f\u0131nda parlak de\u011fildirler ve iletken de\u011fildirler.<\/li>\n<\/ul>\n<p> \u00d6te yandan <strong>bunlar\u0131n kolay kaybolan ve korozyona u\u011framayan k\u0131r\u0131lgan unsurlar oldu\u011funu da<\/strong> bilmelisiniz. Yerkabu\u011funda ve atmosferde s\u0131n\u0131rs\u0131z olarak bulunurlar ve \u00f6zellikle O2 formundaki oksijen gibi diyatonik par\u00e7ac\u0131klar olu\u015ftururlar.<\/p>\n<h2> Element T\u00fcrleri Metal olmayanlar<\/h2>\n<p> <strong>Periyodik tablonun metalik olmayan elementleri<\/strong> \u00e7ok spesifik \u00f6zelliklere sahiptir. Bunlardan biri, nas\u0131l s\u0131n\u0131fland\u0131r\u0131ld\u0131klar\u0131 veya bulunabilecekleri en yayg\u0131n t\u00fcrlerdir ve bunlar \u015fu \u015fekilde s\u0131ralanm\u0131\u015ft\u0131r:<\/p>\n<ul>\n<li> <strong>Halojenler<\/strong> : Toksik, y\u00fcksek derecede oksitleyici, elektronegatif olmalar\u0131yla karakterize edilirler, metalik bir g\u00f6r\u00fcn\u00fcme sahip olabilirler ve \u00e7ok keskin bir kokuya sahip olabilirler. Bunlar flor, klor, brom, iyot, astatin ve tenesumdur.<\/li>\n<li> <strong>Nadir gazlar<\/strong> : Bunlara inert gazlar denir ve isimlerini d\u00fc\u015f\u00fck kimyasal reaktivitelerinden al\u0131rlar. Tek atomlu gazlard\u0131r ve end\u00fcstriyel kullan\u0131m i\u00e7in b\u00fcy\u00fck miktarlarda \u00fcretilirler. Bunun bir \u00f6rne\u011fi helyum, neon, radon, argon, ksenon ve oganesondur.<\/li>\n<li> <strong>Di\u011fer metal olmayanlar<\/strong> : Oksijen, karbon, hidrojen, k\u00fck\u00fcrt, nitrojen, selenyum ve fosforu ifade eder. Spesifik ve \u00e7ok \u00e7e\u015fitli \u00f6zellikleriyle ay\u0131rt edilirler ve bu nedenle \u00e7e\u015fitli alanlarda uygulan\u0131rlar.<\/li>\n<\/ul>\n<h2> En yayg\u0131n kullan\u0131mlar ve uygulamalar<\/h2>\n<p> Metaller gibi metalik olmayan elementler de her bireyin g\u00fcnl\u00fck ya\u015fam\u0131nda tek tek veya bir arada bulunur. En dikkate de\u011fer kullan\u0131m bi\u00e7imleri aras\u0131nda \u015funlar yer al\u0131r:<\/p>\n<ul>\n<li> <strong>Oksijen atmosferde bulunur<\/strong> ve solunumu sa\u011flad\u0131\u011f\u0131 i\u00e7in ya\u015fam i\u00e7in gereklidir. Oksijenin bir formu olan ozon, d\u00fcnyay\u0131 g\u00fcne\u015fin yayd\u0131\u011f\u0131 ultraviyole \u0131\u015f\u0131nlardan koruyan bir tabaka olu\u015fturur.<\/li>\n<li> <strong>\u00c7elik \u00fcretiminde<\/strong> ala\u015f\u0131m yap\u0131m\u0131nda, kimya end\u00fcstrisinde kataliz\u00f6r olarak veya asit \u00fcretiminde kullan\u0131l\u0131rlar.<\/li>\n<li> Akkor ampuller nitrojen, argon, neon ve c\u0131va i\u00e7erdi\u011finden \u00e7ok fazla elektrik enerjisi harcamadan ayd\u0131nlatma g\u00f6revi g\u00f6r\u00fcr.<\/li>\n<li> <strong>Farmakoloji end\u00fcstrisinde<\/strong> kanser tedavisinde, n\u00fckleer t\u0131pta, antiseptik ve dezenfektan \u00fcr\u00fcnlerin olu\u015fturulmas\u0131nda ve di\u011fer alanlarda kullan\u0131lmaktad\u0131r.<\/li>\n<li> <strong>G\u0131da \u00fcr\u00fcnlerinin \u00fcretim ve zenginle\u015ftirme i\u015flemlerinde<\/strong> kullan\u0131l\u0131r. Ayr\u0131ca g\u00fcbre ve g\u00fcbre yap\u0131m\u0131nda, ya\u011f\u0131n rafine edilmesinde ve kibrit gibi g\u00fcnl\u00fck kullan\u0131mda kullan\u0131lan farkl\u0131 malzemelerin \u00fcretiminde de kullan\u0131l\u0131r.<\/li>\n<\/ul>\n<p> \u00d6zetle, <strong>metalik olmayan elementler<\/strong> metallere kar\u015f\u0131t olanlard\u0131r ve g\u00fcnl\u00fck ya\u015fam i\u00e7in gerekli olmalar\u0131 ile karakterize edilirler. \u00c7ok spesifik t\u00fcrleri vard\u0131r ve farkl\u0131 eyaletlerde yap\u0131labilir. Varl\u0131\u011f\u0131 end\u00fcstriyel \u00fcretimi art\u0131r\u0131r.<\/p>\n","protected":false},"excerpt":{"rendered":"<p>Periyodik tabloda bulunabilecek gruplardan biri metalik olmayan elementlerdir . Bunlar metallere z\u0131t \u00f6zelliklere ve karakteristiklere sahiptir, bu nedenle a\u00e7\u0131k\u00e7a tan\u0131mlanabilirler. Bu makalede, ya\u015fam i\u00e7in b\u00fcy\u00fck \u00f6nem ta\u015f\u0131yan bu kimyasal yap\u0131lar grubu hakk\u0131nda bilgi edinin ve en dikkate de\u011fer uygulamalar\u0131ndan baz\u0131lar\u0131n\u0131 vurgulay\u0131n. Metalik olmayan elementler nelerdir? Metalik olmayan elementler , elektrik ak\u0131m\u0131 veya \u0131s\u0131 ta\u015f\u0131ma \u00f6zelli\u011fi &#8230; <a title=\"Periyodik tablonun metal olmayanlar\u0131\" class=\"read-more\" href=\"https:\/\/chemuza.org\/tr\/metal-yok\/\" aria-label=\"More on Periyodik tablonun metal olmayanlar\u0131\">Devam\u0131n\u0131 oku<\/a><\/p>\n","protected":false},"author":1,"featured_media":0,"parent":0,"menu_order":0,"comment_status":"closed","ping_status":"closed","template":"","meta":{"footnotes":""},"yoast_head":"<!-- This site is optimized with the Yoast SEO plugin v21.4 - https:\/\/yoast.com\/wordpress\/plugins\/seo\/ -->\n<title>Periyodik tablonun metal olmayanlar\u0131 - Chemuza<\/title>\n<meta name=\"robots\" content=\"index, follow, max-snippet:-1, max-image-preview:large, max-video-preview:-1\" \/>\n<link rel=\"canonical\" href=\"https:\/\/chemuza.org\/tr\/metal-yok\/\" \/>\n<meta property=\"og:locale\" content=\"tr_TR\" \/>\n<meta property=\"og:type\" content=\"article\" \/>\n<meta property=\"og:title\" content=\"Periyodik tablonun metal olmayanlar\u0131 - Chemuza\" \/>\n<meta property=\"og:description\" content=\"Periyodik tabloda bulunabilecek gruplardan biri metalik olmayan elementlerdir . Bunlar metallere z\u0131t \u00f6zelliklere ve karakteristiklere sahiptir, bu nedenle a\u00e7\u0131k\u00e7a tan\u0131mlanabilirler. Bu makalede, ya\u015fam i\u00e7in b\u00fcy\u00fck \u00f6nem ta\u015f\u0131yan bu kimyasal yap\u0131lar grubu hakk\u0131nda bilgi edinin ve en dikkate de\u011fer uygulamalar\u0131ndan baz\u0131lar\u0131n\u0131 vurgulay\u0131n. Metalik olmayan elementler nelerdir? Metalik olmayan elementler , elektrik ak\u0131m\u0131 veya \u0131s\u0131 ta\u015f\u0131ma \u00f6zelli\u011fi ... Devam\u0131n\u0131 oku\" \/>\n<meta property=\"og:url\" content=\"https:\/\/chemuza.org\/tr\/metal-yok\/\" \/>\n<meta property=\"og:site_name\" content=\"Chemuza\" \/>\n<meta name=\"twitter:card\" content=\"summary_large_image\" \/>\n<meta name=\"twitter:label1\" content=\"Tahmini okuma s\u00fcresi\" \/>\n\t<meta name=\"twitter:data1\" content=\"5 dakika\" \/>\n<script type=\"application\/ld+json\" class=\"yoast-schema-graph\">{\"@context\":\"https:\/\/schema.org\",\"@graph\":[{\"@type\":\"WebPage\",\"@id\":\"https:\/\/chemuza.org\/tr\/metal-yok\/\",\"url\":\"https:\/\/chemuza.org\/tr\/metal-yok\/\",\"name\":\"Periyodik tablonun metal olmayanlar\u0131 - Chemuza\",\"isPartOf\":{\"@id\":\"https:\/\/chemuza.org\/tr\/#website\"},\"datePublished\":\"2023-07-13T04:46:58+00:00\",\"dateModified\":\"2023-07-13T04:46:58+00:00\",\"breadcrumb\":{\"@id\":\"https:\/\/chemuza.org\/tr\/metal-yok\/#breadcrumb\"},\"inLanguage\":\"tr\",\"potentialAction\":[{\"@type\":\"ReadAction\",\"target\":[\"https:\/\/chemuza.org\/tr\/metal-yok\/\"]}]},{\"@type\":\"BreadcrumbList\",\"@id\":\"https:\/\/chemuza.org\/tr\/metal-yok\/#breadcrumb\",\"itemListElement\":[{\"@type\":\"ListItem\",\"position\":1,\"name\":\"Ev\",\"item\":\"https:\/\/chemuza.org\/tr\/\"},{\"@type\":\"ListItem\",\"position\":2,\"name\":\"Periyodik tablonun metal olmayanlar\u0131\"}]},{\"@type\":\"WebSite\",\"@id\":\"https:\/\/chemuza.org\/tr\/#website\",\"url\":\"https:\/\/chemuza.org\/tr\/\",\"name\":\"Chemuza\",\"description\":\"Kimyasal ke\u015fiflere a\u00e7\u0131lan kap\u0131n\u0131z!\",\"publisher\":{\"@id\":\"https:\/\/chemuza.org\/tr\/#organization\"},\"potentialAction\":[{\"@type\":\"SearchAction\",\"target\":{\"@type\":\"EntryPoint\",\"urlTemplate\":\"https:\/\/chemuza.org\/tr\/?s={search_term_string}\"},\"query-input\":\"required name=search_term_string\"}],\"inLanguage\":\"tr\"},{\"@type\":\"Organization\",\"@id\":\"https:\/\/chemuza.org\/tr\/#organization\",\"name\":\"Chemuza\",\"url\":\"https:\/\/chemuza.org\/tr\/\",\"logo\":{\"@type\":\"ImageObject\",\"inLanguage\":\"tr\",\"@id\":\"https:\/\/chemuza.org\/tr\/#\/schema\/logo\/image\/\",\"url\":\"https:\/\/chemuza.org\/tr\/wp-content\/uploads\/2023\/10\/chemuza-logo.png\",\"contentUrl\":\"https:\/\/chemuza.org\/tr\/wp-content\/uploads\/2023\/10\/chemuza-logo.png\",\"width\":387,\"height\":70,\"caption\":\"Chemuza\"},\"image\":{\"@id\":\"https:\/\/chemuza.org\/tr\/#\/schema\/logo\/image\/\"}}]}<\/script>\n<!-- \/ Yoast SEO plugin. -->","yoast_head_json":{"title":"Periyodik tablonun metal olmayanlar\u0131 - Chemuza","robots":{"index":"index","follow":"follow","max-snippet":"max-snippet:-1","max-image-preview":"max-image-preview:large","max-video-preview":"max-video-preview:-1"},"canonical":"https:\/\/chemuza.org\/tr\/metal-yok\/","og_locale":"tr_TR","og_type":"article","og_title":"Periyodik tablonun metal olmayanlar\u0131 - Chemuza","og_description":"Periyodik tabloda bulunabilecek gruplardan biri metalik olmayan elementlerdir . Bunlar metallere z\u0131t \u00f6zelliklere ve karakteristiklere sahiptir, bu nedenle a\u00e7\u0131k\u00e7a tan\u0131mlanabilirler. Bu makalede, ya\u015fam i\u00e7in b\u00fcy\u00fck \u00f6nem ta\u015f\u0131yan bu kimyasal yap\u0131lar grubu hakk\u0131nda bilgi edinin ve en dikkate de\u011fer uygulamalar\u0131ndan baz\u0131lar\u0131n\u0131 vurgulay\u0131n. Metalik olmayan elementler nelerdir? Metalik olmayan elementler , elektrik ak\u0131m\u0131 veya \u0131s\u0131 ta\u015f\u0131ma \u00f6zelli\u011fi ... Devam\u0131n\u0131 oku","og_url":"https:\/\/chemuza.org\/tr\/metal-yok\/","og_site_name":"Chemuza","twitter_card":"summary_large_image","twitter_misc":{"Tahmini okuma s\u00fcresi":"5 dakika"},"schema":{"@context":"https:\/\/schema.org","@graph":[{"@type":"WebPage","@id":"https:\/\/chemuza.org\/tr\/metal-yok\/","url":"https:\/\/chemuza.org\/tr\/metal-yok\/","name":"Periyodik tablonun metal olmayanlar\u0131 - Chemuza","isPartOf":{"@id":"https:\/\/chemuza.org\/tr\/#website"},"datePublished":"2023-07-13T04:46:58+00:00","dateModified":"2023-07-13T04:46:58+00:00","breadcrumb":{"@id":"https:\/\/chemuza.org\/tr\/metal-yok\/#breadcrumb"},"inLanguage":"tr","potentialAction":[{"@type":"ReadAction","target":["https:\/\/chemuza.org\/tr\/metal-yok\/"]}]},{"@type":"BreadcrumbList","@id":"https:\/\/chemuza.org\/tr\/metal-yok\/#breadcrumb","itemListElement":[{"@type":"ListItem","position":1,"name":"Ev","item":"https:\/\/chemuza.org\/tr\/"},{"@type":"ListItem","position":2,"name":"Periyodik tablonun metal olmayanlar\u0131"}]},{"@type":"WebSite","@id":"https:\/\/chemuza.org\/tr\/#website","url":"https:\/\/chemuza.org\/tr\/","name":"Chemuza","description":"Kimyasal ke\u015fiflere a\u00e7\u0131lan kap\u0131n\u0131z!","publisher":{"@id":"https:\/\/chemuza.org\/tr\/#organization"},"potentialAction":[{"@type":"SearchAction","target":{"@type":"EntryPoint","urlTemplate":"https:\/\/chemuza.org\/tr\/?s={search_term_string}"},"query-input":"required name=search_term_string"}],"inLanguage":"tr"},{"@type":"Organization","@id":"https:\/\/chemuza.org\/tr\/#organization","name":"Chemuza","url":"https:\/\/chemuza.org\/tr\/","logo":{"@type":"ImageObject","inLanguage":"tr","@id":"https:\/\/chemuza.org\/tr\/#\/schema\/logo\/image\/","url":"https:\/\/chemuza.org\/tr\/wp-content\/uploads\/2023\/10\/chemuza-logo.png","contentUrl":"https:\/\/chemuza.org\/tr\/wp-content\/uploads\/2023\/10\/chemuza-logo.png","width":387,"height":70,"caption":"Chemuza"},"image":{"@id":"https:\/\/chemuza.org\/tr\/#\/schema\/logo\/image\/"}}]}},"yoast_meta":{"yoast_wpseo_title":"","yoast_wpseo_metadesc":"","yoast_wpseo_canonical":""},"_links":{"self":[{"href":"https:\/\/chemuza.org\/tr\/wp-json\/wp\/v2\/pages\/1550"}],"collection":[{"href":"https:\/\/chemuza.org\/tr\/wp-json\/wp\/v2\/pages"}],"about":[{"href":"https:\/\/chemuza.org\/tr\/wp-json\/wp\/v2\/types\/page"}],"author":[{"embeddable":true,"href":"https:\/\/chemuza.org\/tr\/wp-json\/wp\/v2\/users\/1"}],"replies":[{"embeddable":true,"href":"https:\/\/chemuza.org\/tr\/wp-json\/wp\/v2\/comments?post=1550"}],"version-history":[{"count":0,"href":"https:\/\/chemuza.org\/tr\/wp-json\/wp\/v2\/pages\/1550\/revisions"}],"wp:attachment":[{"href":"https:\/\/chemuza.org\/tr\/wp-json\/wp\/v2\/media?parent=1550"}],"curies":[{"name":"wp","href":"https:\/\/api.w.org\/{rel}","templated":true}]}}