{"id":1549,"date":"2023-07-13T05:04:35","date_gmt":"2023-07-13T05:04:35","guid":{"rendered":"https:\/\/chemuza.org\/tr\/metaller\/"},"modified":"2023-07-13T05:04:35","modified_gmt":"2023-07-13T05:04:35","slug":"metaller","status":"publish","type":"page","link":"https:\/\/chemuza.org\/tr\/metaller\/","title":{"rendered":"Periyodik tablonun metalleri"},"content":{"rendered":"<p>Periyodik tablo, fiziksel \u00f6zelliklerine g\u00f6re s\u0131n\u0131fland\u0131r\u0131lm\u0131\u015f do\u011fal kimyasal elementleri sunan bir organizasyon \u015feklidir. <strong>Sahip oldu\u011fu en \u00f6nemli gruplardan biri de tablonun ortas\u0131nda ve sol taraf\u0131nda yer alan ve \u00f6zellikleri birbirine \u00e7ok benzeyen metallerdir<\/strong> . Daha sonra bu \u00f6\u011felere, t\u00fcrlerine ve i\u015flevlerine daha yak\u0131ndan bak\u0131n.<\/p>\n<h2> Metaller nelerdir?<\/h2>\n<p> Kimya alan\u0131nda <strong>metaller, topraktan \u00e7\u0131kar\u0131lan veya ala\u015f\u0131mlardan \u00fcretilen, esas olarak m\u00fckemmel \u0131s\u0131 ve elektrik iletkenleri olmalar\u0131yla karakterize edilen elementlerdir<\/strong> . Ayr\u0131ca yo\u011funlu\u011fu y\u00fcksektir, c\u0131va hari\u00e7 oda s\u0131cakl\u0131\u011f\u0131nda kat\u0131d\u0131rlar ve tuzlar\u0131 \u00e7\u00f6z\u00fcnd\u00fc\u011f\u00fcnde pozitif elektrik y\u00fckl\u00fc iyonlar olu\u015ftururlar.<\/p>\n<p> <strong>D\u00fcnya \u00fczerinde en \u00e7ok bulunan elementlerden biri oldu\u011fu<\/strong> ve dolay\u0131s\u0131yla periyodik tabloda en \u00e7ok say\u0131da bulundu\u011fu s\u00f6ylenebilir. Ek olarak, bir\u00e7o\u011fu toprak mineralleriyle kar\u0131\u015fm\u0131\u015f olsa da, y\u00fcksek safl\u0131kta bulunurlar, bu nedenle insan eliyle \u00e7\u0131kar\u0131lmalar\u0131 gerekir. Opakt\u0131rlar, kristal yap\u0131ya sahiptirler ve cilaland\u0131ktan sonra \u0131\u015f\u0131\u011f\u0131 yans\u0131tacak \u015fekilde cilalanabilirler.<\/p>\n<h2> Ana metal t\u00fcrleri<\/h2>\n<p> Periyodik tablo, periyot ad\u0131 verilen yatay sat\u0131rlara ve grup ad\u0131 verilen dikey s\u00fctunlara b\u00f6l\u00fcnm\u00fc\u015ft\u00fcr. Bu gruplamalar ayn\u0131 k\u00fcmeye ait elemanlar\u0131n benzer \u00f6zelliklere sahip oldu\u011funu bilmeyi m\u00fcmk\u00fcn k\u0131lar. Ancak <strong>metallerde a\u015fa\u011f\u0131daki t\u00fcrleri elde edebilirsiniz<\/strong> :<\/p>\n<ul>\n<li> <strong>Ge\u00e7i\u015fli<\/strong> : D grubu olarak adland\u0131r\u0131lan gruba girerler ve say\u0131lar\u0131 en fazlad\u0131r. Sertlikleri, y\u00fcksek elektrik iletkenlikleri ve y\u00fcksek erime noktalar\u0131yla tan\u0131n\u0131rlar.<\/li>\n<li> <strong>Alkali<\/strong> : <strong>Alkali metaller<\/strong> , Periyodik Tablonun I. Grubunda yer alan Fransiyum, Sezyum, Rubidyum, Potasyum, Sodyum ve Lityumdur. \u00c7ok duyarl\u0131, yumu\u015fak, parlak, m\u00fckemmel iletkenler olmalar\u0131 ve do\u011falar\u0131 gere\u011fi asla saf olmamalar\u0131 ile karakterize edilirler.<\/li>\n<li> <strong>Alkali toprak metaller<\/strong> : Periyodik Tablonun II. grubuna ait olan Baryum, Stronsiyum, Kalsiyum, Magnezyum, Berilyum ve Radyumdur. Daha d\u00fc\u015f\u00fck kimyasal reaktiviteye sahiptir, ancak daha fazla sertli\u011fe sahiptir. M\u00fckemmel iletkenlerdir, d\u00fc\u015f\u00fck yo\u011funlu\u011fa ve d\u00fc\u015f\u00fck parlakl\u0131\u011fa sahiptirler.<\/li>\n<li> <strong>Lantanitler<\/strong> : \u201cNadir Topraklar\u201d olarak da bilinen, periyodik sistemin VI. periyodunda yer alan ve aktinitlerle birlikte i\u00e7 ge\u00e7i\u015f elementlerinin bir par\u00e7as\u0131 olanlard\u0131r. Manyetik ve spektral davran\u0131\u015flara sahiptirler.<\/li>\n<li> <strong>Aktinitler<\/strong> : Bunlar <strong>radyoaktif ve a\u011f\u0131r metallerdir<\/strong> , dolay\u0131s\u0131yla bunlar\u0131 do\u011fada kolayca bulmak nadirdir; \u00f6rne\u011fin Uranyum, Aktinyum ve Neptunyum. Nadir Topraklar\u0131n bir par\u00e7as\u0131d\u0131rlar ve i\u00e7 ge\u00e7i\u015f unsurlar\u0131n\u0131 tamamlarlar.<\/li>\n<li> <strong>Transaktinititler<\/strong> : Atom numaras\u0131 a\u00e7\u0131s\u0131ndan en a\u011f\u0131r aktinitleri a\u015ft\u0131klar\u0131 i\u00e7in s\u00f6zde s\u00fcper a\u011f\u0131r elementleri ifade eder. Bunu laboratuvarda g\u00f6rebiliyoruz, radyoaktifler ve h\u0131zl\u0131 bir bozunma s\u00fcresine sahipler.<\/li>\n<\/ul>\n<p> Bu elementlerin tamam\u0131 do\u011fada bulunmaktad\u0131r ancak saf hallerinde bulunmalar\u0131 pek olas\u0131 de\u011fildir. \u00d6rne\u011fin en \u00e7ok bulunan metal olan demir hematit, manyetit ve oksitte bulundu\u011fundan indirgeme y\u00f6nteminin kullan\u0131lmas\u0131 gerekir.<\/p>\n<h2> metallerin \u00f6zellikleri<\/h2>\n<p> Metaller \u00e7ok eski zamanlardan beri insan faaliyetlerinde, \u00f6zellikle de hayat\u0131 kolayla\u015ft\u0131ran aletlerin yap\u0131m\u0131nda mevcut olmu\u015ftur. End\u00fcstrinin farkl\u0131 y\u00f6nlerinde kullan\u0131lmalar\u0131na izin veren niteliklere sahiptirler. <strong>Bu \u00e7ok y\u00f6nl\u00fcl\u00fc\u011fe izin veren \u00f6zellikler<\/strong> \u015funlard\u0131r:<\/p>\n<h3> fiziksel<\/h3>\n<p> <strong>Metallerin fiziksel \u00f6zellikleri<\/strong> aras\u0131nda \u015funlar\u0131 sayabiliriz:<\/p>\n<ul>\n<li> <strong>D\u00f6v\u00fclebilirlik:<\/strong> Bas\u0131nca maruz kald\u0131\u011f\u0131nda istenilen \u015fekli alabilme \u00f6zelli\u011fine sahiptir.<\/li>\n<li> <strong>\u0130letkenlik:<\/strong> Elektronlar\u0131n i\u00e7lerinden kolayca ge\u00e7mesine izin verdikleri i\u00e7in m\u00fckemmel \u0131s\u0131 ve elektrik iletkenleridirler.<\/li>\n<li> <strong>S\u00fcneklik:<\/strong> Bir ip veya iplik haline gelinceye kadar kuvvet uygulanarak yeterince uzat\u0131labilmesini sa\u011flayan esneme yetene\u011fidir.<\/li>\n<li> <strong>Tokluk: Ani<\/strong> bir kuvvet veya darbe ald\u0131\u011f\u0131nda g\u00f6sterdi\u011fi, deformasyonunu veya kopmas\u0131n\u0131 \u00f6nleyen direnci ifade eder.<\/li>\n<\/ul>\n<h3> kimyasal<\/h3>\n<p> Farkl\u0131 end\u00fcstrilerde kullan\u0131lan en dikkate de\u011fer <strong>kimyasal \u00f6zelliklerinden<\/strong> baz\u0131lar\u0131 \u015funlard\u0131r:<\/p>\n<ul>\n<li> <strong>Ala\u015f\u0131m yapabilme yetene\u011fi<\/strong> : Di\u011fer elementlerle kar\u0131\u015ft\u0131r\u0131larak yeni yap\u0131lar olu\u015fturulabilir.<\/li>\n<li> Oksijen varl\u0131\u011f\u0131nda <strong>oksit olarak reaksiyona girerler<\/strong> .<\/li>\n<li> Son enerji seviyesinde atom numaralar\u0131na g\u00f6re 1, 2 veya 3 elektron bulunabilir. Bu niteli\u011fi <strong>katyonlar\u0131n olu\u015fmas\u0131n\u0131<\/strong> sa\u011flar ve bunlar indirgeyici ajanlard\u0131r.<\/li>\n<li> Su ve tuzlarla reaksiyona girerek asit olu\u015ftururlar.<\/li>\n<\/ul>\n<h3> mekanik<\/h3>\n<p> Fizikle ilgili olsa da <strong>metallerin mekanik \u00f6zellikleri<\/strong> mukavemete y\u00f6neliktir. Bunlar \u015fu \u015fekilde \u00f6zetlenmi\u015ftir:<\/p>\n<ul>\n<li> <strong>Dayan\u0131kl\u0131l\u0131k:<\/strong> D\u0131\u015f kuvvetlere k\u0131r\u0131lmadan kar\u015f\u0131 koyabilme yetene\u011fine sahiptirler.<\/li>\n<li> <strong>Plastisite:<\/strong> D\u0131\u015f kuvvetler taraf\u0131ndan d\u00f6n\u00fc\u015ft\u00fcr\u00fcld\u00fckten sonra \u015feklini koruyabilme yetene\u011fini ifade eder.<\/li>\n<li> <strong>K\u0131r\u0131lganl\u0131k<\/strong> : Bir metalin belirli bir t\u00fcr d\u0131\u015f bas\u0131nca maruz kald\u0131\u011f\u0131nda ne kadar kolay k\u0131r\u0131labilece\u011fini vurgular.<\/li>\n<li> <strong>Rijitlik:<\/strong> Bir metalin, Newton&#8217;un \u00fc\u00e7\u00fcnc\u00fc yasas\u0131yla tan\u0131mlanan bir i\u00e7 kuvvet olan stres varl\u0131\u011f\u0131nda deforme olmaya kar\u015f\u0131 diren\u00e7 kapasitesidir.<\/li>\n<\/ul>\n<p> <strong>Manyetik \u00f6zellik<\/strong> olarak bilinen bir yetenek vard\u0131r, yani di\u011fer metallere kar\u015f\u0131 \u00e7ekme veya itme kuvvetlerine sahiptirler. Bir \u00f6rnek nikel, demir, kobalt ve bunlar\u0131n ala\u015f\u0131mlar\u0131d\u0131r.<\/p>\n<h2> Metallerin i\u015flevleri ve kullan\u0131mlar\u0131<\/h2>\n<p> Metaller modern ya\u015fam\u0131n her alan\u0131nda kullan\u0131lmakta olup k\u00f6kenleri insanl\u0131\u011f\u0131n ba\u015flang\u0131c\u0131na kadar uzanmaktad\u0131r. Bu nedenle basit s\u00fcslemelerden t\u0131p sekt\u00f6r\u00fcne kadar kullan\u0131mlar\u0131 m\u00fcmk\u00fcnd\u00fcr. En \u00f6nemli uygulamalar\u0131ndan baz\u0131lar\u0131 \u015funlard\u0131r:<\/p>\n<ul>\n<li> <strong>Otomotiv end\u00fcstrisinde<\/strong> araba, u\u00e7ak, tren, motosiklet ve bisiklet yap\u0131m\u0131nda.<\/li>\n<li> \u0130nsanlar\u0131n ya\u015fam kalitesini art\u0131rmaya y\u00f6nelik <strong>her t\u00fcrl\u00fc alet ve mutfak e\u015fyalar\u0131n\u0131n imalat\u0131<\/strong> . \u00d6rne\u011fin, di\u011ferlerinin yan\u0131 s\u0131ra bilgisayarlar\u0131n, telefonlar\u0131n, sivil in\u015faat yap\u0131lar\u0131n\u0131n olu\u015fturulmas\u0131nda.<\/li>\n<li> <strong>Elektrik elemanlar\u0131n\u0131n imalat\u0131nda<\/strong> ve elektrik enerjisinin ta\u015f\u0131nmas\u0131nda kullan\u0131l\u0131r.<\/li>\n<li> <strong>Tar\u0131msal alanda g\u00fcbre \u00fcretimi, topra\u011f\u0131n kapasitesinin art\u0131r\u0131lmas\u0131 a\u00e7\u0131s\u0131ndan<\/strong> \u00f6nemlidir.<\/li>\n<li> <strong>T\u0131pta<\/strong> \u015fifa verici, antibakteriyel \u00f6zellikleri vard\u0131r ve baz\u0131lar\u0131 metabolik s\u00fcre\u00e7lerde yer al\u0131r.<\/li>\n<\/ul>\n<p> \u00d6zetle <strong>metaller<\/strong> , \u00f6zellikleri ve karakteristikleri her t\u00fcrl\u00fc fonksiyona uyum sa\u011flayan do\u011fal elementlerdir. Laboratuvar d\u00fczeyinde kimyasal reaksiyonlar\u0131 kolayla\u015ft\u0131ran ve bunlar\u0131n ya\u015fam kalitesini iyile\u015ftirecek \u015fekilde d\u00f6n\u00fc\u015ft\u00fcr\u00fclmesine olanak tan\u0131yan farkl\u0131 t\u00fcrleri vard\u0131r.<\/p>\n","protected":false},"excerpt":{"rendered":"<p>Periyodik tablo, fiziksel \u00f6zelliklerine g\u00f6re s\u0131n\u0131fland\u0131r\u0131lm\u0131\u015f do\u011fal kimyasal elementleri sunan bir organizasyon \u015feklidir. Sahip oldu\u011fu en \u00f6nemli gruplardan biri de tablonun ortas\u0131nda ve sol taraf\u0131nda yer alan ve \u00f6zellikleri birbirine \u00e7ok benzeyen metallerdir . Daha sonra bu \u00f6\u011felere, t\u00fcrlerine ve i\u015flevlerine daha yak\u0131ndan bak\u0131n. Metaller nelerdir? Kimya alan\u0131nda metaller, topraktan \u00e7\u0131kar\u0131lan veya ala\u015f\u0131mlardan \u00fcretilen, esas &#8230; <a title=\"Periyodik tablonun metalleri\" class=\"read-more\" href=\"https:\/\/chemuza.org\/tr\/metaller\/\" aria-label=\"More on Periyodik tablonun metalleri\">Devam\u0131n\u0131 oku<\/a><\/p>\n","protected":false},"author":1,"featured_media":0,"parent":0,"menu_order":0,"comment_status":"closed","ping_status":"closed","template":"","meta":{"footnotes":""},"yoast_head":"<!-- This site is optimized with the Yoast SEO plugin v21.4 - https:\/\/yoast.com\/wordpress\/plugins\/seo\/ -->\n<title>Periyodik tablonun metalleri - Chemuza<\/title>\n<meta name=\"robots\" content=\"index, follow, max-snippet:-1, max-image-preview:large, max-video-preview:-1\" \/>\n<link rel=\"canonical\" href=\"https:\/\/chemuza.org\/tr\/metaller\/\" \/>\n<meta property=\"og:locale\" content=\"tr_TR\" \/>\n<meta property=\"og:type\" content=\"article\" \/>\n<meta property=\"og:title\" content=\"Periyodik tablonun metalleri - Chemuza\" \/>\n<meta property=\"og:description\" content=\"Periyodik tablo, fiziksel \u00f6zelliklerine g\u00f6re s\u0131n\u0131fland\u0131r\u0131lm\u0131\u015f do\u011fal kimyasal elementleri sunan bir organizasyon \u015feklidir. Sahip oldu\u011fu en \u00f6nemli gruplardan biri de tablonun ortas\u0131nda ve sol taraf\u0131nda yer alan ve \u00f6zellikleri birbirine \u00e7ok benzeyen metallerdir . Daha sonra bu \u00f6\u011felere, t\u00fcrlerine ve i\u015flevlerine daha yak\u0131ndan bak\u0131n. Metaller nelerdir? Kimya alan\u0131nda metaller, topraktan \u00e7\u0131kar\u0131lan veya ala\u015f\u0131mlardan \u00fcretilen, esas ... Devam\u0131n\u0131 oku\" \/>\n<meta property=\"og:url\" content=\"https:\/\/chemuza.org\/tr\/metaller\/\" \/>\n<meta property=\"og:site_name\" content=\"Chemuza\" \/>\n<meta name=\"twitter:card\" content=\"summary_large_image\" \/>\n<meta name=\"twitter:label1\" content=\"Tahmini okuma s\u00fcresi\" \/>\n\t<meta name=\"twitter:data1\" content=\"5 dakika\" \/>\n<script type=\"application\/ld+json\" class=\"yoast-schema-graph\">{\"@context\":\"https:\/\/schema.org\",\"@graph\":[{\"@type\":\"WebPage\",\"@id\":\"https:\/\/chemuza.org\/tr\/metaller\/\",\"url\":\"https:\/\/chemuza.org\/tr\/metaller\/\",\"name\":\"Periyodik tablonun metalleri - Chemuza\",\"isPartOf\":{\"@id\":\"https:\/\/chemuza.org\/tr\/#website\"},\"datePublished\":\"2023-07-13T05:04:35+00:00\",\"dateModified\":\"2023-07-13T05:04:35+00:00\",\"breadcrumb\":{\"@id\":\"https:\/\/chemuza.org\/tr\/metaller\/#breadcrumb\"},\"inLanguage\":\"tr\",\"potentialAction\":[{\"@type\":\"ReadAction\",\"target\":[\"https:\/\/chemuza.org\/tr\/metaller\/\"]}]},{\"@type\":\"BreadcrumbList\",\"@id\":\"https:\/\/chemuza.org\/tr\/metaller\/#breadcrumb\",\"itemListElement\":[{\"@type\":\"ListItem\",\"position\":1,\"name\":\"Ev\",\"item\":\"https:\/\/chemuza.org\/tr\/\"},{\"@type\":\"ListItem\",\"position\":2,\"name\":\"Periyodik tablonun metalleri\"}]},{\"@type\":\"WebSite\",\"@id\":\"https:\/\/chemuza.org\/tr\/#website\",\"url\":\"https:\/\/chemuza.org\/tr\/\",\"name\":\"Chemuza\",\"description\":\"Kimyasal ke\u015fiflere a\u00e7\u0131lan kap\u0131n\u0131z!\",\"publisher\":{\"@id\":\"https:\/\/chemuza.org\/tr\/#organization\"},\"potentialAction\":[{\"@type\":\"SearchAction\",\"target\":{\"@type\":\"EntryPoint\",\"urlTemplate\":\"https:\/\/chemuza.org\/tr\/?s={search_term_string}\"},\"query-input\":\"required name=search_term_string\"}],\"inLanguage\":\"tr\"},{\"@type\":\"Organization\",\"@id\":\"https:\/\/chemuza.org\/tr\/#organization\",\"name\":\"Chemuza\",\"url\":\"https:\/\/chemuza.org\/tr\/\",\"logo\":{\"@type\":\"ImageObject\",\"inLanguage\":\"tr\",\"@id\":\"https:\/\/chemuza.org\/tr\/#\/schema\/logo\/image\/\",\"url\":\"https:\/\/chemuza.org\/tr\/wp-content\/uploads\/2023\/10\/chemuza-logo.png\",\"contentUrl\":\"https:\/\/chemuza.org\/tr\/wp-content\/uploads\/2023\/10\/chemuza-logo.png\",\"width\":387,\"height\":70,\"caption\":\"Chemuza\"},\"image\":{\"@id\":\"https:\/\/chemuza.org\/tr\/#\/schema\/logo\/image\/\"}}]}<\/script>\n<!-- \/ Yoast SEO plugin. -->","yoast_head_json":{"title":"Periyodik tablonun metalleri - Chemuza","robots":{"index":"index","follow":"follow","max-snippet":"max-snippet:-1","max-image-preview":"max-image-preview:large","max-video-preview":"max-video-preview:-1"},"canonical":"https:\/\/chemuza.org\/tr\/metaller\/","og_locale":"tr_TR","og_type":"article","og_title":"Periyodik tablonun metalleri - Chemuza","og_description":"Periyodik tablo, fiziksel \u00f6zelliklerine g\u00f6re s\u0131n\u0131fland\u0131r\u0131lm\u0131\u015f do\u011fal kimyasal elementleri sunan bir organizasyon \u015feklidir. Sahip oldu\u011fu en \u00f6nemli gruplardan biri de tablonun ortas\u0131nda ve sol taraf\u0131nda yer alan ve \u00f6zellikleri birbirine \u00e7ok benzeyen metallerdir . Daha sonra bu \u00f6\u011felere, t\u00fcrlerine ve i\u015flevlerine daha yak\u0131ndan bak\u0131n. Metaller nelerdir? Kimya alan\u0131nda metaller, topraktan \u00e7\u0131kar\u0131lan veya ala\u015f\u0131mlardan \u00fcretilen, esas ... Devam\u0131n\u0131 oku","og_url":"https:\/\/chemuza.org\/tr\/metaller\/","og_site_name":"Chemuza","twitter_card":"summary_large_image","twitter_misc":{"Tahmini okuma s\u00fcresi":"5 dakika"},"schema":{"@context":"https:\/\/schema.org","@graph":[{"@type":"WebPage","@id":"https:\/\/chemuza.org\/tr\/metaller\/","url":"https:\/\/chemuza.org\/tr\/metaller\/","name":"Periyodik tablonun metalleri - Chemuza","isPartOf":{"@id":"https:\/\/chemuza.org\/tr\/#website"},"datePublished":"2023-07-13T05:04:35+00:00","dateModified":"2023-07-13T05:04:35+00:00","breadcrumb":{"@id":"https:\/\/chemuza.org\/tr\/metaller\/#breadcrumb"},"inLanguage":"tr","potentialAction":[{"@type":"ReadAction","target":["https:\/\/chemuza.org\/tr\/metaller\/"]}]},{"@type":"BreadcrumbList","@id":"https:\/\/chemuza.org\/tr\/metaller\/#breadcrumb","itemListElement":[{"@type":"ListItem","position":1,"name":"Ev","item":"https:\/\/chemuza.org\/tr\/"},{"@type":"ListItem","position":2,"name":"Periyodik tablonun metalleri"}]},{"@type":"WebSite","@id":"https:\/\/chemuza.org\/tr\/#website","url":"https:\/\/chemuza.org\/tr\/","name":"Chemuza","description":"Kimyasal ke\u015fiflere a\u00e7\u0131lan kap\u0131n\u0131z!","publisher":{"@id":"https:\/\/chemuza.org\/tr\/#organization"},"potentialAction":[{"@type":"SearchAction","target":{"@type":"EntryPoint","urlTemplate":"https:\/\/chemuza.org\/tr\/?s={search_term_string}"},"query-input":"required name=search_term_string"}],"inLanguage":"tr"},{"@type":"Organization","@id":"https:\/\/chemuza.org\/tr\/#organization","name":"Chemuza","url":"https:\/\/chemuza.org\/tr\/","logo":{"@type":"ImageObject","inLanguage":"tr","@id":"https:\/\/chemuza.org\/tr\/#\/schema\/logo\/image\/","url":"https:\/\/chemuza.org\/tr\/wp-content\/uploads\/2023\/10\/chemuza-logo.png","contentUrl":"https:\/\/chemuza.org\/tr\/wp-content\/uploads\/2023\/10\/chemuza-logo.png","width":387,"height":70,"caption":"Chemuza"},"image":{"@id":"https:\/\/chemuza.org\/tr\/#\/schema\/logo\/image\/"}}]}},"yoast_meta":{"yoast_wpseo_title":"","yoast_wpseo_metadesc":"","yoast_wpseo_canonical":""},"_links":{"self":[{"href":"https:\/\/chemuza.org\/tr\/wp-json\/wp\/v2\/pages\/1549"}],"collection":[{"href":"https:\/\/chemuza.org\/tr\/wp-json\/wp\/v2\/pages"}],"about":[{"href":"https:\/\/chemuza.org\/tr\/wp-json\/wp\/v2\/types\/page"}],"author":[{"embeddable":true,"href":"https:\/\/chemuza.org\/tr\/wp-json\/wp\/v2\/users\/1"}],"replies":[{"embeddable":true,"href":"https:\/\/chemuza.org\/tr\/wp-json\/wp\/v2\/comments?post=1549"}],"version-history":[{"count":0,"href":"https:\/\/chemuza.org\/tr\/wp-json\/wp\/v2\/pages\/1549\/revisions"}],"wp:attachment":[{"href":"https:\/\/chemuza.org\/tr\/wp-json\/wp\/v2\/media?parent=1549"}],"curies":[{"name":"wp","href":"https:\/\/api.w.org\/{rel}","templated":true}]}}