{"id":1548,"date":"2023-07-13T05:36:17","date_gmt":"2023-07-13T05:36:17","guid":{"rendered":"https:\/\/chemuza.org\/tr\/foiemorio\/"},"modified":"2023-07-13T05:36:17","modified_gmt":"2023-07-13T05:36:17","slug":"foiemorio","status":"publish","type":"page","link":"https:\/\/chemuza.org\/tr\/foiemorio\/","title":{"rendered":"Livermoryum"},"content":{"rendered":"<p>Livermorio, do\u011fada bulunmayan, radyoaktif, sentetik bir elementtir. K\u0131sa s\u00fcreli alfa bozunmas\u0131 sergileyen 4 izotoptan olu\u015fur. 293 Lv, 53 milisaniyelik s\u00fcresiyle en stabil olanlardan biridir. Nispeten yeni oldu\u011fundan faydal\u0131 uygulamalar\u0131 bilinmemektedir. Yine de size ana \u00f6zelliklerini ve di\u011fer ilgin\u00e7 bilgileri anlataca\u011f\u0131z.<\/p>\n<h2> <strong>Livermoryum nedir?<\/strong><\/h2>\n<p> Periyodik tabloda atom numaras\u0131 116 olan P blok metallerde yer alan kimyasal bir elementtir. Daha \u00f6nce Ununhexium olarak biliniyordu, atom numaras\u0131 92&#8217;den b\u00fcy\u00fck oldu\u011fundan ve metallere benzer \u00f6zelliklere sahip oldu\u011fundan radyoaktif ve transaktinittir. Do\u011fal halinin kat\u0131 oldu\u011funa inan\u0131l\u0131yor ve izotoplar\u0131 o kadar karars\u0131z ki, kapsaml\u0131 bir analizin imkans\u0131z oldu\u011fu ortaya \u00e7\u0131k\u0131yor.<\/p>\n<h3> <strong>Livermorium&#8217;un sembol\u00fc<\/strong><\/h3>\n<p> <span class=\"content-chemical-element\" style=\"float: left;width: 65px;height: 65px;border: 3px solid #666; display:flex;\n    justify-content: center;align-items: center;margin-right: 15px;\"><span style=\"font-size: 38px;\">Lv<\/span><\/span> bu ismi Kaliforniya&#8217;daki Lawrence Livermore Ulusal Laboratuvar\u0131&#8217;nda ke\u015ffedildikten sonra ald\u0131. \u0130lk ba\u015fta Ununhexium olarak adland\u0131r\u0131ld\u0131, ancak baz\u0131 kimyagerler G. Flyrov&#8217;un onuruna Flerovio ad\u0131n\u0131 ald\u0131\u011f\u0131n\u0131 \u00f6ne s\u00fcrd\u00fcler, \u00e7\u00fcnk\u00fc onu elde ederken baz\u0131 atomlar\u0131 par\u00e7alan\u0131p bu elemente d\u00f6n\u00fc\u015f\u00fcyor. Nihayet 2011 y\u0131l\u0131nda Livermorio ad\u0131 do\u011fruland\u0131.<\/p>\n<h2> <strong>Livemorio&#8217;nun \u00f6zellikleri<\/strong><\/h2>\n<p> Livermoryum elementi periyodik tablonun 16. grubunda, 7. periyodunda yer almaktad\u0131r. Do\u011fas\u0131 gere\u011fi karars\u0131z ve radyoaktif, alfa, beta ve gama \u0131\u015f\u0131nlar\u0131 yayan bir transaktinittir, bu y\u00fczden h\u0131zla ayr\u0131\u015f\u0131r. Ayr\u0131ca \u00e7ok a\u011f\u0131rd\u0131r ve metal olarak s\u0131n\u0131fland\u0131r\u0131l\u0131r. Bu elementin di\u011fer \u00f6zellikleri \u015funlard\u0131r:<\/p>\n<ul>\n<li> <strong>Durum<\/strong> : Sa\u011flam oldu\u011fu varsay\u0131l\u0131yor.<\/li>\n<li> <strong>Renk<\/strong> : Veri yok.<\/li>\n<li> <strong>Tat ve koku<\/strong> : Belirlenmemi\u015ftir.<\/li>\n<li> <strong>Toksisite<\/strong> : Yayd\u0131\u011f\u0131 radyasyon g\u00f6z \u00f6n\u00fcne al\u0131nd\u0131\u011f\u0131nda y\u00fcksek.<\/li>\n<li> <strong>Radyoaktivite<\/strong> : Y\u00fcksek, bozunumunda gama, beta ve alfa \u0131\u015f\u0131nlar\u0131 \u00fcretir.<\/li>\n<li> <strong>Bile\u015fimi<\/strong> : 116 elektron ve proton ile 177 n\u00f6trondan olu\u015fan bir \u00e7ekirde\u011fi vard\u0131r.<\/li>\n<li> <strong>\u00c7\u00f6z\u00fcn\u00fcrl\u00fck<\/strong> : Belirlenmedi.<\/li>\n<li> <strong>Yap\u0131<\/strong> : Veri yok.<\/li>\n<li> <strong>\u0130zotoplar<\/strong> : 290 ila 293 atom k\u00fctlesine sahip, karars\u0131z 4&#8217;l\u00fcd\u00fcr.<\/li>\n<\/ul>\n<h2> <strong>Livermorium&#8217;un kimyasal ve fiziksel \u00f6zellikleri<\/strong><\/h2>\n<ol>\n<li> <strong>Atom numaras\u0131<\/strong> : 116<\/li>\n<li> <strong>D\u00f6nem<\/strong> : 7<\/li>\n<li> <strong>Engelle<\/strong> \ud83d\ude1b<\/li>\n<li> <strong>Grup<\/strong> : 16<\/li>\n<li> <strong>Atom yar\u0131\u00e7ap\u0131:<\/strong> 183 pm<\/li>\n<li> <strong>Elektronegatiflik:<\/strong> 1.61<\/li>\n<li> <strong>Yo\u011funluk:<\/strong> 12,9 g\/cm\u00b3<\/li>\n<li> <strong>Oksidasyon durumu<\/strong> : 2,2, 4<\/li>\n<li> <strong>Kovalent yar\u0131\u00e7ap (\u00c5):<\/strong> 175<\/li>\n<li> <strong>Ortalama yar\u0131\u00e7ap:<\/strong> bilinmiyor <strong>.<\/strong><\/li>\n<li> <strong>Atom k\u00fctlesi (g\/mol):<\/strong> 291u<\/li>\n<li> <strong>Erime noktas\u0131:<\/strong> 364-507\u00b0C<\/li>\n<li> <strong>Kaynama noktas\u0131:<\/strong> 762-862<strong> <\/strong>\u00b0C<\/li>\n<li> <strong>Katman ba\u015f\u0131na elektron say\u0131s\u0131<\/strong> : 2, 8, 18, 32, 32, 18, 6<\/li>\n<li> <strong>Elektronik konfig\u00fcrasyon:<\/strong> [Rn] 5f14 6d10 7s2 7p4<\/li>\n<li> <strong>Birinci iyonla\u015fma potansiyeli<\/strong> (eV): 723,6 kJ\/mol<\/li>\n<li> <strong>Is\u0131 iletkenli\u011fi:<\/strong> Hesaplanmam\u0131\u015ft\u0131r.<\/li>\n<\/ol>\n<h2> <strong>K\u00f6keni<\/strong><strong><\/strong> <strong>Livermoryum<\/strong><\/h2>\n<p> Element 2000 y\u0131l\u0131nda Kaliforniya&#8217;daki Lawrence Ulusal Laboratuvar\u0131&#8217;nda ke\u015ffedildi. Orada, bilim adamlar\u0131 bir siklotronda Kaliforniyum 248 izotopunu Kalsiyum 48 iyonlar\u0131yla bombalad\u0131lar. Bu s\u00fcre\u00e7te 292 Lv&#8217;nin bozunmas\u0131n\u0131n biraz daha uzun s\u00fcrd\u00fc\u011f\u00fc 4 adet k\u0131sa \u00f6m\u00fcrl\u00fc n\u00f6tron elde edildi. Daha sonra, iki saniye sonra element di\u011fer a\u011f\u0131r atomlara (Flerovio 288) bozunur, bu y\u00fczden ona bu ismi vermeyi d\u00fc\u015f\u00fcnd\u00fck.<\/p>\n<h2> <strong>Livermorio ne i\u00e7in kullan\u0131l\u0131r?<\/strong><\/h2>\n<p> Livermorium kimyasal elementi \u00e7ok karars\u0131z, k\u0131sa \u00f6m\u00fcrl\u00fc ve elde edilmesi zor oldu\u011fundan g\u00fcn\u00fcm\u00fczde \u00e7ok az pratik kullan\u0131ma sahiptir. Elde edilen az say\u0131da \u00f6rnek bilimsel tesislerde analize tabi tutuluyor.<\/p>\n<h2> <strong>Livermorio&#8217;nun sa\u011fl\u0131k \u00fczerindeki etkileri<\/strong><\/h2>\n<p> Livermorium&#8217;un \u00f6zellikleri radyoaktif ve sentetik oldu\u011fundan, kullan\u0131l\u0131rken g\u00fcvenlik \u00f6nlemlerinin al\u0131nmas\u0131 gerekir. Analizlerin toksisitesini belirlemesi muhtemeldir, bu nedenle g\u00fcnl\u00fck ya\u015famda kullan\u0131lmamal\u0131, yaln\u0131zca \u00f6zel n\u00fckleer tesislerde kullan\u0131lmal\u0131d\u0131r.<\/p>\n<h2> <strong>Livermorio hakk\u0131nda ilgin\u00e7 ger\u00e7ekler<\/strong><\/h2>\n<p> Bu element, Temmuz 2000&#8217;de Lawrence Livermore Ulusal Laboratuvar\u0131&#8217;ndan bir grup bilim adam\u0131 taraf\u0131ndan olu\u015fturuldu. Ke\u015ffe Dubna N\u00fckleer Ara\u015ft\u0131rma Enstit\u00fcs\u00fc&#8217;nden kimyagerler kat\u0131ld\u0131. Orada, 248 Kaliforniyumun Kalsiyum 48 iyonlar\u0131yla bombard\u0131man\u0131n\u0131n, alfa bozunmas\u0131 yoluyla Livermorium olu\u015fumuyla sonu\u00e7land\u0131\u011f\u0131n\u0131 kaydettiler. Di\u011fer ilgili verileri bilin:<\/p>\n<ul>\n<li> Periyodik tablodaki konumu g\u00f6z \u00f6n\u00fcne al\u0131nd\u0131\u011f\u0131nda, oda s\u0131cakl\u0131\u011f\u0131nda kat\u0131 g\u00f6r\u00fcnen bir metal oldu\u011fu ve polonyumla benzer avantajlar sergiledi\u011fi tahmin edilmektedir.<\/li>\n<li> Muhtemelen k\u00fck\u00fcrt, oksijen, tell\u00fcr ve selenyum ile ayn\u0131 \u00f6zellikleri payla\u015f\u0131r.<\/li>\n<li> S\u00fcrekli yap\u0131lan \u00e7al\u0131\u015fmalarla elementin +6&#8217;ya ula\u015fmadan +2,+4 oksidasyon durumuna sahip olmas\u0131 beklenmektedir.<\/li>\n<li> D\u00fc\u015f\u00fck kaynama noktas\u0131na ve y\u00fcksek erime noktas\u0131na sahip oldu\u011fu tahmin edilmektedir.<\/li>\n<li> Element, bozunan atomlar\u0131n\u0131n radyasyon yaymas\u0131 nedeniyle n\u00fckleer kararl\u0131l\u0131\u011fa yakla\u015f\u0131yor ve bu da onun bu t\u00fcr bir enerjinin yarat\u0131lmas\u0131nda yararl\u0131 olabilece\u011fini d\u00fc\u015f\u00fcnd\u00fcr\u00fcyor.<\/li>\n<\/ul>\n<p> K\u0131sacas\u0131 bu element tamamen yapay ve radyoaktiftir. \u00dcretimi yaln\u0131zca s\u00fcper a\u011f\u0131r elementlerin par\u00e7ac\u0131klar\u0131 i\u00e7in bir h\u0131zland\u0131r\u0131c\u0131da veya siklotronda m\u00fcmk\u00fcnd\u00fcr. Ortaya \u00e7\u0131kan atomlar saniyeler i\u00e7inde \u00f6l\u00fcr, dolay\u0131s\u0131yla Livermorium&#8217;un kullan\u0131mlar\u0131 \u00e7ok s\u0131n\u0131rl\u0131d\u0131r.<\/p>\n","protected":false},"excerpt":{"rendered":"<p>Livermorio, do\u011fada bulunmayan, radyoaktif, sentetik bir elementtir. K\u0131sa s\u00fcreli alfa bozunmas\u0131 sergileyen 4 izotoptan olu\u015fur. 293 Lv, 53 milisaniyelik s\u00fcresiyle en stabil olanlardan biridir. Nispeten yeni oldu\u011fundan faydal\u0131 uygulamalar\u0131 bilinmemektedir. Yine de size ana \u00f6zelliklerini ve di\u011fer ilgin\u00e7 bilgileri anlataca\u011f\u0131z. Livermoryum nedir? Periyodik tabloda atom numaras\u0131 116 olan P blok metallerde yer alan kimyasal bir &#8230; <a title=\"Livermoryum\" class=\"read-more\" href=\"https:\/\/chemuza.org\/tr\/foiemorio\/\" aria-label=\"More on Livermoryum\">Devam\u0131n\u0131 oku<\/a><\/p>\n","protected":false},"author":1,"featured_media":0,"parent":0,"menu_order":0,"comment_status":"closed","ping_status":"closed","template":"","meta":{"footnotes":""},"yoast_head":"<!-- This site is optimized with the Yoast SEO plugin v21.4 - https:\/\/yoast.com\/wordpress\/plugins\/seo\/ -->\n<title>Livermoryum - Chemuza<\/title>\n<meta name=\"robots\" content=\"index, follow, max-snippet:-1, max-image-preview:large, max-video-preview:-1\" \/>\n<link rel=\"canonical\" href=\"https:\/\/chemuza.org\/tr\/foiemorio\/\" \/>\n<meta property=\"og:locale\" content=\"tr_TR\" \/>\n<meta property=\"og:type\" content=\"article\" \/>\n<meta property=\"og:title\" content=\"Livermoryum - Chemuza\" \/>\n<meta property=\"og:description\" content=\"Livermorio, do\u011fada bulunmayan, radyoaktif, sentetik bir elementtir. K\u0131sa s\u00fcreli alfa bozunmas\u0131 sergileyen 4 izotoptan olu\u015fur. 293 Lv, 53 milisaniyelik s\u00fcresiyle en stabil olanlardan biridir. Nispeten yeni oldu\u011fundan faydal\u0131 uygulamalar\u0131 bilinmemektedir. Yine de size ana \u00f6zelliklerini ve di\u011fer ilgin\u00e7 bilgileri anlataca\u011f\u0131z. Livermoryum nedir? Periyodik tabloda atom numaras\u0131 116 olan P blok metallerde yer alan kimyasal bir ... Devam\u0131n\u0131 oku\" \/>\n<meta property=\"og:url\" content=\"https:\/\/chemuza.org\/tr\/foiemorio\/\" \/>\n<meta property=\"og:site_name\" content=\"Chemuza\" \/>\n<meta name=\"twitter:card\" content=\"summary_large_image\" \/>\n<meta name=\"twitter:label1\" content=\"Tahmini okuma s\u00fcresi\" \/>\n\t<meta name=\"twitter:data1\" content=\"4 dakika\" \/>\n<script type=\"application\/ld+json\" class=\"yoast-schema-graph\">{\"@context\":\"https:\/\/schema.org\",\"@graph\":[{\"@type\":\"WebPage\",\"@id\":\"https:\/\/chemuza.org\/tr\/foiemorio\/\",\"url\":\"https:\/\/chemuza.org\/tr\/foiemorio\/\",\"name\":\"Livermoryum - Chemuza\",\"isPartOf\":{\"@id\":\"https:\/\/chemuza.org\/tr\/#website\"},\"datePublished\":\"2023-07-13T05:36:17+00:00\",\"dateModified\":\"2023-07-13T05:36:17+00:00\",\"breadcrumb\":{\"@id\":\"https:\/\/chemuza.org\/tr\/foiemorio\/#breadcrumb\"},\"inLanguage\":\"tr\",\"potentialAction\":[{\"@type\":\"ReadAction\",\"target\":[\"https:\/\/chemuza.org\/tr\/foiemorio\/\"]}]},{\"@type\":\"BreadcrumbList\",\"@id\":\"https:\/\/chemuza.org\/tr\/foiemorio\/#breadcrumb\",\"itemListElement\":[{\"@type\":\"ListItem\",\"position\":1,\"name\":\"Ev\",\"item\":\"https:\/\/chemuza.org\/tr\/\"},{\"@type\":\"ListItem\",\"position\":2,\"name\":\"Livermoryum\"}]},{\"@type\":\"WebSite\",\"@id\":\"https:\/\/chemuza.org\/tr\/#website\",\"url\":\"https:\/\/chemuza.org\/tr\/\",\"name\":\"Chemuza\",\"description\":\"Kimyasal ke\u015fiflere a\u00e7\u0131lan kap\u0131n\u0131z!\",\"publisher\":{\"@id\":\"https:\/\/chemuza.org\/tr\/#organization\"},\"potentialAction\":[{\"@type\":\"SearchAction\",\"target\":{\"@type\":\"EntryPoint\",\"urlTemplate\":\"https:\/\/chemuza.org\/tr\/?s={search_term_string}\"},\"query-input\":\"required name=search_term_string\"}],\"inLanguage\":\"tr\"},{\"@type\":\"Organization\",\"@id\":\"https:\/\/chemuza.org\/tr\/#organization\",\"name\":\"Chemuza\",\"url\":\"https:\/\/chemuza.org\/tr\/\",\"logo\":{\"@type\":\"ImageObject\",\"inLanguage\":\"tr\",\"@id\":\"https:\/\/chemuza.org\/tr\/#\/schema\/logo\/image\/\",\"url\":\"https:\/\/chemuza.org\/tr\/wp-content\/uploads\/2023\/10\/chemuza-logo.png\",\"contentUrl\":\"https:\/\/chemuza.org\/tr\/wp-content\/uploads\/2023\/10\/chemuza-logo.png\",\"width\":387,\"height\":70,\"caption\":\"Chemuza\"},\"image\":{\"@id\":\"https:\/\/chemuza.org\/tr\/#\/schema\/logo\/image\/\"}}]}<\/script>\n<!-- \/ Yoast SEO plugin. -->","yoast_head_json":{"title":"Livermoryum - Chemuza","robots":{"index":"index","follow":"follow","max-snippet":"max-snippet:-1","max-image-preview":"max-image-preview:large","max-video-preview":"max-video-preview:-1"},"canonical":"https:\/\/chemuza.org\/tr\/foiemorio\/","og_locale":"tr_TR","og_type":"article","og_title":"Livermoryum - Chemuza","og_description":"Livermorio, do\u011fada bulunmayan, radyoaktif, sentetik bir elementtir. K\u0131sa s\u00fcreli alfa bozunmas\u0131 sergileyen 4 izotoptan olu\u015fur. 293 Lv, 53 milisaniyelik s\u00fcresiyle en stabil olanlardan biridir. Nispeten yeni oldu\u011fundan faydal\u0131 uygulamalar\u0131 bilinmemektedir. Yine de size ana \u00f6zelliklerini ve di\u011fer ilgin\u00e7 bilgileri anlataca\u011f\u0131z. Livermoryum nedir? Periyodik tabloda atom numaras\u0131 116 olan P blok metallerde yer alan kimyasal bir ... Devam\u0131n\u0131 oku","og_url":"https:\/\/chemuza.org\/tr\/foiemorio\/","og_site_name":"Chemuza","twitter_card":"summary_large_image","twitter_misc":{"Tahmini okuma s\u00fcresi":"4 dakika"},"schema":{"@context":"https:\/\/schema.org","@graph":[{"@type":"WebPage","@id":"https:\/\/chemuza.org\/tr\/foiemorio\/","url":"https:\/\/chemuza.org\/tr\/foiemorio\/","name":"Livermoryum - Chemuza","isPartOf":{"@id":"https:\/\/chemuza.org\/tr\/#website"},"datePublished":"2023-07-13T05:36:17+00:00","dateModified":"2023-07-13T05:36:17+00:00","breadcrumb":{"@id":"https:\/\/chemuza.org\/tr\/foiemorio\/#breadcrumb"},"inLanguage":"tr","potentialAction":[{"@type":"ReadAction","target":["https:\/\/chemuza.org\/tr\/foiemorio\/"]}]},{"@type":"BreadcrumbList","@id":"https:\/\/chemuza.org\/tr\/foiemorio\/#breadcrumb","itemListElement":[{"@type":"ListItem","position":1,"name":"Ev","item":"https:\/\/chemuza.org\/tr\/"},{"@type":"ListItem","position":2,"name":"Livermoryum"}]},{"@type":"WebSite","@id":"https:\/\/chemuza.org\/tr\/#website","url":"https:\/\/chemuza.org\/tr\/","name":"Chemuza","description":"Kimyasal ke\u015fiflere a\u00e7\u0131lan kap\u0131n\u0131z!","publisher":{"@id":"https:\/\/chemuza.org\/tr\/#organization"},"potentialAction":[{"@type":"SearchAction","target":{"@type":"EntryPoint","urlTemplate":"https:\/\/chemuza.org\/tr\/?s={search_term_string}"},"query-input":"required name=search_term_string"}],"inLanguage":"tr"},{"@type":"Organization","@id":"https:\/\/chemuza.org\/tr\/#organization","name":"Chemuza","url":"https:\/\/chemuza.org\/tr\/","logo":{"@type":"ImageObject","inLanguage":"tr","@id":"https:\/\/chemuza.org\/tr\/#\/schema\/logo\/image\/","url":"https:\/\/chemuza.org\/tr\/wp-content\/uploads\/2023\/10\/chemuza-logo.png","contentUrl":"https:\/\/chemuza.org\/tr\/wp-content\/uploads\/2023\/10\/chemuza-logo.png","width":387,"height":70,"caption":"Chemuza"},"image":{"@id":"https:\/\/chemuza.org\/tr\/#\/schema\/logo\/image\/"}}]}},"yoast_meta":{"yoast_wpseo_title":"","yoast_wpseo_metadesc":"","yoast_wpseo_canonical":""},"_links":{"self":[{"href":"https:\/\/chemuza.org\/tr\/wp-json\/wp\/v2\/pages\/1548"}],"collection":[{"href":"https:\/\/chemuza.org\/tr\/wp-json\/wp\/v2\/pages"}],"about":[{"href":"https:\/\/chemuza.org\/tr\/wp-json\/wp\/v2\/types\/page"}],"author":[{"embeddable":true,"href":"https:\/\/chemuza.org\/tr\/wp-json\/wp\/v2\/users\/1"}],"replies":[{"embeddable":true,"href":"https:\/\/chemuza.org\/tr\/wp-json\/wp\/v2\/comments?post=1548"}],"version-history":[{"count":0,"href":"https:\/\/chemuza.org\/tr\/wp-json\/wp\/v2\/pages\/1548\/revisions"}],"wp:attachment":[{"href":"https:\/\/chemuza.org\/tr\/wp-json\/wp\/v2\/media?parent=1548"}],"curies":[{"name":"wp","href":"https:\/\/api.w.org\/{rel}","templated":true}]}}