{"id":1542,"date":"2023-07-13T08:27:32","date_gmt":"2023-07-13T08:27:32","guid":{"rendered":"https:\/\/chemuza.org\/tr\/bohriyum\/"},"modified":"2023-07-13T08:27:32","modified_gmt":"2023-07-13T08:27:32","slug":"bohriyum","status":"publish","type":"page","link":"https:\/\/chemuza.org\/tr\/bohriyum\/","title":{"rendered":"Bohrio"},"content":{"rendered":"<p>Boryum, periyodik tabloda yer alan ve do\u011fada do\u011fal olarak olu\u015fmayan yapay bir elementtir. Ba\u015fka bir d\u00fc\u015f\u00fck \u00fcretimli metaldir ve yaln\u0131zca laboratuvarda sentetik olarak \u00fcretilir. Ke\u015ffi, \u00f6zellikleri ve karakteristikleri hakk\u0131nda biraz daha bilgi edinin.<\/p>\n<h2> <strong>Bohrio nedir?<\/strong><\/h2>\n<p> Daha \u00f6nce Unnilseptio veya Nielsbohrio olarak adland\u0131r\u0131lan periyodik tablo Bohrio, sentetik, radyoaktif, metalik bir kimyasal elementtir. Ayr\u0131ca do\u011fal haliyle kat\u0131 olabilir ve ge\u00e7i\u015f metalleri grubundaki t\u00fcm metaller gibi rengi beyaz, gri veya g\u00fcm\u00fc\u015f olabilir.<\/p>\n<p> \u015eu anda 10 izotop bilinmektedir; bunlar\u0131n en kararl\u0131s\u0131, yar\u0131 \u00f6mr\u00fc bir dakika olan Bohrium <sup>270&#8217;dir<\/sup> . Ek olarak \u00e7ekirde\u011finde y\u00fcksek konsantrasyonda proton ve n\u00f6tron bulunur ve bu da onu son derece g\u00fc\u00e7l\u00fc k\u0131lar.<\/p>\n<h2> <strong>Bohriyum sembol\u00fc<\/strong><\/h2>\n<p> <span class=\"content-chemical-element\" style=\"float: left;width: 65px;height: 65px;border: 3px solid #666; display:flex;\n    justify-content: center;align-items: center;margin-right: 15px;\"><span style=\"font-size: 38px;\">Bh<\/span><\/span> Periyodik tablonun 7. grubunda yer al\u0131r ve atom numaras\u0131 107 olup atom k\u00fctlesi 262&#8217;dir. Ge\u00e7i\u015f metallerinin d blo\u011fu, periyodu 7&#8217;ye aittir. Yak\u0131n konumda oldu\u011fundan Renyum ile ayn\u0131 \u00f6zelliklere sahip olabilir.<\/p>\n<h2> <strong>Bohrium&#8217;un \u00d6zellikleri<\/strong><\/h2>\n<p> Kimyasal element Bohrium, t\u00fcm grup 7 elementleri gibi, iyi bir \u0131s\u0131 ve elektrik iletkeni olarak kabul edilir. Ayr\u0131ca y\u00fcksek erime ve kaynama noktalar\u0131na ve a\u015f\u0131r\u0131 sertli\u011fe sahiptir. Bu \u00f6\u011fenin di\u011fer \u00f6zelliklerini ke\u015ffedin:<\/p>\n<ul>\n<li> <strong>Durumu:<\/strong> Bilinmiyor, ancak sa\u011flam olabilir.<\/li>\n<li> <strong>G\u00f6r\u00fcn\u00fcm:<\/strong> Bilinmiyor, muhtemelen metalik, beyaz, g\u00fcm\u00fc\u015f veya gri.<\/li>\n<li> <strong>Kristal yap\u0131:<\/strong> Kompakt alt\u0131gen.<\/li>\n<\/ul>\n<h2> <strong>Bohriumun kimyasal ve fiziksel \u00f6zellikleri<\/strong><\/h2>\n<ol>\n<li> <strong>Atom numaras\u0131<\/strong> : 107<\/li>\n<li> <strong>Atom yar\u0131\u00e7ap\u0131:<\/strong> beklenen 128<\/li>\n<li> <strong>Yo\u011funluk:<\/strong> 37,1 g\/cm\u00b3<\/li>\n<li> <strong>Kovalent yar\u0131\u00e7ap:<\/strong> 141<\/li>\n<li> <strong>Do\u011fal olu\u015fum:<\/strong> sentetik<\/li>\n<li> <strong>Elektronik konfig\u00fcrasyon:<\/strong> [Rn] 5f <sup>14<\/sup> 6d <sup>5<\/sup> 7s <sup>2<\/sup><\/li>\n<li> <strong>\u0130yonla\u015fma enerjileri:<\/strong> 1\u00b0: 740 kJ\/mol. 2.: 1690 kJ\/mol ve 3.: 2570 Kj\/mol.<\/li>\n<li> <strong>Oksidasyon durumlar\u0131:<\/strong> +3, +4, +5, +7<\/li>\n<\/ol>\n<h2> <strong>Bohrium&#8217;un K\u00f6keni<\/strong><\/h2>\n<p> 1976&#8217;da Rus n\u00fckleer fizik\u00e7i Yuri Oganessian liderli\u011findeki bir Sovyet ara\u015ft\u0131rma ekibi bunu ilk kez bildirdi. Bizmut 209 ve Kur\u015fun 208 hedeflerini h\u0131zland\u0131r\u0131lm\u0131\u015f Krom 54 ve Manganez 55 \u00e7ekirdekleriyle bombalayarak, birinin yar\u0131 \u00f6mr\u00fcn\u00fcn 1 veya 2 milisaniye, di\u011ferinin ise yakla\u015f\u0131k 5 saniye oldu\u011fu farkl\u0131 aktivite seviyelerini g\u00f6zlemlediler. .<\/p>\n<p> Deney s\u0131ras\u0131nda yo\u011funluk sabit kald\u0131 ve ilkinin izotop Bohrium <sup>261<\/sup> , ikincisinin ise Dubnium 257 oldu\u011fu \u00f6ne s\u00fcr\u00fcld\u00fc. Daha sonra yar\u0131lanma \u00f6mr\u00fc 257&#8217;den b\u00fcy\u00fck olan Dubnium 258 olarak de\u011fi\u015ftirildi. Atom 262&#8217;de g\u00f6zlemlenen ya\u015fam, 1981&#8217;de Darmstadt&#8217;taki ke\u015fiften elde edilenlerden daha k\u0131sayd\u0131.<\/p>\n<p> 1981 y\u0131l\u0131nda, Darmstadt \u015fehrindeki Helmholtz A\u011f\u0131r \u0130yon Ara\u015ft\u0131rma Merkezi&#8217;nden (GSI) fizik\u00e7iler Gottfried Munzenberg ve Peter Armbruster liderli\u011findeki bir Alman ara\u015ft\u0131rma grubu, Bizmut 209 elementinin bir hedefini h\u0131zland\u0131r\u0131lm\u0131\u015f krom 54 \u00e7ekirde\u011fiyle bombalayarak 5 atom \u00fcretti. Bohrium&#8217;un <sup>262<\/sup> . Uluslararas\u0131 Temel ve Uygulamal\u0131 Kimya Birli\u011fi (IUPAC) G\u00f6rev G\u00fcc\u00fc, GSI ekibinin i\u015fbirli\u011fini 1992 y\u0131l\u0131nda resmi ka\u015fif olarak tan\u0131d\u0131.<\/p>\n<h2> <strong>Bohrio ne i\u00e7in kullan\u0131l\u0131r?<\/strong><\/h2>\n<p> Bu element di\u011fer metallerle kar\u015f\u0131la\u015ft\u0131r\u0131ld\u0131\u011f\u0131nda \u00e7ok \u00f6zeldir \u00e7\u00fcnk\u00fc Bohrium&#8217;un hi\u00e7bir uygulamas\u0131 yoktur. Yani bilimde, sanayide, g\u00fcnl\u00fck hayatta hi\u00e7bir faydas\u0131 yoktur.<\/p>\n<h2> <strong>Bohrio isminin k\u00f6keni<\/strong><\/h2>\n<p> Bu ismi, 1922&#8217;de Nobel Fizik \u00d6d\u00fcl\u00fc&#8217;n\u00fc kazanan Danimarkal\u0131 fizik\u00e7i Niels Bohr&#8217;un onuruna alm\u0131\u015ft\u0131r. \u00c7al\u0131\u015fmalar\u0131, kuantum mekani\u011finin ve atomun yap\u0131s\u0131n\u0131n anla\u015f\u0131lmas\u0131na y\u00f6nelik \u00e7al\u0131\u015fmalara ve katk\u0131lara odaklanm\u0131\u015ft\u0131r.<\/p>\n<h2> <strong>Bohrium&#8217;u tan\u0131mlama tekni\u011fi<\/strong><\/h2>\n<p> Bohrium&#8217;un yeni bir izotopunu tan\u0131mlamak i\u00e7in, kendili\u011finden fisyonla kesintiye u\u011frayan radyoaktif bozunma zinciri yoluyla bilinen di\u011fer izotoplarla genetik bir korelasyonun yap\u0131lmas\u0131 gerekir. Bu bozunma analizini ger\u00e7ekle\u015ftirmek i\u00e7in daha kararl\u0131 izotoplar\u0131n, yani tek say\u0131da n\u00f6tron ve proton i\u00e7eren izotoplar\u0131n \u00fcretilmesi gerekir.<\/p>\n<h2> <strong>Bohrium&#8217;un sa\u011fl\u0131k \u00fczerindeki etkileri<\/strong><\/h2>\n<p> Bu element karars\u0131zd\u0131r, bu da onu di\u011fer metallerle kar\u0131\u015ft\u0131r\u0131ld\u0131\u011f\u0131nda h\u0131zla par\u00e7alanan bir metal haline getirir. Bu nedenle v\u00fccutta yaratabilece\u011fi etkiler ara\u015ft\u0131r\u0131lmam\u0131\u015ft\u0131r.<\/p>\n<h2> <strong>Bohriumun \u00e7evreye etkileri<\/strong><\/h2>\n<p> Do\u011fada bulunmad\u0131\u011f\u0131 ve yar\u0131lanma \u00f6mr\u00fcn\u00fcn 0,44 saniye kadar k\u0131sa olmas\u0131 nedeniyle \u00e7evreye olan etkisi hen\u00fcz bilinmiyor. Ancak reaktif \u00f6zelliklere sahiptir ve bu nedenle olas\u0131 kullan\u0131mlar\u0131n\u0131n hala do\u011frulanmas\u0131 gerekmektedir.<\/p>\n<p> Sonu\u00e7 olarak, periyodik tablonun laboratuvarda olu\u015fturulan sentetik bir elementidir ve ge\u00e7i\u015f metallerinin 7. grubuna aittir. Yar\u0131lanma \u00f6mr\u00fc k\u0131sa oldu\u011fundan kullan\u0131m\u0131 ve uygulamas\u0131 yoktur.<\/p>\n","protected":false},"excerpt":{"rendered":"<p>Boryum, periyodik tabloda yer alan ve do\u011fada do\u011fal olarak olu\u015fmayan yapay bir elementtir. Ba\u015fka bir d\u00fc\u015f\u00fck \u00fcretimli metaldir ve yaln\u0131zca laboratuvarda sentetik olarak \u00fcretilir. Ke\u015ffi, \u00f6zellikleri ve karakteristikleri hakk\u0131nda biraz daha bilgi edinin. Bohrio nedir? Daha \u00f6nce Unnilseptio veya Nielsbohrio olarak adland\u0131r\u0131lan periyodik tablo Bohrio, sentetik, radyoaktif, metalik bir kimyasal elementtir. Ayr\u0131ca do\u011fal haliyle kat\u0131 &#8230; <a title=\"Bohrio\" class=\"read-more\" href=\"https:\/\/chemuza.org\/tr\/bohriyum\/\" aria-label=\"More on Bohrio\">Devam\u0131n\u0131 oku<\/a><\/p>\n","protected":false},"author":1,"featured_media":0,"parent":0,"menu_order":0,"comment_status":"closed","ping_status":"closed","template":"","meta":{"footnotes":""},"yoast_head":"<!-- This site is optimized with the Yoast SEO plugin v21.4 - https:\/\/yoast.com\/wordpress\/plugins\/seo\/ -->\n<title>Bohrio-Chemuza<\/title>\n<meta name=\"robots\" content=\"index, follow, max-snippet:-1, max-image-preview:large, max-video-preview:-1\" \/>\n<link rel=\"canonical\" href=\"https:\/\/chemuza.org\/tr\/bohriyum\/\" \/>\n<meta property=\"og:locale\" content=\"tr_TR\" \/>\n<meta property=\"og:type\" content=\"article\" \/>\n<meta property=\"og:title\" content=\"Bohrio-Chemuza\" \/>\n<meta property=\"og:description\" content=\"Boryum, periyodik tabloda yer alan ve do\u011fada do\u011fal olarak olu\u015fmayan yapay bir elementtir. Ba\u015fka bir d\u00fc\u015f\u00fck \u00fcretimli metaldir ve yaln\u0131zca laboratuvarda sentetik olarak \u00fcretilir. Ke\u015ffi, \u00f6zellikleri ve karakteristikleri hakk\u0131nda biraz daha bilgi edinin. Bohrio nedir? Daha \u00f6nce Unnilseptio veya Nielsbohrio olarak adland\u0131r\u0131lan periyodik tablo Bohrio, sentetik, radyoaktif, metalik bir kimyasal elementtir. Ayr\u0131ca do\u011fal haliyle kat\u0131 ... Devam\u0131n\u0131 oku\" \/>\n<meta property=\"og:url\" content=\"https:\/\/chemuza.org\/tr\/bohriyum\/\" \/>\n<meta property=\"og:site_name\" content=\"Chemuza\" \/>\n<meta name=\"twitter:card\" content=\"summary_large_image\" \/>\n<meta name=\"twitter:label1\" content=\"Tahmini okuma s\u00fcresi\" \/>\n\t<meta name=\"twitter:data1\" content=\"3 dakika\" \/>\n<script type=\"application\/ld+json\" class=\"yoast-schema-graph\">{\"@context\":\"https:\/\/schema.org\",\"@graph\":[{\"@type\":\"WebPage\",\"@id\":\"https:\/\/chemuza.org\/tr\/bohriyum\/\",\"url\":\"https:\/\/chemuza.org\/tr\/bohriyum\/\",\"name\":\"Bohrio-Chemuza\",\"isPartOf\":{\"@id\":\"https:\/\/chemuza.org\/tr\/#website\"},\"datePublished\":\"2023-07-13T08:27:32+00:00\",\"dateModified\":\"2023-07-13T08:27:32+00:00\",\"breadcrumb\":{\"@id\":\"https:\/\/chemuza.org\/tr\/bohriyum\/#breadcrumb\"},\"inLanguage\":\"tr\",\"potentialAction\":[{\"@type\":\"ReadAction\",\"target\":[\"https:\/\/chemuza.org\/tr\/bohriyum\/\"]}]},{\"@type\":\"BreadcrumbList\",\"@id\":\"https:\/\/chemuza.org\/tr\/bohriyum\/#breadcrumb\",\"itemListElement\":[{\"@type\":\"ListItem\",\"position\":1,\"name\":\"Ev\",\"item\":\"https:\/\/chemuza.org\/tr\/\"},{\"@type\":\"ListItem\",\"position\":2,\"name\":\"Bohrio\"}]},{\"@type\":\"WebSite\",\"@id\":\"https:\/\/chemuza.org\/tr\/#website\",\"url\":\"https:\/\/chemuza.org\/tr\/\",\"name\":\"Chemuza\",\"description\":\"Kimyasal ke\u015fiflere a\u00e7\u0131lan kap\u0131n\u0131z!\",\"publisher\":{\"@id\":\"https:\/\/chemuza.org\/tr\/#organization\"},\"potentialAction\":[{\"@type\":\"SearchAction\",\"target\":{\"@type\":\"EntryPoint\",\"urlTemplate\":\"https:\/\/chemuza.org\/tr\/?s={search_term_string}\"},\"query-input\":\"required name=search_term_string\"}],\"inLanguage\":\"tr\"},{\"@type\":\"Organization\",\"@id\":\"https:\/\/chemuza.org\/tr\/#organization\",\"name\":\"Chemuza\",\"url\":\"https:\/\/chemuza.org\/tr\/\",\"logo\":{\"@type\":\"ImageObject\",\"inLanguage\":\"tr\",\"@id\":\"https:\/\/chemuza.org\/tr\/#\/schema\/logo\/image\/\",\"url\":\"https:\/\/chemuza.org\/tr\/wp-content\/uploads\/2023\/10\/chemuza-logo.png\",\"contentUrl\":\"https:\/\/chemuza.org\/tr\/wp-content\/uploads\/2023\/10\/chemuza-logo.png\",\"width\":387,\"height\":70,\"caption\":\"Chemuza\"},\"image\":{\"@id\":\"https:\/\/chemuza.org\/tr\/#\/schema\/logo\/image\/\"}}]}<\/script>\n<!-- \/ Yoast SEO plugin. -->","yoast_head_json":{"title":"Bohrio-Chemuza","robots":{"index":"index","follow":"follow","max-snippet":"max-snippet:-1","max-image-preview":"max-image-preview:large","max-video-preview":"max-video-preview:-1"},"canonical":"https:\/\/chemuza.org\/tr\/bohriyum\/","og_locale":"tr_TR","og_type":"article","og_title":"Bohrio-Chemuza","og_description":"Boryum, periyodik tabloda yer alan ve do\u011fada do\u011fal olarak olu\u015fmayan yapay bir elementtir. Ba\u015fka bir d\u00fc\u015f\u00fck \u00fcretimli metaldir ve yaln\u0131zca laboratuvarda sentetik olarak \u00fcretilir. Ke\u015ffi, \u00f6zellikleri ve karakteristikleri hakk\u0131nda biraz daha bilgi edinin. Bohrio nedir? Daha \u00f6nce Unnilseptio veya Nielsbohrio olarak adland\u0131r\u0131lan periyodik tablo Bohrio, sentetik, radyoaktif, metalik bir kimyasal elementtir. Ayr\u0131ca do\u011fal haliyle kat\u0131 ... Devam\u0131n\u0131 oku","og_url":"https:\/\/chemuza.org\/tr\/bohriyum\/","og_site_name":"Chemuza","twitter_card":"summary_large_image","twitter_misc":{"Tahmini okuma s\u00fcresi":"3 dakika"},"schema":{"@context":"https:\/\/schema.org","@graph":[{"@type":"WebPage","@id":"https:\/\/chemuza.org\/tr\/bohriyum\/","url":"https:\/\/chemuza.org\/tr\/bohriyum\/","name":"Bohrio-Chemuza","isPartOf":{"@id":"https:\/\/chemuza.org\/tr\/#website"},"datePublished":"2023-07-13T08:27:32+00:00","dateModified":"2023-07-13T08:27:32+00:00","breadcrumb":{"@id":"https:\/\/chemuza.org\/tr\/bohriyum\/#breadcrumb"},"inLanguage":"tr","potentialAction":[{"@type":"ReadAction","target":["https:\/\/chemuza.org\/tr\/bohriyum\/"]}]},{"@type":"BreadcrumbList","@id":"https:\/\/chemuza.org\/tr\/bohriyum\/#breadcrumb","itemListElement":[{"@type":"ListItem","position":1,"name":"Ev","item":"https:\/\/chemuza.org\/tr\/"},{"@type":"ListItem","position":2,"name":"Bohrio"}]},{"@type":"WebSite","@id":"https:\/\/chemuza.org\/tr\/#website","url":"https:\/\/chemuza.org\/tr\/","name":"Chemuza","description":"Kimyasal ke\u015fiflere a\u00e7\u0131lan kap\u0131n\u0131z!","publisher":{"@id":"https:\/\/chemuza.org\/tr\/#organization"},"potentialAction":[{"@type":"SearchAction","target":{"@type":"EntryPoint","urlTemplate":"https:\/\/chemuza.org\/tr\/?s={search_term_string}"},"query-input":"required name=search_term_string"}],"inLanguage":"tr"},{"@type":"Organization","@id":"https:\/\/chemuza.org\/tr\/#organization","name":"Chemuza","url":"https:\/\/chemuza.org\/tr\/","logo":{"@type":"ImageObject","inLanguage":"tr","@id":"https:\/\/chemuza.org\/tr\/#\/schema\/logo\/image\/","url":"https:\/\/chemuza.org\/tr\/wp-content\/uploads\/2023\/10\/chemuza-logo.png","contentUrl":"https:\/\/chemuza.org\/tr\/wp-content\/uploads\/2023\/10\/chemuza-logo.png","width":387,"height":70,"caption":"Chemuza"},"image":{"@id":"https:\/\/chemuza.org\/tr\/#\/schema\/logo\/image\/"}}]}},"yoast_meta":{"yoast_wpseo_title":"","yoast_wpseo_metadesc":"","yoast_wpseo_canonical":""},"_links":{"self":[{"href":"https:\/\/chemuza.org\/tr\/wp-json\/wp\/v2\/pages\/1542"}],"collection":[{"href":"https:\/\/chemuza.org\/tr\/wp-json\/wp\/v2\/pages"}],"about":[{"href":"https:\/\/chemuza.org\/tr\/wp-json\/wp\/v2\/types\/page"}],"author":[{"embeddable":true,"href":"https:\/\/chemuza.org\/tr\/wp-json\/wp\/v2\/users\/1"}],"replies":[{"embeddable":true,"href":"https:\/\/chemuza.org\/tr\/wp-json\/wp\/v2\/comments?post=1542"}],"version-history":[{"count":0,"href":"https:\/\/chemuza.org\/tr\/wp-json\/wp\/v2\/pages\/1542\/revisions"}],"wp:attachment":[{"href":"https:\/\/chemuza.org\/tr\/wp-json\/wp\/v2\/media?parent=1542"}],"curies":[{"name":"wp","href":"https:\/\/api.w.org\/{rel}","templated":true}]}}