{"id":1541,"date":"2023-07-13T08:49:46","date_gmt":"2023-07-13T08:49:46","guid":{"rendered":"https:\/\/chemuza.org\/tr\/gergin\/"},"modified":"2023-07-13T08:49:46","modified_gmt":"2023-07-13T08:49:46","slug":"gergin","status":"publish","type":"page","link":"https:\/\/chemuza.org\/tr\/gergin\/","title":{"rendered":"Tenesos"},"content":{"rendered":"<p>Bu elementin daha \u00f6nce kimyasal simgesi <em>Ef<\/em> olan <em>Ephelium<\/em> olarak adland\u0131r\u0131ld\u0131\u011f\u0131n\u0131 biliyor muydunuz? Ayr\u0131ca Uluslararas\u0131 Temel ve Uygulamal\u0131 Kimya Birli\u011fi (IUPAC) yetkilileri taraf\u0131ndan <em>Ununseptium<\/em> olarak tan\u0131nm\u0131\u015ft\u0131r. Asl\u0131nda 21. y\u00fczy\u0131ldaki son ke\u015ffi onu uygulamalar a\u00e7\u0131s\u0131ndan az bilinen bir metal haline getiriyor. Her durumda size Teneso&#8217;nun \u00f6zellikleri, \u00f6zellikleri ve men\u015fei gibi en alakal\u0131 verileri b\u0131rak\u0131yoruz.<\/p>\n<h2> <strong>Teneso nedir?<\/strong><\/h2>\n<p> Bu sentetik element 117, halojen, s\u00fcper a\u011f\u0131r, radyoaktif, transaktinit, metalik kimyasal serinin bir par\u00e7as\u0131 ve periyodik tablonun 7. periyodunun sondan bir \u00f6nceki eleman\u0131d\u0131r. Ayr\u0131ca ortalama birka\u00e7 milisaniyelik \u00f6mr\u00fc, koyu rengi ve sa\u011flam g\u00f6r\u00fcn\u00fcm\u00fc vard\u0131r.<\/p>\n<h3> <strong>Teneso&#8217;nun sembol\u00fc<\/strong><\/h3>\n<p> <span class=\"content-chemical-element\" style=\"float: left; width: 65px; height: 65px; border: 3px solid #666; display: flex; justify-content: center; align-items: center; margin-right: 15px;\"><span style=\"font-size: 38px;\">Ts<\/span><\/span> Teneso kimyasal elementinin ba\u015f harfleri, Amerika Birle\u015fik Devletleri&#8217;nin Tennessee eyaletini onurland\u0131ran ad\u0131n\u0131n k\u0131saltmas\u0131d\u0131r. Ka\u015fifleri bu sembolojiyi \u00f6nerdi \u00e7\u00fcnk\u00fc 117 say\u0131s\u0131yla i\u015faretlenmi\u015f metalin do\u011fdu\u011fu yer olan Oak Ridge Ulusal Laboratuvar\u0131 orada bulunuyordu.<\/p>\n<h2> <strong>Teneso&#8217;nun \u00d6zellikleri<\/strong><\/h2>\n<p> Temel olarak Teneso&#8217;nun \u00f6zellikleri ve \u00f6zellikleri, bu verileri bilmek i\u00e7in periyodik e\u011filimi takip eden bilim adamlar\u0131n\u0131n tahminleridir. \u00d6te yandan \u015fu ana kadar sentezlenen izotoplar\u0131 <sup>293<\/sup> T ve <sup>294<\/sup> T&#8217;dir. Ayr\u0131ca elementin az say\u0131da atomu olu\u015fturuldu. A\u015fa\u011f\u0131da ana niteliklerini ke\u015ffedin:<\/p>\n<ul>\n<li> <strong>Durumu<\/strong> : Bilim adamlar\u0131na g\u00f6re sa\u011flamd\u0131r.<\/li>\n<li> <strong>G\u00f6r\u00fcn\u00fcm<\/strong> : Koyu bir renge sahip oldu\u011funa inan\u0131lmakla birlikte g\u00f6r\u00fcn\u00fcm\u00fc ve rengi bilinmemektedir.<\/li>\n<li> <strong>Radyoaktivite<\/strong> : Radyoaktif bir elementtir.<\/li>\n<li> <strong>N\u00fckleer Kararl\u0131l\u0131k<\/strong> : Bu elementin kararl\u0131 izotoplar\u0131 vard\u0131r, ancak daha y\u00fcksek atom numaras\u0131na sahip elementlerin kararl\u0131l\u0131\u011f\u0131 yoktur.<\/li>\n<li> <strong>A\u011f\u0131rl\u0131k<\/strong> : Kur\u015fundan %40 daha a\u011f\u0131r oldu\u011fundan yapay olarak olu\u015fturulan ikinci s\u00fcper a\u011f\u0131r elementtir.<\/li>\n<li> <strong>Metalik \u00d6zellikler<\/strong> : Bilim adamlar\u0131 yar\u0131 metalik \u00f6zelliklere sahip oldu\u011funu tahmin ediyor.<\/li>\n<li> <strong>Yar\u0131lanma \u00f6mr\u00fc<\/strong> : Yar\u0131lanma \u00f6mr\u00fc 78 milisaniye olan <sup>294<\/sup> T izotopu gibi bozunmas\u0131 i\u00e7in gereken s\u00fcre birka\u00e7 milisaniyedir.<\/li>\n<li> <strong>\u0130zotoplar<\/strong> : Bilinen izotoplar\u0131 aras\u0131nda <sup>291<\/sup> Ts, <sup>292<\/sup> Ts, <sup>293<\/sup> Ts ve <sup>294<\/sup> Ts bulunur; ikincisi en kararl\u0131 olan\u0131d\u0131r.<\/li>\n<\/ul>\n<h2> <strong>Teneso&#8217;nun kimyasal ve fiziksel \u00f6zellikleri<\/strong><\/h2>\n<ol>\n<li> <strong>Atom numaras\u0131<\/strong> : 117<\/li>\n<li> <strong>Pas<\/strong> : Bilinmiyor<\/li>\n<li> <strong>Yo\u011funluk (g\/ml)<\/strong> : Veri yok<\/li>\n<li> <strong>Kovalent yar\u0131\u00e7ap (\u00c5)<\/strong> : 165 pm<\/li>\n<li> <strong>Atom hacmi<\/strong> : Veri yok<\/li>\n<li> <strong>Atom yar\u0131\u00e7ap\u0131 (\u00c5)<\/strong> : Veri yok<\/li>\n<li> <strong>\u00d6zg\u00fcl \u0131s\u0131<\/strong> : Veri yok<\/li>\n<li> <strong>Atom k\u00fctlesi (g\/mol)<\/strong> : 294 u<\/li>\n<li> <strong>Ses h\u0131z\u0131<\/strong> : Veri yok<\/li>\n<li> <strong>Elektronegatiflik<\/strong> : Veri yok<\/li>\n<li> <strong>F\u00fczyon entalpisi<\/strong> : Veri yok<\/li>\n<li> <strong>Elektronik konfig\u00fcrasyon<\/strong> : [Rn] 5f <sup>14<\/sup> 6d <sup>10<\/sup> 7s <sup>2<\/sup> 7p <sup>5<\/sup><\/li>\n<li> <strong>Birinci iyonla\u015fma enerjisi (eV)<\/strong> : 742,9 kJ\/mol<\/li>\n<li> <strong>Elektron seviyesi<\/strong> : 2, 8, 18, 32, 32, 18 ve 7<\/li>\n<li> <strong>Oksidasyon durumlar\u0131<\/strong> : \u22121, +1, +3, +5<\/li>\n<li> <strong>Erime noktas\u0131<\/strong> : 300 \u2013 500 \u00b0C (573 \u2013 773 K)<\/li>\n<li> <strong>Kaynama noktas\u0131<\/strong> : 550\u00b0C (823K)<\/li>\n<\/ol>\n<h2> <strong>Teneso&#8217;nun<\/strong> <strong>K\u00f6keni<\/strong><\/h2>\n<p> Teneso&#8217;nun ke\u015ffi biraz tart\u0131\u015fmal\u0131 \u00e7\u00fcnk\u00fc bu iki bilimsel grubun, Amerikal\u0131lar ve Ruslar\u0131n i\u015fbirli\u011finin sonucuydu. 2010&#8217;un ba\u015flar\u0131nda, Rusya&#8217;n\u0131n Dubna kentindeki Ortak N\u00fckleer Ara\u015ft\u0131rma Enstit\u00fcs\u00fc ve Amerika Birle\u015fik Devletleri&#8217;nin Tennessee kentindeki Oak Ridge Ulusal Laboratuvar\u0131, ke\u015ffi kamuoyuna duyuran bir bildiri yay\u0131nlad\u0131. Teneso ise <sup>249<\/sup> Bk izotopunun <sup>48<\/sup> Ca iyonuyla n\u00fckleer f\u00fczyonuyla elde ediliyor.<\/p>\n<h2> <strong>Teneso ne i\u00e7in kullan\u0131l\u0131r?<\/strong><\/h2>\n<p> Son ke\u015ffi g\u00f6z \u00f6n\u00fcne al\u0131nd\u0131\u011f\u0131nda, uygulamalar\u0131n\u0131 bilmek i\u00e7in hen\u00fcz erken oldu\u011fundan ticari, t\u0131bbi, metalurji veya kimya end\u00fcstrilerinde kullan\u0131lmamaktad\u0131r. Ayr\u0131ca \u00fcretimi zor ve nadir oldu\u011fundan. Ancak Teneso&#8217;nun kullan\u0131mlar\u0131 bilimsel ara\u015ft\u0131rma ama\u00e7lar\u0131yla s\u0131n\u0131rl\u0131d\u0131r.<\/p>\n<h2> <strong>Teneso&#8217;nun Adland\u0131r\u0131lmas\u0131<\/strong><\/h2>\n<p> Mendeleev&#8217;in ke\u015ffedilmemi\u015f elementler i\u00e7in kulland\u0131\u011f\u0131 terminolojiye g\u00f6re, bu element <em>eka-astatin<\/em> veya <em>dvi-iyot<\/em> olarak tan\u0131nacakt\u0131. Ancak IUPAC, 1979&#8217;da terminolojisinin sonucunun <em>Ununseptio<\/em> ve <em>Uus<\/em> sembol\u00fc oldu\u011fu bir dizi \u00f6neri yay\u0131nlad\u0131.<\/p>\n<p> Bu, kal\u0131c\u0131 bir isim verilene kadar \u00f6\u011feye at\u0131fta bulunman\u0131n ge\u00e7ici bir yoluydu. Ayr\u0131ca <em>elementlerin sistematik isimlendirilmesi<\/em> , Latince&#8217;de tam anlam\u0131yla bir, bir, yedi anlam\u0131na gelen bu birle\u015fimi olu\u015fturmu\u015ftur. Ancak bu \u00f6neriler bilim insanlar\u0131 taraf\u0131ndan g\u00f6z ard\u0131 edildi ve onlar\u0131 117 olarak etiketledi.<\/p>\n<p> \u00d6te yandan, IUPAC yetkilileri, ka\u015fiflerine, <em>Tenesino<\/em> veya <em>T\u00e9neso<\/em> olarak terc\u00fcme edilen ORNL&#8217;ye sayg\u0131 amac\u0131yla ona <em>Tennessine<\/em> ad\u0131n\u0131 verme hakk\u0131n\u0131 verdi. Daha sonra IUPAC, RAC, RSEQ, Fund\u00e9u ve RAE sayesinde \u00e7evirisi <em>Teneso<\/em> olan ismi kabul etti.<\/p>\n<h2> <strong>Teneso&#8217;nun sa\u011fl\u0131\u011fa etkileri nelerdir?<\/strong><\/h2>\n<p> \u015eu anda Teneso&#8217;nun sa\u011fl\u0131k a\u00e7\u0131s\u0131ndan herhangi bir olumsuz etkisi g\u00f6zlemlenmemi\u015ftir. Ancak radyoaktif bir halojendir ve laboratuvar testlerinde kullan\u0131l\u0131rken gerekli t\u00fcm g\u00fcvenlik \u00f6nlemleri al\u0131nmal\u0131d\u0131r.<\/p>\n<h2> <strong>Teneso&#8217;nun \u00e7evreye etkileri<\/strong><\/h2>\n<p> \u015eu anda metal 117&#8217;nin d\u00fc\u015f\u00fck \u00fcretimi nedeniyle \u00e7evreye zararl\u0131 bir etkisi g\u00f6zlemlenmemi\u015ftir. Ancak do\u011faya maruz kalmayacak kadar reaktiftir.<\/p>\n<p> Sonu\u00e7 olarak Teneso yapay, halojen, radyoaktif, metalik, s\u00fcper a\u011f\u0131r, kat\u0131, koyu renkli bir kimyasal elementtir. Ek olarak, birka\u00e7 milisaniyelik ortalama \u00f6mr\u00fc, kararl\u0131 ve karars\u0131z izotoplar\u0131 vard\u0131r. \u00d6te yandan ke\u015ffi yeni oldu\u011fu i\u00e7in tan\u0131nan bir uygulamas\u0131 yoktur.<\/p>\n","protected":false},"excerpt":{"rendered":"<p>Bu elementin daha \u00f6nce kimyasal simgesi Ef olan Ephelium olarak adland\u0131r\u0131ld\u0131\u011f\u0131n\u0131 biliyor muydunuz? Ayr\u0131ca Uluslararas\u0131 Temel ve Uygulamal\u0131 Kimya Birli\u011fi (IUPAC) yetkilileri taraf\u0131ndan Ununseptium olarak tan\u0131nm\u0131\u015ft\u0131r. Asl\u0131nda 21. y\u00fczy\u0131ldaki son ke\u015ffi onu uygulamalar a\u00e7\u0131s\u0131ndan az bilinen bir metal haline getiriyor. Her durumda size Teneso&#8217;nun \u00f6zellikleri, \u00f6zellikleri ve men\u015fei gibi en alakal\u0131 verileri b\u0131rak\u0131yoruz. Teneso nedir? &#8230; <a title=\"Tenesos\" class=\"read-more\" href=\"https:\/\/chemuza.org\/tr\/gergin\/\" aria-label=\"More on Tenesos\">Devam\u0131n\u0131 oku<\/a><\/p>\n","protected":false},"author":1,"featured_media":0,"parent":0,"menu_order":0,"comment_status":"closed","ping_status":"closed","template":"","meta":{"footnotes":""},"yoast_head":"<!-- This site is optimized with the Yoast SEO plugin v21.4 - https:\/\/yoast.com\/wordpress\/plugins\/seo\/ -->\n<title>Tenesus - Chemuza<\/title>\n<meta name=\"robots\" content=\"index, follow, max-snippet:-1, max-image-preview:large, max-video-preview:-1\" \/>\n<link rel=\"canonical\" href=\"https:\/\/chemuza.org\/tr\/gergin\/\" \/>\n<meta property=\"og:locale\" content=\"tr_TR\" \/>\n<meta property=\"og:type\" content=\"article\" \/>\n<meta property=\"og:title\" content=\"Tenesus - Chemuza\" \/>\n<meta property=\"og:description\" content=\"Bu elementin daha \u00f6nce kimyasal simgesi Ef olan Ephelium olarak adland\u0131r\u0131ld\u0131\u011f\u0131n\u0131 biliyor muydunuz? Ayr\u0131ca Uluslararas\u0131 Temel ve Uygulamal\u0131 Kimya Birli\u011fi (IUPAC) yetkilileri taraf\u0131ndan Ununseptium olarak tan\u0131nm\u0131\u015ft\u0131r. Asl\u0131nda 21. y\u00fczy\u0131ldaki son ke\u015ffi onu uygulamalar a\u00e7\u0131s\u0131ndan az bilinen bir metal haline getiriyor. Her durumda size Teneso&#8217;nun \u00f6zellikleri, \u00f6zellikleri ve men\u015fei gibi en alakal\u0131 verileri b\u0131rak\u0131yoruz. Teneso nedir? ... Devam\u0131n\u0131 oku\" \/>\n<meta property=\"og:url\" content=\"https:\/\/chemuza.org\/tr\/gergin\/\" \/>\n<meta property=\"og:site_name\" content=\"Chemuza\" \/>\n<meta name=\"twitter:card\" content=\"summary_large_image\" \/>\n<meta name=\"twitter:label1\" content=\"Tahmini okuma s\u00fcresi\" \/>\n\t<meta name=\"twitter:data1\" content=\"4 dakika\" \/>\n<script type=\"application\/ld+json\" class=\"yoast-schema-graph\">{\"@context\":\"https:\/\/schema.org\",\"@graph\":[{\"@type\":\"WebPage\",\"@id\":\"https:\/\/chemuza.org\/tr\/gergin\/\",\"url\":\"https:\/\/chemuza.org\/tr\/gergin\/\",\"name\":\"Tenesus - Chemuza\",\"isPartOf\":{\"@id\":\"https:\/\/chemuza.org\/tr\/#website\"},\"datePublished\":\"2023-07-13T08:49:46+00:00\",\"dateModified\":\"2023-07-13T08:49:46+00:00\",\"breadcrumb\":{\"@id\":\"https:\/\/chemuza.org\/tr\/gergin\/#breadcrumb\"},\"inLanguage\":\"tr\",\"potentialAction\":[{\"@type\":\"ReadAction\",\"target\":[\"https:\/\/chemuza.org\/tr\/gergin\/\"]}]},{\"@type\":\"BreadcrumbList\",\"@id\":\"https:\/\/chemuza.org\/tr\/gergin\/#breadcrumb\",\"itemListElement\":[{\"@type\":\"ListItem\",\"position\":1,\"name\":\"Ev\",\"item\":\"https:\/\/chemuza.org\/tr\/\"},{\"@type\":\"ListItem\",\"position\":2,\"name\":\"Tenesos\"}]},{\"@type\":\"WebSite\",\"@id\":\"https:\/\/chemuza.org\/tr\/#website\",\"url\":\"https:\/\/chemuza.org\/tr\/\",\"name\":\"Chemuza\",\"description\":\"Kimyasal ke\u015fiflere a\u00e7\u0131lan kap\u0131n\u0131z!\",\"publisher\":{\"@id\":\"https:\/\/chemuza.org\/tr\/#organization\"},\"potentialAction\":[{\"@type\":\"SearchAction\",\"target\":{\"@type\":\"EntryPoint\",\"urlTemplate\":\"https:\/\/chemuza.org\/tr\/?s={search_term_string}\"},\"query-input\":\"required name=search_term_string\"}],\"inLanguage\":\"tr\"},{\"@type\":\"Organization\",\"@id\":\"https:\/\/chemuza.org\/tr\/#organization\",\"name\":\"Chemuza\",\"url\":\"https:\/\/chemuza.org\/tr\/\",\"logo\":{\"@type\":\"ImageObject\",\"inLanguage\":\"tr\",\"@id\":\"https:\/\/chemuza.org\/tr\/#\/schema\/logo\/image\/\",\"url\":\"https:\/\/chemuza.org\/tr\/wp-content\/uploads\/2023\/10\/chemuza-logo.png\",\"contentUrl\":\"https:\/\/chemuza.org\/tr\/wp-content\/uploads\/2023\/10\/chemuza-logo.png\",\"width\":387,\"height\":70,\"caption\":\"Chemuza\"},\"image\":{\"@id\":\"https:\/\/chemuza.org\/tr\/#\/schema\/logo\/image\/\"}}]}<\/script>\n<!-- \/ Yoast SEO plugin. -->","yoast_head_json":{"title":"Tenesus - Chemuza","robots":{"index":"index","follow":"follow","max-snippet":"max-snippet:-1","max-image-preview":"max-image-preview:large","max-video-preview":"max-video-preview:-1"},"canonical":"https:\/\/chemuza.org\/tr\/gergin\/","og_locale":"tr_TR","og_type":"article","og_title":"Tenesus - Chemuza","og_description":"Bu elementin daha \u00f6nce kimyasal simgesi Ef olan Ephelium olarak adland\u0131r\u0131ld\u0131\u011f\u0131n\u0131 biliyor muydunuz? Ayr\u0131ca Uluslararas\u0131 Temel ve Uygulamal\u0131 Kimya Birli\u011fi (IUPAC) yetkilileri taraf\u0131ndan Ununseptium olarak tan\u0131nm\u0131\u015ft\u0131r. Asl\u0131nda 21. y\u00fczy\u0131ldaki son ke\u015ffi onu uygulamalar a\u00e7\u0131s\u0131ndan az bilinen bir metal haline getiriyor. Her durumda size Teneso&#8217;nun \u00f6zellikleri, \u00f6zellikleri ve men\u015fei gibi en alakal\u0131 verileri b\u0131rak\u0131yoruz. Teneso nedir? ... Devam\u0131n\u0131 oku","og_url":"https:\/\/chemuza.org\/tr\/gergin\/","og_site_name":"Chemuza","twitter_card":"summary_large_image","twitter_misc":{"Tahmini okuma s\u00fcresi":"4 dakika"},"schema":{"@context":"https:\/\/schema.org","@graph":[{"@type":"WebPage","@id":"https:\/\/chemuza.org\/tr\/gergin\/","url":"https:\/\/chemuza.org\/tr\/gergin\/","name":"Tenesus - Chemuza","isPartOf":{"@id":"https:\/\/chemuza.org\/tr\/#website"},"datePublished":"2023-07-13T08:49:46+00:00","dateModified":"2023-07-13T08:49:46+00:00","breadcrumb":{"@id":"https:\/\/chemuza.org\/tr\/gergin\/#breadcrumb"},"inLanguage":"tr","potentialAction":[{"@type":"ReadAction","target":["https:\/\/chemuza.org\/tr\/gergin\/"]}]},{"@type":"BreadcrumbList","@id":"https:\/\/chemuza.org\/tr\/gergin\/#breadcrumb","itemListElement":[{"@type":"ListItem","position":1,"name":"Ev","item":"https:\/\/chemuza.org\/tr\/"},{"@type":"ListItem","position":2,"name":"Tenesos"}]},{"@type":"WebSite","@id":"https:\/\/chemuza.org\/tr\/#website","url":"https:\/\/chemuza.org\/tr\/","name":"Chemuza","description":"Kimyasal ke\u015fiflere a\u00e7\u0131lan kap\u0131n\u0131z!","publisher":{"@id":"https:\/\/chemuza.org\/tr\/#organization"},"potentialAction":[{"@type":"SearchAction","target":{"@type":"EntryPoint","urlTemplate":"https:\/\/chemuza.org\/tr\/?s={search_term_string}"},"query-input":"required name=search_term_string"}],"inLanguage":"tr"},{"@type":"Organization","@id":"https:\/\/chemuza.org\/tr\/#organization","name":"Chemuza","url":"https:\/\/chemuza.org\/tr\/","logo":{"@type":"ImageObject","inLanguage":"tr","@id":"https:\/\/chemuza.org\/tr\/#\/schema\/logo\/image\/","url":"https:\/\/chemuza.org\/tr\/wp-content\/uploads\/2023\/10\/chemuza-logo.png","contentUrl":"https:\/\/chemuza.org\/tr\/wp-content\/uploads\/2023\/10\/chemuza-logo.png","width":387,"height":70,"caption":"Chemuza"},"image":{"@id":"https:\/\/chemuza.org\/tr\/#\/schema\/logo\/image\/"}}]}},"yoast_meta":{"yoast_wpseo_title":"","yoast_wpseo_metadesc":"","yoast_wpseo_canonical":""},"_links":{"self":[{"href":"https:\/\/chemuza.org\/tr\/wp-json\/wp\/v2\/pages\/1541"}],"collection":[{"href":"https:\/\/chemuza.org\/tr\/wp-json\/wp\/v2\/pages"}],"about":[{"href":"https:\/\/chemuza.org\/tr\/wp-json\/wp\/v2\/types\/page"}],"author":[{"embeddable":true,"href":"https:\/\/chemuza.org\/tr\/wp-json\/wp\/v2\/users\/1"}],"replies":[{"embeddable":true,"href":"https:\/\/chemuza.org\/tr\/wp-json\/wp\/v2\/comments?post=1541"}],"version-history":[{"count":0,"href":"https:\/\/chemuza.org\/tr\/wp-json\/wp\/v2\/pages\/1541\/revisions"}],"wp:attachment":[{"href":"https:\/\/chemuza.org\/tr\/wp-json\/wp\/v2\/media?parent=1541"}],"curies":[{"name":"wp","href":"https:\/\/api.w.org\/{rel}","templated":true}]}}