{"id":1538,"date":"2023-07-13T10:29:28","date_gmt":"2023-07-13T10:29:28","guid":{"rendered":"https:\/\/chemuza.org\/tr\/nihonyum\/"},"modified":"2023-07-13T10:29:28","modified_gmt":"2023-07-13T10:29:28","slug":"nihonyum","status":"publish","type":"page","link":"https:\/\/chemuza.org\/tr\/nihonyum\/","title":{"rendered":"Nihonyum"},"content":{"rendered":"<p>Bu ismin co\u011frafi bir konuma i\u015faret etti\u011fini biliyor muydunuz? Asl\u0131nda Japonya&#8217;y\u0131 and\u0131r\u0131yor ve Asya k\u0131tas\u0131nda ke\u015ffedilen ilk elementi olu\u015fturuyor. \u00d6te yandan periyodik tabloda g\u00fcncellenen en son metallere de kar\u015f\u0131l\u0131k geliyor ve bu kimyasal element hakk\u0131nda hala \u00e7ok az \u015fey biliniyor. Her durumda, burada size Nihonium&#8217;un temel \u00f6zelliklerini ve \u00f6zelliklerini anlataca\u011f\u0131z.<\/p>\n<h2> <strong>Nihonyum nedir?<\/strong><\/h2>\n<p> Nihonium elementi transaktinit, transuranik, yapay olarak olu\u015fturulmu\u015f, olduk\u00e7a radyoaktif ve \u00e7ok k\u0131sa yar\u0131 \u00f6mre sahip bir kimyasald\u0131r. Periyod 7 ve grup 13&#8217;te veya bor kimyasal serisinde p-blok metalleri aras\u0131nda yer al\u0131r. Bilimsel tahminlere g\u00f6re Galyum, Al\u00fcminyum, Talyum ve \u0130ndiyum&#8217;a benzer \u00f6zellikler i\u00e7erebilen kat\u0131 bir metaldir. Ancak di\u011fer \u00e7al\u0131\u015fmalar bunun ge\u00e7i\u015f metallerine daha \u00e7ok benzedi\u011fini \u00f6ne s\u00fcr\u00fcyor.<\/p>\n<h3> <strong>Nihonyum sembol\u00fc<\/strong><\/h3>\n<p> <span class=\"content-chemical-element\" style=\"float: left;width: 65px;height: 65px;border: 3px solid #666; display:flex;\n    justify-content: center;align-items: center;margin-right: 15px;\"><span style=\"font-size: 38px;\">Nh<\/span><\/span> Kimyasal elementin sembol\u00fc, Japonca&#8217;da Japonya anlam\u0131na gelen <em>Nihon<\/em> s\u00f6zc\u00fc\u011f\u00fcnden gelen ad\u0131n\u0131n k\u0131saltmas\u0131d\u0131r. Ancak bundan \u00f6nce IUPAC, ge\u00e7ici olarak k\u0131saltmas\u0131 Uut olan <em>Ununtrio<\/em> olarak adland\u0131r\u0131lmas\u0131n\u0131 \u00f6nerdi. Bu isim Latince k\u00f6kenlidir ve bir, bir, \u00fc\u00e7 anlam\u0131na gelir, yani 113 anlam\u0131na gelir.<\/p>\n<h2> <strong>Nihonyumun \u00d6zellikleri<\/strong><\/h2>\n<p> Bu elementin kabu\u011funda 113 elektron, \u00e7ekirde\u011finde de ayn\u0131 say\u0131da proton vard\u0131r. Ayr\u0131ca atom a\u011f\u0131rl\u0131\u011f\u0131 286 amu&#8217;dur, 427 \u00b0C&#8217;de erir ve 1.127 \u00b0C&#8217;de kaynar. Ancak indirgenme ve oksidasyon s\u00fcre\u00e7leri hen\u00fcz \u00f6l\u00e7\u00fclmemi\u015ftir. Nihonium&#8217;un di\u011fer \u00f6zellikleri \u015funlard\u0131r:<\/p>\n<ul>\n<li> <strong>Durumu<\/strong> : Oda s\u0131cakl\u0131\u011f\u0131nda kat\u0131 bir madde oldu\u011fu san\u0131lmaktad\u0131r.<\/li>\n<li> <strong>G\u00f6r\u00fcn\u00fcm<\/strong> : G\u00f6r\u00fcn\u00fcm\u00fc bilinmiyor, ancak g\u00fcm\u00fc\u015f, gri veya beyaz oldu\u011fu tahmin ediliyor.<\/li>\n<li> <strong>N\u00fckleer Kararl\u0131l\u0131k<\/strong> : Bir miktar istikrars\u0131zl\u0131k sergiler, ancak elementin i\u00e7inde kararl\u0131l\u0131k adas\u0131 ad\u0131 verilen bir s\u00fcrecin meydana geldi\u011fine inan\u0131lmaktad\u0131r.<\/li>\n<li> <strong>Radyoaktivite<\/strong> : Olduk\u00e7a radyoaktiftir.<\/li>\n<li> <strong>A\u011f\u0131rl\u0131k<\/strong> : S\u00fcper a\u011f\u0131r olarak s\u0131n\u0131fland\u0131r\u0131l\u0131r.<\/li>\n<li> <strong>Metalik \u00d6zellikler<\/strong> : Muhtemelen metalik bir elementtir, di\u011fer analizler bunun bir ge\u00e7i\u015f metali oldu\u011funu g\u00f6stermektedir.<\/li>\n<li> <strong>Yar\u0131lanma \u00f6mr\u00fc<\/strong> : Yar\u0131lanma \u00f6mr\u00fc \u00e7ok k\u0131sa, 0,34 milisaniye ile 20 saniye aras\u0131nda.<\/li>\n<li> <strong>\u0130zotoplar<\/strong> : Elementin \u015fu anda bilinen 6 izotopu vard\u0131r; atom k\u00fctleleri 278 ila 286 aras\u0131nda olup, <sup>286<\/sup> Nh en kararl\u0131 olan\u0131d\u0131r.<\/li>\n<\/ul>\n<h2> <strong>Nihonium&#8217;un kimyasal ve fiziksel \u00f6zellikleri<\/strong><\/h2>\n<ol>\n<li> <strong>Atom numaras\u0131<\/strong> : 113 <strong>&nbsp;<\/strong><\/li>\n<li> <strong>Yo\u011funluk (g\/ml)<\/strong> : 16 kg\/m\u00b3<\/li>\n<li> <strong>Pas<\/strong> : Bilinmiyor<\/li>\n<li> <strong>Kovalent yar\u0131\u00e7ap (\u00c5)<\/strong> : 136 pm<\/li>\n<li> <strong>Oksidasyon durumlar\u0131<\/strong> : +1, +3, +5<\/li>\n<li> <strong>Birinci iyonla\u015fma enerjisi (eV)<\/strong> : 710 kJ\/mol<\/li>\n<li> <strong>Atom yar\u0131\u00e7ap\u0131 (\u00c5)<\/strong> : Veri yok <strong>&nbsp;<\/strong><\/li>\n<li> <strong>Elektronik konfig\u00fcrasyon<\/strong> : [Rn] 5f <sup>14<\/sup> 6d <sup>10<\/sup> 7s <sup>2<\/sup> 7p <sup>1<\/sup> <strong>&nbsp;<\/strong><\/li>\n<li> <strong>Kaynama noktas\u0131<\/strong> : 1127\u00b0C (1400 K)<\/li>\n<li> <strong>Seviye ba\u015f\u0131na elektronlar<\/strong> : 2, 8, 18, 32, 32, 18, 3<\/li>\n<li> <strong>Buharla\u015fma entalpisi<\/strong> : 130 kJ\/mol<\/li>\n<li> <strong>Elektronegatiflik<\/strong> : Veri yok <strong>&nbsp;<\/strong><\/li>\n<li> <strong>Erime noktas\u0131<\/strong> : 427\u00b0C (700K)<\/li>\n<li> <strong>\u00d6zg\u00fcl \u0131s\u0131<\/strong> : Veri yok<\/li>\n<li> <strong>Atom k\u00fctlesi (g\/mol)<\/strong> : 286 u<\/li>\n<li> <strong>F\u00fczyon entalpisi<\/strong> : Veri yok<\/li>\n<\/ol>\n<h2> <strong>Nihonium&#8217;un K\u00f6keni<\/strong><\/h2>\n<p> Ba\u015flang\u0131\u00e7ta FFRDC merkezinden bir grup Amerikal\u0131 ara\u015ft\u0131rmac\u0131n\u0131n yazarl\u0131k iddias\u0131nda bulunmas\u0131 nedeniyle ke\u015ffi tart\u0131\u015fmas\u0131z de\u011fildi. \u00c7al\u0131\u015fmalar\u0131 2003 ve 2004 y\u0131llar\u0131 aras\u0131nda Rus kimyagerlerden olu\u015fan bir ekiple i\u015fbirli\u011fi i\u00e7inde y\u00fcr\u00fct\u00fcld\u00fc. Ayn\u0131 \u015fekilde RIKEN laboratuvar\u0131ndaki Japon bilim adamlar\u0131 da bunu yapt\u0131 ve 2015 y\u0131l\u0131 sonunda elementi sentezlemeyi ba\u015fard\u0131lar.<\/p>\n<p> Nihonium hikayesine g\u00f6re Japon bilim insanlar\u0131, RIKEN radyoizotoplar\u0131n\u0131 \u00fcreten deneyler sonucunda ard\u0131\u015f\u0131k 6 alfa bozunmas\u0131ndan olu\u015fan bir zincir olu\u015fturmay\u0131 ba\u015fard\u0131lar. Dahas\u0131, onu kesin olarak tan\u0131nan n\u00fcklidlere bozunma yoluyla tan\u0131mlad\u0131lar. Ara\u015ft\u0131rma RIKEN Enstit\u00fcs\u00fc Nishina <em>H\u0131zland\u0131r\u0131c\u0131 Tabanl\u0131 Bilim Merkezi&#8217;nde<\/em> ger\u00e7ekle\u015ftirildi. Sonu\u00e7lar daha sonra <em>Journal of Physical Society&#8217;nin<\/em> Japonca bask\u0131s\u0131nda yay\u0131nland\u0131.<\/p>\n<h2> <strong>Nihonyum ne i\u00e7in kullan\u0131l\u0131r?<\/strong><\/h2>\n<p> Nihonyumun yar\u0131 \u00f6mr\u00fc birka\u00e7 milisaniye veya saniyelere inen bir element olmas\u0131 nedeniyle g\u00fcn\u00fcm\u00fczde ticari, evsel veya end\u00fcstriyel d\u00fczeyde herhangi bir kullan\u0131m\u0131 veya uygulamas\u0131 bulunmamaktad\u0131r. Ek olarak, karars\u0131z ve olduk\u00e7a radyoaktif oldu\u011fundan, kullan\u0131\u015fl\u0131l\u0131\u011f\u0131 yaln\u0131zca bilimsel ara\u015ft\u0131rmalara havale edilmektedir.<\/p>\n<h2> <strong>Nihonio isminin k\u00f6keni<\/strong><\/h2>\n<p> Mendeleev&#8217;in isimsiz elementlere ili\u015fkin isimlendirmesine g\u00f6re, bunun <em>dvi-indiyum<\/em> veya <em>eka-talyum<\/em> olarak adland\u0131r\u0131lmas\u0131 gerekir. Ancak 1979&#8217;daki IUPAC \u00f6nerilerine g\u00f6re ona <em>Ununtrio<\/em> ad\u0131n\u0131 verdiler ve resmi bir isim bulunana kadar bu \u015fekilde tan\u0131mland\u0131.<\/p>\n<p> Ancak bilimsel medya bu \u00f6nerileri g\u00f6z ard\u0131 etti ve asl\u0131nda onu <em>element 113<\/em> veya sadece 113 olarak adland\u0131rd\u0131. Ayn\u0131 zamanda <em>Tusfrano<\/em> veya <em>Trustano<\/em> olarak da biliniyordu. Daha sonra elementin <em>Nihonium<\/em> ad\u0131, Japon \u00fclkesine a\u00e7\u0131k bir sayg\u0131 duru\u015fu olarak Kas\u0131m 2016&#8217;da yasal olarak onayland\u0131.<\/p>\n<p> \u00d6zetle, Nihonium yapay, uranyum \u00f6tesi, transaktinit, radyoaktif, s\u00fcper a\u011f\u0131r bir kimyasal element olup yar\u0131 \u00f6mr\u00fc \u00e7ok k\u0131sa ve karars\u0131zd\u0131r. Bilimsel \u00e7al\u0131\u015fmalara g\u00f6re Bor grubuna benzer \u00f6zelliklere sahip metalik renkli bir kat\u0131d\u0131r. Yaln\u0131zca ara\u015ft\u0131rma ama\u00e7l\u0131 uygulamalara sahiptir.<\/p>\n","protected":false},"excerpt":{"rendered":"<p>Bu ismin co\u011frafi bir konuma i\u015faret etti\u011fini biliyor muydunuz? Asl\u0131nda Japonya&#8217;y\u0131 and\u0131r\u0131yor ve Asya k\u0131tas\u0131nda ke\u015ffedilen ilk elementi olu\u015fturuyor. \u00d6te yandan periyodik tabloda g\u00fcncellenen en son metallere de kar\u015f\u0131l\u0131k geliyor ve bu kimyasal element hakk\u0131nda hala \u00e7ok az \u015fey biliniyor. Her durumda, burada size Nihonium&#8217;un temel \u00f6zelliklerini ve \u00f6zelliklerini anlataca\u011f\u0131z. Nihonyum nedir? Nihonium elementi transaktinit, &#8230; <a title=\"Nihonyum\" class=\"read-more\" href=\"https:\/\/chemuza.org\/tr\/nihonyum\/\" aria-label=\"More on Nihonyum\">Devam\u0131n\u0131 oku<\/a><\/p>\n","protected":false},"author":1,"featured_media":0,"parent":0,"menu_order":0,"comment_status":"closed","ping_status":"closed","template":"","meta":{"footnotes":""},"yoast_head":"<!-- This site is optimized with the Yoast SEO plugin v21.4 - https:\/\/yoast.com\/wordpress\/plugins\/seo\/ -->\n<title>Nihonyum - Chemuza<\/title>\n<meta name=\"robots\" content=\"index, follow, max-snippet:-1, max-image-preview:large, max-video-preview:-1\" \/>\n<link rel=\"canonical\" href=\"https:\/\/chemuza.org\/tr\/nihonyum\/\" \/>\n<meta property=\"og:locale\" content=\"tr_TR\" \/>\n<meta property=\"og:type\" content=\"article\" \/>\n<meta property=\"og:title\" content=\"Nihonyum - Chemuza\" \/>\n<meta property=\"og:description\" content=\"Bu ismin co\u011frafi bir konuma i\u015faret etti\u011fini biliyor muydunuz? Asl\u0131nda Japonya&#8217;y\u0131 and\u0131r\u0131yor ve Asya k\u0131tas\u0131nda ke\u015ffedilen ilk elementi olu\u015fturuyor. \u00d6te yandan periyodik tabloda g\u00fcncellenen en son metallere de kar\u015f\u0131l\u0131k geliyor ve bu kimyasal element hakk\u0131nda hala \u00e7ok az \u015fey biliniyor. Her durumda, burada size Nihonium&#8217;un temel \u00f6zelliklerini ve \u00f6zelliklerini anlataca\u011f\u0131z. Nihonyum nedir? Nihonium elementi transaktinit, ... Devam\u0131n\u0131 oku\" \/>\n<meta property=\"og:url\" content=\"https:\/\/chemuza.org\/tr\/nihonyum\/\" \/>\n<meta property=\"og:site_name\" content=\"Chemuza\" \/>\n<meta name=\"twitter:card\" content=\"summary_large_image\" \/>\n<meta name=\"twitter:label1\" content=\"Tahmini okuma s\u00fcresi\" \/>\n\t<meta name=\"twitter:data1\" content=\"4 dakika\" \/>\n<script type=\"application\/ld+json\" class=\"yoast-schema-graph\">{\"@context\":\"https:\/\/schema.org\",\"@graph\":[{\"@type\":\"WebPage\",\"@id\":\"https:\/\/chemuza.org\/tr\/nihonyum\/\",\"url\":\"https:\/\/chemuza.org\/tr\/nihonyum\/\",\"name\":\"Nihonyum - Chemuza\",\"isPartOf\":{\"@id\":\"https:\/\/chemuza.org\/tr\/#website\"},\"datePublished\":\"2023-07-13T10:29:28+00:00\",\"dateModified\":\"2023-07-13T10:29:28+00:00\",\"breadcrumb\":{\"@id\":\"https:\/\/chemuza.org\/tr\/nihonyum\/#breadcrumb\"},\"inLanguage\":\"tr\",\"potentialAction\":[{\"@type\":\"ReadAction\",\"target\":[\"https:\/\/chemuza.org\/tr\/nihonyum\/\"]}]},{\"@type\":\"BreadcrumbList\",\"@id\":\"https:\/\/chemuza.org\/tr\/nihonyum\/#breadcrumb\",\"itemListElement\":[{\"@type\":\"ListItem\",\"position\":1,\"name\":\"Ev\",\"item\":\"https:\/\/chemuza.org\/tr\/\"},{\"@type\":\"ListItem\",\"position\":2,\"name\":\"Nihonyum\"}]},{\"@type\":\"WebSite\",\"@id\":\"https:\/\/chemuza.org\/tr\/#website\",\"url\":\"https:\/\/chemuza.org\/tr\/\",\"name\":\"Chemuza\",\"description\":\"Kimyasal ke\u015fiflere a\u00e7\u0131lan kap\u0131n\u0131z!\",\"publisher\":{\"@id\":\"https:\/\/chemuza.org\/tr\/#organization\"},\"potentialAction\":[{\"@type\":\"SearchAction\",\"target\":{\"@type\":\"EntryPoint\",\"urlTemplate\":\"https:\/\/chemuza.org\/tr\/?s={search_term_string}\"},\"query-input\":\"required name=search_term_string\"}],\"inLanguage\":\"tr\"},{\"@type\":\"Organization\",\"@id\":\"https:\/\/chemuza.org\/tr\/#organization\",\"name\":\"Chemuza\",\"url\":\"https:\/\/chemuza.org\/tr\/\",\"logo\":{\"@type\":\"ImageObject\",\"inLanguage\":\"tr\",\"@id\":\"https:\/\/chemuza.org\/tr\/#\/schema\/logo\/image\/\",\"url\":\"https:\/\/chemuza.org\/tr\/wp-content\/uploads\/2023\/10\/chemuza-logo.png\",\"contentUrl\":\"https:\/\/chemuza.org\/tr\/wp-content\/uploads\/2023\/10\/chemuza-logo.png\",\"width\":387,\"height\":70,\"caption\":\"Chemuza\"},\"image\":{\"@id\":\"https:\/\/chemuza.org\/tr\/#\/schema\/logo\/image\/\"}}]}<\/script>\n<!-- \/ Yoast SEO plugin. -->","yoast_head_json":{"title":"Nihonyum - Chemuza","robots":{"index":"index","follow":"follow","max-snippet":"max-snippet:-1","max-image-preview":"max-image-preview:large","max-video-preview":"max-video-preview:-1"},"canonical":"https:\/\/chemuza.org\/tr\/nihonyum\/","og_locale":"tr_TR","og_type":"article","og_title":"Nihonyum - Chemuza","og_description":"Bu ismin co\u011frafi bir konuma i\u015faret etti\u011fini biliyor muydunuz? Asl\u0131nda Japonya&#8217;y\u0131 and\u0131r\u0131yor ve Asya k\u0131tas\u0131nda ke\u015ffedilen ilk elementi olu\u015fturuyor. \u00d6te yandan periyodik tabloda g\u00fcncellenen en son metallere de kar\u015f\u0131l\u0131k geliyor ve bu kimyasal element hakk\u0131nda hala \u00e7ok az \u015fey biliniyor. Her durumda, burada size Nihonium&#8217;un temel \u00f6zelliklerini ve \u00f6zelliklerini anlataca\u011f\u0131z. Nihonyum nedir? Nihonium elementi transaktinit, ... Devam\u0131n\u0131 oku","og_url":"https:\/\/chemuza.org\/tr\/nihonyum\/","og_site_name":"Chemuza","twitter_card":"summary_large_image","twitter_misc":{"Tahmini okuma s\u00fcresi":"4 dakika"},"schema":{"@context":"https:\/\/schema.org","@graph":[{"@type":"WebPage","@id":"https:\/\/chemuza.org\/tr\/nihonyum\/","url":"https:\/\/chemuza.org\/tr\/nihonyum\/","name":"Nihonyum - Chemuza","isPartOf":{"@id":"https:\/\/chemuza.org\/tr\/#website"},"datePublished":"2023-07-13T10:29:28+00:00","dateModified":"2023-07-13T10:29:28+00:00","breadcrumb":{"@id":"https:\/\/chemuza.org\/tr\/nihonyum\/#breadcrumb"},"inLanguage":"tr","potentialAction":[{"@type":"ReadAction","target":["https:\/\/chemuza.org\/tr\/nihonyum\/"]}]},{"@type":"BreadcrumbList","@id":"https:\/\/chemuza.org\/tr\/nihonyum\/#breadcrumb","itemListElement":[{"@type":"ListItem","position":1,"name":"Ev","item":"https:\/\/chemuza.org\/tr\/"},{"@type":"ListItem","position":2,"name":"Nihonyum"}]},{"@type":"WebSite","@id":"https:\/\/chemuza.org\/tr\/#website","url":"https:\/\/chemuza.org\/tr\/","name":"Chemuza","description":"Kimyasal ke\u015fiflere a\u00e7\u0131lan kap\u0131n\u0131z!","publisher":{"@id":"https:\/\/chemuza.org\/tr\/#organization"},"potentialAction":[{"@type":"SearchAction","target":{"@type":"EntryPoint","urlTemplate":"https:\/\/chemuza.org\/tr\/?s={search_term_string}"},"query-input":"required name=search_term_string"}],"inLanguage":"tr"},{"@type":"Organization","@id":"https:\/\/chemuza.org\/tr\/#organization","name":"Chemuza","url":"https:\/\/chemuza.org\/tr\/","logo":{"@type":"ImageObject","inLanguage":"tr","@id":"https:\/\/chemuza.org\/tr\/#\/schema\/logo\/image\/","url":"https:\/\/chemuza.org\/tr\/wp-content\/uploads\/2023\/10\/chemuza-logo.png","contentUrl":"https:\/\/chemuza.org\/tr\/wp-content\/uploads\/2023\/10\/chemuza-logo.png","width":387,"height":70,"caption":"Chemuza"},"image":{"@id":"https:\/\/chemuza.org\/tr\/#\/schema\/logo\/image\/"}}]}},"yoast_meta":{"yoast_wpseo_title":"","yoast_wpseo_metadesc":"","yoast_wpseo_canonical":""},"_links":{"self":[{"href":"https:\/\/chemuza.org\/tr\/wp-json\/wp\/v2\/pages\/1538"}],"collection":[{"href":"https:\/\/chemuza.org\/tr\/wp-json\/wp\/v2\/pages"}],"about":[{"href":"https:\/\/chemuza.org\/tr\/wp-json\/wp\/v2\/types\/page"}],"author":[{"embeddable":true,"href":"https:\/\/chemuza.org\/tr\/wp-json\/wp\/v2\/users\/1"}],"replies":[{"embeddable":true,"href":"https:\/\/chemuza.org\/tr\/wp-json\/wp\/v2\/comments?post=1538"}],"version-history":[{"count":0,"href":"https:\/\/chemuza.org\/tr\/wp-json\/wp\/v2\/pages\/1538\/revisions"}],"wp:attachment":[{"href":"https:\/\/chemuza.org\/tr\/wp-json\/wp\/v2\/media?parent=1538"}],"curies":[{"name":"wp","href":"https:\/\/api.w.org\/{rel}","templated":true}]}}