{"id":1537,"date":"2023-07-13T11:01:29","date_gmt":"2023-07-13T11:01:29","guid":{"rendered":"https:\/\/chemuza.org\/tr\/moskovali\/"},"modified":"2023-07-13T11:01:29","modified_gmt":"2023-07-13T11:01:29","slug":"moskovali","status":"publish","type":"page","link":"https:\/\/chemuza.org\/tr\/moskovali\/","title":{"rendered":"Muskovi"},"content":{"rendered":"<p>Muskovyum, yer kabu\u011funda bulunmayan ve yak\u0131n zamanda ke\u015ffedilen s\u00fcper a\u011f\u0131r, sentetik bir elementtir. Atom numaras\u0131 92&#8217;den b\u00fcy\u00fck oldu\u011fundan uranyum \u00f6tesi elementler kategorisine girer. Par\u00e7ac\u0131k h\u0131zland\u0131r\u0131c\u0131da elde edilir ve h\u0131zla bozunan az say\u0131da \u00f6rnek bulunur. \u015eimdi \u00f6zellikleri ve \u00f6zellikleri hakk\u0131nda daha fazla bilgi edinin.<\/p>\n<h2> <strong>Moscovium nedir?<\/strong><\/h2>\n<p> Atom numaras\u0131 115 olan P-blok metallerinde bulunan nispeten yeni bir kimyasal elementtir. Daha \u00f6nce Unumpentium olarak bilinen radyoaktif ve sentetik yap\u0131dad\u0131r. Ayr\u0131ca Nihonyum ve Flerovyum&#8217;a benzer a\u011f\u0131r bir atom bile\u015fiminden olu\u015fur. 287&#8217;den 290&#8217;a kadar 4 izotopu vard\u0131r; burada 289, 184 n\u00f6tronla en kararl\u0131 olan\u0131d\u0131r ve birka\u00e7 saniye ya\u015far.<\/p>\n<h3> <strong>Muscovy&#8217;nin sembol\u00fc<\/strong><\/h3>\n<p> <span class=\"content-chemical-element\" style=\"float: left; width: 65px; height: 65px; border: 3px solid #666; display: flex; justify-content: center; align-items: center; margin-right: 15px;\"><span style=\"font-size: 38px;\">Mc,<\/span><\/span> Dubna&#8217;da N\u00fckleer Fisyon Laboratuvar\u0131&#8217;nda ke\u015ffedildi\u011fi i\u00e7in bu ismi Rusya&#8217;n\u0131n ba\u015fkenti Moskova&#8217;n\u0131n onuruna ald\u0131. Orada, \u00e7ekirde\u011finde 115 protondan olu\u015ftu\u011fu i\u00e7in ba\u015flang\u0131\u00e7ta Unumpentio ad\u0131n\u0131 verdikleri elementin yaln\u0131zca 4 atomunun sentezlenmesinden olu\u015fan deneyler yap\u0131ld\u0131. Kelime Latince unos ve Yunanca be\u015f veya be\u015fgen anlam\u0131na gelen pente kelimelerinden gelir.<\/p>\n<h2> <strong>Moscovium&#8217;un \u00d6zellikleri<\/strong><\/h2>\n<p> Muscovium elementinin atom k\u00fctlesi 288&#8217;dir ve periyodik tablonun 15. grubunda yer al\u0131r. Olduk\u00e7a radyoaktiftir ve havada yaln\u0131zca birka\u00e7 dakika ya\u015far. \u00c7ok ge\u00e7ici oldu\u011fundan \u00e7ekirde\u011finde yaln\u0131zca 4 izotop bilinmektedir. Do\u011fada bulunmayan a\u011f\u0131r ve karars\u0131z bir metaldir. Moscovium&#8217;un di\u011fer \u00f6zellikleri \u015funlard\u0131r:<\/p>\n<ul>\n<li> <strong>Durumu<\/strong> : Kat\u0131 ve metalik oldu\u011fu varsay\u0131lmaktad\u0131r.<\/li>\n<li> <strong>Renk:<\/strong> Beyaz ve g\u00fcm\u00fc\u015f tonlar\u0131nda grimsi.<\/li>\n<li> <strong>Radyoaktivite<\/strong> : Y\u00fcksek.<\/li>\n<li> <strong>\u00c7\u00f6z\u00fcn\u00fcrl\u00fck<\/strong> : Belirtilmemi\u015f.<\/li>\n<li> <strong>Reaktivite:<\/strong> Radyoaktif do\u011fas\u0131 g\u00f6z \u00f6n\u00fcne al\u0131nd\u0131\u011f\u0131nda y\u00fcksek oldu\u011fu varsay\u0131lmaktad\u0131r.<\/li>\n<li> <strong>Kristal yap\u0131s\u0131<\/strong> : Belirlenmemi\u015ftir.<\/li>\n<li> <strong>Bile\u015fimi<\/strong> : A\u011f\u0131rd\u0131r, \u00e7\u00fcnk\u00fc 115 elektronu ve protonu, 175 n\u00f6tronu vard\u0131r.<\/li>\n<li> <strong>\u0130zotoplar<\/strong> : D\u00f6rt tane var ama karars\u0131z ve k\u0131sa \u00f6m\u00fcrl\u00fc.<\/li>\n<\/ul>\n<h2> <strong>Moscovium&#8217;un kimyasal ve fiziksel \u00f6zellikleri<\/strong><\/h2>\n<ol>\n<li> <strong>Atom numaras\u0131<\/strong> : 115<\/li>\n<li> <strong>Grup<\/strong> : 15<\/li>\n<li> <strong>D\u00f6nem<\/strong> : 7<\/li>\n<li> <strong>Engelle<\/strong> \ud83d\ude1b<\/li>\n<li> <strong>Yo\u011funluk (g\/ml)<\/strong> : Hesaplanmam\u0131\u015ft\u0131r.<\/li>\n<li> <strong>Oksidasyon durumlar\u0131<\/strong> : 1.3<\/li>\n<li> <strong>Atom k\u00fctlesi (g\/mol)<\/strong> : 288 u<\/li>\n<li> <strong>Ola\u011fan durum<\/strong> : Kat\u0131.<\/li>\n<li> <strong>Kovalent yar\u0131\u00e7ap<\/strong> : 162<\/li>\n<li> <strong>\u00d6zg\u00fcl \u0131s\u0131<\/strong> : Veri yok <strong>&nbsp;<\/strong><\/li>\n<li> <strong>Elektronegatiflik<\/strong> : Veri yok.<\/li>\n<li> <strong>Erime noktas\u0131<\/strong> : Bilinmiyor.<\/li>\n<li> <strong>Seviye ba\u015f\u0131na elektronlar<\/strong> : 2, 8, 18, 32, 32, 18, 5.<\/li>\n<li> <strong>Kaynama noktas\u0131<\/strong> : Hesaplanmam\u0131\u015ft\u0131r.<\/li>\n<li> <strong>Birinci iyonla\u015fma potansiyeli (eV)<\/strong> : Bilinmiyor.<\/li>\n<li> <strong>Ses h\u0131z\u0131<\/strong> : Belirtilmemi\u015f.<\/li>\n<li> <strong>Elektronik konfig\u00fcrasyon<\/strong> : [Rn] 5f14 6d10 7s2 7p3<\/li>\n<\/ol>\n<h2> <strong>Muscovy&#8217;nin K\u00f6keni<\/strong><\/h2>\n<p> Moscovium elementi 2004 y\u0131l\u0131nda Rusya&#8217;n\u0131n Dubna kentindeki Merkezi N\u00fckleer Ara\u015ft\u0131rma Enstit\u00fcs\u00fc&#8217;nde ke\u015ffedildi. Sorumlu bilim adamlar\u0131, elementin atomlar\u0131n\u0131 \u00fcretmek i\u00e7in Americium 243 izotopunu Kalsiyum 48 ile bombalad\u0131lar. Elde edilen sonu\u00e7, yakla\u015f\u0131k 100 milisaniyede Nihonium&#8217;da alfa damlac\u0131klar\u0131n\u0131n yay\u0131lmas\u0131yla par\u00e7alanan d\u00f6rt par\u00e7ac\u0131kt\u0131.<\/p>\n<p> Daha sonra, 2013 y\u0131l\u0131nda \u0130sve\u00e7li ara\u015ft\u0131rmac\u0131lardan olu\u015fan ba\u015fka bir ekip, bir veya daha fazla elektronun sal\u0131nd\u0131\u011f\u0131 bir s\u00fcre\u00e7 olan fotonik bir deney yoluyla elementin varl\u0131\u011f\u0131n\u0131 do\u011frulad\u0131. Son olarak Aral\u0131k 2016&#8217;da Temel ve Uygulamal\u0131 Kimya Birli\u011fi onun kimyasal yap\u0131s\u0131n\u0131 ve di\u011fer elementlerle birlikte periyodik tabloya dahil edilmesini onaylad\u0131.<\/p>\n<h2> <strong>Moscovium ne i\u00e7in kullan\u0131l\u0131r?<\/strong><\/h2>\n<p> Moscovium&#8217;un kullan\u0131m\u0131 neredeyse yeni bir element oldu\u011fundan s\u0131f\u0131rd\u0131r. \u00dcretimi s\u0131ras\u0131nda sadece 4 atom elde edildi\u011finden ve h\u0131zla par\u00e7aland\u0131\u011f\u0131ndan uygulamalar\u0131 bilimsel ara\u015ft\u0131rmalara a\u00e7\u0131kt\u0131r. Ek olarak Nihonium gibi di\u011fer sentetik bile\u015fiklerin olu\u015fturulmas\u0131nda da kullan\u0131labilir.<\/p>\n<h2> <strong>Moscovium&#8217;un Edinilmesi<\/strong><\/h2>\n<p> Muscovium kimyasal elementi, \u00f6zel radyasyon laboratuvarlar\u0131nda Americium izotoplar\u0131n\u0131n Kalsiyum 48 iyonlar\u0131 ile bombard\u0131man edilmesiyle \u00fcretilir. \u0130\u015flem siklotron veya par\u00e7ac\u0131k h\u0131zland\u0131r\u0131c\u0131da \u00f6zel bir gaz ay\u0131r\u0131c\u0131yla ger\u00e7ekle\u015ftirilir. \u0130\u015flem s\u0131ras\u0131nda bozunarak sentetik metali olu\u015fturan 4 karars\u0131z izotop elde edilir.<\/p>\n<h2> <strong>Moscovium nerede bulunur?<\/strong><\/h2>\n<p> Americium&#8217;un Kalsiyum iyonlar\u0131yla bombard\u0131man edilmesiyle elde edildi\u011finden, mevcut az say\u0131da \u00f6rnek \u00f6zel radyasyon tesislerinde bulunmaktad\u0131r. Atomlar\u0131n\u0131n \u00f6mr\u00fc \u00e7ok k\u0131sa oldu\u011fundan onu tam olarak incelemek m\u00fcmk\u00fcn olmad\u0131.<\/p>\n<h2> <strong>Sa\u011fl\u0131k ve \u00e7evre \u00fczerindeki olumsuz etkiler<\/strong><\/h2>\n<p> Bu element olduk\u00e7a radyoaktiftir ve olas\u0131 hasarlar\u0131 \u00f6nlemek i\u00e7in laboratuvarlarda s\u0131k\u0131 g\u00fcvenlik \u00f6nlemleri alt\u0131nda i\u015flenmesi gerekti\u011fi d\u00fc\u015f\u00fcn\u00fclmektedir. Ancak sentetik olmas\u0131 ve \u00f6rne\u011fi az olmas\u0131 nedeniyle sa\u011fl\u0131\u011fa ve do\u011fal \u00e7evreye zarar vermesi pek m\u00fcmk\u00fcn de\u011fildir.<\/p>\n<p> \u00d6zetle, Muscovium kimyasal elementi, a\u011f\u0131r atom bile\u015fimi nedeniyle do\u011fas\u0131 gere\u011fi uranyum \u00f6tesidir. Son zamanlarda ke\u015ffedilmesi nedeniyle bir \u00e7al\u0131\u015fma nesnesi olmaya devam ediyor. Sentetik olmas\u0131 ve \u00e7abuk par\u00e7alanmas\u0131 nedeniyle g\u00fcnl\u00fck hayatta, kimya ve end\u00fcstriyel sekt\u00f6rlerdeki uygulamalar\u0131 bilinmemektedir.<\/p>\n","protected":false},"excerpt":{"rendered":"<p>Muskovyum, yer kabu\u011funda bulunmayan ve yak\u0131n zamanda ke\u015ffedilen s\u00fcper a\u011f\u0131r, sentetik bir elementtir. Atom numaras\u0131 92&#8217;den b\u00fcy\u00fck oldu\u011fundan uranyum \u00f6tesi elementler kategorisine girer. Par\u00e7ac\u0131k h\u0131zland\u0131r\u0131c\u0131da elde edilir ve h\u0131zla bozunan az say\u0131da \u00f6rnek bulunur. \u015eimdi \u00f6zellikleri ve \u00f6zellikleri hakk\u0131nda daha fazla bilgi edinin. Moscovium nedir? Atom numaras\u0131 115 olan P-blok metallerinde bulunan nispeten yeni bir &#8230; <a title=\"Muskovi\" class=\"read-more\" href=\"https:\/\/chemuza.org\/tr\/moskovali\/\" aria-label=\"More on Muskovi\">Devam\u0131n\u0131 oku<\/a><\/p>\n","protected":false},"author":1,"featured_media":0,"parent":0,"menu_order":0,"comment_status":"closed","ping_status":"closed","template":"","meta":{"footnotes":""},"yoast_head":"<!-- This site is optimized with the Yoast SEO plugin v21.4 - https:\/\/yoast.com\/wordpress\/plugins\/seo\/ -->\n<title>Muscovy - Chemuza<\/title>\n<meta name=\"robots\" content=\"index, follow, max-snippet:-1, max-image-preview:large, max-video-preview:-1\" \/>\n<link rel=\"canonical\" href=\"https:\/\/chemuza.org\/tr\/moskovali\/\" \/>\n<meta property=\"og:locale\" content=\"tr_TR\" \/>\n<meta property=\"og:type\" content=\"article\" \/>\n<meta property=\"og:title\" content=\"Muscovy - Chemuza\" \/>\n<meta property=\"og:description\" content=\"Muskovyum, yer kabu\u011funda bulunmayan ve yak\u0131n zamanda ke\u015ffedilen s\u00fcper a\u011f\u0131r, sentetik bir elementtir. Atom numaras\u0131 92&#8217;den b\u00fcy\u00fck oldu\u011fundan uranyum \u00f6tesi elementler kategorisine girer. Par\u00e7ac\u0131k h\u0131zland\u0131r\u0131c\u0131da elde edilir ve h\u0131zla bozunan az say\u0131da \u00f6rnek bulunur. \u015eimdi \u00f6zellikleri ve \u00f6zellikleri hakk\u0131nda daha fazla bilgi edinin. Moscovium nedir? Atom numaras\u0131 115 olan P-blok metallerinde bulunan nispeten yeni bir ... Devam\u0131n\u0131 oku\" \/>\n<meta property=\"og:url\" content=\"https:\/\/chemuza.org\/tr\/moskovali\/\" \/>\n<meta property=\"og:site_name\" content=\"Chemuza\" \/>\n<meta name=\"twitter:card\" content=\"summary_large_image\" \/>\n<meta name=\"twitter:label1\" content=\"Tahmini okuma s\u00fcresi\" \/>\n\t<meta name=\"twitter:data1\" content=\"4 dakika\" \/>\n<script type=\"application\/ld+json\" class=\"yoast-schema-graph\">{\"@context\":\"https:\/\/schema.org\",\"@graph\":[{\"@type\":\"WebPage\",\"@id\":\"https:\/\/chemuza.org\/tr\/moskovali\/\",\"url\":\"https:\/\/chemuza.org\/tr\/moskovali\/\",\"name\":\"Muscovy - Chemuza\",\"isPartOf\":{\"@id\":\"https:\/\/chemuza.org\/tr\/#website\"},\"datePublished\":\"2023-07-13T11:01:29+00:00\",\"dateModified\":\"2023-07-13T11:01:29+00:00\",\"breadcrumb\":{\"@id\":\"https:\/\/chemuza.org\/tr\/moskovali\/#breadcrumb\"},\"inLanguage\":\"tr\",\"potentialAction\":[{\"@type\":\"ReadAction\",\"target\":[\"https:\/\/chemuza.org\/tr\/moskovali\/\"]}]},{\"@type\":\"BreadcrumbList\",\"@id\":\"https:\/\/chemuza.org\/tr\/moskovali\/#breadcrumb\",\"itemListElement\":[{\"@type\":\"ListItem\",\"position\":1,\"name\":\"Ev\",\"item\":\"https:\/\/chemuza.org\/tr\/\"},{\"@type\":\"ListItem\",\"position\":2,\"name\":\"Muskovi\"}]},{\"@type\":\"WebSite\",\"@id\":\"https:\/\/chemuza.org\/tr\/#website\",\"url\":\"https:\/\/chemuza.org\/tr\/\",\"name\":\"Chemuza\",\"description\":\"Kimyasal ke\u015fiflere a\u00e7\u0131lan kap\u0131n\u0131z!\",\"publisher\":{\"@id\":\"https:\/\/chemuza.org\/tr\/#organization\"},\"potentialAction\":[{\"@type\":\"SearchAction\",\"target\":{\"@type\":\"EntryPoint\",\"urlTemplate\":\"https:\/\/chemuza.org\/tr\/?s={search_term_string}\"},\"query-input\":\"required name=search_term_string\"}],\"inLanguage\":\"tr\"},{\"@type\":\"Organization\",\"@id\":\"https:\/\/chemuza.org\/tr\/#organization\",\"name\":\"Chemuza\",\"url\":\"https:\/\/chemuza.org\/tr\/\",\"logo\":{\"@type\":\"ImageObject\",\"inLanguage\":\"tr\",\"@id\":\"https:\/\/chemuza.org\/tr\/#\/schema\/logo\/image\/\",\"url\":\"https:\/\/chemuza.org\/tr\/wp-content\/uploads\/2023\/10\/chemuza-logo.png\",\"contentUrl\":\"https:\/\/chemuza.org\/tr\/wp-content\/uploads\/2023\/10\/chemuza-logo.png\",\"width\":387,\"height\":70,\"caption\":\"Chemuza\"},\"image\":{\"@id\":\"https:\/\/chemuza.org\/tr\/#\/schema\/logo\/image\/\"}}]}<\/script>\n<!-- \/ Yoast SEO plugin. -->","yoast_head_json":{"title":"Muscovy - Chemuza","robots":{"index":"index","follow":"follow","max-snippet":"max-snippet:-1","max-image-preview":"max-image-preview:large","max-video-preview":"max-video-preview:-1"},"canonical":"https:\/\/chemuza.org\/tr\/moskovali\/","og_locale":"tr_TR","og_type":"article","og_title":"Muscovy - Chemuza","og_description":"Muskovyum, yer kabu\u011funda bulunmayan ve yak\u0131n zamanda ke\u015ffedilen s\u00fcper a\u011f\u0131r, sentetik bir elementtir. Atom numaras\u0131 92&#8217;den b\u00fcy\u00fck oldu\u011fundan uranyum \u00f6tesi elementler kategorisine girer. Par\u00e7ac\u0131k h\u0131zland\u0131r\u0131c\u0131da elde edilir ve h\u0131zla bozunan az say\u0131da \u00f6rnek bulunur. \u015eimdi \u00f6zellikleri ve \u00f6zellikleri hakk\u0131nda daha fazla bilgi edinin. Moscovium nedir? Atom numaras\u0131 115 olan P-blok metallerinde bulunan nispeten yeni bir ... Devam\u0131n\u0131 oku","og_url":"https:\/\/chemuza.org\/tr\/moskovali\/","og_site_name":"Chemuza","twitter_card":"summary_large_image","twitter_misc":{"Tahmini okuma s\u00fcresi":"4 dakika"},"schema":{"@context":"https:\/\/schema.org","@graph":[{"@type":"WebPage","@id":"https:\/\/chemuza.org\/tr\/moskovali\/","url":"https:\/\/chemuza.org\/tr\/moskovali\/","name":"Muscovy - Chemuza","isPartOf":{"@id":"https:\/\/chemuza.org\/tr\/#website"},"datePublished":"2023-07-13T11:01:29+00:00","dateModified":"2023-07-13T11:01:29+00:00","breadcrumb":{"@id":"https:\/\/chemuza.org\/tr\/moskovali\/#breadcrumb"},"inLanguage":"tr","potentialAction":[{"@type":"ReadAction","target":["https:\/\/chemuza.org\/tr\/moskovali\/"]}]},{"@type":"BreadcrumbList","@id":"https:\/\/chemuza.org\/tr\/moskovali\/#breadcrumb","itemListElement":[{"@type":"ListItem","position":1,"name":"Ev","item":"https:\/\/chemuza.org\/tr\/"},{"@type":"ListItem","position":2,"name":"Muskovi"}]},{"@type":"WebSite","@id":"https:\/\/chemuza.org\/tr\/#website","url":"https:\/\/chemuza.org\/tr\/","name":"Chemuza","description":"Kimyasal ke\u015fiflere a\u00e7\u0131lan kap\u0131n\u0131z!","publisher":{"@id":"https:\/\/chemuza.org\/tr\/#organization"},"potentialAction":[{"@type":"SearchAction","target":{"@type":"EntryPoint","urlTemplate":"https:\/\/chemuza.org\/tr\/?s={search_term_string}"},"query-input":"required name=search_term_string"}],"inLanguage":"tr"},{"@type":"Organization","@id":"https:\/\/chemuza.org\/tr\/#organization","name":"Chemuza","url":"https:\/\/chemuza.org\/tr\/","logo":{"@type":"ImageObject","inLanguage":"tr","@id":"https:\/\/chemuza.org\/tr\/#\/schema\/logo\/image\/","url":"https:\/\/chemuza.org\/tr\/wp-content\/uploads\/2023\/10\/chemuza-logo.png","contentUrl":"https:\/\/chemuza.org\/tr\/wp-content\/uploads\/2023\/10\/chemuza-logo.png","width":387,"height":70,"caption":"Chemuza"},"image":{"@id":"https:\/\/chemuza.org\/tr\/#\/schema\/logo\/image\/"}}]}},"yoast_meta":{"yoast_wpseo_title":"","yoast_wpseo_metadesc":"","yoast_wpseo_canonical":""},"_links":{"self":[{"href":"https:\/\/chemuza.org\/tr\/wp-json\/wp\/v2\/pages\/1537"}],"collection":[{"href":"https:\/\/chemuza.org\/tr\/wp-json\/wp\/v2\/pages"}],"about":[{"href":"https:\/\/chemuza.org\/tr\/wp-json\/wp\/v2\/types\/page"}],"author":[{"embeddable":true,"href":"https:\/\/chemuza.org\/tr\/wp-json\/wp\/v2\/users\/1"}],"replies":[{"embeddable":true,"href":"https:\/\/chemuza.org\/tr\/wp-json\/wp\/v2\/comments?post=1537"}],"version-history":[{"count":0,"href":"https:\/\/chemuza.org\/tr\/wp-json\/wp\/v2\/pages\/1537\/revisions"}],"wp:attachment":[{"href":"https:\/\/chemuza.org\/tr\/wp-json\/wp\/v2\/media?parent=1537"}],"curies":[{"name":"wp","href":"https:\/\/api.w.org\/{rel}","templated":true}]}}