{"id":1533,"date":"2023-07-13T12:43:46","date_gmt":"2023-07-13T12:43:46","guid":{"rendered":"https:\/\/chemuza.org\/tr\/neptunyum\/"},"modified":"2023-07-13T12:43:46","modified_gmt":"2023-07-13T12:43:46","slug":"neptunyum","status":"publish","type":"page","link":"https:\/\/chemuza.org\/tr\/neptunyum\/","title":{"rendered":"Nept\u00fcnyum"},"content":{"rendered":"<p>\u015eu anda, bir k\u0131sm\u0131 do\u011fadan gelen Neptunyum&#8217;un yakla\u015f\u0131k 25 izotopu bilinmektedir. Ancak \u00e7o\u011fu laboratuvarda sentetik olarak \u00fcretiliyor. B\u00f6l\u00fcnebilir bir element oldu\u011fundan uzay end\u00fcstrisi ve ordu i\u00e7in faydal\u0131 olmu\u015ftur. Burada bu kimyasal elementle ilgili t\u00fcm bilgileri bulacaks\u0131n\u0131z.<\/p>\n<h2> <strong>Neptunyum nedir?<\/strong><\/h2>\n<p> Neptunyum kimyasal elementi, aktinit ailesinde d\u00f6rd\u00fcnc\u00fc s\u0131rada bulunan periyodik tablonun uranyum \u00f6tesi bir elementidir. Rengi g\u00fcm\u00fc\u015fi beyazd\u0131r, Uranyum ile kimyasal benzerlikleri vard\u0131r ve Karbon, Hidrojen, Oksijen, Fosfor, Halojenler ve K\u00fck\u00fcrt ile ikili bile\u015fikler olu\u015fturur. Ek olarak, +3&#8217;ten +7&#8217;ye kadar farkl\u0131 oksidasyon dereceleri vard\u0131r; +5 en kararl\u0131 olan\u0131d\u0131r.<\/p>\n<h3> <strong>Nept\u00fcnyum sembol\u00fc<\/strong><\/h3>\n<p> <span class=\"content-chemical-element\" style=\"float: left;width: 65px;height: 65px;border: 3px solid #666; display:flex;\n    justify-content: center;align-items: center;margin-right: 15px;\"><span style=\"font-size: 38px;\">Np<\/span><\/span> Atom numaras\u0131 93 ve atom k\u00fctlesi 237 olan periyodik tablonun 3. grup, 7. periyodunda yer al\u0131r. 24 radyoizotopu vard\u0131r, en kararl\u0131 olan\u0131 2,14 milyon y\u0131ll\u0131k yar\u0131 \u00f6mre sahip Neptunyum 237&#8217;dir. . Ad\u0131, Roma&#8217;daki eski mitolojik hikayelere g\u00f6re gezegene ve deniz tanr\u0131s\u0131na at\u0131fta bulunmaktad\u0131r.<\/p>\n<h2> <strong>Neptunyumun \u00d6zellikleri<\/strong><\/h2>\n<p> En reaktif metallerden biridir, iyonlar\u0131 hidrolize ve koordinasyon bile\u015fiklerinin olu\u015fumuna maruz kal\u0131r. Normal s\u0131cakl\u0131kta havaya maruz kald\u0131\u011f\u0131nda y\u00fczeyde oksitlenir ancak s\u0131cakl\u0131k artt\u0131k\u00e7a oksidasyon artar. Kaynama noktas\u0131 3000 dereceyi a\u015far ve s\u0131v\u0131 halde s\u0131cakl\u0131\u011f\u0131 daha y\u00fcksektir. Neptunium&#8217;un di\u011fer \u00f6zellikleri \u015funlard\u0131r:<\/p>\n<ul>\n<li> <strong>Kimyasal reaksiyon:<\/strong> Oksijenle reaksiyona girer ve su buhar\u0131n\u0131n asitlerle de ayr\u0131\u015fmas\u0131yla hidrojen a\u00e7\u0131\u011fa \u00e7\u0131karabilir.<\/li>\n<li> <strong>Parlakl\u0131k:<\/strong> metalik.<\/li>\n<li> <strong>Durumu:<\/strong> Do\u011fal haliyle sa\u011flam.<\/li>\n<li> <strong>Yap\u0131:<\/strong> Ortorombik, D\u00f6rtgen ve K\u00fcbik.<\/li>\n<li> <strong>Erime noktas\u0131:<\/strong> Nispeten d\u00fc\u015f\u00fck, yakla\u015f\u0131k 639\u00b0C&#8217;de erime.<\/li>\n<\/ul>\n<h2> <strong>Neptunyumun kimyasal ve fiziksel \u00f6zellikleri<\/strong><\/h2>\n<ol>\n<li> <strong>Atom numaras\u0131<\/strong> : 93<\/li>\n<li> <strong>D\u00f6nem:<\/strong> 7<\/li>\n<li> <strong>blok:<\/strong> f<\/li>\n<li> <strong>Ortalama yar\u0131\u00e7ap:<\/strong> 175<\/li>\n<li> <strong>Erime noktas\u0131:<\/strong> 910K<\/li>\n<li> <strong>Yo\u011funluk:<\/strong> 20250 kg\/ <sup>m3<\/sup><\/li>\n<li> <strong>Elektronegatiflik:<\/strong> 1.36<\/li>\n<li> <strong>F\u00fczyon entalpisi:<\/strong> 5,19 Kj\/mol<\/li>\n<li> <strong>Kaynama noktas\u0131:<\/strong> 4273 K<\/li>\n<li> <strong>Is\u0131 iletkenli\u011fi:<\/strong> 6,3W<\/li>\n<li> <strong>Elektronik konfig\u00fcrasyon:<\/strong> [Rn] 5f <sup>4<\/sup> 6d <sup>1<\/sup> 7s <sup>2<\/sup><\/li>\n<\/ol>\n<h2> <strong>Neptunyumun K\u00f6keni<\/strong><\/h2>\n<p> Neptunyum&#8217;un ke\u015ffinin ini\u015fleri ve \u00e7\u0131k\u0131\u015flar\u0131 oldu ve ba\u015far\u0131s\u0131z giri\u015fimlerden biri 1934&#8217;te Enrico Fermi taraf\u0131ndan yap\u0131ld\u0131. Bilim adam\u0131 yanl\u0131\u015fl\u0131kla 93. elementi ke\u015ffetti\u011fini iddia etti ve b\u00f6ylece uranyumun n\u00f6tronlarla bombard\u0131man edildi\u011fi hipotezini yaratt\u0131.<\/p>\n<p> Daha sonra 1938 y\u0131l\u0131nda kimyager Yvette Cauchois ve fizik\u00e7i Horia Hulubei, elementi do\u011fal mineral \u00f6rne\u011finde bulduklar\u0131n\u0131 iddia ettiler ancak bu yanl\u0131\u015f bir bilgiydi. Daha sonra 1940 y\u0131l\u0131nda kimyager Edwin Mattison McMillan ve fizik\u00e7i Philip Hauge Abelson bunu ilk kez Uranyum&#8217;u d\u00f6teronlarla y\u00fcksek h\u0131zda bombard\u0131man ederek elde ettiler. Bunu yapmak i\u00e7in, n\u00f6tronlar\u0131 yava\u015flatan ve onlar\u0131 <sup>uranyum-238 hedefine y\u00f6nlendiren siklotron ad\u0131 verilen bir makine kulland\u0131lar.<\/sup><\/p>\n<h2> <strong>Neptunyum ne i\u00e7in kullan\u0131l\u0131r?<\/strong><\/h2>\n<p> B\u00f6l\u00fcnebilir bir metal oldu\u011fundan n\u00fckleer silahlar i\u00e7in yak\u0131t olarak kullan\u0131ld\u0131\u011f\u0131 gibi askeri ve uzay end\u00fcstrilerinde de kullan\u0131lmaktad\u0131r. Ayr\u0131ca fizik ve kimya \u00e7al\u0131\u015fmalar\u0131nda da kullan\u0131lmaktad\u0131r ancak reaktifli\u011fi ve tehlikeleri nedeniyle Neptunyum&#8217;un kullan\u0131m alanlar\u0131 \u00e7ok geni\u015f de\u011fildir. Ba\u015fl\u0131ca uygulamalar\u0131 burada \u00f6zetlenmi\u015ftir:<\/p>\n<h3> <strong>End\u00fcstri<\/strong><\/h3>\n<p> Bilim adamlar\u0131, uzay end\u00fcstrisinde kullan\u0131lan n\u00fckleer enerji \u00fcretmek i\u00e7in kullan\u0131lan Pl\u00fctonyum 238&#8217;i yapmak i\u00e7in Neptunyum 237&#8217;yi kullan\u0131yor. Ayn\u0131 zamanda uzay mekiklerinin, deniz fenerlerinin \u00fcretiminde ve uydulara g\u00fc\u00e7 sa\u011flanmas\u0131nda da faydal\u0131d\u0131r. N\u00fckleer fizik ara\u015ft\u0131rmalar\u0131nda y\u00fcksek enerjili n\u00f6tronlar\u0131 tespit edebilen bir cihaz olu\u015fturmak i\u00e7in bile kullan\u0131l\u0131yor.<\/p>\n<p> Neptunyum ile n\u00fckleer silah yap\u0131ld\u0131\u011f\u0131n\u0131 s\u00f6ylemek m\u00fcmk\u00fcn olmasa da, 2002 y\u0131l\u0131nda bu metal ve uranyum katmanlar\u0131ndan ilk n\u00fckleer k\u00fctlenin yarat\u0131ld\u0131\u011f\u0131 do\u011frudur. Bu da bu elementin bomba yap\u0131m\u0131nda kullan\u0131ld\u0131\u011f\u0131n\u0131 a\u00e7\u0131k\u00e7a g\u00f6steriyor.<\/p>\n<h2> <strong>Neptunyum nas\u0131l elde edilir?<\/strong><\/h2>\n<p> Neptunyum elementi, 239 Pl\u00fctonyum \u00fcretiminde yan \u00fcr\u00fcn olarak bol miktarda elde edilir. Metalik formda elde etmek i\u00e7in neptunyum triflor\u00fcr\u00fcn baryum buhar\u0131 ile yakla\u015f\u0131k 1,20 santigrat derecede indirgenmesi gerekir.<\/p>\n<h2> <strong>Nept\u00fcnyum ve sa\u011fl\u0131k<\/strong><\/h2>\n<p> Tehlikeli ve reaktif oldu\u011fundan sindirim kanal\u0131nda, karaci\u011ferde ve kemiklerde birikerek kansere yol a\u00e7arak \u00f6l\u00fcmc\u00fcl hasara neden olabilir. Asl\u0131nda zehirlili\u011fi eldiven gibi koruyucu ekipmanlara n\u00fcfuz edebilecek kadar y\u00fcksek oldu\u011fundan kullan\u0131m\u0131 \u00e7ok dikkatli olmal\u0131d\u0131r.<\/p>\n<p> Sonu\u00e7 olarak Neptunyum&#8217;un simgesi Np&#8217;dir ve periyodik tabloda yer alan, g\u00fcm\u00fc\u015f-beyaz renkte, uranyum \u00f6tesi bir elementtir. Sadece n\u00fckleer ve uzay end\u00fcstrilerinde kullan\u0131l\u0131r, ancak reaktif olmas\u0131 nedeniyle sa\u011fl\u0131\u011fa ciddi zararlar verebilece\u011finden g\u00fcnl\u00fck hayatta kullan\u0131lmaz.<\/p>\n","protected":false},"excerpt":{"rendered":"<p>\u015eu anda, bir k\u0131sm\u0131 do\u011fadan gelen Neptunyum&#8217;un yakla\u015f\u0131k 25 izotopu bilinmektedir. Ancak \u00e7o\u011fu laboratuvarda sentetik olarak \u00fcretiliyor. B\u00f6l\u00fcnebilir bir element oldu\u011fundan uzay end\u00fcstrisi ve ordu i\u00e7in faydal\u0131 olmu\u015ftur. Burada bu kimyasal elementle ilgili t\u00fcm bilgileri bulacaks\u0131n\u0131z. Neptunyum nedir? Neptunyum kimyasal elementi, aktinit ailesinde d\u00f6rd\u00fcnc\u00fc s\u0131rada bulunan periyodik tablonun uranyum \u00f6tesi bir elementidir. Rengi g\u00fcm\u00fc\u015fi beyazd\u0131r, &#8230; <a title=\"Nept\u00fcnyum\" class=\"read-more\" href=\"https:\/\/chemuza.org\/tr\/neptunyum\/\" aria-label=\"More on Nept\u00fcnyum\">Devam\u0131n\u0131 oku<\/a><\/p>\n","protected":false},"author":1,"featured_media":0,"parent":0,"menu_order":0,"comment_status":"closed","ping_status":"closed","template":"","meta":{"footnotes":""},"yoast_head":"<!-- This site is optimized with the Yoast SEO plugin v21.4 - https:\/\/yoast.com\/wordpress\/plugins\/seo\/ -->\n<title>Nept\u00fcnyum - Chemuza<\/title>\n<meta name=\"robots\" content=\"index, follow, max-snippet:-1, max-image-preview:large, max-video-preview:-1\" \/>\n<link rel=\"canonical\" href=\"https:\/\/chemuza.org\/tr\/neptunyum\/\" \/>\n<meta property=\"og:locale\" content=\"tr_TR\" \/>\n<meta property=\"og:type\" content=\"article\" \/>\n<meta property=\"og:title\" content=\"Nept\u00fcnyum - Chemuza\" \/>\n<meta property=\"og:description\" content=\"\u015eu anda, bir k\u0131sm\u0131 do\u011fadan gelen Neptunyum&#8217;un yakla\u015f\u0131k 25 izotopu bilinmektedir. Ancak \u00e7o\u011fu laboratuvarda sentetik olarak \u00fcretiliyor. B\u00f6l\u00fcnebilir bir element oldu\u011fundan uzay end\u00fcstrisi ve ordu i\u00e7in faydal\u0131 olmu\u015ftur. Burada bu kimyasal elementle ilgili t\u00fcm bilgileri bulacaks\u0131n\u0131z. Neptunyum nedir? Neptunyum kimyasal elementi, aktinit ailesinde d\u00f6rd\u00fcnc\u00fc s\u0131rada bulunan periyodik tablonun uranyum \u00f6tesi bir elementidir. Rengi g\u00fcm\u00fc\u015fi beyazd\u0131r, ... Devam\u0131n\u0131 oku\" \/>\n<meta property=\"og:url\" content=\"https:\/\/chemuza.org\/tr\/neptunyum\/\" \/>\n<meta property=\"og:site_name\" content=\"Chemuza\" \/>\n<meta name=\"twitter:card\" content=\"summary_large_image\" \/>\n<meta name=\"twitter:label1\" content=\"Tahmini okuma s\u00fcresi\" \/>\n\t<meta name=\"twitter:data1\" content=\"4 dakika\" \/>\n<script type=\"application\/ld+json\" class=\"yoast-schema-graph\">{\"@context\":\"https:\/\/schema.org\",\"@graph\":[{\"@type\":\"WebPage\",\"@id\":\"https:\/\/chemuza.org\/tr\/neptunyum\/\",\"url\":\"https:\/\/chemuza.org\/tr\/neptunyum\/\",\"name\":\"Nept\u00fcnyum - Chemuza\",\"isPartOf\":{\"@id\":\"https:\/\/chemuza.org\/tr\/#website\"},\"datePublished\":\"2023-07-13T12:43:46+00:00\",\"dateModified\":\"2023-07-13T12:43:46+00:00\",\"breadcrumb\":{\"@id\":\"https:\/\/chemuza.org\/tr\/neptunyum\/#breadcrumb\"},\"inLanguage\":\"tr\",\"potentialAction\":[{\"@type\":\"ReadAction\",\"target\":[\"https:\/\/chemuza.org\/tr\/neptunyum\/\"]}]},{\"@type\":\"BreadcrumbList\",\"@id\":\"https:\/\/chemuza.org\/tr\/neptunyum\/#breadcrumb\",\"itemListElement\":[{\"@type\":\"ListItem\",\"position\":1,\"name\":\"Ev\",\"item\":\"https:\/\/chemuza.org\/tr\/\"},{\"@type\":\"ListItem\",\"position\":2,\"name\":\"Nept\u00fcnyum\"}]},{\"@type\":\"WebSite\",\"@id\":\"https:\/\/chemuza.org\/tr\/#website\",\"url\":\"https:\/\/chemuza.org\/tr\/\",\"name\":\"Chemuza\",\"description\":\"Kimyasal ke\u015fiflere a\u00e7\u0131lan kap\u0131n\u0131z!\",\"publisher\":{\"@id\":\"https:\/\/chemuza.org\/tr\/#organization\"},\"potentialAction\":[{\"@type\":\"SearchAction\",\"target\":{\"@type\":\"EntryPoint\",\"urlTemplate\":\"https:\/\/chemuza.org\/tr\/?s={search_term_string}\"},\"query-input\":\"required name=search_term_string\"}],\"inLanguage\":\"tr\"},{\"@type\":\"Organization\",\"@id\":\"https:\/\/chemuza.org\/tr\/#organization\",\"name\":\"Chemuza\",\"url\":\"https:\/\/chemuza.org\/tr\/\",\"logo\":{\"@type\":\"ImageObject\",\"inLanguage\":\"tr\",\"@id\":\"https:\/\/chemuza.org\/tr\/#\/schema\/logo\/image\/\",\"url\":\"https:\/\/chemuza.org\/tr\/wp-content\/uploads\/2023\/10\/chemuza-logo.png\",\"contentUrl\":\"https:\/\/chemuza.org\/tr\/wp-content\/uploads\/2023\/10\/chemuza-logo.png\",\"width\":387,\"height\":70,\"caption\":\"Chemuza\"},\"image\":{\"@id\":\"https:\/\/chemuza.org\/tr\/#\/schema\/logo\/image\/\"}}]}<\/script>\n<!-- \/ Yoast SEO plugin. -->","yoast_head_json":{"title":"Nept\u00fcnyum - Chemuza","robots":{"index":"index","follow":"follow","max-snippet":"max-snippet:-1","max-image-preview":"max-image-preview:large","max-video-preview":"max-video-preview:-1"},"canonical":"https:\/\/chemuza.org\/tr\/neptunyum\/","og_locale":"tr_TR","og_type":"article","og_title":"Nept\u00fcnyum - Chemuza","og_description":"\u015eu anda, bir k\u0131sm\u0131 do\u011fadan gelen Neptunyum&#8217;un yakla\u015f\u0131k 25 izotopu bilinmektedir. Ancak \u00e7o\u011fu laboratuvarda sentetik olarak \u00fcretiliyor. B\u00f6l\u00fcnebilir bir element oldu\u011fundan uzay end\u00fcstrisi ve ordu i\u00e7in faydal\u0131 olmu\u015ftur. Burada bu kimyasal elementle ilgili t\u00fcm bilgileri bulacaks\u0131n\u0131z. Neptunyum nedir? Neptunyum kimyasal elementi, aktinit ailesinde d\u00f6rd\u00fcnc\u00fc s\u0131rada bulunan periyodik tablonun uranyum \u00f6tesi bir elementidir. Rengi g\u00fcm\u00fc\u015fi beyazd\u0131r, ... Devam\u0131n\u0131 oku","og_url":"https:\/\/chemuza.org\/tr\/neptunyum\/","og_site_name":"Chemuza","twitter_card":"summary_large_image","twitter_misc":{"Tahmini okuma s\u00fcresi":"4 dakika"},"schema":{"@context":"https:\/\/schema.org","@graph":[{"@type":"WebPage","@id":"https:\/\/chemuza.org\/tr\/neptunyum\/","url":"https:\/\/chemuza.org\/tr\/neptunyum\/","name":"Nept\u00fcnyum - Chemuza","isPartOf":{"@id":"https:\/\/chemuza.org\/tr\/#website"},"datePublished":"2023-07-13T12:43:46+00:00","dateModified":"2023-07-13T12:43:46+00:00","breadcrumb":{"@id":"https:\/\/chemuza.org\/tr\/neptunyum\/#breadcrumb"},"inLanguage":"tr","potentialAction":[{"@type":"ReadAction","target":["https:\/\/chemuza.org\/tr\/neptunyum\/"]}]},{"@type":"BreadcrumbList","@id":"https:\/\/chemuza.org\/tr\/neptunyum\/#breadcrumb","itemListElement":[{"@type":"ListItem","position":1,"name":"Ev","item":"https:\/\/chemuza.org\/tr\/"},{"@type":"ListItem","position":2,"name":"Nept\u00fcnyum"}]},{"@type":"WebSite","@id":"https:\/\/chemuza.org\/tr\/#website","url":"https:\/\/chemuza.org\/tr\/","name":"Chemuza","description":"Kimyasal ke\u015fiflere a\u00e7\u0131lan kap\u0131n\u0131z!","publisher":{"@id":"https:\/\/chemuza.org\/tr\/#organization"},"potentialAction":[{"@type":"SearchAction","target":{"@type":"EntryPoint","urlTemplate":"https:\/\/chemuza.org\/tr\/?s={search_term_string}"},"query-input":"required name=search_term_string"}],"inLanguage":"tr"},{"@type":"Organization","@id":"https:\/\/chemuza.org\/tr\/#organization","name":"Chemuza","url":"https:\/\/chemuza.org\/tr\/","logo":{"@type":"ImageObject","inLanguage":"tr","@id":"https:\/\/chemuza.org\/tr\/#\/schema\/logo\/image\/","url":"https:\/\/chemuza.org\/tr\/wp-content\/uploads\/2023\/10\/chemuza-logo.png","contentUrl":"https:\/\/chemuza.org\/tr\/wp-content\/uploads\/2023\/10\/chemuza-logo.png","width":387,"height":70,"caption":"Chemuza"},"image":{"@id":"https:\/\/chemuza.org\/tr\/#\/schema\/logo\/image\/"}}]}},"yoast_meta":{"yoast_wpseo_title":"","yoast_wpseo_metadesc":"","yoast_wpseo_canonical":""},"_links":{"self":[{"href":"https:\/\/chemuza.org\/tr\/wp-json\/wp\/v2\/pages\/1533"}],"collection":[{"href":"https:\/\/chemuza.org\/tr\/wp-json\/wp\/v2\/pages"}],"about":[{"href":"https:\/\/chemuza.org\/tr\/wp-json\/wp\/v2\/types\/page"}],"author":[{"embeddable":true,"href":"https:\/\/chemuza.org\/tr\/wp-json\/wp\/v2\/users\/1"}],"replies":[{"embeddable":true,"href":"https:\/\/chemuza.org\/tr\/wp-json\/wp\/v2\/comments?post=1533"}],"version-history":[{"count":0,"href":"https:\/\/chemuza.org\/tr\/wp-json\/wp\/v2\/pages\/1533\/revisions"}],"wp:attachment":[{"href":"https:\/\/chemuza.org\/tr\/wp-json\/wp\/v2\/media?parent=1533"}],"curies":[{"name":"wp","href":"https:\/\/api.w.org\/{rel}","templated":true}]}}