{"id":1532,"date":"2023-07-13T13:07:32","date_gmt":"2023-07-13T13:07:32","guid":{"rendered":"https:\/\/chemuza.org\/tr\/protaktinyum\/"},"modified":"2023-07-13T13:07:32","modified_gmt":"2023-07-13T13:07:32","slug":"protaktinyum","status":"publish","type":"page","link":"https:\/\/chemuza.org\/tr\/protaktinyum\/","title":{"rendered":"Protaktinyum"},"content":{"rendered":"<p>Protaktinyum do\u011fadaki en nadir kimyasal elementlerden biridir. Yer kabu\u011funda milyarda yakla\u015f\u0131k 0,00001 par\u00e7a bulunur. Ayn\u0131 zamanda yakla\u015f\u0131k milyonda 0,1 par\u00e7a oran\u0131nda pitchblende olarak da mevcuttur. Bu, az say\u0131da uygulama bilinmesine ra\u011fmen onu b\u00fcy\u00fck parasal de\u011fere sahip bir malzeme haline getirir. Bu nadir metal hakk\u0131nda, k\u00f6keni ve periyodik tablodaki yeri gibi daha fazla bilgi edinin.<\/p>\n<h2> <strong>Protaktinyum nedir?<\/strong><\/h2>\n<p> Periyodik tablo Protaktinyum metalik bir kimyasal elementtir ve aktinit grubuna aittir. Yo\u011fun metalik parlakl\u0131\u011fa ve hatta baz\u0131 alt\u0131n tonlar\u0131na sahip g\u00fcm\u00fc\u015f rengindedir. Aktinitler aras\u0131nda \u00fc\u00e7\u00fcnc\u00fc s\u0131rada, elektronlar\u0131n ortaya \u00e7\u0131kt\u0131\u011f\u0131 ilk s\u0131rada yer al\u0131r. Ancak sulu \u00e7\u00f6zeltideki davran\u0131\u015f\u0131 Niyobyum ve Tantal\u0131nkine benzer.<\/p>\n<h3> <strong>Protaktinyum sembol\u00fc<\/strong><\/h3>\n<p> <span class=\"content-chemical-element\" style=\"float: left;width: 65px;height: 65px;border: 3px solid #666; display:flex;\n    justify-content: center;align-items: center;margin-right: 15px;\"><span style=\"font-size: 38px;\">Pa<\/span><\/span> Atom numaras\u0131 91 ve atom k\u00fctlesi 200,59 olan periyodik tablonun 3. grubunda yer al\u0131r. 29 radyoizotop i\u00e7erir; en kararl\u0131 olan\u0131 yakla\u015f\u0131k 32.760 y\u0131l yar\u0131 \u00f6mre sahip 231 Pa, yar\u0131 \u00f6mr\u00fc 26.967 g\u00fcn olan 233 Pa ve yar\u0131 \u00f6mr\u00fc yaln\u0131zca 17.4 g\u00fcn olan 230 Pa&#8217;d\u0131r. . Geri kalanlar\u0131n \u00f6mr\u00fc 1,6 g\u00fcnden az, di\u011ferlerinin ise yaln\u0131zca 1,8 saniyeye ula\u015f\u0131yor.<\/p>\n<h2> <strong>Protaktinyumun \u00d6zellikleri<\/strong><\/h2>\n<p> Hey<strong> <\/strong>Protactinium elementi s\u00fcnek ve d\u00f6v\u00fclebilirdir ve oda s\u0131cakl\u0131\u011f\u0131nda havaya maruz kald\u0131\u011f\u0131nda zamanla kararmaz. Termal ve elektriksel s\u00fcnekli\u011fi ve termal genle\u015fme kapasitesi Toryum ve Uranyumunkine benzer. En dikkat \u00e7ekici \u00f6zellikleri aras\u0131nda \u015funlar yer almaktad\u0131r:<\/p>\n<ul>\n<li> <strong>Manyetizma:<\/strong> Oda s\u0131cakl\u0131\u011f\u0131nda paramanyetiktir, ancak 182 K&#8217;ye so\u011futuldu\u011funda ferromanyetiktir.<\/li>\n<li> <strong>Kimyasal Reaktivite:<\/strong> \u00c7e\u015fitli bile\u015fikler olu\u015fturmak \u00fczere su buhar\u0131, inorganik asitler ve oksijen ile kolayca reaksiyona girer.<\/li>\n<li> <strong>Parlakl\u0131k:<\/strong> metalik.<\/li>\n<li> <strong>Kristal yap\u0131s\u0131:<\/strong> Ortorombik, D\u00f6rtgen.<\/li>\n<li> <strong>Durumu:<\/strong> Do\u011fal haliyle sa\u011flamd\u0131r.<\/li>\n<\/ul>\n<h2> <strong>Protaktinyumun kimyasal ve fiziksel \u00f6zellikleri<\/strong><\/h2>\n<ol>\n<li> <strong>Atom numaras\u0131<\/strong> : 91<\/li>\n<li> <strong>D\u00f6nem:<\/strong> 7<\/li>\n<li> <strong>Blok:<\/strong> f<\/li>\n<li> <strong>Kovalent yar\u0131\u00e7ap:<\/strong> 200<\/li>\n<li> <strong>Atom yar\u0131\u00e7ap\u0131:<\/strong> 163<\/li>\n<li> <strong>Ortalama yar\u0131\u00e7ap:<\/strong> 180<\/li>\n<li> <strong>Elektronegatiflik:<\/strong> 1,5<\/li>\n<li> <strong>Yo\u011funluk:<\/strong> 15370 kg\/ <sup>m3<\/sup><\/li>\n<li> <strong>Erime noktas\u0131:<\/strong> 2113K<\/li>\n<li> <strong>Kaynama noktas\u0131:<\/strong> 4300K<\/li>\n<li> <strong>F\u00fczyon entalpisi:<\/strong> 15 Kj\/mol<\/li>\n<li> <strong>\u00d6zg\u00fcl \u0131s\u0131:<\/strong> 120 J<\/li>\n<li> <strong>Buhar bas\u0131nc\u0131:<\/strong> 2200 K&#8217;de 5,1 x 10 <sup>-5<\/sup> Pa<\/li>\n<li> <strong>Elektronik konfig\u00fcrasyon:<\/strong> [Rn] 7s <sup>2<\/sup> 5f <sup>2<\/sup> 6d <sup>1<\/sup><\/li>\n<li> <strong>Is\u0131 iletkenli\u011fi:<\/strong> 5,29 x 10 <sup>6<\/sup> m <sup>-1<\/sup> S\/m<\/li>\n<li> <strong>Buharla\u015fma entalpisi:<\/strong> 470 kJ\/mol<\/li>\n<\/ol>\n<h2> <strong>Protaktinyumun k\u00f6keni<\/strong><\/h2>\n<p> 1871 y\u0131l\u0131nda Rus mucit ve kimyager Dmitri Mendeleev t\u00fcm d\u00fcnyay\u0131 hayrete d\u00fc\u015f\u00fcrecek bir \u015feyin kehanetinde bulundu. Periyodik tabloda yeni bir elementin olmas\u0131 gerekti\u011fini ve bunun uranyum ile toryum aras\u0131nda ba\u011flant\u0131 kurmas\u0131 gerekti\u011fini s\u00f6yledi. Daha sonra 1900 y\u0131l\u0131nda \u0130ngiliz kimyager William Crookes, o d\u00f6nemde tan\u0131mlayamasa da Protaktinyum&#8217;u al\u0131p Uranyum&#8217;un olu\u015fturdu\u011fu radyoaktif bir element olarak izole ederek Mendeleev&#8217;in s\u00f6zlerini do\u011frulad\u0131.<\/p>\n<p> Daha sonra, 1913 y\u0131l\u0131nda, uranyum-238&#8217;in bozunma zincirini inceleyen kimyagerler Oswald Helmuth Gohring ve Kasimir Fajans, 1,17 dakikal\u0131k yar\u0131 \u00f6mre sahip 234m Pa izotopunu buldular. Bu nedenle ona k\u0131sa veya k\u0131sa \u00f6m\u00fcr anlam\u0131na gelen Brevium ad\u0131n\u0131 verdiler.<\/p>\n<p> Sonunda, 1918&#8217;de bilim adamlar\u0131 Lise Meitner, John Cranston, Otto Hahn ve Frederick Soddy ba\u011f\u0131ms\u0131z olarak yakla\u015f\u0131k 32.000 y\u0131ll\u0131k bir \u00f6mre sahip Pa 231 elementini ke\u015ffettiklerinde isim Protactinium olarak de\u011fi\u015ftirildi. Daha sonra 1949&#8217;da ismi Protactinio olarak k\u0131saltmaya karar verdiler.<\/p>\n<h2> <strong>Protaktinyum ne i\u00e7in kullan\u0131l\u0131r?<\/strong><\/h2>\n<p> Bu element \u00e7ok nadir oldu\u011fundan onu do\u011fal haliyle \u00e7\u0131karmak zor ve pahal\u0131d\u0131r. Bu fakt\u00f6r, bug\u00fcne kadar bilimsel ara\u015ft\u0131rmalar d\u0131\u015f\u0131nda hi\u00e7bir uygulaman\u0131n bilinmedi\u011fi anlam\u0131na gelir. Ek olarak, y\u00fcksek toksisitesi onu insanlar i\u00e7in tehlikeli hale getirir.<\/p>\n<p> Ge\u00e7mi\u015fte, 231 Pa izotopunun bu t\u00fcr tepkimelere dayanabilece\u011fine inan\u0131ld\u0131\u011f\u0131ndan n\u00fckleer silah yap\u0131m\u0131nda kullan\u0131lmas\u0131na y\u00f6nelik giri\u015fimlerde bulunulmu\u015ftu. Ancak baz\u0131 ara\u015ft\u0131rmalar kritiklik veya zincirleme reaksiyon olabilece\u011fini g\u00f6sterdi, bu nedenle daha ileri deneyler iptal edildi.<\/p>\n<h2> <strong>Protaktinyum isminin k\u00f6keni<\/strong><\/h2>\n<p> Ad\u0131n\u0131 aktinyum s\u00f6zc\u00fc\u011f\u00fcnden ve Yunanca protos teriminden almaktad\u0131r. Bu iki terimin birle\u015ftirilmesiyle aktniyumun babas\u0131 anlam\u0131na gelir. Protactinium&#8217;un alfa bozunmas\u0131ndan geldi\u011fi i\u00e7in b\u00f6yle adland\u0131r\u0131lm\u0131\u015ft\u0131r.<\/p>\n<h3> <strong>Protactinium&#8217;un sa\u011fl\u0131k etkileri<\/strong><\/h3>\n<p> Genel olarak Protaktinyum kansere ve \u00f6l\u00fcme neden olabilece\u011finden sa\u011fl\u0131k a\u00e7\u0131s\u0131ndan tehlikelidir. Bu nedenle bunu halletmek i\u00e7in su ge\u00e7irmez bir torpido g\u00f6z\u00fc, yani tehlikeli nesnelerin elle\u00e7lendi\u011fi bir kabin kullanman\u0131z gerekir. Ayr\u0131ca su, solunabilen hava ve besinler yoluyla da v\u00fccuda girebilmektedir. Akci\u011ferlere solunan bu elementin k\u00fc\u00e7\u00fck bir k\u0131sm\u0131 bile kan dola\u015f\u0131m\u0131na ve iskelet, karaci\u011fer ve b\u00f6brekler gibi di\u011fer organlara ula\u015fabilir.<\/p>\n<p> K\u0131saca Protaktinyumun simgesi Pa olup periyodik tabloda kimyasal bir element olup, do\u011fadaki miktar\u0131n\u0131n az olmas\u0131 nedeniyle nadir metaller aras\u0131nda yer al\u0131r. Rengi metalik parlakl\u0131\u011fa sahip g\u00fcm\u00fc\u015f olup, uygulamalar\u0131 g\u00fcn\u00fcm\u00fcze kadar bilinmemektedir.<\/p>\n","protected":false},"excerpt":{"rendered":"<p>Protaktinyum do\u011fadaki en nadir kimyasal elementlerden biridir. Yer kabu\u011funda milyarda yakla\u015f\u0131k 0,00001 par\u00e7a bulunur. Ayn\u0131 zamanda yakla\u015f\u0131k milyonda 0,1 par\u00e7a oran\u0131nda pitchblende olarak da mevcuttur. Bu, az say\u0131da uygulama bilinmesine ra\u011fmen onu b\u00fcy\u00fck parasal de\u011fere sahip bir malzeme haline getirir. Bu nadir metal hakk\u0131nda, k\u00f6keni ve periyodik tablodaki yeri gibi daha fazla bilgi edinin. Protaktinyum &#8230; <a title=\"Protaktinyum\" class=\"read-more\" href=\"https:\/\/chemuza.org\/tr\/protaktinyum\/\" aria-label=\"More on Protaktinyum\">Devam\u0131n\u0131 oku<\/a><\/p>\n","protected":false},"author":1,"featured_media":0,"parent":0,"menu_order":0,"comment_status":"closed","ping_status":"closed","template":"","meta":{"footnotes":""},"yoast_head":"<!-- This site is optimized with the Yoast SEO plugin v21.4 - https:\/\/yoast.com\/wordpress\/plugins\/seo\/ -->\n<title>Protaktinyum - Chemuza<\/title>\n<meta name=\"robots\" content=\"index, follow, max-snippet:-1, max-image-preview:large, max-video-preview:-1\" \/>\n<link rel=\"canonical\" href=\"https:\/\/chemuza.org\/tr\/protaktinyum\/\" \/>\n<meta property=\"og:locale\" content=\"tr_TR\" \/>\n<meta property=\"og:type\" content=\"article\" \/>\n<meta property=\"og:title\" content=\"Protaktinyum - Chemuza\" \/>\n<meta property=\"og:description\" content=\"Protaktinyum do\u011fadaki en nadir kimyasal elementlerden biridir. Yer kabu\u011funda milyarda yakla\u015f\u0131k 0,00001 par\u00e7a bulunur. Ayn\u0131 zamanda yakla\u015f\u0131k milyonda 0,1 par\u00e7a oran\u0131nda pitchblende olarak da mevcuttur. Bu, az say\u0131da uygulama bilinmesine ra\u011fmen onu b\u00fcy\u00fck parasal de\u011fere sahip bir malzeme haline getirir. Bu nadir metal hakk\u0131nda, k\u00f6keni ve periyodik tablodaki yeri gibi daha fazla bilgi edinin. Protaktinyum ... Devam\u0131n\u0131 oku\" \/>\n<meta property=\"og:url\" content=\"https:\/\/chemuza.org\/tr\/protaktinyum\/\" \/>\n<meta property=\"og:site_name\" content=\"Chemuza\" \/>\n<meta name=\"twitter:card\" content=\"summary_large_image\" \/>\n<meta name=\"twitter:label1\" content=\"Tahmini okuma s\u00fcresi\" \/>\n\t<meta name=\"twitter:data1\" content=\"4 dakika\" \/>\n<script type=\"application\/ld+json\" class=\"yoast-schema-graph\">{\"@context\":\"https:\/\/schema.org\",\"@graph\":[{\"@type\":\"WebPage\",\"@id\":\"https:\/\/chemuza.org\/tr\/protaktinyum\/\",\"url\":\"https:\/\/chemuza.org\/tr\/protaktinyum\/\",\"name\":\"Protaktinyum - Chemuza\",\"isPartOf\":{\"@id\":\"https:\/\/chemuza.org\/tr\/#website\"},\"datePublished\":\"2023-07-13T13:07:32+00:00\",\"dateModified\":\"2023-07-13T13:07:32+00:00\",\"breadcrumb\":{\"@id\":\"https:\/\/chemuza.org\/tr\/protaktinyum\/#breadcrumb\"},\"inLanguage\":\"tr\",\"potentialAction\":[{\"@type\":\"ReadAction\",\"target\":[\"https:\/\/chemuza.org\/tr\/protaktinyum\/\"]}]},{\"@type\":\"BreadcrumbList\",\"@id\":\"https:\/\/chemuza.org\/tr\/protaktinyum\/#breadcrumb\",\"itemListElement\":[{\"@type\":\"ListItem\",\"position\":1,\"name\":\"Ev\",\"item\":\"https:\/\/chemuza.org\/tr\/\"},{\"@type\":\"ListItem\",\"position\":2,\"name\":\"Protaktinyum\"}]},{\"@type\":\"WebSite\",\"@id\":\"https:\/\/chemuza.org\/tr\/#website\",\"url\":\"https:\/\/chemuza.org\/tr\/\",\"name\":\"Chemuza\",\"description\":\"Kimyasal ke\u015fiflere a\u00e7\u0131lan kap\u0131n\u0131z!\",\"publisher\":{\"@id\":\"https:\/\/chemuza.org\/tr\/#organization\"},\"potentialAction\":[{\"@type\":\"SearchAction\",\"target\":{\"@type\":\"EntryPoint\",\"urlTemplate\":\"https:\/\/chemuza.org\/tr\/?s={search_term_string}\"},\"query-input\":\"required name=search_term_string\"}],\"inLanguage\":\"tr\"},{\"@type\":\"Organization\",\"@id\":\"https:\/\/chemuza.org\/tr\/#organization\",\"name\":\"Chemuza\",\"url\":\"https:\/\/chemuza.org\/tr\/\",\"logo\":{\"@type\":\"ImageObject\",\"inLanguage\":\"tr\",\"@id\":\"https:\/\/chemuza.org\/tr\/#\/schema\/logo\/image\/\",\"url\":\"https:\/\/chemuza.org\/tr\/wp-content\/uploads\/2023\/10\/chemuza-logo.png\",\"contentUrl\":\"https:\/\/chemuza.org\/tr\/wp-content\/uploads\/2023\/10\/chemuza-logo.png\",\"width\":387,\"height\":70,\"caption\":\"Chemuza\"},\"image\":{\"@id\":\"https:\/\/chemuza.org\/tr\/#\/schema\/logo\/image\/\"}}]}<\/script>\n<!-- \/ Yoast SEO plugin. -->","yoast_head_json":{"title":"Protaktinyum - Chemuza","robots":{"index":"index","follow":"follow","max-snippet":"max-snippet:-1","max-image-preview":"max-image-preview:large","max-video-preview":"max-video-preview:-1"},"canonical":"https:\/\/chemuza.org\/tr\/protaktinyum\/","og_locale":"tr_TR","og_type":"article","og_title":"Protaktinyum - Chemuza","og_description":"Protaktinyum do\u011fadaki en nadir kimyasal elementlerden biridir. Yer kabu\u011funda milyarda yakla\u015f\u0131k 0,00001 par\u00e7a bulunur. Ayn\u0131 zamanda yakla\u015f\u0131k milyonda 0,1 par\u00e7a oran\u0131nda pitchblende olarak da mevcuttur. Bu, az say\u0131da uygulama bilinmesine ra\u011fmen onu b\u00fcy\u00fck parasal de\u011fere sahip bir malzeme haline getirir. Bu nadir metal hakk\u0131nda, k\u00f6keni ve periyodik tablodaki yeri gibi daha fazla bilgi edinin. Protaktinyum ... Devam\u0131n\u0131 oku","og_url":"https:\/\/chemuza.org\/tr\/protaktinyum\/","og_site_name":"Chemuza","twitter_card":"summary_large_image","twitter_misc":{"Tahmini okuma s\u00fcresi":"4 dakika"},"schema":{"@context":"https:\/\/schema.org","@graph":[{"@type":"WebPage","@id":"https:\/\/chemuza.org\/tr\/protaktinyum\/","url":"https:\/\/chemuza.org\/tr\/protaktinyum\/","name":"Protaktinyum - Chemuza","isPartOf":{"@id":"https:\/\/chemuza.org\/tr\/#website"},"datePublished":"2023-07-13T13:07:32+00:00","dateModified":"2023-07-13T13:07:32+00:00","breadcrumb":{"@id":"https:\/\/chemuza.org\/tr\/protaktinyum\/#breadcrumb"},"inLanguage":"tr","potentialAction":[{"@type":"ReadAction","target":["https:\/\/chemuza.org\/tr\/protaktinyum\/"]}]},{"@type":"BreadcrumbList","@id":"https:\/\/chemuza.org\/tr\/protaktinyum\/#breadcrumb","itemListElement":[{"@type":"ListItem","position":1,"name":"Ev","item":"https:\/\/chemuza.org\/tr\/"},{"@type":"ListItem","position":2,"name":"Protaktinyum"}]},{"@type":"WebSite","@id":"https:\/\/chemuza.org\/tr\/#website","url":"https:\/\/chemuza.org\/tr\/","name":"Chemuza","description":"Kimyasal ke\u015fiflere a\u00e7\u0131lan kap\u0131n\u0131z!","publisher":{"@id":"https:\/\/chemuza.org\/tr\/#organization"},"potentialAction":[{"@type":"SearchAction","target":{"@type":"EntryPoint","urlTemplate":"https:\/\/chemuza.org\/tr\/?s={search_term_string}"},"query-input":"required name=search_term_string"}],"inLanguage":"tr"},{"@type":"Organization","@id":"https:\/\/chemuza.org\/tr\/#organization","name":"Chemuza","url":"https:\/\/chemuza.org\/tr\/","logo":{"@type":"ImageObject","inLanguage":"tr","@id":"https:\/\/chemuza.org\/tr\/#\/schema\/logo\/image\/","url":"https:\/\/chemuza.org\/tr\/wp-content\/uploads\/2023\/10\/chemuza-logo.png","contentUrl":"https:\/\/chemuza.org\/tr\/wp-content\/uploads\/2023\/10\/chemuza-logo.png","width":387,"height":70,"caption":"Chemuza"},"image":{"@id":"https:\/\/chemuza.org\/tr\/#\/schema\/logo\/image\/"}}]}},"yoast_meta":{"yoast_wpseo_title":"","yoast_wpseo_metadesc":"","yoast_wpseo_canonical":""},"_links":{"self":[{"href":"https:\/\/chemuza.org\/tr\/wp-json\/wp\/v2\/pages\/1532"}],"collection":[{"href":"https:\/\/chemuza.org\/tr\/wp-json\/wp\/v2\/pages"}],"about":[{"href":"https:\/\/chemuza.org\/tr\/wp-json\/wp\/v2\/types\/page"}],"author":[{"embeddable":true,"href":"https:\/\/chemuza.org\/tr\/wp-json\/wp\/v2\/users\/1"}],"replies":[{"embeddable":true,"href":"https:\/\/chemuza.org\/tr\/wp-json\/wp\/v2\/comments?post=1532"}],"version-history":[{"count":0,"href":"https:\/\/chemuza.org\/tr\/wp-json\/wp\/v2\/pages\/1532\/revisions"}],"wp:attachment":[{"href":"https:\/\/chemuza.org\/tr\/wp-json\/wp\/v2\/media?parent=1532"}],"curies":[{"name":"wp","href":"https:\/\/api.w.org\/{rel}","templated":true}]}}