{"id":1531,"date":"2023-07-13T13:43:00","date_gmt":"2023-07-13T13:43:00","guid":{"rendered":"https:\/\/chemuza.org\/tr\/dubniyum\/"},"modified":"2023-07-13T13:43:00","modified_gmt":"2023-07-13T13:43:00","slug":"dubniyum","status":"publish","type":"page","link":"https:\/\/chemuza.org\/tr\/dubniyum\/","title":{"rendered":"Dubniyum"},"content":{"rendered":"<p>Dubnium, yer kabu\u011funda bulunmayan radyoaktif sentetik bir elementtir. Ortalama \u00f6mr\u00fc 34 saniye oldu\u011fundan insanlar ve \u00e7evre \u00fczerindeki etkileri bilinmemektedir. Ayr\u0131ca di\u011fer elementlerin varl\u0131\u011f\u0131nda olduk\u00e7a karars\u0131z oldu\u011fundan bile\u015fik olu\u015fumunu engeller. Bu makaleyle \u00f6zelliklerini, \u00f6zelliklerini ve ke\u015ffinin neden tart\u0131\u015fmalara yol a\u00e7t\u0131\u011f\u0131n\u0131 ke\u015ffedin.<\/p>\n<h2> <strong>Dubniyum nedir?<\/strong><\/h2>\n<p> Periyodik tablonun ge\u00e7i\u015f metalleri aras\u0131nda yer alan, atom numaras\u0131 105 ile i\u015faretlenmi\u015f kimyasal bir elementtir. Bir transaktinit elementidir, yani hem metalik hem de aktinit \u00f6zelliklere sahiptir. 2.568 dB dahil 12 karars\u0131z izotop i\u00e7erir, 25 saatlik \u00f6mr\u00fcyle en kararl\u0131 olan\u0131d\u0131r.<\/p>\n<h3> <strong>Dubniyum sembol\u00fc<\/strong><\/h3>\n<p> <span class=\"content-chemical-element\" style=\"float: left;width: 65px;height: 65px;border: 3px solid #666; display:flex;\n    justify-content: center;align-items: center;margin-right: 15px;\"><span style=\"font-size: 38px;\">Db<\/span><\/span> Kimyasal \u00f6zellikleri Rusya&#8217;n\u0131n Dubna kentindeki Merkezi N\u00fckleer Ara\u015ft\u0131rma Enstit\u00fcs\u00fc&#8217;nde not edildi\u011fi i\u00e7in bu ismi alm\u0131\u015ft\u0131r. Ke\u015ffedildi\u011finde ad\u0131 tart\u0131\u015fmalara neden oldu, \u00e7\u00fcnk\u00fc bir grup Sovyet bilim adam\u0131 ona Nielsbohrio ad\u0131n\u0131 vermek istedi ve Amerikal\u0131lar Hahnio unvan\u0131n\u0131 se\u00e7ti.<\/p>\n<h2> <strong>Dubnium&#8217;un \u00d6zellikleri<\/strong><\/h2>\n<p> Dubnium kimyasal elementi periyodik tablonun D Grubu ve 5. Grubunda yer al\u0131r. Tantala benzer \u00f6zelliklere sahip bir ge\u00e7i\u015f metalidir. Ek olarak izotoplar\u0131 saniyeler i\u00e7inde bozunarak yeterli enerjiye sahip alfa par\u00e7ac\u0131klar\u0131 yayar. \u00c7ok a\u011f\u0131r ve radyoaktif. Di\u011fer \u00f6zellikler \u015funlard\u0131r:<\/p>\n<ul>\n<li> <strong>Durum<\/strong> : Sa\u011flam ve a\u011f\u0131r oldu\u011fu varsay\u0131lmaktad\u0131r.<\/li>\n<li> <strong>Renk<\/strong> : G\u00fcm\u00fc\u015f beyaz\u0131.<\/li>\n<li> <strong>Tat ve koku<\/strong> : D\u00fc\u015f\u00fck varl\u0131\u011f\u0131 nedeniyle bu \u00f6zellikler do\u011frulanamad\u0131.<\/li>\n<li> <strong>Toksisite<\/strong> : Y\u00fcksek, \u00e7\u00fcnk\u00fc radyoaktiftir ve alfa par\u00e7ac\u0131klar\u0131 yayar.<\/li>\n<li> <strong>Reaktivite<\/strong> : Orta.<\/li>\n<li> <strong>Yap\u0131s\u0131<\/strong> : Merkezi kristal yap\u0131ya sahiptir.<\/li>\n<li> <strong>Bile\u015fimi<\/strong> : 163 n\u00f6trona ek olarak 7 y\u00fcksek enerji seviyesi sunan 105 proton ve elektrondan olu\u015fur.<\/li>\n<li> <strong>\u00c7\u00f6z\u00fcn\u00fcrl\u00fck<\/strong> : Kesin olarak bilinmiyor.<\/li>\n<\/ul>\n<h2> <strong>Dubnium&#8217;un kimyasal ve fiziksel \u00f6zellikleri<\/strong><\/h2>\n<ol>\n<li> <strong>Atom numaras\u0131<\/strong> : 105<\/li>\n<li> <strong>D\u00f6nem<\/strong> : 7<\/li>\n<li> <strong>Engelle<\/strong> \ud83d\ude00<\/li>\n<li> <strong>Grup<\/strong> : 5<\/li>\n<li> <strong>Erime noktas\u0131:<\/strong> 3000\u00b0C<\/li>\n<li> <strong>Atom yar\u0131\u00e7ap\u0131:<\/strong> 139 saat<\/li>\n<li> <strong>Oksidasyon durumu<\/strong> : 5, 4, 3<\/li>\n<li> <strong>Kovalent yar\u0131\u00e7ap (\u00c5):<\/strong> 149<strong> <\/strong>\u00f6\u011fleden sonra<\/li>\n<li> <strong>Ortalama yar\u0131\u00e7ap:<\/strong> Bilinmiyor.<\/li>\n<li> <strong>Atom k\u00fctlesi (g\/mol):<\/strong> 262 u<\/li>\n<li> <strong>Yo\u011funluk:<\/strong> 29300 Kg\/m\u00b3<\/li>\n<li> <strong>Kaynama noktas\u0131:<\/strong> 5700\u00b0C<\/li>\n<li> <strong>Elektronik konfig\u00fcrasyon:<\/strong> [Rn] 5f14 6d3 7s2<\/li>\n<li> <strong>Birinci iyonla\u015fma potansiyeli<\/strong> (eV): Belirtilmemi\u015f <strong>.<\/strong><\/li>\n<li> <strong>Katman ba\u015f\u0131na elektron say\u0131s\u0131:<\/strong> 2, 8, 18, 32, 32, 11, 2<\/li>\n<li> <strong>Elektronegatiflik:<\/strong> Bilinmiyor.<\/li>\n<li> <strong>Is\u0131 iletkenli\u011fi:<\/strong> Hesaplanmam\u0131\u015ft\u0131r.<\/li>\n<\/ol>\n<h2> <strong>Dubnium&#8217;un K\u00f6keni<\/strong><\/h2>\n<p> Dubnium elementi 1967 ile 1970 y\u0131llar\u0131 aras\u0131nda s\u0131ras\u0131yla Albert Ghiorso ve Georgii Flerov taraf\u0131ndan ke\u015ffedildi. Etkinlik Rusya&#8217;n\u0131n Dubna kentindeki Merkezi N\u00fckleer Ara\u015ft\u0131rma Enstit\u00fcs\u00fc&#8217;nde ger\u00e7ekle\u015fti. Orada bilim adamlar\u0131 Americium 243&#8217;\u00fcn bir izotopunu Neon22 iyonlar\u0131yla bombalad\u0131lar. Sonu\u00e7, yakla\u015f\u0131k 9,40 ve 9,60 Mev veya megaelektronvoltluk alfa aktivitesinin emisyonuydu. Bu varyasyonlar\u0131n elementin izotoplar\u0131ndan geldi\u011fini do\u011frulad\u0131lar.<\/p>\n<p> Element ke\u015ffedildi\u011finde, Amerikal\u0131lar ve Ruslar\u0131n farkl\u0131 fikirleri olmas\u0131 nedeniyle ismiyle ilgili tart\u0131\u015fmalar ortaya \u00e7\u0131kt\u0131. Ancak Uluslararas\u0131 Saf Kimya Birli\u011fi 1997 y\u0131l\u0131nda resmi olarak Dubnium ad\u0131n\u0131 verdi.<\/p>\n<h2> <strong>Dubnium ne i\u00e7in kullan\u0131l\u0131r?<\/strong><\/h2>\n<p> Dubnium&#8217;un kullan\u0131mlar\u0131 \u00e7evrede \u00e7ok az miktarda mevcut oldu\u011fundan s\u0131n\u0131rl\u0131d\u0131r. \u0130zotoplar\u0131 o kadar karars\u0131z ki, yap\u0131lan az say\u0131daki analiz deneysel bilimsel ara\u015ft\u0131rmalara y\u00f6nelikti.<\/p>\n<h2> <strong>Dubnium nerede bulunur?<\/strong><\/h2>\n<p> Bu elementin gezegende sentezlenen nadir \u00f6rnekleri, radyasyon konusunda uzmanla\u015fm\u0131\u015f bilimsel altyap\u0131larda bulunmaktad\u0131r. Bu yerlerde izotoplar\u0131n\u0131 analiz etmek i\u00e7in par\u00e7ac\u0131k h\u0131zland\u0131r\u0131c\u0131larla n\u00fckleer \u00e7arp\u0131\u015fmalar ger\u00e7ekle\u015ftiriliyor. Hepsi h\u0131zla enerji a\u00e7\u0131\u011fa \u00e7\u0131karacaklar\u0131 di\u011fer hafif elementlere bozunur.<\/p>\n<h2> <strong>Dubnium&#8217;u Elde Etmek<\/strong><\/h2>\n<p> Minimum \u00f6rnek veren Nitrojen 15 iyonlar\u0131 kullan\u0131larak Kaliforniyum 249 izotopunun bombard\u0131man edilmesiyle elde edilir. Ayr\u0131ca elementin daha fazla izotopunu elde etmek ve daha uzun s\u00fcre sentezlemek i\u00e7in Kalsiyum 48&#8217;in kullan\u0131lmas\u0131 da bir di\u011fer y\u00f6ntemdir.<\/p>\n<h2> <strong>Dubnium&#8217;un sa\u011fl\u0131k \u00fczerindeki etkileri<\/strong><\/h2>\n<p> Elementin karars\u0131zl\u0131\u011f\u0131 ve saniyeler i\u00e7inde par\u00e7alanmas\u0131 g\u00f6z \u00f6n\u00fcne al\u0131nd\u0131\u011f\u0131nda, insan sa\u011fl\u0131\u011f\u0131n\u0131 etkilemesi ya da do\u011fada kirletici bir madde olmas\u0131 pek olas\u0131 de\u011fildir. Dikkate al\u0131nmas\u0131 gereken tek \u00f6nlem, radyoaktif numunelerinizi laboratuvarda tutarken \u00f6zel ekipman kullan\u0131lmas\u0131d\u0131r.<\/p>\n<h2> <strong>Dubnium Elementi Ger\u00e7ekleri<\/strong><\/h2>\n<p> Ad\u0131 konusundaki anla\u015fmazl\u0131ktan \u00f6nce elemente benzer \u00f6zelliklere sahip olmas\u0131 nedeniyle Eka-Tantalum ad\u0131 veriliyordu. Y\u00fcr\u00fct\u00fclen az say\u0131da \u00e7al\u0131\u015fma minimal izlerden geliyor. Di\u011fer ilgin\u00e7 veriler ise \u015f\u00f6yle:<\/p>\n<ul>\n<li> Sovyet ekibi ona 1970&#8217;lerin ortalar\u0131nda bilim adam\u0131 Niels Bohr&#8217;un an\u0131s\u0131na Ns sembol\u00fc olan Nielsbohrio ad\u0131n\u0131 verdi.<\/li>\n<li> Amerikan Kimya Derne\u011fi buna Alman bilim adam\u0131 Otto Hahn&#8217;\u0131n onuruna Hahnio ad\u0131n\u0131 verdi.<\/li>\n<li> Nisan 1970&#8217;te kimyagerler elementin t\u00fcm kimyasal \u00f6zelliklerini, farkl\u0131 ayr\u0131\u015fma t\u00fcrlerini inceleyerek do\u011frulad\u0131lar.<\/li>\n<li> Bu elementin atomlar\u0131 \u00fczerinde yap\u0131lan \u00e7al\u0131\u015fmalar, nitrojen \u00e7ekirdeklerinin sadece 2 saniyede bozunan 4 n\u00f6tron yayd\u0131\u011f\u0131n\u0131 g\u00f6stermi\u015ftir.<\/li>\n<\/ul>\n<p> Son olarak bu element, aktinit \u00f6zelliklerine sahip bir ge\u00e7i\u015f metalidir, bu y\u00fczden buna transaktinit denir. Dubnium&#8217;un t\u00fcm \u00f6zelliklerinin tam olarak bilinmesi hala analiz konusu oldu\u011fundan, uygulamalar\u0131 azd\u0131r.<\/p>\n","protected":false},"excerpt":{"rendered":"<p>Dubnium, yer kabu\u011funda bulunmayan radyoaktif sentetik bir elementtir. Ortalama \u00f6mr\u00fc 34 saniye oldu\u011fundan insanlar ve \u00e7evre \u00fczerindeki etkileri bilinmemektedir. Ayr\u0131ca di\u011fer elementlerin varl\u0131\u011f\u0131nda olduk\u00e7a karars\u0131z oldu\u011fundan bile\u015fik olu\u015fumunu engeller. Bu makaleyle \u00f6zelliklerini, \u00f6zelliklerini ve ke\u015ffinin neden tart\u0131\u015fmalara yol a\u00e7t\u0131\u011f\u0131n\u0131 ke\u015ffedin. Dubniyum nedir? Periyodik tablonun ge\u00e7i\u015f metalleri aras\u0131nda yer alan, atom numaras\u0131 105 ile i\u015faretlenmi\u015f kimyasal &#8230; <a title=\"Dubniyum\" class=\"read-more\" href=\"https:\/\/chemuza.org\/tr\/dubniyum\/\" aria-label=\"More on Dubniyum\">Devam\u0131n\u0131 oku<\/a><\/p>\n","protected":false},"author":1,"featured_media":0,"parent":0,"menu_order":0,"comment_status":"closed","ping_status":"closed","template":"","meta":{"footnotes":""},"yoast_head":"<!-- This site is optimized with the Yoast SEO plugin v21.4 - https:\/\/yoast.com\/wordpress\/plugins\/seo\/ -->\n<title>Dubnium-Chemuza<\/title>\n<meta name=\"robots\" content=\"index, follow, max-snippet:-1, max-image-preview:large, max-video-preview:-1\" \/>\n<link rel=\"canonical\" href=\"https:\/\/chemuza.org\/tr\/dubniyum\/\" \/>\n<meta property=\"og:locale\" content=\"tr_TR\" \/>\n<meta property=\"og:type\" content=\"article\" \/>\n<meta property=\"og:title\" content=\"Dubnium-Chemuza\" \/>\n<meta property=\"og:description\" content=\"Dubnium, yer kabu\u011funda bulunmayan radyoaktif sentetik bir elementtir. Ortalama \u00f6mr\u00fc 34 saniye oldu\u011fundan insanlar ve \u00e7evre \u00fczerindeki etkileri bilinmemektedir. Ayr\u0131ca di\u011fer elementlerin varl\u0131\u011f\u0131nda olduk\u00e7a karars\u0131z oldu\u011fundan bile\u015fik olu\u015fumunu engeller. Bu makaleyle \u00f6zelliklerini, \u00f6zelliklerini ve ke\u015ffinin neden tart\u0131\u015fmalara yol a\u00e7t\u0131\u011f\u0131n\u0131 ke\u015ffedin. Dubniyum nedir? Periyodik tablonun ge\u00e7i\u015f metalleri aras\u0131nda yer alan, atom numaras\u0131 105 ile i\u015faretlenmi\u015f kimyasal ... Devam\u0131n\u0131 oku\" \/>\n<meta property=\"og:url\" content=\"https:\/\/chemuza.org\/tr\/dubniyum\/\" \/>\n<meta property=\"og:site_name\" content=\"Chemuza\" \/>\n<meta name=\"twitter:card\" content=\"summary_large_image\" \/>\n<meta name=\"twitter:label1\" content=\"Tahmini okuma s\u00fcresi\" \/>\n\t<meta name=\"twitter:data1\" content=\"4 dakika\" \/>\n<script type=\"application\/ld+json\" class=\"yoast-schema-graph\">{\"@context\":\"https:\/\/schema.org\",\"@graph\":[{\"@type\":\"WebPage\",\"@id\":\"https:\/\/chemuza.org\/tr\/dubniyum\/\",\"url\":\"https:\/\/chemuza.org\/tr\/dubniyum\/\",\"name\":\"Dubnium-Chemuza\",\"isPartOf\":{\"@id\":\"https:\/\/chemuza.org\/tr\/#website\"},\"datePublished\":\"2023-07-13T13:43:00+00:00\",\"dateModified\":\"2023-07-13T13:43:00+00:00\",\"breadcrumb\":{\"@id\":\"https:\/\/chemuza.org\/tr\/dubniyum\/#breadcrumb\"},\"inLanguage\":\"tr\",\"potentialAction\":[{\"@type\":\"ReadAction\",\"target\":[\"https:\/\/chemuza.org\/tr\/dubniyum\/\"]}]},{\"@type\":\"BreadcrumbList\",\"@id\":\"https:\/\/chemuza.org\/tr\/dubniyum\/#breadcrumb\",\"itemListElement\":[{\"@type\":\"ListItem\",\"position\":1,\"name\":\"Ev\",\"item\":\"https:\/\/chemuza.org\/tr\/\"},{\"@type\":\"ListItem\",\"position\":2,\"name\":\"Dubniyum\"}]},{\"@type\":\"WebSite\",\"@id\":\"https:\/\/chemuza.org\/tr\/#website\",\"url\":\"https:\/\/chemuza.org\/tr\/\",\"name\":\"Chemuza\",\"description\":\"Kimyasal ke\u015fiflere a\u00e7\u0131lan kap\u0131n\u0131z!\",\"publisher\":{\"@id\":\"https:\/\/chemuza.org\/tr\/#organization\"},\"potentialAction\":[{\"@type\":\"SearchAction\",\"target\":{\"@type\":\"EntryPoint\",\"urlTemplate\":\"https:\/\/chemuza.org\/tr\/?s={search_term_string}\"},\"query-input\":\"required name=search_term_string\"}],\"inLanguage\":\"tr\"},{\"@type\":\"Organization\",\"@id\":\"https:\/\/chemuza.org\/tr\/#organization\",\"name\":\"Chemuza\",\"url\":\"https:\/\/chemuza.org\/tr\/\",\"logo\":{\"@type\":\"ImageObject\",\"inLanguage\":\"tr\",\"@id\":\"https:\/\/chemuza.org\/tr\/#\/schema\/logo\/image\/\",\"url\":\"https:\/\/chemuza.org\/tr\/wp-content\/uploads\/2023\/10\/chemuza-logo.png\",\"contentUrl\":\"https:\/\/chemuza.org\/tr\/wp-content\/uploads\/2023\/10\/chemuza-logo.png\",\"width\":387,\"height\":70,\"caption\":\"Chemuza\"},\"image\":{\"@id\":\"https:\/\/chemuza.org\/tr\/#\/schema\/logo\/image\/\"}}]}<\/script>\n<!-- \/ Yoast SEO plugin. -->","yoast_head_json":{"title":"Dubnium-Chemuza","robots":{"index":"index","follow":"follow","max-snippet":"max-snippet:-1","max-image-preview":"max-image-preview:large","max-video-preview":"max-video-preview:-1"},"canonical":"https:\/\/chemuza.org\/tr\/dubniyum\/","og_locale":"tr_TR","og_type":"article","og_title":"Dubnium-Chemuza","og_description":"Dubnium, yer kabu\u011funda bulunmayan radyoaktif sentetik bir elementtir. Ortalama \u00f6mr\u00fc 34 saniye oldu\u011fundan insanlar ve \u00e7evre \u00fczerindeki etkileri bilinmemektedir. Ayr\u0131ca di\u011fer elementlerin varl\u0131\u011f\u0131nda olduk\u00e7a karars\u0131z oldu\u011fundan bile\u015fik olu\u015fumunu engeller. Bu makaleyle \u00f6zelliklerini, \u00f6zelliklerini ve ke\u015ffinin neden tart\u0131\u015fmalara yol a\u00e7t\u0131\u011f\u0131n\u0131 ke\u015ffedin. Dubniyum nedir? Periyodik tablonun ge\u00e7i\u015f metalleri aras\u0131nda yer alan, atom numaras\u0131 105 ile i\u015faretlenmi\u015f kimyasal ... Devam\u0131n\u0131 oku","og_url":"https:\/\/chemuza.org\/tr\/dubniyum\/","og_site_name":"Chemuza","twitter_card":"summary_large_image","twitter_misc":{"Tahmini okuma s\u00fcresi":"4 dakika"},"schema":{"@context":"https:\/\/schema.org","@graph":[{"@type":"WebPage","@id":"https:\/\/chemuza.org\/tr\/dubniyum\/","url":"https:\/\/chemuza.org\/tr\/dubniyum\/","name":"Dubnium-Chemuza","isPartOf":{"@id":"https:\/\/chemuza.org\/tr\/#website"},"datePublished":"2023-07-13T13:43:00+00:00","dateModified":"2023-07-13T13:43:00+00:00","breadcrumb":{"@id":"https:\/\/chemuza.org\/tr\/dubniyum\/#breadcrumb"},"inLanguage":"tr","potentialAction":[{"@type":"ReadAction","target":["https:\/\/chemuza.org\/tr\/dubniyum\/"]}]},{"@type":"BreadcrumbList","@id":"https:\/\/chemuza.org\/tr\/dubniyum\/#breadcrumb","itemListElement":[{"@type":"ListItem","position":1,"name":"Ev","item":"https:\/\/chemuza.org\/tr\/"},{"@type":"ListItem","position":2,"name":"Dubniyum"}]},{"@type":"WebSite","@id":"https:\/\/chemuza.org\/tr\/#website","url":"https:\/\/chemuza.org\/tr\/","name":"Chemuza","description":"Kimyasal ke\u015fiflere a\u00e7\u0131lan kap\u0131n\u0131z!","publisher":{"@id":"https:\/\/chemuza.org\/tr\/#organization"},"potentialAction":[{"@type":"SearchAction","target":{"@type":"EntryPoint","urlTemplate":"https:\/\/chemuza.org\/tr\/?s={search_term_string}"},"query-input":"required name=search_term_string"}],"inLanguage":"tr"},{"@type":"Organization","@id":"https:\/\/chemuza.org\/tr\/#organization","name":"Chemuza","url":"https:\/\/chemuza.org\/tr\/","logo":{"@type":"ImageObject","inLanguage":"tr","@id":"https:\/\/chemuza.org\/tr\/#\/schema\/logo\/image\/","url":"https:\/\/chemuza.org\/tr\/wp-content\/uploads\/2023\/10\/chemuza-logo.png","contentUrl":"https:\/\/chemuza.org\/tr\/wp-content\/uploads\/2023\/10\/chemuza-logo.png","width":387,"height":70,"caption":"Chemuza"},"image":{"@id":"https:\/\/chemuza.org\/tr\/#\/schema\/logo\/image\/"}}]}},"yoast_meta":{"yoast_wpseo_title":"","yoast_wpseo_metadesc":"","yoast_wpseo_canonical":""},"_links":{"self":[{"href":"https:\/\/chemuza.org\/tr\/wp-json\/wp\/v2\/pages\/1531"}],"collection":[{"href":"https:\/\/chemuza.org\/tr\/wp-json\/wp\/v2\/pages"}],"about":[{"href":"https:\/\/chemuza.org\/tr\/wp-json\/wp\/v2\/types\/page"}],"author":[{"embeddable":true,"href":"https:\/\/chemuza.org\/tr\/wp-json\/wp\/v2\/users\/1"}],"replies":[{"embeddable":true,"href":"https:\/\/chemuza.org\/tr\/wp-json\/wp\/v2\/comments?post=1531"}],"version-history":[{"count":0,"href":"https:\/\/chemuza.org\/tr\/wp-json\/wp\/v2\/pages\/1531\/revisions"}],"wp:attachment":[{"href":"https:\/\/chemuza.org\/tr\/wp-json\/wp\/v2\/media?parent=1531"}],"curies":[{"name":"wp","href":"https:\/\/api.w.org\/{rel}","templated":true}]}}