{"id":1525,"date":"2023-07-13T16:20:11","date_gmt":"2023-07-13T16:20:11","guid":{"rendered":"https:\/\/chemuza.org\/tr\/berkelyum\/"},"modified":"2023-07-13T16:20:11","modified_gmt":"2023-07-13T16:20:11","slug":"berkelyum","status":"publish","type":"page","link":"https:\/\/chemuza.org\/tr\/berkelyum\/","title":{"rendered":"Berkelyum"},"content":{"rendered":"<p>Actinide kimyasal serisinin on sekizinci \u00fcyesidir. Ayr\u0131ca uranyum \u00f6tesi elementler grubuna aittir. \u00d6te yandan Berkelium elementi, kararl\u0131 izotoplara sahip olmad\u0131\u011f\u0131ndan yer kabu\u011funda bulunmaz. \u00d6zelliklerinin ve \u00f6zelliklerinin neler oldu\u011funu \u00f6\u011frenin.<\/p>\n<h2> <strong>Berkelyum nedir?<\/strong><\/h2>\n<p> Aktinit, kat\u0131, sentetik, metalik, y\u00fcksek derecede radyoaktif, k\u0131r\u0131lgan ve yumu\u015fak olan atom numaras\u0131 97 olan kimyasal elementtir. Ayr\u0131ca g\u00fcm\u00fc\u015f-beyaz bir renge sahiptir. Ayr\u0131ca y\u00fcksek s\u0131cakl\u0131klarda hava varl\u0131\u011f\u0131nda oksitlendi\u011finden paslanma e\u011filimi g\u00f6sterir.<\/p>\n<h2> <strong>Berkelium&#8217;un sembol\u00fc<\/strong><\/h2>\n<p> <span class=\"content-chemical-element\" style=\"float: left;width: 65px;height: 65px;border: 3px solid #666; display:flex;\n    justify-content: center;align-items: center;margin-right: 15px;\"><span style=\"font-size: 38px;\">Bk<\/span><\/span> isminin k\u0131saltmas\u0131d\u0131r. \u0130lk ba\u015fta ad\u0131n\u0131 ka\u015fif Glen Seaborg&#8217;dan ald\u0131\u011f\u0131n\u0131 \u00f6ne s\u00fcrseler de IUPAC, Berkelium&#8217;u ona atamaya karar verdi. Bu takma ad\u0131, \u00fcniversitenin ve al\u0131nd\u0131\u011f\u0131 Berkeley \u015fehrinin onuruna alm\u0131\u015ft\u0131r. Bu ba\u015fl\u0131k da \u0130rlandal\u0131 filozof George Barkeley&#8217;den geliyor.<\/p>\n<h2> <strong>Berkelium&#8217;un \u00d6zellikleri<\/strong><\/h2>\n<p> Baz\u0131 \u00f6zellikleri Terbium&#8217;unkilerle benzerlik g\u00f6stermektedir. Ayr\u0131ca 986\u00b0C&#8217;de erir, manyetik alanlar taraf\u0131ndan \u00e7ekilir ve a\u011f\u0131rl\u0131\u011f\u0131 14,78 g\/cm\u00b3&#8217;t\u00fcr. Ancak bu, temel d\u00fczeyde ba\u015far\u0131lamad\u0131. Di\u011fer \u00f6zellikler \u015funlard\u0131r:<\/p>\n<ul>\n<li> <strong>Kimyasal reaktivite<\/strong> : Y\u00fcksek s\u0131cakl\u0131klarda hava veya oksijen varl\u0131\u011f\u0131nda h\u0131zla oksitlenir.<\/li>\n<li> <strong>Durumu<\/strong> : Do\u011fal haliyle sa\u011flamd\u0131r.<\/li>\n<li> <strong>G\u00f6r\u00fcn\u00fcm<\/strong> : G\u00fcm\u00fc\u015f beyaz\u0131 metalik bir g\u00f6r\u00fcn\u00fcme sahiptir.<\/li>\n<li> <strong>Radyoaktivite<\/strong> : Y\u00fcksek radyoaktivite g\u00f6sterir.<\/li>\n<li> <strong>Polarize edilebilirlik:<\/strong> 22,7 \u00c5 <sup>3<\/sup><\/li>\n<li> <strong>\u00c7\u00f6z\u00fcn\u00fcrl\u00fck<\/strong> : Mineral asitlerde \u00e7ok \u00e7\u00f6z\u00fcn\u00fcr.<\/li>\n<li> <strong>Manyetik D\u00fczen<\/strong> : Paramanyetik \u00f6zellikleri g\u00f6sterir.<\/li>\n<li> <strong>Kristal yap\u0131<\/strong> : Biri kompakt \u00e7ift alt\u0131gen, di\u011feri y\u00fcz merkezli k\u00fcbik olmak \u00fczere iki kristal \u015fekil i\u00e7erir.<\/li>\n<li> <strong>\u0130zotoplar<\/strong> : Atom k\u00fctleleri 238 ile 251 aras\u0131nda de\u011fi\u015fen 14 bilinen izotopu vard\u0131r.<\/li>\n<\/ul>\n<h2> <strong>Berkelium&#8217;un kimyasal ve fiziksel \u00f6zellikleri<\/strong><\/h2>\n<ol>\n<li> <strong>Atom numaras\u0131<\/strong> : 97 <strong>&nbsp;<\/strong><\/li>\n<li> <strong>Pas<\/strong> : Bilinmiyor<\/li>\n<li> <strong>\u0130yonik yar\u0131\u00e7ap (\u00c5)<\/strong> : 0,97 <strong>&nbsp;<\/strong><\/li>\n<li> <strong>Atom yar\u0131\u00e7ap\u0131 (\u00c5)<\/strong> : 1,7 <strong>&nbsp;<\/strong><\/li>\n<li> <strong>Atom k\u00fctlesi (g\/mol)<\/strong> : 247 u<\/li>\n<li> <strong>Ses h\u0131z\u0131<\/strong> : Veri yok<\/li>\n<li> <strong>\u00d6zg\u00fcl \u0131s\u0131<\/strong> : Veri yok <strong>&nbsp;<\/strong><\/li>\n<li> <strong>Kaynama noktas\u0131<\/strong> : 2627\u00b0C<\/li>\n<li> <strong>Elektronegatiflik<\/strong> : 1,3 (Pauling \u00f6l\u00e7e\u011fi)<\/li>\n<li> <strong>Seviye ba\u015f\u0131na elektronlar<\/strong> : 2, 8, 18, 32, 26, 9, 2<\/li>\n<li> <strong>Atom hacmi<\/strong> : 16,7 cm\u00b3\/mol<\/li>\n<li> <strong>Oksidasyon durumlar\u0131<\/strong> : +2, +3, +4<\/li>\n<li> <strong>Birinci iyonla\u015fma potansiyeli (eV)<\/strong> : 601 kJ\/mol<\/li>\n<li> <strong>Elektronik konfig\u00fcrasyon<\/strong> : [Rn] 5f <sup>8<\/sup> 6d <sup>1<\/sup> 7s <sup>2<\/sup><\/li>\n<li> <strong>Buharla\u015fma entalpisi<\/strong> : 310 kJ\/mol<\/li>\n<li> <strong>Erime noktas\u0131<\/strong> : 1050\u00b0C (1219K)<\/li>\n<li> <strong>Yo\u011funluk (g\/ml)<\/strong> : 14790 kg\/m\u00b3<\/li>\n<\/ol>\n<h2> <strong>Berkelium&#8217;un K\u00f6keni<\/strong><\/h2>\n<p> Berkelium&#8217;u kimin ke\u015ffetti\u011fini bilmiyorsan\u0131z, bilim adamlar\u0131 Glen Seaborg, Al Ghiorso ve Stanley G. Thompson&#8217;d\u0131. Bu ke\u015fif 1949 y\u0131l\u0131nda Kaliforniya Berkeley \u00dcniversitesi&#8217;nde ger\u00e7ekle\u015fti. Sentezlemek i\u00e7in Am <sup>241&#8217;i<\/sup> y\u00fcksek teknolojili alfa par\u00e7ac\u0131klar\u0131yla bombard\u0131man etmek \u00fczere bir siklotron kulland\u0131lar.<\/p>\n<p> I\u015f\u0131nlaman\u0131n hemen ard\u0131ndan malzeme uygun \u015fekilde \u00e7\u00f6z\u00fcld\u00fc. Daha sonra el\u00fcsyon sol\u00fcsyonu olarak amonyum sitrat kullanan bir iyon de\u011fi\u015ftirme re\u00e7inesi kolonundan ge\u00e7irdiler. B\u00f6ylece ortalama \u00f6mr\u00fc 4,5 saat olan bir izotop elde ettiler.<\/p>\n<h2> <strong>Berkelium ne i\u00e7in kullan\u0131l\u0131r?<\/strong><\/h2>\n<p> Berkelium kimyasal elementi ticari uygulamalar i\u00e7ermez. Ancak \u00e7ok k\u00fc\u00e7\u00fck miktarlar elde edilse de bilimsel ara\u015ft\u0131rmalarda s\u0131kl\u0131kla kullan\u0131lmaktad\u0131r. \u0130lgin\u00e7 kullan\u0131mlar\u0131n\u0131 ke\u015ffedin:<\/p>\n<h3> <strong>Daha a\u011f\u0131r elementlerin elde edilmesi<\/strong><\/h3>\n<p> \u0130zotoplar\u0131ndan biri olan <sup>249<\/sup> Bk&#8217;nin ortalama \u00f6mr\u00fc 314 g\u00fcnd\u00fcr ve eser miktarlarda elde edilebilir. Bu nedenle, atomlar\u0131n\u0131 y\u00fckl\u00fc par\u00e7ac\u0131klarla bombard\u0131man ederek daha a\u011f\u0131r elementleri sentezlemek i\u00e7in kullan\u0131l\u0131r. Amerika Birle\u015fik Devletleri&#8217;ndeki Oak Ridge Ulusal Laboratuvar\u0131 ve Rusya&#8217;daki Atomik Reakt\u00f6r Ara\u015ft\u0131rma Enstit\u00fcs\u00fc bunu s\u0131kl\u0131kla kullan\u0131yor.<\/p>\n<h3> <strong>Fiziksel kimyasal \u00e7al\u0131\u015fmalar<\/strong><\/h3>\n<p> Bilimsel ara\u015ft\u0131rmalara g\u00f6re, di\u011fer aktinit elementlerinin \u00f6zellikleri, \u00f6zellikleri ve davran\u0131\u015flar\u0131 hakk\u0131nda kesin tahminlerde bulunulmas\u0131na olanak tan\u0131r. Bunun nedeni, daha a\u011f\u0131r olanlar\u0131n elde edilmesinin zor olmas\u0131, \u00f6mr\u00fcn\u00fcn k\u0131sa olmas\u0131 ve radyoaktif olmas\u0131d\u0131r.<\/p>\n<h2> <strong>Berkelyumun Elde Edilmesi<\/strong><\/h2>\n<p> 1969 y\u0131l\u0131nda, flor\u00fcr\u00fcn veya <sub>BkF3&#8217;\u00fcn<\/sub> Lityum ile 1026,85\u00b0C&#8217;de indirgenmesiyle elde edilen elementin ilk numunesi haz\u0131rland\u0131. \u00d6te yandan, bug\u00fcn ince levhalar haz\u0131rlamak i\u00e7in <sub>BkO2<\/sub> oksitini Lantan ile azalt\u0131yoruz. alt\u0131n Metalik Toryum.<\/p>\n<h2> <strong>Berkelyum Sa\u011fl\u0131\u011fa zararl\u0131 m\u0131d\u0131r?<\/strong><\/h2>\n<p> Yo\u011fun radyoaktivitesini \u00e7evreye sald\u0131\u011f\u0131nda hayvan, bitki, insan olsun t\u00fcm canl\u0131lara zarar verir. Hatta besin zinciri boyunca birikir ve bir nesilden di\u011ferine aktar\u0131l\u0131r. Bu nedenle radyasyonu t\u00fcm t\u00fcrlerin genetik materyaline zarar verir. Ayr\u0131ca uzun s\u00fcreli maruz kalma kanserojen olabilir. Ayr\u0131ca di\u011fer zararlar\u0131n yan\u0131 s\u0131ra k\u0131s\u0131rl\u0131\u011fa, ba\u011f\u0131\u015f\u0131kl\u0131k sistemi bozukluklar\u0131na, kendili\u011finden d\u00fc\u015f\u00fcklere, l\u00f6semiye, malformasyonlara neden olur.<\/p>\n<h2> <strong>Berkelyumun yeni oksidasyon durumu<\/strong><\/h2>\n<p> 2018 y\u0131l\u0131nda bir grup ara\u015ft\u0131rmac\u0131 Berkelium&#8217;un +5 oksidasyon durumunu ke\u015ffetti. Ke\u015fif, iki nitrojen dioksit molek\u00fcl\u00fcn\u00fcn uzakla\u015ft\u0131r\u0131lmas\u0131 yoluyla Bk <sup>5+<\/sup> ile bir nitrat kompleksi olu\u015fturulmas\u0131yla ger\u00e7ekle\u015fti. Ek olarak, daha fazla stabilite sergiledi\u011fi do\u011fruland\u0131.<\/p>\n<p> Sonu\u00e7 olarak Berkelium aktinit, sentetik, radyoaktif, metalik, yumu\u015fak ve k\u0131r\u0131lgan bir elementtir. G\u00fcm\u00fc\u015fi beyaz bir renk tonuna, hava veya oksijen varl\u0131\u011f\u0131nda oksidasyona, iki kristal formuna ve paramanyetik \u00f6zelliklere sahiptir. Uygulamalar\u0131 yaln\u0131zca bilimsel ama\u00e7l\u0131d\u0131r.<\/p>\n","protected":false},"excerpt":{"rendered":"<p>Actinide kimyasal serisinin on sekizinci \u00fcyesidir. Ayr\u0131ca uranyum \u00f6tesi elementler grubuna aittir. \u00d6te yandan Berkelium elementi, kararl\u0131 izotoplara sahip olmad\u0131\u011f\u0131ndan yer kabu\u011funda bulunmaz. \u00d6zelliklerinin ve \u00f6zelliklerinin neler oldu\u011funu \u00f6\u011frenin. Berkelyum nedir? Aktinit, kat\u0131, sentetik, metalik, y\u00fcksek derecede radyoaktif, k\u0131r\u0131lgan ve yumu\u015fak olan atom numaras\u0131 97 olan kimyasal elementtir. Ayr\u0131ca g\u00fcm\u00fc\u015f-beyaz bir renge sahiptir. Ayr\u0131ca y\u00fcksek &#8230; <a title=\"Berkelyum\" class=\"read-more\" href=\"https:\/\/chemuza.org\/tr\/berkelyum\/\" aria-label=\"More on Berkelyum\">Devam\u0131n\u0131 oku<\/a><\/p>\n","protected":false},"author":1,"featured_media":0,"parent":0,"menu_order":0,"comment_status":"closed","ping_status":"closed","template":"","meta":{"footnotes":""},"yoast_head":"<!-- This site is optimized with the Yoast SEO plugin v21.4 - https:\/\/yoast.com\/wordpress\/plugins\/seo\/ -->\n<title>Berkelyum - Chemuza<\/title>\n<meta name=\"robots\" content=\"index, follow, max-snippet:-1, max-image-preview:large, max-video-preview:-1\" \/>\n<link rel=\"canonical\" href=\"https:\/\/chemuza.org\/tr\/berkelyum\/\" \/>\n<meta property=\"og:locale\" content=\"tr_TR\" \/>\n<meta property=\"og:type\" content=\"article\" \/>\n<meta property=\"og:title\" content=\"Berkelyum - Chemuza\" \/>\n<meta property=\"og:description\" content=\"Actinide kimyasal serisinin on sekizinci \u00fcyesidir. Ayr\u0131ca uranyum \u00f6tesi elementler grubuna aittir. \u00d6te yandan Berkelium elementi, kararl\u0131 izotoplara sahip olmad\u0131\u011f\u0131ndan yer kabu\u011funda bulunmaz. \u00d6zelliklerinin ve \u00f6zelliklerinin neler oldu\u011funu \u00f6\u011frenin. Berkelyum nedir? Aktinit, kat\u0131, sentetik, metalik, y\u00fcksek derecede radyoaktif, k\u0131r\u0131lgan ve yumu\u015fak olan atom numaras\u0131 97 olan kimyasal elementtir. Ayr\u0131ca g\u00fcm\u00fc\u015f-beyaz bir renge sahiptir. Ayr\u0131ca y\u00fcksek ... Devam\u0131n\u0131 oku\" \/>\n<meta property=\"og:url\" content=\"https:\/\/chemuza.org\/tr\/berkelyum\/\" \/>\n<meta property=\"og:site_name\" content=\"Chemuza\" \/>\n<meta name=\"twitter:card\" content=\"summary_large_image\" \/>\n<meta name=\"twitter:label1\" content=\"Tahmini okuma s\u00fcresi\" \/>\n\t<meta name=\"twitter:data1\" content=\"4 dakika\" \/>\n<script type=\"application\/ld+json\" class=\"yoast-schema-graph\">{\"@context\":\"https:\/\/schema.org\",\"@graph\":[{\"@type\":\"WebPage\",\"@id\":\"https:\/\/chemuza.org\/tr\/berkelyum\/\",\"url\":\"https:\/\/chemuza.org\/tr\/berkelyum\/\",\"name\":\"Berkelyum - Chemuza\",\"isPartOf\":{\"@id\":\"https:\/\/chemuza.org\/tr\/#website\"},\"datePublished\":\"2023-07-13T16:20:11+00:00\",\"dateModified\":\"2023-07-13T16:20:11+00:00\",\"breadcrumb\":{\"@id\":\"https:\/\/chemuza.org\/tr\/berkelyum\/#breadcrumb\"},\"inLanguage\":\"tr\",\"potentialAction\":[{\"@type\":\"ReadAction\",\"target\":[\"https:\/\/chemuza.org\/tr\/berkelyum\/\"]}]},{\"@type\":\"BreadcrumbList\",\"@id\":\"https:\/\/chemuza.org\/tr\/berkelyum\/#breadcrumb\",\"itemListElement\":[{\"@type\":\"ListItem\",\"position\":1,\"name\":\"Ev\",\"item\":\"https:\/\/chemuza.org\/tr\/\"},{\"@type\":\"ListItem\",\"position\":2,\"name\":\"Berkelyum\"}]},{\"@type\":\"WebSite\",\"@id\":\"https:\/\/chemuza.org\/tr\/#website\",\"url\":\"https:\/\/chemuza.org\/tr\/\",\"name\":\"Chemuza\",\"description\":\"Kimyasal ke\u015fiflere a\u00e7\u0131lan kap\u0131n\u0131z!\",\"publisher\":{\"@id\":\"https:\/\/chemuza.org\/tr\/#organization\"},\"potentialAction\":[{\"@type\":\"SearchAction\",\"target\":{\"@type\":\"EntryPoint\",\"urlTemplate\":\"https:\/\/chemuza.org\/tr\/?s={search_term_string}\"},\"query-input\":\"required name=search_term_string\"}],\"inLanguage\":\"tr\"},{\"@type\":\"Organization\",\"@id\":\"https:\/\/chemuza.org\/tr\/#organization\",\"name\":\"Chemuza\",\"url\":\"https:\/\/chemuza.org\/tr\/\",\"logo\":{\"@type\":\"ImageObject\",\"inLanguage\":\"tr\",\"@id\":\"https:\/\/chemuza.org\/tr\/#\/schema\/logo\/image\/\",\"url\":\"https:\/\/chemuza.org\/tr\/wp-content\/uploads\/2023\/10\/chemuza-logo.png\",\"contentUrl\":\"https:\/\/chemuza.org\/tr\/wp-content\/uploads\/2023\/10\/chemuza-logo.png\",\"width\":387,\"height\":70,\"caption\":\"Chemuza\"},\"image\":{\"@id\":\"https:\/\/chemuza.org\/tr\/#\/schema\/logo\/image\/\"}}]}<\/script>\n<!-- \/ Yoast SEO plugin. -->","yoast_head_json":{"title":"Berkelyum - Chemuza","robots":{"index":"index","follow":"follow","max-snippet":"max-snippet:-1","max-image-preview":"max-image-preview:large","max-video-preview":"max-video-preview:-1"},"canonical":"https:\/\/chemuza.org\/tr\/berkelyum\/","og_locale":"tr_TR","og_type":"article","og_title":"Berkelyum - Chemuza","og_description":"Actinide kimyasal serisinin on sekizinci \u00fcyesidir. Ayr\u0131ca uranyum \u00f6tesi elementler grubuna aittir. \u00d6te yandan Berkelium elementi, kararl\u0131 izotoplara sahip olmad\u0131\u011f\u0131ndan yer kabu\u011funda bulunmaz. \u00d6zelliklerinin ve \u00f6zelliklerinin neler oldu\u011funu \u00f6\u011frenin. Berkelyum nedir? Aktinit, kat\u0131, sentetik, metalik, y\u00fcksek derecede radyoaktif, k\u0131r\u0131lgan ve yumu\u015fak olan atom numaras\u0131 97 olan kimyasal elementtir. Ayr\u0131ca g\u00fcm\u00fc\u015f-beyaz bir renge sahiptir. Ayr\u0131ca y\u00fcksek ... Devam\u0131n\u0131 oku","og_url":"https:\/\/chemuza.org\/tr\/berkelyum\/","og_site_name":"Chemuza","twitter_card":"summary_large_image","twitter_misc":{"Tahmini okuma s\u00fcresi":"4 dakika"},"schema":{"@context":"https:\/\/schema.org","@graph":[{"@type":"WebPage","@id":"https:\/\/chemuza.org\/tr\/berkelyum\/","url":"https:\/\/chemuza.org\/tr\/berkelyum\/","name":"Berkelyum - Chemuza","isPartOf":{"@id":"https:\/\/chemuza.org\/tr\/#website"},"datePublished":"2023-07-13T16:20:11+00:00","dateModified":"2023-07-13T16:20:11+00:00","breadcrumb":{"@id":"https:\/\/chemuza.org\/tr\/berkelyum\/#breadcrumb"},"inLanguage":"tr","potentialAction":[{"@type":"ReadAction","target":["https:\/\/chemuza.org\/tr\/berkelyum\/"]}]},{"@type":"BreadcrumbList","@id":"https:\/\/chemuza.org\/tr\/berkelyum\/#breadcrumb","itemListElement":[{"@type":"ListItem","position":1,"name":"Ev","item":"https:\/\/chemuza.org\/tr\/"},{"@type":"ListItem","position":2,"name":"Berkelyum"}]},{"@type":"WebSite","@id":"https:\/\/chemuza.org\/tr\/#website","url":"https:\/\/chemuza.org\/tr\/","name":"Chemuza","description":"Kimyasal ke\u015fiflere a\u00e7\u0131lan kap\u0131n\u0131z!","publisher":{"@id":"https:\/\/chemuza.org\/tr\/#organization"},"potentialAction":[{"@type":"SearchAction","target":{"@type":"EntryPoint","urlTemplate":"https:\/\/chemuza.org\/tr\/?s={search_term_string}"},"query-input":"required name=search_term_string"}],"inLanguage":"tr"},{"@type":"Organization","@id":"https:\/\/chemuza.org\/tr\/#organization","name":"Chemuza","url":"https:\/\/chemuza.org\/tr\/","logo":{"@type":"ImageObject","inLanguage":"tr","@id":"https:\/\/chemuza.org\/tr\/#\/schema\/logo\/image\/","url":"https:\/\/chemuza.org\/tr\/wp-content\/uploads\/2023\/10\/chemuza-logo.png","contentUrl":"https:\/\/chemuza.org\/tr\/wp-content\/uploads\/2023\/10\/chemuza-logo.png","width":387,"height":70,"caption":"Chemuza"},"image":{"@id":"https:\/\/chemuza.org\/tr\/#\/schema\/logo\/image\/"}}]}},"yoast_meta":{"yoast_wpseo_title":"","yoast_wpseo_metadesc":"","yoast_wpseo_canonical":""},"_links":{"self":[{"href":"https:\/\/chemuza.org\/tr\/wp-json\/wp\/v2\/pages\/1525"}],"collection":[{"href":"https:\/\/chemuza.org\/tr\/wp-json\/wp\/v2\/pages"}],"about":[{"href":"https:\/\/chemuza.org\/tr\/wp-json\/wp\/v2\/types\/page"}],"author":[{"embeddable":true,"href":"https:\/\/chemuza.org\/tr\/wp-json\/wp\/v2\/users\/1"}],"replies":[{"embeddable":true,"href":"https:\/\/chemuza.org\/tr\/wp-json\/wp\/v2\/comments?post=1525"}],"version-history":[{"count":0,"href":"https:\/\/chemuza.org\/tr\/wp-json\/wp\/v2\/pages\/1525\/revisions"}],"wp:attachment":[{"href":"https:\/\/chemuza.org\/tr\/wp-json\/wp\/v2\/media?parent=1525"}],"curies":[{"name":"wp","href":"https:\/\/api.w.org\/{rel}","templated":true}]}}