{"id":1523,"date":"2023-07-13T17:34:19","date_gmt":"2023-07-13T17:34:19","guid":{"rendered":"https:\/\/chemuza.org\/tr\/amerikanyum\/"},"modified":"2023-07-13T17:34:19","modified_gmt":"2023-07-13T17:34:19","slug":"amerikanyum","status":"publish","type":"page","link":"https:\/\/chemuza.org\/tr\/amerikanyum\/","title":{"rendered":"Amerikanyum"},"content":{"rendered":"<p><sup>241<\/sup> Am izotopunun birka\u00e7 gram\u0131n\u0131n b\u00fcy\u00fck miktarda gama \u0131\u015f\u0131n\u0131 sald\u0131\u011f\u0131n\u0131 biliyor muydunuz? Atom numaras\u0131 95 olan Amerikyum elementinden geliyorlar. D\u00f6rd\u00fcnc\u00fc transuran\u0131n yarat\u0131lmas\u0131 ola\u011fan\u00fcst\u00fc bir ba\u015far\u0131yd\u0131. \u00d6yleyse Americium&#8217;u kimin ke\u015ffetti\u011fini, ne zaman oldu\u011funu ve en dikkat \u00e7ekici \u00f6zelliklerinin neler oldu\u011funu \u00f6\u011frenin.<\/p>\n<h2> <strong>Amerikyum nedir?<\/strong><\/h2>\n<p> Aktinit serisinin bir par\u00e7as\u0131d\u0131r ve olduk\u00e7a radyoaktif ve s\u0131n\u0131rl\u0131 i\u015flenebilirli\u011fe sahip yapay bir uranyum \u00f6tesi kimyasal elementtir. Havayla temas etti\u011finde metalik parlakl\u0131\u011f\u0131n\u0131 kaybeden beyaz\u0131ms\u0131 g\u00fcm\u00fc\u015f bir g\u00f6r\u00fcn\u00fcme sahiptir. Ayr\u0131ca pl\u00fctonyum, neptunyum ve uranyuma benzer baz\u0131 \u00f6zelliklere sahiptir.<\/p>\n<h3> <strong>Amerikayum sembol\u00fc<\/strong><\/h3>\n<p> <span class=\"content-chemical-element\" style=\"float: left;width: 65px;height: 65px;border: 3px solid #666; display:flex;\n    justify-content: center;align-items: center;margin-right: 15px;\"><span style=\"font-size: 38px;\">Am<\/span><\/span> Amerikyum kimyasal elementinin sembol\u00fc isminin k\u0131saltmas\u0131d\u0131r. Bu ismi, Amerika Birle\u015fik Devletleri&#8217;nde o \u00fclkeden bilimsel kimyagerler taraf\u0131ndan ke\u015ffedildi\u011fi i\u00e7in Amerika k\u0131tas\u0131na sayg\u0131 duru\u015fu olarak alm\u0131\u015ft\u0131r.<\/p>\n<h2> <strong>Americium&#8217;un \u00d6zellikleri<\/strong><\/h2>\n<p> Yaln\u0131zca 8 n\u00fckleer izomeri vard\u0131r, trippozitif nadir toprak elementlerine benzerlik g\u00f6sterir ve en kararl\u0131 oksidasyon durumu +3&#8217;t\u00fcr. Benzer \u015fekilde, daha y\u00fcksek buhar bas\u0131nc\u0131na sahip oldu\u011fundan metalik durumu dam\u0131tma yoluyla elde edilir. Eleman\u0131n di\u011fer niteliklerini kontrol edin:<\/p>\n<ul>\n<li> <strong>Kimyasal Reaktivite<\/strong> : Oksijen varl\u0131\u011f\u0131nda kolayca reaksiyona girer ve genellikle sulu asitlerde \u00e7\u00f6z\u00fcn\u00fcr.<\/li>\n<li> <strong>Durum<\/strong> : S\u0131radan toplanma durumu sa\u011flamd\u0131r.<\/li>\n<li> <strong>G\u00f6r\u00fcn\u00fcm<\/strong> : Neptunyum ve Pl\u00fctonyum&#8217;dan daha g\u00fcm\u00fc\u015fi, beyaz tonlar\u0131nda g\u00fcm\u00fc\u015fi bir renge sahiptir.<\/li>\n<li> <strong>Radyoaktivite<\/strong> : \u00c7ok y\u00fcksek, hayata zararl\u0131 olacak kadar.<\/li>\n<li> <strong>D\u00f6v\u00fclebilirlik<\/strong> : Hafif olmas\u0131na ra\u011fmen d\u00f6v\u00fclebilirli\u011fi Uranyum veya Neptunyumdan daha y\u00fcksek oranda i\u00e7erir.<\/li>\n<li> <strong>Manyetik d\u00fczen<\/strong> : Manyetik bir element de\u011fildir, ancak 0,79 K&#8217;de s\u00fcper iletkendir.<\/li>\n<li> <strong>Kristal yap\u0131<\/strong> : Kompakt bir \u00e7ift alt\u0131gen \u015fekle sahiptir, ancak di\u011ferleri onun monoklinik oldu\u011funu ileri s\u00fcrmektedir.<\/li>\n<li> <strong>S\u0131cakl\u0131k<\/strong> : Oda s\u0131cakl\u0131\u011f\u0131nda ve y\u00fcksek bas\u0131n\u00e7ta hacmi %80&#8217;e kadar s\u0131k\u0131\u015ft\u0131r\u0131l\u0131r.<\/li>\n<li> <strong>\u0130zotoplar<\/strong> : \u00c7o\u011funun ortalama \u00f6mr\u00fc 51 saatten az ve 100 dakikadan fazla olan 19 radyoizotop i\u00e7erir.<\/li>\n<\/ul>\n<h2> <strong>Americium&#8217;un kimyasal ve fiziksel \u00f6zellikleri<\/strong><\/h2>\n<ol>\n<li> <strong>Atom numaras\u0131<\/strong> : 95 <strong>&nbsp;<\/strong><\/li>\n<li> <strong>Oksit<\/strong> : Amfoterik<\/li>\n<li> <strong>Yo\u011funluk (g\/ml)<\/strong> : 13.670 kg\/ <sup>m3<\/sup><\/li>\n<li> <strong>\u00d6zg\u00fcl \u0131s\u0131<\/strong> : Veri yok <strong>&nbsp;<\/strong><\/li>\n<li> <strong>Kovalent yar\u0131\u00e7ap (\u00c5)<\/strong> : 180 pm<\/li>\n<li> <strong>Atom k\u00fctlesi (g\/mol):<\/strong> 243 u<\/li>\n<li> <strong>Atom yar\u0131\u00e7ap\u0131 (\u00c5)<\/strong> : 173 pm (Bohr yar\u0131\u00e7ap\u0131)<\/li>\n<li> <strong>Seviye ba\u015f\u0131na elektronlar<\/strong> : 2, 8, 18, 32, 25, 8, 2<\/li>\n<li> <strong>Elektronegatiflik<\/strong> : 1,3 (Pauling \u00f6l\u00e7e\u011fi)<\/li>\n<li> <strong>Kaynama noktas\u0131<\/strong> : 2607\u00b0C (2880K)<\/li>\n<li> <strong>Oksidasyon durumlar\u0131<\/strong> : 7, 6, 5, 4, 3, 2<\/li>\n<li> <strong>Birinci iyonla\u015fma potansiyeli (eV)<\/strong> : 578 kJ\/mol<\/li>\n<li> <strong>Elektronik konfig\u00fcrasyon<\/strong> : [Rn] 5f <sup>7<\/sup> 7s <sup>2<\/sup><\/li>\n<li> <strong>F\u00fczyon entalpisi:<\/strong> 14,39 kJ\/mol<\/li>\n<li> <strong>Erime noktas\u0131<\/strong> : 1176\u00b0C (1449K)<\/li>\n<\/ol>\n<h2> <strong>K\u00f6keni<\/strong><strong> <\/strong><strong>Amerikanyum<\/strong><\/h2>\n<p> Americium&#8217;un tarihine g\u00f6re Glenn Theodore Seaborg, Ralph Arthur James, Leon Owen Morgan ve Albert Ghiorso taraf\u0131ndan ke\u015ffedilmi\u015ftir. Bu kimyagerler onu ilk kez 1944&#8217;te Chicago \u00dcniversitesi&#8217;ndeki bir laboratuvarda izole ettiler.<\/p>\n<p> Birlikte, bir n\u00fckleer reakt\u00f6r i\u00e7indeki <sup>239<\/sup> Pu&#8217;yu n\u00f6tronlarla bombalayarak <sup>241<\/sup> Am izotopunu yaratt\u0131lar; bu, beta bozunumuyla <sup>240<\/sup> Pu&#8217;ya, ard\u0131ndan <sup>241<\/sup> Pu&#8217;ya ve son olarak <sup>241<\/sup> Am&#8217;e d\u00f6n\u00fc\u015ft\u00fc. Kimyager Glenn Theodore Seaborg elementin ve nas\u0131l \u00fcretilece\u011finin patentini ald\u0131.<\/p>\n<h2> <strong>Ama\u00e7 ne?<\/strong><strong> <\/strong><strong>Amerikan m\u0131?<\/strong><\/h2>\n<p> Di\u011fer radyoaktif \u00fcr\u00fcnlerden farkl\u0131 olarak ev, ila\u00e7 ve ticari end\u00fcstriye y\u00f6nelik uygulamalar\u0131 vard\u0131r. \u00d6rne\u011fin, radyografi malzemeleri ve x-\u0131\u015f\u0131n\u0131 spektroskopisinde ta\u015f\u0131nabilir alfa par\u00e7ac\u0131klar\u0131 ve gama \u0131\u015f\u0131nlar\u0131 kayna\u011f\u0131 olarak. Bu \u00f6\u011fenin di\u011fer kullan\u0131mlar\u0131 \u015funlard\u0131r:<\/p>\n<h3> <strong>\u0130yonizasyon duman dedekt\u00f6rleri<\/strong><\/h3>\n<p> Bu elementin en yayg\u0131n uygulamas\u0131, <sup>241<\/sup> Am izotopunun iyonla\u015ft\u0131r\u0131c\u0131 radyasyon kayna\u011f\u0131 olarak kullan\u0131ld\u0131\u011f\u0131 ev tipi duman dedekt\u00f6rleridir. Ayr\u0131ca daha ucuzdur ve k\u00fc\u00e7\u00fck par\u00e7ac\u0131klar\u0131 alg\u0131lar. Ancak s\u0131kl\u0131kla yanl\u0131\u015f alarmlara maruz kal\u0131r.<\/p>\n<h3> <strong>n\u00f6tron kayna\u011f\u0131<\/strong><\/h3>\n<p> Berilyum ile preslenen radyoizotop <sup>241<\/sup> Am&#8217;in oksidi, etkili bir n\u00f6tron kayna\u011f\u0131d\u0131r. N\u00f6tron sondas\u0131nda topraktaki su miktar\u0131n\u0131 \u00f6l\u00e7mek, yol yap\u0131m\u0131nda nemi kontrol etmek ve kuyu a\u00e7ma i\u015flemlerinde kullan\u0131l\u0131r. Ayn\u0131 \u015fekilde r\u00f6ntgenlerde, tomogramlarda ve di\u011fer radyokimyasal formlarda.<\/p>\n<h2> <strong>Americium sa\u011fl\u0131\u011f\u0131 nas\u0131l etkiler?<\/strong><\/h2>\n<p> Radyasyona maruz kalmak olumsuz sa\u011fl\u0131k etkilerine neden olur. Asl\u0131nda kemiklerde depolan\u0131r ve iskelet sistemindeki h\u00fccrelerin genetik yap\u0131s\u0131n\u0131 etkiler. Dozun \u00e7ok y\u00fcksek olmas\u0131 kemik kanserine neden olabilir. Bu elementin \u00e7ok y\u00fcksek seviyelerine maruz kalan hayvanlar \u00fczerinde yap\u0131lan ara\u015ft\u0131rmalar karaci\u011fer, akci\u011fer ve tiroidde hasara i\u015faret ediyor. Ancak birikimlerinin k\u0131sa s\u00fcrede ger\u00e7ekle\u015fti\u011fi g\u00f6zlendi. Ayr\u0131ca do\u011fada bulunmas\u0131 pek m\u00fcmk\u00fcn de\u011fildir.<\/p>\n<p> Sonu\u00e7 olarak 95 numaral\u0131 kimyasal elemente Americium ad\u0131 verilmi\u015ftir, y\u00fcksek radyoaktivitesi vard\u0131r, g\u00fcm\u00fc\u015f rengi vard\u0131r ve Amerika k\u0131tas\u0131n\u0131n onuruna verilen isimdir. Ayr\u0131ca yapayd\u0131r, pek \u015fekillendirilemez, sa\u011flamd\u0131r ve sa\u011fl\u0131k a\u00e7\u0131s\u0131ndan tehlikelidir. Gama \u0131\u015f\u0131n\u0131 kayna\u011f\u0131, n\u00f6tron yay\u0131c\u0131 ve X-\u0131\u015f\u0131n\u0131 olarak duman dedekt\u00f6rleri i\u00e7in \u00e7al\u0131\u015f\u0131r.<\/p>\n","protected":false},"excerpt":{"rendered":"<p>241 Am izotopunun birka\u00e7 gram\u0131n\u0131n b\u00fcy\u00fck miktarda gama \u0131\u015f\u0131n\u0131 sald\u0131\u011f\u0131n\u0131 biliyor muydunuz? Atom numaras\u0131 95 olan Amerikyum elementinden geliyorlar. D\u00f6rd\u00fcnc\u00fc transuran\u0131n yarat\u0131lmas\u0131 ola\u011fan\u00fcst\u00fc bir ba\u015far\u0131yd\u0131. \u00d6yleyse Americium&#8217;u kimin ke\u015ffetti\u011fini, ne zaman oldu\u011funu ve en dikkat \u00e7ekici \u00f6zelliklerinin neler oldu\u011funu \u00f6\u011frenin. Amerikyum nedir? Aktinit serisinin bir par\u00e7as\u0131d\u0131r ve olduk\u00e7a radyoaktif ve s\u0131n\u0131rl\u0131 i\u015flenebilirli\u011fe sahip yapay bir &#8230; <a title=\"Amerikanyum\" class=\"read-more\" href=\"https:\/\/chemuza.org\/tr\/amerikanyum\/\" aria-label=\"More on Amerikanyum\">Devam\u0131n\u0131 oku<\/a><\/p>\n","protected":false},"author":1,"featured_media":0,"parent":0,"menu_order":0,"comment_status":"closed","ping_status":"closed","template":"","meta":{"footnotes":""},"yoast_head":"<!-- This site is optimized with the Yoast SEO plugin v21.4 - https:\/\/yoast.com\/wordpress\/plugins\/seo\/ -->\n<title>Amerikanyum - Chemuza<\/title>\n<meta name=\"robots\" content=\"index, follow, max-snippet:-1, max-image-preview:large, max-video-preview:-1\" \/>\n<link rel=\"canonical\" href=\"https:\/\/chemuza.org\/tr\/amerikanyum\/\" \/>\n<meta property=\"og:locale\" content=\"tr_TR\" \/>\n<meta property=\"og:type\" content=\"article\" \/>\n<meta property=\"og:title\" content=\"Amerikanyum - Chemuza\" \/>\n<meta property=\"og:description\" content=\"241 Am izotopunun birka\u00e7 gram\u0131n\u0131n b\u00fcy\u00fck miktarda gama \u0131\u015f\u0131n\u0131 sald\u0131\u011f\u0131n\u0131 biliyor muydunuz? Atom numaras\u0131 95 olan Amerikyum elementinden geliyorlar. D\u00f6rd\u00fcnc\u00fc transuran\u0131n yarat\u0131lmas\u0131 ola\u011fan\u00fcst\u00fc bir ba\u015far\u0131yd\u0131. \u00d6yleyse Americium&#8217;u kimin ke\u015ffetti\u011fini, ne zaman oldu\u011funu ve en dikkat \u00e7ekici \u00f6zelliklerinin neler oldu\u011funu \u00f6\u011frenin. Amerikyum nedir? Aktinit serisinin bir par\u00e7as\u0131d\u0131r ve olduk\u00e7a radyoaktif ve s\u0131n\u0131rl\u0131 i\u015flenebilirli\u011fe sahip yapay bir ... Devam\u0131n\u0131 oku\" \/>\n<meta property=\"og:url\" content=\"https:\/\/chemuza.org\/tr\/amerikanyum\/\" \/>\n<meta property=\"og:site_name\" content=\"Chemuza\" \/>\n<meta name=\"twitter:card\" content=\"summary_large_image\" \/>\n<meta name=\"twitter:label1\" content=\"Tahmini okuma s\u00fcresi\" \/>\n\t<meta name=\"twitter:data1\" content=\"4 dakika\" \/>\n<script type=\"application\/ld+json\" class=\"yoast-schema-graph\">{\"@context\":\"https:\/\/schema.org\",\"@graph\":[{\"@type\":\"WebPage\",\"@id\":\"https:\/\/chemuza.org\/tr\/amerikanyum\/\",\"url\":\"https:\/\/chemuza.org\/tr\/amerikanyum\/\",\"name\":\"Amerikanyum - Chemuza\",\"isPartOf\":{\"@id\":\"https:\/\/chemuza.org\/tr\/#website\"},\"datePublished\":\"2023-07-13T17:34:19+00:00\",\"dateModified\":\"2023-07-13T17:34:19+00:00\",\"breadcrumb\":{\"@id\":\"https:\/\/chemuza.org\/tr\/amerikanyum\/#breadcrumb\"},\"inLanguage\":\"tr\",\"potentialAction\":[{\"@type\":\"ReadAction\",\"target\":[\"https:\/\/chemuza.org\/tr\/amerikanyum\/\"]}]},{\"@type\":\"BreadcrumbList\",\"@id\":\"https:\/\/chemuza.org\/tr\/amerikanyum\/#breadcrumb\",\"itemListElement\":[{\"@type\":\"ListItem\",\"position\":1,\"name\":\"Ev\",\"item\":\"https:\/\/chemuza.org\/tr\/\"},{\"@type\":\"ListItem\",\"position\":2,\"name\":\"Amerikanyum\"}]},{\"@type\":\"WebSite\",\"@id\":\"https:\/\/chemuza.org\/tr\/#website\",\"url\":\"https:\/\/chemuza.org\/tr\/\",\"name\":\"Chemuza\",\"description\":\"Kimyasal ke\u015fiflere a\u00e7\u0131lan kap\u0131n\u0131z!\",\"publisher\":{\"@id\":\"https:\/\/chemuza.org\/tr\/#organization\"},\"potentialAction\":[{\"@type\":\"SearchAction\",\"target\":{\"@type\":\"EntryPoint\",\"urlTemplate\":\"https:\/\/chemuza.org\/tr\/?s={search_term_string}\"},\"query-input\":\"required name=search_term_string\"}],\"inLanguage\":\"tr\"},{\"@type\":\"Organization\",\"@id\":\"https:\/\/chemuza.org\/tr\/#organization\",\"name\":\"Chemuza\",\"url\":\"https:\/\/chemuza.org\/tr\/\",\"logo\":{\"@type\":\"ImageObject\",\"inLanguage\":\"tr\",\"@id\":\"https:\/\/chemuza.org\/tr\/#\/schema\/logo\/image\/\",\"url\":\"https:\/\/chemuza.org\/tr\/wp-content\/uploads\/2023\/10\/chemuza-logo.png\",\"contentUrl\":\"https:\/\/chemuza.org\/tr\/wp-content\/uploads\/2023\/10\/chemuza-logo.png\",\"width\":387,\"height\":70,\"caption\":\"Chemuza\"},\"image\":{\"@id\":\"https:\/\/chemuza.org\/tr\/#\/schema\/logo\/image\/\"}}]}<\/script>\n<!-- \/ Yoast SEO plugin. -->","yoast_head_json":{"title":"Amerikanyum - Chemuza","robots":{"index":"index","follow":"follow","max-snippet":"max-snippet:-1","max-image-preview":"max-image-preview:large","max-video-preview":"max-video-preview:-1"},"canonical":"https:\/\/chemuza.org\/tr\/amerikanyum\/","og_locale":"tr_TR","og_type":"article","og_title":"Amerikanyum - Chemuza","og_description":"241 Am izotopunun birka\u00e7 gram\u0131n\u0131n b\u00fcy\u00fck miktarda gama \u0131\u015f\u0131n\u0131 sald\u0131\u011f\u0131n\u0131 biliyor muydunuz? Atom numaras\u0131 95 olan Amerikyum elementinden geliyorlar. D\u00f6rd\u00fcnc\u00fc transuran\u0131n yarat\u0131lmas\u0131 ola\u011fan\u00fcst\u00fc bir ba\u015far\u0131yd\u0131. \u00d6yleyse Americium&#8217;u kimin ke\u015ffetti\u011fini, ne zaman oldu\u011funu ve en dikkat \u00e7ekici \u00f6zelliklerinin neler oldu\u011funu \u00f6\u011frenin. Amerikyum nedir? Aktinit serisinin bir par\u00e7as\u0131d\u0131r ve olduk\u00e7a radyoaktif ve s\u0131n\u0131rl\u0131 i\u015flenebilirli\u011fe sahip yapay bir ... Devam\u0131n\u0131 oku","og_url":"https:\/\/chemuza.org\/tr\/amerikanyum\/","og_site_name":"Chemuza","twitter_card":"summary_large_image","twitter_misc":{"Tahmini okuma s\u00fcresi":"4 dakika"},"schema":{"@context":"https:\/\/schema.org","@graph":[{"@type":"WebPage","@id":"https:\/\/chemuza.org\/tr\/amerikanyum\/","url":"https:\/\/chemuza.org\/tr\/amerikanyum\/","name":"Amerikanyum - Chemuza","isPartOf":{"@id":"https:\/\/chemuza.org\/tr\/#website"},"datePublished":"2023-07-13T17:34:19+00:00","dateModified":"2023-07-13T17:34:19+00:00","breadcrumb":{"@id":"https:\/\/chemuza.org\/tr\/amerikanyum\/#breadcrumb"},"inLanguage":"tr","potentialAction":[{"@type":"ReadAction","target":["https:\/\/chemuza.org\/tr\/amerikanyum\/"]}]},{"@type":"BreadcrumbList","@id":"https:\/\/chemuza.org\/tr\/amerikanyum\/#breadcrumb","itemListElement":[{"@type":"ListItem","position":1,"name":"Ev","item":"https:\/\/chemuza.org\/tr\/"},{"@type":"ListItem","position":2,"name":"Amerikanyum"}]},{"@type":"WebSite","@id":"https:\/\/chemuza.org\/tr\/#website","url":"https:\/\/chemuza.org\/tr\/","name":"Chemuza","description":"Kimyasal ke\u015fiflere a\u00e7\u0131lan kap\u0131n\u0131z!","publisher":{"@id":"https:\/\/chemuza.org\/tr\/#organization"},"potentialAction":[{"@type":"SearchAction","target":{"@type":"EntryPoint","urlTemplate":"https:\/\/chemuza.org\/tr\/?s={search_term_string}"},"query-input":"required name=search_term_string"}],"inLanguage":"tr"},{"@type":"Organization","@id":"https:\/\/chemuza.org\/tr\/#organization","name":"Chemuza","url":"https:\/\/chemuza.org\/tr\/","logo":{"@type":"ImageObject","inLanguage":"tr","@id":"https:\/\/chemuza.org\/tr\/#\/schema\/logo\/image\/","url":"https:\/\/chemuza.org\/tr\/wp-content\/uploads\/2023\/10\/chemuza-logo.png","contentUrl":"https:\/\/chemuza.org\/tr\/wp-content\/uploads\/2023\/10\/chemuza-logo.png","width":387,"height":70,"caption":"Chemuza"},"image":{"@id":"https:\/\/chemuza.org\/tr\/#\/schema\/logo\/image\/"}}]}},"yoast_meta":{"yoast_wpseo_title":"","yoast_wpseo_metadesc":"","yoast_wpseo_canonical":""},"_links":{"self":[{"href":"https:\/\/chemuza.org\/tr\/wp-json\/wp\/v2\/pages\/1523"}],"collection":[{"href":"https:\/\/chemuza.org\/tr\/wp-json\/wp\/v2\/pages"}],"about":[{"href":"https:\/\/chemuza.org\/tr\/wp-json\/wp\/v2\/types\/page"}],"author":[{"embeddable":true,"href":"https:\/\/chemuza.org\/tr\/wp-json\/wp\/v2\/users\/1"}],"replies":[{"embeddable":true,"href":"https:\/\/chemuza.org\/tr\/wp-json\/wp\/v2\/comments?post=1523"}],"version-history":[{"count":0,"href":"https:\/\/chemuza.org\/tr\/wp-json\/wp\/v2\/pages\/1523\/revisions"}],"wp:attachment":[{"href":"https:\/\/chemuza.org\/tr\/wp-json\/wp\/v2\/media?parent=1523"}],"curies":[{"name":"wp","href":"https:\/\/api.w.org\/{rel}","templated":true}]}}