{"id":1515,"date":"2023-07-13T21:13:29","date_gmt":"2023-07-13T21:13:29","guid":{"rendered":"https:\/\/chemuza.org\/tr\/bir-durum\/"},"modified":"2023-07-13T21:13:29","modified_gmt":"2023-07-13T21:13:29","slug":"bir-durum","status":"publish","type":"page","link":"https:\/\/chemuza.org\/tr\/bir-durum\/","title":{"rendered":"Astatin"},"content":{"rendered":"<p>Astatin kimyasal elementi genellikle do\u011fada \u00e7ok nadir bulunur, \u00e7\u00fcnk\u00fc yer kabu\u011funda bulunan toplam miktar 30 gram\u0131 ge\u00e7mez. \u00d6te yandan yar\u0131 \u00f6mr\u00fc 8 saatten az oldu\u011fundan yar\u0131 \u00f6mr\u00fc \u00e7ok k\u0131sad\u0131r. Astatus&#8217;un ne oldu\u011fu, onu kimin ke\u015ffetti\u011fi ve kullan\u0131m alanlar\u0131 hakk\u0131nda daha fazla bilgi edinin.<\/p>\n<h2> <strong>Durum Nedir?<\/strong><\/h2>\n<p> Astatin olarak da bilinen halojen kimyasal serisinin bir par\u00e7as\u0131 olan yar\u0131 metal veya metaloiddir. Y\u00fcksek radyoaktivite, metalik davran\u0131\u015f ve parlak bir g\u00f6r\u00fcn\u00fcm sergiler. Ayn\u0131 \u015fekilde nadir ve karars\u0131z olmas\u0131n\u0131n yan\u0131 s\u0131ra grubunun en az elektronegatif olmas\u0131na ra\u011fmen en a\u011f\u0131r olan\u0131d\u0131r. Do\u011fada bulunabilece\u011fi gibi yapay olarak da haz\u0131rlanabilir.<\/p>\n<h3> <strong>Astatin sembol\u00fc<\/strong><\/h3>\n<p> <span class=\"content-chemical-element\" style=\"float: left;width: 65px;height: 65px;border: 3px solid #666; display:flex;\n    justify-content: center;align-items: center;margin-right: 15px;\"><span style=\"font-size: 38px;\">Kimyasal<\/span><\/span> sembol, Yunanca <em>karars\u0131z<\/em> anlam\u0131na gelen <em>astatos<\/em> kelimesinden gelen ad\u0131n\u0131n k\u0131saltmas\u0131d\u0131r. Bu ifade \u00e7ok uygundur \u00e7\u00fcnk\u00fc bunun i\u00e7in kararl\u0131 bir izotop bilinmemektedir. Ayr\u0131ca kimyager Dmitri Mendeleev onun varl\u0131\u011f\u0131n\u0131 \u00f6nceden tahmin etmi\u015f ve ona <em>eka-iodo<\/em> ad\u0131n\u0131 vermi\u015fti.<\/p>\n<h2> <strong>Astatinin \u00f6zellikleri<\/strong><\/h2>\n<p> \u015eu anda Astatus&#8217;un t\u00fcm \u00f6zellikleri kesin olarak bilinmemektedir. Ancak baz\u0131lar\u0131 kimyasal bile\u015fiminin iyodine benzer oldu\u011funu d\u00fc\u015f\u00fcn\u00fcyor. Bu metalin di\u011fer avantajlar\u0131:<\/p>\n<ul>\n<li> <strong>Kimyasal modifikasyonlar<\/strong> : \u00c7\u00f6zeltide brom ile oksitlenir, k\u00fck\u00fcrt dioksit ile indirgenir ve g\u00fc\u00e7l\u00fc oksitleyici maddeler astatat iyonunu olu\u015fturur.<\/li>\n<li> <strong>\u0130letkenlik<\/strong> : Yar\u0131 iletken bir elementtir.<\/li>\n<li> <strong>G\u00f6r\u00fcn\u00fcm<\/strong> : Koyu, parlak ve \u0131\u015f\u0131lt\u0131l\u0131 bir g\u00f6r\u00fcn\u00fcm sunar.<\/li>\n<li> <strong>Durum<\/strong> : S\u0131radan toplama durumu kat\u0131d\u0131r.<\/li>\n<li> <strong>Erime<\/strong> : Erime noktas\u0131 \u0130yotunkinden daha y\u00fcksek veya daha y\u00fcksektir.<\/li>\n<li> <strong>Oksidasyon durumlar\u0131<\/strong> : Serbest iyot, iyod\u00fcr iyonu ve iyodat iyonununkine benzer birlikte \u00e7\u00f6kelme \u00f6zellikleri sergilerler.<\/li>\n<li> <strong>Radyoaktivite<\/strong> : Y\u00fcksek radyoaktiviteye sahiptir, \u00f6yle ki laboratuvarlarda \u00fcretimi s\u0131ras\u0131nda y\u00fcksek g\u00fcvenlik \u00f6nlemleri ve teknik \u00f6nlemler al\u0131nmas\u0131 gerekmektedir.<\/li>\n<li> <strong>Yar\u0131lanma \u00f6mr\u00fc<\/strong> : Ortalama \u00f6mr\u00fc yakla\u015f\u0131k 7,2 saattir, ancak bu izotopa ba\u011fl\u0131 olarak de\u011fi\u015fmektedir.<\/li>\n<li> <strong>Metalik davran\u0131\u015f\u0131<\/strong> : Daha hafif halojenlerden farkl\u0131 olarak sulu \u00e7\u00f6zeltilerde kararl\u0131 tek atomlu katyonlar olu\u015fturur.<\/li>\n<\/ul>\n<h2> <strong>Astatinin kimyasal ve fiziksel \u00f6zellikleri<\/strong><\/h2>\n<ol>\n<li> <strong>Atom numaras\u0131<\/strong> : 85<\/li>\n<li> <strong>Pas<\/strong> : Bilinmiyor<\/li>\n<li> <strong>Yo\u011funluk (g\/ml)<\/strong> : Yok<\/li>\n<li> <strong>Kovalent yar\u0131\u00e7ap (\u00c5)<\/strong> : 127 pm<\/li>\n<li> <strong>Atom yar\u0131\u00e7ap\u0131 (\u00c5)<\/strong> : 145 pm<\/li>\n<li> <strong>Kaynama noktas\u0131<\/strong> : 337\u00b0C<\/li>\n<li> <strong>\u00d6zg\u00fcl \u0131s\u0131<\/strong> : Yok<\/li>\n<li> <strong>Atom k\u00fctlesi (g\/mol)<\/strong> : 210 u<\/li>\n<li> <strong>Ses h\u0131z\u0131<\/strong> : Yok<\/li>\n<li> <strong>Erime noktas\u0131<\/strong> : 302\u00b0C (575K)<\/li>\n<li> <strong>F\u00fczyon entalpisi<\/strong> : 114 kJ\/mol<\/li>\n<li> <strong>Oksidasyon durumlar\u0131<\/strong> : \u00b11, 3, 5, 7<\/li>\n<li> <strong>Elektronik konfig\u00fcrasyon<\/strong> : [Xe]4f <sup>14<\/sup> 5d <sup>10<\/sup> 6s <sup>2<\/sup> 6p <sup>5<\/sup><\/li>\n<li> <strong>Seviye ba\u015f\u0131na elektronlar<\/strong> : 2, 8, 18, 32, 18, 7<\/li>\n<li> <strong>Buharla\u015fma entalpisi<\/strong> : Yok<\/li>\n<li> <strong>Birinci iyonla\u015fma potansiyeli (eV)<\/strong> : 920 kJ\/mol<\/li>\n<li> <strong>Elektronegatiflik<\/strong> : 2,2 (Pauling \u00f6l\u00e7e\u011fi)<\/li>\n<\/ol>\n<h2> <strong>Astatinin K\u00f6keni<\/strong><\/h2>\n<p> Astatus&#8217;un tarihine g\u00f6re ilk ke\u015ffedilmesi yani sentezlenmesi 1940 y\u0131l\u0131nda ger\u00e7ekle\u015fmi\u015ftir. Bu \u00e7al\u0131\u015fmay\u0131 ger\u00e7ekle\u015ftirenler Berkeley \u00dcniversitesi&#8217;nden Amerikal\u0131 Dale R. Corson, Emilio Segr\u00e8 ve Kenneth R. Mackenzie&#8217;dir. , Kaliforniya. .<\/p>\n<p> Alfa par\u00e7ac\u0131klar\u0131 veya Helyum \u00e7ekirde\u011fi ile donat\u0131lm\u0131\u015f bu \u00fc\u00e7 bilim adam\u0131, Bizmut elementinin bir tabakas\u0131n\u0131 bombalad\u0131. Daha sonra 1964&#8217;te McLaughlin yapay olarak \u00fcretilen radyoaktif izotoplar\u0131n bir \u00f6rne\u011fini analiz etti. Ayr\u0131ca bu bilim adam\u0131, ultraviyole b\u00f6lgede iki spektral \u00e7izgiyi g\u00f6rselle\u015ftiren ilk ki\u015fi oldu.<\/p>\n<h2> <strong>Astus ne i\u00e7in kullan\u0131l\u0131r?<\/strong><\/h2>\n<p> Bug\u00fcn, D\u00fcnya gezegeninde bu elementin \u00e7ok az bir miktar\u0131 bulundu\u011fundan, astatinin herhangi bir ticari uygulamas\u0131 ke\u015ffedilmemi\u015ftir. Bununla birlikte, radyofarmas\u00f6tiklerin yap\u0131m\u0131nda ilgi duyulan izotoplar\u0131 i\u00e7eren bir element oldu\u011fundan s\u0131kl\u0131kla kanser i\u00e7in potansiyel bir tedavi olarak kullan\u0131l\u0131r.<\/p>\n<p> Ayr\u0131ca uzmanlar, Astatine&#8217;in \u00f6zelliklerinin teorik de\u011ferlendirmeler s\u0131ras\u0131nda pratik deneysel de\u011fer i\u00e7erdi\u011fini \u00f6ne s\u00fcr\u00fcyor. Bunlar di\u011fer elementlerin, \u00f6rne\u011fin s\u00fcper a\u011f\u0131r elementlerin atomik ve kimyasal \u00f6zelliklerini tahmin etmek i\u00e7in kullan\u0131l\u0131r.<\/p>\n<h2> <strong>Astatin izotoplar\u0131<\/strong><\/h2>\n<p> 25&#8217;i yapay n\u00fckleer d\u00f6n\u00fc\u015f\u00fcm reaksiyonlar\u0131 kullan\u0131larak haz\u0131rlanan 41 radyoaktif izotop i\u00e7eren bir elementtir. En uzun \u00f6mr\u00fc <sup>210<\/sup> At olup \u00f6mr\u00fc 8,1 saattir.<\/p>\n<p> Aksine en az dayan\u0131kl\u0131 olan\u0131 yar\u0131 \u00f6mr\u00fc 125 nanosaniyeye ula\u015fan <sup>213<\/sup> At&#8217;dir. Bunun d\u0131\u015f\u0131nda <sup>215<\/sup> At, <sup>218<\/sup> At ve <sup>219<\/sup> At izotoplar\u0131 Uranyum ve Toryum minerallerinde az miktarda bulunmaktad\u0131r.<\/p>\n<h2> <strong>Astatinin Sa\u011fl\u0131\u011fa Etkileri<\/strong><\/h2>\n<p> Yerkabu\u011fundaki miktar\u0131 s\u0131n\u0131rl\u0131 oldu\u011fundan ve \u00f6mr\u00fc de k\u0131sa oldu\u011fundan insan sa\u011fl\u0131\u011f\u0131na herhangi bir etkisi yoktur. Ancak \u00e7al\u0131\u015fma ve ara\u015ft\u0131rma yapan laboratuvarlar tiroid bezinde birikebilecek halojen i\u00e7erdi\u011finden \u00f6zel \u00f6nlemler ve kullan\u0131m teknikleri gerektirir.<\/p>\n<p> \u00d6zetle astatin, y\u00fcksek radyoaktivite, koyu bir g\u00f6r\u00fcn\u00fcm, ortalama 7,2 saatlik \u00f6m\u00fcr ve iyodine benzer bir bile\u015fim sergileyen halojenli bir metaloiddir. Karars\u0131zd\u0131r, grubunun en az elektronegatifli\u011fine sahiptir ve bir yar\u0131 iletkendir. Ticari uygulamalar i\u00e7ermese de ara\u015ft\u0131rma ve bilimsel \u00e7al\u0131\u015fmalarda kullan\u0131lmaktad\u0131r.<\/p>\n","protected":false},"excerpt":{"rendered":"<p>Astatin kimyasal elementi genellikle do\u011fada \u00e7ok nadir bulunur, \u00e7\u00fcnk\u00fc yer kabu\u011funda bulunan toplam miktar 30 gram\u0131 ge\u00e7mez. \u00d6te yandan yar\u0131 \u00f6mr\u00fc 8 saatten az oldu\u011fundan yar\u0131 \u00f6mr\u00fc \u00e7ok k\u0131sad\u0131r. Astatus&#8217;un ne oldu\u011fu, onu kimin ke\u015ffetti\u011fi ve kullan\u0131m alanlar\u0131 hakk\u0131nda daha fazla bilgi edinin. Durum Nedir? Astatin olarak da bilinen halojen kimyasal serisinin bir par\u00e7as\u0131 olan &#8230; <a title=\"Astatin\" class=\"read-more\" href=\"https:\/\/chemuza.org\/tr\/bir-durum\/\" aria-label=\"More on Astatin\">Devam\u0131n\u0131 oku<\/a><\/p>\n","protected":false},"author":1,"featured_media":0,"parent":0,"menu_order":0,"comment_status":"closed","ping_status":"closed","template":"","meta":{"footnotes":""},"yoast_head":"<!-- This site is optimized with the Yoast SEO plugin v21.4 - https:\/\/yoast.com\/wordpress\/plugins\/seo\/ -->\n<title>Astatin - Chemuza<\/title>\n<meta name=\"robots\" content=\"index, follow, max-snippet:-1, max-image-preview:large, max-video-preview:-1\" \/>\n<link rel=\"canonical\" href=\"https:\/\/chemuza.org\/tr\/bir-durum\/\" \/>\n<meta property=\"og:locale\" content=\"tr_TR\" \/>\n<meta property=\"og:type\" content=\"article\" \/>\n<meta property=\"og:title\" content=\"Astatin - Chemuza\" \/>\n<meta property=\"og:description\" content=\"Astatin kimyasal elementi genellikle do\u011fada \u00e7ok nadir bulunur, \u00e7\u00fcnk\u00fc yer kabu\u011funda bulunan toplam miktar 30 gram\u0131 ge\u00e7mez. \u00d6te yandan yar\u0131 \u00f6mr\u00fc 8 saatten az oldu\u011fundan yar\u0131 \u00f6mr\u00fc \u00e7ok k\u0131sad\u0131r. Astatus&#8217;un ne oldu\u011fu, onu kimin ke\u015ffetti\u011fi ve kullan\u0131m alanlar\u0131 hakk\u0131nda daha fazla bilgi edinin. Durum Nedir? Astatin olarak da bilinen halojen kimyasal serisinin bir par\u00e7as\u0131 olan ... Devam\u0131n\u0131 oku\" \/>\n<meta property=\"og:url\" content=\"https:\/\/chemuza.org\/tr\/bir-durum\/\" \/>\n<meta property=\"og:site_name\" content=\"Chemuza\" \/>\n<meta name=\"twitter:card\" content=\"summary_large_image\" \/>\n<meta name=\"twitter:label1\" content=\"Tahmini okuma s\u00fcresi\" \/>\n\t<meta name=\"twitter:data1\" content=\"4 dakika\" \/>\n<script type=\"application\/ld+json\" class=\"yoast-schema-graph\">{\"@context\":\"https:\/\/schema.org\",\"@graph\":[{\"@type\":\"WebPage\",\"@id\":\"https:\/\/chemuza.org\/tr\/bir-durum\/\",\"url\":\"https:\/\/chemuza.org\/tr\/bir-durum\/\",\"name\":\"Astatin - Chemuza\",\"isPartOf\":{\"@id\":\"https:\/\/chemuza.org\/tr\/#website\"},\"datePublished\":\"2023-07-13T21:13:29+00:00\",\"dateModified\":\"2023-07-13T21:13:29+00:00\",\"breadcrumb\":{\"@id\":\"https:\/\/chemuza.org\/tr\/bir-durum\/#breadcrumb\"},\"inLanguage\":\"tr\",\"potentialAction\":[{\"@type\":\"ReadAction\",\"target\":[\"https:\/\/chemuza.org\/tr\/bir-durum\/\"]}]},{\"@type\":\"BreadcrumbList\",\"@id\":\"https:\/\/chemuza.org\/tr\/bir-durum\/#breadcrumb\",\"itemListElement\":[{\"@type\":\"ListItem\",\"position\":1,\"name\":\"Ev\",\"item\":\"https:\/\/chemuza.org\/tr\/\"},{\"@type\":\"ListItem\",\"position\":2,\"name\":\"Astatin\"}]},{\"@type\":\"WebSite\",\"@id\":\"https:\/\/chemuza.org\/tr\/#website\",\"url\":\"https:\/\/chemuza.org\/tr\/\",\"name\":\"Chemuza\",\"description\":\"Kimyasal ke\u015fiflere a\u00e7\u0131lan kap\u0131n\u0131z!\",\"publisher\":{\"@id\":\"https:\/\/chemuza.org\/tr\/#organization\"},\"potentialAction\":[{\"@type\":\"SearchAction\",\"target\":{\"@type\":\"EntryPoint\",\"urlTemplate\":\"https:\/\/chemuza.org\/tr\/?s={search_term_string}\"},\"query-input\":\"required name=search_term_string\"}],\"inLanguage\":\"tr\"},{\"@type\":\"Organization\",\"@id\":\"https:\/\/chemuza.org\/tr\/#organization\",\"name\":\"Chemuza\",\"url\":\"https:\/\/chemuza.org\/tr\/\",\"logo\":{\"@type\":\"ImageObject\",\"inLanguage\":\"tr\",\"@id\":\"https:\/\/chemuza.org\/tr\/#\/schema\/logo\/image\/\",\"url\":\"https:\/\/chemuza.org\/tr\/wp-content\/uploads\/2023\/10\/chemuza-logo.png\",\"contentUrl\":\"https:\/\/chemuza.org\/tr\/wp-content\/uploads\/2023\/10\/chemuza-logo.png\",\"width\":387,\"height\":70,\"caption\":\"Chemuza\"},\"image\":{\"@id\":\"https:\/\/chemuza.org\/tr\/#\/schema\/logo\/image\/\"}}]}<\/script>\n<!-- \/ Yoast SEO plugin. -->","yoast_head_json":{"title":"Astatin - Chemuza","robots":{"index":"index","follow":"follow","max-snippet":"max-snippet:-1","max-image-preview":"max-image-preview:large","max-video-preview":"max-video-preview:-1"},"canonical":"https:\/\/chemuza.org\/tr\/bir-durum\/","og_locale":"tr_TR","og_type":"article","og_title":"Astatin - Chemuza","og_description":"Astatin kimyasal elementi genellikle do\u011fada \u00e7ok nadir bulunur, \u00e7\u00fcnk\u00fc yer kabu\u011funda bulunan toplam miktar 30 gram\u0131 ge\u00e7mez. \u00d6te yandan yar\u0131 \u00f6mr\u00fc 8 saatten az oldu\u011fundan yar\u0131 \u00f6mr\u00fc \u00e7ok k\u0131sad\u0131r. Astatus&#8217;un ne oldu\u011fu, onu kimin ke\u015ffetti\u011fi ve kullan\u0131m alanlar\u0131 hakk\u0131nda daha fazla bilgi edinin. Durum Nedir? Astatin olarak da bilinen halojen kimyasal serisinin bir par\u00e7as\u0131 olan ... Devam\u0131n\u0131 oku","og_url":"https:\/\/chemuza.org\/tr\/bir-durum\/","og_site_name":"Chemuza","twitter_card":"summary_large_image","twitter_misc":{"Tahmini okuma s\u00fcresi":"4 dakika"},"schema":{"@context":"https:\/\/schema.org","@graph":[{"@type":"WebPage","@id":"https:\/\/chemuza.org\/tr\/bir-durum\/","url":"https:\/\/chemuza.org\/tr\/bir-durum\/","name":"Astatin - Chemuza","isPartOf":{"@id":"https:\/\/chemuza.org\/tr\/#website"},"datePublished":"2023-07-13T21:13:29+00:00","dateModified":"2023-07-13T21:13:29+00:00","breadcrumb":{"@id":"https:\/\/chemuza.org\/tr\/bir-durum\/#breadcrumb"},"inLanguage":"tr","potentialAction":[{"@type":"ReadAction","target":["https:\/\/chemuza.org\/tr\/bir-durum\/"]}]},{"@type":"BreadcrumbList","@id":"https:\/\/chemuza.org\/tr\/bir-durum\/#breadcrumb","itemListElement":[{"@type":"ListItem","position":1,"name":"Ev","item":"https:\/\/chemuza.org\/tr\/"},{"@type":"ListItem","position":2,"name":"Astatin"}]},{"@type":"WebSite","@id":"https:\/\/chemuza.org\/tr\/#website","url":"https:\/\/chemuza.org\/tr\/","name":"Chemuza","description":"Kimyasal ke\u015fiflere a\u00e7\u0131lan kap\u0131n\u0131z!","publisher":{"@id":"https:\/\/chemuza.org\/tr\/#organization"},"potentialAction":[{"@type":"SearchAction","target":{"@type":"EntryPoint","urlTemplate":"https:\/\/chemuza.org\/tr\/?s={search_term_string}"},"query-input":"required name=search_term_string"}],"inLanguage":"tr"},{"@type":"Organization","@id":"https:\/\/chemuza.org\/tr\/#organization","name":"Chemuza","url":"https:\/\/chemuza.org\/tr\/","logo":{"@type":"ImageObject","inLanguage":"tr","@id":"https:\/\/chemuza.org\/tr\/#\/schema\/logo\/image\/","url":"https:\/\/chemuza.org\/tr\/wp-content\/uploads\/2023\/10\/chemuza-logo.png","contentUrl":"https:\/\/chemuza.org\/tr\/wp-content\/uploads\/2023\/10\/chemuza-logo.png","width":387,"height":70,"caption":"Chemuza"},"image":{"@id":"https:\/\/chemuza.org\/tr\/#\/schema\/logo\/image\/"}}]}},"yoast_meta":{"yoast_wpseo_title":"","yoast_wpseo_metadesc":"","yoast_wpseo_canonical":""},"_links":{"self":[{"href":"https:\/\/chemuza.org\/tr\/wp-json\/wp\/v2\/pages\/1515"}],"collection":[{"href":"https:\/\/chemuza.org\/tr\/wp-json\/wp\/v2\/pages"}],"about":[{"href":"https:\/\/chemuza.org\/tr\/wp-json\/wp\/v2\/types\/page"}],"author":[{"embeddable":true,"href":"https:\/\/chemuza.org\/tr\/wp-json\/wp\/v2\/users\/1"}],"replies":[{"embeddable":true,"href":"https:\/\/chemuza.org\/tr\/wp-json\/wp\/v2\/comments?post=1515"}],"version-history":[{"count":0,"href":"https:\/\/chemuza.org\/tr\/wp-json\/wp\/v2\/pages\/1515\/revisions"}],"wp:attachment":[{"href":"https:\/\/chemuza.org\/tr\/wp-json\/wp\/v2\/media?parent=1515"}],"curies":[{"name":"wp","href":"https:\/\/api.w.org\/{rel}","templated":true}]}}