{"id":1514,"date":"2023-07-13T21:38:39","date_gmt":"2023-07-13T21:38:39","guid":{"rendered":"https:\/\/chemuza.org\/tr\/polonyum\/"},"modified":"2023-07-13T21:38:39","modified_gmt":"2023-07-13T21:38:39","slug":"polonyum","status":"publish","type":"page","link":"https:\/\/chemuza.org\/tr\/polonyum\/","title":{"rendered":"Polonyum"},"content":{"rendered":"<p>Polonyum, yer kabu\u011funda do\u011fal olarak minimum konsantrasyonlarda bulunan radyoaktif bir elementtir. \u00c7ok u\u00e7ucudur ve erime noktas\u0131 d\u00fc\u015f\u00fckt\u00fcr. Ayr\u0131ca bile\u015fimi 41 toksik izotop i\u00e7erir, bu nedenle son derece dikkatli kullan\u0131lmal\u0131d\u0131r. \u00d6zellikleri, onu ke\u015ffeden ki\u015fi, ad\u0131n\u0131n k\u00f6keni ve modern kullan\u0131mlar\u0131 hakk\u0131nda daha fazla bilgi edinin.<\/p>\n<h2> <strong>Polonyum nedir?<\/strong><\/h2>\n<p> Periyodik tablodaki atom numaras\u0131 84 ile i\u015faretlenmi\u015f metaloid veya yar\u0131 metaldir. Rengi g\u00fcm\u00fc\u015f grisidir ve ortamda 2 allotrop halinde bulunur. Bizmut ve tell\u00fcre benzer \u00f6zelliklere sahip, \u00e7ok reaktif bir metaldir. Ek olarak, d\u00fc\u015f\u00fck erime noktas\u0131 g\u00f6z \u00f6n\u00fcne al\u0131nd\u0131\u011f\u0131nda, kararl\u0131 yar\u0131 iletken \u00f6zelliklere sahiptir.<\/p>\n<h3> <strong>Polonyum sembol\u00fc<\/strong><\/h3>\n<p> <span class=\"content-chemical-element\" style=\"float: left;width: 65px;height: 65px;border: 3px solid #666; display:flex;\n    justify-content: center;align-items: center;margin-right: 15px;\"><span style=\"font-size: 38px;\">Po<\/span><\/span> Ad\u0131n\u0131, ke\u015ffinin men\u015fei \u00fclke olan Polonya&#8217;dan almaktad\u0131r. Ka\u015fifi bilim adam\u0131 Marie Curie&#8217;nin do\u011fum yeriydi ve onun onuruna bu isim verildi.<\/p>\n<h2> <strong>Polonyumun \u00f6zellikleri<\/strong><\/h2>\n<p> Polonyum elementi periyodik tabloda Po sembol\u00fc alt\u0131nda 16. grupta yer al\u0131r. Metaller ve metal olmayanlar aras\u0131nda \u00f6zelliklere sahip olan ve s\u0131cakl\u0131\u011f\u0131 d\u00fc\u015ft\u00fc\u011f\u00fcnde elektrik iletkenli\u011fi sergileyen yar\u0131 metaldir. Ayr\u0131ca o kadar u\u00e7ucudur ki, 54,8\u00b0C&#8217;yi a\u015fmayan s\u0131cakl\u0131ktaki havada yakla\u015f\u0131k 45 saat sonra %50 oran\u0131nda azal\u0131r. Hepsi karars\u0131z olan 41 izotoptan olu\u015fur. Di\u011fer \u00f6zellikler \u015funlard\u0131r:<\/p>\n<ul>\n<li> <strong>Durum<\/strong> : Sa\u011flam.<\/li>\n<li> <strong>Renk<\/strong> : G\u00fcm\u00fc\u015f grisi.<\/li>\n<li> <strong>Tat ve koku<\/strong> : Kokusuzdur, hafif metalik bir tada sahiptir.<\/li>\n<li> <strong>Toksisite<\/strong> : Y\u00fcksek, siyan\u00fcr zehirinden 10.000 kat daha y\u00fcksek, birka\u00e7 mikrogram insanlar i\u00e7in \u00f6l\u00fcmc\u00fcl olabilir.<\/li>\n<li> <strong>Radyoaktivite<\/strong> : Y\u00fcksek, toksik alfa par\u00e7ac\u0131klar\u0131 yayan en radyoaktif elementlerden biridir.<\/li>\n<li> <strong>Reaktivite<\/strong> : Orta d\u00fczeydedir, havayla hafif\u00e7e reaksiyona girer ve suyla etkile\u015fime girmez.<\/li>\n<li> <strong>Yap\u0131<\/strong> : Monokliniktir, yani dik bir d\u00fczleme sahip ikili bir eksenden olu\u015fur. Ancak s\u0131cakl\u0131\u011fa ba\u011fl\u0131 olarak de\u011fi\u015fir, d\u00fc\u015f\u00fckse sar\u0131 k\u00fcbik allotrop olu\u015fturur, y\u00fcksekse k\u0131rm\u0131z\u0131 tetragonaldir.<\/li>\n<li> <strong>\u00c7\u00f6z\u00fcn\u00fcrl\u00fck<\/strong> : D\u00fc\u015f\u00fck, asitlerde \u00e7abuk \u00e7\u00f6z\u00fcn\u00fcr, alkalilerde az \u00e7\u00f6z\u00fcn\u00fcr.<\/li>\n<li> <strong>Bile\u015fimi<\/strong> : 84 elektron ve protonun yan\u0131 s\u0131ra 126 elektrondan olu\u015fur.<\/li>\n<\/ul>\n<h2> <strong>Polonyumun kimyasal ve fiziksel \u00f6zellikleri<\/strong><\/h2>\n<ol>\n<li> <strong>Atom numaras\u0131<\/strong> : 84<\/li>\n<li> <strong>D\u00f6nem<\/strong> : 6<\/li>\n<li> <strong>Engelle<\/strong> \ud83d\ude1b<\/li>\n<li> <strong>Grup<\/strong> : 16<\/li>\n<li> <strong>Ortalama yar\u0131\u00e7ap:<\/strong> 190 saat<\/li>\n<li> <strong>Yo\u011funluk:<\/strong> 9196 Kg\/m\u00b3<\/li>\n<li> <strong>Erime noktas\u0131:<\/strong> 254<strong> <\/strong>\u00b0C<\/li>\n<li> <strong>Atom yar\u0131\u00e7ap\u0131:<\/strong> 135 saat<\/li>\n<li> <strong>Elektronegatiflik:<\/strong> 2.0<\/li>\n<li> <strong>Oksidasyon durumu<\/strong> : 6, 4, 2, -2<\/li>\n<li> <strong>Kovalent yar\u0131\u00e7ap (\u00c5):<\/strong> 146h<\/li>\n<li> <strong>Kaynama noktas\u0131:<\/strong> 962\u00b0C<\/li>\n<li> <strong>Kabuk ba\u015f\u0131na elektron say\u0131s\u0131:<\/strong> 2, 8, 18, 32, 18, 6<\/li>\n<li> <strong>Birinci iyonla\u015fma potansiyeli<\/strong> (eV): 812,1 kJ\/mol<\/li>\n<li> <strong>Elektronik konfig\u00fcrasyon:<\/strong> [Xe] 4f14 5d10 6s2 6p4<\/li>\n<li> <strong>Atom k\u00fctlesi (g\/mol):<\/strong> 209,9824 u<\/li>\n<li> <strong>Is\u0131 iletkenli\u011fi:<\/strong> 20 W\/(Km)<\/li>\n<li> <strong>Elektrik iletkenli\u011fi:<\/strong> 2,19 x 106 S\/m<\/li>\n<\/ol>\n<h2> <strong>Polonyumun k\u00f6keni<\/strong><\/h2>\n<p> Polonyum kimyasal elementi 1898&#8217;de Marie Curie taraf\u0131ndan ke\u015ffedildi. Kendisi ve kocas\u0131, Pechblende veya Uraninite mineralinin radyoaktivitesinin nedenlerini analiz etti. Ba\u015flang\u0131\u00e7ta Radyo F olarak adland\u0131r\u0131lan radyo, Marie Curie&#8217;nin do\u011fum yeri Polonya&#8217;n\u0131n onuruna yeniden adland\u0131r\u0131ld\u0131. Bir elektroskop ve radyasyon emisyonlar\u0131 kullanarak onu uranyum, radyum ve bizmuttan ay\u0131rmay\u0131 ba\u015fard\u0131lar. En radyoaktif \u00f6rnekler elementten geldi.<\/p>\n<h2> <strong>Polonyum ne i\u00e7in kullan\u0131l\u0131r?<\/strong><\/h2>\n<p> Polonyumun kullan\u0131mlar\u0131 y\u00fcksek radyoaktivitesi nedeniyle s\u0131n\u0131rl\u0131 olmas\u0131na ra\u011fmen, tekstil \u00fcr\u00fcnlerinden statik y\u00fckleri gidermeye y\u00f6nelik cihazlarda kullan\u0131lmaktad\u0131r. Ayr\u0131ca Berilyum ile kar\u0131\u015ft\u0131r\u0131ld\u0131\u011f\u0131nda iyi bir n\u00f6tron kayna\u011f\u0131 haline gelir. Foto\u011fraf filmlerinin \u00fczerindeki tozlar\u0131 temizleyen f\u0131r\u00e7alarda kullan\u0131l\u0131r. Ayr\u0131ca hafif bir \u0131s\u0131 kayna\u011f\u0131 olmas\u0131 nedeniyle y\u00fcksek s\u0131cakl\u0131k olu\u015fturabilen ve enerji yayabilen uzay uydular\u0131nda da kullan\u0131lmaktad\u0131r.<\/p>\n<h2> <strong>Polonyum 210 nedir?<\/strong><\/h2>\n<p> B\u00fcy\u00fck miktarda enerjiye sahip olan ve uzay sekt\u00f6r\u00fcnde \u0131s\u0131 yay\u0131c\u0131 olarak kullan\u0131lan radyoaktif polonyumun bir izotopudur. Ayr\u0131ca yerkabu\u011funda ve t\u00fct\u00fcn bitkilerinde minimum konsantrasyonlarda bulunan olduk\u00e7a toksik bir elementtir. \u00c7evreye yava\u015f\u00e7a yay\u0131lan k\u0131sa menzilli radyasyon yayma kapasitesine sahiptir. Kirlenmi\u015f kat\u0131 veya s\u0131v\u0131lar\u0131n yutulmas\u0131 yoluyla v\u00fccuda girer.<\/p>\n<h2> <strong>Polonyum zehirlenmesi<\/strong><\/h2>\n<p> \u0130nsanlar i\u00e7in \u00f6ld\u00fcr\u00fcc\u00fc dozun 10 mikrogramdan az olmas\u0131, polonyumu siyan\u00fcrden daha toksik bir bile\u015fik haline getiriyor. Yaralanmalar, i\u00e7eceklerin yutulmas\u0131, kontamine kat\u0131lar\u0131n yutulmas\u0131 ve metalin yayd\u0131\u011f\u0131 alfa par\u00e7ac\u0131klar\u0131n\u0131n solunmas\u0131 yoluyla v\u00fccuda girebilir. V\u00fccut yine de minimum dozu tolere eder ve bu daha sonra do\u011fal olarak reddedilir. Ancak maruz kalman\u0131n uzun s\u00fcrmesi ve b\u00fcy\u00fck miktarlarda yutulmas\u0131 halinde zehirlenme meydana gelir. Belirtileri ve etkileri \u015funlard\u0131r:<\/p>\n<ul>\n<li> Bulant\u0131, ishal ve kusma.<\/li>\n<li> Dehidrasyon ve a\u015f\u0131r\u0131 t\u00fck\u00fcr\u00fck.<\/li>\n<li> Yo\u011fun yorgunluk ve ate\u015fli semptomlar.<\/li>\n<li> Al\u00e7ak gerilim.<\/li>\n<li> Sa\u00e7 kayb\u0131.<\/li>\n<li> \u015eiddetli mide a\u011fr\u0131s\u0131.<\/li>\n<li> B\u00f6breklerde ve akci\u011ferlerde ciddi hasar.<\/li>\n<li> Ba\u011f\u0131\u015f\u0131kl\u0131k sisteminin ba\u015far\u0131s\u0131zl\u0131\u011f\u0131, hatta \u00f6l\u00fcme bile yol a\u00e7abilir.<\/li>\n<\/ul>\n<p> Sonu\u00e7 olarak, bu metaloid y\u00fcksek radyoaktivitesi ile \u00f6ne \u00e7\u0131k\u0131yor, bu da end\u00fcstriyel sekt\u00f6rde \u00e7ok az uygulamaya sahip oldu\u011fu anlam\u0131na geliyor. End\u00fcstride kullan\u0131lan tek izotop olan polonyum 210, \u0131s\u0131 yaymak ve elektrik \u00fcretmek i\u00e7in kullan\u0131l\u0131yor.<\/p>\n","protected":false},"excerpt":{"rendered":"<p>Polonyum, yer kabu\u011funda do\u011fal olarak minimum konsantrasyonlarda bulunan radyoaktif bir elementtir. \u00c7ok u\u00e7ucudur ve erime noktas\u0131 d\u00fc\u015f\u00fckt\u00fcr. Ayr\u0131ca bile\u015fimi 41 toksik izotop i\u00e7erir, bu nedenle son derece dikkatli kullan\u0131lmal\u0131d\u0131r. \u00d6zellikleri, onu ke\u015ffeden ki\u015fi, ad\u0131n\u0131n k\u00f6keni ve modern kullan\u0131mlar\u0131 hakk\u0131nda daha fazla bilgi edinin. Polonyum nedir? Periyodik tablodaki atom numaras\u0131 84 ile i\u015faretlenmi\u015f metaloid veya yar\u0131 &#8230; <a title=\"Polonyum\" class=\"read-more\" href=\"https:\/\/chemuza.org\/tr\/polonyum\/\" aria-label=\"More on Polonyum\">Devam\u0131n\u0131 oku<\/a><\/p>\n","protected":false},"author":1,"featured_media":0,"parent":0,"menu_order":0,"comment_status":"closed","ping_status":"closed","template":"","meta":{"footnotes":""},"yoast_head":"<!-- This site is optimized with the Yoast SEO plugin v21.4 - https:\/\/yoast.com\/wordpress\/plugins\/seo\/ -->\n<title>Polonyum - Chemuza<\/title>\n<meta name=\"robots\" content=\"index, follow, max-snippet:-1, max-image-preview:large, max-video-preview:-1\" \/>\n<link rel=\"canonical\" href=\"https:\/\/chemuza.org\/tr\/polonyum\/\" \/>\n<meta property=\"og:locale\" content=\"tr_TR\" \/>\n<meta property=\"og:type\" content=\"article\" \/>\n<meta property=\"og:title\" content=\"Polonyum - Chemuza\" \/>\n<meta property=\"og:description\" content=\"Polonyum, yer kabu\u011funda do\u011fal olarak minimum konsantrasyonlarda bulunan radyoaktif bir elementtir. \u00c7ok u\u00e7ucudur ve erime noktas\u0131 d\u00fc\u015f\u00fckt\u00fcr. Ayr\u0131ca bile\u015fimi 41 toksik izotop i\u00e7erir, bu nedenle son derece dikkatli kullan\u0131lmal\u0131d\u0131r. \u00d6zellikleri, onu ke\u015ffeden ki\u015fi, ad\u0131n\u0131n k\u00f6keni ve modern kullan\u0131mlar\u0131 hakk\u0131nda daha fazla bilgi edinin. Polonyum nedir? Periyodik tablodaki atom numaras\u0131 84 ile i\u015faretlenmi\u015f metaloid veya yar\u0131 ... Devam\u0131n\u0131 oku\" \/>\n<meta property=\"og:url\" content=\"https:\/\/chemuza.org\/tr\/polonyum\/\" \/>\n<meta property=\"og:site_name\" content=\"Chemuza\" \/>\n<meta name=\"twitter:card\" content=\"summary_large_image\" \/>\n<meta name=\"twitter:label1\" content=\"Tahmini okuma s\u00fcresi\" \/>\n\t<meta name=\"twitter:data1\" content=\"4 dakika\" \/>\n<script type=\"application\/ld+json\" class=\"yoast-schema-graph\">{\"@context\":\"https:\/\/schema.org\",\"@graph\":[{\"@type\":\"WebPage\",\"@id\":\"https:\/\/chemuza.org\/tr\/polonyum\/\",\"url\":\"https:\/\/chemuza.org\/tr\/polonyum\/\",\"name\":\"Polonyum - Chemuza\",\"isPartOf\":{\"@id\":\"https:\/\/chemuza.org\/tr\/#website\"},\"datePublished\":\"2023-07-13T21:38:39+00:00\",\"dateModified\":\"2023-07-13T21:38:39+00:00\",\"breadcrumb\":{\"@id\":\"https:\/\/chemuza.org\/tr\/polonyum\/#breadcrumb\"},\"inLanguage\":\"tr\",\"potentialAction\":[{\"@type\":\"ReadAction\",\"target\":[\"https:\/\/chemuza.org\/tr\/polonyum\/\"]}]},{\"@type\":\"BreadcrumbList\",\"@id\":\"https:\/\/chemuza.org\/tr\/polonyum\/#breadcrumb\",\"itemListElement\":[{\"@type\":\"ListItem\",\"position\":1,\"name\":\"Ev\",\"item\":\"https:\/\/chemuza.org\/tr\/\"},{\"@type\":\"ListItem\",\"position\":2,\"name\":\"Polonyum\"}]},{\"@type\":\"WebSite\",\"@id\":\"https:\/\/chemuza.org\/tr\/#website\",\"url\":\"https:\/\/chemuza.org\/tr\/\",\"name\":\"Chemuza\",\"description\":\"Kimyasal ke\u015fiflere a\u00e7\u0131lan kap\u0131n\u0131z!\",\"publisher\":{\"@id\":\"https:\/\/chemuza.org\/tr\/#organization\"},\"potentialAction\":[{\"@type\":\"SearchAction\",\"target\":{\"@type\":\"EntryPoint\",\"urlTemplate\":\"https:\/\/chemuza.org\/tr\/?s={search_term_string}\"},\"query-input\":\"required name=search_term_string\"}],\"inLanguage\":\"tr\"},{\"@type\":\"Organization\",\"@id\":\"https:\/\/chemuza.org\/tr\/#organization\",\"name\":\"Chemuza\",\"url\":\"https:\/\/chemuza.org\/tr\/\",\"logo\":{\"@type\":\"ImageObject\",\"inLanguage\":\"tr\",\"@id\":\"https:\/\/chemuza.org\/tr\/#\/schema\/logo\/image\/\",\"url\":\"https:\/\/chemuza.org\/tr\/wp-content\/uploads\/2023\/10\/chemuza-logo.png\",\"contentUrl\":\"https:\/\/chemuza.org\/tr\/wp-content\/uploads\/2023\/10\/chemuza-logo.png\",\"width\":387,\"height\":70,\"caption\":\"Chemuza\"},\"image\":{\"@id\":\"https:\/\/chemuza.org\/tr\/#\/schema\/logo\/image\/\"}}]}<\/script>\n<!-- \/ Yoast SEO plugin. -->","yoast_head_json":{"title":"Polonyum - Chemuza","robots":{"index":"index","follow":"follow","max-snippet":"max-snippet:-1","max-image-preview":"max-image-preview:large","max-video-preview":"max-video-preview:-1"},"canonical":"https:\/\/chemuza.org\/tr\/polonyum\/","og_locale":"tr_TR","og_type":"article","og_title":"Polonyum - Chemuza","og_description":"Polonyum, yer kabu\u011funda do\u011fal olarak minimum konsantrasyonlarda bulunan radyoaktif bir elementtir. \u00c7ok u\u00e7ucudur ve erime noktas\u0131 d\u00fc\u015f\u00fckt\u00fcr. Ayr\u0131ca bile\u015fimi 41 toksik izotop i\u00e7erir, bu nedenle son derece dikkatli kullan\u0131lmal\u0131d\u0131r. \u00d6zellikleri, onu ke\u015ffeden ki\u015fi, ad\u0131n\u0131n k\u00f6keni ve modern kullan\u0131mlar\u0131 hakk\u0131nda daha fazla bilgi edinin. Polonyum nedir? Periyodik tablodaki atom numaras\u0131 84 ile i\u015faretlenmi\u015f metaloid veya yar\u0131 ... Devam\u0131n\u0131 oku","og_url":"https:\/\/chemuza.org\/tr\/polonyum\/","og_site_name":"Chemuza","twitter_card":"summary_large_image","twitter_misc":{"Tahmini okuma s\u00fcresi":"4 dakika"},"schema":{"@context":"https:\/\/schema.org","@graph":[{"@type":"WebPage","@id":"https:\/\/chemuza.org\/tr\/polonyum\/","url":"https:\/\/chemuza.org\/tr\/polonyum\/","name":"Polonyum - Chemuza","isPartOf":{"@id":"https:\/\/chemuza.org\/tr\/#website"},"datePublished":"2023-07-13T21:38:39+00:00","dateModified":"2023-07-13T21:38:39+00:00","breadcrumb":{"@id":"https:\/\/chemuza.org\/tr\/polonyum\/#breadcrumb"},"inLanguage":"tr","potentialAction":[{"@type":"ReadAction","target":["https:\/\/chemuza.org\/tr\/polonyum\/"]}]},{"@type":"BreadcrumbList","@id":"https:\/\/chemuza.org\/tr\/polonyum\/#breadcrumb","itemListElement":[{"@type":"ListItem","position":1,"name":"Ev","item":"https:\/\/chemuza.org\/tr\/"},{"@type":"ListItem","position":2,"name":"Polonyum"}]},{"@type":"WebSite","@id":"https:\/\/chemuza.org\/tr\/#website","url":"https:\/\/chemuza.org\/tr\/","name":"Chemuza","description":"Kimyasal ke\u015fiflere a\u00e7\u0131lan kap\u0131n\u0131z!","publisher":{"@id":"https:\/\/chemuza.org\/tr\/#organization"},"potentialAction":[{"@type":"SearchAction","target":{"@type":"EntryPoint","urlTemplate":"https:\/\/chemuza.org\/tr\/?s={search_term_string}"},"query-input":"required name=search_term_string"}],"inLanguage":"tr"},{"@type":"Organization","@id":"https:\/\/chemuza.org\/tr\/#organization","name":"Chemuza","url":"https:\/\/chemuza.org\/tr\/","logo":{"@type":"ImageObject","inLanguage":"tr","@id":"https:\/\/chemuza.org\/tr\/#\/schema\/logo\/image\/","url":"https:\/\/chemuza.org\/tr\/wp-content\/uploads\/2023\/10\/chemuza-logo.png","contentUrl":"https:\/\/chemuza.org\/tr\/wp-content\/uploads\/2023\/10\/chemuza-logo.png","width":387,"height":70,"caption":"Chemuza"},"image":{"@id":"https:\/\/chemuza.org\/tr\/#\/schema\/logo\/image\/"}}]}},"yoast_meta":{"yoast_wpseo_title":"","yoast_wpseo_metadesc":"","yoast_wpseo_canonical":""},"_links":{"self":[{"href":"https:\/\/chemuza.org\/tr\/wp-json\/wp\/v2\/pages\/1514"}],"collection":[{"href":"https:\/\/chemuza.org\/tr\/wp-json\/wp\/v2\/pages"}],"about":[{"href":"https:\/\/chemuza.org\/tr\/wp-json\/wp\/v2\/types\/page"}],"author":[{"embeddable":true,"href":"https:\/\/chemuza.org\/tr\/wp-json\/wp\/v2\/users\/1"}],"replies":[{"embeddable":true,"href":"https:\/\/chemuza.org\/tr\/wp-json\/wp\/v2\/comments?post=1514"}],"version-history":[{"count":0,"href":"https:\/\/chemuza.org\/tr\/wp-json\/wp\/v2\/pages\/1514\/revisions"}],"wp:attachment":[{"href":"https:\/\/chemuza.org\/tr\/wp-json\/wp\/v2\/media?parent=1514"}],"curies":[{"name":"wp","href":"https:\/\/api.w.org\/{rel}","templated":true}]}}