{"id":1502,"date":"2023-07-14T02:55:09","date_gmt":"2023-07-14T02:55:09","guid":{"rendered":"https:\/\/chemuza.org\/tr\/holmiyum\/"},"modified":"2023-07-14T02:55:09","modified_gmt":"2023-07-14T02:55:09","slug":"holmiyum","status":"publish","type":"page","link":"https:\/\/chemuza.org\/tr\/holmiyum\/","title":{"rendered":"Holmiyum"},"content":{"rendered":"<p>Nadir topraklar ad\u0131 verilen gruba ait olan bu bile\u015fik, yaln\u0131zca Monazit ve Gadolinit gibi minerallerde az miktarda bulunur. \u00c7e\u015fitli elektronik cihazlar\u0131n \u00fcretiminde yayg\u0131n olarak kullan\u0131lmaktad\u0131r. Ayr\u0131ca olduk\u00e7a spesifik kimyasal ve fiziksel \u00f6zelliklere sahiptir.<\/p>\n<h2> <strong>Holmiyum nedir?<\/strong><\/h2>\n<p> Genellikle oksit formunda olu\u015fan lantanitler grubunda yer alan bir metaloiddir. D\u00f6v\u00fclebilir, yumu\u015fakt\u0131r ve g\u00fcm\u00fc\u015fi gri renkte gelir. Ayr\u0131ca toksisitesinin d\u00fc\u015f\u00fck olmas\u0131 nedeniyle canl\u0131lar i\u00e7in b\u00fcy\u00fck bir risk olu\u015fturmaz.<\/p>\n<h3> <strong>Holmiyum sembol\u00fc<\/strong><\/h3>\n<p> <span class=\"content-chemical-element\" style=\"float: left;width: 65px;height: 65px;border: 3px solid #666; display:flex;\n    justify-content: center;align-items: center;margin-right: 15px;\"><span style=\"font-size: 38px;\">Ho<\/span><\/span> Ad\u0131n\u0131, kimyasal bile\u015fi\u011fin 1878&#8217;de resmi olarak ke\u015ffedildi\u011fi ba\u015fkent olan ve \u0130spanyolca&#8217;da Stockholm olarak bilinen Latince Holmia isminin t\u00fcrevinden alm\u0131\u015ft\u0131r.<\/p>\n<h2> <strong>Holmiyumun \u00f6zellikleri<\/strong><\/h2>\n<p> S\u0131cakl\u0131ktaki de\u011fi\u015fikliklere tepki veren, antiferromanyetik ve ard\u0131ndan ferromanyetik hale gelen paramanyetik bir elementtir. Ek olarak a\u015fa\u011f\u0131daki \u00f6zelliklere sahiptir:<\/p>\n<ul>\n<li> <strong>Durumu:<\/strong> S\u0131radan haliyle sa\u011flam, s\u00fcnek ve d\u00f6v\u00fclebilirdir.<\/li>\n<li> <strong>Renk :<\/strong> Parlak g\u00fcm\u00fc\u015f tonunun g\u00f6r\u00fcn\u00fcm\u00fc.<\/li>\n<li> <strong>\u00c7\u00f6z\u00fcn\u00fcrl\u00fck:<\/strong> Asitlerde \u00e7\u00f6z\u00fcn\u00fcr.<\/li>\n<li> <strong>Toksisite:<\/strong> B\u00fcy\u00fck miktarlarda ve s\u00fcrekli olarak maruz b\u0131rak\u0131lmamas\u0131 veya kullan\u0131lmamas\u0131 halinde zararl\u0131 de\u011fildir.<\/li>\n<li> <strong>Reaktivite:<\/strong> Kuru iklimlerde stabil kal\u0131r, aksine havan\u0131n nemli veya s\u0131cakl\u0131\u011f\u0131n y\u00fcksek oldu\u011fu durumlarda reaktif olur.<\/li>\n<li> <strong>Radyoaktivite:<\/strong> Do\u011fal holmiyumun kendisi radyoaktif de\u011fildir; tam tersine bilinen izotoplar\u0131ndan baz\u0131lar\u0131 \u00f6yledir.<\/li>\n<li> <strong>Yap\u0131s\u0131:<\/strong> Kristal, alt\u0131gen ve kompakt.<\/li>\n<li> <strong>Bile\u015fimi:<\/strong> 67 proton ve elektron i\u00e7erir.<\/li>\n<\/ul>\n<h2> <strong>Holmiyumun kimyasal ve fiziksel \u00f6zellikleri<\/strong><\/h2>\n<ol>\n<li> <strong>Atom numaras\u0131:<\/strong> 67<\/li>\n<li> <strong>D\u00f6nem:<\/strong> 6<\/li>\n<li> <strong>Blok:<\/strong> F<\/li>\n<li> <strong>Grup:<\/strong> Lantanitler<\/li>\n<li> <strong>Kovalent yar\u0131\u00e7ap (\u00c5):<\/strong> 1,58 pm<\/li>\n<li> <strong>Yo\u011funluk:<\/strong> 8800 kg\/ <sup>m3<\/sup><\/li>\n<li> <strong>Kaynama noktas\u0131:<\/strong> 2600\u00b0C<\/li>\n<li> <strong>Erime noktas\u0131:<\/strong> 1461\u00b0C<\/li>\n<li> <strong>Atom yar\u0131\u00e7ap\u0131:<\/strong> 13:76<\/li>\n<li> <strong>\u0130yonik yar\u0131\u00e7ap (\u00c5):<\/strong> 0,96 pm<\/li>\n<li> <strong>Ortalama yar\u0131\u00e7ap:<\/strong> 247 saat<\/li>\n<li> <strong>Elektronegatiflik:<\/strong> 1.2<\/li>\n<li> <strong>Elektronik konfig\u00fcrasyon:<\/strong> [Xe]4f115d06s2<\/li>\n<li> <strong>Atom k\u00fctlesi (g\/mol):<\/strong> 164.930 u<\/li>\n<li> <strong>Is\u0131 iletkenli\u011fi:<\/strong> 16,2 W \/ (K m)<\/li>\n<li> <strong>Elektriksel iletkenlik:<\/strong> 1,24 S\/m<\/li>\n<li> <strong>Katman ba\u015f\u0131na elektron say\u0131s\u0131:<\/strong> 2, 8, 18, 29, 8, 2<\/li>\n<li> <strong>Oksidasyon durumu:<\/strong> +3<\/li>\n<li> <strong>Oksit:<\/strong> Temel<\/li>\n<li> <strong>\u00d6zg\u00fcl \u0131s\u0131:<\/strong> 160 J \/ (K kg)<\/li>\n<\/ol>\n<h2> <strong>Holmiyumun K\u00f6keni<\/strong><\/h2>\n<p> M. Delafontaine ve JL Soret, bu metalin benzersiz spektrografik absorpsiyon bantlar\u0131n\u0131 g\u00f6rselle\u015ftiren ilk 2 ki\u015fiydi. Daha sonra, 1878 y\u0131l\u0131nda Per Teodor Cleve, Erbiyum oksitle \u00e7al\u0131\u015f\u0131rken tesad\u00fcfen Holmiyum&#8217;u ke\u015ffetti.<\/p>\n<p> Asl\u0131nda bu \u0130sve\u00e7li kimyager bunu Carl Mosander&#8217;\u0131n icat etti\u011fi y\u00f6ntem sayesinde ba\u015far\u0131yor. B\u00f6ylece \u00fclkesinin ba\u015fkentinin Latince ad\u0131 olan Holmia ad\u0131n\u0131 verdi\u011fi biri kahverengi olmak \u00fczere 2 bile\u015fen elde ediyor. Bu sayede metaloidi ba\u011f\u0131ms\u0131z olarak tan\u0131mlayan ilk ki\u015fi olur.<\/p>\n<h2> <strong>Holmiyum ne i\u00e7in kullan\u0131l\u0131r?<\/strong><\/h2>\n<p> End\u00fcstriyel d\u00fczeyde s\u0131n\u0131rl\u0131 kimyasal reaksiyonlarda kullan\u0131lm\u0131\u015ft\u0131r. Floresan lamba veya ampul, televizyon ve di\u011fer elektronik cihazlar\u0131n imalat\u0131nda kullan\u0131ld\u0131\u011f\u0131 gibi cam\u0131n parlat\u0131lmas\u0131nda da etkilidir. \u00d6zellikle Holmium lazerin kullan\u0131ld\u0131\u011f\u0131 t\u0131bba yapt\u0131\u011f\u0131 katk\u0131lardan dolay\u0131 takdir edilmektedir. Prostatektomilerde, glokom tedavisinde ve bu hastal\u0131k nedeniyle ba\u015far\u0131s\u0131z olan ameliyatlar\u0131n onar\u0131m\u0131nda kullan\u0131lan alet. Ayr\u0131ca g\u00f6z bas\u0131nc\u0131yla ilgili anormallikleri tedavi etmek i\u00e7in.<\/p>\n<p> Buna ra\u011fmen ticari alanda kullan\u0131m\u0131 nadir oldu\u011fundan \u00fcretimi d\u00fc\u015f\u00fck bir metaloiddir. Herhangi bir istisnai bile\u015fik olu\u015fturmaz, bu nedenle \u00f6nemli bir talep vard\u0131r. Ancak ilgin\u00e7 manyetik \u00f6zellikleri nedeniyle gelecekte \u00e7ok faydal\u0131 olabilece\u011fine inan\u0131l\u0131yor.<\/p>\n<h2> <strong>Holmiyum elde etme y\u00f6ntemleri<\/strong><\/h2>\n<p> Az miktarda bulunmas\u0131 nedeniyle do\u011fada nadiren bulunur. Asl\u0131nda Gadolinit ve Monasit olmak \u00fczere 2 farkl\u0131 mineral t\u00fcr\u00fcnde bulunur. Metal elde etmek i\u00e7in flor\u00fcr ve susuz holmiyum klor\u00fcr\u00fcn kalsiyum ile indirgenmesiyle izole edilir. \u015eu anda bu, \u00f6ncelikle Monazit mineralini i\u00e7eren bir iyon de\u011fi\u015ftirme prosed\u00fcr\u00fc yoluyla elde edilmektedir. Bu sayede %0,05&#8217;e kadar Holmiyum elde edilebilmektedir.<\/p>\n<h2> <strong>Holmiyumun canl\u0131lara ve \u00e7evreye zararl\u0131 etkileri<\/strong><\/h2>\n<p> D\u00fc\u015f\u00fck toksisitesi nedeniyle sa\u011fl\u0131\u011fa zararl\u0131 de\u011fildir, ancak uzun s\u00fcreli maruz kalma ve kullan\u0131m akci\u011ferleri ve karaci\u011feri etkileyebilir. \u00c7evre s\u00f6z konusu oldu\u011funda, elektrikli cihazlar\u0131n imhas\u0131 s\u0131ras\u0131nda element do\u011fayla temas eder. Ayr\u0131ca do\u011frudan petrol end\u00fcstrileri taraf\u0131ndan bo\u015falt\u0131ld\u0131\u011f\u0131nda.<\/p>\n<p> Sonu\u00e7 olarak Holmiyum, insanlar ve hayvanlar da dahil olmak \u00fczere toprak par\u00e7ac\u0131klar\u0131nda birikir ve konsantrasyonunu art\u0131r\u0131r. Hatta h\u00fccre zarlar\u0131na, sinir sistemlerine ve \u00fcremelerine zarar verdi\u011finden en \u00e7ok deniz canl\u0131lar\u0131 etkileniyor.<\/p>\n<p> Sonu\u00e7 olarak, 1878&#8217;de bilinen s\u00fcnek bir metalik elementtir. O zamandan beri, kimyasal reaksiyonlar i\u00e7in bir kataliz\u00f6r olarak yararl\u0131 oldu\u011fu ke\u015ffedildi ve t\u0131p alan\u0131n\u0131 geli\u015ftirmek amac\u0131yla \u00f6zel bir Holmium lazeri yarat\u0131ld\u0131. .<\/p>\n","protected":false},"excerpt":{"rendered":"<p>Nadir topraklar ad\u0131 verilen gruba ait olan bu bile\u015fik, yaln\u0131zca Monazit ve Gadolinit gibi minerallerde az miktarda bulunur. \u00c7e\u015fitli elektronik cihazlar\u0131n \u00fcretiminde yayg\u0131n olarak kullan\u0131lmaktad\u0131r. Ayr\u0131ca olduk\u00e7a spesifik kimyasal ve fiziksel \u00f6zelliklere sahiptir. Holmiyum nedir? Genellikle oksit formunda olu\u015fan lantanitler grubunda yer alan bir metaloiddir. D\u00f6v\u00fclebilir, yumu\u015fakt\u0131r ve g\u00fcm\u00fc\u015fi gri renkte gelir. Ayr\u0131ca toksisitesinin d\u00fc\u015f\u00fck &#8230; <a title=\"Holmiyum\" class=\"read-more\" href=\"https:\/\/chemuza.org\/tr\/holmiyum\/\" aria-label=\"More on Holmiyum\">Devam\u0131n\u0131 oku<\/a><\/p>\n","protected":false},"author":1,"featured_media":0,"parent":0,"menu_order":0,"comment_status":"closed","ping_status":"closed","template":"","meta":{"footnotes":""},"yoast_head":"<!-- This site is optimized with the Yoast SEO plugin v21.4 - https:\/\/yoast.com\/wordpress\/plugins\/seo\/ -->\n<title>Holmiyum - Chemuza<\/title>\n<meta name=\"robots\" content=\"index, follow, max-snippet:-1, max-image-preview:large, max-video-preview:-1\" \/>\n<link rel=\"canonical\" href=\"https:\/\/chemuza.org\/tr\/holmiyum\/\" \/>\n<meta property=\"og:locale\" content=\"tr_TR\" \/>\n<meta property=\"og:type\" content=\"article\" \/>\n<meta property=\"og:title\" content=\"Holmiyum - Chemuza\" \/>\n<meta property=\"og:description\" content=\"Nadir topraklar ad\u0131 verilen gruba ait olan bu bile\u015fik, yaln\u0131zca Monazit ve Gadolinit gibi minerallerde az miktarda bulunur. \u00c7e\u015fitli elektronik cihazlar\u0131n \u00fcretiminde yayg\u0131n olarak kullan\u0131lmaktad\u0131r. Ayr\u0131ca olduk\u00e7a spesifik kimyasal ve fiziksel \u00f6zelliklere sahiptir. Holmiyum nedir? Genellikle oksit formunda olu\u015fan lantanitler grubunda yer alan bir metaloiddir. D\u00f6v\u00fclebilir, yumu\u015fakt\u0131r ve g\u00fcm\u00fc\u015fi gri renkte gelir. Ayr\u0131ca toksisitesinin d\u00fc\u015f\u00fck ... Devam\u0131n\u0131 oku\" \/>\n<meta property=\"og:url\" content=\"https:\/\/chemuza.org\/tr\/holmiyum\/\" \/>\n<meta property=\"og:site_name\" content=\"Chemuza\" \/>\n<meta name=\"twitter:card\" content=\"summary_large_image\" \/>\n<meta name=\"twitter:label1\" content=\"Tahmini okuma s\u00fcresi\" \/>\n\t<meta name=\"twitter:data1\" content=\"4 dakika\" \/>\n<script type=\"application\/ld+json\" class=\"yoast-schema-graph\">{\"@context\":\"https:\/\/schema.org\",\"@graph\":[{\"@type\":\"WebPage\",\"@id\":\"https:\/\/chemuza.org\/tr\/holmiyum\/\",\"url\":\"https:\/\/chemuza.org\/tr\/holmiyum\/\",\"name\":\"Holmiyum - Chemuza\",\"isPartOf\":{\"@id\":\"https:\/\/chemuza.org\/tr\/#website\"},\"datePublished\":\"2023-07-14T02:55:09+00:00\",\"dateModified\":\"2023-07-14T02:55:09+00:00\",\"breadcrumb\":{\"@id\":\"https:\/\/chemuza.org\/tr\/holmiyum\/#breadcrumb\"},\"inLanguage\":\"tr\",\"potentialAction\":[{\"@type\":\"ReadAction\",\"target\":[\"https:\/\/chemuza.org\/tr\/holmiyum\/\"]}]},{\"@type\":\"BreadcrumbList\",\"@id\":\"https:\/\/chemuza.org\/tr\/holmiyum\/#breadcrumb\",\"itemListElement\":[{\"@type\":\"ListItem\",\"position\":1,\"name\":\"Ev\",\"item\":\"https:\/\/chemuza.org\/tr\/\"},{\"@type\":\"ListItem\",\"position\":2,\"name\":\"Holmiyum\"}]},{\"@type\":\"WebSite\",\"@id\":\"https:\/\/chemuza.org\/tr\/#website\",\"url\":\"https:\/\/chemuza.org\/tr\/\",\"name\":\"Chemuza\",\"description\":\"Kimyasal ke\u015fiflere a\u00e7\u0131lan kap\u0131n\u0131z!\",\"publisher\":{\"@id\":\"https:\/\/chemuza.org\/tr\/#organization\"},\"potentialAction\":[{\"@type\":\"SearchAction\",\"target\":{\"@type\":\"EntryPoint\",\"urlTemplate\":\"https:\/\/chemuza.org\/tr\/?s={search_term_string}\"},\"query-input\":\"required name=search_term_string\"}],\"inLanguage\":\"tr\"},{\"@type\":\"Organization\",\"@id\":\"https:\/\/chemuza.org\/tr\/#organization\",\"name\":\"Chemuza\",\"url\":\"https:\/\/chemuza.org\/tr\/\",\"logo\":{\"@type\":\"ImageObject\",\"inLanguage\":\"tr\",\"@id\":\"https:\/\/chemuza.org\/tr\/#\/schema\/logo\/image\/\",\"url\":\"https:\/\/chemuza.org\/tr\/wp-content\/uploads\/2023\/10\/chemuza-logo.png\",\"contentUrl\":\"https:\/\/chemuza.org\/tr\/wp-content\/uploads\/2023\/10\/chemuza-logo.png\",\"width\":387,\"height\":70,\"caption\":\"Chemuza\"},\"image\":{\"@id\":\"https:\/\/chemuza.org\/tr\/#\/schema\/logo\/image\/\"}}]}<\/script>\n<!-- \/ Yoast SEO plugin. -->","yoast_head_json":{"title":"Holmiyum - Chemuza","robots":{"index":"index","follow":"follow","max-snippet":"max-snippet:-1","max-image-preview":"max-image-preview:large","max-video-preview":"max-video-preview:-1"},"canonical":"https:\/\/chemuza.org\/tr\/holmiyum\/","og_locale":"tr_TR","og_type":"article","og_title":"Holmiyum - Chemuza","og_description":"Nadir topraklar ad\u0131 verilen gruba ait olan bu bile\u015fik, yaln\u0131zca Monazit ve Gadolinit gibi minerallerde az miktarda bulunur. \u00c7e\u015fitli elektronik cihazlar\u0131n \u00fcretiminde yayg\u0131n olarak kullan\u0131lmaktad\u0131r. Ayr\u0131ca olduk\u00e7a spesifik kimyasal ve fiziksel \u00f6zelliklere sahiptir. Holmiyum nedir? Genellikle oksit formunda olu\u015fan lantanitler grubunda yer alan bir metaloiddir. D\u00f6v\u00fclebilir, yumu\u015fakt\u0131r ve g\u00fcm\u00fc\u015fi gri renkte gelir. Ayr\u0131ca toksisitesinin d\u00fc\u015f\u00fck ... Devam\u0131n\u0131 oku","og_url":"https:\/\/chemuza.org\/tr\/holmiyum\/","og_site_name":"Chemuza","twitter_card":"summary_large_image","twitter_misc":{"Tahmini okuma s\u00fcresi":"4 dakika"},"schema":{"@context":"https:\/\/schema.org","@graph":[{"@type":"WebPage","@id":"https:\/\/chemuza.org\/tr\/holmiyum\/","url":"https:\/\/chemuza.org\/tr\/holmiyum\/","name":"Holmiyum - Chemuza","isPartOf":{"@id":"https:\/\/chemuza.org\/tr\/#website"},"datePublished":"2023-07-14T02:55:09+00:00","dateModified":"2023-07-14T02:55:09+00:00","breadcrumb":{"@id":"https:\/\/chemuza.org\/tr\/holmiyum\/#breadcrumb"},"inLanguage":"tr","potentialAction":[{"@type":"ReadAction","target":["https:\/\/chemuza.org\/tr\/holmiyum\/"]}]},{"@type":"BreadcrumbList","@id":"https:\/\/chemuza.org\/tr\/holmiyum\/#breadcrumb","itemListElement":[{"@type":"ListItem","position":1,"name":"Ev","item":"https:\/\/chemuza.org\/tr\/"},{"@type":"ListItem","position":2,"name":"Holmiyum"}]},{"@type":"WebSite","@id":"https:\/\/chemuza.org\/tr\/#website","url":"https:\/\/chemuza.org\/tr\/","name":"Chemuza","description":"Kimyasal ke\u015fiflere a\u00e7\u0131lan kap\u0131n\u0131z!","publisher":{"@id":"https:\/\/chemuza.org\/tr\/#organization"},"potentialAction":[{"@type":"SearchAction","target":{"@type":"EntryPoint","urlTemplate":"https:\/\/chemuza.org\/tr\/?s={search_term_string}"},"query-input":"required name=search_term_string"}],"inLanguage":"tr"},{"@type":"Organization","@id":"https:\/\/chemuza.org\/tr\/#organization","name":"Chemuza","url":"https:\/\/chemuza.org\/tr\/","logo":{"@type":"ImageObject","inLanguage":"tr","@id":"https:\/\/chemuza.org\/tr\/#\/schema\/logo\/image\/","url":"https:\/\/chemuza.org\/tr\/wp-content\/uploads\/2023\/10\/chemuza-logo.png","contentUrl":"https:\/\/chemuza.org\/tr\/wp-content\/uploads\/2023\/10\/chemuza-logo.png","width":387,"height":70,"caption":"Chemuza"},"image":{"@id":"https:\/\/chemuza.org\/tr\/#\/schema\/logo\/image\/"}}]}},"yoast_meta":{"yoast_wpseo_title":"","yoast_wpseo_metadesc":"","yoast_wpseo_canonical":""},"_links":{"self":[{"href":"https:\/\/chemuza.org\/tr\/wp-json\/wp\/v2\/pages\/1502"}],"collection":[{"href":"https:\/\/chemuza.org\/tr\/wp-json\/wp\/v2\/pages"}],"about":[{"href":"https:\/\/chemuza.org\/tr\/wp-json\/wp\/v2\/types\/page"}],"author":[{"embeddable":true,"href":"https:\/\/chemuza.org\/tr\/wp-json\/wp\/v2\/users\/1"}],"replies":[{"embeddable":true,"href":"https:\/\/chemuza.org\/tr\/wp-json\/wp\/v2\/comments?post=1502"}],"version-history":[{"count":0,"href":"https:\/\/chemuza.org\/tr\/wp-json\/wp\/v2\/pages\/1502\/revisions"}],"wp:attachment":[{"href":"https:\/\/chemuza.org\/tr\/wp-json\/wp\/v2\/media?parent=1502"}],"curies":[{"name":"wp","href":"https:\/\/api.w.org\/{rel}","templated":true}]}}