{"id":1500,"date":"2023-07-14T03:55:03","date_gmt":"2023-07-14T03:55:03","guid":{"rendered":"https:\/\/chemuza.org\/tr\/hafniyum\/"},"modified":"2023-07-14T03:55:03","modified_gmt":"2023-07-14T03:55:03","slug":"hafniyum","status":"publish","type":"page","link":"https:\/\/chemuza.org\/tr\/hafniyum\/","title":{"rendered":"Hafniyum"},"content":{"rendered":"<p>D\u00fcnyada var olan az say\u0131daki metalik elementten biri olarak kabul edilir, zirkonyuma \u00e7ok benzer bir bile\u015fime sahiptir. Asl\u0131nda \u00e7\u0131kar\u0131lmas\u0131 onunla yap\u0131l\u0131r \u00e7\u00fcnk\u00fc minerallerinde ve t\u00fcrevlerinde bulunur. A\u015fa\u011f\u0131da Hafniyumun \u00f6zellikleri, \u00f6zellikleri ve kullan\u0131m alanlar\u0131 hakk\u0131nda k\u0131saca bilgi edinin.<\/p>\n<h2> <strong>Hafniyum nedir?<\/strong><\/h2>\n<p> D\u00fcnyadaki bollu\u011fu 5,3 ppm olan bir metaldir, tetrahalidin magnezyum ile indirgenmesiyle elde edilir, di\u011fer gazlarla kar\u0131\u015fabildi\u011fi i\u00e7in bu i\u015flem belirli \u00f6nlemlerle ger\u00e7ekle\u015ftirilir. G\u00fcm\u00fc\u015fi ve parlak bir g\u00f6r\u00fcn\u00fcme sahiptir, genellikle 2222\u00b0C civar\u0131nda eritilir ve genellikle n\u00fckleer reakt\u00f6rlerin imalat\u0131nda kullan\u0131l\u0131r.<\/p>\n<h3> <strong>Hafniyum sembol\u00fc<\/strong><\/h3>\n<p> <span class=\"content-chemical-element\" style=\"float: left;width: 65px;height: 65px;border: 3px solid #666; display:flex;\n    justify-content: center;align-items: center;margin-right: 15px;\"><span style=\"font-size: 38px;\">Hf<\/span><\/span> Tabloda atom numaras\u0131 72 ve atom a\u011f\u0131rl\u0131\u011f\u0131 178,49&#8217;dur. Ad\u0131, kimyager D. Coster taraf\u0131ndan J. Hevesy ile i\u015fbirli\u011fi i\u00e7inde ke\u015ffedildi\u011fi \u015fehir olan Kopenhag anlam\u0131na gelen Latince <em>Hafnia&#8217;dan<\/em> gelmektedir. O zamandan beri Zirkonyumun Hafniyum ile yak\u0131ndan ili\u015fkili oldu\u011funu biliyoruz.<\/p>\n<h2> <strong>Hafniyumun \u00f6zellikleri<\/strong><\/h2>\n<p> Bu bile\u015fi\u011fin en dikkat \u00e7ekici \u00f6zelliklerinden biri, yang\u0131na neden olabilecek patlay\u0131c\u0131 par\u00e7ac\u0131klar\u0131n i\u00e7eri\u011fidir. Ayr\u0131ca onu tan\u0131mlayan di\u011fer noktalar \u015funlard\u0131r:<\/p>\n<ul>\n<li> <strong>Durumu<\/strong> : Kat\u0131, toz dokuya aittir.<\/li>\n<li> <strong>Renk<\/strong> : Parlak g\u00fcm\u00fc\u015f grisidir.<\/li>\n<li> <strong>Tat ve koku<\/strong> : Tad\u0131 yoktur ve kendine \u00f6zg\u00fc bir kokusu yoktur.<\/li>\n<li> <strong>\u00c7\u00f6z\u00fcn\u00fcrl\u00fck<\/strong> : Suda, v\u00fccut kimyasallar\u0131nda veya tuzlu su \u00e7\u00f6zeltilerinde \u00e7\u00f6z\u00fcnmez.<\/li>\n<li> <strong>Toksisite<\/strong> : Bilinen bir toksisite d\u00fczeyi yoktur.<\/li>\n<li> <strong>Reaktivite<\/strong> : Y\u00fcksek s\u0131cakl\u0131klarda bor, oksijen, k\u00fck\u00fcrt, silikon, nitrojen ve karbon ile reaksiyona girme olas\u0131l\u0131\u011f\u0131 vard\u0131r.<\/li>\n<li> <strong>Yap\u0131s\u0131<\/strong> : P\u0131rlantaya benzer \u015fekilde \u015feffaft\u0131r.<\/li>\n<li> <strong>Bile\u015fimi<\/strong> : 72 elektron ve ayn\u0131 say\u0131da proton.<\/li>\n<\/ul>\n<h2> <strong>Hafniyumun kimyasal ve fiziksel \u00f6zellikleri<\/strong><\/h2>\n<ol>\n<li> <strong>Atom numaras\u0131<\/strong> : 72<\/li>\n<li> <strong>D\u00f6nem<\/strong> : 6<\/li>\n<li> <strong>Engelle<\/strong> \ud83d\ude00<\/li>\n<li> <strong>Grup<\/strong> : 4<\/li>\n<li> <strong>Yo\u011funluk<\/strong> : 13,1 kg\/m\u00b3<\/li>\n<li> <strong>Kaynama noktas\u0131<\/strong> : 5400\u00b0C<\/li>\n<li> <strong>Erime noktas\u0131<\/strong> : 2222\u00b0C<\/li>\n<li> <strong>Atom yar\u0131\u00e7ap\u0131<\/strong> : 125 saat<\/li>\n<li> <strong>Ortalama yar\u0131\u00e7ap<\/strong> : 155 saat<\/li>\n<li> <strong>\u0130yonik yar\u0131\u00e7ap (\u00c5)<\/strong> : 0,81<\/li>\n<li> <strong>Elektronegatiflik<\/strong> : 1.3<\/li>\n<li> <strong>Oksidasyon durumu<\/strong> : +4<\/li>\n<li> <strong>Oksit<\/strong> : Amfoterik<\/li>\n<li> <strong>\u00d6zg\u00fcl \u0131s\u0131<\/strong> : 24,06 kJ\/mol<\/li>\n<li> <strong>Kovalent yar\u0131\u00e7ap (\u00c5)<\/strong> : 1:50 pm<\/li>\n<li> <strong>Elektronik konfig\u00fcrasyon<\/strong> : [Xe]4f <sup>14<\/sup> 5d <sup>2<\/sup> 6s <sup>2<\/sup><\/li>\n<li> <strong>Atom k\u00fctlesi (g\/mol)<\/strong> : 178,49 u<\/li>\n<li> <strong>Katman ba\u015f\u0131na elektron say\u0131s\u0131<\/strong> : 2, 8, 18, 32, 12, 2<\/li>\n<li> <strong>Kristal yap\u0131s\u0131<\/strong> : Alt\u0131gen<\/li>\n<li> <strong>Birinci iyonla\u015fma potansiyeli eV<\/strong> : 5,54 kJ\/mol<\/li>\n<li> <strong>Is\u0131 iletkenli\u011fi<\/strong> : 23 W\/(m\u00b7K)<\/li>\n<li> <strong>Elektrik iletkenli\u011fi<\/strong> : 3,12 \u00d7 106 m-1 \u03a9-1<\/li>\n<\/ol>\n<h2> <strong>Hafniyumun K\u00f6keni<\/strong><\/h2>\n<p> 1923 y\u0131l\u0131nda Macaristan do\u011fumlu kimya ara\u015ft\u0131rmac\u0131s\u0131 Dirk Coster ve Hevesey&#8217;li George Von taraf\u0131ndan Danimarka&#8217;n\u0131n Kopenhag \u015fehrinde ke\u015ffedildi. Yanlar\u0131nda hafniyum ve zirkonyumun karma\u015f\u0131k ayr\u0131m\u0131n\u0131n ara\u015ft\u0131r\u0131lmas\u0131na yard\u0131mc\u0131 olan tan\u0131nm\u0131\u015f Norve\u00e7li bir profesyonel de vard\u0131. Bu element G\u00fcney Amerika ve Avustralya&#8217;da bulunur. Bir milyon tona kadar rezerv var.<\/p>\n<p> Ba\u015flang\u0131\u00e7ta kal\u0131n \u00e7eli\u011fi kesmek i\u00e7in kullan\u0131ld\u0131 ve kullan\u0131m\u0131 metal yap\u0131lar ve in\u015faatlar olu\u015fturmaya kadar geni\u015fledi. \u015eu anda bu prosed\u00fcr, Hafniyum elektrotlar\u0131 i\u00e7eren bir plazma kesici kullan\u0131larak ger\u00e7ekle\u015ftirilmektedir.<\/p>\n<h2> <strong>Hafniyum ne i\u00e7in kullan\u0131l\u0131r?<\/strong><\/h2>\n<p> Nadir bir elementtir ve elektrotlarda ve filamanlarda tungsten ile f\u00fczyonlar i\u00e7in kullan\u0131mlar\u0131 \u00e7ok spesifiktir. Ayn\u0131 \u015fekilde n\u00fckleer reakt\u00f6rler i\u00e7in kontrol \u00e7ubuklar\u0131n\u0131n geli\u015ftirilmesinde de kullan\u0131lmaktad\u0131r. N\u00fckleer kullan\u0131m\u0131 n\u00f6tron emme kapasitesinden ve korozyona kar\u015f\u0131 direncinden kaynaklanmaktad\u0131r. Ayn\u0131 \u015fekilde Intel ve IBM gibi \u015firketler taraf\u0131ndan i\u015flemcilere y\u00f6nelik transist\u00f6r yap\u0131m\u0131nda kullan\u0131l\u0131yor.<\/p>\n<p> Ayr\u0131ca n\u00fckleer denizalt\u0131 ve gaz lambalar\u0131n\u0131n \u00fcretiminde de kullan\u0131l\u0131yor. Di\u011fer metalik minerallerin yan\u0131 s\u0131ra demir, niyobyum, titanyum ile bo\u015f kanallarda ve ba\u011flarda nitrojen ve oksijen varl\u0131\u011f\u0131n\u0131 ortadan kald\u0131r\u0131n.<\/p>\n<h2> <strong>Hafniyum nas\u0131l elde edilir?<\/strong><\/h2>\n<p> Her zaman Zirkonyum ile birlikte bulunmas\u0131 sistem i\u00e7erisinde ba\u011f\u0131ms\u0131z olarak var olmad\u0131\u011f\u0131n\u0131 g\u00f6sterir. Hafniyum, Zirkon elementleri ve t\u00fcrevleri aras\u0131na %1 ila %5 oran\u0131nda dald\u0131r\u0131l\u0131r. Ay\u0131rma i\u015flemi b\u00fcy\u00fck zorluklar yarat\u0131r \u00e7\u00fcnk\u00fc her ikisi de hemen hemen ayn\u0131 kimyasal \u00f6zelliklere sahiptir. Bu metaloidi elde etmek i\u00e7in Hafniyum tetraklor\u00fcr\u00fcn Sodyum veya Magnezyum kullan\u0131larak indirgenmesi yoluyla bir Zirkonyum safla\u015ft\u0131rma i\u015fleminin ger\u00e7ekle\u015ftirilmesi gerekir.<\/p>\n<h2> <strong>Hafniyum kullan\u0131m\u0131nda dikkat<\/strong><\/h2>\n<p> Bu element her kullan\u0131ld\u0131\u011f\u0131nda dikkatli olmak \u00f6nemlidir, \u00e7\u00fcnk\u00fc di\u011fer bile\u015fiklerden ayr\u0131lma s\u00fcrecinden ge\u00e7tikten sonra piroforik hale gelir ve bu da kendili\u011finden yanma olas\u0131l\u0131\u011f\u0131n\u0131 g\u00f6sterir. Ancak Hafniyum uygun \u00f6nlemlerle kullan\u0131lmazsa mukoza, g\u00f6z ve ciltte hafif tahri\u015fe neden olabilir. Ancak \u015fu ana kadar maruz kalman\u0131n v\u00fccutta herhangi bir kronik sonucu tespit edilmedi.<\/p>\n<p> Sonu\u00e7 olarak, bu metaloidin kullan\u0131m\u0131, protonlar\u0131n filtrelenmesi ve Hafniyumun sahip oldu\u011fu mekanik kullan\u0131mlar nedeniyle bir\u00e7ok n\u00fckleer elementin \u00fcretimi i\u00e7in gereklidir ve farkl\u0131 projelerin geli\u015ftirilmesi i\u00e7in idealdir.<\/p>\n","protected":false},"excerpt":{"rendered":"<p>D\u00fcnyada var olan az say\u0131daki metalik elementten biri olarak kabul edilir, zirkonyuma \u00e7ok benzer bir bile\u015fime sahiptir. Asl\u0131nda \u00e7\u0131kar\u0131lmas\u0131 onunla yap\u0131l\u0131r \u00e7\u00fcnk\u00fc minerallerinde ve t\u00fcrevlerinde bulunur. A\u015fa\u011f\u0131da Hafniyumun \u00f6zellikleri, \u00f6zellikleri ve kullan\u0131m alanlar\u0131 hakk\u0131nda k\u0131saca bilgi edinin. Hafniyum nedir? D\u00fcnyadaki bollu\u011fu 5,3 ppm olan bir metaldir, tetrahalidin magnezyum ile indirgenmesiyle elde edilir, di\u011fer gazlarla kar\u0131\u015fabildi\u011fi &#8230; <a title=\"Hafniyum\" class=\"read-more\" href=\"https:\/\/chemuza.org\/tr\/hafniyum\/\" aria-label=\"More on Hafniyum\">Devam\u0131n\u0131 oku<\/a><\/p>\n","protected":false},"author":1,"featured_media":0,"parent":0,"menu_order":0,"comment_status":"closed","ping_status":"closed","template":"","meta":{"footnotes":""},"yoast_head":"<!-- This site is optimized with the Yoast SEO plugin v21.4 - https:\/\/yoast.com\/wordpress\/plugins\/seo\/ -->\n<title>Hafniyum - Chemuza<\/title>\n<meta name=\"robots\" content=\"index, follow, max-snippet:-1, max-image-preview:large, max-video-preview:-1\" \/>\n<link rel=\"canonical\" href=\"https:\/\/chemuza.org\/tr\/hafniyum\/\" \/>\n<meta property=\"og:locale\" content=\"tr_TR\" \/>\n<meta property=\"og:type\" content=\"article\" \/>\n<meta property=\"og:title\" content=\"Hafniyum - Chemuza\" \/>\n<meta property=\"og:description\" content=\"D\u00fcnyada var olan az say\u0131daki metalik elementten biri olarak kabul edilir, zirkonyuma \u00e7ok benzer bir bile\u015fime sahiptir. Asl\u0131nda \u00e7\u0131kar\u0131lmas\u0131 onunla yap\u0131l\u0131r \u00e7\u00fcnk\u00fc minerallerinde ve t\u00fcrevlerinde bulunur. A\u015fa\u011f\u0131da Hafniyumun \u00f6zellikleri, \u00f6zellikleri ve kullan\u0131m alanlar\u0131 hakk\u0131nda k\u0131saca bilgi edinin. Hafniyum nedir? D\u00fcnyadaki bollu\u011fu 5,3 ppm olan bir metaldir, tetrahalidin magnezyum ile indirgenmesiyle elde edilir, di\u011fer gazlarla kar\u0131\u015fabildi\u011fi ... Devam\u0131n\u0131 oku\" \/>\n<meta property=\"og:url\" content=\"https:\/\/chemuza.org\/tr\/hafniyum\/\" \/>\n<meta property=\"og:site_name\" content=\"Chemuza\" \/>\n<meta name=\"twitter:card\" content=\"summary_large_image\" \/>\n<meta name=\"twitter:label1\" content=\"Tahmini okuma s\u00fcresi\" \/>\n\t<meta name=\"twitter:data1\" content=\"4 dakika\" \/>\n<script type=\"application\/ld+json\" class=\"yoast-schema-graph\">{\"@context\":\"https:\/\/schema.org\",\"@graph\":[{\"@type\":\"WebPage\",\"@id\":\"https:\/\/chemuza.org\/tr\/hafniyum\/\",\"url\":\"https:\/\/chemuza.org\/tr\/hafniyum\/\",\"name\":\"Hafniyum - Chemuza\",\"isPartOf\":{\"@id\":\"https:\/\/chemuza.org\/tr\/#website\"},\"datePublished\":\"2023-07-14T03:55:03+00:00\",\"dateModified\":\"2023-07-14T03:55:03+00:00\",\"breadcrumb\":{\"@id\":\"https:\/\/chemuza.org\/tr\/hafniyum\/#breadcrumb\"},\"inLanguage\":\"tr\",\"potentialAction\":[{\"@type\":\"ReadAction\",\"target\":[\"https:\/\/chemuza.org\/tr\/hafniyum\/\"]}]},{\"@type\":\"BreadcrumbList\",\"@id\":\"https:\/\/chemuza.org\/tr\/hafniyum\/#breadcrumb\",\"itemListElement\":[{\"@type\":\"ListItem\",\"position\":1,\"name\":\"Ev\",\"item\":\"https:\/\/chemuza.org\/tr\/\"},{\"@type\":\"ListItem\",\"position\":2,\"name\":\"Hafniyum\"}]},{\"@type\":\"WebSite\",\"@id\":\"https:\/\/chemuza.org\/tr\/#website\",\"url\":\"https:\/\/chemuza.org\/tr\/\",\"name\":\"Chemuza\",\"description\":\"Kimyasal ke\u015fiflere a\u00e7\u0131lan kap\u0131n\u0131z!\",\"publisher\":{\"@id\":\"https:\/\/chemuza.org\/tr\/#organization\"},\"potentialAction\":[{\"@type\":\"SearchAction\",\"target\":{\"@type\":\"EntryPoint\",\"urlTemplate\":\"https:\/\/chemuza.org\/tr\/?s={search_term_string}\"},\"query-input\":\"required name=search_term_string\"}],\"inLanguage\":\"tr\"},{\"@type\":\"Organization\",\"@id\":\"https:\/\/chemuza.org\/tr\/#organization\",\"name\":\"Chemuza\",\"url\":\"https:\/\/chemuza.org\/tr\/\",\"logo\":{\"@type\":\"ImageObject\",\"inLanguage\":\"tr\",\"@id\":\"https:\/\/chemuza.org\/tr\/#\/schema\/logo\/image\/\",\"url\":\"https:\/\/chemuza.org\/tr\/wp-content\/uploads\/2023\/10\/chemuza-logo.png\",\"contentUrl\":\"https:\/\/chemuza.org\/tr\/wp-content\/uploads\/2023\/10\/chemuza-logo.png\",\"width\":387,\"height\":70,\"caption\":\"Chemuza\"},\"image\":{\"@id\":\"https:\/\/chemuza.org\/tr\/#\/schema\/logo\/image\/\"}}]}<\/script>\n<!-- \/ Yoast SEO plugin. -->","yoast_head_json":{"title":"Hafniyum - Chemuza","robots":{"index":"index","follow":"follow","max-snippet":"max-snippet:-1","max-image-preview":"max-image-preview:large","max-video-preview":"max-video-preview:-1"},"canonical":"https:\/\/chemuza.org\/tr\/hafniyum\/","og_locale":"tr_TR","og_type":"article","og_title":"Hafniyum - Chemuza","og_description":"D\u00fcnyada var olan az say\u0131daki metalik elementten biri olarak kabul edilir, zirkonyuma \u00e7ok benzer bir bile\u015fime sahiptir. Asl\u0131nda \u00e7\u0131kar\u0131lmas\u0131 onunla yap\u0131l\u0131r \u00e7\u00fcnk\u00fc minerallerinde ve t\u00fcrevlerinde bulunur. A\u015fa\u011f\u0131da Hafniyumun \u00f6zellikleri, \u00f6zellikleri ve kullan\u0131m alanlar\u0131 hakk\u0131nda k\u0131saca bilgi edinin. Hafniyum nedir? D\u00fcnyadaki bollu\u011fu 5,3 ppm olan bir metaldir, tetrahalidin magnezyum ile indirgenmesiyle elde edilir, di\u011fer gazlarla kar\u0131\u015fabildi\u011fi ... Devam\u0131n\u0131 oku","og_url":"https:\/\/chemuza.org\/tr\/hafniyum\/","og_site_name":"Chemuza","twitter_card":"summary_large_image","twitter_misc":{"Tahmini okuma s\u00fcresi":"4 dakika"},"schema":{"@context":"https:\/\/schema.org","@graph":[{"@type":"WebPage","@id":"https:\/\/chemuza.org\/tr\/hafniyum\/","url":"https:\/\/chemuza.org\/tr\/hafniyum\/","name":"Hafniyum - Chemuza","isPartOf":{"@id":"https:\/\/chemuza.org\/tr\/#website"},"datePublished":"2023-07-14T03:55:03+00:00","dateModified":"2023-07-14T03:55:03+00:00","breadcrumb":{"@id":"https:\/\/chemuza.org\/tr\/hafniyum\/#breadcrumb"},"inLanguage":"tr","potentialAction":[{"@type":"ReadAction","target":["https:\/\/chemuza.org\/tr\/hafniyum\/"]}]},{"@type":"BreadcrumbList","@id":"https:\/\/chemuza.org\/tr\/hafniyum\/#breadcrumb","itemListElement":[{"@type":"ListItem","position":1,"name":"Ev","item":"https:\/\/chemuza.org\/tr\/"},{"@type":"ListItem","position":2,"name":"Hafniyum"}]},{"@type":"WebSite","@id":"https:\/\/chemuza.org\/tr\/#website","url":"https:\/\/chemuza.org\/tr\/","name":"Chemuza","description":"Kimyasal ke\u015fiflere a\u00e7\u0131lan kap\u0131n\u0131z!","publisher":{"@id":"https:\/\/chemuza.org\/tr\/#organization"},"potentialAction":[{"@type":"SearchAction","target":{"@type":"EntryPoint","urlTemplate":"https:\/\/chemuza.org\/tr\/?s={search_term_string}"},"query-input":"required name=search_term_string"}],"inLanguage":"tr"},{"@type":"Organization","@id":"https:\/\/chemuza.org\/tr\/#organization","name":"Chemuza","url":"https:\/\/chemuza.org\/tr\/","logo":{"@type":"ImageObject","inLanguage":"tr","@id":"https:\/\/chemuza.org\/tr\/#\/schema\/logo\/image\/","url":"https:\/\/chemuza.org\/tr\/wp-content\/uploads\/2023\/10\/chemuza-logo.png","contentUrl":"https:\/\/chemuza.org\/tr\/wp-content\/uploads\/2023\/10\/chemuza-logo.png","width":387,"height":70,"caption":"Chemuza"},"image":{"@id":"https:\/\/chemuza.org\/tr\/#\/schema\/logo\/image\/"}}]}},"yoast_meta":{"yoast_wpseo_title":"","yoast_wpseo_metadesc":"","yoast_wpseo_canonical":""},"_links":{"self":[{"href":"https:\/\/chemuza.org\/tr\/wp-json\/wp\/v2\/pages\/1500"}],"collection":[{"href":"https:\/\/chemuza.org\/tr\/wp-json\/wp\/v2\/pages"}],"about":[{"href":"https:\/\/chemuza.org\/tr\/wp-json\/wp\/v2\/types\/page"}],"author":[{"embeddable":true,"href":"https:\/\/chemuza.org\/tr\/wp-json\/wp\/v2\/users\/1"}],"replies":[{"embeddable":true,"href":"https:\/\/chemuza.org\/tr\/wp-json\/wp\/v2\/comments?post=1500"}],"version-history":[{"count":0,"href":"https:\/\/chemuza.org\/tr\/wp-json\/wp\/v2\/pages\/1500\/revisions"}],"wp:attachment":[{"href":"https:\/\/chemuza.org\/tr\/wp-json\/wp\/v2\/media?parent=1500"}],"curies":[{"name":"wp","href":"https:\/\/api.w.org\/{rel}","templated":true}]}}