{"id":1492,"date":"2023-07-14T06:00:57","date_gmt":"2023-07-14T06:00:57","guid":{"rendered":"https:\/\/chemuza.org\/tr\/gadolinyum\/"},"modified":"2023-07-14T06:00:57","modified_gmt":"2023-07-14T06:00:57","slug":"gadolinyum","status":"publish","type":"page","link":"https:\/\/chemuza.org\/tr\/gadolinyum\/","title":{"rendered":"Gadolinyum"},"content":{"rendered":"<p>Gadolinyum, do\u011fada gadolinit ve didimyum gibi di\u011fer minerallerle kar\u0131\u015f\u0131k olarak bulunan nadir metaloidlerden biridir. N\u00fckleer alanda, t\u0131pta ve elektronikte kullan\u0131lan \u00f6zellikleri i\u00e7ermesi nedeniyle \u00e7\u0131kar\u0131lmas\u0131 g\u00fcn\u00fcm\u00fczde patlama ya\u015f\u0131yor. Bu do\u011fal elementle ilgili her \u015feyi ke\u015ffedin.<\/p>\n<h2> <strong>Gadolinyum nedir?<\/strong><\/h2>\n<p> Bu kimyasal element, periyodik tablodaki lantanitler veya nadir toprak elementleri grubuna aittir. Do\u011fal haliyle sa\u011flam, yumu\u015fak, d\u00f6v\u00fclebilir, s\u00fcnek ve g\u00fcm\u00fc\u015fi beyaz renklidir. Yerkabu\u011funda 7,7 ppm \u00fcretimle bulunur ve protonlar\u0131 \u00e7ekme kapasitesi daha y\u00fcksektir. Ayr\u0131ca y\u00fcksek s\u0131cakl\u0131klarda yo\u011fun bir paramanyetik etki g\u00f6sterir ve d\u00fc\u015f\u00fck s\u0131cakl\u0131klarda ferrom\u0131knat\u0131s gibi davran\u0131r.<\/p>\n<h3> <strong>Gadolinyum sembol\u00fc<\/strong><\/h3>\n<p> <span class=\"content-chemical-element\" style=\"float: left;width: 65px;height: 65px;border: 3px solid #666; display:flex;\n    justify-content: center;align-items: center;margin-right: 15px;\"><span style=\"font-size: 38px;\">Gd<\/span><\/span> , ad\u0131n\u0131 Finli kimyager ve jeolog Johan Gadolin taraf\u0131ndan \u00e7ok daha \u00f6nce ke\u015ffedilen bir mineral olan gadolinitten alm\u0131\u015ft\u0131r. Metal ve mineral aras\u0131ndaki ayr\u0131m ilk olarak Frans\u0131z kimyager Paul \u00c9mile Lecoq de Boisbaudran taraf\u0131ndan ger\u00e7ekle\u015ftirilmi\u015ftir.<\/p>\n<h2> <strong>Gadolinyumun \u00d6zellikleri<\/strong><\/h2>\n<p> Genellikle \u00fc\u00e7 de\u011ferlikli durumda (Gd3) bulunan bir i\u00e7 ge\u00e7i\u015f oksittir. Gadolinyumun ferromanyetik \u00f6zellikleri onu m\u0131knat\u0131slar\u0131 olu\u015fturan elementler grubuna yerle\u015ftirir. Ayr\u0131ca bu metaloidin ba\u015fka \u00f6nemli \u00f6zellikleri de vard\u0131r:<\/p>\n<ul>\n<li> <strong>Durumu<\/strong> : Kat\u0131 ve polikristalin.<\/li>\n<li> <strong>Renk<\/strong> : G\u00fcm\u00fc\u015fi beyaz ve tuzlarda renksizdir.<\/li>\n<li> <strong>\u00c7\u00f6z\u00fcn\u00fcrl\u00fck<\/strong> : Asitlerde \u00e7\u00f6z\u00fcn\u00fcr.<\/li>\n<li> <strong>Toksisite<\/strong> : Do\u011fal haliyle \u00e7ok toksiktir.<\/li>\n<li> <strong>Reaktivite<\/strong> : Su ve oksijenle reaksiyona girer, kuru havada de\u011fi\u015fiklik g\u00f6stermez. Nem ile birlikte oksit tabakas\u0131 olu\u015fturur.<\/li>\n<li> <strong>Yap\u0131s\u0131<\/strong> : Kristal ve kompakt alt\u0131gen.<\/li>\n<li> <strong>Bile\u015fimi<\/strong> : 6 kabukta da\u011f\u0131t\u0131lm\u0131\u015f 64 elektronu vard\u0131r.<\/li>\n<\/ul>\n<h2> <strong>Gadolinyumun kimyasal ve fiziksel \u00f6zellikleri<\/strong><\/h2>\n<ol>\n<li> <strong>Atom numaras\u0131<\/strong> : 64<\/li>\n<li> <strong>D\u00f6nem<\/strong> : 6<\/li>\n<li> <strong>Blok<\/strong> : f<\/li>\n<li> <strong>Grup<\/strong> : 3<\/li>\n<li> <strong>Yo\u011funluk:<\/strong> 7,89<\/li>\n<li> <strong>Erime noktas\u0131:<\/strong> 1312\u00b0C<\/li>\n<li> <strong>Atom yar\u0131\u00e7ap\u0131:<\/strong> 1,79<\/li>\n<li> <strong>Ortalama yar\u0131\u00e7ap:<\/strong> 188 saat<\/li>\n<li> <strong>Elektronegatiflik:<\/strong> 1.20<\/li>\n<li> <strong>Oksidasyon durumu:<\/strong> 3<\/li>\n<li> <strong>Pas:<\/strong> Biraz basit.<\/li>\n<li> <strong>Kovalent yar\u0131\u00e7ap (\u00c5):<\/strong> 1,61<\/li>\n<li> <strong>Katman ba\u015f\u0131na elektron say\u0131s\u0131:<\/strong> 2, 8, 18, 25, 9, 2<\/li>\n<li> <strong>Elektronik konfig\u00fcrasyon:<\/strong> [Xe]4f <sup>7<\/sup> 5d <sup>1<\/sup> 6s <sup>2<\/sup><\/li>\n<li> <strong>Birinci iyonla\u015fma potansiyeli eV:<\/strong> 6,20<\/li>\n<li> <strong>Is\u0131 iletkenli\u011fi:<\/strong> 10,6 W\/(Km)<\/li>\n<li> <strong>Atom k\u00fctlesi (g\/mol):<\/strong> 157,25<\/li>\n<li> <strong>\u00d6zg\u00fcl \u0131s\u0131:<\/strong> 230 J\/(K-Kg)<\/li>\n<li> <strong>Kaynama noktas\u0131:<\/strong> 3000\u00b0C<\/li>\n<li> <strong>Elektrik iletkenli\u011fi:<\/strong> 0,736 106 S\/m<\/li>\n<\/ol>\n<h2> <strong>Gadolinyumun K\u00f6keni<\/strong><\/h2>\n<p> Gadolinyum&#8217;u ilk kez 1880&#8217;de Cenevre&#8217;deki Didyme ve Gadolinit cevherlerinde ke\u015ffeden kimyager Jean Charles Galissard de Marignac&#8217;t\u0131. Spektroskopik y\u00f6ntemlerle bunu Samarskit mineralinin beyaz\u0131ms\u0131 bir oksidi olarak g\u00f6zlemledi ve bu s\u0131rada ona Samarskit&#8217;in Y ad\u0131n\u0131 verdi.<\/p>\n<p> Ancak Frans\u0131z kimyager Paul \u00c9mile Lecoq de Bisbaudran, 1886 y\u0131l\u0131nda metal ile Gadolinia minerali aras\u0131ndaki ayr\u0131m\u0131 yapt\u0131. Bu da ona Gadolinyum ad\u0131n\u0131 verdi. O andan itibaren bu orta a\u011f\u0131rl\u0131ktaki metal, esas olarak Stockholm&#8217;deki Ytterby madeninden \u00e7\u0131kar\u0131lmaya ba\u015fland\u0131, ancak bu do\u011fal kaynak \u015fu anda bu b\u00f6lgede t\u00fckenmi\u015f durumda.<\/p>\n<p> G\u00fcn\u00fcm\u00fczde bu metaloid, kalsiyum flor\u00fcr\u00fcn susuz gadolinyum ile indirgenmesiyle elde edilmektedir. \u00c7in, Amerika Birle\u015fik Devletleri ve \u0130sve\u00e7 gibi \u00fclkelerde Gadolinit, Didyme, Bastnasite ve \u00f6zellikle Monacite minerallerinden elde edilmektedir.<\/p>\n<h2> <strong>Gadolinyum ne i\u00e7in kullan\u0131l\u0131r?<\/strong><\/h2>\n<p> Gadolinyumun bir\u00e7ok kullan\u0131m alan\u0131 vard\u0131r; ba\u015fl\u0131calar\u0131 renkli televizyonlar i\u00e7in t\u00fcplerin \u00fcretiminde kullan\u0131lan bile\u015fikler ve mikrodalga uygulamalar\u0131 olarak Gadolinyum-itriyumdur. Ayr\u0131ca bu metaloid CD yap\u0131m\u0131nda da kullan\u0131l\u0131yor. Gadolinyumun Etil S\u00fclfat ile kombinasyonu, amplifikat\u00f6rlere ve profesyonel ses sistemlerine daha fazla genlik kazand\u0131rmak i\u00e7in kullan\u0131l\u0131r.<\/p>\n<p> Ayr\u0131ca ferromanyetik \u00f6zellikleri nedeniyle n\u00fckleer reakt\u00f6rler, manyetik so\u011futma, demiryolu end\u00fcstrisi, hibrit teknoloji ve ileri elektronikler i\u00e7in par\u00e7alar \u00fcretilmektedir.<\/p>\n<h2> <strong>MRI&#8217;da gadolinyum kontrast maddesi<\/strong><\/h2>\n<p> Gadolinyum, molek\u00fcl\u00fcn\u00fcn yak\u0131n\u0131nda manyetik alan\u0131n yo\u011funlu\u011funu geli\u015ftiren tek elektronlara sahiptir. \u00d6yle ki, en yak\u0131n protonlar\u0131n gev\u015feme s\u00fcresini k\u0131saltarak vask\u00fcler ve vask\u00fcler olmayan dokular aras\u0131nda sinyal yo\u011funlu\u011funda bir art\u0131\u015f yarat\u0131r. Ayr\u0131ca manyetik rezonans g\u00f6r\u00fcnt\u00fclemede g\u00f6r\u00fcnt\u00fcy\u00fc geli\u015ftirmek i\u00e7in intraven\u00f6z kontrast olarak gadolinyum sol\u00fcsyonlar\u0131 kullan\u0131l\u0131r.<\/p>\n<h2> <strong>Gadolinyumun olumsuz etkileri<\/strong><\/h2>\n<p> Baz\u0131 ki\u015filerde MRI i\u00e7in Gadolinyum kontrast maddesinin kullan\u0131lmas\u0131 sistemik veya nefrojenik fibrozise neden olmu\u015ftur. B\u00f6brek yetmezli\u011fi veya karaci\u011fer problemi olan hastalarda ortaya \u00e7\u0131kan semptomlar organlar\u0131n, deri ve dokular\u0131n kal\u0131nla\u015fmas\u0131d\u0131r.<\/p>\n<p> Ayr\u0131ca metaloid, \u00e7\u0131kar\u0131ld\u0131\u011f\u0131 i\u015fyerlerinde ve hammadde olarak kullan\u0131ld\u0131\u011f\u0131 end\u00fcstrilerde sa\u011fl\u0131\u011fa olduk\u00e7a zararl\u0131d\u0131r. Gazlar ve nem kolayca solunabildi\u011finden. Bir ki\u015fide y\u00fcksek derecede kirlilik pulmoner emboliye neden olabilir veya ciddi karaci\u011fer hasar\u0131na neden olabilir.<\/p>\n<p> \u00d6te yandan bu metalin \u00e7\u0131kar\u0131lmas\u0131 s\u0131ras\u0131nda nehirlere, denizlere ve \u00e7evreye de\u015farj edilmesi ya da kullan\u0131m \u00f6mr\u00fcn\u00fc yitiren elektronik ekipmanlar\u0131n at\u0131lmas\u0131 sonucu ortaya \u00e7\u0131kmaktad\u0131r. Bu, insanlarda ve hayvanlarda Gadolinyum t\u00fcketimine yol a\u00e7arak beyin sinir fonksiyonlar\u0131nda ve \u00fcremede bozukluklara neden olur.<\/p>\n<p> Sonu\u00e7 olarak Gadolinyum, periyodik tablonun lantanit grubundan, ferromanyetik \u00f6zellikleri y\u00fcksek, teknolojik, elektronik, n\u00fckleer ve t\u0131bbi alanlarda kullan\u0131lan orta a\u011f\u0131rl\u0131kta bir metaldir.<\/p>\n","protected":false},"excerpt":{"rendered":"<p>Gadolinyum, do\u011fada gadolinit ve didimyum gibi di\u011fer minerallerle kar\u0131\u015f\u0131k olarak bulunan nadir metaloidlerden biridir. N\u00fckleer alanda, t\u0131pta ve elektronikte kullan\u0131lan \u00f6zellikleri i\u00e7ermesi nedeniyle \u00e7\u0131kar\u0131lmas\u0131 g\u00fcn\u00fcm\u00fczde patlama ya\u015f\u0131yor. Bu do\u011fal elementle ilgili her \u015feyi ke\u015ffedin. Gadolinyum nedir? Bu kimyasal element, periyodik tablodaki lantanitler veya nadir toprak elementleri grubuna aittir. Do\u011fal haliyle sa\u011flam, yumu\u015fak, d\u00f6v\u00fclebilir, s\u00fcnek ve &#8230; <a title=\"Gadolinyum\" class=\"read-more\" href=\"https:\/\/chemuza.org\/tr\/gadolinyum\/\" aria-label=\"More on Gadolinyum\">Devam\u0131n\u0131 oku<\/a><\/p>\n","protected":false},"author":1,"featured_media":0,"parent":0,"menu_order":0,"comment_status":"closed","ping_status":"closed","template":"","meta":{"footnotes":""},"yoast_head":"<!-- This site is optimized with the Yoast SEO plugin v21.4 - https:\/\/yoast.com\/wordpress\/plugins\/seo\/ -->\n<title>Gadolinyum - Chemuza<\/title>\n<meta name=\"robots\" content=\"index, follow, max-snippet:-1, max-image-preview:large, max-video-preview:-1\" \/>\n<link rel=\"canonical\" href=\"https:\/\/chemuza.org\/tr\/gadolinyum\/\" \/>\n<meta property=\"og:locale\" content=\"tr_TR\" \/>\n<meta property=\"og:type\" content=\"article\" \/>\n<meta property=\"og:title\" content=\"Gadolinyum - Chemuza\" \/>\n<meta property=\"og:description\" content=\"Gadolinyum, do\u011fada gadolinit ve didimyum gibi di\u011fer minerallerle kar\u0131\u015f\u0131k olarak bulunan nadir metaloidlerden biridir. N\u00fckleer alanda, t\u0131pta ve elektronikte kullan\u0131lan \u00f6zellikleri i\u00e7ermesi nedeniyle \u00e7\u0131kar\u0131lmas\u0131 g\u00fcn\u00fcm\u00fczde patlama ya\u015f\u0131yor. Bu do\u011fal elementle ilgili her \u015feyi ke\u015ffedin. Gadolinyum nedir? Bu kimyasal element, periyodik tablodaki lantanitler veya nadir toprak elementleri grubuna aittir. Do\u011fal haliyle sa\u011flam, yumu\u015fak, d\u00f6v\u00fclebilir, s\u00fcnek ve ... Devam\u0131n\u0131 oku\" \/>\n<meta property=\"og:url\" content=\"https:\/\/chemuza.org\/tr\/gadolinyum\/\" \/>\n<meta property=\"og:site_name\" content=\"Chemuza\" \/>\n<meta name=\"twitter:card\" content=\"summary_large_image\" \/>\n<meta name=\"twitter:label1\" content=\"Tahmini okuma s\u00fcresi\" \/>\n\t<meta name=\"twitter:data1\" content=\"4 dakika\" \/>\n<script type=\"application\/ld+json\" class=\"yoast-schema-graph\">{\"@context\":\"https:\/\/schema.org\",\"@graph\":[{\"@type\":\"WebPage\",\"@id\":\"https:\/\/chemuza.org\/tr\/gadolinyum\/\",\"url\":\"https:\/\/chemuza.org\/tr\/gadolinyum\/\",\"name\":\"Gadolinyum - Chemuza\",\"isPartOf\":{\"@id\":\"https:\/\/chemuza.org\/tr\/#website\"},\"datePublished\":\"2023-07-14T06:00:57+00:00\",\"dateModified\":\"2023-07-14T06:00:57+00:00\",\"breadcrumb\":{\"@id\":\"https:\/\/chemuza.org\/tr\/gadolinyum\/#breadcrumb\"},\"inLanguage\":\"tr\",\"potentialAction\":[{\"@type\":\"ReadAction\",\"target\":[\"https:\/\/chemuza.org\/tr\/gadolinyum\/\"]}]},{\"@type\":\"BreadcrumbList\",\"@id\":\"https:\/\/chemuza.org\/tr\/gadolinyum\/#breadcrumb\",\"itemListElement\":[{\"@type\":\"ListItem\",\"position\":1,\"name\":\"Ev\",\"item\":\"https:\/\/chemuza.org\/tr\/\"},{\"@type\":\"ListItem\",\"position\":2,\"name\":\"Gadolinyum\"}]},{\"@type\":\"WebSite\",\"@id\":\"https:\/\/chemuza.org\/tr\/#website\",\"url\":\"https:\/\/chemuza.org\/tr\/\",\"name\":\"Chemuza\",\"description\":\"Kimyasal ke\u015fiflere a\u00e7\u0131lan kap\u0131n\u0131z!\",\"publisher\":{\"@id\":\"https:\/\/chemuza.org\/tr\/#organization\"},\"potentialAction\":[{\"@type\":\"SearchAction\",\"target\":{\"@type\":\"EntryPoint\",\"urlTemplate\":\"https:\/\/chemuza.org\/tr\/?s={search_term_string}\"},\"query-input\":\"required name=search_term_string\"}],\"inLanguage\":\"tr\"},{\"@type\":\"Organization\",\"@id\":\"https:\/\/chemuza.org\/tr\/#organization\",\"name\":\"Chemuza\",\"url\":\"https:\/\/chemuza.org\/tr\/\",\"logo\":{\"@type\":\"ImageObject\",\"inLanguage\":\"tr\",\"@id\":\"https:\/\/chemuza.org\/tr\/#\/schema\/logo\/image\/\",\"url\":\"https:\/\/chemuza.org\/tr\/wp-content\/uploads\/2023\/10\/chemuza-logo.png\",\"contentUrl\":\"https:\/\/chemuza.org\/tr\/wp-content\/uploads\/2023\/10\/chemuza-logo.png\",\"width\":387,\"height\":70,\"caption\":\"Chemuza\"},\"image\":{\"@id\":\"https:\/\/chemuza.org\/tr\/#\/schema\/logo\/image\/\"}}]}<\/script>\n<!-- \/ Yoast SEO plugin. -->","yoast_head_json":{"title":"Gadolinyum - Chemuza","robots":{"index":"index","follow":"follow","max-snippet":"max-snippet:-1","max-image-preview":"max-image-preview:large","max-video-preview":"max-video-preview:-1"},"canonical":"https:\/\/chemuza.org\/tr\/gadolinyum\/","og_locale":"tr_TR","og_type":"article","og_title":"Gadolinyum - Chemuza","og_description":"Gadolinyum, do\u011fada gadolinit ve didimyum gibi di\u011fer minerallerle kar\u0131\u015f\u0131k olarak bulunan nadir metaloidlerden biridir. N\u00fckleer alanda, t\u0131pta ve elektronikte kullan\u0131lan \u00f6zellikleri i\u00e7ermesi nedeniyle \u00e7\u0131kar\u0131lmas\u0131 g\u00fcn\u00fcm\u00fczde patlama ya\u015f\u0131yor. Bu do\u011fal elementle ilgili her \u015feyi ke\u015ffedin. Gadolinyum nedir? Bu kimyasal element, periyodik tablodaki lantanitler veya nadir toprak elementleri grubuna aittir. Do\u011fal haliyle sa\u011flam, yumu\u015fak, d\u00f6v\u00fclebilir, s\u00fcnek ve ... Devam\u0131n\u0131 oku","og_url":"https:\/\/chemuza.org\/tr\/gadolinyum\/","og_site_name":"Chemuza","twitter_card":"summary_large_image","twitter_misc":{"Tahmini okuma s\u00fcresi":"4 dakika"},"schema":{"@context":"https:\/\/schema.org","@graph":[{"@type":"WebPage","@id":"https:\/\/chemuza.org\/tr\/gadolinyum\/","url":"https:\/\/chemuza.org\/tr\/gadolinyum\/","name":"Gadolinyum - Chemuza","isPartOf":{"@id":"https:\/\/chemuza.org\/tr\/#website"},"datePublished":"2023-07-14T06:00:57+00:00","dateModified":"2023-07-14T06:00:57+00:00","breadcrumb":{"@id":"https:\/\/chemuza.org\/tr\/gadolinyum\/#breadcrumb"},"inLanguage":"tr","potentialAction":[{"@type":"ReadAction","target":["https:\/\/chemuza.org\/tr\/gadolinyum\/"]}]},{"@type":"BreadcrumbList","@id":"https:\/\/chemuza.org\/tr\/gadolinyum\/#breadcrumb","itemListElement":[{"@type":"ListItem","position":1,"name":"Ev","item":"https:\/\/chemuza.org\/tr\/"},{"@type":"ListItem","position":2,"name":"Gadolinyum"}]},{"@type":"WebSite","@id":"https:\/\/chemuza.org\/tr\/#website","url":"https:\/\/chemuza.org\/tr\/","name":"Chemuza","description":"Kimyasal ke\u015fiflere a\u00e7\u0131lan kap\u0131n\u0131z!","publisher":{"@id":"https:\/\/chemuza.org\/tr\/#organization"},"potentialAction":[{"@type":"SearchAction","target":{"@type":"EntryPoint","urlTemplate":"https:\/\/chemuza.org\/tr\/?s={search_term_string}"},"query-input":"required name=search_term_string"}],"inLanguage":"tr"},{"@type":"Organization","@id":"https:\/\/chemuza.org\/tr\/#organization","name":"Chemuza","url":"https:\/\/chemuza.org\/tr\/","logo":{"@type":"ImageObject","inLanguage":"tr","@id":"https:\/\/chemuza.org\/tr\/#\/schema\/logo\/image\/","url":"https:\/\/chemuza.org\/tr\/wp-content\/uploads\/2023\/10\/chemuza-logo.png","contentUrl":"https:\/\/chemuza.org\/tr\/wp-content\/uploads\/2023\/10\/chemuza-logo.png","width":387,"height":70,"caption":"Chemuza"},"image":{"@id":"https:\/\/chemuza.org\/tr\/#\/schema\/logo\/image\/"}}]}},"yoast_meta":{"yoast_wpseo_title":"","yoast_wpseo_metadesc":"","yoast_wpseo_canonical":""},"_links":{"self":[{"href":"https:\/\/chemuza.org\/tr\/wp-json\/wp\/v2\/pages\/1492"}],"collection":[{"href":"https:\/\/chemuza.org\/tr\/wp-json\/wp\/v2\/pages"}],"about":[{"href":"https:\/\/chemuza.org\/tr\/wp-json\/wp\/v2\/types\/page"}],"author":[{"embeddable":true,"href":"https:\/\/chemuza.org\/tr\/wp-json\/wp\/v2\/users\/1"}],"replies":[{"embeddable":true,"href":"https:\/\/chemuza.org\/tr\/wp-json\/wp\/v2\/comments?post=1492"}],"version-history":[{"count":0,"href":"https:\/\/chemuza.org\/tr\/wp-json\/wp\/v2\/pages\/1492\/revisions"}],"wp:attachment":[{"href":"https:\/\/chemuza.org\/tr\/wp-json\/wp\/v2\/media?parent=1492"}],"curies":[{"name":"wp","href":"https:\/\/api.w.org\/{rel}","templated":true}]}}