{"id":1486,"date":"2023-07-14T08:29:47","date_gmt":"2023-07-14T08:29:47","guid":{"rendered":"https:\/\/chemuza.org\/tr\/ksenon\/"},"modified":"2023-07-14T08:29:47","modified_gmt":"2023-07-14T08:29:47","slug":"ksenon","status":"publish","type":"page","link":"https:\/\/chemuza.org\/tr\/ksenon\/","title":{"rendered":"Ksenon"},"content":{"rendered":"<p>Ksenon, D\u00fcnya atmosferinde eser miktarlarda bulunur, ancak ayn\u0131 zamanda baz\u0131 maden kaynaklar\u0131nda ve meteoritlerde gaz halinde de bulunur. \u0130nsanlar i\u00e7in zehirli olmasa da bo\u011fucu gaz olarak s\u0131n\u0131fland\u0131r\u0131l\u0131r. Bu elementin ticari kayna\u011f\u0131 havad\u0131r. \u00d6zelliklerini, uygulamalar\u0131n\u0131 ve \u00f6zelliklerini a\u015fa\u011f\u0131da ke\u015ffedin.<\/p>\n<h2> <strong>Ksenon nedir?<\/strong><\/h2>\n<p> Periyodik tablodaki kimyasal elementlerden biridir ve a\u011f\u0131r bir gaz olarak kabul edilir. Yakla\u015f\u0131k bir litre Xenon&#8217;un a\u011f\u0131rl\u0131\u011f\u0131 5.842 gramd\u0131r. Oda s\u0131cakl\u0131\u011f\u0131nda ksenon tetraflor\u00fcr, ksenon heksaflor\u00fcr ve sodyum perksenat gibi kararl\u0131 kimyasal bile\u015fikler olu\u015fturabilen tek soy gazd\u0131r.<\/p>\n<h3> <strong>Ksenon sembol\u00fc<\/strong><\/h3>\n<p> <span class=\"content-chemical-element\" style=\"float: left;width: 65px;height: 65px;border: 3px solid #666; display:flex;\n    justify-content: center;align-items: center;margin-right: 15px;\"><span style=\"font-size: 38px;\">Xe<\/span><\/span> Bu element, atom k\u00fctlesi 131,293 ve atom numaras\u0131 54 olan periyodik tablonun 18. grubunda yer al\u0131r. Dokuz kararl\u0131 ve 20 karars\u0131z izotopu vard\u0131r.<\/p>\n<h2> <strong>Ksenonun \u00f6zellikleri<\/strong><\/h2>\n<p> S\u0131f\u0131r de\u011ferli\u011fe sahip olmak, \u00e7ok a\u011f\u0131r olmak ve renk veya kokuya sahip olmamak gibi soy gazlar\u0131n geri kalan\u0131yla baz\u0131 nitelikleri payla\u015f\u0131r. Ayr\u0131ca bir t\u00fcp\u00fcn i\u00e7ine kapat\u0131ld\u0131\u011f\u0131nda ve ona elektrik \u015foku uyguland\u0131\u011f\u0131nda mavi \u0131\u015f\u0131k yayma \u00f6zelli\u011fine sahiptir. Xenon&#8217;un di\u011fer \u00f6zellikleri:<\/p>\n<ul>\n<li> <strong>Kimyasal Reaktivite<\/strong> : Normal \u015fartlarda \u00e7ok d\u00fc\u015f\u00fck reaktivite g\u00f6sterir.<\/li>\n<li> <strong>G\u00f6r\u00fcn\u00fcm<\/strong> : Renksiz ve kokusuzdur.<\/li>\n<li> <strong>Durumu<\/strong> : Do\u011fal hali manyetik olmayan gazd\u0131r.<\/li>\n<li> <strong>Yap\u0131<\/strong> : Y\u00fczlerde k\u00fcbik merkezli.<\/li>\n<\/ul>\n<h2> <strong>Ksenonun kimyasal ve fiziksel \u00f6zellikleri<\/strong><\/h2>\n<ol>\n<li> <strong>Atom numaras\u0131<\/strong> : 54<\/li>\n<li> <strong>Kimyasal seri:<\/strong> Soy gazlar<\/li>\n<li> <strong>D\u00f6nem:<\/strong> 5<\/li>\n<li> <strong>blok:<\/strong> p<\/li>\n<li> <strong>Yo\u011funluk:<\/strong> 5,9 kg\/m\u00b3<\/li>\n<li> <strong>\u00d6zg\u00fcl \u0131s\u0131:<\/strong> 158 J<\/li>\n<li> <strong>Kovalent yar\u0131\u00e7ap (\u00c5):<\/strong> 130<\/li>\n<li> <strong>Atom yar\u0131\u00e7ap\u0131:<\/strong> 108<\/li>\n<li> <strong>Elektronegatiflik:<\/strong> 2.6<\/li>\n<li> <strong>Oksidasyon durumu:<\/strong> 0<\/li>\n<li> <strong>Erime noktas\u0131:<\/strong> 161.4K<\/li>\n<li> <strong>Kaynama noktas\u0131:<\/strong> 165.1K<\/li>\n<li> <strong>Ses h\u0131z\u0131:<\/strong> 293,15 K&#8217;da 1090 m\/s<\/li>\n<li> <strong>F\u00fczyon entalpisi:<\/strong> 2,297 Kj\/mol<\/li>\n<li> <strong>Buharla\u015fma entalpisi:<\/strong> 12.636 kJ\/mol<\/li>\n<li> <strong>Elektronik konfig\u00fcrasyon:<\/strong> [Kr] 5s <sup>2<\/sup> 4d <sup>10<\/sup> 5p <sup>6<\/sup><\/li>\n<li> <strong>Atom k\u00fctlesi (g\/mol):<\/strong> 131.293<\/li>\n<\/ol>\n<h2> <strong>Ksenon&#8217;un K\u00f6keni<\/strong><\/h2>\n<p> Ad\u0131, garip bir anlam\u0131 olan ve sentezlenen ilk gaz olan Yunanca <em>xenos<\/em> kelimesinden t\u00fcremi\u015ftir. 1898 y\u0131l\u0131nda \u0130ngiliz kimyagerler Morris Travers ve William Ramsay taraf\u0131ndan s\u0131v\u0131 hava bile\u015fenlerinin buharla\u015ft\u0131r\u0131lmas\u0131ndan sonra kal\u0131nt\u0131lar elde edildiklerinde ke\u015ffedilmi\u015ftir.<\/p>\n<h2> <strong>Ksenon ne i\u00e7in kullan\u0131l\u0131r?<\/strong><\/h2>\n<p> Bu gaz, fla\u015f \u0131\u015f\u0131klar\u0131, bakteri \u00f6ld\u00fcr\u00fcc\u00fcler ve elektronik t\u00fcpler gibi elektrominesansl\u0131 cihazlar\u0131n yap\u0131m\u0131nda kullan\u0131l\u0131r. Benzer \u015fekilde, tutarl\u0131 \u0131\u015f\u0131k \u00fcreten yakut lazerlerin \u00fcretilmesi i\u00e7in kullan\u0131lan lambalarda da kullan\u0131l\u0131r. Bu inert gaz\u0131n daha fazla uygulamas\u0131n\u0131 ke\u015ffedin:<\/p>\n<h3> <strong>Gaz<\/strong><\/h3>\n<p> Gaz halindeyken ksenon lambalar\u0131n bile\u015fenlerinden biridir, \u00e7\u00fcnk\u00fc bir elektrik de\u015farj\u0131 ald\u0131\u011f\u0131nda g\u00fcn \u0131\u015f\u0131\u011f\u0131na benzer bir t\u00fcr ayd\u0131nlatma \u00fcretir. Ayr\u0131ca kimyasal iti\u015f g\u00fcc\u00fcnden kaynaklanan patlama risklerini en aza indirmek i\u00e7in kullan\u0131l\u0131r. Ayr\u0131ca radyo ve televizyon t\u00fcplerinin doldurulmas\u0131nda ve n\u00fckleer santrallerde kullan\u0131l\u0131r.<\/p>\n<h3> <strong>yak\u0131t ve sanayi<\/strong><\/h3>\n<p> Yak\u0131t olarak uzay yolculu\u011funda kullan\u0131lan elektrikli tahrik sistemlerinde idealdir. Ayr\u0131ca ara\u00e7 farlar\u0131n\u0131n imalat\u0131nda, fotokopi makinelerinde ve yaz\u0131c\u0131larda m\u00fcrekkebin ka\u011f\u0131d\u0131 kapatmas\u0131n\u0131 sa\u011flayan bir madde olarak kullan\u0131l\u0131r.<\/p>\n<h3> <strong>S\u0131v\u0131<\/strong><\/h3>\n<p> S\u0131v\u0131 haldeyken kimyasal reaksiyonlarda ve k\u0131z\u0131l\u00f6tesi spektroskopide \u00e7\u00f6z\u00fcc\u00fc olarak kullan\u0131l\u0131r. Ayr\u0131ca n\u00fckleer santral sondalar\u0131nda ve kabarc\u0131k odalar\u0131nda da kullan\u0131l\u0131r.<\/p>\n<h3> <strong>Anestezik ve t\u0131bbi gazlar<\/strong><\/h3>\n<p> 1951&#8217;de Xenon&#8217;un anestezik oldu\u011fu tan\u0131mland\u0131. %30 oksijen ile uyguland\u0131\u011f\u0131nda g\u00fc\u00e7l\u00fc anestezi olu\u015fturma kapasitesine sahiptir ancak insanlarda kullan\u0131m\u0131 onaylanmam\u0131\u015ft\u0131r. V\u00fccut dokular\u0131nda ve kanda \u00e7\u00f6z\u00fcnmez, bu da h\u0131zl\u0131 ind\u00fcksiyonu ve h\u0131zl\u0131 iyile\u015fmeyi etkiler.<\/p>\n<p> Ayr\u0131ca baz\u0131 cihazlarda r\u00f6ntgen ve MRI gibi t\u0131bbi g\u00f6r\u00fcnt\u00fcler olu\u015fturmak i\u00e7in kullan\u0131l\u0131r. Ek olarak, belirli kanser t\u00fcrlerini tedavi etmek i\u00e7in baz\u0131 ila\u00e7larda da kullan\u0131l\u0131rlar. \u00d6te yandan oftalmoloji alan\u0131nda lazer tedavilerinde, dermatoloji alan\u0131nda ise cilt lezyonlar\u0131n\u0131n giderilmesinde kullan\u0131lmaktad\u0131r.<\/p>\n<h3> <strong>Ksenon \u0131\u015f\u0131klar\u0131<\/strong><\/h3>\n<p> Ksenon gaz\u0131, maliyeti y\u00fcksek olmas\u0131na ra\u011fmen otomobil farlar\u0131n\u0131n imalat\u0131nda olduk\u00e7a pop\u00fclerdir. Bu tip armat\u00fcrler filaman yerine i\u00e7inde ksenon gaz\u0131 bulunan cam ampulden olu\u015fur. Sonu\u00e7, sisli ko\u015fullarda s\u00fcr\u00fc\u015f i\u00e7in m\u00fckemmel olan g\u00fc\u00e7l\u00fc, d\u00fc\u015f\u00fck g\u00fc\u00e7l\u00fc ayd\u0131nlatmad\u0131r.<\/p>\n<p> K\u0131saca ksenon, di\u011fer gazlarla birlikte periyodik tablonun bir par\u00e7as\u0131 olan inert bir gazd\u0131r. Meteorlarda ve minerallerde k\u00fc\u00e7\u00fck izler halinde bulunur ve ticari olarak s\u0131v\u0131 hava ekstraksiyonuyla elde edilebilir. \u00c7ok reaktif olmasa da kimyasal bile\u015fikler olu\u015fturabilir.<\/p>\n","protected":false},"excerpt":{"rendered":"<p>Ksenon, D\u00fcnya atmosferinde eser miktarlarda bulunur, ancak ayn\u0131 zamanda baz\u0131 maden kaynaklar\u0131nda ve meteoritlerde gaz halinde de bulunur. \u0130nsanlar i\u00e7in zehirli olmasa da bo\u011fucu gaz olarak s\u0131n\u0131fland\u0131r\u0131l\u0131r. Bu elementin ticari kayna\u011f\u0131 havad\u0131r. \u00d6zelliklerini, uygulamalar\u0131n\u0131 ve \u00f6zelliklerini a\u015fa\u011f\u0131da ke\u015ffedin. Ksenon nedir? Periyodik tablodaki kimyasal elementlerden biridir ve a\u011f\u0131r bir gaz olarak kabul edilir. Yakla\u015f\u0131k bir litre &#8230; <a title=\"Ksenon\" class=\"read-more\" href=\"https:\/\/chemuza.org\/tr\/ksenon\/\" aria-label=\"More on Ksenon\">Devam\u0131n\u0131 oku<\/a><\/p>\n","protected":false},"author":1,"featured_media":0,"parent":0,"menu_order":0,"comment_status":"closed","ping_status":"closed","template":"","meta":{"footnotes":""},"yoast_head":"<!-- This site is optimized with the Yoast SEO plugin v21.4 - https:\/\/yoast.com\/wordpress\/plugins\/seo\/ -->\n<title>Ksenon - Chemuza<\/title>\n<meta name=\"robots\" content=\"index, follow, max-snippet:-1, max-image-preview:large, max-video-preview:-1\" \/>\n<link rel=\"canonical\" href=\"https:\/\/chemuza.org\/tr\/ksenon\/\" \/>\n<meta property=\"og:locale\" content=\"tr_TR\" \/>\n<meta property=\"og:type\" content=\"article\" \/>\n<meta property=\"og:title\" content=\"Ksenon - Chemuza\" \/>\n<meta property=\"og:description\" content=\"Ksenon, D\u00fcnya atmosferinde eser miktarlarda bulunur, ancak ayn\u0131 zamanda baz\u0131 maden kaynaklar\u0131nda ve meteoritlerde gaz halinde de bulunur. \u0130nsanlar i\u00e7in zehirli olmasa da bo\u011fucu gaz olarak s\u0131n\u0131fland\u0131r\u0131l\u0131r. Bu elementin ticari kayna\u011f\u0131 havad\u0131r. \u00d6zelliklerini, uygulamalar\u0131n\u0131 ve \u00f6zelliklerini a\u015fa\u011f\u0131da ke\u015ffedin. Ksenon nedir? Periyodik tablodaki kimyasal elementlerden biridir ve a\u011f\u0131r bir gaz olarak kabul edilir. Yakla\u015f\u0131k bir litre ... Devam\u0131n\u0131 oku\" \/>\n<meta property=\"og:url\" content=\"https:\/\/chemuza.org\/tr\/ksenon\/\" \/>\n<meta property=\"og:site_name\" content=\"Chemuza\" \/>\n<meta name=\"twitter:card\" content=\"summary_large_image\" \/>\n<meta name=\"twitter:label1\" content=\"Tahmini okuma s\u00fcresi\" \/>\n\t<meta name=\"twitter:data1\" content=\"4 dakika\" \/>\n<script type=\"application\/ld+json\" class=\"yoast-schema-graph\">{\"@context\":\"https:\/\/schema.org\",\"@graph\":[{\"@type\":\"WebPage\",\"@id\":\"https:\/\/chemuza.org\/tr\/ksenon\/\",\"url\":\"https:\/\/chemuza.org\/tr\/ksenon\/\",\"name\":\"Ksenon - Chemuza\",\"isPartOf\":{\"@id\":\"https:\/\/chemuza.org\/tr\/#website\"},\"datePublished\":\"2023-07-14T08:29:47+00:00\",\"dateModified\":\"2023-07-14T08:29:47+00:00\",\"breadcrumb\":{\"@id\":\"https:\/\/chemuza.org\/tr\/ksenon\/#breadcrumb\"},\"inLanguage\":\"tr\",\"potentialAction\":[{\"@type\":\"ReadAction\",\"target\":[\"https:\/\/chemuza.org\/tr\/ksenon\/\"]}]},{\"@type\":\"BreadcrumbList\",\"@id\":\"https:\/\/chemuza.org\/tr\/ksenon\/#breadcrumb\",\"itemListElement\":[{\"@type\":\"ListItem\",\"position\":1,\"name\":\"Ev\",\"item\":\"https:\/\/chemuza.org\/tr\/\"},{\"@type\":\"ListItem\",\"position\":2,\"name\":\"Ksenon\"}]},{\"@type\":\"WebSite\",\"@id\":\"https:\/\/chemuza.org\/tr\/#website\",\"url\":\"https:\/\/chemuza.org\/tr\/\",\"name\":\"Chemuza\",\"description\":\"Kimyasal ke\u015fiflere a\u00e7\u0131lan kap\u0131n\u0131z!\",\"publisher\":{\"@id\":\"https:\/\/chemuza.org\/tr\/#organization\"},\"potentialAction\":[{\"@type\":\"SearchAction\",\"target\":{\"@type\":\"EntryPoint\",\"urlTemplate\":\"https:\/\/chemuza.org\/tr\/?s={search_term_string}\"},\"query-input\":\"required name=search_term_string\"}],\"inLanguage\":\"tr\"},{\"@type\":\"Organization\",\"@id\":\"https:\/\/chemuza.org\/tr\/#organization\",\"name\":\"Chemuza\",\"url\":\"https:\/\/chemuza.org\/tr\/\",\"logo\":{\"@type\":\"ImageObject\",\"inLanguage\":\"tr\",\"@id\":\"https:\/\/chemuza.org\/tr\/#\/schema\/logo\/image\/\",\"url\":\"https:\/\/chemuza.org\/tr\/wp-content\/uploads\/2023\/10\/chemuza-logo.png\",\"contentUrl\":\"https:\/\/chemuza.org\/tr\/wp-content\/uploads\/2023\/10\/chemuza-logo.png\",\"width\":387,\"height\":70,\"caption\":\"Chemuza\"},\"image\":{\"@id\":\"https:\/\/chemuza.org\/tr\/#\/schema\/logo\/image\/\"}}]}<\/script>\n<!-- \/ Yoast SEO plugin. -->","yoast_head_json":{"title":"Ksenon - Chemuza","robots":{"index":"index","follow":"follow","max-snippet":"max-snippet:-1","max-image-preview":"max-image-preview:large","max-video-preview":"max-video-preview:-1"},"canonical":"https:\/\/chemuza.org\/tr\/ksenon\/","og_locale":"tr_TR","og_type":"article","og_title":"Ksenon - Chemuza","og_description":"Ksenon, D\u00fcnya atmosferinde eser miktarlarda bulunur, ancak ayn\u0131 zamanda baz\u0131 maden kaynaklar\u0131nda ve meteoritlerde gaz halinde de bulunur. \u0130nsanlar i\u00e7in zehirli olmasa da bo\u011fucu gaz olarak s\u0131n\u0131fland\u0131r\u0131l\u0131r. Bu elementin ticari kayna\u011f\u0131 havad\u0131r. \u00d6zelliklerini, uygulamalar\u0131n\u0131 ve \u00f6zelliklerini a\u015fa\u011f\u0131da ke\u015ffedin. Ksenon nedir? Periyodik tablodaki kimyasal elementlerden biridir ve a\u011f\u0131r bir gaz olarak kabul edilir. Yakla\u015f\u0131k bir litre ... Devam\u0131n\u0131 oku","og_url":"https:\/\/chemuza.org\/tr\/ksenon\/","og_site_name":"Chemuza","twitter_card":"summary_large_image","twitter_misc":{"Tahmini okuma s\u00fcresi":"4 dakika"},"schema":{"@context":"https:\/\/schema.org","@graph":[{"@type":"WebPage","@id":"https:\/\/chemuza.org\/tr\/ksenon\/","url":"https:\/\/chemuza.org\/tr\/ksenon\/","name":"Ksenon - Chemuza","isPartOf":{"@id":"https:\/\/chemuza.org\/tr\/#website"},"datePublished":"2023-07-14T08:29:47+00:00","dateModified":"2023-07-14T08:29:47+00:00","breadcrumb":{"@id":"https:\/\/chemuza.org\/tr\/ksenon\/#breadcrumb"},"inLanguage":"tr","potentialAction":[{"@type":"ReadAction","target":["https:\/\/chemuza.org\/tr\/ksenon\/"]}]},{"@type":"BreadcrumbList","@id":"https:\/\/chemuza.org\/tr\/ksenon\/#breadcrumb","itemListElement":[{"@type":"ListItem","position":1,"name":"Ev","item":"https:\/\/chemuza.org\/tr\/"},{"@type":"ListItem","position":2,"name":"Ksenon"}]},{"@type":"WebSite","@id":"https:\/\/chemuza.org\/tr\/#website","url":"https:\/\/chemuza.org\/tr\/","name":"Chemuza","description":"Kimyasal ke\u015fiflere a\u00e7\u0131lan kap\u0131n\u0131z!","publisher":{"@id":"https:\/\/chemuza.org\/tr\/#organization"},"potentialAction":[{"@type":"SearchAction","target":{"@type":"EntryPoint","urlTemplate":"https:\/\/chemuza.org\/tr\/?s={search_term_string}"},"query-input":"required name=search_term_string"}],"inLanguage":"tr"},{"@type":"Organization","@id":"https:\/\/chemuza.org\/tr\/#organization","name":"Chemuza","url":"https:\/\/chemuza.org\/tr\/","logo":{"@type":"ImageObject","inLanguage":"tr","@id":"https:\/\/chemuza.org\/tr\/#\/schema\/logo\/image\/","url":"https:\/\/chemuza.org\/tr\/wp-content\/uploads\/2023\/10\/chemuza-logo.png","contentUrl":"https:\/\/chemuza.org\/tr\/wp-content\/uploads\/2023\/10\/chemuza-logo.png","width":387,"height":70,"caption":"Chemuza"},"image":{"@id":"https:\/\/chemuza.org\/tr\/#\/schema\/logo\/image\/"}}]}},"yoast_meta":{"yoast_wpseo_title":"","yoast_wpseo_metadesc":"","yoast_wpseo_canonical":""},"_links":{"self":[{"href":"https:\/\/chemuza.org\/tr\/wp-json\/wp\/v2\/pages\/1486"}],"collection":[{"href":"https:\/\/chemuza.org\/tr\/wp-json\/wp\/v2\/pages"}],"about":[{"href":"https:\/\/chemuza.org\/tr\/wp-json\/wp\/v2\/types\/page"}],"author":[{"embeddable":true,"href":"https:\/\/chemuza.org\/tr\/wp-json\/wp\/v2\/users\/1"}],"replies":[{"embeddable":true,"href":"https:\/\/chemuza.org\/tr\/wp-json\/wp\/v2\/comments?post=1486"}],"version-history":[{"count":0,"href":"https:\/\/chemuza.org\/tr\/wp-json\/wp\/v2\/pages\/1486\/revisions"}],"wp:attachment":[{"href":"https:\/\/chemuza.org\/tr\/wp-json\/wp\/v2\/media?parent=1486"}],"curies":[{"name":"wp","href":"https:\/\/api.w.org\/{rel}","templated":true}]}}