{"id":1484,"date":"2023-07-14T09:34:11","date_gmt":"2023-07-14T09:34:11","guid":{"rendered":"https:\/\/chemuza.org\/tr\/praseodimyum\/"},"modified":"2023-07-14T09:34:11","modified_gmt":"2023-07-14T09:34:11","slug":"praseodimyum","status":"publish","type":"page","link":"https:\/\/chemuza.org\/tr\/praseodimyum\/","title":{"rendered":"Praseodimyum"},"content":{"rendered":"<p>Praseodimyum periyodik tablodaki nadir elementlerden biridir \u00e7\u00fcnk\u00fc element olarak nadirdir ve yaln\u0131zca iki t\u00fcr mineralde bulunur. Uygulama alanlar\u0131 aras\u0131nda floresan lambalarda, cam ve renkli televizyonlarda, cam cilalamada ve kataliz\u00f6r imalat\u0131nda kullan\u0131lmaktad\u0131r. Di\u011fer kullan\u0131mlara bak\u0131n ve bu metalin \u00f6zellikleri ve \u00f6zellikleriyle neler i\u00e7erdi\u011fini \u00f6\u011frenin.<\/p>\n<h2> <strong>Praseodimyum nedir?<\/strong><\/h2>\n<p> Yumu\u015fak sar\u0131ms\u0131 g\u00fcm\u00fc\u015fi beyaz metalik bir elementtir. Havaya maruz kald\u0131\u011f\u0131nda oksijenle \u00e7ok yava\u015f reaksiyona girer ve kendisini oksidasyondan korumayan ye\u015fil bir oksit olu\u015fturur. Di\u011fer nadir metallerle kar\u015f\u0131la\u015ft\u0131r\u0131ld\u0131\u011f\u0131nda havadaki korozyona daha fazla diren\u00e7 g\u00f6sterebilir.<\/p>\n<p> Yaln\u0131zca bir kararl\u0131 izotopu vard\u0131r, <sup>141<\/sup> Pr, en uzunu <sup>143<\/sup> Pr ve <sup>142<\/sup> Pr olan 38 radyoizotop bilinmektedir ve \u00f6mr\u00fc 13 g\u00fcnden biraz fazlad\u0131r. Ek olarak baz\u0131 bile\u015fikler aras\u0131nda klor\u00fcrler, brom\u00fcrler, oksitler, iyod\u00fcrler, selenitler, flor\u00fcrler, s\u00fclf\u00fcrler, nitr\u00fcrler ve tell\u00fcrikler bulunur.<\/p>\n<h3> <strong>Praseodimyum sembol\u00fc<\/strong><\/h3>\n<p> <span class=\"content-chemical-element\" style=\"float: left;width: 65px;height: 65px;border: 3px solid #666; display:flex;\n    justify-content: center;align-items: center;margin-right: 15px;\"><span style=\"font-size: 38px;\">Pr<\/span><\/span> Kimyasal bir element olarak, oksit formunda bulunan lantanitler veya daha iyi bilinen nadir toprak elementleri grubuna aittir. Atom numaras\u0131 59, atom a\u011f\u0131rl\u0131\u011f\u0131 140.907\u2019dir.<\/p>\n<h2> <strong>Praseodimyumun \u00f6zellikleri<\/strong><\/h2>\n<p> Bu metal havadaki korozyona lantan, neodimyum, europiyum ve seryumdan daha dayan\u0131kl\u0131d\u0131r. Burada \u00f6zetlenen di\u011fer \u00f6zelliklere ek olarak iyi bir elektrik ve \u0131s\u0131 iletkenidir:<\/p>\n<ul>\n<li> <strong>Reaktivite:<\/strong> Su, kuru havan\u0131n varl\u0131\u011f\u0131nda olu\u015fmayan hidrojeni olu\u015fturmak \u00fczere reaksiyona girer.<\/li>\n<li> <strong>G\u00f6r\u00fcn\u00fcm<\/strong> : P\u00fcr\u00fczs\u00fcz ve g\u00fcm\u00fc\u015f rengindedir.<\/li>\n<li> <strong>Durum<\/strong> : Sa\u011flam.<\/li>\n<li> <strong>Manyetizma<\/strong> : 1 K&#8217;nin \u00fczerindeki t\u00fcm s\u0131cakl\u0131klarda paramanyetiktir.<\/li>\n<li> <strong>Yap\u0131s\u0131<\/strong> : Oda s\u0131cakl\u0131\u011f\u0131nda \u00e7ift alt\u0131gen \u015feklinde olup, s\u0131cakl\u0131k 560\u00b0C&#8217;yi a\u015ft\u0131\u011f\u0131nda ortas\u0131 k\u00fcbiktir.<\/li>\n<\/ul>\n<h2> <strong>Praseodimyumun kimyasal ve fiziksel \u00f6zellikleri<\/strong><\/h2>\n<ol>\n<li> <strong>Atom numaras\u0131<\/strong> : 59<\/li>\n<li> <strong>Atom k\u00fctlesi:<\/strong> 140.90765 u<\/li>\n<li> <strong>D\u00f6nem:<\/strong> 6<\/li>\n<li> <strong>blok:<\/strong> f<\/li>\n<li> <strong>Kovalent yar\u0131\u00e7ap (\u00c5):<\/strong> 165<\/li>\n<li> <strong>Atom yar\u0131\u00e7ap\u0131:<\/strong> 247<\/li>\n<li> <strong>Elektronegatiflik:<\/strong> 1.13<\/li>\n<li> <strong>Yo\u011funluk:<\/strong> 6640 kg\/m\u00b3<\/li>\n<li> <strong>F\u00fczyon entalpisi:<\/strong> 6,89 Kj\/mol<\/li>\n<li> <strong>Oksidasyon durumu:<\/strong> 3<\/li>\n<li> <strong>Erime noktas\u0131:<\/strong> 1204K<\/li>\n<li> <strong>Kaynama noktas\u0131:<\/strong> 3793K<\/li>\n<li> <strong>Elektronik konfig\u00fcrasyon:<\/strong> [Xe] 6s <sup>2<\/sup> 4f <sup>3<\/sup><\/li>\n<li> <strong>Ses h\u0131z\u0131:<\/strong> 293,15 K&#8217;da 2280 m\/s<\/li>\n<li> <strong>Buhar bas\u0131nc\u0131:<\/strong> 1.333224 10 <sup>-6<\/sup> Pa, 1070 K&#8217;de<\/li>\n<li> <strong>Buharla\u015fma entalpisi:<\/strong> 269,8 kJ\/mol<\/li>\n<li> <strong>Elektrik iletkenli\u011fi:<\/strong> 1,48 10 <sup>6<\/sup> S\/m<\/li>\n<li> <strong>Is\u0131 iletkenli\u011fi:<\/strong> 12,5W<\/li>\n<\/ol>\n<h2> <strong>Praseodimyumun k\u00f6keni<\/strong><\/h2>\n<p> Ad\u0131, neodimyum ile ke\u015ffedildi\u011fi i\u00e7in Yunanca ye\u015fil ikizler anlam\u0131na gelen <em>prasios<\/em> <em>didymos<\/em> kelimesinden gelmektedir. 1841&#8217;de \u0130sve\u00e7li kimyager Carl Gustaf Mosander, her zaman saf bir element olmad\u0131\u011f\u0131 d\u00fc\u015f\u00fcn\u00fclmesine ra\u011fmen Didyma olarak bilinen bir elementi \u00e7\u0131kard\u0131. Ancak 1885 y\u0131l\u0131nda Avusturyal\u0131 kimyager Carl Auer von Welsbach, didimimi daha basit maddelere ay\u0131rabildi\u011fini ke\u015ffetti. Uzun y\u0131llar\u0131n\u0131 almas\u0131na ra\u011fmen Didymium&#8217;u Praseodimyum da dahil olmak \u00fczere iki farkl\u0131 elemente ay\u0131rmas\u0131na yard\u0131mc\u0131 olan bir y\u00f6ntem geli\u015ftirdi.<\/p>\n<h2> <strong>Praseodimyum ne i\u00e7in kullan\u0131l\u0131r?<\/strong><\/h2>\n<p> Nadir bir element oldu\u011fundan insan faaliyetlerinde pek mevcut de\u011fildir. Asl\u0131nda s\u00f6m\u00fcr\u00fclebilir biyolojik kullan\u0131m bilinmemektedir. Bug\u00fcn ona verilen en b\u00fcy\u00fck kullan\u0131m havac\u0131l\u0131k end\u00fcstrisindedir. Bu metal, magnezyum ile bir ala\u015f\u0131m olu\u015fturur ve u\u00e7ak motorlar\u0131 i\u00e7in m\u00fckemmel olan y\u00fcksek mukavemetli bir metalle sonu\u00e7lan\u0131r. \u00d6\u011fenin daha fazla uygulamas\u0131n\u0131 ke\u015ffedin:<\/p>\n<ul>\n<li> \u00c7akmaklar ve kay\u0131t st\u00fcdyolar\u0131n\u0131 ve projekt\u00f6rleri ayd\u0131nlatan karbon ark lambalar\u0131 i\u00e7in \u00e7akmakta\u015f\u0131 yap\u0131m\u0131nda kullan\u0131l\u0131r.<\/li>\n<li> Sinyalleri y\u00fckseltmek i\u00e7in kullan\u0131l\u0131r, bu eleman fiber optik kablolara eklenir.<\/li>\n<li> Ana maddesi praseodimyum olan didymium cam\u0131, cam \u00fcfleyiciler i\u00e7in koruyucu g\u00f6zl\u00fck yap\u0131m\u0131nda kullan\u0131lan bir boyad\u0131r.<\/li>\n<li> Bile\u015fikleri cam ve emayelerin sar\u0131ya boyanmas\u0131nda faydal\u0131d\u0131r.<\/li>\n<li> Zirkonyum oksit ile de\u011ferli ta\u015f peridotunu taklit ederler.<\/li>\n<li> Nikel ile ala\u015f\u0131mland\u0131\u011f\u0131nda manyetokalorik bir etki verir ve bu da mutlak s\u0131f\u0131r derecesinin binde biri yak\u0131n\u0131na gelmeyi m\u00fcmk\u00fcn k\u0131lar.<\/li>\n<\/ul>\n<h2> <strong>Praseodimyum ve sa\u011fl\u0131k<\/strong><\/h2>\n<p> Bu elementin tehlikesi, end\u00fcstriyel \u00e7al\u0131\u015fma ortamlar\u0131nda gazlar\u0131n\u0131n solunmas\u0131 ile temsil edilir. Bu durumlarda pulmoner emboli ve karaci\u011fer hasar\u0131na neden olabilir. \u00d6te yandan, floresan lambalar ve cam sayesinde evde maruz kalma minimum d\u00fczeydedir.<\/p>\n<h2> <strong>Praseodimyum nerede bulunur?<\/strong><\/h2>\n<p> Yerkabu\u011funda Bastnasit ve Monasit gibi minerallerin alt\u0131nda az miktarda bulunur. Ayr\u0131ca petrol end\u00fcstrileri ve ar\u0131zal\u0131 ev aletlerinin imhas\u0131 yoluyla da \u00e7evreye kar\u0131\u015fmaktad\u0131r. Ayr\u0131ca, ana Praseodimyum madencili\u011fi alanlar\u0131 Amerika Birle\u015fik Devletleri, \u00c7in, Sri Lanka, Avustralya ve Brezilya&#8217;da bulunmaktad\u0131r.<\/p>\n<p> K\u0131saca praseodimyum, periyodik tabloda yer alan ve yer kabu\u011funda k\u00fc\u00e7\u00fck oranlarda bulunan kimyasal bir elementtir. \u00d6rne\u011fin \u00e7\u00f6z\u00fcc\u00fc bile\u015fiklerin kullan\u0131m\u0131 ve iyon de\u011fi\u015fimi gibi modern ekstraksiyon teknikleri yoluyla elde edilebilir.<\/p>\n","protected":false},"excerpt":{"rendered":"<p>Praseodimyum periyodik tablodaki nadir elementlerden biridir \u00e7\u00fcnk\u00fc element olarak nadirdir ve yaln\u0131zca iki t\u00fcr mineralde bulunur. Uygulama alanlar\u0131 aras\u0131nda floresan lambalarda, cam ve renkli televizyonlarda, cam cilalamada ve kataliz\u00f6r imalat\u0131nda kullan\u0131lmaktad\u0131r. Di\u011fer kullan\u0131mlara bak\u0131n ve bu metalin \u00f6zellikleri ve \u00f6zellikleriyle neler i\u00e7erdi\u011fini \u00f6\u011frenin. Praseodimyum nedir? Yumu\u015fak sar\u0131ms\u0131 g\u00fcm\u00fc\u015fi beyaz metalik bir elementtir. Havaya maruz kald\u0131\u011f\u0131nda &#8230; <a title=\"Praseodimyum\" class=\"read-more\" href=\"https:\/\/chemuza.org\/tr\/praseodimyum\/\" aria-label=\"More on Praseodimyum\">Devam\u0131n\u0131 oku<\/a><\/p>\n","protected":false},"author":1,"featured_media":0,"parent":0,"menu_order":0,"comment_status":"closed","ping_status":"closed","template":"","meta":{"footnotes":""},"yoast_head":"<!-- This site is optimized with the Yoast SEO plugin v21.4 - https:\/\/yoast.com\/wordpress\/plugins\/seo\/ -->\n<title>Praseodimyum - Chemuza<\/title>\n<meta name=\"robots\" content=\"index, follow, max-snippet:-1, max-image-preview:large, max-video-preview:-1\" \/>\n<link rel=\"canonical\" href=\"https:\/\/chemuza.org\/tr\/praseodimyum\/\" \/>\n<meta property=\"og:locale\" content=\"tr_TR\" \/>\n<meta property=\"og:type\" content=\"article\" \/>\n<meta property=\"og:title\" content=\"Praseodimyum - Chemuza\" \/>\n<meta property=\"og:description\" content=\"Praseodimyum periyodik tablodaki nadir elementlerden biridir \u00e7\u00fcnk\u00fc element olarak nadirdir ve yaln\u0131zca iki t\u00fcr mineralde bulunur. Uygulama alanlar\u0131 aras\u0131nda floresan lambalarda, cam ve renkli televizyonlarda, cam cilalamada ve kataliz\u00f6r imalat\u0131nda kullan\u0131lmaktad\u0131r. Di\u011fer kullan\u0131mlara bak\u0131n ve bu metalin \u00f6zellikleri ve \u00f6zellikleriyle neler i\u00e7erdi\u011fini \u00f6\u011frenin. Praseodimyum nedir? Yumu\u015fak sar\u0131ms\u0131 g\u00fcm\u00fc\u015fi beyaz metalik bir elementtir. Havaya maruz kald\u0131\u011f\u0131nda ... Devam\u0131n\u0131 oku\" \/>\n<meta property=\"og:url\" content=\"https:\/\/chemuza.org\/tr\/praseodimyum\/\" \/>\n<meta property=\"og:site_name\" content=\"Chemuza\" \/>\n<meta name=\"twitter:card\" content=\"summary_large_image\" \/>\n<meta name=\"twitter:label1\" content=\"Tahmini okuma s\u00fcresi\" \/>\n\t<meta name=\"twitter:data1\" content=\"4 dakika\" \/>\n<script type=\"application\/ld+json\" class=\"yoast-schema-graph\">{\"@context\":\"https:\/\/schema.org\",\"@graph\":[{\"@type\":\"WebPage\",\"@id\":\"https:\/\/chemuza.org\/tr\/praseodimyum\/\",\"url\":\"https:\/\/chemuza.org\/tr\/praseodimyum\/\",\"name\":\"Praseodimyum - Chemuza\",\"isPartOf\":{\"@id\":\"https:\/\/chemuza.org\/tr\/#website\"},\"datePublished\":\"2023-07-14T09:34:11+00:00\",\"dateModified\":\"2023-07-14T09:34:11+00:00\",\"breadcrumb\":{\"@id\":\"https:\/\/chemuza.org\/tr\/praseodimyum\/#breadcrumb\"},\"inLanguage\":\"tr\",\"potentialAction\":[{\"@type\":\"ReadAction\",\"target\":[\"https:\/\/chemuza.org\/tr\/praseodimyum\/\"]}]},{\"@type\":\"BreadcrumbList\",\"@id\":\"https:\/\/chemuza.org\/tr\/praseodimyum\/#breadcrumb\",\"itemListElement\":[{\"@type\":\"ListItem\",\"position\":1,\"name\":\"Ev\",\"item\":\"https:\/\/chemuza.org\/tr\/\"},{\"@type\":\"ListItem\",\"position\":2,\"name\":\"Praseodimyum\"}]},{\"@type\":\"WebSite\",\"@id\":\"https:\/\/chemuza.org\/tr\/#website\",\"url\":\"https:\/\/chemuza.org\/tr\/\",\"name\":\"Chemuza\",\"description\":\"Kimyasal ke\u015fiflere a\u00e7\u0131lan kap\u0131n\u0131z!\",\"publisher\":{\"@id\":\"https:\/\/chemuza.org\/tr\/#organization\"},\"potentialAction\":[{\"@type\":\"SearchAction\",\"target\":{\"@type\":\"EntryPoint\",\"urlTemplate\":\"https:\/\/chemuza.org\/tr\/?s={search_term_string}\"},\"query-input\":\"required name=search_term_string\"}],\"inLanguage\":\"tr\"},{\"@type\":\"Organization\",\"@id\":\"https:\/\/chemuza.org\/tr\/#organization\",\"name\":\"Chemuza\",\"url\":\"https:\/\/chemuza.org\/tr\/\",\"logo\":{\"@type\":\"ImageObject\",\"inLanguage\":\"tr\",\"@id\":\"https:\/\/chemuza.org\/tr\/#\/schema\/logo\/image\/\",\"url\":\"https:\/\/chemuza.org\/tr\/wp-content\/uploads\/2023\/10\/chemuza-logo.png\",\"contentUrl\":\"https:\/\/chemuza.org\/tr\/wp-content\/uploads\/2023\/10\/chemuza-logo.png\",\"width\":387,\"height\":70,\"caption\":\"Chemuza\"},\"image\":{\"@id\":\"https:\/\/chemuza.org\/tr\/#\/schema\/logo\/image\/\"}}]}<\/script>\n<!-- \/ Yoast SEO plugin. -->","yoast_head_json":{"title":"Praseodimyum - Chemuza","robots":{"index":"index","follow":"follow","max-snippet":"max-snippet:-1","max-image-preview":"max-image-preview:large","max-video-preview":"max-video-preview:-1"},"canonical":"https:\/\/chemuza.org\/tr\/praseodimyum\/","og_locale":"tr_TR","og_type":"article","og_title":"Praseodimyum - Chemuza","og_description":"Praseodimyum periyodik tablodaki nadir elementlerden biridir \u00e7\u00fcnk\u00fc element olarak nadirdir ve yaln\u0131zca iki t\u00fcr mineralde bulunur. Uygulama alanlar\u0131 aras\u0131nda floresan lambalarda, cam ve renkli televizyonlarda, cam cilalamada ve kataliz\u00f6r imalat\u0131nda kullan\u0131lmaktad\u0131r. Di\u011fer kullan\u0131mlara bak\u0131n ve bu metalin \u00f6zellikleri ve \u00f6zellikleriyle neler i\u00e7erdi\u011fini \u00f6\u011frenin. Praseodimyum nedir? Yumu\u015fak sar\u0131ms\u0131 g\u00fcm\u00fc\u015fi beyaz metalik bir elementtir. Havaya maruz kald\u0131\u011f\u0131nda ... Devam\u0131n\u0131 oku","og_url":"https:\/\/chemuza.org\/tr\/praseodimyum\/","og_site_name":"Chemuza","twitter_card":"summary_large_image","twitter_misc":{"Tahmini okuma s\u00fcresi":"4 dakika"},"schema":{"@context":"https:\/\/schema.org","@graph":[{"@type":"WebPage","@id":"https:\/\/chemuza.org\/tr\/praseodimyum\/","url":"https:\/\/chemuza.org\/tr\/praseodimyum\/","name":"Praseodimyum - Chemuza","isPartOf":{"@id":"https:\/\/chemuza.org\/tr\/#website"},"datePublished":"2023-07-14T09:34:11+00:00","dateModified":"2023-07-14T09:34:11+00:00","breadcrumb":{"@id":"https:\/\/chemuza.org\/tr\/praseodimyum\/#breadcrumb"},"inLanguage":"tr","potentialAction":[{"@type":"ReadAction","target":["https:\/\/chemuza.org\/tr\/praseodimyum\/"]}]},{"@type":"BreadcrumbList","@id":"https:\/\/chemuza.org\/tr\/praseodimyum\/#breadcrumb","itemListElement":[{"@type":"ListItem","position":1,"name":"Ev","item":"https:\/\/chemuza.org\/tr\/"},{"@type":"ListItem","position":2,"name":"Praseodimyum"}]},{"@type":"WebSite","@id":"https:\/\/chemuza.org\/tr\/#website","url":"https:\/\/chemuza.org\/tr\/","name":"Chemuza","description":"Kimyasal ke\u015fiflere a\u00e7\u0131lan kap\u0131n\u0131z!","publisher":{"@id":"https:\/\/chemuza.org\/tr\/#organization"},"potentialAction":[{"@type":"SearchAction","target":{"@type":"EntryPoint","urlTemplate":"https:\/\/chemuza.org\/tr\/?s={search_term_string}"},"query-input":"required name=search_term_string"}],"inLanguage":"tr"},{"@type":"Organization","@id":"https:\/\/chemuza.org\/tr\/#organization","name":"Chemuza","url":"https:\/\/chemuza.org\/tr\/","logo":{"@type":"ImageObject","inLanguage":"tr","@id":"https:\/\/chemuza.org\/tr\/#\/schema\/logo\/image\/","url":"https:\/\/chemuza.org\/tr\/wp-content\/uploads\/2023\/10\/chemuza-logo.png","contentUrl":"https:\/\/chemuza.org\/tr\/wp-content\/uploads\/2023\/10\/chemuza-logo.png","width":387,"height":70,"caption":"Chemuza"},"image":{"@id":"https:\/\/chemuza.org\/tr\/#\/schema\/logo\/image\/"}}]}},"yoast_meta":{"yoast_wpseo_title":"","yoast_wpseo_metadesc":"","yoast_wpseo_canonical":""},"_links":{"self":[{"href":"https:\/\/chemuza.org\/tr\/wp-json\/wp\/v2\/pages\/1484"}],"collection":[{"href":"https:\/\/chemuza.org\/tr\/wp-json\/wp\/v2\/pages"}],"about":[{"href":"https:\/\/chemuza.org\/tr\/wp-json\/wp\/v2\/types\/page"}],"author":[{"embeddable":true,"href":"https:\/\/chemuza.org\/tr\/wp-json\/wp\/v2\/users\/1"}],"replies":[{"embeddable":true,"href":"https:\/\/chemuza.org\/tr\/wp-json\/wp\/v2\/comments?post=1484"}],"version-history":[{"count":0,"href":"https:\/\/chemuza.org\/tr\/wp-json\/wp\/v2\/pages\/1484\/revisions"}],"wp:attachment":[{"href":"https:\/\/chemuza.org\/tr\/wp-json\/wp\/v2\/media?parent=1484"}],"curies":[{"name":"wp","href":"https:\/\/api.w.org\/{rel}","templated":true}]}}