{"id":1482,"date":"2023-07-14T10:20:34","date_gmt":"2023-07-14T10:20:34","guid":{"rendered":"https:\/\/chemuza.org\/tr\/lantan\/"},"modified":"2023-07-14T10:20:34","modified_gmt":"2023-07-14T10:20:34","slug":"lantan","status":"publish","type":"page","link":"https:\/\/chemuza.org\/tr\/lantan\/","title":{"rendered":"Lantan"},"content":{"rendered":"<p>Lantanoidlerin veya lantanitlerin kimyasal serisini ba\u015flatan elementtir ve iyi bilinen nadir toprak grubunun bir par\u00e7as\u0131d\u0131r. \u00d6te yandan manyetik, katalitik, kimyasal ve optik \u00f6zelliklerinden dolay\u0131 metalurji, kimya m\u00fchendisli\u011fi, elektronik ve t\u0131pta kullan\u0131lmaktad\u0131r. Lantan&#8217;\u0131n ne oldu\u011funu, \u00f6zelliklerinin neler oldu\u011funu, t\u00fcm \u00f6zelliklerini ve kullan\u0131m alanlar\u0131n\u0131 \u00f6\u011frenin.<\/p>\n<h2> <strong>Lantan nedir?<\/strong><\/h2>\n<p> Lantan elementi daha d\u00fc\u015f\u00fck u\u00e7uculu\u011fa, g\u00fcm\u00fc\u015fi parlakl\u0131\u011fa, y\u00fcksek yo\u011funlu\u011fa, iyi i\u015flenebilirli\u011fe ve reaktiviteye sahip bir metaldir. Bir\u00e7ok element i\u00e7eren \u00e7e\u015fitli kimyasal bile\u015fikler \u00fcretir, genellikle hava varl\u0131\u011f\u0131nda oksitlenir ve asitlerde \u00e7\u00f6z\u00fcn\u00fcr. Ayr\u0131ca metalik formu ve bile\u015fikleri hafif toksisite sergiler. Tipik olarak seryum ile ili\u015fkilidir ve Alanit, Monazit ve Bastnasit gibi minerallerde bulunur.<\/p>\n<h3> <strong>Lantan sembol\u00fc<\/strong><\/h3>\n<p> Lanthanum sembol\u00fcn\u00fcn <span class=\"content-chemical-element\" style=\"float: left;width: 65px;height: 65px;border: 3px solid #666; display:flex;\n    justify-content: center;align-items: center;margin-right: 15px;\"><span style=\"font-size: 38px;\">etimolojik<\/span><\/span> k\u00f6keni, <em>gizli varl\u0131k<\/em> veya <em>sakl\u0131 yer<\/em> anlam\u0131na gelen Yunanca <em>lanthano<\/em> kelimesinden gelmektedir. Buna kar\u015f\u0131l\u0131k, <em>unutulmu\u015f bir \u015feyi<\/em> ima eden <em>lanthanomai<\/em> ifadesinden gelir. Bu ad\u0131n se\u00e7ilmesinin nedeni, element tespit edildi\u011finde serit ad\u0131 verilen seryum mineraliyle kapl\u0131 olmas\u0131d\u0131r.<\/p>\n<h2> <strong>Lantan\u0131n \u00f6zellikleri<\/strong><\/h2>\n<p> Ba\u015fl\u0131ca \u00f6zellikleri aras\u0131nda 138,90 u atomik k\u00fctleye, 6,146 kg\/m\u00b3 yo\u011funlu\u011fa ve korozyona kar\u015f\u0131 duyarl\u0131l\u0131\u011fa sahip olmas\u0131 yer almaktad\u0131r. Lantanitlerin en g\u00fc\u00e7l\u00fc bazik veya metalik oksidini sunar, s\u00fcnektir, d\u00f6v\u00fclebilir ve elektronlar\u0131 6 enerji seviyesine g\u00f6re sal\u0131n\u0131r. Ek olarak, mevcut 38 izotoptan yaln\u0131zca ikisi yer kabu\u011funda do\u011fal olarak bulunur. Di\u011ferleri:<\/p>\n<ul>\n<li> <strong>Kimyasal Reaktivite:<\/strong> Azot, selenyum, elementel karbon, bor, fosfor, silikon, halojenler ve di\u011fer kimyasal elementlerle reaksiyona girer.<\/li>\n<li> <strong>Erime:<\/strong> Lantanoid serileri aras\u0131nda ikinci en d\u00fc\u015f\u00fck erime noktas\u0131na sahiptir.<\/li>\n<li> <strong>Organoleptik \u00f6zellikleri:<\/strong> Kokusuzdur, a\u011f\u0131rd\u0131r ve parlak g\u00fcm\u00fc\u015fi beyaz renktedir.<\/li>\n<li> <strong>Durumu<\/strong> : Normal \u00e7evre ko\u015fullar\u0131nda kat\u0131d\u0131r.<\/li>\n<li> <strong>De\u011fi\u015fiklikler<\/strong> : Havada h\u0131zla oksitlenir, suyu par\u00e7alayarak hidrojen a\u00e7\u0131\u011fa \u00e7\u0131kar\u0131r, seyreltik asitlerle reaksiyona girerek tuzlar olu\u015fturur ve 450\u00b0C&#8217;nin \u00fczerinde yanarak La\u2082O\u2083 \u00fcretir.<\/li>\n<li> <strong>K\u0131r\u0131lganl\u0131k<\/strong> : B\u0131\u00e7ak veya ustura ile kesilebilecek kadar yumu\u015fakt\u0131r.<\/li>\n<li> <strong>Elektriksel diren\u00e7<\/strong> : Oda s\u0131cakl\u0131\u011f\u0131nda 615 nm&#8217;lik y\u00fcksek bir dirence sahiptir.<\/li>\n<li> <strong>Sertlik<\/strong> : Mohs \u00f6l\u00e7e\u011fine g\u00f6re mineral sertli\u011fi 2,5&#8217;tir.<\/li>\n<li> <strong>Kristal yap\u0131<\/strong> : 20\u00b0C&#8217;de alt\u0131gen kristal yap\u0131ya sahiptir, 310\u00b0C&#8217;de y\u00fczey merkezli k\u00fcbik yap\u0131ya d\u00f6n\u00fc\u015f\u00fcr, 865\u00b0C&#8217;de ise cisim merkezli k\u00fcbiktir.<\/li>\n<li> <strong>Manyetik d\u00fczen<\/strong> : Paramanyetizmas\u0131 zay\u0131f olan bir elementtir.<\/li>\n<\/ul>\n<h2> <strong>Lantan\u0131n kimyasal ve fiziksel \u00f6zellikleri<\/strong><\/h2>\n<ol>\n<li> <strong>Atom numaras\u0131<\/strong> : 57<\/li>\n<li> <strong>Oksidasyon durumlar\u0131<\/strong> : +3<\/li>\n<li> <strong>Kovalent yar\u0131\u00e7ap (\u00c5)<\/strong> : 169 pm<\/li>\n<li> <strong>Yo\u011funluk<\/strong> : 6146 kg\/m\u00b3<\/li>\n<li> <strong>Elektronik konfig\u00fcrasyon<\/strong> : [Xe]5d <sup>1<\/sup> 6s <sup>2<\/sup><\/li>\n<li> <strong>Kaynama noktas\u0131<\/strong> : 3457\u00b0C (3730 K)<\/li>\n<li> <strong>Atom k\u00fctlesi (g\/mol)<\/strong> : 138.9055 u<\/li>\n<li> <strong>Buharla\u015fma entalpisi<\/strong> : 414 kJ\/mol<\/li>\n<li> <strong>F\u00fczyon entalpisi<\/strong> : 6,2 kJ\/mol<\/li>\n<li> <strong>Oksit<\/strong> : Kuvvetli baz<\/li>\n<li> <strong>Atom yar\u0131\u00e7ap\u0131 (\u00c5)<\/strong> : 187 pm<\/li>\n<li> <strong>\u00d6zg\u00fcl \u0131s\u0131<\/strong> : 190 J\/(K-kg)<\/li>\n<li> <strong>Erime noktas\u0131<\/strong> : 920\u00b0C (1193K)<\/li>\n<li> <strong>Ses h\u0131z\u0131<\/strong> : 293,15 K&#8217;da 2475 m\/s<\/li>\n<li> <strong>Birinci iyonla\u015fma potansiyeli (eV)<\/strong> : 538,1 kJ\/mol<\/li>\n<li> <strong>Elektronegatiflik<\/strong> : 1.1 (Pauling \u00f6l\u00e7e\u011fi)<\/li>\n<li> <strong>Seviye ba\u015f\u0131na elektronlar<\/strong> : 2, 8, 18, 18, 9, 2<\/li>\n<\/ol>\n<h2> <strong>Lantan\u0131n k\u00f6keni<\/strong><\/h2>\n<p> Ara\u015ft\u0131r\u0131rsan\u0131z lantan\u0131 ke\u015ffeden ki\u015fi 1839-1843 y\u0131llar\u0131nda kimyager Carl Gustaf Mosander&#8217;dir. Bu \u0130sve\u00e7li, biri lantan olan seryum \u00f6rne\u011finden iki oksidi ay\u0131rmay\u0131 ba\u015fard\u0131. Ancak 1839&#8217;da Axel Erdmann bunu Norve\u00e7&#8217;ten gelen bir mineralde ke\u015ffetti. Ancak ke\u015fif, ikinci bir yeni elementi \u00e7\u0131karmak zorunda kald\u0131\u011f\u0131 i\u00e7in Mosander&#8217;a atfedildi. Buna kar\u015f\u0131l\u0131k, analiz edilen \u00f6rnekler aras\u0131nda gizli oldu\u011fu i\u00e7in ad\u0131 Yunanca <em>lanthano<\/em> ifadesinden se\u00e7ti. Daha sonra 1923 y\u0131l\u0131nda ilk kez izole edildi.<\/p>\n<h2> <strong>Lantan ne i\u00e7in kullan\u0131l\u0131r?<\/strong><\/h2>\n<p> Kullan\u0131m alanlar\u0131ndan biri de film end\u00fcstrisindeki projeksiyon ve ayd\u0131nlatma \u00e7al\u0131\u015fmalar\u0131d\u0131r. Ek olarak, elementin bir\u00e7ok t\u00fcrevi y\u00fcksek kaliteli lensler yapmak i\u00e7in kullan\u0131l\u0131r. Ayr\u0131ca video kameralarda baz\u0131 bile\u015fikler kullan\u0131lmaktad\u0131r. Di\u011fer uygulamalar\u0131 ke\u015ffedin:<\/p>\n<ul>\n<li> Seryum, praseodimyum, neodimyum, gadolinyum ve itterbiyumla birlikte hafif ta\u015flarda ve nikel metal hidrit pillerde kullan\u0131lan Mischmetall ala\u015f\u0131m\u0131n\u0131 olu\u015fturur.<\/li>\n<li> Tersinir absorpsiyon proseslerinde hacminin 400 kat\u0131na kadar gaz depolayabilen hidrojen s\u00fcnger ala\u015f\u0131mlar\u0131nda kullan\u0131l\u0131r.<\/li>\n<li> Lantan oksit, bazlara kar\u015f\u0131 diren\u00e7 sa\u011flad\u0131\u011f\u0131 i\u00e7in \u00f6zel optimal camlar olu\u015fturmak i\u00e7in kullan\u0131l\u0131r.<\/li>\n<li> R\u00f6ntgen \u00fcnitelerinin yo\u011funla\u015ft\u0131r\u0131c\u0131 ekranlar\u0131n\u0131n bir bile\u015fenidir.<\/li>\n<li> Metalurjide, d\u00f6v\u00fclebilirli\u011fini, mukavemetini ve s\u00fcnekli\u011fini artt\u0131rmak i\u00e7in bu elementin izleri \u00e7eli\u011fe eklenir.<\/li>\n<li> T\u0131pta lantan karbonat hiperfosfatemi ve kronik b\u00f6brek yetmezli\u011fi tedavisinde kullan\u0131l\u0131r.<\/li>\n<\/ul>\n<p> \u00d6zetle Lantan, lantanit kimyasal serisinin ba\u015f\u0131nda gelir; d\u00f6v\u00fclebilir, s\u00fcnek ve dayan\u0131kl\u0131d\u0131r. Ek olarak bu metaloid, di\u011fer elementlerin yan\u0131 s\u0131ra elementel karbon, selenyum, nitrojen, halojenlerle \u00e7ok iyi reaksiyona girer. Havayla temas etti\u011finde oksitlenir ve genellikle b\u0131\u00e7akla kesilebilecek kadar yumu\u015fakt\u0131r.<\/p>\n","protected":false},"excerpt":{"rendered":"<p>Lantanoidlerin veya lantanitlerin kimyasal serisini ba\u015flatan elementtir ve iyi bilinen nadir toprak grubunun bir par\u00e7as\u0131d\u0131r. \u00d6te yandan manyetik, katalitik, kimyasal ve optik \u00f6zelliklerinden dolay\u0131 metalurji, kimya m\u00fchendisli\u011fi, elektronik ve t\u0131pta kullan\u0131lmaktad\u0131r. Lantan&#8217;\u0131n ne oldu\u011funu, \u00f6zelliklerinin neler oldu\u011funu, t\u00fcm \u00f6zelliklerini ve kullan\u0131m alanlar\u0131n\u0131 \u00f6\u011frenin. Lantan nedir? Lantan elementi daha d\u00fc\u015f\u00fck u\u00e7uculu\u011fa, g\u00fcm\u00fc\u015fi parlakl\u0131\u011fa, y\u00fcksek yo\u011funlu\u011fa, iyi &#8230; <a title=\"Lantan\" class=\"read-more\" href=\"https:\/\/chemuza.org\/tr\/lantan\/\" aria-label=\"More on Lantan\">Devam\u0131n\u0131 oku<\/a><\/p>\n","protected":false},"author":1,"featured_media":0,"parent":0,"menu_order":0,"comment_status":"closed","ping_status":"closed","template":"","meta":{"footnotes":""},"yoast_head":"<!-- This site is optimized with the Yoast SEO plugin v21.4 - https:\/\/yoast.com\/wordpress\/plugins\/seo\/ -->\n<title>Lantan - Chemuza<\/title>\n<meta name=\"robots\" content=\"index, follow, max-snippet:-1, max-image-preview:large, max-video-preview:-1\" \/>\n<link rel=\"canonical\" href=\"https:\/\/chemuza.org\/tr\/lantan\/\" \/>\n<meta property=\"og:locale\" content=\"tr_TR\" \/>\n<meta property=\"og:type\" content=\"article\" \/>\n<meta property=\"og:title\" content=\"Lantan - Chemuza\" \/>\n<meta property=\"og:description\" content=\"Lantanoidlerin veya lantanitlerin kimyasal serisini ba\u015flatan elementtir ve iyi bilinen nadir toprak grubunun bir par\u00e7as\u0131d\u0131r. \u00d6te yandan manyetik, katalitik, kimyasal ve optik \u00f6zelliklerinden dolay\u0131 metalurji, kimya m\u00fchendisli\u011fi, elektronik ve t\u0131pta kullan\u0131lmaktad\u0131r. Lantan&#8217;\u0131n ne oldu\u011funu, \u00f6zelliklerinin neler oldu\u011funu, t\u00fcm \u00f6zelliklerini ve kullan\u0131m alanlar\u0131n\u0131 \u00f6\u011frenin. Lantan nedir? Lantan elementi daha d\u00fc\u015f\u00fck u\u00e7uculu\u011fa, g\u00fcm\u00fc\u015fi parlakl\u0131\u011fa, y\u00fcksek yo\u011funlu\u011fa, iyi ... Devam\u0131n\u0131 oku\" \/>\n<meta property=\"og:url\" content=\"https:\/\/chemuza.org\/tr\/lantan\/\" \/>\n<meta property=\"og:site_name\" content=\"Chemuza\" \/>\n<meta name=\"twitter:card\" content=\"summary_large_image\" \/>\n<meta name=\"twitter:label1\" content=\"Tahmini okuma s\u00fcresi\" \/>\n\t<meta name=\"twitter:data1\" content=\"4 dakika\" \/>\n<script type=\"application\/ld+json\" class=\"yoast-schema-graph\">{\"@context\":\"https:\/\/schema.org\",\"@graph\":[{\"@type\":\"WebPage\",\"@id\":\"https:\/\/chemuza.org\/tr\/lantan\/\",\"url\":\"https:\/\/chemuza.org\/tr\/lantan\/\",\"name\":\"Lantan - Chemuza\",\"isPartOf\":{\"@id\":\"https:\/\/chemuza.org\/tr\/#website\"},\"datePublished\":\"2023-07-14T10:20:34+00:00\",\"dateModified\":\"2023-07-14T10:20:34+00:00\",\"breadcrumb\":{\"@id\":\"https:\/\/chemuza.org\/tr\/lantan\/#breadcrumb\"},\"inLanguage\":\"tr\",\"potentialAction\":[{\"@type\":\"ReadAction\",\"target\":[\"https:\/\/chemuza.org\/tr\/lantan\/\"]}]},{\"@type\":\"BreadcrumbList\",\"@id\":\"https:\/\/chemuza.org\/tr\/lantan\/#breadcrumb\",\"itemListElement\":[{\"@type\":\"ListItem\",\"position\":1,\"name\":\"Ev\",\"item\":\"https:\/\/chemuza.org\/tr\/\"},{\"@type\":\"ListItem\",\"position\":2,\"name\":\"Lantan\"}]},{\"@type\":\"WebSite\",\"@id\":\"https:\/\/chemuza.org\/tr\/#website\",\"url\":\"https:\/\/chemuza.org\/tr\/\",\"name\":\"Chemuza\",\"description\":\"Kimyasal ke\u015fiflere a\u00e7\u0131lan kap\u0131n\u0131z!\",\"publisher\":{\"@id\":\"https:\/\/chemuza.org\/tr\/#organization\"},\"potentialAction\":[{\"@type\":\"SearchAction\",\"target\":{\"@type\":\"EntryPoint\",\"urlTemplate\":\"https:\/\/chemuza.org\/tr\/?s={search_term_string}\"},\"query-input\":\"required name=search_term_string\"}],\"inLanguage\":\"tr\"},{\"@type\":\"Organization\",\"@id\":\"https:\/\/chemuza.org\/tr\/#organization\",\"name\":\"Chemuza\",\"url\":\"https:\/\/chemuza.org\/tr\/\",\"logo\":{\"@type\":\"ImageObject\",\"inLanguage\":\"tr\",\"@id\":\"https:\/\/chemuza.org\/tr\/#\/schema\/logo\/image\/\",\"url\":\"https:\/\/chemuza.org\/tr\/wp-content\/uploads\/2023\/10\/chemuza-logo.png\",\"contentUrl\":\"https:\/\/chemuza.org\/tr\/wp-content\/uploads\/2023\/10\/chemuza-logo.png\",\"width\":387,\"height\":70,\"caption\":\"Chemuza\"},\"image\":{\"@id\":\"https:\/\/chemuza.org\/tr\/#\/schema\/logo\/image\/\"}}]}<\/script>\n<!-- \/ Yoast SEO plugin. -->","yoast_head_json":{"title":"Lantan - Chemuza","robots":{"index":"index","follow":"follow","max-snippet":"max-snippet:-1","max-image-preview":"max-image-preview:large","max-video-preview":"max-video-preview:-1"},"canonical":"https:\/\/chemuza.org\/tr\/lantan\/","og_locale":"tr_TR","og_type":"article","og_title":"Lantan - Chemuza","og_description":"Lantanoidlerin veya lantanitlerin kimyasal serisini ba\u015flatan elementtir ve iyi bilinen nadir toprak grubunun bir par\u00e7as\u0131d\u0131r. \u00d6te yandan manyetik, katalitik, kimyasal ve optik \u00f6zelliklerinden dolay\u0131 metalurji, kimya m\u00fchendisli\u011fi, elektronik ve t\u0131pta kullan\u0131lmaktad\u0131r. Lantan&#8217;\u0131n ne oldu\u011funu, \u00f6zelliklerinin neler oldu\u011funu, t\u00fcm \u00f6zelliklerini ve kullan\u0131m alanlar\u0131n\u0131 \u00f6\u011frenin. Lantan nedir? Lantan elementi daha d\u00fc\u015f\u00fck u\u00e7uculu\u011fa, g\u00fcm\u00fc\u015fi parlakl\u0131\u011fa, y\u00fcksek yo\u011funlu\u011fa, iyi ... Devam\u0131n\u0131 oku","og_url":"https:\/\/chemuza.org\/tr\/lantan\/","og_site_name":"Chemuza","twitter_card":"summary_large_image","twitter_misc":{"Tahmini okuma s\u00fcresi":"4 dakika"},"schema":{"@context":"https:\/\/schema.org","@graph":[{"@type":"WebPage","@id":"https:\/\/chemuza.org\/tr\/lantan\/","url":"https:\/\/chemuza.org\/tr\/lantan\/","name":"Lantan - Chemuza","isPartOf":{"@id":"https:\/\/chemuza.org\/tr\/#website"},"datePublished":"2023-07-14T10:20:34+00:00","dateModified":"2023-07-14T10:20:34+00:00","breadcrumb":{"@id":"https:\/\/chemuza.org\/tr\/lantan\/#breadcrumb"},"inLanguage":"tr","potentialAction":[{"@type":"ReadAction","target":["https:\/\/chemuza.org\/tr\/lantan\/"]}]},{"@type":"BreadcrumbList","@id":"https:\/\/chemuza.org\/tr\/lantan\/#breadcrumb","itemListElement":[{"@type":"ListItem","position":1,"name":"Ev","item":"https:\/\/chemuza.org\/tr\/"},{"@type":"ListItem","position":2,"name":"Lantan"}]},{"@type":"WebSite","@id":"https:\/\/chemuza.org\/tr\/#website","url":"https:\/\/chemuza.org\/tr\/","name":"Chemuza","description":"Kimyasal ke\u015fiflere a\u00e7\u0131lan kap\u0131n\u0131z!","publisher":{"@id":"https:\/\/chemuza.org\/tr\/#organization"},"potentialAction":[{"@type":"SearchAction","target":{"@type":"EntryPoint","urlTemplate":"https:\/\/chemuza.org\/tr\/?s={search_term_string}"},"query-input":"required name=search_term_string"}],"inLanguage":"tr"},{"@type":"Organization","@id":"https:\/\/chemuza.org\/tr\/#organization","name":"Chemuza","url":"https:\/\/chemuza.org\/tr\/","logo":{"@type":"ImageObject","inLanguage":"tr","@id":"https:\/\/chemuza.org\/tr\/#\/schema\/logo\/image\/","url":"https:\/\/chemuza.org\/tr\/wp-content\/uploads\/2023\/10\/chemuza-logo.png","contentUrl":"https:\/\/chemuza.org\/tr\/wp-content\/uploads\/2023\/10\/chemuza-logo.png","width":387,"height":70,"caption":"Chemuza"},"image":{"@id":"https:\/\/chemuza.org\/tr\/#\/schema\/logo\/image\/"}}]}},"yoast_meta":{"yoast_wpseo_title":"","yoast_wpseo_metadesc":"","yoast_wpseo_canonical":""},"_links":{"self":[{"href":"https:\/\/chemuza.org\/tr\/wp-json\/wp\/v2\/pages\/1482"}],"collection":[{"href":"https:\/\/chemuza.org\/tr\/wp-json\/wp\/v2\/pages"}],"about":[{"href":"https:\/\/chemuza.org\/tr\/wp-json\/wp\/v2\/types\/page"}],"author":[{"embeddable":true,"href":"https:\/\/chemuza.org\/tr\/wp-json\/wp\/v2\/users\/1"}],"replies":[{"embeddable":true,"href":"https:\/\/chemuza.org\/tr\/wp-json\/wp\/v2\/comments?post=1482"}],"version-history":[{"count":0,"href":"https:\/\/chemuza.org\/tr\/wp-json\/wp\/v2\/pages\/1482\/revisions"}],"wp:attachment":[{"href":"https:\/\/chemuza.org\/tr\/wp-json\/wp\/v2\/media?parent=1482"}],"curies":[{"name":"wp","href":"https:\/\/api.w.org\/{rel}","templated":true}]}}