{"id":1479,"date":"2023-07-14T11:26:19","date_gmt":"2023-07-14T11:26:19","guid":{"rendered":"https:\/\/chemuza.org\/tr\/antimon\/"},"modified":"2023-07-14T11:26:19","modified_gmt":"2023-07-14T11:26:19","slug":"antimon","status":"publish","type":"page","link":"https:\/\/chemuza.org\/tr\/antimon\/","title":{"rendered":"Antimon"},"content":{"rendered":"<p>Antimon \u00e7evrede mineraller ve s\u00fclfitler halinde bol miktarda bulunur; nadiren do\u011fal olarak bulunur. Minimum partik\u00fcllere ba\u011fl\u0131 olarak havada birka\u00e7 g\u00fcn kalabilmektedir. Daha sonra eser miktarda Demir, Manganez ve Al\u00fcminyum ile kar\u0131\u015fmak \u00fczere topra\u011fa kar\u0131\u015f\u0131r, bu nedenle ala\u015f\u0131mlarda yayg\u0131n olarak kullan\u0131l\u0131r. Bu giri\u015fte bu \u00f6\u011fe hakk\u0131nda daha fazla bilgi edinin.<\/p>\n<h2> <strong>Antimon nedir?<\/strong><\/h2>\n<p> Periyodik tabloda atom numaras\u0131 51 ile i\u015faretlenmi\u015f, iki metalik formu, sert, parlak g\u00fcm\u00fc\u015f formu ve metalik olmayan gri tozu olan bir metaloiddir. Ayr\u0131ca kuru havada sabit bir s\u0131cakl\u0131k sa\u011flarlar ve g\u00fc\u00e7l\u00fc asit ve alkalilerin sald\u0131r\u0131lar\u0131na kar\u015f\u0131 diren\u00e7 g\u00f6sterirler. Bask\u0131 ve ala\u015f\u0131mlarda faydal\u0131 olan minerallerin bak\u0131r ve kur\u015funla rafine edilmesinin bir yan \u00fcr\u00fcn\u00fc olarak elde edilir.<\/p>\n<h3> <strong>Antimon sembol\u00fc<\/strong><\/h3>\n<p> <span class=\"content-chemical-element\" style=\"float: left;width: 65px;height: 65px;border: 3px solid #666; display:flex;\n    justify-content: center;align-items: center;margin-right: 15px;\"><span style=\"font-size: 38px;\">Sb<\/span><\/span> Ad\u0131, eski \u0130srail ve M\u0131s\u0131r&#8217;da kad\u0131nlar\u0131n kulland\u0131\u011f\u0131 siyah g\u00f6z far\u0131na verilen bir ifade olan Latince <em>stibium&#8217;dan<\/em> gelmektedir. Daha sonra anlam\u0131 g\u00f6zlerin ve ka\u015flar\u0131n g\u00f6lgelenmesiyle ba\u011flant\u0131l\u0131 olan Latince <em>antimonium<\/em> formunu benimsedi.<\/p>\n<h2> <strong>Antimonun \u00f6zellikleri<\/strong><\/h2>\n<p> D\u00fc\u015f\u00fck s\u0131cakl\u0131klarda buharla\u015fan, d\u00fc\u015f\u00fck \u0131s\u0131 iletkenli\u011fine sahip kat\u0131, kristal ve k\u0131r\u0131lgan bir sigortad\u0131r. Olu\u015fturdu\u011fu bile\u015fi\u011fe ba\u011fl\u0131 olarak metalik ve metalik olmayan kimyasal \u00f6zelliklerden olu\u015fur. G\u00fc\u00e7l\u00fc yap\u0131s\u0131na ra\u011fmen halojen\u00fcrler ve oksidanlar taraf\u0131ndan kolayca sald\u0131r\u0131ya u\u011frar. Antimonun di\u011fer \u00f6zellikleri \u015funlard\u0131r:<\/p>\n<ul>\n<li> <strong>Durumu<\/strong> : K\u0131r\u0131lgan kat\u0131 ve s\u0131v\u0131.<\/li>\n<li> <strong>Renk<\/strong> : Parlak g\u00fcm\u00fc\u015f beyaz\u0131.<\/li>\n<li> <strong>Tat ve koku<\/strong> : Ac\u0131 metalik, \u00e7ok ho\u015f olmayan ve kokusuz.<\/li>\n<li> <strong>Allotropi:<\/strong> D\u00f6rt allotropik form vard\u0131r. Kararl\u0131 bir mavi-beyaz metalik form. Di\u011fer ikisi sar\u0131 ve siyaht\u0131r ve d\u00f6rd\u00fcnc\u00fcs\u00fc metalik olmayan, \u00e7ok karars\u0131z ve patlay\u0131c\u0131 bir forma kar\u015f\u0131l\u0131k gelir.<\/li>\n<li> <strong>Bile\u015fimi:<\/strong> \u00c7ekirde\u011fi 51 proton ve 71 n\u00f6tronlu elektronlardan olu\u015fur.<\/li>\n<li> <strong>Sertlik:<\/strong> Mohs \u00f6l\u00e7e\u011fine g\u00f6re 3 gibi d\u00fc\u015f\u00fck bir sertli\u011fe sahiptir, parlak ve yumu\u015fakt\u0131r.<\/li>\n<li> <strong>Toksisite<\/strong> : D\u00fc\u015f\u00fck ancak elementin b\u00fcy\u00fck miktarlar\u0131na maruz kald\u0131\u011f\u0131nda \u00e7ok toksiktir.<\/li>\n<li> <strong>Reaktivite<\/strong> : Orta, oda s\u0131cakl\u0131\u011f\u0131nda havada stabil kal\u0131r. Ancak \u0131s\u0131t\u0131ld\u0131\u011f\u0131nda oksijenle \u015fiddetli reaksiyona girer.<\/li>\n<li> <strong>Yap\u0131s\u0131<\/strong> : So\u011fuduktan sonra d\u00fczenli e\u015fkenar d\u00f6rtgen kristaller olu\u015fturur.<\/li>\n<li> <strong>\u00c7\u00f6z\u00fcn\u00fcrl\u00fck<\/strong> : Suda az \u00e7\u00f6z\u00fcn\u00fcr.<\/li>\n<\/ul>\n<h2> <strong>Antimonun kimyasal ve fiziksel \u00f6zellikleri<\/strong><\/h2>\n<ol>\n<li> <strong>Atom numaras\u0131<\/strong> : 51<\/li>\n<li> <strong>D\u00f6nem<\/strong> : 5<\/li>\n<li> <strong>Engelle<\/strong> \ud83d\ude1b<\/li>\n<li> <strong>Grup<\/strong> : 15<\/li>\n<li> <strong>Oksidasyon durumu<\/strong> : +3,5<\/li>\n<li> <strong>Kovalent yar\u0131\u00e7ap (\u00c5):<\/strong> 138 pm<\/li>\n<li> <strong>Ortalama yar\u0131\u00e7ap:<\/strong> 145 saat<\/li>\n<li> <strong>Kaynama noktas\u0131:<\/strong> 1587\u00b0C<\/li>\n<li> <strong>Atom k\u00fctlesi (g\/mol):<\/strong> 121.760 u<\/li>\n<li> <strong>Kabuk ba\u015f\u0131na elektron say\u0131s\u0131:<\/strong> 2, 8, 18, 18, 5<\/li>\n<li> <strong>Birinci iyonla\u015fma potansiyeli:<\/strong> (eV): 8,68<\/li>\n<li> <strong>Elektronik konfig\u00fcrasyon:<\/strong> [Kr] 4d105s25p3<\/li>\n<li> <strong>Erime noktas\u0131:<\/strong> 631<strong> <\/strong>\u00b0C<\/li>\n<li> <strong>Atom yar\u0131\u00e7ap\u0131:<\/strong> 133 saat<\/li>\n<li> <strong>Yo\u011funluk:<\/strong> 6697 Kg\/m3<\/li>\n<li> <strong>Elektronegatiflik:<\/strong> 2.05<\/li>\n<li> <strong>\u00d6zg\u00fcl \u0131s\u0131:<\/strong> 210 J \/ (K kg)<\/li>\n<li> <strong>Is\u0131 iletkenli\u011fi:<\/strong> 24,3 W\/(Km)<\/li>\n<\/ol>\n<h2> <strong>Antimonun k\u00f6keni<\/strong><\/h2>\n<p> Ham antimonun tarihi, ana bile\u015fi\u011fi olan stibnit&#8217;in M\u0131s\u0131r, Babil ve \u0130srail&#8217;de makyaj malzemesi olarak kullan\u0131lan siyah bir macun yapmak i\u00e7in kullan\u0131ld\u0131\u011f\u0131 eski zamanlara kadar uzan\u0131r. Ayr\u0131ca antik \u00e7a\u011f kaplar\u0131nda s\u00fcs e\u015fyas\u0131 olarak da kullan\u0131lm\u0131\u015ft\u0131r. Daha sonra 1565 y\u0131l\u0131nda kimyager Basil Valentine onu bir element olarak ke\u015ffetti, do\u011fal bile\u015fiklerinden birinden \u00e7\u0131kard\u0131 ve burada \u00f6zelliklerini do\u011frulayabildi.<\/p>\n<h2> <strong>Antimon minerali ne i\u00e7in kullan\u0131l\u0131r?<\/strong><\/h2>\n<p> Yar\u0131 iletken \u00f6zelli\u011finden dolay\u0131 k\u0131z\u0131l\u00f6tesi dedekt\u00f6rlerin, diyotlar\u0131n ve Hall etkili cihazlar\u0131n imalat\u0131nda kullan\u0131l\u0131r. Yar\u0131 metal oldu\u011fundan kalay, kalay ve \u00e7inko ala\u015f\u0131mlar\u0131nda mukavemetini artt\u0131rmak amac\u0131yla kullan\u0131l\u0131r. Di\u011fer uygulamalar a\u015fa\u011f\u0131da a\u00e7\u0131klanm\u0131\u015ft\u0131r:<\/p>\n<h3> <strong>Ala\u015f\u0131mlar<\/strong><\/h3>\n<p> Periyodik tablodaki antimon, araba ak\u00fcs\u00fc plakalar\u0131n\u0131n yap\u0131m\u0131nda kur\u015funla ala\u015f\u0131m halinde kullan\u0131l\u0131r. Ayr\u0131ca kalayla kar\u0131\u015ft\u0131r\u0131lanlar lehimlerde, fi\u015fek patlat\u0131c\u0131lar\u0131nda ve mermilerde kullan\u0131l\u0131r. Y\u00fcksek gerilim kablolar\u0131n\u0131n kaplanmas\u0131nda da kullan\u0131l\u0131rlar.<\/p>\n<h3> <strong>T\u0131p alan\u0131nda<\/strong><\/h3>\n<p> Elementin bile\u015fikleri, anti-protozoal ve kusturucu veya kusmaya neden olan ila\u00e7lar\u0131n \u00fcretiminde kullan\u0131l\u0131r. Ek olarak balgam s\u00f6kt\u00fcr\u00fcc\u00fc ve terletici veya toksin salg\u0131layan ila\u00e7larda bir bile\u015fen olarak kullan\u0131l\u0131rlar.<\/p>\n<h3> <strong>alev geciktirici<\/strong><\/h3>\n<p> Bile\u015fik antimon trioksit, alevleri engellemek i\u00e7in brom\u00fcrler, klor\u00fcrler ve halojenli elementlerle kar\u0131\u015ft\u0131r\u0131l\u0131r. G\u00fcvenlik nedeniyle oyuncak, u\u00e7ak ve koltuk yap\u0131m\u0131nda kullan\u0131l\u0131rlar.<\/p>\n<h3> <strong>Pigmentler<\/strong><\/h3>\n<p> Bile\u015fikleri boya ve emaye \u00fcretiminde kullan\u0131l\u0131r. Elementin s\u00fclfitlerinin yava\u015f oksidasyonundan kaynaklanan sar\u0131, turuncu ve vermilyon renklerinin pigmentasyonunda kullan\u0131l\u0131rlar. Tekstil sekt\u00f6r\u00fcnde boya olarak da kullan\u0131lmaktad\u0131r.<\/p>\n<h2> <strong>Antimon Hasar\u0131<\/strong><\/h2>\n<p> Bu element baz\u0131 g\u0131dalarda, hava ve suda d\u00fc\u015f\u00fck, toksik olmayan dozlarda bulunur. Ancak y\u00fcksek d\u00fczeyde antimona maruz kalmak g\u00f6z ve akci\u011fer tahri\u015fine, kalp sorunlar\u0131na, ishale, a\u011fr\u0131ya, mide \u00fclserine, ba\u015f a\u011fr\u0131lar\u0131na ve ruh halinde de\u011fi\u015fikliklere neden olur.<\/p>\n<p> \u00d6zetle, bu element metalik ve metalik olmayan \u00f6zelliklere sahip d\u00f6rt allotropik formdan olu\u015fan bir metaloiddir. Oda s\u0131cakl\u0131\u011f\u0131ndaki stabilitesi nedeniyle yar\u0131 iletken olarak ve di\u011fer metallerin ala\u015f\u0131mlar\u0131nda kullan\u0131l\u0131r.<\/p>\n","protected":false},"excerpt":{"rendered":"<p>Antimon \u00e7evrede mineraller ve s\u00fclfitler halinde bol miktarda bulunur; nadiren do\u011fal olarak bulunur. Minimum partik\u00fcllere ba\u011fl\u0131 olarak havada birka\u00e7 g\u00fcn kalabilmektedir. Daha sonra eser miktarda Demir, Manganez ve Al\u00fcminyum ile kar\u0131\u015fmak \u00fczere topra\u011fa kar\u0131\u015f\u0131r, bu nedenle ala\u015f\u0131mlarda yayg\u0131n olarak kullan\u0131l\u0131r. Bu giri\u015fte bu \u00f6\u011fe hakk\u0131nda daha fazla bilgi edinin. Antimon nedir? Periyodik tabloda atom numaras\u0131 &#8230; <a title=\"Antimon\" class=\"read-more\" href=\"https:\/\/chemuza.org\/tr\/antimon\/\" aria-label=\"More on Antimon\">Devam\u0131n\u0131 oku<\/a><\/p>\n","protected":false},"author":1,"featured_media":0,"parent":0,"menu_order":0,"comment_status":"closed","ping_status":"closed","template":"","meta":{"footnotes":""},"yoast_head":"<!-- This site is optimized with the Yoast SEO plugin v21.4 - https:\/\/yoast.com\/wordpress\/plugins\/seo\/ -->\n<title>Antimon - Chemuza<\/title>\n<meta name=\"robots\" content=\"index, follow, max-snippet:-1, max-image-preview:large, max-video-preview:-1\" \/>\n<link rel=\"canonical\" href=\"https:\/\/chemuza.org\/tr\/antimon\/\" \/>\n<meta property=\"og:locale\" content=\"tr_TR\" \/>\n<meta property=\"og:type\" content=\"article\" \/>\n<meta property=\"og:title\" content=\"Antimon - Chemuza\" \/>\n<meta property=\"og:description\" content=\"Antimon \u00e7evrede mineraller ve s\u00fclfitler halinde bol miktarda bulunur; nadiren do\u011fal olarak bulunur. Minimum partik\u00fcllere ba\u011fl\u0131 olarak havada birka\u00e7 g\u00fcn kalabilmektedir. Daha sonra eser miktarda Demir, Manganez ve Al\u00fcminyum ile kar\u0131\u015fmak \u00fczere topra\u011fa kar\u0131\u015f\u0131r, bu nedenle ala\u015f\u0131mlarda yayg\u0131n olarak kullan\u0131l\u0131r. Bu giri\u015fte bu \u00f6\u011fe hakk\u0131nda daha fazla bilgi edinin. Antimon nedir? Periyodik tabloda atom numaras\u0131 ... Devam\u0131n\u0131 oku\" \/>\n<meta property=\"og:url\" content=\"https:\/\/chemuza.org\/tr\/antimon\/\" \/>\n<meta property=\"og:site_name\" content=\"Chemuza\" \/>\n<meta name=\"twitter:card\" content=\"summary_large_image\" \/>\n<meta name=\"twitter:label1\" content=\"Tahmini okuma s\u00fcresi\" \/>\n\t<meta name=\"twitter:data1\" content=\"4 dakika\" \/>\n<script type=\"application\/ld+json\" class=\"yoast-schema-graph\">{\"@context\":\"https:\/\/schema.org\",\"@graph\":[{\"@type\":\"WebPage\",\"@id\":\"https:\/\/chemuza.org\/tr\/antimon\/\",\"url\":\"https:\/\/chemuza.org\/tr\/antimon\/\",\"name\":\"Antimon - Chemuza\",\"isPartOf\":{\"@id\":\"https:\/\/chemuza.org\/tr\/#website\"},\"datePublished\":\"2023-07-14T11:26:19+00:00\",\"dateModified\":\"2023-07-14T11:26:19+00:00\",\"breadcrumb\":{\"@id\":\"https:\/\/chemuza.org\/tr\/antimon\/#breadcrumb\"},\"inLanguage\":\"tr\",\"potentialAction\":[{\"@type\":\"ReadAction\",\"target\":[\"https:\/\/chemuza.org\/tr\/antimon\/\"]}]},{\"@type\":\"BreadcrumbList\",\"@id\":\"https:\/\/chemuza.org\/tr\/antimon\/#breadcrumb\",\"itemListElement\":[{\"@type\":\"ListItem\",\"position\":1,\"name\":\"Ev\",\"item\":\"https:\/\/chemuza.org\/tr\/\"},{\"@type\":\"ListItem\",\"position\":2,\"name\":\"Antimon\"}]},{\"@type\":\"WebSite\",\"@id\":\"https:\/\/chemuza.org\/tr\/#website\",\"url\":\"https:\/\/chemuza.org\/tr\/\",\"name\":\"Chemuza\",\"description\":\"Kimyasal ke\u015fiflere a\u00e7\u0131lan kap\u0131n\u0131z!\",\"publisher\":{\"@id\":\"https:\/\/chemuza.org\/tr\/#organization\"},\"potentialAction\":[{\"@type\":\"SearchAction\",\"target\":{\"@type\":\"EntryPoint\",\"urlTemplate\":\"https:\/\/chemuza.org\/tr\/?s={search_term_string}\"},\"query-input\":\"required name=search_term_string\"}],\"inLanguage\":\"tr\"},{\"@type\":\"Organization\",\"@id\":\"https:\/\/chemuza.org\/tr\/#organization\",\"name\":\"Chemuza\",\"url\":\"https:\/\/chemuza.org\/tr\/\",\"logo\":{\"@type\":\"ImageObject\",\"inLanguage\":\"tr\",\"@id\":\"https:\/\/chemuza.org\/tr\/#\/schema\/logo\/image\/\",\"url\":\"https:\/\/chemuza.org\/tr\/wp-content\/uploads\/2023\/10\/chemuza-logo.png\",\"contentUrl\":\"https:\/\/chemuza.org\/tr\/wp-content\/uploads\/2023\/10\/chemuza-logo.png\",\"width\":387,\"height\":70,\"caption\":\"Chemuza\"},\"image\":{\"@id\":\"https:\/\/chemuza.org\/tr\/#\/schema\/logo\/image\/\"}}]}<\/script>\n<!-- \/ Yoast SEO plugin. -->","yoast_head_json":{"title":"Antimon - Chemuza","robots":{"index":"index","follow":"follow","max-snippet":"max-snippet:-1","max-image-preview":"max-image-preview:large","max-video-preview":"max-video-preview:-1"},"canonical":"https:\/\/chemuza.org\/tr\/antimon\/","og_locale":"tr_TR","og_type":"article","og_title":"Antimon - Chemuza","og_description":"Antimon \u00e7evrede mineraller ve s\u00fclfitler halinde bol miktarda bulunur; nadiren do\u011fal olarak bulunur. Minimum partik\u00fcllere ba\u011fl\u0131 olarak havada birka\u00e7 g\u00fcn kalabilmektedir. Daha sonra eser miktarda Demir, Manganez ve Al\u00fcminyum ile kar\u0131\u015fmak \u00fczere topra\u011fa kar\u0131\u015f\u0131r, bu nedenle ala\u015f\u0131mlarda yayg\u0131n olarak kullan\u0131l\u0131r. Bu giri\u015fte bu \u00f6\u011fe hakk\u0131nda daha fazla bilgi edinin. Antimon nedir? Periyodik tabloda atom numaras\u0131 ... Devam\u0131n\u0131 oku","og_url":"https:\/\/chemuza.org\/tr\/antimon\/","og_site_name":"Chemuza","twitter_card":"summary_large_image","twitter_misc":{"Tahmini okuma s\u00fcresi":"4 dakika"},"schema":{"@context":"https:\/\/schema.org","@graph":[{"@type":"WebPage","@id":"https:\/\/chemuza.org\/tr\/antimon\/","url":"https:\/\/chemuza.org\/tr\/antimon\/","name":"Antimon - Chemuza","isPartOf":{"@id":"https:\/\/chemuza.org\/tr\/#website"},"datePublished":"2023-07-14T11:26:19+00:00","dateModified":"2023-07-14T11:26:19+00:00","breadcrumb":{"@id":"https:\/\/chemuza.org\/tr\/antimon\/#breadcrumb"},"inLanguage":"tr","potentialAction":[{"@type":"ReadAction","target":["https:\/\/chemuza.org\/tr\/antimon\/"]}]},{"@type":"BreadcrumbList","@id":"https:\/\/chemuza.org\/tr\/antimon\/#breadcrumb","itemListElement":[{"@type":"ListItem","position":1,"name":"Ev","item":"https:\/\/chemuza.org\/tr\/"},{"@type":"ListItem","position":2,"name":"Antimon"}]},{"@type":"WebSite","@id":"https:\/\/chemuza.org\/tr\/#website","url":"https:\/\/chemuza.org\/tr\/","name":"Chemuza","description":"Kimyasal ke\u015fiflere a\u00e7\u0131lan kap\u0131n\u0131z!","publisher":{"@id":"https:\/\/chemuza.org\/tr\/#organization"},"potentialAction":[{"@type":"SearchAction","target":{"@type":"EntryPoint","urlTemplate":"https:\/\/chemuza.org\/tr\/?s={search_term_string}"},"query-input":"required name=search_term_string"}],"inLanguage":"tr"},{"@type":"Organization","@id":"https:\/\/chemuza.org\/tr\/#organization","name":"Chemuza","url":"https:\/\/chemuza.org\/tr\/","logo":{"@type":"ImageObject","inLanguage":"tr","@id":"https:\/\/chemuza.org\/tr\/#\/schema\/logo\/image\/","url":"https:\/\/chemuza.org\/tr\/wp-content\/uploads\/2023\/10\/chemuza-logo.png","contentUrl":"https:\/\/chemuza.org\/tr\/wp-content\/uploads\/2023\/10\/chemuza-logo.png","width":387,"height":70,"caption":"Chemuza"},"image":{"@id":"https:\/\/chemuza.org\/tr\/#\/schema\/logo\/image\/"}}]}},"yoast_meta":{"yoast_wpseo_title":"","yoast_wpseo_metadesc":"","yoast_wpseo_canonical":""},"_links":{"self":[{"href":"https:\/\/chemuza.org\/tr\/wp-json\/wp\/v2\/pages\/1479"}],"collection":[{"href":"https:\/\/chemuza.org\/tr\/wp-json\/wp\/v2\/pages"}],"about":[{"href":"https:\/\/chemuza.org\/tr\/wp-json\/wp\/v2\/types\/page"}],"author":[{"embeddable":true,"href":"https:\/\/chemuza.org\/tr\/wp-json\/wp\/v2\/users\/1"}],"replies":[{"embeddable":true,"href":"https:\/\/chemuza.org\/tr\/wp-json\/wp\/v2\/comments?post=1479"}],"version-history":[{"count":0,"href":"https:\/\/chemuza.org\/tr\/wp-json\/wp\/v2\/pages\/1479\/revisions"}],"wp:attachment":[{"href":"https:\/\/chemuza.org\/tr\/wp-json\/wp\/v2\/media?parent=1479"}],"curies":[{"name":"wp","href":"https:\/\/api.w.org\/{rel}","templated":true}]}}