{"id":1478,"date":"2023-07-14T11:46:58","date_gmt":"2023-07-14T11:46:58","guid":{"rendered":"https:\/\/chemuza.org\/tr\/teneke\/"},"modified":"2023-07-14T11:46:58","modified_gmt":"2023-07-14T11:46:58","slug":"teneke","status":"publish","type":"page","link":"https:\/\/chemuza.org\/tr\/teneke\/","title":{"rendered":"Teneke"},"content":{"rendered":"<p>Oscar heykelciklerinin parlak unsurlarla kapland\u0131\u011f\u0131n\u0131 ve kalay ve di\u011fer metallerin bir ala\u015f\u0131m\u0131 olan kalaydan yap\u0131ld\u0131\u011f\u0131n\u0131 biliyor muydunuz? Ayr\u0131ca eski demir veya \u00e7elik kutular paslanmaya kar\u015f\u0131 korunmak i\u00e7in bu elementle kapland\u0131. G\u00fcn\u00fcm\u00fczde \u00e7ok y\u00f6nl\u00fcl\u00fc\u011f\u00fc nedeniyle burada ke\u015ffedebilece\u011finiz bir\u00e7ok uygulama var.<\/p>\n<h2> <strong>Kalay nedir?<\/strong><\/h2>\n<p> Allotropik \u00e7e\u015fidine ba\u011fl\u0131 olarak beyaz veya gri olabilen ge\u00e7i\u015f sonras\u0131 bir metaldir. D\u00f6v\u00fclebilir, oda s\u0131cakl\u0131\u011f\u0131nda oksitlenebilir, korozyona dayan\u0131kl\u0131d\u0131r ve di\u011fer metalleri kaplamak i\u00e7in kullan\u0131l\u0131r. Yayg\u0131n olarak \u00e7e\u015fitli ala\u015f\u0131mlarda bulunur ve kur\u015fun ve germanyuma benzer. \u00d6te yandan elementin bir \u00e7ubu\u011fu b\u00fck\u00fcld\u00fc\u011f\u00fcnde kalay elementinin \u00e7\u0131\u011fl\u0131\u011f\u0131 olarak bilinen bir ses \u00e7\u0131kar\u0131r.<\/p>\n<h3> <strong>Kalay sembol\u00fc<\/strong><\/h3>\n<p> <span class=\"content-chemical-element\" style=\"float: left;width: 65px;height: 65px;border: 3px solid #666; display:flex;\n    justify-content: center;align-items: center;margin-right: 15px;\"><span style=\"font-size: 38px;\">Sn<\/span><\/span> , elementle ilgili olan eski Kelt terimi <em>Stagnum&#8217;un<\/em> Latince <em>Stannum<\/em> kelimesinin k\u0131saltmas\u0131na kar\u015f\u0131l\u0131k gelir. Antik \u00e7a\u011flardan beri insanlar taraf\u0131ndan bilindi\u011fi i\u00e7in bu ismi alm\u0131\u015ft\u0131r.<\/p>\n<h2> <strong>Kalay\u0131n \u00f6zellikleri<\/strong><\/h2>\n<p> Kalay\u0131n \u00f6zellikleri aras\u0131nda Mohs \u00f6l\u00e7e\u011fine g\u00f6re 1,5 sertli\u011fi, metalik dokusu ve oksijen varl\u0131\u011f\u0131nda kataliz\u00f6r olmas\u0131 say\u0131labilir. Ayr\u0131ca kokusuzdur, yumu\u015fakt\u0131r, p\u00fcr\u00fczs\u00fczd\u00fcr, beyaz\u0131ms\u0131 g\u00fcm\u00fc\u015f tonlar\u0131ndad\u0131r ve 9 kararl\u0131 izotop i\u00e7erir. Ayr\u0131ca atomik d\u00fczeyde 69 n\u00f6tron, 50 proton ve 50 elektrondan olu\u015fur. Di\u011fer eleman verileri \u015funlard\u0131r:<\/p>\n<ul>\n<li> <strong>Allotropik formlar:<\/strong> Beyaz ve gri olmak \u00fczere iki \u00e7e\u015fidi vard\u0131r.<\/li>\n<li> <strong>Kimyasal Reaktivite<\/strong> : Oda s\u0131cakl\u0131\u011f\u0131nda hava ve sudan kaynaklanan korozyona kar\u015f\u0131 dayan\u0131kl\u0131d\u0131r. Genellikle asitler ve bazlar taraf\u0131ndan sald\u0131r\u0131ya u\u011frar.<\/li>\n<li> <strong>Erime<\/strong> : Periyodik tablonun 14. grubundaki en d\u00fc\u015f\u00fck erime noktas\u0131n\u0131 i\u00e7erir.<\/li>\n<li> <strong>Durum<\/strong> : Sa\u011flam.<\/li>\n<li> <strong>De\u011fi\u015fiklikler<\/strong> : S\u0131cakl\u0131k 13,2\u00b0C&#8217;nin alt\u0131nda oldu\u011funda, kendili\u011finden beyazdan griye d\u00f6ner; bu olaya Kalay Vebas\u0131 ad\u0131 verilir.<\/li>\n<li> <strong>Kristal yap\u0131<\/strong> : Beyaz d\u00f6rtgen, gri ise k\u00fcbik bir yap\u0131 olu\u015fturur.<\/li>\n<li> <strong>D\u00f6v\u00fclebilirlik<\/strong> : Gri k\u0131r\u0131lgand\u0131r, beyaz ise d\u00f6v\u00fclebilir ve s\u00fcnektir ve bu nedenle so\u011fuk haddelenebilir ve b\u00fck\u00fclebilir.<\/li>\n<li> <strong>Manyetik d\u00fczen<\/strong> : Beyaz paramanyetiktir, gri ise diyamanyetiktir.<\/li>\n<li> <strong>\u0130letkenlik<\/strong> : -269,28\u00b0C&#8217;nin alt\u0131ndaki s\u0131cakl\u0131klarda s\u00fcperiletkendir. Beyaz bir elektrik iletkeni g\u00f6revi g\u00f6r\u00fcr ve gri bir yar\u0131 iletkendir.<\/li>\n<\/ul>\n<h2> <strong>Kalay\u0131n kimyasal ve fiziksel \u00f6zellikleri<\/strong><\/h2>\n<ol>\n<li> <strong>Atom numaras\u0131<\/strong> : 50<\/li>\n<li> <strong>Oksidasyon durumlar\u0131<\/strong> : +4.2<\/li>\n<li> <strong>Yo\u011funluk<\/strong> : 7365 kg\/m\u00b3<\/li>\n<li> <strong>Oksit<\/strong> : Amfoterik<\/li>\n<li> <strong>\u00d6zg\u00fcl \u0131s\u0131<\/strong> : 228 J\/(K-kg)<\/li>\n<li> <strong>Seviye ba\u015f\u0131na elektronlar<\/strong> : 2, 8, 18, 18, 4<\/li>\n<li> <strong>Erime noktas\u0131<\/strong> : 232\u00b0C (505,08 K)<\/li>\n<li> <strong>Ses h\u0131z\u0131<\/strong> : 293,15 K&#8217;de 2500 m\/s<\/li>\n<li> <strong>Kaynama noktas\u0131<\/strong> : 2602 \u00b0C (2875 K)<\/li>\n<li> <strong>Buharla\u015fma entalpisi<\/strong> : 295,8 kJ\/mol<\/li>\n<li> <strong>Elektronik konfig\u00fcrasyon<\/strong> : [Kr]4d <sup>10<\/sup> 5s <sup>2<\/sup> 5p <sup>2<\/sup><\/li>\n<li> <strong>Kovalent yar\u0131\u00e7ap (\u00c5)<\/strong> : 180 pm<\/li>\n<li> <strong>Atom k\u00fctlesi (g\/mol)<\/strong> : 118.710 u<\/li>\n<li> <strong>F\u00fczyon entalpisi<\/strong> : 7,029 kJ\/mol<\/li>\n<li> <strong>Atom yar\u0131\u00e7ap\u0131 (\u00c5)<\/strong> : 145 pm (Bohr yar\u0131\u00e7ap\u0131)<\/li>\n<li> <strong>Birinci iyonla\u015fma potansiyeli (eV)<\/strong> : 708,6 kJ\/mol<\/li>\n<li> <strong>Elektronegatiflik<\/strong> : 1,96 (Pauling \u00f6l\u00e7e\u011fi)<\/li>\n<\/ol>\n<h2> <strong>Kalay\u0131n k\u00f6keni<\/strong><\/h2>\n<p> Kalay\u0131n \u00e7ok eski \u00e7a\u011flardan beri bilinen bir metal olmas\u0131 nedeniyle kimin ke\u015ffetti\u011fi tam olarak bilinmemektedir. Ancak baz\u0131lar\u0131, Yak\u0131n Do\u011fu ve Balkanlar&#8217;daki yerle\u015fimler aras\u0131nda yakla\u015f\u0131k ke\u015fif tarihinin M.\u00d6. 2000 oldu\u011funu d\u00fc\u015f\u00fcn\u00fcyor.<\/p>\n<p> Kalay tarihine g\u00f6re, maden yataklar\u0131n\u0131n ilk i\u015fletilmesi M.\u00d6. 3000 y\u0131llar\u0131na kadar uzan\u0131yor, \u00fcstelik elementin ilk eserlerinin %2 oran\u0131nda arsenik i\u00e7erdi\u011fi ke\u015ffedildi. Bu ona daha fazla sertlik, daha d\u00fc\u015f\u00fck erime s\u0131cakl\u0131\u011f\u0131 ve bariz toksisite kazand\u0131r\u0131r. Bu nedenle ana kayna\u011f\u0131n yerini Cassiterit minerali ald\u0131.<\/p>\n<p> Ayn\u0131 \u015fekilde, m\u00fcreffeh Bronz \u00c7a\u011f\u0131&#8217;n\u0131n ba\u015flang\u0131c\u0131na i\u015faret eden bronz malzemesini olu\u015fturmak i\u00e7in bak\u0131rla ala\u015f\u0131mland\u0131, \u00e7\u00fcnk\u00fc bu yeni ala\u015f\u0131m uzun menzilli silahlar ve pratik aletler yapmak i\u00e7in m\u00fckemmeldi. Ayn\u0131 \u015fekilde t\u00fcccarlar da bu metali Avrupa ve M\u0131s\u0131r&#8217;a da\u011f\u0131tmaya ba\u015flad\u0131lar.<\/p>\n<h2> <strong>Kalay ne i\u00e7in kullan\u0131l\u0131r?<\/strong><\/h2>\n<p> \u015eu anda en yayg\u0131n kullan\u0131m alanlar\u0131 elektronik devreler i\u00e7in ala\u015f\u0131mlar ve lehimlerdir. Bununla birlikte, \u00f6zelliklerinden yararlanan ba\u015fka alanlar da vard\u0131r:<\/p>\n<ul>\n<li> Cam\u0131n k\u0131r\u0131lganl\u0131\u011f\u0131n\u0131 azalt\u0131n.<\/li>\n<li> Kutu yap\u0131m\u0131nda kullan\u0131lan, demir veya \u00e7elik gibi di\u011fer metallere y\u00f6nelik koruyucu eleman.<\/li>\n<li> Bile\u015fikleri boyalar, pigmentler, fungisitler ve di\u015f macunlar\u0131 i\u00e7in kullan\u0131l\u0131r.<\/li>\n<li> Kur\u015funla ala\u015f\u0131mland\u0131\u011f\u0131nda yumu\u015fak lehimlemede kullan\u0131l\u0131r.<\/li>\n<li> Kalay ve bak\u0131r ala\u015f\u0131m\u0131 bronz \u00fcretir.<\/li>\n<li> Kur\u015fun ile birle\u015ferek farkl\u0131 m\u00fczik organlar\u0131n\u0131n t\u00fcplerinin katmanlar\u0131n\u0131 olu\u015fturur.<\/li>\n<li> Seramik end\u00fcstrisinde seramik s\u0131rlar\u0131 yap\u0131m\u0131nda kullan\u0131l\u0131r.<\/li>\n<li> \u015earap \u015fi\u015fesi kapaklar\u0131nda s\u0131zd\u0131rmazl\u0131k zarf\u0131 olarak kullan\u0131l\u0131r.<\/li>\n<\/ul>\n<h2> <strong>Kalay nerede bulunur?<\/strong><\/h2>\n<p> \u00c7in&#8217;in Yunna eyaletinde, \u0130ngiltere&#8217;de Devon, Malezya ve Cornwall&#8217;da \u00f6nemli bir \u00fcr\u00fcnd\u00fcr. Ayr\u0131ca madencilik \u00fcretimi Almanya, Portekiz, Fransa, \u00c7ek Cumhuriyeti, \u0130talya, \u0130spanya, G\u00fcney Afrika, Suriye, M\u0131s\u0131r ve \u0130ran gibi \u00fclkelere ula\u015f\u0131yor.<\/p>\n<p> Sonu\u00e7 olarak kalay, oksijen varl\u0131\u011f\u0131nda kataliz\u00f6r g\u00f6revi g\u00f6ren, d\u00f6v\u00fclebilir, s\u00fcnek, korozyona dayan\u0131kl\u0131, yumu\u015fak ve kokusuz, metalik dokulu bir metaldir. Ayr\u0131ca beyaz ve gri olmak \u00fczere iki allotropik form sunar ve 13,2\u00b0C&#8217;nin alt\u0131ndaki s\u0131cakl\u0131klarda renk de\u011fi\u015fimlerine kalay veba ad\u0131 verilir.<\/p>\n","protected":false},"excerpt":{"rendered":"<p>Oscar heykelciklerinin parlak unsurlarla kapland\u0131\u011f\u0131n\u0131 ve kalay ve di\u011fer metallerin bir ala\u015f\u0131m\u0131 olan kalaydan yap\u0131ld\u0131\u011f\u0131n\u0131 biliyor muydunuz? Ayr\u0131ca eski demir veya \u00e7elik kutular paslanmaya kar\u015f\u0131 korunmak i\u00e7in bu elementle kapland\u0131. G\u00fcn\u00fcm\u00fczde \u00e7ok y\u00f6nl\u00fcl\u00fc\u011f\u00fc nedeniyle burada ke\u015ffedebilece\u011finiz bir\u00e7ok uygulama var. Kalay nedir? Allotropik \u00e7e\u015fidine ba\u011fl\u0131 olarak beyaz veya gri olabilen ge\u00e7i\u015f sonras\u0131 bir metaldir. D\u00f6v\u00fclebilir, oda &#8230; <a title=\"Teneke\" class=\"read-more\" href=\"https:\/\/chemuza.org\/tr\/teneke\/\" aria-label=\"More on Teneke\">Devam\u0131n\u0131 oku<\/a><\/p>\n","protected":false},"author":1,"featured_media":0,"parent":0,"menu_order":0,"comment_status":"closed","ping_status":"closed","template":"","meta":{"footnotes":""},"yoast_head":"<!-- This site is optimized with the Yoast SEO plugin v21.4 - https:\/\/yoast.com\/wordpress\/plugins\/seo\/ -->\n<title>Kalay - Chemuza<\/title>\n<meta name=\"robots\" content=\"index, follow, max-snippet:-1, max-image-preview:large, max-video-preview:-1\" \/>\n<link rel=\"canonical\" href=\"https:\/\/chemuza.org\/tr\/teneke\/\" \/>\n<meta property=\"og:locale\" content=\"tr_TR\" \/>\n<meta property=\"og:type\" content=\"article\" \/>\n<meta property=\"og:title\" content=\"Kalay - Chemuza\" \/>\n<meta property=\"og:description\" content=\"Oscar heykelciklerinin parlak unsurlarla kapland\u0131\u011f\u0131n\u0131 ve kalay ve di\u011fer metallerin bir ala\u015f\u0131m\u0131 olan kalaydan yap\u0131ld\u0131\u011f\u0131n\u0131 biliyor muydunuz? Ayr\u0131ca eski demir veya \u00e7elik kutular paslanmaya kar\u015f\u0131 korunmak i\u00e7in bu elementle kapland\u0131. G\u00fcn\u00fcm\u00fczde \u00e7ok y\u00f6nl\u00fcl\u00fc\u011f\u00fc nedeniyle burada ke\u015ffedebilece\u011finiz bir\u00e7ok uygulama var. Kalay nedir? Allotropik \u00e7e\u015fidine ba\u011fl\u0131 olarak beyaz veya gri olabilen ge\u00e7i\u015f sonras\u0131 bir metaldir. D\u00f6v\u00fclebilir, oda ... Devam\u0131n\u0131 oku\" \/>\n<meta property=\"og:url\" content=\"https:\/\/chemuza.org\/tr\/teneke\/\" \/>\n<meta property=\"og:site_name\" content=\"Chemuza\" \/>\n<meta name=\"twitter:card\" content=\"summary_large_image\" \/>\n<meta name=\"twitter:label1\" content=\"Tahmini okuma s\u00fcresi\" \/>\n\t<meta name=\"twitter:data1\" content=\"4 dakika\" \/>\n<script type=\"application\/ld+json\" class=\"yoast-schema-graph\">{\"@context\":\"https:\/\/schema.org\",\"@graph\":[{\"@type\":\"WebPage\",\"@id\":\"https:\/\/chemuza.org\/tr\/teneke\/\",\"url\":\"https:\/\/chemuza.org\/tr\/teneke\/\",\"name\":\"Kalay - Chemuza\",\"isPartOf\":{\"@id\":\"https:\/\/chemuza.org\/tr\/#website\"},\"datePublished\":\"2023-07-14T11:46:58+00:00\",\"dateModified\":\"2023-07-14T11:46:58+00:00\",\"breadcrumb\":{\"@id\":\"https:\/\/chemuza.org\/tr\/teneke\/#breadcrumb\"},\"inLanguage\":\"tr\",\"potentialAction\":[{\"@type\":\"ReadAction\",\"target\":[\"https:\/\/chemuza.org\/tr\/teneke\/\"]}]},{\"@type\":\"BreadcrumbList\",\"@id\":\"https:\/\/chemuza.org\/tr\/teneke\/#breadcrumb\",\"itemListElement\":[{\"@type\":\"ListItem\",\"position\":1,\"name\":\"Ev\",\"item\":\"https:\/\/chemuza.org\/tr\/\"},{\"@type\":\"ListItem\",\"position\":2,\"name\":\"Teneke\"}]},{\"@type\":\"WebSite\",\"@id\":\"https:\/\/chemuza.org\/tr\/#website\",\"url\":\"https:\/\/chemuza.org\/tr\/\",\"name\":\"Chemuza\",\"description\":\"Kimyasal ke\u015fiflere a\u00e7\u0131lan kap\u0131n\u0131z!\",\"publisher\":{\"@id\":\"https:\/\/chemuza.org\/tr\/#organization\"},\"potentialAction\":[{\"@type\":\"SearchAction\",\"target\":{\"@type\":\"EntryPoint\",\"urlTemplate\":\"https:\/\/chemuza.org\/tr\/?s={search_term_string}\"},\"query-input\":\"required name=search_term_string\"}],\"inLanguage\":\"tr\"},{\"@type\":\"Organization\",\"@id\":\"https:\/\/chemuza.org\/tr\/#organization\",\"name\":\"Chemuza\",\"url\":\"https:\/\/chemuza.org\/tr\/\",\"logo\":{\"@type\":\"ImageObject\",\"inLanguage\":\"tr\",\"@id\":\"https:\/\/chemuza.org\/tr\/#\/schema\/logo\/image\/\",\"url\":\"https:\/\/chemuza.org\/tr\/wp-content\/uploads\/2023\/10\/chemuza-logo.png\",\"contentUrl\":\"https:\/\/chemuza.org\/tr\/wp-content\/uploads\/2023\/10\/chemuza-logo.png\",\"width\":387,\"height\":70,\"caption\":\"Chemuza\"},\"image\":{\"@id\":\"https:\/\/chemuza.org\/tr\/#\/schema\/logo\/image\/\"}}]}<\/script>\n<!-- \/ Yoast SEO plugin. -->","yoast_head_json":{"title":"Kalay - Chemuza","robots":{"index":"index","follow":"follow","max-snippet":"max-snippet:-1","max-image-preview":"max-image-preview:large","max-video-preview":"max-video-preview:-1"},"canonical":"https:\/\/chemuza.org\/tr\/teneke\/","og_locale":"tr_TR","og_type":"article","og_title":"Kalay - Chemuza","og_description":"Oscar heykelciklerinin parlak unsurlarla kapland\u0131\u011f\u0131n\u0131 ve kalay ve di\u011fer metallerin bir ala\u015f\u0131m\u0131 olan kalaydan yap\u0131ld\u0131\u011f\u0131n\u0131 biliyor muydunuz? Ayr\u0131ca eski demir veya \u00e7elik kutular paslanmaya kar\u015f\u0131 korunmak i\u00e7in bu elementle kapland\u0131. G\u00fcn\u00fcm\u00fczde \u00e7ok y\u00f6nl\u00fcl\u00fc\u011f\u00fc nedeniyle burada ke\u015ffedebilece\u011finiz bir\u00e7ok uygulama var. Kalay nedir? Allotropik \u00e7e\u015fidine ba\u011fl\u0131 olarak beyaz veya gri olabilen ge\u00e7i\u015f sonras\u0131 bir metaldir. D\u00f6v\u00fclebilir, oda ... Devam\u0131n\u0131 oku","og_url":"https:\/\/chemuza.org\/tr\/teneke\/","og_site_name":"Chemuza","twitter_card":"summary_large_image","twitter_misc":{"Tahmini okuma s\u00fcresi":"4 dakika"},"schema":{"@context":"https:\/\/schema.org","@graph":[{"@type":"WebPage","@id":"https:\/\/chemuza.org\/tr\/teneke\/","url":"https:\/\/chemuza.org\/tr\/teneke\/","name":"Kalay - Chemuza","isPartOf":{"@id":"https:\/\/chemuza.org\/tr\/#website"},"datePublished":"2023-07-14T11:46:58+00:00","dateModified":"2023-07-14T11:46:58+00:00","breadcrumb":{"@id":"https:\/\/chemuza.org\/tr\/teneke\/#breadcrumb"},"inLanguage":"tr","potentialAction":[{"@type":"ReadAction","target":["https:\/\/chemuza.org\/tr\/teneke\/"]}]},{"@type":"BreadcrumbList","@id":"https:\/\/chemuza.org\/tr\/teneke\/#breadcrumb","itemListElement":[{"@type":"ListItem","position":1,"name":"Ev","item":"https:\/\/chemuza.org\/tr\/"},{"@type":"ListItem","position":2,"name":"Teneke"}]},{"@type":"WebSite","@id":"https:\/\/chemuza.org\/tr\/#website","url":"https:\/\/chemuza.org\/tr\/","name":"Chemuza","description":"Kimyasal ke\u015fiflere a\u00e7\u0131lan kap\u0131n\u0131z!","publisher":{"@id":"https:\/\/chemuza.org\/tr\/#organization"},"potentialAction":[{"@type":"SearchAction","target":{"@type":"EntryPoint","urlTemplate":"https:\/\/chemuza.org\/tr\/?s={search_term_string}"},"query-input":"required name=search_term_string"}],"inLanguage":"tr"},{"@type":"Organization","@id":"https:\/\/chemuza.org\/tr\/#organization","name":"Chemuza","url":"https:\/\/chemuza.org\/tr\/","logo":{"@type":"ImageObject","inLanguage":"tr","@id":"https:\/\/chemuza.org\/tr\/#\/schema\/logo\/image\/","url":"https:\/\/chemuza.org\/tr\/wp-content\/uploads\/2023\/10\/chemuza-logo.png","contentUrl":"https:\/\/chemuza.org\/tr\/wp-content\/uploads\/2023\/10\/chemuza-logo.png","width":387,"height":70,"caption":"Chemuza"},"image":{"@id":"https:\/\/chemuza.org\/tr\/#\/schema\/logo\/image\/"}}]}},"yoast_meta":{"yoast_wpseo_title":"","yoast_wpseo_metadesc":"","yoast_wpseo_canonical":""},"_links":{"self":[{"href":"https:\/\/chemuza.org\/tr\/wp-json\/wp\/v2\/pages\/1478"}],"collection":[{"href":"https:\/\/chemuza.org\/tr\/wp-json\/wp\/v2\/pages"}],"about":[{"href":"https:\/\/chemuza.org\/tr\/wp-json\/wp\/v2\/types\/page"}],"author":[{"embeddable":true,"href":"https:\/\/chemuza.org\/tr\/wp-json\/wp\/v2\/users\/1"}],"replies":[{"embeddable":true,"href":"https:\/\/chemuza.org\/tr\/wp-json\/wp\/v2\/comments?post=1478"}],"version-history":[{"count":0,"href":"https:\/\/chemuza.org\/tr\/wp-json\/wp\/v2\/pages\/1478\/revisions"}],"wp:attachment":[{"href":"https:\/\/chemuza.org\/tr\/wp-json\/wp\/v2\/media?parent=1478"}],"curies":[{"name":"wp","href":"https:\/\/api.w.org\/{rel}","templated":true}]}}