{"id":1477,"date":"2023-07-14T12:02:00","date_gmt":"2023-07-14T12:02:00","guid":{"rendered":"https:\/\/chemuza.org\/tr\/hintli\/"},"modified":"2023-07-14T12:02:00","modified_gmt":"2023-07-14T12:02:00","slug":"hintli","status":"publish","type":"page","link":"https:\/\/chemuza.org\/tr\/hintli\/","title":{"rendered":"Hintli"},"content":{"rendered":"<p>Hint bile\u015feninin elektronik cihaz\u0131n\u0131z\u0131n ekran\u0131n\u0131n bir par\u00e7as\u0131 oldu\u011funu biliyor muydunuz? Ayr\u0131ca \u0130kinci D\u00fcnya Sava\u015f\u0131 s\u0131ras\u0131nda u\u00e7ak motorlar\u0131n\u0131 kaplamak i\u00e7in de kullan\u0131lm\u0131\u015ft\u0131. Burada kal\u0131n ve bu kimyasal bile\u015fik, onu ke\u015ffeden ki\u015fi ve \u00f6zelliklerinin neler oldu\u011fu hakk\u0131nda daha fazla bilgi edinin.<\/p>\n<h2> <strong>Hint nedir?<\/strong><\/h2>\n<p> Parlak g\u00fcm\u00fc\u015f-beyaz g\u00f6r\u00fcn\u00fcme sahip yumu\u015fak, ge\u00e7i\u015f sonras\u0131 bir metaldir ve b\u00fck\u00fcld\u00fc\u011f\u00fcnde karakteristik bir ses \u00e7\u0131kar\u0131r. \u0130ndiyum kimyasal elementi d\u00f6v\u00fclebilir ve yer kabu\u011funda nadirdir. Al\u00fcminyum ve galyumla kimyasal benzerlikleri vard\u0131r, ancak \u00e7inkoya daha \u00e7ok benzemektedir. Ba\u015fl\u0131ca avantajlar\u0131ndan biri insanlar i\u00e7in tehlikeli olmamas\u0131d\u0131r.<\/p>\n<h3> <strong>Hint sembol\u00fc<\/strong><\/h3>\n<p> Hint elementinin <span class=\"content-chemical-element\" style=\"float: left;width: 65px;height: 65px;border: 3px solid #666; display:flex;\n    justify-content: center;align-items: center;margin-right: 15px;\"><span style=\"font-size: 38px;\">sembol\u00fc<\/span><\/span> , indigo kelimesinden ve orijinal anlam\u0131 Hindistan olan Latince <em>indicum<\/em> kelimesinden gelen ad\u0131n\u0131n k\u0131salt\u0131lm\u0131\u015f halidir. Atom spektrumunda parlak bir \u00e7ivit rengi \u00e7izgi g\u00f6zlemleyen iki kimyager taraf\u0131ndan bu \u015fekilde adland\u0131r\u0131lm\u0131\u015ft\u0131r.<\/p>\n<h2> <strong>Hint \u00f6zellikleri<\/strong><\/h2>\n<p> Cam \u00fczerinde ince bir film tabakas\u0131 olan 2000K aral\u0131\u011f\u0131nda ise s\u0131v\u0131ya d\u00f6n\u00fc\u015ft\u00fcr\u00fclebilir. \u00d6te yandan \u0131s\u0131t\u0131ld\u0131\u011f\u0131nda parlak ve renkli bir \u00e7ivit alevi \u00fcretir. Ayr\u0131ca s\u0131cak suda ve tuzlu suda \u00e7\u00f6z\u00fcnmez ve bile\u015fikleri indirgeyici maddelerdir. Di\u011fer \u00f6\u011fe \u00f6zellikleri:<\/p>\n<ul>\n<li> <strong>Kimyasal Reaktivite<\/strong> : Asitlerde \u00e7\u00f6z\u00fcnerek tuz olu\u015fturur, ancak genellikle alkali \u00e7\u00f6zeltilerde \u00e7\u00f6z\u00fcnmez. Oksijen, k\u00fck\u00fcrt ve halojenlerle do\u011frudan reaksiyona girer.<\/li>\n<li> <strong>Erime ve Kaynama<\/strong> : Bu iki nokta aras\u0131nda geni\u015f bir s\u0131cakl\u0131k aral\u0131\u011f\u0131 vard\u0131r.<\/li>\n<li> <strong>Durumu<\/strong> : Ola\u011fan toplanma a\u015famas\u0131 sa\u011flamd\u0131r.<\/li>\n<li> <strong>Elektrik iletkenli\u011fi<\/strong> : Genellikle demirin elektrik iletkenli\u011finden daha iyidir.<\/li>\n<li> <strong>Kristal yap\u0131<\/strong> : Metalik bir ba\u011f olu\u015fturan atom birimleri, merkezde d\u00f6rtgen \u015feklinde s\u0131ralanm\u0131\u015ft\u0131r.<\/li>\n<li> <strong>Manyetik d\u00fczen<\/strong> : Diyamanyetiktir.<\/li>\n<li> <strong>D\u00f6v\u00fclebilirlik<\/strong> : Plastik \u00f6zelli\u011fe sahiptir.<\/li>\n<li> <strong>K\u0131r\u0131lganl\u0131k<\/strong> : T\u0131rnakla y\u0131rt\u0131labilecek, bir ka\u011f\u0131da kaz\u0131nabilecek, b\u0131\u00e7akla kesilebilecek ve hatta di\u015flerle \u00e7i\u011fnenip deforme olabilecek kadar yumu\u015fakt\u0131r.<\/li>\n<li> <strong>Sertlik<\/strong> : Mohs skalas\u0131na g\u00f6re 1,5&#8217;tur, talktan biraz daha serttir.<\/li>\n<li> <strong>Oksit bile\u015fi\u011fi<\/strong> : Amfoterik bir element olmas\u0131na ra\u011fmen genel olarak baz gibi davran\u0131r.<\/li>\n<\/ul>\n<h2> <strong>\u0130ndiyumun kimyasal ve fiziksel \u00f6zellikleri<\/strong><\/h2>\n<ol>\n<li> <strong>Atom numaras\u0131<\/strong> : 49<\/li>\n<li> <strong>Erime noktas\u0131<\/strong> : 157\u00b0C (429,75K)<\/li>\n<li> <strong>Buharla\u015fma entalpisi<\/strong> : 231,5 kJ\/mol<\/li>\n<li> <strong>Kovalent yar\u0131\u00e7ap (\u00c5)<\/strong> : 144 pm<\/li>\n<li> <strong>Elektronik konfig\u00fcrasyon<\/strong> : [Kr]4d <sup>10<\/sup> 5s <sup>2<\/sup> 5p <sup>1<\/sup><\/li>\n<li> <strong>Kaynama noktas\u0131<\/strong> : 2072 \u00b0C (2345 K)<\/li>\n<li> <strong>Atom k\u00fctlesi (g\/mol)<\/strong> : 114.818 u<\/li>\n<li> <strong>F\u00fczyon entalpisi<\/strong> : 3,263 kJ\/mol<\/li>\n<li> <strong>Yo\u011funluk<\/strong> : 7310 kg\/m\u00b3<\/li>\n<li> <strong>Oksit<\/strong> : Amfoterik<\/li>\n<li> <strong>\u00d6zg\u00fcl \u0131s\u0131<\/strong> : 233 J\/(K-kg)<\/li>\n<li> <strong>Oksidasyon durumlar\u0131<\/strong> : +3<\/li>\n<li> <strong>Atom yar\u0131\u00e7ap\u0131 (\u00c5)<\/strong> : 156 pm (Bohr yar\u0131\u00e7ap\u0131)<\/li>\n<li> <strong>Ses h\u0131z\u0131<\/strong> : 293,15 K&#8217;da 1215 m\/s<\/li>\n<li> <strong>Birinci iyonla\u015fma potansiyeli (eV)<\/strong> : 558,3 kJ\/mol<\/li>\n<li> <strong>Elektronegatiflik<\/strong> : 1,78 (Pauling \u00f6l\u00e7e\u011fi)<\/li>\n<li> <strong>Seviye ba\u015f\u0131na elektronlar<\/strong> : 2, 8, 18, 18, 3<\/li>\n<\/ol>\n<h2> <strong>Hint K\u00f6keni<\/strong><\/h2>\n<p> Hint elementini kimin ke\u015ffetti\u011fini \u00f6\u011frenmek i\u00e7in 1863 y\u0131l\u0131nda kimyager Ferdinand Reich&#8217;a rastlad\u0131k. Bu ke\u015fif, Saksonya yak\u0131nlar\u0131nda \u00e7inko minerallerinde talyum izleri ararken yap\u0131ld\u0131. Mineralin kavrulmas\u0131, k\u00fck\u00fcrt\u00fcn uzakla\u015ft\u0131r\u0131lmas\u0131, hidroklorik asit i\u00e7inde emilmesi ve \u00e7inko klor\u00fcr\u00fcn buharla\u015ft\u0131r\u0131lmas\u0131ndan sonra saman renginde bir \u00e7\u00f6kelti elde edildi.<\/p>\n<p> \u0130ndiyum elementinin tarih\u00e7esi, elde edilen ke\u015fiften sonra Reich&#8217;\u0131n kimyager arkada\u015f\u0131 Hieronymus Theodor Richter ile birlikte spektroskopik bir analiz ger\u00e7ekle\u015ftirdi\u011finden bahseder. Atom spektrumunda ba\u015fka hi\u00e7bir elementle \u00f6rt\u00fc\u015fmeyen mavimsi \u00e7izgiyi g\u00f6zlemleyen ikinci ki\u015fiydi.<\/p>\n<p> \u0130ki kimyager, bile\u015fikleri yand\u0131\u011f\u0131nda ortaya \u00e7\u0131kan koyu maviden \u00e7ivit rengine kadar \u00e7e\u015fitli alevler aras\u0131ndan isimlerini se\u00e7tiler. Daha sonra, onu \u00e7\u00f6keltmek ve safla\u015ft\u0131rmak i\u00e7in yap\u0131lan say\u0131s\u0131z giri\u015fimden sonra, 1864 y\u0131l\u0131nda tuzlar\u0131n\u0131n elektrolizi yoluyla bir \u00f6rnek izole edildi.<\/p>\n<h2> <strong>Hintli ne i\u015fe yarar?<\/strong><\/h2>\n<p> Ala\u015f\u0131mlar, lehimler ve elektronik end\u00fcstrisi gibi farkl\u0131 uygulamalarda kullan\u0131lan bir metaldir. Esas kullan\u0131m\u0131 SGM d\u00f6neminde olmu\u015f, 1980&#8217;li y\u0131llardan sonra LCD ekranlarda kullan\u0131lmaya ba\u015flanmas\u0131yla pop\u00fclerlik kazanm\u0131\u015ft\u0131r. Hint elementinin di\u011fer kullan\u0131mlar\u0131 \u015funlard\u0131r:<\/p>\n<ul>\n<li> 20\u00b0C&#8217;de %24 indiyum ve %76 galyumdan olu\u015fan s\u0131v\u0131 ala\u015f\u0131m gibi d\u00fc\u015f\u00fck erime noktalar\u0131na sahip ala\u015f\u0131mlar \u00fcretin.<\/li>\n<li> Germanyum transist\u00f6rleri, foto iletkenler, redres\u00f6rler ve termist\u00f6rler olu\u015fturun.<\/li>\n<li> Oksit elektrominesans panellerin yap\u0131m\u0131nda kullan\u0131l\u0131r.<\/li>\n<li> Di\u011fer metallerin \u00fczerinde birikme ve korozyona dayan\u0131kl\u0131 bir ayna olu\u015fturmak \u00fczere cam \u00fczerinde buharla\u015fma e\u011filimi g\u00f6sterir.<\/li>\n<li> Tabletler veya ak\u0131ll\u0131 telefonlar gibi dokunmatik ekranlarda bulunan \u015feffaf elektrotlar\u0131n \u00fcretimi i\u00e7in.<\/li>\n<\/ul>\n<p> \u00d6zetle \u0130ndiyum, eritilmesi kolay, d\u00f6v\u00fclebilir, yumu\u015fak, amfoterik ge\u00e7i\u015f sonras\u0131 bir metaldir. Diyamanyetik bir elementtir, elektri\u011fi iletir, asitlerde \u00e7\u00f6z\u00fcc\u00fcd\u00fcr, ancak s\u0131cak, tuzlu ve alkali suda \u00e7\u00f6z\u00fcnmez. Ayr\u0131ca koyu mavi bir alev veya macun olu\u015fturur, \u00c7inkoya e\u015fde\u011ferdir ve insanlar i\u00e7in hi\u00e7bir risk olu\u015fturmaz.<\/p>\n","protected":false},"excerpt":{"rendered":"<p>Hint bile\u015feninin elektronik cihaz\u0131n\u0131z\u0131n ekran\u0131n\u0131n bir par\u00e7as\u0131 oldu\u011funu biliyor muydunuz? Ayr\u0131ca \u0130kinci D\u00fcnya Sava\u015f\u0131 s\u0131ras\u0131nda u\u00e7ak motorlar\u0131n\u0131 kaplamak i\u00e7in de kullan\u0131lm\u0131\u015ft\u0131. Burada kal\u0131n ve bu kimyasal bile\u015fik, onu ke\u015ffeden ki\u015fi ve \u00f6zelliklerinin neler oldu\u011fu hakk\u0131nda daha fazla bilgi edinin. Hint nedir? Parlak g\u00fcm\u00fc\u015f-beyaz g\u00f6r\u00fcn\u00fcme sahip yumu\u015fak, ge\u00e7i\u015f sonras\u0131 bir metaldir ve b\u00fck\u00fcld\u00fc\u011f\u00fcnde karakteristik bir ses &#8230; <a title=\"Hintli\" class=\"read-more\" href=\"https:\/\/chemuza.org\/tr\/hintli\/\" aria-label=\"More on Hintli\">Devam\u0131n\u0131 oku<\/a><\/p>\n","protected":false},"author":1,"featured_media":0,"parent":0,"menu_order":0,"comment_status":"closed","ping_status":"closed","template":"","meta":{"footnotes":""},"yoast_head":"<!-- This site is optimized with the Yoast SEO plugin v21.4 - https:\/\/yoast.com\/wordpress\/plugins\/seo\/ -->\n<title>Hint - Chemuza<\/title>\n<meta name=\"robots\" content=\"index, follow, max-snippet:-1, max-image-preview:large, max-video-preview:-1\" \/>\n<link rel=\"canonical\" href=\"https:\/\/chemuza.org\/tr\/hintli\/\" \/>\n<meta property=\"og:locale\" content=\"tr_TR\" \/>\n<meta property=\"og:type\" content=\"article\" \/>\n<meta property=\"og:title\" content=\"Hint - Chemuza\" \/>\n<meta property=\"og:description\" content=\"Hint bile\u015feninin elektronik cihaz\u0131n\u0131z\u0131n ekran\u0131n\u0131n bir par\u00e7as\u0131 oldu\u011funu biliyor muydunuz? Ayr\u0131ca \u0130kinci D\u00fcnya Sava\u015f\u0131 s\u0131ras\u0131nda u\u00e7ak motorlar\u0131n\u0131 kaplamak i\u00e7in de kullan\u0131lm\u0131\u015ft\u0131. Burada kal\u0131n ve bu kimyasal bile\u015fik, onu ke\u015ffeden ki\u015fi ve \u00f6zelliklerinin neler oldu\u011fu hakk\u0131nda daha fazla bilgi edinin. Hint nedir? Parlak g\u00fcm\u00fc\u015f-beyaz g\u00f6r\u00fcn\u00fcme sahip yumu\u015fak, ge\u00e7i\u015f sonras\u0131 bir metaldir ve b\u00fck\u00fcld\u00fc\u011f\u00fcnde karakteristik bir ses ... Devam\u0131n\u0131 oku\" \/>\n<meta property=\"og:url\" content=\"https:\/\/chemuza.org\/tr\/hintli\/\" \/>\n<meta property=\"og:site_name\" content=\"Chemuza\" \/>\n<meta name=\"twitter:card\" content=\"summary_large_image\" \/>\n<meta name=\"twitter:label1\" content=\"Tahmini okuma s\u00fcresi\" \/>\n\t<meta name=\"twitter:data1\" content=\"4 dakika\" \/>\n<script type=\"application\/ld+json\" class=\"yoast-schema-graph\">{\"@context\":\"https:\/\/schema.org\",\"@graph\":[{\"@type\":\"WebPage\",\"@id\":\"https:\/\/chemuza.org\/tr\/hintli\/\",\"url\":\"https:\/\/chemuza.org\/tr\/hintli\/\",\"name\":\"Hint - Chemuza\",\"isPartOf\":{\"@id\":\"https:\/\/chemuza.org\/tr\/#website\"},\"datePublished\":\"2023-07-14T12:02:00+00:00\",\"dateModified\":\"2023-07-14T12:02:00+00:00\",\"breadcrumb\":{\"@id\":\"https:\/\/chemuza.org\/tr\/hintli\/#breadcrumb\"},\"inLanguage\":\"tr\",\"potentialAction\":[{\"@type\":\"ReadAction\",\"target\":[\"https:\/\/chemuza.org\/tr\/hintli\/\"]}]},{\"@type\":\"BreadcrumbList\",\"@id\":\"https:\/\/chemuza.org\/tr\/hintli\/#breadcrumb\",\"itemListElement\":[{\"@type\":\"ListItem\",\"position\":1,\"name\":\"Ev\",\"item\":\"https:\/\/chemuza.org\/tr\/\"},{\"@type\":\"ListItem\",\"position\":2,\"name\":\"Hintli\"}]},{\"@type\":\"WebSite\",\"@id\":\"https:\/\/chemuza.org\/tr\/#website\",\"url\":\"https:\/\/chemuza.org\/tr\/\",\"name\":\"Chemuza\",\"description\":\"Kimyasal ke\u015fiflere a\u00e7\u0131lan kap\u0131n\u0131z!\",\"publisher\":{\"@id\":\"https:\/\/chemuza.org\/tr\/#organization\"},\"potentialAction\":[{\"@type\":\"SearchAction\",\"target\":{\"@type\":\"EntryPoint\",\"urlTemplate\":\"https:\/\/chemuza.org\/tr\/?s={search_term_string}\"},\"query-input\":\"required name=search_term_string\"}],\"inLanguage\":\"tr\"},{\"@type\":\"Organization\",\"@id\":\"https:\/\/chemuza.org\/tr\/#organization\",\"name\":\"Chemuza\",\"url\":\"https:\/\/chemuza.org\/tr\/\",\"logo\":{\"@type\":\"ImageObject\",\"inLanguage\":\"tr\",\"@id\":\"https:\/\/chemuza.org\/tr\/#\/schema\/logo\/image\/\",\"url\":\"https:\/\/chemuza.org\/tr\/wp-content\/uploads\/2023\/10\/chemuza-logo.png\",\"contentUrl\":\"https:\/\/chemuza.org\/tr\/wp-content\/uploads\/2023\/10\/chemuza-logo.png\",\"width\":387,\"height\":70,\"caption\":\"Chemuza\"},\"image\":{\"@id\":\"https:\/\/chemuza.org\/tr\/#\/schema\/logo\/image\/\"}}]}<\/script>\n<!-- \/ Yoast SEO plugin. -->","yoast_head_json":{"title":"Hint - Chemuza","robots":{"index":"index","follow":"follow","max-snippet":"max-snippet:-1","max-image-preview":"max-image-preview:large","max-video-preview":"max-video-preview:-1"},"canonical":"https:\/\/chemuza.org\/tr\/hintli\/","og_locale":"tr_TR","og_type":"article","og_title":"Hint - Chemuza","og_description":"Hint bile\u015feninin elektronik cihaz\u0131n\u0131z\u0131n ekran\u0131n\u0131n bir par\u00e7as\u0131 oldu\u011funu biliyor muydunuz? Ayr\u0131ca \u0130kinci D\u00fcnya Sava\u015f\u0131 s\u0131ras\u0131nda u\u00e7ak motorlar\u0131n\u0131 kaplamak i\u00e7in de kullan\u0131lm\u0131\u015ft\u0131. Burada kal\u0131n ve bu kimyasal bile\u015fik, onu ke\u015ffeden ki\u015fi ve \u00f6zelliklerinin neler oldu\u011fu hakk\u0131nda daha fazla bilgi edinin. Hint nedir? Parlak g\u00fcm\u00fc\u015f-beyaz g\u00f6r\u00fcn\u00fcme sahip yumu\u015fak, ge\u00e7i\u015f sonras\u0131 bir metaldir ve b\u00fck\u00fcld\u00fc\u011f\u00fcnde karakteristik bir ses ... Devam\u0131n\u0131 oku","og_url":"https:\/\/chemuza.org\/tr\/hintli\/","og_site_name":"Chemuza","twitter_card":"summary_large_image","twitter_misc":{"Tahmini okuma s\u00fcresi":"4 dakika"},"schema":{"@context":"https:\/\/schema.org","@graph":[{"@type":"WebPage","@id":"https:\/\/chemuza.org\/tr\/hintli\/","url":"https:\/\/chemuza.org\/tr\/hintli\/","name":"Hint - Chemuza","isPartOf":{"@id":"https:\/\/chemuza.org\/tr\/#website"},"datePublished":"2023-07-14T12:02:00+00:00","dateModified":"2023-07-14T12:02:00+00:00","breadcrumb":{"@id":"https:\/\/chemuza.org\/tr\/hintli\/#breadcrumb"},"inLanguage":"tr","potentialAction":[{"@type":"ReadAction","target":["https:\/\/chemuza.org\/tr\/hintli\/"]}]},{"@type":"BreadcrumbList","@id":"https:\/\/chemuza.org\/tr\/hintli\/#breadcrumb","itemListElement":[{"@type":"ListItem","position":1,"name":"Ev","item":"https:\/\/chemuza.org\/tr\/"},{"@type":"ListItem","position":2,"name":"Hintli"}]},{"@type":"WebSite","@id":"https:\/\/chemuza.org\/tr\/#website","url":"https:\/\/chemuza.org\/tr\/","name":"Chemuza","description":"Kimyasal ke\u015fiflere a\u00e7\u0131lan kap\u0131n\u0131z!","publisher":{"@id":"https:\/\/chemuza.org\/tr\/#organization"},"potentialAction":[{"@type":"SearchAction","target":{"@type":"EntryPoint","urlTemplate":"https:\/\/chemuza.org\/tr\/?s={search_term_string}"},"query-input":"required name=search_term_string"}],"inLanguage":"tr"},{"@type":"Organization","@id":"https:\/\/chemuza.org\/tr\/#organization","name":"Chemuza","url":"https:\/\/chemuza.org\/tr\/","logo":{"@type":"ImageObject","inLanguage":"tr","@id":"https:\/\/chemuza.org\/tr\/#\/schema\/logo\/image\/","url":"https:\/\/chemuza.org\/tr\/wp-content\/uploads\/2023\/10\/chemuza-logo.png","contentUrl":"https:\/\/chemuza.org\/tr\/wp-content\/uploads\/2023\/10\/chemuza-logo.png","width":387,"height":70,"caption":"Chemuza"},"image":{"@id":"https:\/\/chemuza.org\/tr\/#\/schema\/logo\/image\/"}}]}},"yoast_meta":{"yoast_wpseo_title":"","yoast_wpseo_metadesc":"","yoast_wpseo_canonical":""},"_links":{"self":[{"href":"https:\/\/chemuza.org\/tr\/wp-json\/wp\/v2\/pages\/1477"}],"collection":[{"href":"https:\/\/chemuza.org\/tr\/wp-json\/wp\/v2\/pages"}],"about":[{"href":"https:\/\/chemuza.org\/tr\/wp-json\/wp\/v2\/types\/page"}],"author":[{"embeddable":true,"href":"https:\/\/chemuza.org\/tr\/wp-json\/wp\/v2\/users\/1"}],"replies":[{"embeddable":true,"href":"https:\/\/chemuza.org\/tr\/wp-json\/wp\/v2\/comments?post=1477"}],"version-history":[{"count":0,"href":"https:\/\/chemuza.org\/tr\/wp-json\/wp\/v2\/pages\/1477\/revisions"}],"wp:attachment":[{"href":"https:\/\/chemuza.org\/tr\/wp-json\/wp\/v2\/media?parent=1477"}],"curies":[{"name":"wp","href":"https:\/\/api.w.org\/{rel}","templated":true}]}}