{"id":1475,"date":"2023-07-14T13:08:52","date_gmt":"2023-07-14T13:08:52","guid":{"rendered":"https:\/\/chemuza.org\/tr\/para\/"},"modified":"2023-07-14T13:08:52","modified_gmt":"2023-07-14T13:08:52","slug":"para","status":"publish","type":"page","link":"https:\/\/chemuza.org\/tr\/para\/","title":{"rendered":"Para"},"content":{"rendered":"<p>G\u00fcm\u00fc\u015f, gezegende en \u00e7ok tan\u0131nan yedi metalden biridir. Nadir de olsa do\u011fada serbest element olarak veya di\u011fer metallerle birlikte bulunur. Ancak \u00e7o\u011fu metal bile\u015fikleri i\u00e7eren minerallerde bulunur. Ge\u00e7mi\u015fte sava\u015f silahlar\u0131n\u0131n yap\u0131m\u0131nda, daha sonra ise s\u00fcs e\u015fyas\u0131 ve mutfak e\u015fyalar\u0131 yap\u0131m\u0131nda kullan\u0131lm\u0131\u015ft\u0131r. Bu kimyasal element hakk\u0131nda bilmeniz gereken her \u015feyi \u00f6\u011frenin.<\/p>\n<h2> <strong>Para nedir?<\/strong><\/h2>\n<p> Periyodik tablonun bir elementidir ve ge\u00e7i\u015f metallerinin bir par\u00e7as\u0131d\u0131r. Rengi metalik beyazd\u0131r ve Kobalt, Demir veya Nikel d\u0131\u015f\u0131ndaki di\u011fer metallerle kolayl\u0131kla kombinlenebilir. D\u00f6v\u00fclebilir ve s\u00fcnektir, ancak alt\u0131n kadar de\u011fildir.<\/p>\n<p> Bile\u015fiklerinden baz\u0131lar\u0131 g\u00fcm\u00fc\u015f klor\u00fcr, g\u00fcm\u00fc\u015f iyod\u00fcr, g\u00fcm\u00fc\u015f brom\u00fcr ve g\u00fcm\u00fc\u015f karbonatt\u0131r. Hava ve su varl\u0131\u011f\u0131nda stabildir ancak hidrojen s\u00fclfit, ozon veya k\u00fck\u00fcrte maruz kald\u0131\u011f\u0131nda karar\u0131r.<\/p>\n<h3> <strong>Para sembol\u00fc<\/strong><\/h3>\n<p> <span class=\"content-chemical-element\" style=\"float: left;width: 65px;height: 65px;border: 3px solid #666; display:flex;\n    justify-content: center;align-items: center;margin-right: 15px;\"><span style=\"font-size: 38px;\">Ag<\/span><\/span> Atom numaras\u0131 47 ve atom k\u00fctlesi 107,84 olan periyodik tablonun 11. grubunda yer al\u0131r. Ag 107 ve Ag 109 olmak \u00fczere ilkinden daha az miktarda bulunan iki kararl\u0131 izotopu vard\u0131r. Ek olarak, yar\u0131 \u00f6mr\u00fc yakla\u015f\u0131k 29 ila 41 olan 28 karars\u0131z izotopu vard\u0131r.<\/p>\n<h2> <strong>Paran\u0131n \u00f6zellikleri<\/strong><\/h2>\n<p> Saf haliyle iyi bir termal ve elektriksel iletkenli\u011fe sahiptir ve kimyasal formunda asil ve a\u011f\u0131r metallerden biridir. Ancak ticari a\u00e7\u0131dan bak\u0131ld\u0131\u011f\u0131nda de\u011ferli bir metaldir. Di\u011fer \u00f6zellikler \u00f6ne \u00e7\u0131k\u0131yor:<\/p>\n<ul>\n<li> <strong>Parlakl\u0131k:<\/strong> T\u00fcm metaller aras\u0131nda en parlak olan\u0131d\u0131r.<\/li>\n<li> <strong>Sertlik:<\/strong> Orta derecede yumu\u015fak, ancak alt\u0131ndan biraz daha sert.<\/li>\n<li> <strong>Manyetizma<\/strong> : Zay\u0131f.<\/li>\n<li> <strong>Yap\u0131:<\/strong> Oktahedronlar, izometrik, k\u00fcbik ve y\u00fczleri merkezli.<\/li>\n<li> <strong>Durumu<\/strong> : Do\u011fal haliyle sa\u011flamd\u0131r.<\/li>\n<\/ul>\n<h2> <strong>G\u00fcm\u00fc\u015f\u00fcn kimyasal ve fiziksel \u00f6zellikleri<\/strong><\/h2>\n<ol>\n<li> <strong>Atom numaras\u0131<\/strong> : 47<\/li>\n<li> <strong>D\u00f6nem:<\/strong> 5<\/li>\n<li> <strong>Blok:<\/strong> d<\/li>\n<li> <strong>Kovalent yar\u0131\u00e7ap (\u00c5):<\/strong> 153<\/li>\n<li> <strong>Atom yar\u0131\u00e7ap\u0131:<\/strong> 165<\/li>\n<li> <strong>F\u00fczyon entalpisi:<\/strong> 11,3 Kj\/mol<\/li>\n<li> <strong>Erime noktas\u0131:<\/strong> 1234.93K<\/li>\n<li> <strong>Kaynama noktas\u0131:<\/strong> 2435K<\/li>\n<li> <strong>Elektronik konfig\u00fcrasyon:<\/strong> [Kr] 5s <sup>1<\/sup> 4d <sup>10<\/sup><\/li>\n<li> <strong>Buharla\u015fma entalpisi:<\/strong> 250,58 kJ\/mol<\/li>\n<li> <strong>Ses h\u0131z\u0131:<\/strong> 293,15 K&#8217;de 2600 m\/s<\/li>\n<li> <strong>Buhar bas\u0131nc\u0131:<\/strong> 1234 K&#8217;de 0,34 Pa<\/li>\n<li> <strong>Yo\u011funluk:<\/strong> 10490 kg\/m\u00b3<\/li>\n<li> <strong>Is\u0131 iletkenli\u011fi:<\/strong> 429 W<\/li>\n<li> <strong>Elektrik iletkenli\u011fi:<\/strong> 63 x 10 <sup>6<\/sup><\/li>\n<li> <strong>\u00d6zg\u00fcl \u0131s\u0131:<\/strong> 232 J<\/li>\n<\/ol>\n<h2> <strong>Paran\u0131n k\u00f6keni<\/strong><\/h2>\n<p> Ev e\u015fyalar\u0131n\u0131n d\u00f6v\u00fclmesinde kullan\u0131lan bu elemente M\u0131s\u0131rl\u0131lar gibi uygarl\u0131klar\u0131n \u00e7ok de\u011fer verdi\u011fine inan\u0131l\u0131yor. Daha sonra Yunanl\u0131lar bu malzemeyi sava\u015f aletleri yap\u0131m\u0131nda kulland\u0131lar. S\u00f6m\u00fcrge d\u00f6neminde Meksika&#8217;daki Zacatecas&#8217;ta, Bolivya&#8217;daki Potos\u00ed&#8217;de ve Arjantin&#8217;deki Paramillos de Uspallata&#8217;da g\u00fcm\u00fc\u015f madenleri ke\u015ffedildi.<\/p>\n<p> Bu metalin ad\u0131, orta\u00e7a\u011f Latincesinden gelen ve geni\u015f, d\u00fczle\u015ftirilmi\u015f anlam\u0131na gelen plattus s\u0131fat\u0131n\u0131n evriminden gelmektedir. BU Y\u00dcZDEN. Romal\u0131lar buna Latince g\u00fcm\u00fc\u015f anlam\u0131na gelen bir kelimeden gelen argentum ad\u0131n\u0131 verdiler.<\/p>\n<h2> <strong>Para ne i\u00e7in?<\/strong><\/h2>\n<p> G\u00fcm\u00fc\u015f, kimya, foto\u011fraf ve kuyumculuk alanlar\u0131nda end\u00fcstriyel ama\u00e7lar i\u00e7in \u00e7ok faydal\u0131yd\u0131. \u0130\u015fte en pop\u00fcler uygulamalar\u0131ndan baz\u0131lar\u0131:<\/p>\n<h3> <strong>End\u00fcstri<\/strong><strong><\/strong><\/h3>\n<p> Dizel ve elektrikli lokomotiflere y\u00f6nelik t\u00fcm elektrik jenerat\u00f6rleri, bir in\u00e7 kal\u0131nl\u0131\u011f\u0131nda saf g\u00fcm\u00fc\u015f kontaklar kullan\u0131r. \u0130yi iletkenli\u011fi nedeniyle bilgisayar klavyelerinde ve kapal\u0131 devrelerde kullan\u0131l\u0131r. B\u00fcy\u00fck kapasiteli elektrik pillerinde de kullan\u0131l\u0131r.<\/p>\n<p> Bu, iyi termal ve elektriksel iletkenli\u011fe sahip oldu\u011fu i\u00e7in g\u00fcne\u015f panelleri yapmak i\u00e7in kullan\u0131l\u0131r. Macun halinde kullan\u0131ld\u0131\u011f\u0131nda g\u00fcne\u015f \u0131\u015f\u0131nlar\u0131n\u0131 yakalay\u0131p fotovoltaik enerjiye d\u00f6n\u00fc\u015ft\u00fcrebilme \u00f6zelli\u011fine sahiptir. Ayr\u0131ca k\u0131l\u0131\u00e7, ok ucu ve m\u0131zrak gibi keskin u\u00e7lu silahlar yapmak i\u00e7in de kullan\u0131yorlar. Son olarak y\u0131llard\u0131r sofra tak\u0131m\u0131, ayna, \u00e7ar\u015faf, cam ve madeni para yap\u0131m\u0131nda kullan\u0131lmaktad\u0131r.<\/p>\n<h3> <strong>G\u00fcndelik Ya\u015fam<\/strong><\/h3>\n<p> Bu metalin klor\u00fcr\u00fc, k\u00f6t\u00fc kokular\u0131 \u00f6nledi\u011fi ve bakteri \u00fcremesini geciktirdi\u011fi i\u00e7in kozmetik end\u00fcstrisinde deodorant yap\u0131m\u0131nda kullan\u0131l\u0131r. Ayr\u0131ca iyonize g\u00fcm\u00fc\u015f suyu ar\u0131nd\u0131r\u0131r ve mikroplarla sava\u015ft\u0131\u011f\u0131 i\u00e7in \u00e7ama\u015f\u0131r deterjanlar\u0131nda faydal\u0131d\u0131r.<\/p>\n<h3> <strong>\u0130la\u00e7<\/strong><\/h3>\n<p> T\u0131p alan\u0131nda g\u00fcm\u00fc\u015f nitrat bakterisit, antiseptik olarak ve ayr\u0131ca si\u011filleri gidermek i\u00e7in kullan\u0131l\u0131r. Ayr\u0131ca ala\u015f\u0131mlar\u0131 di\u015f\u00e7ilik par\u00e7alar\u0131n\u0131n imalat\u0131na da olanak sa\u011flar.<\/p>\n<h2> <strong>Para nas\u0131l tan\u0131mlan\u0131r?<\/strong><\/h2>\n<p> Orijinalli\u011fini do\u011frulamak i\u00e7in, orijinal bir g\u00fcm\u00fc\u015f e\u015fyaya bak\u0131p bakmad\u0131\u011f\u0131n\u0131z\u0131 ortaya \u00e7\u0131karacak baz\u0131 bilimsel olmayan y\u00f6ntemlere ba\u015fvurabilirsiniz:<\/p>\n<ul>\n<li> A\u015f\u0131r\u0131 parlakl\u0131\u011fa sahip de\u011fildir.<\/li>\n<li> Birka\u00e7 damla \u00e7ama\u015f\u0131r suyu ekleyin ve oksitlenmeye ba\u015flarsa g\u00fcm\u00fc\u015ft\u00fcr.<\/li>\n<li> \u015eark\u0131y\u0131 b\u0131rak\u0131n ve sesin zil sesine benzer olup olmad\u0131\u011f\u0131n\u0131 kontrol edin.<\/li>\n<li> Nesnenin \u00fczerinde kay\u0131p kaymad\u0131\u011f\u0131n\u0131 g\u00f6rmek i\u00e7in bir m\u0131knat\u0131s kullan\u0131n. Kat\u0131l\u0131rsan\u0131z ucuz bir taklitle kar\u015f\u0131 kar\u015f\u0131ya kal\u0131rs\u0131n\u0131z.<\/li>\n<\/ul>\n<p> Sonu\u00e7 olarak g\u00fcm\u00fc\u015f do\u011fada serbest halde bulunan bir ge\u00e7i\u015f metalidir. Rengi metalik beyazd\u0131r ancak cilalan\u0131nca parlakla\u015f\u0131r. Do\u011fal kat\u0131 halinde tak\u0131, t\u0131p ve end\u00fcstride yayg\u0131n olarak kullan\u0131lan de\u011ferli bir malzemedir.<\/p>\n","protected":false},"excerpt":{"rendered":"<p>G\u00fcm\u00fc\u015f, gezegende en \u00e7ok tan\u0131nan yedi metalden biridir. Nadir de olsa do\u011fada serbest element olarak veya di\u011fer metallerle birlikte bulunur. Ancak \u00e7o\u011fu metal bile\u015fikleri i\u00e7eren minerallerde bulunur. Ge\u00e7mi\u015fte sava\u015f silahlar\u0131n\u0131n yap\u0131m\u0131nda, daha sonra ise s\u00fcs e\u015fyas\u0131 ve mutfak e\u015fyalar\u0131 yap\u0131m\u0131nda kullan\u0131lm\u0131\u015ft\u0131r. Bu kimyasal element hakk\u0131nda bilmeniz gereken her \u015feyi \u00f6\u011frenin. Para nedir? Periyodik tablonun bir &#8230; <a title=\"Para\" class=\"read-more\" href=\"https:\/\/chemuza.org\/tr\/para\/\" aria-label=\"More on Para\">Devam\u0131n\u0131 oku<\/a><\/p>\n","protected":false},"author":1,"featured_media":0,"parent":0,"menu_order":0,"comment_status":"closed","ping_status":"closed","template":"","meta":{"footnotes":""},"yoast_head":"<!-- This site is optimized with the Yoast SEO plugin v21.4 - https:\/\/yoast.com\/wordpress\/plugins\/seo\/ -->\n<title>G\u00fcm\u00fc\u015f - Chemuza<\/title>\n<meta name=\"robots\" content=\"index, follow, max-snippet:-1, max-image-preview:large, max-video-preview:-1\" \/>\n<link rel=\"canonical\" href=\"https:\/\/chemuza.org\/tr\/para\/\" \/>\n<meta property=\"og:locale\" content=\"tr_TR\" \/>\n<meta property=\"og:type\" content=\"article\" \/>\n<meta property=\"og:title\" content=\"G\u00fcm\u00fc\u015f - Chemuza\" \/>\n<meta property=\"og:description\" content=\"G\u00fcm\u00fc\u015f, gezegende en \u00e7ok tan\u0131nan yedi metalden biridir. Nadir de olsa do\u011fada serbest element olarak veya di\u011fer metallerle birlikte bulunur. Ancak \u00e7o\u011fu metal bile\u015fikleri i\u00e7eren minerallerde bulunur. Ge\u00e7mi\u015fte sava\u015f silahlar\u0131n\u0131n yap\u0131m\u0131nda, daha sonra ise s\u00fcs e\u015fyas\u0131 ve mutfak e\u015fyalar\u0131 yap\u0131m\u0131nda kullan\u0131lm\u0131\u015ft\u0131r. Bu kimyasal element hakk\u0131nda bilmeniz gereken her \u015feyi \u00f6\u011frenin. Para nedir? Periyodik tablonun bir ... Devam\u0131n\u0131 oku\" \/>\n<meta property=\"og:url\" content=\"https:\/\/chemuza.org\/tr\/para\/\" \/>\n<meta property=\"og:site_name\" content=\"Chemuza\" \/>\n<meta name=\"twitter:card\" content=\"summary_large_image\" \/>\n<meta name=\"twitter:label1\" content=\"Tahmini okuma s\u00fcresi\" \/>\n\t<meta name=\"twitter:data1\" content=\"4 dakika\" \/>\n<script type=\"application\/ld+json\" class=\"yoast-schema-graph\">{\"@context\":\"https:\/\/schema.org\",\"@graph\":[{\"@type\":\"WebPage\",\"@id\":\"https:\/\/chemuza.org\/tr\/para\/\",\"url\":\"https:\/\/chemuza.org\/tr\/para\/\",\"name\":\"G\u00fcm\u00fc\u015f - Chemuza\",\"isPartOf\":{\"@id\":\"https:\/\/chemuza.org\/tr\/#website\"},\"datePublished\":\"2023-07-14T13:08:52+00:00\",\"dateModified\":\"2023-07-14T13:08:52+00:00\",\"breadcrumb\":{\"@id\":\"https:\/\/chemuza.org\/tr\/para\/#breadcrumb\"},\"inLanguage\":\"tr\",\"potentialAction\":[{\"@type\":\"ReadAction\",\"target\":[\"https:\/\/chemuza.org\/tr\/para\/\"]}]},{\"@type\":\"BreadcrumbList\",\"@id\":\"https:\/\/chemuza.org\/tr\/para\/#breadcrumb\",\"itemListElement\":[{\"@type\":\"ListItem\",\"position\":1,\"name\":\"Ev\",\"item\":\"https:\/\/chemuza.org\/tr\/\"},{\"@type\":\"ListItem\",\"position\":2,\"name\":\"Para\"}]},{\"@type\":\"WebSite\",\"@id\":\"https:\/\/chemuza.org\/tr\/#website\",\"url\":\"https:\/\/chemuza.org\/tr\/\",\"name\":\"Chemuza\",\"description\":\"Kimyasal ke\u015fiflere a\u00e7\u0131lan kap\u0131n\u0131z!\",\"publisher\":{\"@id\":\"https:\/\/chemuza.org\/tr\/#organization\"},\"potentialAction\":[{\"@type\":\"SearchAction\",\"target\":{\"@type\":\"EntryPoint\",\"urlTemplate\":\"https:\/\/chemuza.org\/tr\/?s={search_term_string}\"},\"query-input\":\"required name=search_term_string\"}],\"inLanguage\":\"tr\"},{\"@type\":\"Organization\",\"@id\":\"https:\/\/chemuza.org\/tr\/#organization\",\"name\":\"Chemuza\",\"url\":\"https:\/\/chemuza.org\/tr\/\",\"logo\":{\"@type\":\"ImageObject\",\"inLanguage\":\"tr\",\"@id\":\"https:\/\/chemuza.org\/tr\/#\/schema\/logo\/image\/\",\"url\":\"https:\/\/chemuza.org\/tr\/wp-content\/uploads\/2023\/10\/chemuza-logo.png\",\"contentUrl\":\"https:\/\/chemuza.org\/tr\/wp-content\/uploads\/2023\/10\/chemuza-logo.png\",\"width\":387,\"height\":70,\"caption\":\"Chemuza\"},\"image\":{\"@id\":\"https:\/\/chemuza.org\/tr\/#\/schema\/logo\/image\/\"}}]}<\/script>\n<!-- \/ Yoast SEO plugin. -->","yoast_head_json":{"title":"G\u00fcm\u00fc\u015f - Chemuza","robots":{"index":"index","follow":"follow","max-snippet":"max-snippet:-1","max-image-preview":"max-image-preview:large","max-video-preview":"max-video-preview:-1"},"canonical":"https:\/\/chemuza.org\/tr\/para\/","og_locale":"tr_TR","og_type":"article","og_title":"G\u00fcm\u00fc\u015f - Chemuza","og_description":"G\u00fcm\u00fc\u015f, gezegende en \u00e7ok tan\u0131nan yedi metalden biridir. Nadir de olsa do\u011fada serbest element olarak veya di\u011fer metallerle birlikte bulunur. Ancak \u00e7o\u011fu metal bile\u015fikleri i\u00e7eren minerallerde bulunur. Ge\u00e7mi\u015fte sava\u015f silahlar\u0131n\u0131n yap\u0131m\u0131nda, daha sonra ise s\u00fcs e\u015fyas\u0131 ve mutfak e\u015fyalar\u0131 yap\u0131m\u0131nda kullan\u0131lm\u0131\u015ft\u0131r. Bu kimyasal element hakk\u0131nda bilmeniz gereken her \u015feyi \u00f6\u011frenin. Para nedir? Periyodik tablonun bir ... Devam\u0131n\u0131 oku","og_url":"https:\/\/chemuza.org\/tr\/para\/","og_site_name":"Chemuza","twitter_card":"summary_large_image","twitter_misc":{"Tahmini okuma s\u00fcresi":"4 dakika"},"schema":{"@context":"https:\/\/schema.org","@graph":[{"@type":"WebPage","@id":"https:\/\/chemuza.org\/tr\/para\/","url":"https:\/\/chemuza.org\/tr\/para\/","name":"G\u00fcm\u00fc\u015f - Chemuza","isPartOf":{"@id":"https:\/\/chemuza.org\/tr\/#website"},"datePublished":"2023-07-14T13:08:52+00:00","dateModified":"2023-07-14T13:08:52+00:00","breadcrumb":{"@id":"https:\/\/chemuza.org\/tr\/para\/#breadcrumb"},"inLanguage":"tr","potentialAction":[{"@type":"ReadAction","target":["https:\/\/chemuza.org\/tr\/para\/"]}]},{"@type":"BreadcrumbList","@id":"https:\/\/chemuza.org\/tr\/para\/#breadcrumb","itemListElement":[{"@type":"ListItem","position":1,"name":"Ev","item":"https:\/\/chemuza.org\/tr\/"},{"@type":"ListItem","position":2,"name":"Para"}]},{"@type":"WebSite","@id":"https:\/\/chemuza.org\/tr\/#website","url":"https:\/\/chemuza.org\/tr\/","name":"Chemuza","description":"Kimyasal ke\u015fiflere a\u00e7\u0131lan kap\u0131n\u0131z!","publisher":{"@id":"https:\/\/chemuza.org\/tr\/#organization"},"potentialAction":[{"@type":"SearchAction","target":{"@type":"EntryPoint","urlTemplate":"https:\/\/chemuza.org\/tr\/?s={search_term_string}"},"query-input":"required name=search_term_string"}],"inLanguage":"tr"},{"@type":"Organization","@id":"https:\/\/chemuza.org\/tr\/#organization","name":"Chemuza","url":"https:\/\/chemuza.org\/tr\/","logo":{"@type":"ImageObject","inLanguage":"tr","@id":"https:\/\/chemuza.org\/tr\/#\/schema\/logo\/image\/","url":"https:\/\/chemuza.org\/tr\/wp-content\/uploads\/2023\/10\/chemuza-logo.png","contentUrl":"https:\/\/chemuza.org\/tr\/wp-content\/uploads\/2023\/10\/chemuza-logo.png","width":387,"height":70,"caption":"Chemuza"},"image":{"@id":"https:\/\/chemuza.org\/tr\/#\/schema\/logo\/image\/"}}]}},"yoast_meta":{"yoast_wpseo_title":"","yoast_wpseo_metadesc":"","yoast_wpseo_canonical":""},"_links":{"self":[{"href":"https:\/\/chemuza.org\/tr\/wp-json\/wp\/v2\/pages\/1475"}],"collection":[{"href":"https:\/\/chemuza.org\/tr\/wp-json\/wp\/v2\/pages"}],"about":[{"href":"https:\/\/chemuza.org\/tr\/wp-json\/wp\/v2\/types\/page"}],"author":[{"embeddable":true,"href":"https:\/\/chemuza.org\/tr\/wp-json\/wp\/v2\/users\/1"}],"replies":[{"embeddable":true,"href":"https:\/\/chemuza.org\/tr\/wp-json\/wp\/v2\/comments?post=1475"}],"version-history":[{"count":0,"href":"https:\/\/chemuza.org\/tr\/wp-json\/wp\/v2\/pages\/1475\/revisions"}],"wp:attachment":[{"href":"https:\/\/chemuza.org\/tr\/wp-json\/wp\/v2\/media?parent=1475"}],"curies":[{"name":"wp","href":"https:\/\/api.w.org\/{rel}","templated":true}]}}