{"id":1470,"date":"2023-07-14T14:44:08","date_gmt":"2023-07-14T14:44:08","guid":{"rendered":"https:\/\/chemuza.org\/tr\/molibden\/"},"modified":"2023-07-14T14:44:08","modified_gmt":"2023-07-14T14:44:08","slug":"molibden","status":"publish","type":"page","link":"https:\/\/chemuza.org\/tr\/molibden\/","title":{"rendered":"Molibden"},"content":{"rendered":"<p>Bir ge\u00e7i\u015f kimyasal elementi olarak canl\u0131lar i\u00e7in \u00f6nemli rol\u00fcn\u00fcn tan\u0131nmas\u0131 bak\u0131m\u0131ndan benzersizdir. Ayr\u0131ca genellikle otomobil ve havac\u0131l\u0131k end\u00fcstrilerindeki ala\u015f\u0131mlarda, yap\u0131sal i\u015flerde kullan\u0131l\u0131r. Molibdenin ne oldu\u011funu, \u00f6zelliklerinin neler oldu\u011funu ve genel uygulamalar\u0131n\u0131 \u00f6\u011frenin.<\/p>\n<h2> <strong>Molibden nedir?<\/strong><\/h2>\n<p> Ge\u00e7i\u015f metali serisinin bir par\u00e7as\u0131 olan kimyasal bir elementtir. G\u00fcm\u00fc\u015f rengine, kroma benzer kimyasal \u00f6zelliklere, sertli\u011fe ve y\u00fcksek enerji seviyesine sahiptir. Ayr\u0131ca manyetik \u00f6zelliklere, iyi iletkenli\u011fe ve korozyon direncine sahiptir. D\u00fcnya gezegeninde \u00e7ok bol miktarda bulunan bir metaldir ancak hi\u00e7bir zaman saf haliyle bulunmaz.<\/p>\n<h3> <strong>Molibden sembol\u00fc<\/strong><\/h3>\n<p> <span class=\"content-chemical-element\" style=\"float: left;width: 65px;height: 65px;border: 3px solid #666; display:flex;\n    justify-content: center;align-items: center;margin-right: 15px;\"><span style=\"font-size: 38px;\">Mo<\/span><\/span> Latince <em>molibdaena<\/em> kelimesinden gelir, kur\u015fundan olu\u015fan mineraller i\u00e7in kullan\u0131lan terim. Bu ifade ise <em>kur\u015fun gibi<\/em> anlam\u0131na gelen <em>molibdos<\/em> kelimesinden t\u00fcreyen Yunanca <em>molybdaina<\/em> kelimesinden gelmektedir. Bu etimolojiyi almas\u0131n\u0131n nedeni, eski zamanlarda Molibden elementini i\u00e7eren minerallerin erik mineralleriyle kar\u0131\u015ft\u0131r\u0131lmas\u0131d\u0131r.<\/p>\n<h2> <strong>Molibdenin \u00f6zellikleri<\/strong><\/h2>\n<p> \u0130yi dayan\u0131kl\u0131l\u0131k, d\u00f6v\u00fclebilirlik, \u00e7ekme mukavemeti, y\u00fcksek ba\u011f enerjisinin yan\u0131 s\u0131ra m\u00fckemmel termal ve elektrik iletkenli\u011fine sahiptir. Erime noktas\u0131 platinden daha y\u00fcksek oldu\u011fundan refrakter bir metal olarak kabul edilir. \u00d6te yandan 54 n\u00f6tron, 42 proton ve 42 elektron var. \u00d6\u011fenin di\u011fer \u00f6zelliklerine bak\u0131n:<\/p>\n<ul>\n<li> <strong>Kimyasal reaktivite<\/strong> : 20\u00b0C&#8217;de su veya oksijenle reaksiyona girmez ve d\u00f6rtl\u00fc ba\u011f olu\u015fturur.<\/li>\n<li> <strong>Erime<\/strong> : T\u00fcm kimyasal elementler aras\u0131nda alt\u0131nc\u0131 en y\u00fcksek erime noktas\u0131na sahiptir.<\/li>\n<li> <strong>Hal<\/strong> : Do\u011fada kat\u0131 halde bulunur.<\/li>\n<li> <strong>Kristal yap\u0131<\/strong> : Atmosfer bas\u0131nc\u0131nda atomlar\u0131 merkezli bir k\u00fcbik kristal sistemi kazan\u0131r, ancak daha y\u00fcksek bas\u0131n\u00e7larda daha yo\u011fun yap\u0131lar halinde s\u0131k\u0131\u015f\u0131r.<\/li>\n<li> <strong>Organoleptik \u00f6zellikleri<\/strong> : G\u00fcm\u00fc\u015fi-beyaz\u0131ms\u0131 grimsi renkte, p\u00fcr\u00fczs\u00fcz dokulu ve kokusuzdur.<\/li>\n<li> <strong>S\u0131cakl\u0131k<\/strong> : Y\u00fcksek s\u0131cakl\u0131klara dayan\u0131kl\u0131d\u0131r ve d\u00fc\u015f\u00fck buhar bas\u0131nc\u0131na sahiptir.<\/li>\n<li> <strong>Oksidasyon<\/strong> : Oda s\u0131cakl\u0131\u011f\u0131nda oksitlenmez ancak 600\u00b0C&#8217;nin \u00fczerindeki s\u0131cakl\u0131klarda \u00e7ok h\u0131zl\u0131 oksitlenir.<\/li>\n<li> <strong>Suda \u00e7\u00f6z\u00fcn\u00fcrl\u00fck<\/strong> <sup>:<\/sup> MoO <sub>4-2<\/sub> iyonu \u00e7\u00f6z\u00fcn\u00fcr olmas\u0131na ra\u011fmen suda \u00e7\u00f6z\u00fcn\u00fcrl\u00fc\u011f\u00fc d\u00fc\u015f\u00fckt\u00fcr.<\/li>\n<li> <strong>Korozyona dayan\u0131kl\u0131l\u0131k<\/strong> : Oda s\u0131cakl\u0131\u011f\u0131nda ve 400\u00b0 C&#8217;ye kadar stabil bile\u015fimini korumay\u0131 ba\u015far\u0131r ve hidroklorik asite kar\u015f\u0131 dayan\u0131kl\u0131d\u0131r.<\/li>\n<li> <strong>Hacim<\/strong> : Is\u0131l genle\u015fme veya 5,04 x 10-6 (1\/K)&#8217;den k\u00fc\u00e7\u00fck bir katsay\u0131 ile genle\u015fme g\u00f6sterir.<\/li>\n<\/ul>\n<h2> <strong>Molibdenin kimyasal ve fiziksel \u00f6zellikleri<\/strong><\/h2>\n<ol>\n<li> <strong>Atom numaras\u0131<\/strong> : 42<\/li>\n<li> <strong>Yo\u011funluk (g\/ml)<\/strong> : 10280 kg\/m\u00b3<\/li>\n<li> <strong>Kovalent yar\u0131\u00e7ap (\u00c5)<\/strong> : 154 pm<\/li>\n<li> <strong>F\u00fczyon entalpisi<\/strong> : 32 kJ\/mol<\/li>\n<li> <strong>Elektronegatiflik<\/strong> : 2.16<\/li>\n<li> <strong>\u00d6zg\u00fcl \u0131s\u0131<\/strong> : 250 J\/(K-kg)<\/li>\n<li> <strong>Atom k\u00fctlesi (g\/mol)<\/strong> : 95,94<\/li>\n<li> <strong>Sertlik<\/strong> : 5,5 (Mohs \u00f6l\u00e7e\u011fi)<\/li>\n<li> <strong>Kaynama noktas\u0131<\/strong> : 4639\u00b0C (4912K)<\/li>\n<li> <strong>Pas<\/strong> :<strong> <\/strong>kuvvetli asit<\/li>\n<li> <strong>Atom yar\u0131\u00e7ap\u0131 (\u00c5)<\/strong> : 190 pm<\/li>\n<li> <strong>Erime noktas\u0131<\/strong> : 2623\u00b0C (2896K)<\/li>\n<li> <strong>Elektronik konfig\u00fcrasyon<\/strong> : [Kr]4d <sup>5<\/sup> 5s <sup>1<\/sup><\/li>\n<li> <strong>Oksidasyon durumlar\u0131<\/strong> : 2, 3, 4, 5, 6<\/li>\n<li> <strong>Buharla\u015fma entalpisi<\/strong> : 598 kJ\/mol<\/li>\n<li> <strong>Birinci iyonla\u015fma potansiyeli (eV)<\/strong> : 684,3 kJ\/mol<\/li>\n<li> <strong>Seviye ba\u015f\u0131na elektronlar<\/strong> : 2, 8, 18, 13, 1<\/li>\n<\/ol>\n<h2> <strong>Molibdenin k\u00f6keni<\/strong><\/h2>\n<p> Bu, 1778 y\u0131l\u0131nda Molibdenit mineralini nitrik asitle asidik \u00f6zelliklerin bir kar\u0131\u015f\u0131m\u0131n\u0131 elde edene kadar reaksiyona sokan \u0130sve\u00e7li kimyager Carl Wilhelm Scheele&#8217;ye atfedilir. Ortaya \u00e7\u0131kan bile\u015fi\u011fe <em>acidum<\/em> <em>molibdenae<\/em> ad\u0131 verildi \u00e7\u00fcnk\u00fc 18. y\u00fczy\u0131la kadar element yaln\u0131zca k\u00f6m\u00fcr veya kur\u015fun aras\u0131nda bulunuyordu.<\/p>\n<p> Daha sonra, ke\u015ffinden d\u00f6rt y\u0131l sonra, 1782&#8217;de kimyager Peter Jacob Hjelm, \u00f6nceki bile\u015fi\u011fi Karbon ile indirgeyerek kendisini izole etmeye adad\u0131. Bununla birlikte, molibdenin \u00f6zellikleri, 19. y\u00fczy\u0131ldan itibaren, \u00f6rne\u011fin bir yal\u0131t\u0131m maddesi olarak, daha fazla ticari ve end\u00fcstriyel kullan\u0131m g\u00f6rd\u00fc.<\/p>\n<h2> <strong>Molibden ne i\u00e7in kullan\u0131l\u0131r?<\/strong><\/h2>\n<p> Y\u00fcksek mukavemeti, m\u00fckemmel iletkenli\u011fi ve mekanik \u00f6zellikleri sayesinde elektrik kablolar\u0131n\u0131n \u00fcretiminde kullan\u0131m\u0131 yayg\u0131nd\u0131r. Benzer \u015fekilde, petrol end\u00fcstrisi de belirli i\u015flemler i\u00e7in kataliz\u00f6r olarak kullanmak \u00fczere bile\u015fiklerinden yararlan\u0131r. Bu metalin di\u011fer kullan\u0131mlar\u0131n\u0131 ke\u015ffedin:<\/p>\n<ul>\n<li> Molibdenin ana i\u015flevlerinden biri, mekanik par\u00e7alar\u0131n yap\u0131m\u0131nda kullan\u0131lan ve a\u015f\u0131nma faaliyetleri veya a\u015f\u0131nd\u0131r\u0131c\u0131 ortamlarda zaman\u0131n ge\u00e7i\u015fine direnen ala\u015f\u0131mlar\u0131d\u0131r.<\/li>\n<li> Otomobil end\u00fcstrisinde motor par\u00e7alar\u0131 imalat\u0131nda kullan\u0131l\u0131r.<\/li>\n<li> Sivil in\u015faatlarda k\u00fck\u00fcrt\u00fcn etkilerine kar\u015f\u0131 betona katk\u0131 maddesi olarak.<\/li>\n<li> Boyalar\u0131n, boyalar\u0131n, boyalar\u0131n ve kau\u00e7uk bile\u015fiklerinin \u00fcretiminde pigment olu\u015fturmak i\u00e7in kullan\u0131l\u0131r.<\/li>\n<li> Molibden dis\u00fclf\u00fcr motorlarda ya\u011flay\u0131c\u0131 olarak kullan\u0131l\u0131r.<\/li>\n<li> Paslanmaz \u00e7elik yap\u0131m\u0131nda kullan\u0131lan ala\u015f\u0131mlar elementin yakla\u015f\u0131k %6&#8217;s\u0131n\u0131 kullan\u0131r.<\/li>\n<\/ul>\n<h2> <strong>Molibden bile\u015fikleri<\/strong><\/h2>\n<p> Bu kimyasal elementi olu\u015fturan ana bile\u015fikler s\u00fclfitler, oksitler ve komplekslerdir. Bunlar aras\u0131nda en \u00e7ok kullan\u0131lanlar molibden (VI) oksit, molibden dis\u00fclfit ve molibden trioksittir. Benzer \u015fekilde molibden karb\u00fcr ve molibden(II) klor\u00fcr.<\/p>\n<p> Sonu\u00e7 olarak Molibden ge\u00e7i\u015f metalleri aras\u0131nda yer al\u0131r ve g\u00fcm\u00fc\u015fi gri rengi, sertli\u011fi, korozyona kar\u015f\u0131 direnci, termal ve elektriksel iletkenli\u011fi ile karakterize edilir. Ayr\u0131ca iyi i\u015flenebilirli\u011fe, zor oksidasyona ve suda \u00e7\u00f6z\u00fcn\u00fcrl\u00fc\u011fe sahiptir.<\/p>\n","protected":false},"excerpt":{"rendered":"<p>Bir ge\u00e7i\u015f kimyasal elementi olarak canl\u0131lar i\u00e7in \u00f6nemli rol\u00fcn\u00fcn tan\u0131nmas\u0131 bak\u0131m\u0131ndan benzersizdir. Ayr\u0131ca genellikle otomobil ve havac\u0131l\u0131k end\u00fcstrilerindeki ala\u015f\u0131mlarda, yap\u0131sal i\u015flerde kullan\u0131l\u0131r. Molibdenin ne oldu\u011funu, \u00f6zelliklerinin neler oldu\u011funu ve genel uygulamalar\u0131n\u0131 \u00f6\u011frenin. Molibden nedir? Ge\u00e7i\u015f metali serisinin bir par\u00e7as\u0131 olan kimyasal bir elementtir. G\u00fcm\u00fc\u015f rengine, kroma benzer kimyasal \u00f6zelliklere, sertli\u011fe ve y\u00fcksek enerji seviyesine sahiptir. &#8230; <a title=\"Molibden\" class=\"read-more\" href=\"https:\/\/chemuza.org\/tr\/molibden\/\" aria-label=\"More on Molibden\">Devam\u0131n\u0131 oku<\/a><\/p>\n","protected":false},"author":1,"featured_media":0,"parent":0,"menu_order":0,"comment_status":"closed","ping_status":"closed","template":"","meta":{"footnotes":""},"yoast_head":"<!-- This site is optimized with the Yoast SEO plugin v21.4 - https:\/\/yoast.com\/wordpress\/plugins\/seo\/ -->\n<title>Molibden - Chemuza<\/title>\n<meta name=\"robots\" content=\"index, follow, max-snippet:-1, max-image-preview:large, max-video-preview:-1\" \/>\n<link rel=\"canonical\" href=\"https:\/\/chemuza.org\/tr\/molibden\/\" \/>\n<meta property=\"og:locale\" content=\"tr_TR\" \/>\n<meta property=\"og:type\" content=\"article\" \/>\n<meta property=\"og:title\" content=\"Molibden - Chemuza\" \/>\n<meta property=\"og:description\" content=\"Bir ge\u00e7i\u015f kimyasal elementi olarak canl\u0131lar i\u00e7in \u00f6nemli rol\u00fcn\u00fcn tan\u0131nmas\u0131 bak\u0131m\u0131ndan benzersizdir. Ayr\u0131ca genellikle otomobil ve havac\u0131l\u0131k end\u00fcstrilerindeki ala\u015f\u0131mlarda, yap\u0131sal i\u015flerde kullan\u0131l\u0131r. Molibdenin ne oldu\u011funu, \u00f6zelliklerinin neler oldu\u011funu ve genel uygulamalar\u0131n\u0131 \u00f6\u011frenin. Molibden nedir? Ge\u00e7i\u015f metali serisinin bir par\u00e7as\u0131 olan kimyasal bir elementtir. G\u00fcm\u00fc\u015f rengine, kroma benzer kimyasal \u00f6zelliklere, sertli\u011fe ve y\u00fcksek enerji seviyesine sahiptir. ... Devam\u0131n\u0131 oku\" \/>\n<meta property=\"og:url\" content=\"https:\/\/chemuza.org\/tr\/molibden\/\" \/>\n<meta property=\"og:site_name\" content=\"Chemuza\" \/>\n<meta name=\"twitter:card\" content=\"summary_large_image\" \/>\n<meta name=\"twitter:label1\" content=\"Tahmini okuma s\u00fcresi\" \/>\n\t<meta name=\"twitter:data1\" content=\"4 dakika\" \/>\n<script type=\"application\/ld+json\" class=\"yoast-schema-graph\">{\"@context\":\"https:\/\/schema.org\",\"@graph\":[{\"@type\":\"WebPage\",\"@id\":\"https:\/\/chemuza.org\/tr\/molibden\/\",\"url\":\"https:\/\/chemuza.org\/tr\/molibden\/\",\"name\":\"Molibden - Chemuza\",\"isPartOf\":{\"@id\":\"https:\/\/chemuza.org\/tr\/#website\"},\"datePublished\":\"2023-07-14T14:44:08+00:00\",\"dateModified\":\"2023-07-14T14:44:08+00:00\",\"breadcrumb\":{\"@id\":\"https:\/\/chemuza.org\/tr\/molibden\/#breadcrumb\"},\"inLanguage\":\"tr\",\"potentialAction\":[{\"@type\":\"ReadAction\",\"target\":[\"https:\/\/chemuza.org\/tr\/molibden\/\"]}]},{\"@type\":\"BreadcrumbList\",\"@id\":\"https:\/\/chemuza.org\/tr\/molibden\/#breadcrumb\",\"itemListElement\":[{\"@type\":\"ListItem\",\"position\":1,\"name\":\"Ev\",\"item\":\"https:\/\/chemuza.org\/tr\/\"},{\"@type\":\"ListItem\",\"position\":2,\"name\":\"Molibden\"}]},{\"@type\":\"WebSite\",\"@id\":\"https:\/\/chemuza.org\/tr\/#website\",\"url\":\"https:\/\/chemuza.org\/tr\/\",\"name\":\"Chemuza\",\"description\":\"Kimyasal ke\u015fiflere a\u00e7\u0131lan kap\u0131n\u0131z!\",\"publisher\":{\"@id\":\"https:\/\/chemuza.org\/tr\/#organization\"},\"potentialAction\":[{\"@type\":\"SearchAction\",\"target\":{\"@type\":\"EntryPoint\",\"urlTemplate\":\"https:\/\/chemuza.org\/tr\/?s={search_term_string}\"},\"query-input\":\"required name=search_term_string\"}],\"inLanguage\":\"tr\"},{\"@type\":\"Organization\",\"@id\":\"https:\/\/chemuza.org\/tr\/#organization\",\"name\":\"Chemuza\",\"url\":\"https:\/\/chemuza.org\/tr\/\",\"logo\":{\"@type\":\"ImageObject\",\"inLanguage\":\"tr\",\"@id\":\"https:\/\/chemuza.org\/tr\/#\/schema\/logo\/image\/\",\"url\":\"https:\/\/chemuza.org\/tr\/wp-content\/uploads\/2023\/10\/chemuza-logo.png\",\"contentUrl\":\"https:\/\/chemuza.org\/tr\/wp-content\/uploads\/2023\/10\/chemuza-logo.png\",\"width\":387,\"height\":70,\"caption\":\"Chemuza\"},\"image\":{\"@id\":\"https:\/\/chemuza.org\/tr\/#\/schema\/logo\/image\/\"}}]}<\/script>\n<!-- \/ Yoast SEO plugin. -->","yoast_head_json":{"title":"Molibden - Chemuza","robots":{"index":"index","follow":"follow","max-snippet":"max-snippet:-1","max-image-preview":"max-image-preview:large","max-video-preview":"max-video-preview:-1"},"canonical":"https:\/\/chemuza.org\/tr\/molibden\/","og_locale":"tr_TR","og_type":"article","og_title":"Molibden - Chemuza","og_description":"Bir ge\u00e7i\u015f kimyasal elementi olarak canl\u0131lar i\u00e7in \u00f6nemli rol\u00fcn\u00fcn tan\u0131nmas\u0131 bak\u0131m\u0131ndan benzersizdir. Ayr\u0131ca genellikle otomobil ve havac\u0131l\u0131k end\u00fcstrilerindeki ala\u015f\u0131mlarda, yap\u0131sal i\u015flerde kullan\u0131l\u0131r. Molibdenin ne oldu\u011funu, \u00f6zelliklerinin neler oldu\u011funu ve genel uygulamalar\u0131n\u0131 \u00f6\u011frenin. Molibden nedir? Ge\u00e7i\u015f metali serisinin bir par\u00e7as\u0131 olan kimyasal bir elementtir. G\u00fcm\u00fc\u015f rengine, kroma benzer kimyasal \u00f6zelliklere, sertli\u011fe ve y\u00fcksek enerji seviyesine sahiptir. ... Devam\u0131n\u0131 oku","og_url":"https:\/\/chemuza.org\/tr\/molibden\/","og_site_name":"Chemuza","twitter_card":"summary_large_image","twitter_misc":{"Tahmini okuma s\u00fcresi":"4 dakika"},"schema":{"@context":"https:\/\/schema.org","@graph":[{"@type":"WebPage","@id":"https:\/\/chemuza.org\/tr\/molibden\/","url":"https:\/\/chemuza.org\/tr\/molibden\/","name":"Molibden - Chemuza","isPartOf":{"@id":"https:\/\/chemuza.org\/tr\/#website"},"datePublished":"2023-07-14T14:44:08+00:00","dateModified":"2023-07-14T14:44:08+00:00","breadcrumb":{"@id":"https:\/\/chemuza.org\/tr\/molibden\/#breadcrumb"},"inLanguage":"tr","potentialAction":[{"@type":"ReadAction","target":["https:\/\/chemuza.org\/tr\/molibden\/"]}]},{"@type":"BreadcrumbList","@id":"https:\/\/chemuza.org\/tr\/molibden\/#breadcrumb","itemListElement":[{"@type":"ListItem","position":1,"name":"Ev","item":"https:\/\/chemuza.org\/tr\/"},{"@type":"ListItem","position":2,"name":"Molibden"}]},{"@type":"WebSite","@id":"https:\/\/chemuza.org\/tr\/#website","url":"https:\/\/chemuza.org\/tr\/","name":"Chemuza","description":"Kimyasal ke\u015fiflere a\u00e7\u0131lan kap\u0131n\u0131z!","publisher":{"@id":"https:\/\/chemuza.org\/tr\/#organization"},"potentialAction":[{"@type":"SearchAction","target":{"@type":"EntryPoint","urlTemplate":"https:\/\/chemuza.org\/tr\/?s={search_term_string}"},"query-input":"required name=search_term_string"}],"inLanguage":"tr"},{"@type":"Organization","@id":"https:\/\/chemuza.org\/tr\/#organization","name":"Chemuza","url":"https:\/\/chemuza.org\/tr\/","logo":{"@type":"ImageObject","inLanguage":"tr","@id":"https:\/\/chemuza.org\/tr\/#\/schema\/logo\/image\/","url":"https:\/\/chemuza.org\/tr\/wp-content\/uploads\/2023\/10\/chemuza-logo.png","contentUrl":"https:\/\/chemuza.org\/tr\/wp-content\/uploads\/2023\/10\/chemuza-logo.png","width":387,"height":70,"caption":"Chemuza"},"image":{"@id":"https:\/\/chemuza.org\/tr\/#\/schema\/logo\/image\/"}}]}},"yoast_meta":{"yoast_wpseo_title":"","yoast_wpseo_metadesc":"","yoast_wpseo_canonical":""},"_links":{"self":[{"href":"https:\/\/chemuza.org\/tr\/wp-json\/wp\/v2\/pages\/1470"}],"collection":[{"href":"https:\/\/chemuza.org\/tr\/wp-json\/wp\/v2\/pages"}],"about":[{"href":"https:\/\/chemuza.org\/tr\/wp-json\/wp\/v2\/types\/page"}],"author":[{"embeddable":true,"href":"https:\/\/chemuza.org\/tr\/wp-json\/wp\/v2\/users\/1"}],"replies":[{"embeddable":true,"href":"https:\/\/chemuza.org\/tr\/wp-json\/wp\/v2\/comments?post=1470"}],"version-history":[{"count":0,"href":"https:\/\/chemuza.org\/tr\/wp-json\/wp\/v2\/pages\/1470\/revisions"}],"wp:attachment":[{"href":"https:\/\/chemuza.org\/tr\/wp-json\/wp\/v2\/media?parent=1470"}],"curies":[{"name":"wp","href":"https:\/\/api.w.org\/{rel}","templated":true}]}}