{"id":1466,"date":"2023-07-14T16:13:18","date_gmt":"2023-07-14T16:13:18","guid":{"rendered":"https:\/\/chemuza.org\/tr\/selenyum\/"},"modified":"2023-07-14T16:13:18","modified_gmt":"2023-07-14T16:13:18","slug":"selenyum","status":"publish","type":"page","link":"https:\/\/chemuza.org\/tr\/selenyum\/","title":{"rendered":"Selenyum"},"content":{"rendered":"<p>Selenyum yerkabu\u011funda, \u00f6zellikle toprakta ve kayalarda bulunur. Genellikle a\u011f\u0131r elementlerde selenit olarak bulunur ve daha k\u00fc\u00e7\u00fck miktarlarda serbest element ve elementel k\u00fck\u00fcrt ile birlikte bulunur. Ayr\u0131ca baz\u0131 sebze, tah\u0131l ve meyvelerde de organik olarak elde edilebilmektedir. K\u00f6keni, \u00f6zellikleri ve geni\u015f kullan\u0131m alanlar\u0131n\u0131 bilir.<\/p>\n<h2> <strong>Selenyum nedir?<\/strong><\/h2>\n<p> Periyodik tablodaki kimyasal bir elementtir ve nitrojen, hidrojen ve fosforla birlikte metal olmayanlar grubunun bir par\u00e7as\u0131d\u0131r. Selenyumun rengi metalik gridir, saf haliyle alt\u0131gen kristaller halinde elde edilir, ancak do\u011fada K\u00fck\u00fcrt veya Kur\u015fun, Bak\u0131r, Nikel veya G\u00fcm\u00fc\u015f gibi baz\u0131 minerallerle birle\u015ftirilir.<\/p>\n<h3> <strong>Selenyum sembol\u00fc<\/strong><\/h3>\n<p> Atom a\u011f\u0131rl\u0131\u011f\u0131 78,96 olan grup 34&#8217;te yer <span class=\"content-chemical-element\" style=\"float: left;width: 65px;height: 65px;border: 3px solid #666; display:flex;\n    justify-content: center;align-items: center;margin-right: 15px;\"><span style=\"font-size: 38px;\">al\u0131r<\/span><\/span> . Bile\u015fiklerinden baz\u0131lar\u0131 selenyum heksaflor\u00fcr ve selenyum izotoplar\u0131d\u0131r; bunlardan be\u015fi stabil olmak \u00fczere alt\u0131 tane vard\u0131r.<\/p>\n<h2> <strong>Selenyumun \u00f6zellikleri<\/strong><\/h2>\n<p> Bu ametal, cams\u0131 siyah, koloidal k\u0131rm\u0131z\u0131 ve kristal gri gibi farkl\u0131 allotropik formlara sahiptir. Ayr\u0131ca elektri\u011fi ve \u0131s\u0131y\u0131 iyi iletmez. Bu metal olmayan maddenin fotoelektrik etkisi sayesinde \u0131\u015f\u0131\u011f\u0131 elektri\u011fe d\u00f6n\u00fc\u015ft\u00fcrebilen bir elektrik iletkeni olarak kullan\u0131yorlar. Selenyumun di\u011fer \u00f6zellikleri \u015funlard\u0131r:<\/p>\n<ul>\n<li> <strong>\u00c7\u00f6z\u00fcn\u00fcrl\u00fck:<\/strong> Alkolde ve suda \u00e7\u00f6z\u00fcnmez, eterde \u00e7\u00f6z\u00fcn\u00fcr ve karbon dis\u00fclf\u00fcr az \u00e7\u00f6z\u00fcn\u00fcr.<\/li>\n<li> <strong>Durum:<\/strong> Sa\u011flam.<\/li>\n<li> <strong>Erime noktas\u0131:<\/strong> Bu noktan\u0131n alt\u0131nda p tipi bir yar\u0131 iletkendir.<\/li>\n<li> <strong>D\u00f6v\u00fclebilirlik<\/strong> : S\u00fcnek ve d\u00f6v\u00fclebilir olmama durumu.<\/li>\n<\/ul>\n<h2> <strong>Selenyumun kimyasal ve fiziksel \u00f6zellikleri<\/strong><\/h2>\n<ol>\n<li> <strong>Atom numaras\u0131<\/strong> : 34<\/li>\n<li> <strong>Atom yar\u0131\u00e7ap\u0131:<\/strong> 22:30<\/li>\n<li> <strong>Kovalent yar\u0131\u00e7ap (\u00c5):<\/strong> 116 pm<\/li>\n<li> <strong>Yo\u011funluk:<\/strong> 4790 kg\/m\u00b3<\/li>\n<li> <strong>Elektronegatiflik:<\/strong> 2,48<\/li>\n<li> <strong>Atom k\u00fctlesi (g\/mol):<\/strong> 78,96<\/li>\n<li> <strong>Erime noktas\u0131:<\/strong> 494K<\/li>\n<li> <strong>Kaynama noktas\u0131:<\/strong> 957.8K<\/li>\n<li> <strong>Buharla\u015fma entalpisi:<\/strong> 26,3 kJ\/mol<\/li>\n<li> <strong>F\u00fczyon entalpisi:<\/strong> 6,694 Kj\/mol<\/li>\n<li> <strong>Ses h\u0131z\u0131:<\/strong> 293,15 K&#8217;de 3350 m\/s<\/li>\n<li> <strong>Buhar bas\u0131nc\u0131:<\/strong> 494 K&#8217;de 0,695 Pa<\/li>\n<li> <strong>\u00d6zg\u00fcl \u0131s\u0131:<\/strong> 320 J<\/li>\n<li> <strong>Elektronik konfig\u00fcrasyon:<\/strong> [Ar] 3d <sup>10<\/sup> 4s <sup>2<\/sup> 4p <sup>4<\/sup><\/li>\n<\/ol>\n<h2> <strong>Selenyumun k\u00f6keni<\/strong><\/h2>\n<p> Ad\u0131, ay\u0131n parlakl\u0131\u011f\u0131n\u0131n yan\u0131 s\u0131ra, ay ve hayvanlar\u0131n Yunan tanr\u0131\u00e7as\u0131 onuruna Yunanca Selenion kelimesinden gelmektedir. 1817&#8217;de \u0130sve\u00e7li kimyager Jons Jacob Berzelius taraf\u0131ndan ke\u015ffedildi. Bir s\u00fclf\u00fcrik asit fabrikas\u0131n\u0131 ziyareti s\u0131ras\u0131nda, kaynak makinesiyle \u0131s\u0131t\u0131ld\u0131\u011f\u0131nda tell\u00fcre benzer k\u00f6t\u00fc bir koku yayan k\u0131rm\u0131z\u0131ms\u0131 kahverengi bir s\u0131v\u0131 fark etti.<\/p>\n<h2> <strong>Selenyum ne i\u00e7in kullan\u0131l\u0131r?<\/strong><\/h2>\n<p> Selenyum S\u00fclf\u00fcr ka\u015f\u0131nt\u0131ya kar\u015f\u0131 kullan\u0131l\u0131r ve sa\u00e7 derisinde bulunan ve kepek dedi\u011fimiz kuru par\u00e7ac\u0131klar\u0131n tamam\u0131n\u0131 yok eder. Ayr\u0131ca a\u015fa\u011f\u0131daki gibi farkl\u0131 alanlarda da kullan\u0131l\u0131r:<\/p>\n<h3> <strong>End\u00fcstri<\/strong><\/h3>\n<p> Selenyum oksit olarak da bilinen selenyum dioksit, camda boya olarak kullan\u0131l\u0131r. \u00d6rne\u011fin kobalt camdayken mavi renktedir, ancak i\u00e7ine biraz dioksit eklendi\u011finde renksiz hale gelir. \u00d6te yandan daha fazla dioksit eklenirse kristal yakut k\u0131rm\u0131z\u0131s\u0131na d\u00f6ner. Bu dioksit ayn\u0131 zamanda trafik \u0131\u015f\u0131\u011f\u0131 cam\u0131nda ve sanat cam\u0131nda da kullan\u0131l\u0131r. Selenyum dis\u00fclf\u00fcr, veteriner ila\u00e7lar\u0131n\u0131n \u00fcretiminde ana maddedir.<\/p>\n<h3> <strong>\u0130la\u00e7<\/strong><\/h3>\n<p> V\u00fccuttaki metal eksikliklerinin \u00f6nlenmesine veya tedavi edilmesine yard\u0131mc\u0131 olur ve tiroid bezinin d\u00fczg\u00fcn \u00e7al\u0131\u015fmas\u0131 ve kolesterol seviyelerinin d\u00fc\u015f\u00fcr\u00fclmesi i\u00e7in hayati \u00f6neme sahiptir. V\u00fccudu enfeksiyonlara kar\u015f\u0131 korur ve deoksiribon\u00fckleik asit \u00fcretimine yard\u0131mc\u0131 olur.<\/p>\n<p> Ayr\u0131ca a\u015f\u0131r\u0131 serbest radikalleri n\u00f6tralize eder ve h\u00fccreleri oksidatif stres nedeniyle olu\u015fan hasarlardan korur. Ayn\u0131 \u015fekilde kalp hastal\u0131\u011f\u0131n\u0131 azaltabilir ve arterlerdeki iltihaplanmay\u0131 ve plak olu\u015fumunu azaltabilir.<\/p>\n<h3> <strong>pigmentler<\/strong><\/h3>\n<p> Pigmentler selenyum temelinde yap\u0131l\u0131r, neme dayan\u0131kl\u0131d\u0131r ve kimyasal maddelerden kaynaklanan korozyona kar\u015f\u0131 dayan\u0131kl\u0131d\u0131r. \u00d6rne\u011fin plastik kaplara plastik kaplar, emayeler, boyalar, kau\u00e7uklar, m\u00fcrekkepler, seramikler ve cilalar eklenir.<\/p>\n<h3> <strong>elektronik<\/strong><\/h3>\n<p> Fotoelektrik ve fotoiletken \u00f6zellikleri sayesinde kadmiyum selenit, elektrik halkalar\u0131n\u0131n, fotokopi makineleri i\u00e7in foto do\u011frultucular\u0131n ve do\u011frultucu \u00f6l\u00e7\u00fcm cihazlar\u0131n\u0131n imalat\u0131na olanak sa\u011flar. Ayr\u0131ca fotografik g\u00f6r\u00fcnt\u00fclerin \u00fcretiminde kullan\u0131lan metal silindirlerin kserografi i\u015fleminde kaplanmas\u0131nda da kullan\u0131l\u0131r.<\/p>\n<h3> <strong>Tar\u0131m<\/strong><\/h3>\n<p> Bitkilerin fizyolojik s\u00fcre\u00e7lerinde \u00f6nemli bir rol oynar ve onlar\u0131n iyi b\u00fcy\u00fcmelerine katk\u0131da bulunur. Ayr\u0131ca onlar\u0131 patojenlere, su stresine ve y\u0131rt\u0131c\u0131 hayvanlara kar\u015f\u0131 korur. K\u0131saca Selenyum<strong> <\/strong>Periyodik tabloda metal olmayan bir elementtir ve do\u011fada bulunur. Do\u011fal s\u00fcre\u00e7lerin yan\u0131 s\u0131ra insan faaliyetleriyle de sal\u0131n\u0131r. Ayr\u0131ca farkl\u0131 ala\u015f\u0131mlar\u0131 sayesinde \u00f6zellikleri pigment \u00fcretiminde, veteriner hekimlikte ve v\u00fccuda faydal\u0131 bir element olarak kullan\u0131lmaktad\u0131r.<\/p>\n","protected":false},"excerpt":{"rendered":"<p>Selenyum yerkabu\u011funda, \u00f6zellikle toprakta ve kayalarda bulunur. Genellikle a\u011f\u0131r elementlerde selenit olarak bulunur ve daha k\u00fc\u00e7\u00fck miktarlarda serbest element ve elementel k\u00fck\u00fcrt ile birlikte bulunur. Ayr\u0131ca baz\u0131 sebze, tah\u0131l ve meyvelerde de organik olarak elde edilebilmektedir. K\u00f6keni, \u00f6zellikleri ve geni\u015f kullan\u0131m alanlar\u0131n\u0131 bilir. Selenyum nedir? Periyodik tablodaki kimyasal bir elementtir ve nitrojen, hidrojen ve fosforla &#8230; <a title=\"Selenyum\" class=\"read-more\" href=\"https:\/\/chemuza.org\/tr\/selenyum\/\" aria-label=\"More on Selenyum\">Devam\u0131n\u0131 oku<\/a><\/p>\n","protected":false},"author":1,"featured_media":0,"parent":0,"menu_order":0,"comment_status":"closed","ping_status":"closed","template":"","meta":{"footnotes":""},"yoast_head":"<!-- This site is optimized with the Yoast SEO plugin v21.4 - https:\/\/yoast.com\/wordpress\/plugins\/seo\/ -->\n<title>Selenyum - Chemuza<\/title>\n<meta name=\"robots\" content=\"index, follow, max-snippet:-1, max-image-preview:large, max-video-preview:-1\" \/>\n<link rel=\"canonical\" href=\"https:\/\/chemuza.org\/tr\/selenyum\/\" \/>\n<meta property=\"og:locale\" content=\"tr_TR\" \/>\n<meta property=\"og:type\" content=\"article\" \/>\n<meta property=\"og:title\" content=\"Selenyum - Chemuza\" \/>\n<meta property=\"og:description\" content=\"Selenyum yerkabu\u011funda, \u00f6zellikle toprakta ve kayalarda bulunur. Genellikle a\u011f\u0131r elementlerde selenit olarak bulunur ve daha k\u00fc\u00e7\u00fck miktarlarda serbest element ve elementel k\u00fck\u00fcrt ile birlikte bulunur. Ayr\u0131ca baz\u0131 sebze, tah\u0131l ve meyvelerde de organik olarak elde edilebilmektedir. K\u00f6keni, \u00f6zellikleri ve geni\u015f kullan\u0131m alanlar\u0131n\u0131 bilir. Selenyum nedir? Periyodik tablodaki kimyasal bir elementtir ve nitrojen, hidrojen ve fosforla ... Devam\u0131n\u0131 oku\" \/>\n<meta property=\"og:url\" content=\"https:\/\/chemuza.org\/tr\/selenyum\/\" \/>\n<meta property=\"og:site_name\" content=\"Chemuza\" \/>\n<meta name=\"twitter:card\" content=\"summary_large_image\" \/>\n<meta name=\"twitter:label1\" content=\"Tahmini okuma s\u00fcresi\" \/>\n\t<meta name=\"twitter:data1\" content=\"4 dakika\" \/>\n<script type=\"application\/ld+json\" class=\"yoast-schema-graph\">{\"@context\":\"https:\/\/schema.org\",\"@graph\":[{\"@type\":\"WebPage\",\"@id\":\"https:\/\/chemuza.org\/tr\/selenyum\/\",\"url\":\"https:\/\/chemuza.org\/tr\/selenyum\/\",\"name\":\"Selenyum - Chemuza\",\"isPartOf\":{\"@id\":\"https:\/\/chemuza.org\/tr\/#website\"},\"datePublished\":\"2023-07-14T16:13:18+00:00\",\"dateModified\":\"2023-07-14T16:13:18+00:00\",\"breadcrumb\":{\"@id\":\"https:\/\/chemuza.org\/tr\/selenyum\/#breadcrumb\"},\"inLanguage\":\"tr\",\"potentialAction\":[{\"@type\":\"ReadAction\",\"target\":[\"https:\/\/chemuza.org\/tr\/selenyum\/\"]}]},{\"@type\":\"BreadcrumbList\",\"@id\":\"https:\/\/chemuza.org\/tr\/selenyum\/#breadcrumb\",\"itemListElement\":[{\"@type\":\"ListItem\",\"position\":1,\"name\":\"Ev\",\"item\":\"https:\/\/chemuza.org\/tr\/\"},{\"@type\":\"ListItem\",\"position\":2,\"name\":\"Selenyum\"}]},{\"@type\":\"WebSite\",\"@id\":\"https:\/\/chemuza.org\/tr\/#website\",\"url\":\"https:\/\/chemuza.org\/tr\/\",\"name\":\"Chemuza\",\"description\":\"Kimyasal ke\u015fiflere a\u00e7\u0131lan kap\u0131n\u0131z!\",\"publisher\":{\"@id\":\"https:\/\/chemuza.org\/tr\/#organization\"},\"potentialAction\":[{\"@type\":\"SearchAction\",\"target\":{\"@type\":\"EntryPoint\",\"urlTemplate\":\"https:\/\/chemuza.org\/tr\/?s={search_term_string}\"},\"query-input\":\"required name=search_term_string\"}],\"inLanguage\":\"tr\"},{\"@type\":\"Organization\",\"@id\":\"https:\/\/chemuza.org\/tr\/#organization\",\"name\":\"Chemuza\",\"url\":\"https:\/\/chemuza.org\/tr\/\",\"logo\":{\"@type\":\"ImageObject\",\"inLanguage\":\"tr\",\"@id\":\"https:\/\/chemuza.org\/tr\/#\/schema\/logo\/image\/\",\"url\":\"https:\/\/chemuza.org\/tr\/wp-content\/uploads\/2023\/10\/chemuza-logo.png\",\"contentUrl\":\"https:\/\/chemuza.org\/tr\/wp-content\/uploads\/2023\/10\/chemuza-logo.png\",\"width\":387,\"height\":70,\"caption\":\"Chemuza\"},\"image\":{\"@id\":\"https:\/\/chemuza.org\/tr\/#\/schema\/logo\/image\/\"}}]}<\/script>\n<!-- \/ Yoast SEO plugin. -->","yoast_head_json":{"title":"Selenyum - Chemuza","robots":{"index":"index","follow":"follow","max-snippet":"max-snippet:-1","max-image-preview":"max-image-preview:large","max-video-preview":"max-video-preview:-1"},"canonical":"https:\/\/chemuza.org\/tr\/selenyum\/","og_locale":"tr_TR","og_type":"article","og_title":"Selenyum - Chemuza","og_description":"Selenyum yerkabu\u011funda, \u00f6zellikle toprakta ve kayalarda bulunur. Genellikle a\u011f\u0131r elementlerde selenit olarak bulunur ve daha k\u00fc\u00e7\u00fck miktarlarda serbest element ve elementel k\u00fck\u00fcrt ile birlikte bulunur. Ayr\u0131ca baz\u0131 sebze, tah\u0131l ve meyvelerde de organik olarak elde edilebilmektedir. K\u00f6keni, \u00f6zellikleri ve geni\u015f kullan\u0131m alanlar\u0131n\u0131 bilir. Selenyum nedir? Periyodik tablodaki kimyasal bir elementtir ve nitrojen, hidrojen ve fosforla ... Devam\u0131n\u0131 oku","og_url":"https:\/\/chemuza.org\/tr\/selenyum\/","og_site_name":"Chemuza","twitter_card":"summary_large_image","twitter_misc":{"Tahmini okuma s\u00fcresi":"4 dakika"},"schema":{"@context":"https:\/\/schema.org","@graph":[{"@type":"WebPage","@id":"https:\/\/chemuza.org\/tr\/selenyum\/","url":"https:\/\/chemuza.org\/tr\/selenyum\/","name":"Selenyum - Chemuza","isPartOf":{"@id":"https:\/\/chemuza.org\/tr\/#website"},"datePublished":"2023-07-14T16:13:18+00:00","dateModified":"2023-07-14T16:13:18+00:00","breadcrumb":{"@id":"https:\/\/chemuza.org\/tr\/selenyum\/#breadcrumb"},"inLanguage":"tr","potentialAction":[{"@type":"ReadAction","target":["https:\/\/chemuza.org\/tr\/selenyum\/"]}]},{"@type":"BreadcrumbList","@id":"https:\/\/chemuza.org\/tr\/selenyum\/#breadcrumb","itemListElement":[{"@type":"ListItem","position":1,"name":"Ev","item":"https:\/\/chemuza.org\/tr\/"},{"@type":"ListItem","position":2,"name":"Selenyum"}]},{"@type":"WebSite","@id":"https:\/\/chemuza.org\/tr\/#website","url":"https:\/\/chemuza.org\/tr\/","name":"Chemuza","description":"Kimyasal ke\u015fiflere a\u00e7\u0131lan kap\u0131n\u0131z!","publisher":{"@id":"https:\/\/chemuza.org\/tr\/#organization"},"potentialAction":[{"@type":"SearchAction","target":{"@type":"EntryPoint","urlTemplate":"https:\/\/chemuza.org\/tr\/?s={search_term_string}"},"query-input":"required name=search_term_string"}],"inLanguage":"tr"},{"@type":"Organization","@id":"https:\/\/chemuza.org\/tr\/#organization","name":"Chemuza","url":"https:\/\/chemuza.org\/tr\/","logo":{"@type":"ImageObject","inLanguage":"tr","@id":"https:\/\/chemuza.org\/tr\/#\/schema\/logo\/image\/","url":"https:\/\/chemuza.org\/tr\/wp-content\/uploads\/2023\/10\/chemuza-logo.png","contentUrl":"https:\/\/chemuza.org\/tr\/wp-content\/uploads\/2023\/10\/chemuza-logo.png","width":387,"height":70,"caption":"Chemuza"},"image":{"@id":"https:\/\/chemuza.org\/tr\/#\/schema\/logo\/image\/"}}]}},"yoast_meta":{"yoast_wpseo_title":"","yoast_wpseo_metadesc":"","yoast_wpseo_canonical":""},"_links":{"self":[{"href":"https:\/\/chemuza.org\/tr\/wp-json\/wp\/v2\/pages\/1466"}],"collection":[{"href":"https:\/\/chemuza.org\/tr\/wp-json\/wp\/v2\/pages"}],"about":[{"href":"https:\/\/chemuza.org\/tr\/wp-json\/wp\/v2\/types\/page"}],"author":[{"embeddable":true,"href":"https:\/\/chemuza.org\/tr\/wp-json\/wp\/v2\/users\/1"}],"replies":[{"embeddable":true,"href":"https:\/\/chemuza.org\/tr\/wp-json\/wp\/v2\/comments?post=1466"}],"version-history":[{"count":0,"href":"https:\/\/chemuza.org\/tr\/wp-json\/wp\/v2\/pages\/1466\/revisions"}],"wp:attachment":[{"href":"https:\/\/chemuza.org\/tr\/wp-json\/wp\/v2\/media?parent=1466"}],"curies":[{"name":"wp","href":"https:\/\/api.w.org\/{rel}","templated":true}]}}