{"id":1462,"date":"2023-07-14T17:14:44","date_gmt":"2023-07-14T17:14:44","guid":{"rendered":"https:\/\/chemuza.org\/tr\/kripton\/"},"modified":"2023-07-14T17:14:44","modified_gmt":"2023-07-14T17:14:44","slug":"kripton","status":"publish","type":"page","link":"https:\/\/chemuza.org\/tr\/kripton\/","title":{"rendered":"Kripton"},"content":{"rendered":"<p>Yakla\u015f\u0131k 1 ppm havan\u0131n, yani D\u00fcnya atmosferinin %0,0001&#8217;inin Kripton elementini i\u00e7erdi\u011fini biliyor muydunuz? Ancak bu genellikle \u00e7ok kolay elde edilememektedir. Ayr\u0131ca sahip oldu\u011fu \u00f6zellikler sayesinde n\u00fckleer f\u00fczyon konusundaki \u00e7al\u0131\u015fmalar\u0131n geli\u015fmesine katk\u0131 sa\u011flam\u0131\u015ft\u0131r. A\u015fa\u011f\u0131da ne oldu\u011funu, \u00f6zelliklerini ve kullan\u0131mlar\u0131n\u0131 \u00f6\u011frenin.<\/p>\n<h2> <strong>Kripton veya Kripton nedir?<\/strong><\/h2>\n<p> Kripton, di\u011fer Grup 18 elementlerinin aksine, bir elektrik alan\u0131nda uyar\u0131ld\u0131\u011f\u0131nda akkor beyaz bir \u0131\u015f\u0131k yayan soylu bir gazd\u0131r. Asl\u0131nda kendi sar\u0131ms\u0131-ye\u015fil ve k\u0131rm\u0131z\u0131-turuncu \u0131\u015f\u0131\u011f\u0131n\u0131 veya spektrumunu yayar. Kat\u0131 yap\u0131s\u0131 beyaz renkte olmakla birlikte, gaz halindeyken genellikle renksiz, tats\u0131z ve kokusuzdur. Ayr\u0131ca tek atomludur, \u00e7ok d\u00fc\u015f\u00fck reaktiviteye sahiptir ve havadan \u00fc\u00e7 kat daha yo\u011fundur.<\/p>\n<h3> <strong>Kripton sembol\u00fc<\/strong><\/h3>\n<p> <span class=\"content-chemical-element\" style=\"float: left;width: 65px;height: 65px;border: 3px solid #666; display:flex;\n    justify-content: center;align-items: center;margin-right: 15px;\"><span style=\"font-size: 38px;\">Kr<\/span><\/span> Kripton&#8217;un sembol\u00fc Yunanca &#8220;gizli&#8221; anlam\u0131na gelen <em>kryptos<\/em> kelimesinden gelir <em>.<\/em> Gaz, \u00e7ok k\u00fc\u00e7\u00fck varl\u0131\u011f\u0131ndan dolay\u0131 bu ismi alm\u0131\u015ft\u0131r; o kadar ki, gizli, gizlenmi\u015f veya gizlenmi\u015f olarak kabul edilmi\u015ftir. Ayn\u0131 zamanda onu izole etmenin zor olmas\u0131ndan da kaynaklan\u0131yor.<\/p>\n<h2> <strong>Kriptonun \u00d6zellikleri<\/strong><\/h2>\n<p> Kripton&#8217;un \u00f6zellikleri aras\u0131nda sudaki \u00e7\u00f6z\u00fcn\u00fcrl\u00fc\u011f\u00fcn\u00fcn d\u00fc\u015f\u00fck olmas\u0131, kaynama noktas\u0131ndaki yo\u011funlu\u011funun 2.413 g\/cm\u00b3 olmas\u0131 ve atomlar\u0131n\u0131 polarize etmedeki zorlu\u011fu \u00f6ne \u00e7\u0131k\u0131yor. Di\u011fer soy gazlar gibi y\u00fcz merkezli k\u00fcbik kristal yap\u0131ya sahiptir. Di\u011fer verileri kontrol edin:<\/p>\n<ul>\n<li> <strong>Kimyasal Reaktivite<\/strong> : Bile\u015fikler olu\u015fturmak i\u00e7in gereklidir, 6 kararl\u0131 izotop ve 17 radyoizotop.<\/li>\n<li> <strong>Renk<\/strong> : Gaz halinde renksiz, kat\u0131 halde ise beyazd\u0131r.<\/li>\n<li> <strong>Erime ve Kaynama<\/strong> : -157\u00b0C&#8217;de kristalle\u015febilir, ancak s\u0131v\u0131 hale gelmesi i\u00e7in -273,15\u00b0C&#8217;ye yak\u0131n bir s\u0131cakl\u0131k gerekir.<\/li>\n<li> <strong>Durumu<\/strong> : Genel olarak ola\u011fan faz\u0131 gaz halindedir.<\/li>\n<li> <strong>De\u011fi\u015fiklikler<\/strong> : S\u0131cakl\u0131k d\u00fc\u015ferse atomlar\u0131 yava\u015f yava\u015f bir araya gelerek beyaz bir kristal olu\u015fturur. Hatta su molek\u00fcllerinden olu\u015fan klatrat a\u011flar\u0131nda bile tutulabilirler.<\/li>\n<li> <strong>S\u0131cakl\u0131k<\/strong> : -189,15\u00b0C s\u0131cakl\u0131kta 1 kPa bas\u0131n\u00e7 g\u00f6sterir.<\/li>\n<li> <strong>Elektronegatiflik<\/strong> : Pauling \u00f6l\u00e7e\u011finde elektronegatiflik de\u011feri alan ilk nadir gazd\u0131r.<\/li>\n<li> <strong>Manyetik d\u00fczen<\/strong> : Diyamanyetiktir.<\/li>\n<li> <strong>Kritik nokta<\/strong> : 209,48 K<\/li>\n<li> <strong>Oksidasyon indeksi<\/strong> : Atomlar\u0131 n\u00f6tr olmas\u0131na ra\u011fmen en elektronegatif element olan Flor ile ba\u011f olu\u015fturarak elektron kaybedebilir.<\/li>\n<\/ul>\n<h2> <strong>Kriptonun kimyasal ve fiziksel \u00f6zellikleri<\/strong><\/h2>\n<ol>\n<li> <strong>Atom numaras\u0131<\/strong> : 36<\/li>\n<li> <strong>Kovalent yar\u0131\u00e7ap (\u00c5)<\/strong> : 230 pm<\/li>\n<li> <strong>\u00d6zg\u00fcl \u0131s\u0131<\/strong> : 248 J\/(K-kg)<\/li>\n<li> <strong>Atom k\u00fctlesi (g\/mol)<\/strong> : 83.80<\/li>\n<li> <strong>Buharla\u015fma entalpisi<\/strong> : 9,029 kJ\/mol<\/li>\n<li> <strong>Oksidasyon durumlar\u0131<\/strong> : Yok<\/li>\n<li> <strong>Erime noktas\u0131<\/strong> : \u2212157\u00b0C (115.79K)<\/li>\n<li> <strong>F\u00fczyon entalpisi<\/strong> : 1,638 kJ\/mol<\/li>\n<li> <strong>Pas<\/strong> : De\u011fil<\/li>\n<li> <strong>Seviye ba\u015f\u0131na elektronlar<\/strong> : 2, 8, 18, 8<\/li>\n<li> <strong>Atom yar\u0131\u00e7ap\u0131 (\u00c5)<\/strong> : 88 pm<\/li>\n<li> <strong>Elektronegatiflik<\/strong> : 3.00<\/li>\n<li> <strong>Yo\u011funluk (g\/ml)<\/strong> : (273 K) 3.708 kg\/ <sup>m3<\/sup><\/li>\n<li> <strong>Kaynama noktas\u0131<\/strong> : \u2212153\u00b0C (119.93K)<\/li>\n<li> <strong>Birinci iyonla\u015fma potansiyeli (eV)<\/strong> : 1350,8 kJ\/mol<\/li>\n<li> <strong>Elektronik konfig\u00fcrasyon<\/strong> : [Ar]3d <sup>10<\/sup> 4s <sup>2<\/sup> 4p <sup>6<\/sup><\/li>\n<li> <strong>Ses h\u0131z\u0131<\/strong> : 293,15 K&#8217;da 1120 m\/s<\/li>\n<\/ol>\n<h2> <strong>Kriptonun K\u00f6keni<\/strong><\/h2>\n<p> 30 May\u0131s 1898&#8217;de kimyager Sir William Ramsay ve asistan\u0131 Morris W. Travers taraf\u0131ndan ke\u015ffedildi. Bu iki \u0130ngiliz, havay\u0131 s\u0131v\u0131la\u015ft\u0131r\u0131p ard\u0131ndan fraksiyonel dam\u0131tma i\u015flemi ger\u00e7ekle\u015ftirdi. Bu sayede s\u0131v\u0131 havay\u0131 a\u015f\u0131r\u0131 \u0131s\u0131t\u0131p numunenin b\u00fcy\u00fck bir k\u0131sm\u0131n\u0131 buharla\u015ft\u0131rarak s\u00f6z konusu gaz\u0131n \u00f6zelliklerini elde ettiler.<\/p>\n<h2> <strong>Kripton ne i\u00e7in kullan\u0131l\u0131r?<\/strong><\/h2>\n<p> Bir\u00e7ok uygulama alan\u0131 vard\u0131r, \u00f6rne\u011fin cihazlarda veya y\u00fcksek h\u0131zl\u0131 fla\u015f lambalar\u0131 gibi ayd\u0131nlatma i\u00e7in \u00fcretilen cihazlarda kullan\u0131l\u0131r. Ayn\u0131 \u015fekilde gaz t\u00fcplerinin i\u00e7inde de beyaz \u0131\u015f\u0131k kullan\u0131larak Neon etkisi yarat\u0131l\u0131yor. Bu gaz\u0131n di\u011fer kullan\u0131mlar\u0131n\u0131 g\u00f6zlemleyin:<\/p>\n<ul>\n<li> Kripton kimyasal elementinden gelen beyaz \u0131\u015f\u0131k, havalimanlar\u0131nda pistler i\u00e7in anl\u0131k fla\u015f olarak kullan\u0131l\u0131yor.<\/li>\n<li> Argon floresan lambalar\u0131n \u00f6mr\u00fcn\u00fc uzatmak, parlakl\u0131klar\u0131n\u0131 ve maliyetlerini artt\u0131rmak i\u00e7in eklenir.<\/li>\n<li> I\u015f\u0131k g\u00f6sterileri veya lazerler i\u00e7in y\u00fcksek \u00e7\u00f6z\u00fcn\u00fcrl\u00fckl\u00fc projekt\u00f6rlerde.<\/li>\n<li> T\u0131bbi cerrahi, fotolitografi, n\u00fckleer f\u00fczyon ara\u015ft\u0131rmalar\u0131, kat\u0131 bile\u015fik modifikasyonu ve malzemelerin mikro i\u015flenmesi i\u00e7in ultraviyole radyasyon lazerlerinin \u00fcretiminde kullan\u0131l\u0131r.<\/li>\n<li> T\u0131pta anestezi, kalp anomalisi dedekt\u00f6r\u00fc, manyetik rezonans g\u00f6r\u00fcnt\u00fcleme ve r\u00f6ntgen emici olarak kullan\u0131l\u0131r.<\/li>\n<\/ul>\n<h2> <strong>Kripton nereden geliyor?<\/strong><\/h2>\n<p> D\u00fcnya atmosferinde bulunan ve yer\u00e7ekimi alan\u0131 nedeniyle ka\u00e7amad\u0131\u011f\u0131 bir gazd\u0131r. Ayr\u0131ca volkanik gazlar, gayzerler, kapl\u0131calar, do\u011fal gaz yataklar\u0131 ve baz\u0131 mineraller aras\u0131nda az miktarda da olsa bulunur. S\u0131v\u0131la\u015ft\u0131rma ve ayr\u0131msal dam\u0131tma yoluyla havadan \u00e7\u0131kar\u0131l\u0131r. Ba\u015fka bir y\u00f6ntem, uranyum ve pl\u00fctonyumun n\u00fckleer f\u00fczyonunu i\u00e7erir.<\/p>\n<p> Sonu\u00e7 olarak Kripton, gaz halindeki bir kimyasal element olmas\u0131na ra\u011fmen ilgin\u00e7 ye\u015fil renk spektrumuyla tan\u0131n\u0131r, yani renksiz, kokusuz ve tats\u0131zd\u0131r. Ayr\u0131ca \u00e7ok az reaktiviteye sahiptir, yo\u011funlu\u011fu havan\u0131n \u00fc\u00e7 kat\u0131d\u0131r ve kat\u0131 halde beyaz bir g\u00f6r\u00fcn\u00fcme sahiptir.<\/p>\n","protected":false},"excerpt":{"rendered":"<p>Yakla\u015f\u0131k 1 ppm havan\u0131n, yani D\u00fcnya atmosferinin %0,0001&#8217;inin Kripton elementini i\u00e7erdi\u011fini biliyor muydunuz? Ancak bu genellikle \u00e7ok kolay elde edilememektedir. Ayr\u0131ca sahip oldu\u011fu \u00f6zellikler sayesinde n\u00fckleer f\u00fczyon konusundaki \u00e7al\u0131\u015fmalar\u0131n geli\u015fmesine katk\u0131 sa\u011flam\u0131\u015ft\u0131r. A\u015fa\u011f\u0131da ne oldu\u011funu, \u00f6zelliklerini ve kullan\u0131mlar\u0131n\u0131 \u00f6\u011frenin. Kripton veya Kripton nedir? Kripton, di\u011fer Grup 18 elementlerinin aksine, bir elektrik alan\u0131nda uyar\u0131ld\u0131\u011f\u0131nda akkor beyaz &#8230; <a title=\"Kripton\" class=\"read-more\" href=\"https:\/\/chemuza.org\/tr\/kripton\/\" aria-label=\"More on Kripton\">Devam\u0131n\u0131 oku<\/a><\/p>\n","protected":false},"author":1,"featured_media":0,"parent":0,"menu_order":0,"comment_status":"closed","ping_status":"closed","template":"","meta":{"footnotes":""},"yoast_head":"<!-- This site is optimized with the Yoast SEO plugin v21.4 - https:\/\/yoast.com\/wordpress\/plugins\/seo\/ -->\n<title>Kripton - Chemuza<\/title>\n<meta name=\"robots\" content=\"index, follow, max-snippet:-1, max-image-preview:large, max-video-preview:-1\" \/>\n<link rel=\"canonical\" href=\"https:\/\/chemuza.org\/tr\/kripton\/\" \/>\n<meta property=\"og:locale\" content=\"tr_TR\" \/>\n<meta property=\"og:type\" content=\"article\" \/>\n<meta property=\"og:title\" content=\"Kripton - Chemuza\" \/>\n<meta property=\"og:description\" content=\"Yakla\u015f\u0131k 1 ppm havan\u0131n, yani D\u00fcnya atmosferinin %0,0001&#8217;inin Kripton elementini i\u00e7erdi\u011fini biliyor muydunuz? Ancak bu genellikle \u00e7ok kolay elde edilememektedir. Ayr\u0131ca sahip oldu\u011fu \u00f6zellikler sayesinde n\u00fckleer f\u00fczyon konusundaki \u00e7al\u0131\u015fmalar\u0131n geli\u015fmesine katk\u0131 sa\u011flam\u0131\u015ft\u0131r. A\u015fa\u011f\u0131da ne oldu\u011funu, \u00f6zelliklerini ve kullan\u0131mlar\u0131n\u0131 \u00f6\u011frenin. Kripton veya Kripton nedir? Kripton, di\u011fer Grup 18 elementlerinin aksine, bir elektrik alan\u0131nda uyar\u0131ld\u0131\u011f\u0131nda akkor beyaz ... Devam\u0131n\u0131 oku\" \/>\n<meta property=\"og:url\" content=\"https:\/\/chemuza.org\/tr\/kripton\/\" \/>\n<meta property=\"og:site_name\" content=\"Chemuza\" \/>\n<meta name=\"twitter:card\" content=\"summary_large_image\" \/>\n<meta name=\"twitter:label1\" content=\"Tahmini okuma s\u00fcresi\" \/>\n\t<meta name=\"twitter:data1\" content=\"4 dakika\" \/>\n<script type=\"application\/ld+json\" class=\"yoast-schema-graph\">{\"@context\":\"https:\/\/schema.org\",\"@graph\":[{\"@type\":\"WebPage\",\"@id\":\"https:\/\/chemuza.org\/tr\/kripton\/\",\"url\":\"https:\/\/chemuza.org\/tr\/kripton\/\",\"name\":\"Kripton - Chemuza\",\"isPartOf\":{\"@id\":\"https:\/\/chemuza.org\/tr\/#website\"},\"datePublished\":\"2023-07-14T17:14:44+00:00\",\"dateModified\":\"2023-07-14T17:14:44+00:00\",\"breadcrumb\":{\"@id\":\"https:\/\/chemuza.org\/tr\/kripton\/#breadcrumb\"},\"inLanguage\":\"tr\",\"potentialAction\":[{\"@type\":\"ReadAction\",\"target\":[\"https:\/\/chemuza.org\/tr\/kripton\/\"]}]},{\"@type\":\"BreadcrumbList\",\"@id\":\"https:\/\/chemuza.org\/tr\/kripton\/#breadcrumb\",\"itemListElement\":[{\"@type\":\"ListItem\",\"position\":1,\"name\":\"Ev\",\"item\":\"https:\/\/chemuza.org\/tr\/\"},{\"@type\":\"ListItem\",\"position\":2,\"name\":\"Kripton\"}]},{\"@type\":\"WebSite\",\"@id\":\"https:\/\/chemuza.org\/tr\/#website\",\"url\":\"https:\/\/chemuza.org\/tr\/\",\"name\":\"Chemuza\",\"description\":\"Kimyasal ke\u015fiflere a\u00e7\u0131lan kap\u0131n\u0131z!\",\"publisher\":{\"@id\":\"https:\/\/chemuza.org\/tr\/#organization\"},\"potentialAction\":[{\"@type\":\"SearchAction\",\"target\":{\"@type\":\"EntryPoint\",\"urlTemplate\":\"https:\/\/chemuza.org\/tr\/?s={search_term_string}\"},\"query-input\":\"required name=search_term_string\"}],\"inLanguage\":\"tr\"},{\"@type\":\"Organization\",\"@id\":\"https:\/\/chemuza.org\/tr\/#organization\",\"name\":\"Chemuza\",\"url\":\"https:\/\/chemuza.org\/tr\/\",\"logo\":{\"@type\":\"ImageObject\",\"inLanguage\":\"tr\",\"@id\":\"https:\/\/chemuza.org\/tr\/#\/schema\/logo\/image\/\",\"url\":\"https:\/\/chemuza.org\/tr\/wp-content\/uploads\/2023\/10\/chemuza-logo.png\",\"contentUrl\":\"https:\/\/chemuza.org\/tr\/wp-content\/uploads\/2023\/10\/chemuza-logo.png\",\"width\":387,\"height\":70,\"caption\":\"Chemuza\"},\"image\":{\"@id\":\"https:\/\/chemuza.org\/tr\/#\/schema\/logo\/image\/\"}}]}<\/script>\n<!-- \/ Yoast SEO plugin. -->","yoast_head_json":{"title":"Kripton - Chemuza","robots":{"index":"index","follow":"follow","max-snippet":"max-snippet:-1","max-image-preview":"max-image-preview:large","max-video-preview":"max-video-preview:-1"},"canonical":"https:\/\/chemuza.org\/tr\/kripton\/","og_locale":"tr_TR","og_type":"article","og_title":"Kripton - Chemuza","og_description":"Yakla\u015f\u0131k 1 ppm havan\u0131n, yani D\u00fcnya atmosferinin %0,0001&#8217;inin Kripton elementini i\u00e7erdi\u011fini biliyor muydunuz? Ancak bu genellikle \u00e7ok kolay elde edilememektedir. Ayr\u0131ca sahip oldu\u011fu \u00f6zellikler sayesinde n\u00fckleer f\u00fczyon konusundaki \u00e7al\u0131\u015fmalar\u0131n geli\u015fmesine katk\u0131 sa\u011flam\u0131\u015ft\u0131r. A\u015fa\u011f\u0131da ne oldu\u011funu, \u00f6zelliklerini ve kullan\u0131mlar\u0131n\u0131 \u00f6\u011frenin. Kripton veya Kripton nedir? Kripton, di\u011fer Grup 18 elementlerinin aksine, bir elektrik alan\u0131nda uyar\u0131ld\u0131\u011f\u0131nda akkor beyaz ... Devam\u0131n\u0131 oku","og_url":"https:\/\/chemuza.org\/tr\/kripton\/","og_site_name":"Chemuza","twitter_card":"summary_large_image","twitter_misc":{"Tahmini okuma s\u00fcresi":"4 dakika"},"schema":{"@context":"https:\/\/schema.org","@graph":[{"@type":"WebPage","@id":"https:\/\/chemuza.org\/tr\/kripton\/","url":"https:\/\/chemuza.org\/tr\/kripton\/","name":"Kripton - Chemuza","isPartOf":{"@id":"https:\/\/chemuza.org\/tr\/#website"},"datePublished":"2023-07-14T17:14:44+00:00","dateModified":"2023-07-14T17:14:44+00:00","breadcrumb":{"@id":"https:\/\/chemuza.org\/tr\/kripton\/#breadcrumb"},"inLanguage":"tr","potentialAction":[{"@type":"ReadAction","target":["https:\/\/chemuza.org\/tr\/kripton\/"]}]},{"@type":"BreadcrumbList","@id":"https:\/\/chemuza.org\/tr\/kripton\/#breadcrumb","itemListElement":[{"@type":"ListItem","position":1,"name":"Ev","item":"https:\/\/chemuza.org\/tr\/"},{"@type":"ListItem","position":2,"name":"Kripton"}]},{"@type":"WebSite","@id":"https:\/\/chemuza.org\/tr\/#website","url":"https:\/\/chemuza.org\/tr\/","name":"Chemuza","description":"Kimyasal ke\u015fiflere a\u00e7\u0131lan kap\u0131n\u0131z!","publisher":{"@id":"https:\/\/chemuza.org\/tr\/#organization"},"potentialAction":[{"@type":"SearchAction","target":{"@type":"EntryPoint","urlTemplate":"https:\/\/chemuza.org\/tr\/?s={search_term_string}"},"query-input":"required name=search_term_string"}],"inLanguage":"tr"},{"@type":"Organization","@id":"https:\/\/chemuza.org\/tr\/#organization","name":"Chemuza","url":"https:\/\/chemuza.org\/tr\/","logo":{"@type":"ImageObject","inLanguage":"tr","@id":"https:\/\/chemuza.org\/tr\/#\/schema\/logo\/image\/","url":"https:\/\/chemuza.org\/tr\/wp-content\/uploads\/2023\/10\/chemuza-logo.png","contentUrl":"https:\/\/chemuza.org\/tr\/wp-content\/uploads\/2023\/10\/chemuza-logo.png","width":387,"height":70,"caption":"Chemuza"},"image":{"@id":"https:\/\/chemuza.org\/tr\/#\/schema\/logo\/image\/"}}]}},"yoast_meta":{"yoast_wpseo_title":"","yoast_wpseo_metadesc":"","yoast_wpseo_canonical":""},"_links":{"self":[{"href":"https:\/\/chemuza.org\/tr\/wp-json\/wp\/v2\/pages\/1462"}],"collection":[{"href":"https:\/\/chemuza.org\/tr\/wp-json\/wp\/v2\/pages"}],"about":[{"href":"https:\/\/chemuza.org\/tr\/wp-json\/wp\/v2\/types\/page"}],"author":[{"embeddable":true,"href":"https:\/\/chemuza.org\/tr\/wp-json\/wp\/v2\/users\/1"}],"replies":[{"embeddable":true,"href":"https:\/\/chemuza.org\/tr\/wp-json\/wp\/v2\/comments?post=1462"}],"version-history":[{"count":0,"href":"https:\/\/chemuza.org\/tr\/wp-json\/wp\/v2\/pages\/1462\/revisions"}],"wp:attachment":[{"href":"https:\/\/chemuza.org\/tr\/wp-json\/wp\/v2\/media?parent=1462"}],"curies":[{"name":"wp","href":"https:\/\/api.w.org\/{rel}","templated":true}]}}