{"id":1460,"date":"2023-07-14T18:16:44","date_gmt":"2023-07-14T18:16:44","guid":{"rendered":"https:\/\/chemuza.org\/tr\/arsenik\/"},"modified":"2023-07-14T18:16:44","modified_gmt":"2023-07-14T18:16:44","slug":"arsenik","status":"publish","type":"page","link":"https:\/\/chemuza.org\/tr\/arsenik\/","title":{"rendered":"Arsenik"},"content":{"rendered":"<p>Arsenik do\u011fada yayg\u0131n olarak bulunan bir element ve mineraldir. Ana kaynaklar\u0131 su, toprak, yiyecek ve havad\u0131r. Bozulmadan g\u00fc\u00e7l\u00fcd\u00fcr ve do\u011fal haliyle di\u011fer minerallerle birle\u015ferek end\u00fcstride yayg\u0131n olarak kullan\u0131lan bile\u015fikleri olu\u015fturur. A\u015fa\u011f\u0131da \u00f6zellikleri, kullan\u0131mlar\u0131 ve daha fazlas\u0131 bulunmaktad\u0131r.<\/p>\n<h2> <strong>Arsenik nedir?<\/strong><\/h2>\n<p> Periyodik tablonun metaloidler veya yar\u0131 metaller ailesine ait kimyasal bir elementtir. Atom numaras\u0131 33 olan, parlak gri renkli olup, y\u00fcksek toksisitesi nedeniyle toksik bile\u015fikler olu\u015fturabilme \u00f6zelli\u011fine sahiptir. Ek olarak, safs\u0131zl\u0131klar\u0131n temizleyicisi olarak kristallerin \u00fcretiminde ve zehirli gazlar\u0131n \u00fcretiminde kullan\u0131lan s\u00fclf\u00fcr formunda kat\u0131 bir hal sunar.<\/p>\n<h3> <strong>Arsenik sembol\u00fc<\/strong><\/h3>\n<p> <span class=\"content-chemical-element\" style=\"float: left;width: 65px;height: 65px;border: 3px solid #666; display:flex;\n    justify-content: center;align-items: center;margin-right: 15px;\"><span style=\"font-size: 38px;\">\u00c7\u00fcnk\u00fc<\/span><\/span> ismi Fars\u00e7a zarnikh, sar\u0131 orpiment ve Yunanca erkeksi anlam\u0131na gelen arsenikon kelimesinden gelmektedir. Antik \u00e7a\u011fda Yunanl\u0131lar\u0131n erkek cinsiyetiyle ili\u015fkilendirdi\u011fi sar\u0131 bir pigment olarak kullan\u0131lm\u0131\u015f, dolay\u0131s\u0131yla ad\u0131 da buradan gelmektedir. Ayr\u0131ca yo\u011fun sar\u0131 renginden dolay\u0131 Romal\u0131lar ona orpimente unvan\u0131n\u0131 vermi\u015flerdir.<\/p>\n<h2> <strong>Arseni\u011fin \u00f6zellikleri<\/strong><\/h2>\n<p> Bir metaloiddir \u00e7\u00fcnk\u00fc ge\u00e7i\u015f metalleri ve metal olmayanlar aras\u0131nda ortalama \u00f6zelliklere sahiptir. Periyodik tablonun 4. periyodu ve 15. grubunda As sembol\u00fc alt\u0131nda yer al\u0131r.Arsenik&#8217;in di\u011fer \u00f6zellikleri \u015funlard\u0131r:<\/p>\n<ul>\n<li> <strong>Durum<\/strong> : S\u0131radan kat\u0131.<\/li>\n<li> <strong>Renk<\/strong> : Metalik gri.<\/li>\n<li> <strong>Tat ve koku<\/strong> : Kendine \u00f6zg\u00fc bir tad\u0131 yoktur ancak kokusu sar\u0131msa\u011fa benzer.<\/li>\n<li> <strong>Allotropi:<\/strong> Gri, sar\u0131 ve siyah olmak \u00fczere \u00fc\u00e7 allotropik durumu sunar. Bu \u00fc\u00e7 y\u00f6n\u00fcyle elektri\u011fi, \u0131s\u0131y\u0131 iletir ve buharla\u015fma s\u0131ras\u0131nda gaz olu\u015fturur.<\/li>\n<li> <strong>Toksisite<\/strong> : Olu\u015fturdu\u011fu bile\u015fiklere g\u00f6re organik, en toksik, inorganik ve arsin olmas\u0131na g\u00f6re de\u011fi\u015fir.<\/li>\n<li> <strong>Reaktivite<\/strong> : \u00d6zellikle halojenler ve g\u00fc\u00e7l\u00fc oksitleyicilerle yang\u0131na neden olacak derecede \u015fiddetlidir.<\/li>\n<li> <strong>Yap\u0131s\u0131<\/strong> : Allotropik formuna g\u00f6re de\u011fi\u015fiklik g\u00f6sterir. Gri ve sar\u0131 e\u015fkenar d\u00f6rtgen, siyah ise alt\u0131gendir.<\/li>\n<li> <strong>\u00c7\u00f6z\u00fcn\u00fcrl\u00fck<\/strong> : Arsenik suda \u00e7\u00f6z\u00fcnmez ancak g\u00fc\u00e7l\u00fc asitlerde kolayl\u0131kla \u00e7\u00f6z\u00fcn\u00fcr.<\/li>\n<\/ul>\n<h2> <strong>Arseni\u011fin kimyasal ve fiziksel \u00f6zellikleri<\/strong><\/h2>\n<ol>\n<li> <strong>Atom numaras\u0131<\/strong> : 33<\/li>\n<li> <strong>D\u00f6nem<\/strong> : 4<\/li>\n<li> <strong>Engelle<\/strong> \ud83d\ude1b<\/li>\n<li> <strong>Grup<\/strong> : 15<\/li>\n<li> <strong>Oksidasyon durumu<\/strong> : +3, -3, 5<\/li>\n<li> <strong>Kovalent yar\u0131\u00e7ap (\u00c5):<\/strong> 13:19<\/li>\n<li> <strong>\u0130yonik yar\u0131\u00e7ap:<\/strong> 0,47<\/li>\n<li> <strong>Ortalama yar\u0131\u00e7ap:<\/strong> 13:15<\/li>\n<li> <strong>Yo\u011funluk:<\/strong> 5,72 Kg\/m3<\/li>\n<li> <strong>\u0130lk iyonla\u015fma potansiyeli<\/strong> (eV): 10,08 <strong>&nbsp;<\/strong><\/li>\n<li> <strong>Kaynama noktas\u0131:<\/strong> 613\u00b0C<\/li>\n<li> <strong>Erime noktas\u0131:<\/strong> 817\u00b0C<\/li>\n<li> <strong>Atom yar\u0131\u00e7ap\u0131:<\/strong> 13:39<\/li>\n<li> <strong>Kabuk ba\u015f\u0131na elektron say\u0131s\u0131:<\/strong> 2, 8, 18 <strong>,<\/strong> 5<\/li>\n<li> <strong>Elektronegatiflik:<\/strong> 2.1<\/li>\n<li> <strong>\u00d6zg\u00fcl \u0131s\u0131:<\/strong> 330 J \/ (K kg)<\/li>\n<li> <strong>Elektronik konfig\u00fcrasyon:<\/strong> [Ar] 3d104s24p3<\/li>\n<li> <strong>Atom k\u00fctlesi (g\/mol):<\/strong> 74.922u<\/li>\n<li> <strong>Is\u0131 iletkenli\u011fi:<\/strong> 50 W \/ (Km)<\/li>\n<\/ol>\n<h2> <strong>Arseni\u011fin k\u00f6keni<\/strong><\/h2>\n<p> Bu elementin tarihi M\u0131s\u0131r k\u00fclt\u00fcr\u00fcnde bilindi\u011fi ve metalik boya olarak kullan\u0131ld\u0131\u011f\u0131 M.\u00d6. Ayr\u0131ca 4. y\u00fczy\u0131lda alt\u0131na benzer sar\u0131 renginden dolay\u0131 Arsenik ad\u0131n\u0131 alm\u0131\u015ft\u0131r. Daha sonra 1250 y\u0131l\u0131nda onu element ve mineral olarak s\u0131n\u0131fland\u0131ran Alman kimyager Alberto Magno sayesinde ke\u015ffedildi. Ancak 1633 y\u0131l\u0131nda onu derinlemesine inceleyen ve onu bile\u015fikler olu\u015fturacak \u015fekilde izole etmeyi ba\u015faran Brandt oldu.<\/p>\n<h2> <strong>Arsenik ne i\u00e7in kullan\u0131l\u0131r?<\/strong><\/h2>\n<p> Arsenik uygulamalar\u0131 bak\u0131r ve kur\u015fun ala\u015f\u0131mlar\u0131n\u0131n, pigmentlerin, tekstil \u00fcr\u00fcnlerinin, metal yap\u0131\u015ft\u0131r\u0131c\u0131lar\u0131n \u00fcretiminin yan\u0131 s\u0131ra ka\u011f\u0131t ve cam i\u015flemeyi de kapsamaktad\u0131r. Ayr\u0131ca deri tabaklamada, katmanl\u0131 imalatta, ila\u00e7 ve pestisitlerde de kullan\u0131lmaktad\u0131r. Di\u011fer yayg\u0131n kullan\u0131mlar \u015funlard\u0131r:<\/p>\n<ul>\n<li> Ah\u015fab\u0131 korumak i\u00e7in kur\u015fun ve krom arsenat bile\u015fikleri kullan\u0131l\u0131r.<\/li>\n<li> Galyum arsenit elektrik devrelerinde yar\u0131 iletken olarak kullan\u0131l\u0131r.<\/li>\n<li> Arsenik LED&#8217;lerin ve lazer diyotlar\u0131n yap\u0131m\u0131nda kullan\u0131l\u0131r.<\/li>\n<li> G\u00fc\u00e7l\u00fc zehirlerin ve herbisitlerin \u00fcretiminde kullan\u0131l\u0131r.<\/li>\n<li> Cam ve kristalleri s\u00fcslemek i\u00e7in kullan\u0131l\u0131r.<\/li>\n<li> Hastal\u0131klar\u0131n \u00f6nlenmesinde hayvansal kaynakl\u0131 g\u0131dalar\u0131n etken maddesidir.<\/li>\n<li> L\u00f6semi tipi kanserlere kar\u015f\u0131 tedavilerde az miktarda kullan\u0131lmaktad\u0131r.<\/li>\n<li> Sedef hastal\u0131\u011f\u0131na kar\u015f\u0131 t\u0131bbi \u00e7\u00f6z\u00fcmlerin \u00fcretiminde kullan\u0131l\u0131r.<\/li>\n<\/ul>\n<h2> <strong>Arsenik insan v\u00fccudunda ne yapar?<\/strong><\/h2>\n<p> Bu kimyasal elementin baz\u0131 g\u0131dalarda ve suda d\u00fc\u015f\u00fck konsantrasyonlarda mevcut oldu\u011fu iyi bilinmektedir. Ancak y\u00fcksek ve uzun s\u00fcreli maruz kalma sa\u011fl\u0131\u011fa zararl\u0131 olabilir. Ciddi cilt lezyonlar\u0131na, kanserlere, diyabete, n\u00f6rotoksisiteye ve kalp-damar hastal\u0131klar\u0131na neden oldu\u011funu s\u00f6ylemek abart\u0131 olmaz. Arsenik zehirlenmesinin di\u011fer etkileri \u015funlard\u0131r:<\/p>\n<ul>\n<li> Mide ve ba\u011f\u0131rsaklar\u0131n tahri\u015fi.<\/li>\n<li> K\u0131rm\u0131z\u0131 ve beyaz kan h\u00fccrelerinin olu\u015fumunda azalma.<\/li>\n<li> Bu cildi etkileyerek d\u00f6k\u00fcnt\u00fclere neden olur.<\/li>\n<li> Bu k\u0131s\u0131rl\u0131\u011fa ve d\u00fc\u015f\u00fcklere neden olur.<\/li>\n<li> Kad\u0131nlarda ve erkeklerde beyin hasar\u0131na neden olur.<\/li>\n<li> \u0130norganik haliyle insan DNA&#8217;s\u0131na zarar verir.<\/li>\n<li> Enfeksiyonlara kar\u015f\u0131 ba\u011f\u0131\u015f\u0131kl\u0131k sistemini zay\u0131flat\u0131r.<\/li>\n<li> Bu sinir sistemini \u00f6nemli \u00f6l\u00e7\u00fcde etkiler.<\/li>\n<\/ul>\n<p> Sonu\u00e7 olarak bu element, bile\u015fik olu\u015fumunda \u00fc\u00e7 allotropik form sergileyen g\u00fc\u00e7l\u00fc bir metaloiddir. Zehir ve pestisit \u00fcretiminde kullan\u0131lan y\u00fcksek d\u00fczeyde toksisite i\u00e7erir. Ancak insanlar i\u00e7in tehlikeli oldu\u011fundan dikkatli kullan\u0131lmal\u0131d\u0131r.<\/p>\n","protected":false},"excerpt":{"rendered":"<p>Arsenik do\u011fada yayg\u0131n olarak bulunan bir element ve mineraldir. Ana kaynaklar\u0131 su, toprak, yiyecek ve havad\u0131r. Bozulmadan g\u00fc\u00e7l\u00fcd\u00fcr ve do\u011fal haliyle di\u011fer minerallerle birle\u015ferek end\u00fcstride yayg\u0131n olarak kullan\u0131lan bile\u015fikleri olu\u015fturur. A\u015fa\u011f\u0131da \u00f6zellikleri, kullan\u0131mlar\u0131 ve daha fazlas\u0131 bulunmaktad\u0131r. Arsenik nedir? Periyodik tablonun metaloidler veya yar\u0131 metaller ailesine ait kimyasal bir elementtir. Atom numaras\u0131 33 olan, parlak &#8230; <a title=\"Arsenik\" class=\"read-more\" href=\"https:\/\/chemuza.org\/tr\/arsenik\/\" aria-label=\"More on Arsenik\">Devam\u0131n\u0131 oku<\/a><\/p>\n","protected":false},"author":1,"featured_media":0,"parent":0,"menu_order":0,"comment_status":"closed","ping_status":"closed","template":"","meta":{"footnotes":""},"yoast_head":"<!-- This site is optimized with the Yoast SEO plugin v21.4 - https:\/\/yoast.com\/wordpress\/plugins\/seo\/ -->\n<title>Arsenik - Chemuza<\/title>\n<meta name=\"robots\" content=\"index, follow, max-snippet:-1, max-image-preview:large, max-video-preview:-1\" \/>\n<link rel=\"canonical\" href=\"https:\/\/chemuza.org\/tr\/arsenik\/\" \/>\n<meta property=\"og:locale\" content=\"tr_TR\" \/>\n<meta property=\"og:type\" content=\"article\" \/>\n<meta property=\"og:title\" content=\"Arsenik - Chemuza\" \/>\n<meta property=\"og:description\" content=\"Arsenik do\u011fada yayg\u0131n olarak bulunan bir element ve mineraldir. Ana kaynaklar\u0131 su, toprak, yiyecek ve havad\u0131r. Bozulmadan g\u00fc\u00e7l\u00fcd\u00fcr ve do\u011fal haliyle di\u011fer minerallerle birle\u015ferek end\u00fcstride yayg\u0131n olarak kullan\u0131lan bile\u015fikleri olu\u015fturur. A\u015fa\u011f\u0131da \u00f6zellikleri, kullan\u0131mlar\u0131 ve daha fazlas\u0131 bulunmaktad\u0131r. Arsenik nedir? Periyodik tablonun metaloidler veya yar\u0131 metaller ailesine ait kimyasal bir elementtir. Atom numaras\u0131 33 olan, parlak ... Devam\u0131n\u0131 oku\" \/>\n<meta property=\"og:url\" content=\"https:\/\/chemuza.org\/tr\/arsenik\/\" \/>\n<meta property=\"og:site_name\" content=\"Chemuza\" \/>\n<meta name=\"twitter:card\" content=\"summary_large_image\" \/>\n<meta name=\"twitter:label1\" content=\"Tahmini okuma s\u00fcresi\" \/>\n\t<meta name=\"twitter:data1\" content=\"4 dakika\" \/>\n<script type=\"application\/ld+json\" class=\"yoast-schema-graph\">{\"@context\":\"https:\/\/schema.org\",\"@graph\":[{\"@type\":\"WebPage\",\"@id\":\"https:\/\/chemuza.org\/tr\/arsenik\/\",\"url\":\"https:\/\/chemuza.org\/tr\/arsenik\/\",\"name\":\"Arsenik - Chemuza\",\"isPartOf\":{\"@id\":\"https:\/\/chemuza.org\/tr\/#website\"},\"datePublished\":\"2023-07-14T18:16:44+00:00\",\"dateModified\":\"2023-07-14T18:16:44+00:00\",\"breadcrumb\":{\"@id\":\"https:\/\/chemuza.org\/tr\/arsenik\/#breadcrumb\"},\"inLanguage\":\"tr\",\"potentialAction\":[{\"@type\":\"ReadAction\",\"target\":[\"https:\/\/chemuza.org\/tr\/arsenik\/\"]}]},{\"@type\":\"BreadcrumbList\",\"@id\":\"https:\/\/chemuza.org\/tr\/arsenik\/#breadcrumb\",\"itemListElement\":[{\"@type\":\"ListItem\",\"position\":1,\"name\":\"Ev\",\"item\":\"https:\/\/chemuza.org\/tr\/\"},{\"@type\":\"ListItem\",\"position\":2,\"name\":\"Arsenik\"}]},{\"@type\":\"WebSite\",\"@id\":\"https:\/\/chemuza.org\/tr\/#website\",\"url\":\"https:\/\/chemuza.org\/tr\/\",\"name\":\"Chemuza\",\"description\":\"Kimyasal ke\u015fiflere a\u00e7\u0131lan kap\u0131n\u0131z!\",\"publisher\":{\"@id\":\"https:\/\/chemuza.org\/tr\/#organization\"},\"potentialAction\":[{\"@type\":\"SearchAction\",\"target\":{\"@type\":\"EntryPoint\",\"urlTemplate\":\"https:\/\/chemuza.org\/tr\/?s={search_term_string}\"},\"query-input\":\"required name=search_term_string\"}],\"inLanguage\":\"tr\"},{\"@type\":\"Organization\",\"@id\":\"https:\/\/chemuza.org\/tr\/#organization\",\"name\":\"Chemuza\",\"url\":\"https:\/\/chemuza.org\/tr\/\",\"logo\":{\"@type\":\"ImageObject\",\"inLanguage\":\"tr\",\"@id\":\"https:\/\/chemuza.org\/tr\/#\/schema\/logo\/image\/\",\"url\":\"https:\/\/chemuza.org\/tr\/wp-content\/uploads\/2023\/10\/chemuza-logo.png\",\"contentUrl\":\"https:\/\/chemuza.org\/tr\/wp-content\/uploads\/2023\/10\/chemuza-logo.png\",\"width\":387,\"height\":70,\"caption\":\"Chemuza\"},\"image\":{\"@id\":\"https:\/\/chemuza.org\/tr\/#\/schema\/logo\/image\/\"}}]}<\/script>\n<!-- \/ Yoast SEO plugin. -->","yoast_head_json":{"title":"Arsenik - Chemuza","robots":{"index":"index","follow":"follow","max-snippet":"max-snippet:-1","max-image-preview":"max-image-preview:large","max-video-preview":"max-video-preview:-1"},"canonical":"https:\/\/chemuza.org\/tr\/arsenik\/","og_locale":"tr_TR","og_type":"article","og_title":"Arsenik - Chemuza","og_description":"Arsenik do\u011fada yayg\u0131n olarak bulunan bir element ve mineraldir. Ana kaynaklar\u0131 su, toprak, yiyecek ve havad\u0131r. Bozulmadan g\u00fc\u00e7l\u00fcd\u00fcr ve do\u011fal haliyle di\u011fer minerallerle birle\u015ferek end\u00fcstride yayg\u0131n olarak kullan\u0131lan bile\u015fikleri olu\u015fturur. A\u015fa\u011f\u0131da \u00f6zellikleri, kullan\u0131mlar\u0131 ve daha fazlas\u0131 bulunmaktad\u0131r. Arsenik nedir? Periyodik tablonun metaloidler veya yar\u0131 metaller ailesine ait kimyasal bir elementtir. Atom numaras\u0131 33 olan, parlak ... Devam\u0131n\u0131 oku","og_url":"https:\/\/chemuza.org\/tr\/arsenik\/","og_site_name":"Chemuza","twitter_card":"summary_large_image","twitter_misc":{"Tahmini okuma s\u00fcresi":"4 dakika"},"schema":{"@context":"https:\/\/schema.org","@graph":[{"@type":"WebPage","@id":"https:\/\/chemuza.org\/tr\/arsenik\/","url":"https:\/\/chemuza.org\/tr\/arsenik\/","name":"Arsenik - Chemuza","isPartOf":{"@id":"https:\/\/chemuza.org\/tr\/#website"},"datePublished":"2023-07-14T18:16:44+00:00","dateModified":"2023-07-14T18:16:44+00:00","breadcrumb":{"@id":"https:\/\/chemuza.org\/tr\/arsenik\/#breadcrumb"},"inLanguage":"tr","potentialAction":[{"@type":"ReadAction","target":["https:\/\/chemuza.org\/tr\/arsenik\/"]}]},{"@type":"BreadcrumbList","@id":"https:\/\/chemuza.org\/tr\/arsenik\/#breadcrumb","itemListElement":[{"@type":"ListItem","position":1,"name":"Ev","item":"https:\/\/chemuza.org\/tr\/"},{"@type":"ListItem","position":2,"name":"Arsenik"}]},{"@type":"WebSite","@id":"https:\/\/chemuza.org\/tr\/#website","url":"https:\/\/chemuza.org\/tr\/","name":"Chemuza","description":"Kimyasal ke\u015fiflere a\u00e7\u0131lan kap\u0131n\u0131z!","publisher":{"@id":"https:\/\/chemuza.org\/tr\/#organization"},"potentialAction":[{"@type":"SearchAction","target":{"@type":"EntryPoint","urlTemplate":"https:\/\/chemuza.org\/tr\/?s={search_term_string}"},"query-input":"required name=search_term_string"}],"inLanguage":"tr"},{"@type":"Organization","@id":"https:\/\/chemuza.org\/tr\/#organization","name":"Chemuza","url":"https:\/\/chemuza.org\/tr\/","logo":{"@type":"ImageObject","inLanguage":"tr","@id":"https:\/\/chemuza.org\/tr\/#\/schema\/logo\/image\/","url":"https:\/\/chemuza.org\/tr\/wp-content\/uploads\/2023\/10\/chemuza-logo.png","contentUrl":"https:\/\/chemuza.org\/tr\/wp-content\/uploads\/2023\/10\/chemuza-logo.png","width":387,"height":70,"caption":"Chemuza"},"image":{"@id":"https:\/\/chemuza.org\/tr\/#\/schema\/logo\/image\/"}}]}},"yoast_meta":{"yoast_wpseo_title":"","yoast_wpseo_metadesc":"","yoast_wpseo_canonical":""},"_links":{"self":[{"href":"https:\/\/chemuza.org\/tr\/wp-json\/wp\/v2\/pages\/1460"}],"collection":[{"href":"https:\/\/chemuza.org\/tr\/wp-json\/wp\/v2\/pages"}],"about":[{"href":"https:\/\/chemuza.org\/tr\/wp-json\/wp\/v2\/types\/page"}],"author":[{"embeddable":true,"href":"https:\/\/chemuza.org\/tr\/wp-json\/wp\/v2\/users\/1"}],"replies":[{"embeddable":true,"href":"https:\/\/chemuza.org\/tr\/wp-json\/wp\/v2\/comments?post=1460"}],"version-history":[{"count":0,"href":"https:\/\/chemuza.org\/tr\/wp-json\/wp\/v2\/pages\/1460\/revisions"}],"wp:attachment":[{"href":"https:\/\/chemuza.org\/tr\/wp-json\/wp\/v2\/media?parent=1460"}],"curies":[{"name":"wp","href":"https:\/\/api.w.org\/{rel}","templated":true}]}}