{"id":1459,"date":"2023-07-14T18:28:00","date_gmt":"2023-07-14T18:28:00","guid":{"rendered":"https:\/\/chemuza.org\/tr\/teknesyum\/"},"modified":"2023-07-14T18:28:00","modified_gmt":"2023-07-14T18:28:00","slug":"teknesyum","status":"publish","type":"page","link":"https:\/\/chemuza.org\/tr\/teknesyum\/","title":{"rendered":"Teknesyum"},"content":{"rendered":"<p>Periyodik tablodaki t\u00fcm metaller aras\u0131nda Teknesyum, yapay olarak \u00fcretilen ilk element oldu\u011funu iddia ediyor. Bir ba\u015fka ilgin\u00e7 ger\u00e7ek de asteroitler ve y\u0131ld\u0131zlarda do\u011fal olarak k\u00fc\u00e7\u00fck konsantrasyonlarda bulunmas\u0131d\u0131r. \u00d6te yandan modern uygulamalar\u0131ndan baz\u0131lar\u0131 n\u00fckleer f\u00fczyonla ilgilidir. Bu g\u00fcm\u00fc\u015fi, kristalimsi kimyasal elementin di\u011fer y\u00f6nlerini ke\u015ffedin.<\/p>\n<h2> <strong>Teknesyum nedir?<\/strong><\/h2>\n<p> Periyodik tablodaki en hafif elementtir ve k\u0131sa \u00f6m\u00fcrl\u00fc gama \u0131\u015f\u0131nlar\u0131 yayma \u00f6zelli\u011fine sahiptir. Nemli havayla temas etti\u011finde kolayca bu\u011fulan\u0131r. Ayr\u0131ca s\u0131v\u0131larda kral suyu, s\u00fclf\u00fcrik asit ve nitrik asit formunda kolayca \u00e7\u00f6z\u00fclebilir.<\/p>\n<h3> <strong>Teknesyum sembol\u00fc<\/strong><\/h3>\n<p> <span class=\"content-chemical-element\" style=\"float: left;width: 65px;height: 65px;border: 3px solid #666; display:flex;\n    justify-content: center;align-items: center;margin-right: 15px;\"><span style=\"font-size: 38px;\">Tc<\/span><\/span> Ge\u00e7i\u015f kategorisi metallerin 7. grubunda yer al\u0131r. Atom numaras\u0131 43, erime noktas\u0131 2430 K, kaynama noktas\u0131 4538 K&#8217;dir. En yayg\u0131n bile\u015fikleri teknesyum heptaflor\u00fcr, teknesyum dioksit, teknesyum heptahidrit ve teknetyum heptaiyod\u00fcrd\u00fcr.<\/p>\n<h2> <strong>Teknesyumun \u00f6zellikleri<\/strong><\/h2>\n<p> Kararl\u0131 izotoplar\u0131 olmad\u0131\u011f\u0131ndan do\u011fada bulunmas\u0131 \u00e7ok zordur. Periyodik tabloda Renyum ve Manganez aras\u0131nda yer al\u0131r. Solunmas\u0131 halinde akci\u011fer kanserine neden olabilir. Ek olarak a\u015fa\u011f\u0131dakilerle karakterize edilir:<\/p>\n<ul>\n<li> <strong>Kimyasal Reaktivite<\/strong> : G\u00f6r\u00fcn\u00fcm\u00fc Platine benzeyen reaktif bir metaldir.<\/li>\n<li> <strong>Manyetizma<\/strong> : Manyetik olmasa da, metalik formu bir miktar paramanyetiktir: bu, iki kutbunun manyetik alanlarla ayn\u0131 hizada oldu\u011fu anlam\u0131na gelir.<\/li>\n<li> <strong>\u00c7\u00f6z\u00fcn\u00fcrl\u00fck<\/strong> : Nitrik asit, aqua regia ve s\u00fclf\u00fcrik asitte \u00e7\u00f6z\u00fcn\u00fcr, ancak hidroklorik asitte \u00e7\u00f6z\u00fcnmez.<\/li>\n<\/ul>\n<ul>\n<li> <strong>Durumu<\/strong> : Do\u011fal haliyle sa\u011flamd\u0131r.<\/li>\n<li> <strong>Yap\u0131<\/strong> : Alt\u0131gen ve kompakt.<\/li>\n<\/ul>\n<h2> <strong>Teknesyumun kimyasal ve fiziksel \u00f6zellikleri<\/strong><\/h2>\n<ol>\n<li> <strong>Atom numaras\u0131<\/strong> : 43<\/li>\n<li> <strong>Grup:<\/strong> 7<\/li>\n<li> <strong>blok:<\/strong> d<\/li>\n<li> <strong>Kovalent yar\u0131\u00e7ap:<\/strong> 156 pm<\/li>\n<li> <strong>Atom yar\u0131\u00e7ap\u0131:<\/strong> 183 pm<\/li>\n<li> <strong>Ortalama yar\u0131\u00e7ap:<\/strong> 135 saat<\/li>\n<li> <strong>F\u00fczyon entalpisi:<\/strong> 24 Kj\/mol<\/li>\n<li> <strong>Elektronegatiflik:<\/strong> 1.9<\/li>\n<li> <strong>Atom k\u00fctlesi (g\/mol):<\/strong> 98,9063 <sup>1<\/sup><\/li>\n<li> <strong>Buharla\u015fma entalpisi:<\/strong> 660 kJ\/mol<\/li>\n<li> <strong>Elektronik konfig\u00fcrasyon:<\/strong> [Kr] 4d <sup>5<\/sup> 5s <sup>2<\/sup><\/li>\n<li> <strong>Buhar bas\u0131nc\u0131:<\/strong> 2473 K&#8217;de 0,0229 Pa<\/li>\n<li> <strong>Kristal yap\u0131s\u0131:<\/strong> alt\u0131gen<\/li>\n<li> <strong>Yo\u011funluk:<\/strong> 11500 Kg\/m\u00b3<\/li>\n<li> <strong>Seviye ba\u015f\u0131na elektronlar:<\/strong> 2, 8, 18, 14, 1<\/li>\n<\/ol>\n<h2> <strong>Teknesyumun k\u00f6keni<\/strong><\/h2>\n<p> Resmen 1937 y\u0131l\u0131nda \u0130talyan kimyager ve mineralog Carlos Perrier ve Nobel \u00f6d\u00fcll\u00fc \u0130talyan fizik\u00e7i Emilio Segr\u00e9&#8217;nin Sicilya&#8217;daki Palermo \u00dcniversitesi&#8217;nde bir deney ger\u00e7ekle\u015ftirmesiyle ke\u015ffedildi. Biraz zorlukla izotoplara ait 90, 80 ve 50 g\u00fcnl\u00fck \u00fc\u00e7 farkl\u0131 bozunma periyodunu izole ettiler.<sup> <\/sup><sup>95<\/sup> Tc ve <sup>97<\/sup> metal.<\/p>\n<p> Palermo \u00dcniversitesi, Palermo&#8217;nun Latince ad\u0131 Panormus oldu\u011fu i\u00e7in buraya Panormio ad\u0131n\u0131 vermek istedi. Ancak ara\u015ft\u0131rmac\u0131lar, insanlar taraf\u0131ndan yapay olarak elde edilen ilk element oldu\u011fundan, Yunanca yapay anlam\u0131na gelen <em>Technetos<\/em> kelimesini eklemeye karar verdiler.<\/p>\n<h2> <strong>Teknesyum ne i\u00e7in kullan\u0131l\u0131r?<\/strong><\/h2>\n<p> A\u015f\u0131nmaya kar\u015f\u0131 dayan\u0131kl\u0131 olma avantaj\u0131na sahip farkl\u0131 \u00e7elik ala\u015f\u0131mlar\u0131nda kullan\u0131l\u0131r. Ancak radyoaktif oldu\u011fundan ve kullan\u0131m derecesinin kontrol edilmesi gerekti\u011finden kullan\u0131m\u0131 olduk\u00e7a s\u0131n\u0131rl\u0131d\u0131r. Ancak a\u015fa\u011f\u0131daki alanlarda faydal\u0131d\u0131r:<\/p>\n<h3> <strong>N\u00fckleer T\u0131p<\/strong><\/h3>\n<p> Metastabil Teknesyum 99 en \u00e7ok n\u00fckleer t\u0131pta radyoaktif izleyici olarak kullan\u0131l\u0131r. Ayr\u0131ca kalay bile\u015fi\u011fiyle birle\u015ftirildi\u011finde eritrositlere ba\u011flanabiliyor ve dola\u015f\u0131m sistemindeki baz\u0131 bozukluklar\u0131n lokalizasyonunda kullan\u0131labiliyor. Ayr\u0131ca sindirim kanamalar\u0131n\u0131 tespit etmek i\u00e7in de kullan\u0131l\u0131r. Ayn\u0131 \u015fekilde pirofosfatlarla birlikte hasarl\u0131 kalp kaslar\u0131ndaki kalsiyum birikintilerine yap\u0131\u015fabilir, bu da kalp krizi sonras\u0131 hasar\u0131n tespitinde etkilidir.<\/p>\n<h3> <strong>End\u00fcstri<\/strong><\/h3>\n<p> \u00d6zelliklerinden biri, Teknesyum 99m&#8217;nin d\u00fc\u015f\u00fck enerjili gama \u0131\u015f\u0131nlar\u0131 olmadan beta par\u00e7ac\u0131klar\u0131 yayarak bozunabilmesidir. Bu nedenle bilimsel ekipman\u0131 kalibre etmek i\u00e7in \u00e7ok faydal\u0131d\u0131r. Ayr\u0131ca y\u00fcksek reaktivitesi olmas\u0131na ra\u011fmen kataliz\u00f6r olarak kullan\u0131l\u0131r. Ayn\u0131 zamanda anyonlar\u0131n kullan\u0131m\u0131 yoluyla korozyona kar\u015f\u0131 koruyucu bir madde oldu\u011fundan, kaynar su reakt\u00f6rlerinde kullan\u0131m i\u00e7in idealdir.<\/p>\n<h2> <strong>Teknesyum nerede bulunur?<\/strong><\/h2>\n<p> 1999&#8217;da David Curtis, bir kilogram uranyumda yakla\u015f\u0131k 1 ng bulundu\u011funu hesaplad\u0131. Teknesyum. Ayr\u0131ca M, N ve S tipi b\u00fcy\u00fck k\u0131rm\u0131z\u0131 y\u0131ld\u0131zlar\u0131n yayd\u0131\u011f\u0131 \u0131\u015f\u0131klar\u0131n spektrumunun de\u011ferlendirilmesi yoluyla bu elemente ula\u015f\u0131ld\u0131. \u00d6te yandan, karars\u0131z bir metal olarak, yer kabu\u011funda do\u011fal olarak uranyum ile kendili\u011finden fisyonun \u00fcr\u00fcn\u00fc olan \u00e7ok az iz bulunur.<\/p>\n<p> Sonu\u00e7 olarak Teknesyum, insan eliyle yapay olarak yarat\u0131lan tek elementtir. Uygulamalar\u0131n\u0131n \u00e7o\u011fu n\u00fckleer t\u0131p alan\u0131yla ilgilidir. Ayr\u0131ca maruz kal\u0131nmas\u0131 sa\u011fl\u0131\u011fa zararl\u0131 oldu\u011fundan dikkatli olmak \u00f6nemlidir.<\/p>\n","protected":false},"excerpt":{"rendered":"<p>Periyodik tablodaki t\u00fcm metaller aras\u0131nda Teknesyum, yapay olarak \u00fcretilen ilk element oldu\u011funu iddia ediyor. Bir ba\u015fka ilgin\u00e7 ger\u00e7ek de asteroitler ve y\u0131ld\u0131zlarda do\u011fal olarak k\u00fc\u00e7\u00fck konsantrasyonlarda bulunmas\u0131d\u0131r. \u00d6te yandan modern uygulamalar\u0131ndan baz\u0131lar\u0131 n\u00fckleer f\u00fczyonla ilgilidir. Bu g\u00fcm\u00fc\u015fi, kristalimsi kimyasal elementin di\u011fer y\u00f6nlerini ke\u015ffedin. Teknesyum nedir? Periyodik tablodaki en hafif elementtir ve k\u0131sa \u00f6m\u00fcrl\u00fc gama \u0131\u015f\u0131nlar\u0131 &#8230; <a title=\"Teknesyum\" class=\"read-more\" href=\"https:\/\/chemuza.org\/tr\/teknesyum\/\" aria-label=\"More on Teknesyum\">Devam\u0131n\u0131 oku<\/a><\/p>\n","protected":false},"author":1,"featured_media":0,"parent":0,"menu_order":0,"comment_status":"closed","ping_status":"closed","template":"","meta":{"footnotes":""},"yoast_head":"<!-- This site is optimized with the Yoast SEO plugin v21.4 - https:\/\/yoast.com\/wordpress\/plugins\/seo\/ -->\n<title>Teknesyum - Chemuza<\/title>\n<meta name=\"robots\" content=\"index, follow, max-snippet:-1, max-image-preview:large, max-video-preview:-1\" \/>\n<link rel=\"canonical\" href=\"https:\/\/chemuza.org\/tr\/teknesyum\/\" \/>\n<meta property=\"og:locale\" content=\"tr_TR\" \/>\n<meta property=\"og:type\" content=\"article\" \/>\n<meta property=\"og:title\" content=\"Teknesyum - Chemuza\" \/>\n<meta property=\"og:description\" content=\"Periyodik tablodaki t\u00fcm metaller aras\u0131nda Teknesyum, yapay olarak \u00fcretilen ilk element oldu\u011funu iddia ediyor. Bir ba\u015fka ilgin\u00e7 ger\u00e7ek de asteroitler ve y\u0131ld\u0131zlarda do\u011fal olarak k\u00fc\u00e7\u00fck konsantrasyonlarda bulunmas\u0131d\u0131r. \u00d6te yandan modern uygulamalar\u0131ndan baz\u0131lar\u0131 n\u00fckleer f\u00fczyonla ilgilidir. Bu g\u00fcm\u00fc\u015fi, kristalimsi kimyasal elementin di\u011fer y\u00f6nlerini ke\u015ffedin. Teknesyum nedir? Periyodik tablodaki en hafif elementtir ve k\u0131sa \u00f6m\u00fcrl\u00fc gama \u0131\u015f\u0131nlar\u0131 ... Devam\u0131n\u0131 oku\" \/>\n<meta property=\"og:url\" content=\"https:\/\/chemuza.org\/tr\/teknesyum\/\" \/>\n<meta property=\"og:site_name\" content=\"Chemuza\" \/>\n<meta name=\"twitter:card\" content=\"summary_large_image\" \/>\n<meta name=\"twitter:label1\" content=\"Tahmini okuma s\u00fcresi\" \/>\n\t<meta name=\"twitter:data1\" content=\"3 dakika\" \/>\n<script type=\"application\/ld+json\" class=\"yoast-schema-graph\">{\"@context\":\"https:\/\/schema.org\",\"@graph\":[{\"@type\":\"WebPage\",\"@id\":\"https:\/\/chemuza.org\/tr\/teknesyum\/\",\"url\":\"https:\/\/chemuza.org\/tr\/teknesyum\/\",\"name\":\"Teknesyum - Chemuza\",\"isPartOf\":{\"@id\":\"https:\/\/chemuza.org\/tr\/#website\"},\"datePublished\":\"2023-07-14T18:28:00+00:00\",\"dateModified\":\"2023-07-14T18:28:00+00:00\",\"breadcrumb\":{\"@id\":\"https:\/\/chemuza.org\/tr\/teknesyum\/#breadcrumb\"},\"inLanguage\":\"tr\",\"potentialAction\":[{\"@type\":\"ReadAction\",\"target\":[\"https:\/\/chemuza.org\/tr\/teknesyum\/\"]}]},{\"@type\":\"BreadcrumbList\",\"@id\":\"https:\/\/chemuza.org\/tr\/teknesyum\/#breadcrumb\",\"itemListElement\":[{\"@type\":\"ListItem\",\"position\":1,\"name\":\"Ev\",\"item\":\"https:\/\/chemuza.org\/tr\/\"},{\"@type\":\"ListItem\",\"position\":2,\"name\":\"Teknesyum\"}]},{\"@type\":\"WebSite\",\"@id\":\"https:\/\/chemuza.org\/tr\/#website\",\"url\":\"https:\/\/chemuza.org\/tr\/\",\"name\":\"Chemuza\",\"description\":\"Kimyasal ke\u015fiflere a\u00e7\u0131lan kap\u0131n\u0131z!\",\"publisher\":{\"@id\":\"https:\/\/chemuza.org\/tr\/#organization\"},\"potentialAction\":[{\"@type\":\"SearchAction\",\"target\":{\"@type\":\"EntryPoint\",\"urlTemplate\":\"https:\/\/chemuza.org\/tr\/?s={search_term_string}\"},\"query-input\":\"required name=search_term_string\"}],\"inLanguage\":\"tr\"},{\"@type\":\"Organization\",\"@id\":\"https:\/\/chemuza.org\/tr\/#organization\",\"name\":\"Chemuza\",\"url\":\"https:\/\/chemuza.org\/tr\/\",\"logo\":{\"@type\":\"ImageObject\",\"inLanguage\":\"tr\",\"@id\":\"https:\/\/chemuza.org\/tr\/#\/schema\/logo\/image\/\",\"url\":\"https:\/\/chemuza.org\/tr\/wp-content\/uploads\/2023\/10\/chemuza-logo.png\",\"contentUrl\":\"https:\/\/chemuza.org\/tr\/wp-content\/uploads\/2023\/10\/chemuza-logo.png\",\"width\":387,\"height\":70,\"caption\":\"Chemuza\"},\"image\":{\"@id\":\"https:\/\/chemuza.org\/tr\/#\/schema\/logo\/image\/\"}}]}<\/script>\n<!-- \/ Yoast SEO plugin. -->","yoast_head_json":{"title":"Teknesyum - Chemuza","robots":{"index":"index","follow":"follow","max-snippet":"max-snippet:-1","max-image-preview":"max-image-preview:large","max-video-preview":"max-video-preview:-1"},"canonical":"https:\/\/chemuza.org\/tr\/teknesyum\/","og_locale":"tr_TR","og_type":"article","og_title":"Teknesyum - Chemuza","og_description":"Periyodik tablodaki t\u00fcm metaller aras\u0131nda Teknesyum, yapay olarak \u00fcretilen ilk element oldu\u011funu iddia ediyor. Bir ba\u015fka ilgin\u00e7 ger\u00e7ek de asteroitler ve y\u0131ld\u0131zlarda do\u011fal olarak k\u00fc\u00e7\u00fck konsantrasyonlarda bulunmas\u0131d\u0131r. \u00d6te yandan modern uygulamalar\u0131ndan baz\u0131lar\u0131 n\u00fckleer f\u00fczyonla ilgilidir. Bu g\u00fcm\u00fc\u015fi, kristalimsi kimyasal elementin di\u011fer y\u00f6nlerini ke\u015ffedin. Teknesyum nedir? Periyodik tablodaki en hafif elementtir ve k\u0131sa \u00f6m\u00fcrl\u00fc gama \u0131\u015f\u0131nlar\u0131 ... Devam\u0131n\u0131 oku","og_url":"https:\/\/chemuza.org\/tr\/teknesyum\/","og_site_name":"Chemuza","twitter_card":"summary_large_image","twitter_misc":{"Tahmini okuma s\u00fcresi":"3 dakika"},"schema":{"@context":"https:\/\/schema.org","@graph":[{"@type":"WebPage","@id":"https:\/\/chemuza.org\/tr\/teknesyum\/","url":"https:\/\/chemuza.org\/tr\/teknesyum\/","name":"Teknesyum - Chemuza","isPartOf":{"@id":"https:\/\/chemuza.org\/tr\/#website"},"datePublished":"2023-07-14T18:28:00+00:00","dateModified":"2023-07-14T18:28:00+00:00","breadcrumb":{"@id":"https:\/\/chemuza.org\/tr\/teknesyum\/#breadcrumb"},"inLanguage":"tr","potentialAction":[{"@type":"ReadAction","target":["https:\/\/chemuza.org\/tr\/teknesyum\/"]}]},{"@type":"BreadcrumbList","@id":"https:\/\/chemuza.org\/tr\/teknesyum\/#breadcrumb","itemListElement":[{"@type":"ListItem","position":1,"name":"Ev","item":"https:\/\/chemuza.org\/tr\/"},{"@type":"ListItem","position":2,"name":"Teknesyum"}]},{"@type":"WebSite","@id":"https:\/\/chemuza.org\/tr\/#website","url":"https:\/\/chemuza.org\/tr\/","name":"Chemuza","description":"Kimyasal ke\u015fiflere a\u00e7\u0131lan kap\u0131n\u0131z!","publisher":{"@id":"https:\/\/chemuza.org\/tr\/#organization"},"potentialAction":[{"@type":"SearchAction","target":{"@type":"EntryPoint","urlTemplate":"https:\/\/chemuza.org\/tr\/?s={search_term_string}"},"query-input":"required name=search_term_string"}],"inLanguage":"tr"},{"@type":"Organization","@id":"https:\/\/chemuza.org\/tr\/#organization","name":"Chemuza","url":"https:\/\/chemuza.org\/tr\/","logo":{"@type":"ImageObject","inLanguage":"tr","@id":"https:\/\/chemuza.org\/tr\/#\/schema\/logo\/image\/","url":"https:\/\/chemuza.org\/tr\/wp-content\/uploads\/2023\/10\/chemuza-logo.png","contentUrl":"https:\/\/chemuza.org\/tr\/wp-content\/uploads\/2023\/10\/chemuza-logo.png","width":387,"height":70,"caption":"Chemuza"},"image":{"@id":"https:\/\/chemuza.org\/tr\/#\/schema\/logo\/image\/"}}]}},"yoast_meta":{"yoast_wpseo_title":"","yoast_wpseo_metadesc":"","yoast_wpseo_canonical":""},"_links":{"self":[{"href":"https:\/\/chemuza.org\/tr\/wp-json\/wp\/v2\/pages\/1459"}],"collection":[{"href":"https:\/\/chemuza.org\/tr\/wp-json\/wp\/v2\/pages"}],"about":[{"href":"https:\/\/chemuza.org\/tr\/wp-json\/wp\/v2\/types\/page"}],"author":[{"embeddable":true,"href":"https:\/\/chemuza.org\/tr\/wp-json\/wp\/v2\/users\/1"}],"replies":[{"embeddable":true,"href":"https:\/\/chemuza.org\/tr\/wp-json\/wp\/v2\/comments?post=1459"}],"version-history":[{"count":0,"href":"https:\/\/chemuza.org\/tr\/wp-json\/wp\/v2\/pages\/1459\/revisions"}],"wp:attachment":[{"href":"https:\/\/chemuza.org\/tr\/wp-json\/wp\/v2\/media?parent=1459"}],"curies":[{"name":"wp","href":"https:\/\/api.w.org\/{rel}","templated":true}]}}