{"id":1458,"date":"2023-07-14T18:54:41","date_gmt":"2023-07-14T18:54:41","guid":{"rendered":"https:\/\/chemuza.org\/tr\/niyobyum\/"},"modified":"2023-07-14T18:54:41","modified_gmt":"2023-07-14T18:54:41","slug":"niyobyum","status":"publish","type":"page","link":"https:\/\/chemuza.org\/tr\/niyobyum\/","title":{"rendered":"Niyobyum"},"content":{"rendered":"<p>Niyobyumun ilgin\u00e7 bir uygulamas\u0131, g\u00fczel k\u0131rm\u0131z\u0131, mavi, alt\u0131n ve ye\u015fil renklerin yanard\u00f6ner tonlar\u0131n\u0131 elde edebildi\u011fi i\u00e7in tak\u0131 unsuru olarak kullan\u0131lmas\u0131d\u0131r. Benzer \u015fekilde petrokimya, metalurji, havac\u0131l\u0131k ve cam end\u00fcstrilerinde de s\u0131kl\u0131kla kullan\u0131lmaktad\u0131r. Avantajl\u0131 fiziksel ve kimyasal \u00f6zelliklerinin onu nas\u0131l \u00e7ok y\u00f6nl\u00fc bir element haline getirdi\u011fini ke\u015ffedin.<\/p>\n<h2> <strong>Niyobyum nedir?<\/strong><\/h2>\n<p> Columbium olarak da bilinen niyobyum kimyasal elementi, korozyona ve y\u00fcksek s\u0131cakl\u0131klara dayan\u0131kl\u0131, yumu\u015fak, s\u00fcnek ve d\u00f6v\u00fclebilir bir ge\u00e7i\u015f metalidir. Ayr\u0131ca beyaz\u0131ms\u0131-grimsi bir elektriksel s\u00fcper iletkendir.<\/p>\n<h3> <strong>Niyobyum sembol\u00fc<\/strong><\/h3>\n<p> <span class=\"content-chemical-element\" style=\"float: left;width: 65px;height: 65px;border: 3px solid #666; display:flex;\n    justify-content: center;align-items: center;margin-right: 15px;\"><span style=\"font-size: 38px;\">Nb<\/span><\/span> Niyobyumun simgesi Yunan mitolojisinden <em>Tantalus&#8217;un K\u0131z\u0131<\/em> anlam\u0131na gelen <em>Niobe<\/em> s\u00f6zc\u00fc\u011f\u00fcnden gelmektedir. <em>Niyobyum<\/em> ad\u0131, g\u00f6zya\u015flar\u0131n\u0131n kahraman\u0131 Yunan kral\u0131 Tantalus&#8217;un k\u0131z\u0131n\u0131n onuruna, Tantalit elementinden izole edildi\u011finde verilmi\u015ftir. Bununla birlikte, baz\u0131lar\u0131n\u0131n hala Columbio metali dedi\u011fi gibi, Cb sembolojisini benimser.<\/p>\n<h2> <strong>Niyobyumun \u00f6zellikleri<\/strong><\/h2>\n<p> Korozyona ve asitlere kar\u015f\u0131 y\u00fcksek dayan\u0131kl\u0131l\u0131\u011f\u0131 ile \u00f6n plana \u00e7\u0131kar. Bununla birlikte, genellikle oksitleyici maddeler, alkaliler ve hidroflorik asit taraf\u0131ndan sald\u0131r\u0131ya u\u011frar. Ayr\u0131ca dielektrik oksit katmanlar\u0131 da olu\u015fturabilir. \u00d6te yandan oksidasyon numaras\u0131 +5, Tartrat, Flor\u00fcr, Peroksit ve Oksalat \u00fcretir. Di\u011fer \u00f6zellikler \u015funlard\u0131r:<\/p>\n<ul>\n<li> <strong>Kimyasal Reaktivite<\/strong> : Tipik olarak karbon, oksijen, nitrojen, halojenler ve k\u00fck\u00fcrt ile reaksiyona girer.<\/li>\n<li> <strong>\u00c7\u00f6z\u00fcn\u00fcrl\u00fck<\/strong> : Erimi\u015f halde demirle kar\u0131\u015fabilir ancak suda \u00e7\u00f6z\u00fcnmez.<\/li>\n<li> <strong>Erime ve Kaynama<\/strong> : Y\u00fcksek erime noktas\u0131na sahip olmas\u0131na ra\u011fmen yo\u011funlu\u011fu di\u011fer metallere g\u00f6re d\u00fc\u015f\u00fckt\u00fcr.<\/li>\n<li> <strong>S\u00fcneklik<\/strong> : Kolayca iplik \u015feklinde deforme olabilir, ancak gerildi\u011finde k\u0131r\u0131lgan olmadan dayan\u0131kl\u0131 ve sert hale gelir.<\/li>\n<li> <strong>Durum<\/strong> : S\u0131radan toplanma durumu sa\u011flamd\u0131r.<\/li>\n<li> <strong>Renk<\/strong> : Parlak, g\u00fcm\u00fc\u015fi ve metalik g\u00f6r\u00fcn\u00fcr ancak oda s\u0131cakl\u0131\u011f\u0131nda metalin mavimsi bir tonu vard\u0131r.<\/li>\n<li> <strong>S\u00fcperiletken<\/strong> : Elektrik ak\u0131m\u0131n\u0131n ge\u00e7i\u015fine iyi diren\u00e7 g\u00f6sterdi\u011fi i\u00e7in m\u00fckemmel bir elektrik iletkenidir.<\/li>\n<li> <strong>Kristal yap\u0131<\/strong> : Yap\u0131s\u0131 k\u00fcbik merkezlidir, yani 8 atomu bir k\u00fcp olu\u015fturur ve i\u00e7inde tek bir atom bulunur.<\/li>\n<li> <strong>S\u0131cakl\u0131k<\/strong> : Y\u00fcksek s\u0131cakl\u0131klara, ayr\u0131\u015fmadan ve erimeden \u00e7ok iyi dayan\u0131r.<\/li>\n<li> <strong>Manyetik d\u00fczen<\/strong> : Paramanyetik bir elementtir.<\/li>\n<\/ul>\n<h2> <strong>Niyobyumun kimyasal ve fiziksel \u00f6zellikleri<\/strong><\/h2>\n<ol>\n<li> <strong>Atom numaras\u0131<\/strong> : 41<\/li>\n<li> <strong>Atom yar\u0131\u00e7ap\u0131 (\u00c5)<\/strong> : 198 pm<\/li>\n<li> <strong>Yo\u011funluk (g\/ml)<\/strong> : 8570 kg\/m\u00b3<\/li>\n<li> <strong>Kovalent yar\u0131\u00e7ap (\u00c5)<\/strong> : 137 pm<\/li>\n<li> <strong>Kaynama noktas\u0131<\/strong> : 4744 \u00b0C (5017 K)<\/li>\n<li> <strong>Birinci iyonla\u015fma potansiyeli (eV)<\/strong> : 652,1 kJ\/mol<\/li>\n<li> <strong>Ses h\u0131z\u0131<\/strong> : 293,15 K&#8217;da 3480 m\/s<\/li>\n<li> <strong>Erime noktas\u0131<\/strong> : 2477\u00b0C (2750K)<\/li>\n<li> <strong>Oksidasyon durumlar\u0131<\/strong> : +5, +3, +2, +4<\/li>\n<li> <strong>Elektronik konfig\u00fcrasyon<\/strong> : [Kr]4d <sup>4<\/sup> 5s <sup>1<\/sup><\/li>\n<li> <strong>Atom k\u00fctlesi (g\/mol)<\/strong> : 92.90638<\/li>\n<li> <strong>Buharla\u015fma entalpisi<\/strong> : 696,6 kJ\/mol<\/li>\n<li> <strong>Elektronegatiflik<\/strong> : 1.6<\/li>\n<li> <strong>Oksit<\/strong> : Hafif asidik<\/li>\n<li> <strong>\u00d6zg\u00fcl \u0131s\u0131<\/strong> : 265 J\/(K-kg)<\/li>\n<li> <strong>F\u00fczyon entalpisi<\/strong> : 26,4 kJ\/mol<\/li>\n<li> <strong>Seviye ba\u015f\u0131na elektronlar<\/strong> : 2, 8, 18, 12, 1<\/li>\n<\/ol>\n<h2> <strong>Niyobyumun k\u00f6keni<\/strong><\/h2>\n<p> Niyobyumun ge\u00e7mi\u015fine g\u00f6re John Winthrop, 1734 y\u0131l\u0131nda Amerika Birle\u015fik Devletleri&#8217;nin Massachusetts kentinde garip bir mineral ke\u015ffetti. Daha sonra onu Britanya topraklar\u0131na g\u00f6ndermeye haz\u0131rland\u0131 ve orada y\u0131l boyunca kimyager Charles Hatchett taraf\u0131ndan a\u00e7\u0131\u011fa \u00e7\u0131kar\u0131ld\u0131, incelendi ve \u00fczerinde \u00e7al\u0131\u015f\u0131ld\u0131. 1801. Daha sonra \u0130ngilizler, bir\u00e7ok g\u00f6zlem ve analizden sonra ona <em>Columbio<\/em> ad\u0131n\u0131 verdiler ve b\u00f6ylece Niyobyum&#8217;un ka\u015fifi oldular. Daha sonra fizik\u00e7i William Hyde Wollaston, 1809&#8217;da onu di\u011fer elementlerle kar\u015f\u0131la\u015ft\u0131rd\u0131 ve yanl\u0131\u015fl\u0131kla Kolomb ve Tantal&#8217;\u0131n ayn\u0131 oldu\u011fu sonucuna vard\u0131.<\/p>\n<p> Daha sonra Alman kimyager Heinrich Rose, 1844 y\u0131l\u0131nda kolumbit ve tantalit ile \u00e7al\u0131\u015ft\u0131 ve her numuneyi, niyobik asit ad\u0131n\u0131 verdi\u011fi asidik formlara ay\u0131rd\u0131. Daha sonra \u0130svi\u00e7reli Jean Charles de Marignac metalik Niyobyumu klor\u00fcrle \u0131s\u0131tarak izole etmeyi ba\u015fard\u0131. Daha sonra 1949&#8217;da resmi ad\u0131 kabul edildi.<\/p>\n<h2> <strong>Niyobyum ne i\u00e7in kullan\u0131l\u0131r?<\/strong><\/h2>\n<p> Ana kullan\u0131m\u0131 \u00e7elik \u00fcretimindedir, \u00e7\u00fcnk\u00fc mukavemeti ve y\u00fcksek s\u0131cakl\u0131klara ve korozyona kar\u015f\u0131 direnci artt\u0131rmak amac\u0131yla bile\u015fikleri ba\u011flamak i\u00e7in kullan\u0131l\u0131r. Benzer \u015fekilde, Niyobyum-\u00c7elik ala\u015f\u0131m\u0131 di\u011ferlerinin yan\u0131 s\u0131ra kimya, havac\u0131l\u0131k ve otomotiv end\u00fcstrilerinde kullan\u0131lmaktad\u0131r. Di\u011fer uygulamalar\u0131 ke\u015ffedin:<\/p>\n<ul>\n<li> S\u00fcper \u0130letken M\u0131knat\u0131slar: Titanyum, kalay ve al\u00fcminyumdan olu\u015fan bir ala\u015f\u0131mdaki element, s\u00fcper iletken m\u0131knat\u0131slar olu\u015fturmak \u00fczere tel haline getirilir ve d\u00f6k\u00fcl\u00fcr.<\/li>\n<li> Cam mercekler ve ekranlar: Cam, \u0131\u015f\u0131\u011f\u0131 geri \u00e7ekmeden veya absorbe etmeden yaymak ve yans\u0131maya kar\u015f\u0131 daha fazla diren\u00e7 sa\u011flamak i\u00e7in ince bir metal tozuyla kaplanm\u0131\u015ft\u0131r.<\/li>\n<li> Par\u00e7ac\u0131k h\u0131zland\u0131r\u0131c\u0131lar\u0131: Baz\u0131 elektron h\u0131zland\u0131r\u0131c\u0131lar\u0131, ala\u015f\u0131ml\u0131 veya saf element niyobyumdan kal\u0131planm\u0131\u015f odalar i\u00e7erir.<\/li>\n<li> Sodyum Buharl\u0131 Lambalar: Bu lambalar\u0131n metal taban\u0131nda niyobyum-zirkonyum ala\u015f\u0131m\u0131 kullan\u0131lmaktad\u0131r.<\/li>\n<li> Madeni paralar: Renk de\u011fi\u015ftirme \u00f6zelli\u011finden dolay\u0131 bimetalik madeni paralar\u0131n yap\u0131m\u0131nda kullan\u0131l\u0131r.<\/li>\n<li> Tak\u0131: Is\u0131t\u0131ld\u0131\u011f\u0131nda veya bir elektrik alan\u0131ndan ge\u00e7irildi\u011finde bro\u015flar, halkalar, k\u00fcpeler, \u00e7iviler ve i\u011fneler olu\u015fturmak i\u00e7in g\u00fczel tonlar elde eder.<\/li>\n<\/ul>\n<p> \u00d6zetle niyobyum, y\u00fcksek s\u0131cakl\u0131klara dayan\u0131kl\u0131, korozyona dayan\u0131kl\u0131, d\u00f6v\u00fclebilir, s\u00fcnek, yumu\u015fak, demirli bir ge\u00e7i\u015f metalidir. Ayr\u0131ca oksijen, karbon, k\u00fck\u00fcrt, halojenler ve nitrojen ile reaksiyona girer. Ayn\u0131 \u015fekilde paramanyetik bir elementtir, elektriksel s\u00fcper iletkendir ve suda \u00e7\u00f6z\u00fcnmez.<\/p>\n","protected":false},"excerpt":{"rendered":"<p>Niyobyumun ilgin\u00e7 bir uygulamas\u0131, g\u00fczel k\u0131rm\u0131z\u0131, mavi, alt\u0131n ve ye\u015fil renklerin yanard\u00f6ner tonlar\u0131n\u0131 elde edebildi\u011fi i\u00e7in tak\u0131 unsuru olarak kullan\u0131lmas\u0131d\u0131r. Benzer \u015fekilde petrokimya, metalurji, havac\u0131l\u0131k ve cam end\u00fcstrilerinde de s\u0131kl\u0131kla kullan\u0131lmaktad\u0131r. Avantajl\u0131 fiziksel ve kimyasal \u00f6zelliklerinin onu nas\u0131l \u00e7ok y\u00f6nl\u00fc bir element haline getirdi\u011fini ke\u015ffedin. Niyobyum nedir? Columbium olarak da bilinen niyobyum kimyasal elementi, korozyona &#8230; <a title=\"Niyobyum\" class=\"read-more\" href=\"https:\/\/chemuza.org\/tr\/niyobyum\/\" aria-label=\"More on Niyobyum\">Devam\u0131n\u0131 oku<\/a><\/p>\n","protected":false},"author":1,"featured_media":0,"parent":0,"menu_order":0,"comment_status":"closed","ping_status":"closed","template":"","meta":{"footnotes":""},"yoast_head":"<!-- This site is optimized with the Yoast SEO plugin v21.4 - https:\/\/yoast.com\/wordpress\/plugins\/seo\/ -->\n<title>Niyobyum - Chemuza<\/title>\n<meta name=\"robots\" content=\"index, follow, max-snippet:-1, max-image-preview:large, max-video-preview:-1\" \/>\n<link rel=\"canonical\" href=\"https:\/\/chemuza.org\/tr\/niyobyum\/\" \/>\n<meta property=\"og:locale\" content=\"tr_TR\" \/>\n<meta property=\"og:type\" content=\"article\" \/>\n<meta property=\"og:title\" content=\"Niyobyum - Chemuza\" \/>\n<meta property=\"og:description\" content=\"Niyobyumun ilgin\u00e7 bir uygulamas\u0131, g\u00fczel k\u0131rm\u0131z\u0131, mavi, alt\u0131n ve ye\u015fil renklerin yanard\u00f6ner tonlar\u0131n\u0131 elde edebildi\u011fi i\u00e7in tak\u0131 unsuru olarak kullan\u0131lmas\u0131d\u0131r. Benzer \u015fekilde petrokimya, metalurji, havac\u0131l\u0131k ve cam end\u00fcstrilerinde de s\u0131kl\u0131kla kullan\u0131lmaktad\u0131r. Avantajl\u0131 fiziksel ve kimyasal \u00f6zelliklerinin onu nas\u0131l \u00e7ok y\u00f6nl\u00fc bir element haline getirdi\u011fini ke\u015ffedin. Niyobyum nedir? Columbium olarak da bilinen niyobyum kimyasal elementi, korozyona ... Devam\u0131n\u0131 oku\" \/>\n<meta property=\"og:url\" content=\"https:\/\/chemuza.org\/tr\/niyobyum\/\" \/>\n<meta property=\"og:site_name\" content=\"Chemuza\" \/>\n<meta name=\"twitter:card\" content=\"summary_large_image\" \/>\n<meta name=\"twitter:label1\" content=\"Tahmini okuma s\u00fcresi\" \/>\n\t<meta name=\"twitter:data1\" content=\"4 dakika\" \/>\n<script type=\"application\/ld+json\" class=\"yoast-schema-graph\">{\"@context\":\"https:\/\/schema.org\",\"@graph\":[{\"@type\":\"WebPage\",\"@id\":\"https:\/\/chemuza.org\/tr\/niyobyum\/\",\"url\":\"https:\/\/chemuza.org\/tr\/niyobyum\/\",\"name\":\"Niyobyum - Chemuza\",\"isPartOf\":{\"@id\":\"https:\/\/chemuza.org\/tr\/#website\"},\"datePublished\":\"2023-07-14T18:54:41+00:00\",\"dateModified\":\"2023-07-14T18:54:41+00:00\",\"breadcrumb\":{\"@id\":\"https:\/\/chemuza.org\/tr\/niyobyum\/#breadcrumb\"},\"inLanguage\":\"tr\",\"potentialAction\":[{\"@type\":\"ReadAction\",\"target\":[\"https:\/\/chemuza.org\/tr\/niyobyum\/\"]}]},{\"@type\":\"BreadcrumbList\",\"@id\":\"https:\/\/chemuza.org\/tr\/niyobyum\/#breadcrumb\",\"itemListElement\":[{\"@type\":\"ListItem\",\"position\":1,\"name\":\"Ev\",\"item\":\"https:\/\/chemuza.org\/tr\/\"},{\"@type\":\"ListItem\",\"position\":2,\"name\":\"Niyobyum\"}]},{\"@type\":\"WebSite\",\"@id\":\"https:\/\/chemuza.org\/tr\/#website\",\"url\":\"https:\/\/chemuza.org\/tr\/\",\"name\":\"Chemuza\",\"description\":\"Kimyasal ke\u015fiflere a\u00e7\u0131lan kap\u0131n\u0131z!\",\"publisher\":{\"@id\":\"https:\/\/chemuza.org\/tr\/#organization\"},\"potentialAction\":[{\"@type\":\"SearchAction\",\"target\":{\"@type\":\"EntryPoint\",\"urlTemplate\":\"https:\/\/chemuza.org\/tr\/?s={search_term_string}\"},\"query-input\":\"required name=search_term_string\"}],\"inLanguage\":\"tr\"},{\"@type\":\"Organization\",\"@id\":\"https:\/\/chemuza.org\/tr\/#organization\",\"name\":\"Chemuza\",\"url\":\"https:\/\/chemuza.org\/tr\/\",\"logo\":{\"@type\":\"ImageObject\",\"inLanguage\":\"tr\",\"@id\":\"https:\/\/chemuza.org\/tr\/#\/schema\/logo\/image\/\",\"url\":\"https:\/\/chemuza.org\/tr\/wp-content\/uploads\/2023\/10\/chemuza-logo.png\",\"contentUrl\":\"https:\/\/chemuza.org\/tr\/wp-content\/uploads\/2023\/10\/chemuza-logo.png\",\"width\":387,\"height\":70,\"caption\":\"Chemuza\"},\"image\":{\"@id\":\"https:\/\/chemuza.org\/tr\/#\/schema\/logo\/image\/\"}}]}<\/script>\n<!-- \/ Yoast SEO plugin. -->","yoast_head_json":{"title":"Niyobyum - Chemuza","robots":{"index":"index","follow":"follow","max-snippet":"max-snippet:-1","max-image-preview":"max-image-preview:large","max-video-preview":"max-video-preview:-1"},"canonical":"https:\/\/chemuza.org\/tr\/niyobyum\/","og_locale":"tr_TR","og_type":"article","og_title":"Niyobyum - Chemuza","og_description":"Niyobyumun ilgin\u00e7 bir uygulamas\u0131, g\u00fczel k\u0131rm\u0131z\u0131, mavi, alt\u0131n ve ye\u015fil renklerin yanard\u00f6ner tonlar\u0131n\u0131 elde edebildi\u011fi i\u00e7in tak\u0131 unsuru olarak kullan\u0131lmas\u0131d\u0131r. Benzer \u015fekilde petrokimya, metalurji, havac\u0131l\u0131k ve cam end\u00fcstrilerinde de s\u0131kl\u0131kla kullan\u0131lmaktad\u0131r. Avantajl\u0131 fiziksel ve kimyasal \u00f6zelliklerinin onu nas\u0131l \u00e7ok y\u00f6nl\u00fc bir element haline getirdi\u011fini ke\u015ffedin. Niyobyum nedir? Columbium olarak da bilinen niyobyum kimyasal elementi, korozyona ... Devam\u0131n\u0131 oku","og_url":"https:\/\/chemuza.org\/tr\/niyobyum\/","og_site_name":"Chemuza","twitter_card":"summary_large_image","twitter_misc":{"Tahmini okuma s\u00fcresi":"4 dakika"},"schema":{"@context":"https:\/\/schema.org","@graph":[{"@type":"WebPage","@id":"https:\/\/chemuza.org\/tr\/niyobyum\/","url":"https:\/\/chemuza.org\/tr\/niyobyum\/","name":"Niyobyum - Chemuza","isPartOf":{"@id":"https:\/\/chemuza.org\/tr\/#website"},"datePublished":"2023-07-14T18:54:41+00:00","dateModified":"2023-07-14T18:54:41+00:00","breadcrumb":{"@id":"https:\/\/chemuza.org\/tr\/niyobyum\/#breadcrumb"},"inLanguage":"tr","potentialAction":[{"@type":"ReadAction","target":["https:\/\/chemuza.org\/tr\/niyobyum\/"]}]},{"@type":"BreadcrumbList","@id":"https:\/\/chemuza.org\/tr\/niyobyum\/#breadcrumb","itemListElement":[{"@type":"ListItem","position":1,"name":"Ev","item":"https:\/\/chemuza.org\/tr\/"},{"@type":"ListItem","position":2,"name":"Niyobyum"}]},{"@type":"WebSite","@id":"https:\/\/chemuza.org\/tr\/#website","url":"https:\/\/chemuza.org\/tr\/","name":"Chemuza","description":"Kimyasal ke\u015fiflere a\u00e7\u0131lan kap\u0131n\u0131z!","publisher":{"@id":"https:\/\/chemuza.org\/tr\/#organization"},"potentialAction":[{"@type":"SearchAction","target":{"@type":"EntryPoint","urlTemplate":"https:\/\/chemuza.org\/tr\/?s={search_term_string}"},"query-input":"required name=search_term_string"}],"inLanguage":"tr"},{"@type":"Organization","@id":"https:\/\/chemuza.org\/tr\/#organization","name":"Chemuza","url":"https:\/\/chemuza.org\/tr\/","logo":{"@type":"ImageObject","inLanguage":"tr","@id":"https:\/\/chemuza.org\/tr\/#\/schema\/logo\/image\/","url":"https:\/\/chemuza.org\/tr\/wp-content\/uploads\/2023\/10\/chemuza-logo.png","contentUrl":"https:\/\/chemuza.org\/tr\/wp-content\/uploads\/2023\/10\/chemuza-logo.png","width":387,"height":70,"caption":"Chemuza"},"image":{"@id":"https:\/\/chemuza.org\/tr\/#\/schema\/logo\/image\/"}}]}},"yoast_meta":{"yoast_wpseo_title":"","yoast_wpseo_metadesc":"","yoast_wpseo_canonical":""},"_links":{"self":[{"href":"https:\/\/chemuza.org\/tr\/wp-json\/wp\/v2\/pages\/1458"}],"collection":[{"href":"https:\/\/chemuza.org\/tr\/wp-json\/wp\/v2\/pages"}],"about":[{"href":"https:\/\/chemuza.org\/tr\/wp-json\/wp\/v2\/types\/page"}],"author":[{"embeddable":true,"href":"https:\/\/chemuza.org\/tr\/wp-json\/wp\/v2\/users\/1"}],"replies":[{"embeddable":true,"href":"https:\/\/chemuza.org\/tr\/wp-json\/wp\/v2\/comments?post=1458"}],"version-history":[{"count":0,"href":"https:\/\/chemuza.org\/tr\/wp-json\/wp\/v2\/pages\/1458\/revisions"}],"wp:attachment":[{"href":"https:\/\/chemuza.org\/tr\/wp-json\/wp\/v2\/media?parent=1458"}],"curies":[{"name":"wp","href":"https:\/\/api.w.org\/{rel}","templated":true}]}}