{"id":1456,"date":"2023-07-14T19:36:02","date_gmt":"2023-07-14T19:36:02","guid":{"rendered":"https:\/\/chemuza.org\/tr\/cinko\/"},"modified":"2023-07-14T19:36:02","modified_gmt":"2023-07-14T19:36:02","slug":"cinko","status":"publish","type":"page","link":"https:\/\/chemuza.org\/tr\/cinko\/","title":{"rendered":"\u00c7inko"},"content":{"rendered":"<p>\u00c7inko periyodik tablodaki bir elementtir ve suda, toprakta, kayalarda, havada do\u011fal olarak bulunur ve t\u00fcm canl\u0131lar\u0131n refah\u0131 i\u00e7in hayati \u00f6neme sahiptir. Ayr\u0131ca baz\u0131 end\u00fcstriyel \u00fcr\u00fcn ve uygulamalarda da \u00f6nemli bir rol oynar. Ayr\u0131ca \u00e7eli\u011fi korozyondan korumak ve burada \u00f6\u011frenebilece\u011finiz di\u011fer uygulamalar i\u00e7in de kullan\u0131l\u0131r.<\/p>\n<h2> <strong>\u00c7inko nedir?<\/strong><\/h2>\n<p> S\u00fcnek ve d\u00f6v\u00fclebilir bir ge\u00e7i\u015f metalidir ve saf hali mavimsi beyaz renkte olup, havada mavimsi ye\u015fil bir alevle yanan bir metaldir. Kuru hava ona sald\u0131ramaz, ancak nem alt\u0131nda onu yal\u0131tan ve korozyondan koruyan bir y\u00fczey oksit tabakas\u0131 olu\u015fturur. So\u011fukken plastik deformasyona kar\u015f\u0131 dayan\u0131kl\u0131d\u0131r, s\u0131cakken bu deformasyon azal\u0131r ve 100\u00b0C&#8217;nin \u00fczerinde yuvarlanmas\u0131na olanak tan\u0131r.<\/p>\n<h3> <strong>\u00c7inko sembol\u00fc<\/strong><\/h3>\n<p> <span class=\"content-chemical-element\" style=\"float: left;width: 65px;height: 65px;border: 3px solid #666; display:flex;\n    justify-content: center;align-items: center;margin-right: 15px;\"><span style=\"font-size: 38px;\">Zn<\/span><\/span> Periyodik tablonun 12. grupta yer alan, atom a\u011f\u0131rl\u0131\u011f\u0131 65,37, atom numaras\u0131 30 olan kimyasal bir elementtir. \u00c7inkonun 5&#8217;i kararl\u0131 olmak \u00fczere 15 izotopu vard\u0131r.<\/p>\n<h2> <strong>\u00c7inkonun \u00f6zellikleri<\/strong><\/h2>\n<p> \u0130lgin\u00e7tir ki, ke\u015ffinden \u00e7ok \u00f6nce kullan\u0131lm\u0131\u015ft\u0131, \u00e7\u00fcnk\u00fc uzak Transilvanya&#8217;n\u0131n baz\u0131 kal\u0131nt\u0131lar\u0131nda %87 \u00c7inko i\u00e7eren pirin\u00e7 bulunmu\u015ftur. Di\u011fer \u00f6zellikler burada a\u00e7\u0131klanmaktad\u0131r:<\/p>\n<ul>\n<li> <strong>Kimyasal reaktivite<\/strong> : Reaktiftir ve 4 yar\u0131 kararl\u0131 durumu ve 14 saat s\u00fcren radyoaktif izotoplar\u0131 vard\u0131r.<\/li>\n<li> <strong>\u00c7\u00f6z\u00fcn\u00fcrl\u00fck<\/strong> : Katyon olu\u015fturan hidrojen atomlar\u0131n\u0131 serbest b\u0131rakan asitlerde \u00e7\u00f6z\u00fcn\u00fcr.<\/li>\n<li> <strong>Durumu<\/strong> : Do\u011fada durumu sa\u011flamd\u0131r.<\/li>\n<li> <strong>Elektrik iletkenli\u011fi:<\/strong> Elektrik ve \u0131s\u0131y\u0131 iletir.<\/li>\n<\/ul>\n<h2> <strong>\u00c7inkonun kimyasal ve fiziksel \u00f6zellikleri<\/strong><\/h2>\n<ol>\n<li> <strong>Atom numaras\u0131<\/strong> : 30<\/li>\n<li> <strong>D\u00f6nem:<\/strong> 4<\/li>\n<li> <strong>Blok:<\/strong> d<\/li>\n<li> <strong>Yo\u011funluk:<\/strong> 7140<\/li>\n<li> <strong>Kovalent yar\u0131\u00e7ap:<\/strong> 131<\/li>\n<li> <strong>Seviye ba\u015f\u0131na elektron say\u0131s\u0131:<\/strong> 2.8,12.2<\/li>\n<li> <strong>Atom yar\u0131\u00e7ap\u0131:<\/strong> 142<\/li>\n<li> <strong>\u00d6zg\u00fcl \u0131s\u0131:<\/strong> 390 J<\/li>\n<li> <strong>Elektronegatiflik:<\/strong> 1.6<\/li>\n<li> <strong>Buharla\u015fma entalpisi:<\/strong> 115,3 kJ\/mol<\/li>\n<li> <strong>Erime noktas\u0131:<\/strong> 692.68K<\/li>\n<li> <strong>Kaynama noktas\u0131:<\/strong> 1180K<\/li>\n<li> <strong>F\u00fczyon entalpisi:<\/strong> 7,322 Kj\/mol<\/li>\n<li> <strong>Ses h\u0131z\u0131:<\/strong> 293,15 K&#8217;de 3700 m\/s<\/li>\n<li> <strong>Buhar bas\u0131nc\u0131:<\/strong> 692,73 K&#8217;de 192,2 Pa<\/li>\n<li> <strong>Elektronik konfig\u00fcrasyon:<\/strong> [Ar]4s <sup>2<\/sup> 3d <sup>10<\/sup><\/li>\n<li> <strong>Elektriksel iletkenlik:<\/strong> 16,6 10 <sup>6<\/sup> S\/m<\/li>\n<\/ol>\n<h2> <strong>\u00c7inkonun k\u00f6keni<\/strong><\/h2>\n<p> Ad\u0131, Bak\u0131r ve \u00c7inko aras\u0131ndaki bir ala\u015f\u0131m\u0131n sonucu olan, pirin\u00e7ten t\u00fcretilen metallerden biri taraf\u0131ndan belirlenen Almanca \u00e7inko kelimesinden gelmektedir. Ayr\u0131ca y\u00fcksek f\u0131r\u0131nlarda depoland\u0131\u011f\u0131nda ald\u0131\u011f\u0131 \u015fekil nedeniyle Almancada keskin u\u00e7 anlam\u0131na gelen zinke kelimesinden gelmektedir.<\/p>\n<p> \u00c7inko ve bak\u0131r izabe tesislerinin tamam\u0131 K\u0131br\u0131s&#8217;ta ke\u015ffedildi ve daha sonra Romal\u0131lar taraf\u0131ndan kullan\u0131ld\u0131. 13. y\u00fczy\u0131lda Hindistan&#8217;da \u00e7inko karbonat\u0131n ah\u015fapla indirgenmesi yoluyla metalik olarak elde edildi. Daha sonra 1746 y\u0131l\u0131nda Avrupa&#8217;da Andreas Marggraf k\u00f6m\u00fcrle kireci k\u00fc\u00e7\u00fclterek onu yeniden ke\u015ffetti.<\/p>\n<h2> <strong>\u00c7inko ne i\u00e7in kullan\u0131l\u0131r?<\/strong><\/h2>\n<p> Antik \u00e7a\u011flardan beri s\u00fcs elemanlar\u0131na y\u00f6nelik par\u00e7alar\u0131n imalat\u0131nda kullan\u0131lmaktad\u0131r. Bug\u00fcn a\u015fa\u011f\u0131da a\u00e7\u0131kland\u0131\u011f\u0131 gibi end\u00fcstriyel s\u00fcre\u00e7lerin yan\u0131 s\u0131ra in\u015faat ve t\u0131pta da kullan\u0131lmaktad\u0131r:<\/p>\n<h3> <strong>T\u0131p ve Kozmetik<\/strong><\/h3>\n<p> \u00c7inko oksit, epidermisin zarar g\u00f6rmesini \u00f6nlemek, iltihap ve yaralar\u0131n iyile\u015fmesini h\u0131zland\u0131rmak i\u00e7in kullan\u0131l\u0131r ve cilt y\u00fczeyine ince bir tabaka olu\u015fturarak yap\u0131\u015f\u0131r. Bu nedenle deodorantlarda, losyonlarda, pansumanlarda, \u015fampuanlarda, di\u015f macunlar\u0131nda, cilt ve ayak kremlerinde kullan\u0131l\u0131r. Ayr\u0131ca zat\u00fcrre ve ishal gibi hastal\u0131klar\u0131n \u00f6nlenmesine yard\u0131mc\u0131 oldu\u011fundan v\u00fccudun d\u00fczg\u00fcn i\u015fleyi\u015fine faydal\u0131d\u0131r. Bebeklerde kemik geli\u015fimi i\u00e7in bile gereklidir.<\/p>\n<h3> <strong>end\u00fcstriyel kullan\u0131mlar<\/strong><\/h3>\n<p> \u0130\u015flevi metallerin korozyonunu azaltmak oldu\u011fundan demir veya \u00e7eli\u011fi galvanizlemek i\u00e7in kullan\u0131l\u0131r. Ayr\u0131ca \u00e7at\u0131lar, borular, kanallar, korni\u015fler veya tanklar i\u00e7in oluklu ve d\u00fcz levhalar\u0131n yap\u0131m\u0131nda ve di\u011fer metallerle birlikte s\u00fcs e\u015fyalar\u0131n\u0131n \u00fcretiminde de kullan\u0131l\u0131r.<\/p>\n<p> Ayr\u0131ca beyaz ya\u011fl\u0131 boya imalat\u0131nda ve boyada \u015feffafl\u0131k sa\u011flamak amac\u0131yla da kullan\u0131l\u0131r. \u00c7inko anot, gemilerin veya su depolar\u0131n\u0131n metal aksamlar\u0131n\u0131n korozyonunu \u00f6nlemek amac\u0131yla kullan\u0131l\u0131r. Ala\u015f\u0131mlar otomotiv sekt\u00f6r\u00fc i\u00e7in d\u00f6k\u00fcm imalat\u0131nda faydal\u0131d\u0131r.<\/p>\n<h3> <strong>Havac\u0131l\u0131k end\u00fcstrisi<\/strong><\/h3>\n<p> Havac\u0131l\u0131k uygulamalar\u0131nda piller, a\u011f\u0131rl\u0131k birimlerindeki m\u00fckemmel performanslar\u0131ndan dolay\u0131 uzay kaps\u00fclleri ve f\u00fczelerin \u00fcretiminde kullan\u0131l\u0131r. Ayr\u0131ca diz\u00fcst\u00fc bilgisayar bile\u015fenlerinde de yayg\u0131nd\u0131r.<\/p>\n<h2> <strong>\u00c7inko i\u00e7eren g\u0131dalar<\/strong><\/h2>\n<p> \u00c7inko a\u00e7\u0131s\u0131ndan zengin besinler \u015funlard\u0131r:<\/p>\n<ul>\n<li> Pirin\u00e7 tamamlay\u0131n.<\/li>\n<li> Yumurtalar.<\/li>\n<li> \u0130stiridye, istiridye ve yenge\u00e7 gibi kabuklu deniz \u00fcr\u00fcnleri.<\/li>\n<li> Ya\u011fs\u0131z et ve domuz eti.<\/li>\n<li> kabaklar.<\/li>\n<li> Peynirler.<\/li>\n<li> Karpuz tohumlar\u0131.<\/li>\n<li> Tavuk ve hindi.<\/li>\n<li> yer f\u0131st\u0131\u011f\u0131.<\/li>\n<li> F\u0131nd\u0131k ve badem.<\/li>\n<li> Bitter \u00e7ikolata.<\/li>\n<\/ul>\n<p> Sonu\u00e7 olarak \u00c7inko, kadmiyum ve magnezyum gibi hayati bir kimyasal elementtir. Yerkabu\u011funda en \u00e7ok bulunan elementtir ve s\u00fcnek ve d\u00f6v\u00fclebilir bir metal olmas\u0131 nedeniyle sanayi sekt\u00f6r\u00fcn\u00fcn arad\u0131\u011f\u0131 23 elementten biridir.<\/p>\n","protected":false},"excerpt":{"rendered":"<p>\u00c7inko periyodik tablodaki bir elementtir ve suda, toprakta, kayalarda, havada do\u011fal olarak bulunur ve t\u00fcm canl\u0131lar\u0131n refah\u0131 i\u00e7in hayati \u00f6neme sahiptir. Ayr\u0131ca baz\u0131 end\u00fcstriyel \u00fcr\u00fcn ve uygulamalarda da \u00f6nemli bir rol oynar. Ayr\u0131ca \u00e7eli\u011fi korozyondan korumak ve burada \u00f6\u011frenebilece\u011finiz di\u011fer uygulamalar i\u00e7in de kullan\u0131l\u0131r. \u00c7inko nedir? S\u00fcnek ve d\u00f6v\u00fclebilir bir ge\u00e7i\u015f metalidir ve saf hali &#8230; <a title=\"\u00c7inko\" class=\"read-more\" href=\"https:\/\/chemuza.org\/tr\/cinko\/\" aria-label=\"More on \u00c7inko\">Devam\u0131n\u0131 oku<\/a><\/p>\n","protected":false},"author":1,"featured_media":0,"parent":0,"menu_order":0,"comment_status":"closed","ping_status":"closed","template":"","meta":{"footnotes":""},"yoast_head":"<!-- This site is optimized with the Yoast SEO plugin v21.4 - https:\/\/yoast.com\/wordpress\/plugins\/seo\/ -->\n<title>\u00c7inko - Chemuza<\/title>\n<meta name=\"robots\" content=\"index, follow, max-snippet:-1, max-image-preview:large, max-video-preview:-1\" \/>\n<link rel=\"canonical\" href=\"https:\/\/chemuza.org\/tr\/cinko\/\" \/>\n<meta property=\"og:locale\" content=\"tr_TR\" \/>\n<meta property=\"og:type\" content=\"article\" \/>\n<meta property=\"og:title\" content=\"\u00c7inko - Chemuza\" \/>\n<meta property=\"og:description\" content=\"\u00c7inko periyodik tablodaki bir elementtir ve suda, toprakta, kayalarda, havada do\u011fal olarak bulunur ve t\u00fcm canl\u0131lar\u0131n refah\u0131 i\u00e7in hayati \u00f6neme sahiptir. Ayr\u0131ca baz\u0131 end\u00fcstriyel \u00fcr\u00fcn ve uygulamalarda da \u00f6nemli bir rol oynar. Ayr\u0131ca \u00e7eli\u011fi korozyondan korumak ve burada \u00f6\u011frenebilece\u011finiz di\u011fer uygulamalar i\u00e7in de kullan\u0131l\u0131r. \u00c7inko nedir? S\u00fcnek ve d\u00f6v\u00fclebilir bir ge\u00e7i\u015f metalidir ve saf hali ... Devam\u0131n\u0131 oku\" \/>\n<meta property=\"og:url\" content=\"https:\/\/chemuza.org\/tr\/cinko\/\" \/>\n<meta property=\"og:site_name\" content=\"Chemuza\" \/>\n<meta name=\"twitter:card\" content=\"summary_large_image\" \/>\n<meta name=\"twitter:label1\" content=\"Tahmini okuma s\u00fcresi\" \/>\n\t<meta name=\"twitter:data1\" content=\"4 dakika\" \/>\n<script type=\"application\/ld+json\" class=\"yoast-schema-graph\">{\"@context\":\"https:\/\/schema.org\",\"@graph\":[{\"@type\":\"WebPage\",\"@id\":\"https:\/\/chemuza.org\/tr\/cinko\/\",\"url\":\"https:\/\/chemuza.org\/tr\/cinko\/\",\"name\":\"\u00c7inko - Chemuza\",\"isPartOf\":{\"@id\":\"https:\/\/chemuza.org\/tr\/#website\"},\"datePublished\":\"2023-07-14T19:36:02+00:00\",\"dateModified\":\"2023-07-14T19:36:02+00:00\",\"breadcrumb\":{\"@id\":\"https:\/\/chemuza.org\/tr\/cinko\/#breadcrumb\"},\"inLanguage\":\"tr\",\"potentialAction\":[{\"@type\":\"ReadAction\",\"target\":[\"https:\/\/chemuza.org\/tr\/cinko\/\"]}]},{\"@type\":\"BreadcrumbList\",\"@id\":\"https:\/\/chemuza.org\/tr\/cinko\/#breadcrumb\",\"itemListElement\":[{\"@type\":\"ListItem\",\"position\":1,\"name\":\"Ev\",\"item\":\"https:\/\/chemuza.org\/tr\/\"},{\"@type\":\"ListItem\",\"position\":2,\"name\":\"\u00c7inko\"}]},{\"@type\":\"WebSite\",\"@id\":\"https:\/\/chemuza.org\/tr\/#website\",\"url\":\"https:\/\/chemuza.org\/tr\/\",\"name\":\"Chemuza\",\"description\":\"Kimyasal ke\u015fiflere a\u00e7\u0131lan kap\u0131n\u0131z!\",\"publisher\":{\"@id\":\"https:\/\/chemuza.org\/tr\/#organization\"},\"potentialAction\":[{\"@type\":\"SearchAction\",\"target\":{\"@type\":\"EntryPoint\",\"urlTemplate\":\"https:\/\/chemuza.org\/tr\/?s={search_term_string}\"},\"query-input\":\"required name=search_term_string\"}],\"inLanguage\":\"tr\"},{\"@type\":\"Organization\",\"@id\":\"https:\/\/chemuza.org\/tr\/#organization\",\"name\":\"Chemuza\",\"url\":\"https:\/\/chemuza.org\/tr\/\",\"logo\":{\"@type\":\"ImageObject\",\"inLanguage\":\"tr\",\"@id\":\"https:\/\/chemuza.org\/tr\/#\/schema\/logo\/image\/\",\"url\":\"https:\/\/chemuza.org\/tr\/wp-content\/uploads\/2023\/10\/chemuza-logo.png\",\"contentUrl\":\"https:\/\/chemuza.org\/tr\/wp-content\/uploads\/2023\/10\/chemuza-logo.png\",\"width\":387,\"height\":70,\"caption\":\"Chemuza\"},\"image\":{\"@id\":\"https:\/\/chemuza.org\/tr\/#\/schema\/logo\/image\/\"}}]}<\/script>\n<!-- \/ Yoast SEO plugin. -->","yoast_head_json":{"title":"\u00c7inko - Chemuza","robots":{"index":"index","follow":"follow","max-snippet":"max-snippet:-1","max-image-preview":"max-image-preview:large","max-video-preview":"max-video-preview:-1"},"canonical":"https:\/\/chemuza.org\/tr\/cinko\/","og_locale":"tr_TR","og_type":"article","og_title":"\u00c7inko - Chemuza","og_description":"\u00c7inko periyodik tablodaki bir elementtir ve suda, toprakta, kayalarda, havada do\u011fal olarak bulunur ve t\u00fcm canl\u0131lar\u0131n refah\u0131 i\u00e7in hayati \u00f6neme sahiptir. Ayr\u0131ca baz\u0131 end\u00fcstriyel \u00fcr\u00fcn ve uygulamalarda da \u00f6nemli bir rol oynar. Ayr\u0131ca \u00e7eli\u011fi korozyondan korumak ve burada \u00f6\u011frenebilece\u011finiz di\u011fer uygulamalar i\u00e7in de kullan\u0131l\u0131r. \u00c7inko nedir? S\u00fcnek ve d\u00f6v\u00fclebilir bir ge\u00e7i\u015f metalidir ve saf hali ... Devam\u0131n\u0131 oku","og_url":"https:\/\/chemuza.org\/tr\/cinko\/","og_site_name":"Chemuza","twitter_card":"summary_large_image","twitter_misc":{"Tahmini okuma s\u00fcresi":"4 dakika"},"schema":{"@context":"https:\/\/schema.org","@graph":[{"@type":"WebPage","@id":"https:\/\/chemuza.org\/tr\/cinko\/","url":"https:\/\/chemuza.org\/tr\/cinko\/","name":"\u00c7inko - Chemuza","isPartOf":{"@id":"https:\/\/chemuza.org\/tr\/#website"},"datePublished":"2023-07-14T19:36:02+00:00","dateModified":"2023-07-14T19:36:02+00:00","breadcrumb":{"@id":"https:\/\/chemuza.org\/tr\/cinko\/#breadcrumb"},"inLanguage":"tr","potentialAction":[{"@type":"ReadAction","target":["https:\/\/chemuza.org\/tr\/cinko\/"]}]},{"@type":"BreadcrumbList","@id":"https:\/\/chemuza.org\/tr\/cinko\/#breadcrumb","itemListElement":[{"@type":"ListItem","position":1,"name":"Ev","item":"https:\/\/chemuza.org\/tr\/"},{"@type":"ListItem","position":2,"name":"\u00c7inko"}]},{"@type":"WebSite","@id":"https:\/\/chemuza.org\/tr\/#website","url":"https:\/\/chemuza.org\/tr\/","name":"Chemuza","description":"Kimyasal ke\u015fiflere a\u00e7\u0131lan kap\u0131n\u0131z!","publisher":{"@id":"https:\/\/chemuza.org\/tr\/#organization"},"potentialAction":[{"@type":"SearchAction","target":{"@type":"EntryPoint","urlTemplate":"https:\/\/chemuza.org\/tr\/?s={search_term_string}"},"query-input":"required name=search_term_string"}],"inLanguage":"tr"},{"@type":"Organization","@id":"https:\/\/chemuza.org\/tr\/#organization","name":"Chemuza","url":"https:\/\/chemuza.org\/tr\/","logo":{"@type":"ImageObject","inLanguage":"tr","@id":"https:\/\/chemuza.org\/tr\/#\/schema\/logo\/image\/","url":"https:\/\/chemuza.org\/tr\/wp-content\/uploads\/2023\/10\/chemuza-logo.png","contentUrl":"https:\/\/chemuza.org\/tr\/wp-content\/uploads\/2023\/10\/chemuza-logo.png","width":387,"height":70,"caption":"Chemuza"},"image":{"@id":"https:\/\/chemuza.org\/tr\/#\/schema\/logo\/image\/"}}]}},"yoast_meta":{"yoast_wpseo_title":"","yoast_wpseo_metadesc":"","yoast_wpseo_canonical":""},"_links":{"self":[{"href":"https:\/\/chemuza.org\/tr\/wp-json\/wp\/v2\/pages\/1456"}],"collection":[{"href":"https:\/\/chemuza.org\/tr\/wp-json\/wp\/v2\/pages"}],"about":[{"href":"https:\/\/chemuza.org\/tr\/wp-json\/wp\/v2\/types\/page"}],"author":[{"embeddable":true,"href":"https:\/\/chemuza.org\/tr\/wp-json\/wp\/v2\/users\/1"}],"replies":[{"embeddable":true,"href":"https:\/\/chemuza.org\/tr\/wp-json\/wp\/v2\/comments?post=1456"}],"version-history":[{"count":0,"href":"https:\/\/chemuza.org\/tr\/wp-json\/wp\/v2\/pages\/1456\/revisions"}],"wp:attachment":[{"href":"https:\/\/chemuza.org\/tr\/wp-json\/wp\/v2\/media?parent=1456"}],"curies":[{"name":"wp","href":"https:\/\/api.w.org\/{rel}","templated":true}]}}