{"id":1453,"date":"2023-07-14T20:50:52","date_gmt":"2023-07-14T20:50:52","guid":{"rendered":"https:\/\/chemuza.org\/tr\/titanyum\/"},"modified":"2023-07-14T20:50:52","modified_gmt":"2023-07-14T20:50:52","slug":"titanyum","status":"publish","type":"page","link":"https:\/\/chemuza.org\/tr\/titanyum\/","title":{"rendered":"Titanyum"},"content":{"rendered":"<p>Titanyum yer kabu\u011funda en \u00e7ok bulunan 9. elementtir, \u00e7e\u015fitli do\u011fal su k\u00fctlelerinde ve ya\u015famda bulunur. Ayr\u0131ca \u00e7o\u011fu magmatik ve tortul kaya\u00e7ta da bulunur. Ala\u015f\u0131mlar\u0131, modern havac\u0131l\u0131k end\u00fcstrisi ve m\u00fccevher, mobil cihazlar ve t\u0131p uygulamalar\u0131 da dahil olmak \u00fczere \u00e7ok \u00e7e\u015fitli \u015fekillerde kullan\u0131lmaktad\u0131r. Periyodik tablonun bu \u00f6\u011fesinin neleri gerektirdi\u011fi hakk\u0131nda daha fazla bilgi edinin.<\/p>\n<h2> <strong>Titanyum nedir?<\/strong><\/h2>\n<p> Y\u00fcksek sertlik ve d\u00fc\u015f\u00fck yo\u011funluk sergileyen gri bir ge\u00e7i\u015f metalidir. Saf haldeyken deniz suyu veya klor onu a\u015f\u0131nd\u0131ramaz \u00e7\u00fcnk\u00fc \u00e7elik gibi \u00e7ok dayan\u0131kl\u0131 ve sa\u011flamd\u0131r. Erime noktas\u0131 y\u00fcksektir, bu da d\u00fc\u015f\u00fck \u0131s\u0131 ve elektrik iletkenli\u011fi durumlar\u0131nda kullan\u0131\u015fl\u0131d\u0131r.<\/p>\n<h3> <strong>Titanyum sembol\u00fc<\/strong><\/h3>\n<p> <span class=\"content-chemical-element\" style=\"float: left;width: 65px;height: 65px;border: 3px solid #666; display:flex;\n    justify-content: center;align-items: center;margin-right: 15px;\"><span style=\"font-size: 38px;\">Ti<\/span><\/span> Atom numaras\u0131 22 ve a\u011f\u0131rl\u0131\u011f\u0131 47,90 olan periyodik tablonun 4. grubunda yer al\u0131r. En yayg\u0131n bile\u015fikleri titanyum dioksit, titanyum tetraklor\u00fcr ve titanyum triklor\u00fcrd\u00fcr. Ayr\u0131ca iki allotropik formu ve 5 do\u011fal izotopu vard\u0131r.<\/p>\n<h2> <strong>Titanyumun \u00f6zellikleri<\/strong><\/h2>\n<p> Di\u011fer metaller gibi, di\u011ferlerinin yan\u0131 s\u0131ra vanadyum, al\u00fcminyum, demir ve molibden ile ala\u015f\u0131mlar olu\u015fturmak \u00fczere birle\u015fir. Bir ge\u00e7i\u015f metali olarak \u00f6zellikleri hakk\u0131nda daha fazla bilgi edinin:<\/p>\n<ul>\n<li> <strong>Kimyasal Reaktivite<\/strong> : Y\u00fcksek \u00e7\u00fcnk\u00fc erime noktas\u0131na ula\u015fmadan yanmaya ba\u015fl\u0131yor.<\/li>\n<\/ul>\n<ul>\n<li> <strong>Erime noktas\u0131<\/strong> : Y\u00fcksek oldu\u011fundan refrakter metal olarak kullan\u0131l\u0131r.<\/li>\n<li> <strong>Durum<\/strong> : Sa\u011flam ve do\u011fal.<\/li>\n<li> <strong>De\u011fi\u015fiklikler<\/strong> : D\u00fc\u015f\u00fck s\u0131cakl\u0131klarda kompakt alt\u0131gen \u015feklinde kristalle\u015fir, ancak y\u00fcksek iklim ona k\u00fcbik bir \u015fekil verir.<\/li>\n<li> <strong>Diren\u00e7<\/strong> : \u00dcst s\u0131n\u0131r\u0131 538\u00b0C, alt s\u0131n\u0131r\u0131 -253\u00b0C&#8217;dir. K\u0131sa s\u00fcrelerde 1100\u00b0C civar\u0131na kadar kullan\u0131labilir.<\/li>\n<\/ul>\n<h2> <strong>Titanyumun kimyasal ve fiziksel \u00f6zellikleri<\/strong><\/h2>\n<ol>\n<li> <strong>Atom numaras\u0131<\/strong> : 22<\/li>\n<li> <strong>Elektronegatiflik:<\/strong> 1,5<\/li>\n<li> <strong>Kovalent yar\u0131\u00e7ap (\u00c5):<\/strong> 1,36<\/li>\n<li> <strong>Atom k\u00fctlesi (g\/mol):<\/strong> 47,90<\/li>\n<li> <strong>Elektronik konfig\u00fcrasyon:<\/strong> [Ar] 3d <sup>2<\/sup> 4s <sup>2<\/sup><\/li>\n<li> <strong>\u0130lk iyonla\u015fma potansiyeli (eV):<\/strong> 6,89<\/li>\n<li> <strong>Buharla\u015fma entalpisi:<\/strong> 421 kJ\/mol<\/li>\n<li> <strong>F\u00fczyon entalpisi:<\/strong> 15,45 Kj\/mol<\/li>\n<li> <strong>Erime noktas\u0131:<\/strong> 1668 <strong>&nbsp;<\/strong><\/li>\n<li> <strong>Ses h\u0131z\u0131:<\/strong> 293,15 K&#8217;de 4140 m\/s<\/li>\n<li> <strong>Buhar bas\u0131nc\u0131:<\/strong> 1933 K&#8217;de 0,49 Pa<\/li>\n<li> <strong>Kristal yap\u0131s\u0131:<\/strong> alt\u0131gen<\/li>\n<li> <strong>Kaynama noktas\u0131:<\/strong> 3260<\/li>\n<li> <strong>Titanyumun yo\u011funlu\u011fu:<\/strong> 4.51<\/li>\n<\/ol>\n<h2> <strong>Titanyumun k\u00f6keni<\/strong><\/h2>\n<p> Ad\u0131, muhtemelen d\u00fcnyan\u0131n \u00e7ocuklar\u0131 anlam\u0131na gelen Latince Titans kelimesinden geliyor. Ke\u015ffi, papaz William Gregor taraf\u0131ndan 1791 y\u0131l\u0131na kadar uzan\u0131yor. Bu mineralog, bir derede bir t\u00fcr siyah kum buldu ve onu bir m\u0131knat\u0131s\u0131n \u00e7ekti\u011fini g\u00f6zlemledi. Daha sonra bunu analiz etti ve iki metal oksidin oldu\u011funa tan\u0131k oldu; biri demir, di\u011feri titanyumdu, ancak o s\u0131rada tan\u0131mlayamam\u0131\u015ft\u0131.<\/p>\n<p> Daha sonra 1795 y\u0131l\u0131nda kimyager Martin Heinrich Klaproth bir rutil minerali \u00fczerinde \u00e7al\u0131\u015f\u0131rken Yunan mitolojisindeki devlerin onuruna Titanyum ad\u0131n\u0131 <strong>verdi\u011fi<\/strong> bu metale rastlad\u0131.<\/p>\n<h2> <strong>Titanyum ne i\u00e7in kullan\u0131l\u0131r?<\/strong><\/h2>\n<p> Karbon i\u00e7eri\u011fini azaltmak i\u00e7in paslanmaz \u00e7elik ala\u015f\u0131mlar\u0131nda kullan\u0131lmas\u0131 yayg\u0131nd\u0131r. En yayg\u0131n olanlar\u0131 demir, manganez, vanadyum, bak\u0131r ve di\u011fer metallerdir. Ayr\u0131ca a\u015fa\u011f\u0131daki alanlarda da bulmak m\u00fcmk\u00fcnd\u00fcr:<\/p>\n<h3> <strong>Havac\u0131l\u0131k ve havac\u0131l\u0131k end\u00fcstrisi<\/strong><\/h3>\n<p> Y\u00fcksek s\u0131cakl\u0131klara dayan\u0131kl\u0131 olmas\u0131 ve deforme olmamas\u0131 nedeniyle gemi, f\u00fcze, roket, tekne ve otomobil z\u0131rhlar\u0131n\u0131n imalat\u0131nda kullan\u0131lmaktad\u0131r. Ayr\u0131ca ini\u015f tak\u0131mlar\u0131nda, hidrolik sistemlerde ve egzoz kanallar\u0131nda da kullan\u0131l\u0131r.<\/p>\n<h3> <strong>\u0130la\u00e7<\/strong><\/h3>\n<p> Bu alandaki uygulamalar\u0131 di\u015f implantlar\u0131 ve cerrahi aletlerle ilgilidir. Kemiklerle b\u00fct\u00fcnle\u015fti\u011fi i\u00e7in ortopedik par\u00e7alar\u0131n \u00fcretiminde idealdir. Vidalar, \u00e7iviler, tekerlekli sandalyeler ve koltuk de\u011fnekleri de yap\u0131labilir.<\/p>\n<h3> <strong>Kimyasal end\u00fcstri<\/strong><\/h3>\n<p> Tank ve \u0131s\u0131 e\u015fanj\u00f6rleri gibi ekipmanlarda kullan\u0131l\u0131r. Sertli\u011fi nedeniyle delmede, \u00e7elik ve metalurji uygulamalar\u0131nda kullan\u0131l\u0131r. Ayr\u0131ca ultrasonik kaynak, p\u00fcsk\u00fcrtme, dalga lehimleme, sis perdeleri ve yanard\u00f6ner camlarda da kullan\u0131l\u0131r.<\/p>\n<h3> <strong>Katk\u0131 maddeleri ve pigmentler<\/strong><\/h3>\n<p> Karbon dioksit<strong> <\/strong>Boyalara, plastiklere ve di\u015f macunlar\u0131na beyaz renk vermek i\u00e7in kullan\u0131l\u0131r. \u00c7imentoda, de\u011ferli ta\u015flarda, ka\u011f\u0131tta, oltalara sertlik kazand\u0131rmak amac\u0131yla ve g\u00fcne\u015f kreminde katk\u0131 maddesi olarak da kullan\u0131l\u0131r.<\/p>\n<h3> <strong>Kuyumcu<\/strong><\/h3>\n<p> Dayan\u0131kl\u0131l\u0131\u011f\u0131 ve inert \u00f6zellikleri nedeniyle s\u00f6z konusu metalin yap\u0131m\u0131nda alt\u0131nla ala\u015f\u0131m olarak kullan\u0131l\u0131r. Ayr\u0131ca saatlerin, heykellerin, mobilyalar\u0131n ve dekoratif objelerin kapaklar\u0131nda da kullan\u0131lmaktad\u0131r. Ayr\u0131ca farkl\u0131 renkler elde edilebildi\u011fi i\u00e7in piercinglerde de kullan\u0131m\u0131 yayg\u0131nd\u0131r.<\/p>\n<h3> <strong>G\u00fcndelik Ya\u015fam<\/strong><\/h3>\n<p> Golf sopalar\u0131, tenis raketleri, bisiklet \u00e7er\u00e7eveleri ve lakros kulplar\u0131 gibi bir\u00e7ok spor ekipman\u0131nda kullan\u0131l\u0131r. Ayr\u0131ca g\u00f6zl\u00fck \u00e7er\u00e7evelerinde, el fenerlerinde, mutfak e\u015fyalar\u0131nda, at nal\u0131 yap\u0131m\u0131nda, diz\u00fcst\u00fc bilgisayar kasalar\u0131nda da kullan\u0131lmaktad\u0131r. Korozyona kar\u015f\u0131 dayan\u0131kl\u0131l\u0131\u011f\u0131 nedeniyle transmisyon milleri, tuzdan ar\u0131nd\u0131rma tesislerinde \u0131s\u0131 e\u015fanj\u00f6rleri, dal\u0131\u015f b\u0131\u00e7aklar\u0131, kancalar ve olta imalat\u0131nda kullan\u0131l\u0131r. K\u0131saca Titanyum<strong> <\/strong>Periyodik tablonun 4. grubuna ait olan ve toprakta, suda ve kayalarda bulunan bir ge\u00e7i\u015f metalidir. Kimya end\u00fcstrisinde, ortopedik cihazlara y\u00f6nelik ila\u00e7larda ve spor malzemeleri gibi g\u00fcnl\u00fck nesnelerde kullan\u0131m\u0131 \u00e7ok \u00e7e\u015fitlidir.<\/p>\n","protected":false},"excerpt":{"rendered":"<p>Titanyum yer kabu\u011funda en \u00e7ok bulunan 9. elementtir, \u00e7e\u015fitli do\u011fal su k\u00fctlelerinde ve ya\u015famda bulunur. Ayr\u0131ca \u00e7o\u011fu magmatik ve tortul kaya\u00e7ta da bulunur. Ala\u015f\u0131mlar\u0131, modern havac\u0131l\u0131k end\u00fcstrisi ve m\u00fccevher, mobil cihazlar ve t\u0131p uygulamalar\u0131 da dahil olmak \u00fczere \u00e7ok \u00e7e\u015fitli \u015fekillerde kullan\u0131lmaktad\u0131r. Periyodik tablonun bu \u00f6\u011fesinin neleri gerektirdi\u011fi hakk\u0131nda daha fazla bilgi edinin. Titanyum nedir? &#8230; <a title=\"Titanyum\" class=\"read-more\" href=\"https:\/\/chemuza.org\/tr\/titanyum\/\" aria-label=\"More on Titanyum\">Devam\u0131n\u0131 oku<\/a><\/p>\n","protected":false},"author":1,"featured_media":0,"parent":0,"menu_order":0,"comment_status":"closed","ping_status":"closed","template":"","meta":{"footnotes":""},"yoast_head":"<!-- This site is optimized with the Yoast SEO plugin v21.4 - https:\/\/yoast.com\/wordpress\/plugins\/seo\/ -->\n<title>Titanyum - Chemuza<\/title>\n<meta name=\"robots\" content=\"index, follow, max-snippet:-1, max-image-preview:large, max-video-preview:-1\" \/>\n<link rel=\"canonical\" href=\"https:\/\/chemuza.org\/tr\/titanyum\/\" \/>\n<meta property=\"og:locale\" content=\"tr_TR\" \/>\n<meta property=\"og:type\" content=\"article\" \/>\n<meta property=\"og:title\" content=\"Titanyum - Chemuza\" \/>\n<meta property=\"og:description\" content=\"Titanyum yer kabu\u011funda en \u00e7ok bulunan 9. elementtir, \u00e7e\u015fitli do\u011fal su k\u00fctlelerinde ve ya\u015famda bulunur. Ayr\u0131ca \u00e7o\u011fu magmatik ve tortul kaya\u00e7ta da bulunur. Ala\u015f\u0131mlar\u0131, modern havac\u0131l\u0131k end\u00fcstrisi ve m\u00fccevher, mobil cihazlar ve t\u0131p uygulamalar\u0131 da dahil olmak \u00fczere \u00e7ok \u00e7e\u015fitli \u015fekillerde kullan\u0131lmaktad\u0131r. Periyodik tablonun bu \u00f6\u011fesinin neleri gerektirdi\u011fi hakk\u0131nda daha fazla bilgi edinin. Titanyum nedir? ... Devam\u0131n\u0131 oku\" \/>\n<meta property=\"og:url\" content=\"https:\/\/chemuza.org\/tr\/titanyum\/\" \/>\n<meta property=\"og:site_name\" content=\"Chemuza\" \/>\n<meta name=\"twitter:card\" content=\"summary_large_image\" \/>\n<meta name=\"twitter:label1\" content=\"Tahmini okuma s\u00fcresi\" \/>\n\t<meta name=\"twitter:data1\" content=\"4 dakika\" \/>\n<script type=\"application\/ld+json\" class=\"yoast-schema-graph\">{\"@context\":\"https:\/\/schema.org\",\"@graph\":[{\"@type\":\"WebPage\",\"@id\":\"https:\/\/chemuza.org\/tr\/titanyum\/\",\"url\":\"https:\/\/chemuza.org\/tr\/titanyum\/\",\"name\":\"Titanyum - Chemuza\",\"isPartOf\":{\"@id\":\"https:\/\/chemuza.org\/tr\/#website\"},\"datePublished\":\"2023-07-14T20:50:52+00:00\",\"dateModified\":\"2023-07-14T20:50:52+00:00\",\"breadcrumb\":{\"@id\":\"https:\/\/chemuza.org\/tr\/titanyum\/#breadcrumb\"},\"inLanguage\":\"tr\",\"potentialAction\":[{\"@type\":\"ReadAction\",\"target\":[\"https:\/\/chemuza.org\/tr\/titanyum\/\"]}]},{\"@type\":\"BreadcrumbList\",\"@id\":\"https:\/\/chemuza.org\/tr\/titanyum\/#breadcrumb\",\"itemListElement\":[{\"@type\":\"ListItem\",\"position\":1,\"name\":\"Ev\",\"item\":\"https:\/\/chemuza.org\/tr\/\"},{\"@type\":\"ListItem\",\"position\":2,\"name\":\"Titanyum\"}]},{\"@type\":\"WebSite\",\"@id\":\"https:\/\/chemuza.org\/tr\/#website\",\"url\":\"https:\/\/chemuza.org\/tr\/\",\"name\":\"Chemuza\",\"description\":\"Kimyasal ke\u015fiflere a\u00e7\u0131lan kap\u0131n\u0131z!\",\"publisher\":{\"@id\":\"https:\/\/chemuza.org\/tr\/#organization\"},\"potentialAction\":[{\"@type\":\"SearchAction\",\"target\":{\"@type\":\"EntryPoint\",\"urlTemplate\":\"https:\/\/chemuza.org\/tr\/?s={search_term_string}\"},\"query-input\":\"required name=search_term_string\"}],\"inLanguage\":\"tr\"},{\"@type\":\"Organization\",\"@id\":\"https:\/\/chemuza.org\/tr\/#organization\",\"name\":\"Chemuza\",\"url\":\"https:\/\/chemuza.org\/tr\/\",\"logo\":{\"@type\":\"ImageObject\",\"inLanguage\":\"tr\",\"@id\":\"https:\/\/chemuza.org\/tr\/#\/schema\/logo\/image\/\",\"url\":\"https:\/\/chemuza.org\/tr\/wp-content\/uploads\/2023\/10\/chemuza-logo.png\",\"contentUrl\":\"https:\/\/chemuza.org\/tr\/wp-content\/uploads\/2023\/10\/chemuza-logo.png\",\"width\":387,\"height\":70,\"caption\":\"Chemuza\"},\"image\":{\"@id\":\"https:\/\/chemuza.org\/tr\/#\/schema\/logo\/image\/\"}}]}<\/script>\n<!-- \/ Yoast SEO plugin. -->","yoast_head_json":{"title":"Titanyum - Chemuza","robots":{"index":"index","follow":"follow","max-snippet":"max-snippet:-1","max-image-preview":"max-image-preview:large","max-video-preview":"max-video-preview:-1"},"canonical":"https:\/\/chemuza.org\/tr\/titanyum\/","og_locale":"tr_TR","og_type":"article","og_title":"Titanyum - Chemuza","og_description":"Titanyum yer kabu\u011funda en \u00e7ok bulunan 9. elementtir, \u00e7e\u015fitli do\u011fal su k\u00fctlelerinde ve ya\u015famda bulunur. Ayr\u0131ca \u00e7o\u011fu magmatik ve tortul kaya\u00e7ta da bulunur. Ala\u015f\u0131mlar\u0131, modern havac\u0131l\u0131k end\u00fcstrisi ve m\u00fccevher, mobil cihazlar ve t\u0131p uygulamalar\u0131 da dahil olmak \u00fczere \u00e7ok \u00e7e\u015fitli \u015fekillerde kullan\u0131lmaktad\u0131r. Periyodik tablonun bu \u00f6\u011fesinin neleri gerektirdi\u011fi hakk\u0131nda daha fazla bilgi edinin. Titanyum nedir? ... Devam\u0131n\u0131 oku","og_url":"https:\/\/chemuza.org\/tr\/titanyum\/","og_site_name":"Chemuza","twitter_card":"summary_large_image","twitter_misc":{"Tahmini okuma s\u00fcresi":"4 dakika"},"schema":{"@context":"https:\/\/schema.org","@graph":[{"@type":"WebPage","@id":"https:\/\/chemuza.org\/tr\/titanyum\/","url":"https:\/\/chemuza.org\/tr\/titanyum\/","name":"Titanyum - Chemuza","isPartOf":{"@id":"https:\/\/chemuza.org\/tr\/#website"},"datePublished":"2023-07-14T20:50:52+00:00","dateModified":"2023-07-14T20:50:52+00:00","breadcrumb":{"@id":"https:\/\/chemuza.org\/tr\/titanyum\/#breadcrumb"},"inLanguage":"tr","potentialAction":[{"@type":"ReadAction","target":["https:\/\/chemuza.org\/tr\/titanyum\/"]}]},{"@type":"BreadcrumbList","@id":"https:\/\/chemuza.org\/tr\/titanyum\/#breadcrumb","itemListElement":[{"@type":"ListItem","position":1,"name":"Ev","item":"https:\/\/chemuza.org\/tr\/"},{"@type":"ListItem","position":2,"name":"Titanyum"}]},{"@type":"WebSite","@id":"https:\/\/chemuza.org\/tr\/#website","url":"https:\/\/chemuza.org\/tr\/","name":"Chemuza","description":"Kimyasal ke\u015fiflere a\u00e7\u0131lan kap\u0131n\u0131z!","publisher":{"@id":"https:\/\/chemuza.org\/tr\/#organization"},"potentialAction":[{"@type":"SearchAction","target":{"@type":"EntryPoint","urlTemplate":"https:\/\/chemuza.org\/tr\/?s={search_term_string}"},"query-input":"required name=search_term_string"}],"inLanguage":"tr"},{"@type":"Organization","@id":"https:\/\/chemuza.org\/tr\/#organization","name":"Chemuza","url":"https:\/\/chemuza.org\/tr\/","logo":{"@type":"ImageObject","inLanguage":"tr","@id":"https:\/\/chemuza.org\/tr\/#\/schema\/logo\/image\/","url":"https:\/\/chemuza.org\/tr\/wp-content\/uploads\/2023\/10\/chemuza-logo.png","contentUrl":"https:\/\/chemuza.org\/tr\/wp-content\/uploads\/2023\/10\/chemuza-logo.png","width":387,"height":70,"caption":"Chemuza"},"image":{"@id":"https:\/\/chemuza.org\/tr\/#\/schema\/logo\/image\/"}}]}},"yoast_meta":{"yoast_wpseo_title":"","yoast_wpseo_metadesc":"","yoast_wpseo_canonical":""},"_links":{"self":[{"href":"https:\/\/chemuza.org\/tr\/wp-json\/wp\/v2\/pages\/1453"}],"collection":[{"href":"https:\/\/chemuza.org\/tr\/wp-json\/wp\/v2\/pages"}],"about":[{"href":"https:\/\/chemuza.org\/tr\/wp-json\/wp\/v2\/types\/page"}],"author":[{"embeddable":true,"href":"https:\/\/chemuza.org\/tr\/wp-json\/wp\/v2\/users\/1"}],"replies":[{"embeddable":true,"href":"https:\/\/chemuza.org\/tr\/wp-json\/wp\/v2\/comments?post=1453"}],"version-history":[{"count":0,"href":"https:\/\/chemuza.org\/tr\/wp-json\/wp\/v2\/pages\/1453\/revisions"}],"wp:attachment":[{"href":"https:\/\/chemuza.org\/tr\/wp-json\/wp\/v2\/media?parent=1453"}],"curies":[{"name":"wp","href":"https:\/\/api.w.org\/{rel}","templated":true}]}}