{"id":1451,"date":"2023-07-14T21:54:11","date_gmt":"2023-07-14T21:54:11","guid":{"rendered":"https:\/\/chemuza.org\/tr\/klor\/"},"modified":"2023-07-14T21:54:11","modified_gmt":"2023-07-14T21:54:11","slug":"klor","status":"publish","type":"page","link":"https:\/\/chemuza.org\/tr\/klor\/","title":{"rendered":"Klor"},"content":{"rendered":"<p>Klor, ortamda y\u00fcksek s\u0131cakl\u0131klarda bulunan bir halojen\u00fcr gaz\u0131d\u0131r ve bu ailedeki en radyoaktif ikinci element olarak kabul edilir. Yerkabu\u011funun %0,045&#8217;ini olu\u015fturur ve organik maddeler ve metallerle kar\u0131\u015farak \u00e7e\u015fitli bile\u015fikler olu\u015fturabilme \u00f6zelli\u011fine sahiptir. Ayr\u0131ca hayvan dokular\u0131nda, bitkilerde, su ve tuz birikintilerinde de bulunur. Bu element hakk\u0131nda her \u015feyi \u00f6\u011frenin.<\/p>\n<h2> <strong>Klor nedir?<\/strong><\/h2>\n<p> Periyodik tablonun halojenlerine veya tuzlar\u0131na ait kimyasal bir elementtir. Atom numaras\u0131 17 olan, ye\u015filimsi sar\u0131 renkli, iki atomlu veya \u00e7ift molek\u00fcll\u00fc yap\u0131da zehirli bir gazd\u0131r. Ayr\u0131ca havadan iki kat daha yo\u011fundur ve ho\u015f olmayan bir koku yayar.<\/p>\n<h3> <strong>Klor sembol\u00fc<\/strong><\/h3>\n<p> <span class=\"content-chemical-element\" style=\"float: left; width: 65px; height: 65px; border: 3px solid #666; display: flex; justify-content: center; align-items: center; margin-right: 15px;\"><span style=\"font-size: 38px;\">Cl<\/span><\/span> Ad\u0131, anlam\u0131 a\u00e7\u0131k ye\u015fil olan ve normal bas\u0131n\u00e7 ve s\u0131cakl\u0131k ko\u015fullar\u0131nda gaz\u0131n rengini a\u00e7\u0131k\u00e7a ifade eden Yunanca Chloros&#8217;tan gelmektedir. Bu renk tonu, kimyager Scheele manganez dioksiti hidroklorik asitle reaksiyona soktu\u011funda g\u00f6zlendi. Sonu\u00e7 \u00e7ok bo\u011fucu ye\u015filimsi bir gazd\u0131.<\/p>\n<h2> <strong>Klorun \u00f6zellikleri<\/strong><\/h2>\n<p> Bu kimyasal element, y\u00fcksek reaktivitesinden dolay\u0131 do\u011fada saf halde bulunmayan, sar\u0131ms\u0131 ye\u015fil zehirli bir gazd\u0131r. Klorit, klorat, sodyum klor\u00fcr gibi bile\u015fikler olu\u015ftururken ve hatta denizde \u00e7\u00f6z\u00fcnm\u00fc\u015f olarak bulunur. Ayr\u0131ca bu elementin di\u011fer \u00f6zellikleri \u015funlard\u0131r:<\/p>\n<ul>\n<li> <strong>Durum<\/strong> : Gaz halindedir ancak s\u0131v\u0131 duruma ge\u00e7er ve turuncuya d\u00f6ner.<\/li>\n<li> <strong>Tat ve koku<\/strong> : \u00c7ok rahats\u0131z edici bir kokuya sahip, ac\u0131 bir tada sahiptir.<\/li>\n<li> <strong>Bile\u015fimi:<\/strong> Molek\u00fclleri diatomik veya \u00e7ifttir, \u00e7ekirde\u011finde \u00e7ok aktiftir.<\/li>\n<li> <strong>Yap\u0131s\u0131:<\/strong> Ortorombik veya halka \u015feklindedir.<\/li>\n<li> <strong>\u00c7\u00f6z\u00fcn\u00fcrl\u00fck<\/strong> : Suda \u00e7\u00f6z\u00fcn\u00fcr.<\/li>\n<li> <strong>Toksisite<\/strong> : \u00c7ok y\u00fcksek, \u00e7\u00fcnk\u00fc b\u00fcy\u00fck miktarlarda yutulmas\u0131 veya solunmas\u0131 halinde zehirlenmeye neden olur.<\/li>\n<li> <strong>Reaktivite<\/strong> : Di\u011fer elementlerle kimyasal olarak aktive edilir. Ayr\u0131ca Hidrojende oldu\u011fu gibi \u015fiddetli ve patlay\u0131c\u0131 olabilir.<\/li>\n<\/ul>\n<h2> <strong>Klorun kimyasal ve fiziksel \u00f6zellikleri<\/strong><\/h2>\n<ol>\n<li> <strong>Atom numaras\u0131<\/strong> : 17<\/li>\n<li> <strong>D\u00f6nem<\/strong> : 3<\/li>\n<li> <strong>Engelle<\/strong> \ud83d\ude1b<\/li>\n<li> <strong>Grup<\/strong> : 17<\/li>\n<li> <strong>Kovalent yar\u0131\u00e7ap (\u00c5):<\/strong> 99 pm<\/li>\n<li> <strong>Elektronik konfig\u00fcrasyon:<\/strong> [Ne] 3 s\u00b2 3p4<\/li>\n<li> <strong>Atom k\u00fctlesi (g\/mol):<\/strong> 34.453 u<\/li>\n<li> <strong>Yo\u011funluk:<\/strong> 3.214 Kg\/m3<\/li>\n<li> <strong>Kaynama noktas\u0131:<\/strong> -34\u00b0C<\/li>\n<li> <strong>Erime noktas\u0131:<\/strong> -102\u00b0C<\/li>\n<li> <strong>Atom yar\u0131\u00e7ap\u0131:<\/strong> 79 saat<\/li>\n<li> <strong>Ortalama yar\u0131\u00e7ap:<\/strong> 22:00<\/li>\n<li> <strong>Kabuk ba\u015f\u0131na elektron say\u0131s\u0131:<\/strong> 2.7.8<\/li>\n<li> <strong>Elektronegatiflik:<\/strong> 3.16<\/li>\n<li> <strong>Oksidasyon durumu:<\/strong> 1, 3, +5, 7<\/li>\n<li> <strong>\u00d6zg\u00fcl \u0131s\u0131:<\/strong> 480 J \/ (K kg)<\/li>\n<li> <strong>Buharla\u015fma entalpisi:<\/strong> 10,2 kJ\/mol<\/li>\n<li> <strong>Birinci iyonla\u015fma potansiyeli eV:<\/strong> 1251,2<\/li>\n<li> <strong>Is\u0131 iletkenli\u011fi:<\/strong> 0,0089 Wm-\u00b9K-\u00b9<\/li>\n<\/ol>\n<h2> <strong>Klorun k\u00f6keni<\/strong><\/h2>\n<p> Element, 1774 y\u0131l\u0131nda Carl Wilhelm Scheele taraf\u0131ndan gaz halinde ke\u015ffedildi ve oksijenle olu\u015fan bir bile\u015fik oldu\u011funa inan\u0131yordu. Kimyager onun bo\u011fucu g\u00fcc\u00fcn\u00fc ve bitki pigmentlerinin rengini bozdu\u011funu fark etti. Daha sonra bilim adam\u0131 Claude Louis Berthollet, suda \u00e7\u00f6z\u00fcnd\u00fc\u011f\u00fcnde klorun kuma\u015f a\u011fartma maddesi olarak \u00f6zelliklerini do\u011frulad\u0131.<\/p>\n<p> Daha sonra L\u00e9onard Alban ve Mathieu Vallet gibi bilim insanlar\u0131, zehirli gazlar\u0131n emisyonunu en aza indirmek i\u00e7in elementi potasyumlu su \u00e7\u00f6zeltisinde \u00e7\u00f6zmeyi ba\u015fard\u0131lar. Nihayet 1810 y\u0131l\u0131nda kimyager Humphry Davy, kombinasyonlar\u0131 ve reaksiyonlar\u0131 nedeniyle bunun kimyasal bir element oldu\u011funu kan\u0131tlad\u0131. Klor gaz\u0131n\u0131n Birinci D\u00fcnya Sava\u015f\u0131 s\u0131ras\u0131nda zehirli bir silah olarak kullan\u0131ld\u0131\u011f\u0131 bilinmektedir.<\/p>\n<h2> <strong>Klor ne i\u00e7in kullan\u0131l\u0131r?<\/strong><\/h2>\n<p> End\u00fcstriyel alanda insan t\u00fcketimine y\u00f6nelik sular\u0131n hipoklor\u00f6z asit ile dezenfeksiyonu ve safla\u015ft\u0131r\u0131lmas\u0131nda kullan\u0131l\u0131r. Ayr\u0131ca di\u011fer kullan\u0131mlar \u015funlard\u0131r:<\/p>\n<ul>\n<li> Boya, tekstil, ka\u011f\u0131t, petrol \u00fcr\u00fcnleri, antiseptik, ila\u00e7 ve b\u00f6cek ilac\u0131 \u00fcretiminde kullan\u0131l\u0131r.<\/li>\n<li> End\u00fcstriyel miktarlarda sa\u011fl\u0131k \u00fcr\u00fcnleri, dezenfektanlar, klor tabletleri ve a\u011fart\u0131c\u0131lar\u0131n \u00fcretiminde kullan\u0131lmaktad\u0131r.<\/li>\n<li> Hidroklorik asit ve karbon tetraklor\u00fcr gibi bile\u015fikler plastik, so\u011futucu ve itici gazlar\u0131n yap\u0131m\u0131nda kullan\u0131l\u0131r.<\/li>\n<li> Bu elementten PVC veya polivinil klor\u00fcr \u00fcretimi sentezlenir.<\/li>\n<\/ul>\n<h2> <strong>Klor zehirlenmesinin 10 belirtisi<\/strong><\/h2>\n<p> Bu elementin deride, g\u00f6zlerde ve solunum yollar\u0131nda hafiften \u015fiddetliye kadar yan\u0131klara neden olabilece\u011fi iyi bilinmektedir. V\u00fccudun y\u00fcksek veya uzun s\u00fcreli konsantrasyonlara maruz kalmas\u0131 akci\u011fer \u00f6demine neden olur ve akci\u011fer fonksiyonunu kronik bron\u015fite neden olacak kadar zay\u0131flat\u0131r. Zehirlenmenin di\u011fer belirtileri \u015funlard\u0131r:<\/p>\n<ul>\n<li> G\u00f6zbebeklerinin \u00e7ok b\u00fcy\u00fck ya da k\u00fc\u00e7\u00fck geni\u015flemesi.<\/li>\n<li> De\u011fi\u015fen kalp at\u0131\u015f h\u0131z\u0131.<\/li>\n<li> Akut solunum s\u0131k\u0131nt\u0131s\u0131.<\/li>\n<li> A\u011f\u0131z kurulu\u011fu veya s\u00fcrekli t\u00fck\u00fcr\u00fck.<\/li>\n<li> Mide a\u011fr\u0131s\u0131na bulant\u0131, kusma ve a\u011f\u0131r d\u0131\u015fk\u0131n\u0131n e\u015flik etmesi.<\/li>\n<li> Hiperaktivite veya uyu\u015fukluk.<\/li>\n<li> Bilin\u00e7 bulan\u0131kl\u0131\u011f\u0131, konf\u00fczyon.<\/li>\n<li> Konu\u015fmada zorluk.<\/li>\n<li> A\u011f\u0131zda ho\u015f olmayan yanma.<\/li>\n<li> Bo\u011fazda iltihaplanma.<\/li>\n<\/ul>\n<p> \u00d6zetle bu halojen gaz\u0131, kimyasal reaktivitesi ve \u00e7e\u015fitli bile\u015fikler olu\u015fturma yetene\u011fi ile ay\u0131rt edilir. Antiseptik \u00f6zelli\u011finden dolay\u0131 end\u00fcstriyel sekt\u00f6rde yayg\u0131n olarak kullan\u0131lmaktad\u0131r. Ancak elementle s\u00fcrekli temasta bulunarak sa\u011fl\u0131\u011fa zarar verdi\u011fi i\u00e7in son derece dikkatli kullan\u0131lmal\u0131d\u0131r.<\/p>\n<h2> Klor hakk\u0131nda daha fazla bilgi<\/h2>\n","protected":false},"excerpt":{"rendered":"<p>Klor, ortamda y\u00fcksek s\u0131cakl\u0131klarda bulunan bir halojen\u00fcr gaz\u0131d\u0131r ve bu ailedeki en radyoaktif ikinci element olarak kabul edilir. Yerkabu\u011funun %0,045&#8217;ini olu\u015fturur ve organik maddeler ve metallerle kar\u0131\u015farak \u00e7e\u015fitli bile\u015fikler olu\u015fturabilme \u00f6zelli\u011fine sahiptir. Ayr\u0131ca hayvan dokular\u0131nda, bitkilerde, su ve tuz birikintilerinde de bulunur. Bu element hakk\u0131nda her \u015feyi \u00f6\u011frenin. Klor nedir? Periyodik tablonun halojenlerine veya tuzlar\u0131na &#8230; <a title=\"Klor\" class=\"read-more\" href=\"https:\/\/chemuza.org\/tr\/klor\/\" aria-label=\"More on Klor\">Devam\u0131n\u0131 oku<\/a><\/p>\n","protected":false},"author":1,"featured_media":0,"parent":0,"menu_order":0,"comment_status":"closed","ping_status":"closed","template":"","meta":{"footnotes":""},"yoast_head":"<!-- This site is optimized with the Yoast SEO plugin v21.4 - https:\/\/yoast.com\/wordpress\/plugins\/seo\/ -->\n<title>Klor - Chemuza<\/title>\n<meta name=\"robots\" content=\"index, follow, max-snippet:-1, max-image-preview:large, max-video-preview:-1\" \/>\n<link rel=\"canonical\" href=\"https:\/\/chemuza.org\/tr\/klor\/\" \/>\n<meta property=\"og:locale\" content=\"tr_TR\" \/>\n<meta property=\"og:type\" content=\"article\" \/>\n<meta property=\"og:title\" content=\"Klor - Chemuza\" \/>\n<meta property=\"og:description\" content=\"Klor, ortamda y\u00fcksek s\u0131cakl\u0131klarda bulunan bir halojen\u00fcr gaz\u0131d\u0131r ve bu ailedeki en radyoaktif ikinci element olarak kabul edilir. Yerkabu\u011funun %0,045&#8217;ini olu\u015fturur ve organik maddeler ve metallerle kar\u0131\u015farak \u00e7e\u015fitli bile\u015fikler olu\u015fturabilme \u00f6zelli\u011fine sahiptir. Ayr\u0131ca hayvan dokular\u0131nda, bitkilerde, su ve tuz birikintilerinde de bulunur. Bu element hakk\u0131nda her \u015feyi \u00f6\u011frenin. Klor nedir? Periyodik tablonun halojenlerine veya tuzlar\u0131na ... Devam\u0131n\u0131 oku\" \/>\n<meta property=\"og:url\" content=\"https:\/\/chemuza.org\/tr\/klor\/\" \/>\n<meta property=\"og:site_name\" content=\"Chemuza\" \/>\n<meta name=\"twitter:card\" content=\"summary_large_image\" \/>\n<meta name=\"twitter:label1\" content=\"Tahmini okuma s\u00fcresi\" \/>\n\t<meta name=\"twitter:data1\" content=\"4 dakika\" \/>\n<script type=\"application\/ld+json\" class=\"yoast-schema-graph\">{\"@context\":\"https:\/\/schema.org\",\"@graph\":[{\"@type\":\"WebPage\",\"@id\":\"https:\/\/chemuza.org\/tr\/klor\/\",\"url\":\"https:\/\/chemuza.org\/tr\/klor\/\",\"name\":\"Klor - Chemuza\",\"isPartOf\":{\"@id\":\"https:\/\/chemuza.org\/tr\/#website\"},\"datePublished\":\"2023-07-14T21:54:11+00:00\",\"dateModified\":\"2023-07-14T21:54:11+00:00\",\"breadcrumb\":{\"@id\":\"https:\/\/chemuza.org\/tr\/klor\/#breadcrumb\"},\"inLanguage\":\"tr\",\"potentialAction\":[{\"@type\":\"ReadAction\",\"target\":[\"https:\/\/chemuza.org\/tr\/klor\/\"]}]},{\"@type\":\"BreadcrumbList\",\"@id\":\"https:\/\/chemuza.org\/tr\/klor\/#breadcrumb\",\"itemListElement\":[{\"@type\":\"ListItem\",\"position\":1,\"name\":\"Ev\",\"item\":\"https:\/\/chemuza.org\/tr\/\"},{\"@type\":\"ListItem\",\"position\":2,\"name\":\"Klor\"}]},{\"@type\":\"WebSite\",\"@id\":\"https:\/\/chemuza.org\/tr\/#website\",\"url\":\"https:\/\/chemuza.org\/tr\/\",\"name\":\"Chemuza\",\"description\":\"Kimyasal ke\u015fiflere a\u00e7\u0131lan kap\u0131n\u0131z!\",\"publisher\":{\"@id\":\"https:\/\/chemuza.org\/tr\/#organization\"},\"potentialAction\":[{\"@type\":\"SearchAction\",\"target\":{\"@type\":\"EntryPoint\",\"urlTemplate\":\"https:\/\/chemuza.org\/tr\/?s={search_term_string}\"},\"query-input\":\"required name=search_term_string\"}],\"inLanguage\":\"tr\"},{\"@type\":\"Organization\",\"@id\":\"https:\/\/chemuza.org\/tr\/#organization\",\"name\":\"Chemuza\",\"url\":\"https:\/\/chemuza.org\/tr\/\",\"logo\":{\"@type\":\"ImageObject\",\"inLanguage\":\"tr\",\"@id\":\"https:\/\/chemuza.org\/tr\/#\/schema\/logo\/image\/\",\"url\":\"https:\/\/chemuza.org\/tr\/wp-content\/uploads\/2023\/10\/chemuza-logo.png\",\"contentUrl\":\"https:\/\/chemuza.org\/tr\/wp-content\/uploads\/2023\/10\/chemuza-logo.png\",\"width\":387,\"height\":70,\"caption\":\"Chemuza\"},\"image\":{\"@id\":\"https:\/\/chemuza.org\/tr\/#\/schema\/logo\/image\/\"}}]}<\/script>\n<!-- \/ Yoast SEO plugin. -->","yoast_head_json":{"title":"Klor - Chemuza","robots":{"index":"index","follow":"follow","max-snippet":"max-snippet:-1","max-image-preview":"max-image-preview:large","max-video-preview":"max-video-preview:-1"},"canonical":"https:\/\/chemuza.org\/tr\/klor\/","og_locale":"tr_TR","og_type":"article","og_title":"Klor - Chemuza","og_description":"Klor, ortamda y\u00fcksek s\u0131cakl\u0131klarda bulunan bir halojen\u00fcr gaz\u0131d\u0131r ve bu ailedeki en radyoaktif ikinci element olarak kabul edilir. Yerkabu\u011funun %0,045&#8217;ini olu\u015fturur ve organik maddeler ve metallerle kar\u0131\u015farak \u00e7e\u015fitli bile\u015fikler olu\u015fturabilme \u00f6zelli\u011fine sahiptir. Ayr\u0131ca hayvan dokular\u0131nda, bitkilerde, su ve tuz birikintilerinde de bulunur. Bu element hakk\u0131nda her \u015feyi \u00f6\u011frenin. Klor nedir? Periyodik tablonun halojenlerine veya tuzlar\u0131na ... Devam\u0131n\u0131 oku","og_url":"https:\/\/chemuza.org\/tr\/klor\/","og_site_name":"Chemuza","twitter_card":"summary_large_image","twitter_misc":{"Tahmini okuma s\u00fcresi":"4 dakika"},"schema":{"@context":"https:\/\/schema.org","@graph":[{"@type":"WebPage","@id":"https:\/\/chemuza.org\/tr\/klor\/","url":"https:\/\/chemuza.org\/tr\/klor\/","name":"Klor - Chemuza","isPartOf":{"@id":"https:\/\/chemuza.org\/tr\/#website"},"datePublished":"2023-07-14T21:54:11+00:00","dateModified":"2023-07-14T21:54:11+00:00","breadcrumb":{"@id":"https:\/\/chemuza.org\/tr\/klor\/#breadcrumb"},"inLanguage":"tr","potentialAction":[{"@type":"ReadAction","target":["https:\/\/chemuza.org\/tr\/klor\/"]}]},{"@type":"BreadcrumbList","@id":"https:\/\/chemuza.org\/tr\/klor\/#breadcrumb","itemListElement":[{"@type":"ListItem","position":1,"name":"Ev","item":"https:\/\/chemuza.org\/tr\/"},{"@type":"ListItem","position":2,"name":"Klor"}]},{"@type":"WebSite","@id":"https:\/\/chemuza.org\/tr\/#website","url":"https:\/\/chemuza.org\/tr\/","name":"Chemuza","description":"Kimyasal ke\u015fiflere a\u00e7\u0131lan kap\u0131n\u0131z!","publisher":{"@id":"https:\/\/chemuza.org\/tr\/#organization"},"potentialAction":[{"@type":"SearchAction","target":{"@type":"EntryPoint","urlTemplate":"https:\/\/chemuza.org\/tr\/?s={search_term_string}"},"query-input":"required name=search_term_string"}],"inLanguage":"tr"},{"@type":"Organization","@id":"https:\/\/chemuza.org\/tr\/#organization","name":"Chemuza","url":"https:\/\/chemuza.org\/tr\/","logo":{"@type":"ImageObject","inLanguage":"tr","@id":"https:\/\/chemuza.org\/tr\/#\/schema\/logo\/image\/","url":"https:\/\/chemuza.org\/tr\/wp-content\/uploads\/2023\/10\/chemuza-logo.png","contentUrl":"https:\/\/chemuza.org\/tr\/wp-content\/uploads\/2023\/10\/chemuza-logo.png","width":387,"height":70,"caption":"Chemuza"},"image":{"@id":"https:\/\/chemuza.org\/tr\/#\/schema\/logo\/image\/"}}]}},"yoast_meta":{"yoast_wpseo_title":"","yoast_wpseo_metadesc":"","yoast_wpseo_canonical":""},"_links":{"self":[{"href":"https:\/\/chemuza.org\/tr\/wp-json\/wp\/v2\/pages\/1451"}],"collection":[{"href":"https:\/\/chemuza.org\/tr\/wp-json\/wp\/v2\/pages"}],"about":[{"href":"https:\/\/chemuza.org\/tr\/wp-json\/wp\/v2\/types\/page"}],"author":[{"embeddable":true,"href":"https:\/\/chemuza.org\/tr\/wp-json\/wp\/v2\/users\/1"}],"replies":[{"embeddable":true,"href":"https:\/\/chemuza.org\/tr\/wp-json\/wp\/v2\/comments?post=1451"}],"version-history":[{"count":0,"href":"https:\/\/chemuza.org\/tr\/wp-json\/wp\/v2\/pages\/1451\/revisions"}],"wp:attachment":[{"href":"https:\/\/chemuza.org\/tr\/wp-json\/wp\/v2\/media?parent=1451"}],"curies":[{"name":"wp","href":"https:\/\/api.w.org\/{rel}","templated":true}]}}