{"id":1445,"date":"2023-07-15T00:43:03","date_gmt":"2023-07-15T00:43:03","guid":{"rendered":"https:\/\/chemuza.org\/tr\/argon\/"},"modified":"2023-07-15T00:43:03","modified_gmt":"2023-07-15T00:43:03","slug":"argon","status":"publish","type":"page","link":"https:\/\/chemuza.org\/tr\/argon\/","title":{"rendered":"Argon"},"content":{"rendered":"<p>Argon atmosferde en \u00e7ok bulunan inert gazlardan biridir ve toplam hacmin %1&#8217;ini olu\u015fturur. Havadan %30 daha a\u011f\u0131rd\u0131r, s\u0131cakl\u0131k ve bas\u0131n\u00e7tan ba\u011f\u0131ms\u0131z olarak fiziksel ve kimyasal olarak stabildir. Ayr\u0131ca mineral par\u00e7ac\u0131klar\u0131nda, meteorlarda ve K 40 izotopu veya potasyum sayesinde do\u011fal halinde bulunur. Bu kimyasal element hakk\u0131nda daha fazla bilgi edinin.<\/p>\n<h2> <strong>Argon nedir?<\/strong><\/h2>\n<p> Periyodik tablonun nadir gaz grubuna ait kimyasal bir elementtir. Bunlardan \u00fc\u00e7\u00fcnc\u00fcs\u00fcd\u00fcr ve di\u011fer bile\u015fiklerle d\u00fc\u015f\u00fck oranda reaktivite g\u00f6steren, inert, renksiz ve tats\u0131z bir gazd\u0131r. Ayr\u0131ca kuru havan\u0131n %0,934\u2019\u00fcn\u00fc temsil eder, atom numaras\u0131 18 olup tek atomlu yap\u0131dad\u0131r,<\/p>\n<h3> <strong>Argon sembol\u00fc<\/strong><\/h3>\n<p> <span class=\"content-chemical-element\" style=\"float: left;width: 65px;height: 65px;border: 3px solid #666; display:flex;\n    justify-content: center;align-items: center;margin-right: 15px;\"><span style=\"font-size: 38px;\">Ar<\/span><\/span> Ad\u0131, anlam\u0131 aktif olmayan veya reaktif olmayan Yunanca \u1f00\u03c1\u03b3\u03cc\u03c2 veya argos kelimesinden t\u00fcretilmi\u015ftir. 1785 y\u0131l\u0131nda bilim adam\u0131 Henry Cavendish, nitrojene benzer bir elementin havada bol miktarda bulundu\u011funu, ancak yo\u011funlu\u011funun daha y\u00fcksek oldu\u011funu ve kimyasal reaksiyon g\u00f6stermedi\u011fini g\u00f6zlemledi. Bu nedenle tembel bir unsur olarak kabul edilir.<\/p>\n<h2> <strong>Argonun \u00f6zellikleri<\/strong><\/h2>\n<p> Kimyasal bir elementtir, renksiz, kokusuz ve tats\u0131zd\u0131r. D\u00fc\u015f\u00fck negatif y\u00fck\u00fc g\u00f6z \u00f6n\u00fcne al\u0131nd\u0131\u011f\u0131nda, fenol ve hidrokinon d\u0131\u015f\u0131nda di\u011fer elementler kadar bile\u015fik olu\u015fturmaz. Argon periyodik tablosunun di\u011fer \u00f6zellikleri \u015funlard\u0131r:<\/p>\n<ul>\n<li> <strong>Durumu<\/strong> : Gaz halindedir ancak -186\u00b0C s\u0131cakl\u0131ktaki atmosferik bas\u0131nca maruz kal\u0131rsa s\u0131v\u0131 hale gelebilir.<\/li>\n<li> <strong>Toksisite<\/strong> : Argon gaz\u0131 inerttir ve toksik reaksiyonlara neden olamaz.<\/li>\n<li> <strong>Reaktivite<\/strong> : Nadir bir gaz oldu\u011fundan s\u0131f\u0131rd\u0131r.<\/li>\n<li> <strong>Yap\u0131s\u0131<\/strong> : Tek atomludur yani \u00e7ekirdekteki atomlar\u0131 par\u00e7alanmadan birle\u015fmi\u015ftir. De\u011ferlik kabuklar\u0131nda 8 elektron bulunur ve t\u00fcm y\u00f6r\u00fcngeleri enerjiyle doludur.<\/li>\n<li> <strong>\u00c7\u00f6z\u00fcn\u00fcrl\u00fck<\/strong> : Suda \u00e7\u00f6z\u00fcn\u00fcr, renk ve tat vermez.<\/li>\n<li> <strong>Kristalle\u015fme<\/strong> : S\u0131cakl\u0131k -186\u00b0C&#8217;ye d\u00fc\u015ft\u00fc\u011f\u00fcnde atomlar\u0131 yo\u011funla\u015farak k\u00fc\u00e7\u00fck kristaller olu\u015fturur.<\/li>\n<\/ul>\n<h2> <strong>Argonun kimyasal ve fiziksel \u00f6zellikleri<\/strong><\/h2>\n<ol>\n<li> <strong>Atom numaras\u0131<\/strong> : 18<\/li>\n<li> <strong>D\u00f6nem<\/strong> : 3<\/li>\n<li> <strong>Blok<\/strong> : P<\/li>\n<li> <strong>Grup<\/strong> : 0<\/li>\n<li> <strong>Kovalent yar\u0131\u00e7ap (\u00c5):<\/strong> 97 pm<\/li>\n<li> <strong>Yo\u011funluk:<\/strong> 1.784 Kg\/m3<\/li>\n<li> <strong>Kaynama noktas\u0131: \u2013<\/strong> 185,85\u00b0C<\/li>\n<li> <strong>Erime noktas\u0131:<\/strong> -189,35\u00b0C<\/li>\n<li> <strong>Atom yar\u0131\u00e7ap\u0131:<\/strong> 71<\/li>\n<li> <strong>Kabuk ba\u015f\u0131na elektron say\u0131s\u0131:<\/strong> 2.8.8<\/li>\n<li> <strong>Elektronegatiflik:<\/strong> s\u0131f\u0131r<\/li>\n<li> <strong>\u00d6zg\u00fcl \u0131s\u0131:<\/strong> 520 J \/ (K kg)<\/li>\n<li> <strong>Elektronik konfig\u00fcrasyon:<\/strong> [Ne]3s23p6<\/li>\n<li> <strong>Atom k\u00fctlesi (g\/mol):<\/strong> 39.948 u<\/li>\n<li> <strong>Is\u0131 iletkenli\u011fi:<\/strong> (300K) 0,01772 W \/ (Km)<\/li>\n<li> <strong>Kritik bas\u0131n\u00e7:<\/strong> 4.898.106<\/li>\n<\/ol>\n<h2> <strong>Argonun K\u00f6keni<\/strong><\/h2>\n<p> 1785 y\u0131l\u0131nda kimyager Henry Cavendish, havan\u0131n bile\u015fiminde nitrojene benzer ba\u015fka bir gaz\u0131n bulundu\u011funu fark etti. Bu, \u00f6ncekinden \u00e7ok daha yo\u011fun ve daha az reaktif olan argon elementiydi. Daha sonra 1894 y\u0131l\u0131nda kimyager Ramsey ve Rayleigh, havadaki oksijeni, karbondioksiti ve nitrojeni uzakla\u015ft\u0131rarak onu izole etmeyi ba\u015fard\u0131lar.<\/p>\n<p> Daha sonra spektroskopik \u00e7al\u0131\u015fma s\u0131ras\u0131nda yayd\u0131\u011f\u0131 belirli \u00e7izgilerle g\u00f6r\u00fcld\u00fc. Bu, onun bir bile\u015fik olarak \u00f6zelliklerini do\u011frulad\u0131 ve onu az say\u0131da kimyasal reaksiyona sahip gazlar kategorisine yerle\u015ftirdi. Hatta gezegende izole edilen ve hareketsizlik g\u00f6stermeyen ilk inert veya nadir gazd\u0131.<\/p>\n<h2> <strong>Argon ne i\u00e7in kullan\u0131l\u0131r?<\/strong><\/h2>\n<p> Kullan\u0131m\u0131 reaktif olmayan atmosferlerin yarat\u0131lmas\u0131nda end\u00fcstriyel, t\u0131bbi ve bilimsel alanlara kadar uzan\u0131r. Bu sayede a\u015fa\u011f\u0131daki farkl\u0131 uygulamalarda toksik kimyasal etkiler olu\u015fmaz:<\/p>\n<h3> <strong>Sanayi<\/strong><\/h3>\n<p> Akkor ampullerin \u00fcretiminde faydal\u0131d\u0131r, filamentlerini korur ve \u00f6mr\u00fcn\u00fc uzat\u0131r. Ayr\u0131ca neon benzeri floresan t\u00fcplerde mavi ile mor aras\u0131 \u0131\u015f\u0131klarda kullan\u0131l\u0131r. Ayr\u0131ca metallerin kaynaklanmas\u0131nda da kullan\u0131larak oksijen ve nitrojenin metaller \u00fczerindeki olumsuz etkisi \u00f6nlenir.<\/p>\n<h3> <strong>\u0130la\u00e7<\/strong><\/h3>\n<p> T\u0131p alan\u0131nda, kriyojenik bir s\u0131v\u0131 i\u015flevi g\u00f6ren kanserli dokuyu \u00e7\u0131karmak i\u00e7in ameliyatta kullan\u0131l\u0131r. Ayr\u0131ca retina dekolman\u0131, kanama, glokom, makula a\u015f\u0131nmas\u0131 gibi g\u00f6z rahats\u0131zl\u0131klar\u0131n\u0131n d\u00fczeltilmesinde de kullan\u0131l\u0131r.<\/p>\n<h3> <strong>Bilim adam\u0131<\/strong><\/h3>\n<p> Geiger kaplar\u0131n\u0131 radyoaktivite ile kaplamak i\u00e7in helyum ve neon ile kar\u0131\u015ft\u0131r\u0131lm\u0131\u015f laboratuvar ekipmanlar\u0131n\u0131n yap\u0131m\u0131nda argonun kullan\u0131lmas\u0131 yayg\u0131nd\u0131r. Ayr\u0131ca gaz kromatografisinde veya kimyasal numunelerin buharla\u015ft\u0131r\u0131lmas\u0131nda ta\u015f\u0131y\u0131c\u0131 gaz olarak kullan\u0131l\u0131r. Di\u011fer uygulamalar bile titanyum ve di\u011fer reaktif element t\u00fcrlerinin \u00fcretimini i\u00e7erir.<\/p>\n<h2> <strong>Argonu nereden bulaca\u011f\u0131z?<\/strong><\/h2>\n<p> Do\u011fal haliyle do\u011fada bulunan potasyumun K 40 izotopu sayesinde elde edilir. Ayr\u0131ca bu, \u00f6zel tesislerde havan\u0131n ayr\u0131\u015ft\u0131r\u0131lmas\u0131yla elde edilir, ortaya \u00e7\u0131kan hava s\u0131v\u0131la\u015ft\u0131r\u0131l\u0131r ve fraksiyonlara dam\u0131t\u0131l\u0131r. Kaynama noktas\u0131 nitrojeninkine benzer oldu\u011fundan saf numune hidrojenle \u0131s\u0131t\u0131l\u0131p yak\u0131l\u0131r, b\u00f6ylece oksijen ortadan kald\u0131r\u0131l\u0131r. \u0130\u015flem, elementi saf haliyle izole etmek i\u00e7in dam\u0131tma ile sona erer.<\/p>\n<p> K\u0131saca argon, tad\u0131 ve kokusu olmayan soylu ve inert bir gazd\u0131r. Kimyasal reaksiyona girmemesi nedeniyle end\u00fcstride, t\u0131pta ve bilimde teknolojik ilerlemeler ve hafif nesnelerin yarat\u0131lmas\u0131 amac\u0131yla yayg\u0131n olarak kullan\u0131lmaktad\u0131r.<\/p>\n","protected":false},"excerpt":{"rendered":"<p>Argon atmosferde en \u00e7ok bulunan inert gazlardan biridir ve toplam hacmin %1&#8217;ini olu\u015fturur. Havadan %30 daha a\u011f\u0131rd\u0131r, s\u0131cakl\u0131k ve bas\u0131n\u00e7tan ba\u011f\u0131ms\u0131z olarak fiziksel ve kimyasal olarak stabildir. Ayr\u0131ca mineral par\u00e7ac\u0131klar\u0131nda, meteorlarda ve K 40 izotopu veya potasyum sayesinde do\u011fal halinde bulunur. Bu kimyasal element hakk\u0131nda daha fazla bilgi edinin. Argon nedir? Periyodik tablonun nadir gaz &#8230; <a title=\"Argon\" class=\"read-more\" href=\"https:\/\/chemuza.org\/tr\/argon\/\" aria-label=\"More on Argon\">Devam\u0131n\u0131 oku<\/a><\/p>\n","protected":false},"author":1,"featured_media":0,"parent":0,"menu_order":0,"comment_status":"closed","ping_status":"closed","template":"","meta":{"footnotes":""},"yoast_head":"<!-- This site is optimized with the Yoast SEO plugin v21.4 - https:\/\/yoast.com\/wordpress\/plugins\/seo\/ -->\n<title>Argon-Chemuza<\/title>\n<meta name=\"robots\" content=\"index, follow, max-snippet:-1, max-image-preview:large, max-video-preview:-1\" \/>\n<link rel=\"canonical\" href=\"https:\/\/chemuza.org\/tr\/argon\/\" \/>\n<meta property=\"og:locale\" content=\"tr_TR\" \/>\n<meta property=\"og:type\" content=\"article\" \/>\n<meta property=\"og:title\" content=\"Argon-Chemuza\" \/>\n<meta property=\"og:description\" content=\"Argon atmosferde en \u00e7ok bulunan inert gazlardan biridir ve toplam hacmin %1&#8217;ini olu\u015fturur. Havadan %30 daha a\u011f\u0131rd\u0131r, s\u0131cakl\u0131k ve bas\u0131n\u00e7tan ba\u011f\u0131ms\u0131z olarak fiziksel ve kimyasal olarak stabildir. Ayr\u0131ca mineral par\u00e7ac\u0131klar\u0131nda, meteorlarda ve K 40 izotopu veya potasyum sayesinde do\u011fal halinde bulunur. Bu kimyasal element hakk\u0131nda daha fazla bilgi edinin. Argon nedir? Periyodik tablonun nadir gaz ... Devam\u0131n\u0131 oku\" \/>\n<meta property=\"og:url\" content=\"https:\/\/chemuza.org\/tr\/argon\/\" \/>\n<meta property=\"og:site_name\" content=\"Chemuza\" \/>\n<meta name=\"twitter:card\" content=\"summary_large_image\" \/>\n<meta name=\"twitter:label1\" content=\"Tahmini okuma s\u00fcresi\" \/>\n\t<meta name=\"twitter:data1\" content=\"4 dakika\" \/>\n<script type=\"application\/ld+json\" class=\"yoast-schema-graph\">{\"@context\":\"https:\/\/schema.org\",\"@graph\":[{\"@type\":\"WebPage\",\"@id\":\"https:\/\/chemuza.org\/tr\/argon\/\",\"url\":\"https:\/\/chemuza.org\/tr\/argon\/\",\"name\":\"Argon-Chemuza\",\"isPartOf\":{\"@id\":\"https:\/\/chemuza.org\/tr\/#website\"},\"datePublished\":\"2023-07-15T00:43:03+00:00\",\"dateModified\":\"2023-07-15T00:43:03+00:00\",\"breadcrumb\":{\"@id\":\"https:\/\/chemuza.org\/tr\/argon\/#breadcrumb\"},\"inLanguage\":\"tr\",\"potentialAction\":[{\"@type\":\"ReadAction\",\"target\":[\"https:\/\/chemuza.org\/tr\/argon\/\"]}]},{\"@type\":\"BreadcrumbList\",\"@id\":\"https:\/\/chemuza.org\/tr\/argon\/#breadcrumb\",\"itemListElement\":[{\"@type\":\"ListItem\",\"position\":1,\"name\":\"Ev\",\"item\":\"https:\/\/chemuza.org\/tr\/\"},{\"@type\":\"ListItem\",\"position\":2,\"name\":\"Argon\"}]},{\"@type\":\"WebSite\",\"@id\":\"https:\/\/chemuza.org\/tr\/#website\",\"url\":\"https:\/\/chemuza.org\/tr\/\",\"name\":\"Chemuza\",\"description\":\"Kimyasal ke\u015fiflere a\u00e7\u0131lan kap\u0131n\u0131z!\",\"publisher\":{\"@id\":\"https:\/\/chemuza.org\/tr\/#organization\"},\"potentialAction\":[{\"@type\":\"SearchAction\",\"target\":{\"@type\":\"EntryPoint\",\"urlTemplate\":\"https:\/\/chemuza.org\/tr\/?s={search_term_string}\"},\"query-input\":\"required name=search_term_string\"}],\"inLanguage\":\"tr\"},{\"@type\":\"Organization\",\"@id\":\"https:\/\/chemuza.org\/tr\/#organization\",\"name\":\"Chemuza\",\"url\":\"https:\/\/chemuza.org\/tr\/\",\"logo\":{\"@type\":\"ImageObject\",\"inLanguage\":\"tr\",\"@id\":\"https:\/\/chemuza.org\/tr\/#\/schema\/logo\/image\/\",\"url\":\"https:\/\/chemuza.org\/tr\/wp-content\/uploads\/2023\/10\/chemuza-logo.png\",\"contentUrl\":\"https:\/\/chemuza.org\/tr\/wp-content\/uploads\/2023\/10\/chemuza-logo.png\",\"width\":387,\"height\":70,\"caption\":\"Chemuza\"},\"image\":{\"@id\":\"https:\/\/chemuza.org\/tr\/#\/schema\/logo\/image\/\"}}]}<\/script>\n<!-- \/ Yoast SEO plugin. -->","yoast_head_json":{"title":"Argon-Chemuza","robots":{"index":"index","follow":"follow","max-snippet":"max-snippet:-1","max-image-preview":"max-image-preview:large","max-video-preview":"max-video-preview:-1"},"canonical":"https:\/\/chemuza.org\/tr\/argon\/","og_locale":"tr_TR","og_type":"article","og_title":"Argon-Chemuza","og_description":"Argon atmosferde en \u00e7ok bulunan inert gazlardan biridir ve toplam hacmin %1&#8217;ini olu\u015fturur. Havadan %30 daha a\u011f\u0131rd\u0131r, s\u0131cakl\u0131k ve bas\u0131n\u00e7tan ba\u011f\u0131ms\u0131z olarak fiziksel ve kimyasal olarak stabildir. Ayr\u0131ca mineral par\u00e7ac\u0131klar\u0131nda, meteorlarda ve K 40 izotopu veya potasyum sayesinde do\u011fal halinde bulunur. Bu kimyasal element hakk\u0131nda daha fazla bilgi edinin. Argon nedir? Periyodik tablonun nadir gaz ... Devam\u0131n\u0131 oku","og_url":"https:\/\/chemuza.org\/tr\/argon\/","og_site_name":"Chemuza","twitter_card":"summary_large_image","twitter_misc":{"Tahmini okuma s\u00fcresi":"4 dakika"},"schema":{"@context":"https:\/\/schema.org","@graph":[{"@type":"WebPage","@id":"https:\/\/chemuza.org\/tr\/argon\/","url":"https:\/\/chemuza.org\/tr\/argon\/","name":"Argon-Chemuza","isPartOf":{"@id":"https:\/\/chemuza.org\/tr\/#website"},"datePublished":"2023-07-15T00:43:03+00:00","dateModified":"2023-07-15T00:43:03+00:00","breadcrumb":{"@id":"https:\/\/chemuza.org\/tr\/argon\/#breadcrumb"},"inLanguage":"tr","potentialAction":[{"@type":"ReadAction","target":["https:\/\/chemuza.org\/tr\/argon\/"]}]},{"@type":"BreadcrumbList","@id":"https:\/\/chemuza.org\/tr\/argon\/#breadcrumb","itemListElement":[{"@type":"ListItem","position":1,"name":"Ev","item":"https:\/\/chemuza.org\/tr\/"},{"@type":"ListItem","position":2,"name":"Argon"}]},{"@type":"WebSite","@id":"https:\/\/chemuza.org\/tr\/#website","url":"https:\/\/chemuza.org\/tr\/","name":"Chemuza","description":"Kimyasal ke\u015fiflere a\u00e7\u0131lan kap\u0131n\u0131z!","publisher":{"@id":"https:\/\/chemuza.org\/tr\/#organization"},"potentialAction":[{"@type":"SearchAction","target":{"@type":"EntryPoint","urlTemplate":"https:\/\/chemuza.org\/tr\/?s={search_term_string}"},"query-input":"required name=search_term_string"}],"inLanguage":"tr"},{"@type":"Organization","@id":"https:\/\/chemuza.org\/tr\/#organization","name":"Chemuza","url":"https:\/\/chemuza.org\/tr\/","logo":{"@type":"ImageObject","inLanguage":"tr","@id":"https:\/\/chemuza.org\/tr\/#\/schema\/logo\/image\/","url":"https:\/\/chemuza.org\/tr\/wp-content\/uploads\/2023\/10\/chemuza-logo.png","contentUrl":"https:\/\/chemuza.org\/tr\/wp-content\/uploads\/2023\/10\/chemuza-logo.png","width":387,"height":70,"caption":"Chemuza"},"image":{"@id":"https:\/\/chemuza.org\/tr\/#\/schema\/logo\/image\/"}}]}},"yoast_meta":{"yoast_wpseo_title":"","yoast_wpseo_metadesc":"","yoast_wpseo_canonical":""},"_links":{"self":[{"href":"https:\/\/chemuza.org\/tr\/wp-json\/wp\/v2\/pages\/1445"}],"collection":[{"href":"https:\/\/chemuza.org\/tr\/wp-json\/wp\/v2\/pages"}],"about":[{"href":"https:\/\/chemuza.org\/tr\/wp-json\/wp\/v2\/types\/page"}],"author":[{"embeddable":true,"href":"https:\/\/chemuza.org\/tr\/wp-json\/wp\/v2\/users\/1"}],"replies":[{"embeddable":true,"href":"https:\/\/chemuza.org\/tr\/wp-json\/wp\/v2\/comments?post=1445"}],"version-history":[{"count":0,"href":"https:\/\/chemuza.org\/tr\/wp-json\/wp\/v2\/pages\/1445\/revisions"}],"wp:attachment":[{"href":"https:\/\/chemuza.org\/tr\/wp-json\/wp\/v2\/media?parent=1445"}],"curies":[{"name":"wp","href":"https:\/\/api.w.org\/{rel}","templated":true}]}}