{"id":1444,"date":"2023-07-15T02:16:00","date_gmt":"2023-07-15T02:16:00","guid":{"rendered":"https:\/\/chemuza.org\/tr\/krom\/"},"modified":"2023-07-15T02:16:00","modified_gmt":"2023-07-15T02:16:00","slug":"krom","status":"publish","type":"page","link":"https:\/\/chemuza.org\/tr\/krom\/","title":{"rendered":"Krom"},"content":{"rendered":"<p>1920&#8217;lerde, Birinci D\u00fcnya Sava\u015f\u0131&#8217;ndan sonra Harry Brearley, %18 krom ve %8 nikelden olu\u015fan orijinal paslanmaz \u00e7elik tarifini elde etti. B\u00f6ylece ilk paslanmaz \u00e7elik \u00e7atal, b\u0131\u00e7ak ve ka\u015f\u0131\u011f\u0131n seri \u00fcretimine ba\u015flad\u0131lar. G\u00fcn\u00fcm\u00fczde haddelenip \u00e7elikle kar\u0131\u015ft\u0131r\u0131labildi\u011fi i\u00e7in \u00e7ok say\u0131da eserde kullan\u0131lmaktad\u0131r. Bu metal hakk\u0131nda daha fazla bilgi edinin.<\/p>\n<h2> <strong>Chrome nedir?<\/strong><\/h2>\n<p> Sert metal t\u00fcr\u00fcnden fakat k\u0131r\u0131lgan ve g\u00fcm\u00fc\u015fi beyaz renkte bir kimyasal elementtir. Saf oldu\u011funda esnektir, nispeten yumu\u015fakt\u0131r ve mineral bile\u015fikleri olu\u015fturma e\u011filimindedir. Is\u0131ya dayan\u0131kl\u0131l\u0131k, y\u00fcksek sertlik ve kaplama \u00f6zelliklerine sahip antikorozif ala\u015f\u0131m \u00fcreticisi olmas\u0131yla \u00f6ne \u00e7\u0131k\u0131yor. Ancak do\u011fada elementel halde bulunmaz.<\/p>\n<h3> <strong>Krom sembol\u00fc<\/strong><\/h3>\n<p> <span class=\"content-chemical-element\" style=\"float: left;width: 65px;height: 65px;border: 3px solid #666; display:flex;\n    justify-content: center;align-items: center;margin-right: 15px;\"><span style=\"font-size: 38px;\">Cr<\/span><\/span> Vanadyum ve manganez aras\u0131nda yer alan, iyi bilinen ge\u00e7i\u015f metalleri olan periyodik tablonun 6. grubuna ait bir elementtir. Kimyasal sembol\u00fc Latince <em>Chromium<\/em> ve Yunanca renk anlam\u0131na gelen <em>Chroma<\/em> kelimelerinin k\u0131saltmas\u0131d\u0131r. Bile\u015fiklerinin kendi aralar\u0131nda ola\u011fan\u00fcst\u00fc bir renk \u00e7e\u015fitlili\u011fi g\u00f6stermesi nedeniyle bu ad\u0131 alm\u0131\u015ft\u0131r.<\/p>\n<h2> <strong>Chrome \u00d6zellikleri<\/strong><\/h2>\n<p> Ana \u00f6zelli\u011fi korozyona kar\u015f\u0131 y\u00fcksek direncidir. Kristal yap\u0131s\u0131 nedeniyle var olan en yo\u011fun metallerden biridir. Ayr\u0131ca bile\u015fikleri k\u0131rm\u0131z\u0131ms\u0131, turuncu, sar\u0131ms\u0131, ye\u015filimsi, mavimsi, mor ve siyah\u0131ms\u0131 gibi \u00e7e\u015fitli kromatik tonlar olu\u015fturur. Di\u011fer \u00f6\u011fe ayr\u0131nt\u0131lar\u0131n\u0131 kontrol edin:<\/p>\n<ul>\n<li> <strong>Kimyasal Reaktivite<\/strong> : Oksijen gibi \u00e7o\u011fu kimyasal elementle ba\u011f olu\u015fturarak oksit olu\u015fturabilir.<\/li>\n<li> <strong>Erime ve Kaynama<\/strong> : Erime ve kaynama noktalar\u0131 y\u00fcksektir.<\/li>\n<li> <strong>Durumu<\/strong> : Do\u011fal haliyle sa\u011flamd\u0131r.<\/li>\n<li> <strong>De\u011fi\u015fiklikler<\/strong> : Bir elementle reaksiyona girdi\u011finde g\u00fc\u00e7l\u00fc kimyasal ba\u011flar olu\u015fturur ve ko\u015fullara ba\u011fl\u0131 olarak de\u011fi\u015febilir.<\/li>\n<li> <strong>Elektronik konfig\u00fcrasyon<\/strong> : T\u00fcm e\u015flenmemi\u015f elektronlara sahip oldu\u011fundan paramanyetik \u00f6zellikler sergiler, ancak d\u00fc\u015f\u00fck s\u0131cakl\u0131klarda antiferromanyetizma kazanabilir.<\/li>\n<li> <strong>Oksidasyon numaras\u0131<\/strong> : Farkl\u0131 oksidasyon say\u0131lar\u0131 elde etmek i\u00e7in iki elektrona kadar kazanabilir ve bunlar\u0131 kaybedebilirsiniz.<\/li>\n<li> <strong>Kimyasal yap\u0131s\u0131<\/strong> : Merkezi k\u00fcbik kristal yap\u0131ya sahiptir.<\/li>\n<li> <strong>Oksidasyon durumlar\u0131<\/strong> : Bile\u015fikleri elde etmek i\u00e7in en kararl\u0131 olanlar +2 ve +3&#8217;t\u00fcr. +4 ve +5 d\u00fc\u015f\u00fck frekansa sahiptir ve +6 \u00e7ok fazla oksidasyona sahiptir.<\/li>\n<\/ul>\n<h2> <strong>Kromun kimyasal ve fiziksel \u00f6zellikleri<\/strong><\/h2>\n<ol>\n<li> <strong>Atom numaras\u0131<\/strong> : 24<\/li>\n<li> <strong>Kovalent yar\u0131\u00e7ap (\u00c5)<\/strong> : 1,27<\/li>\n<li> <strong>Oksidasyon durumlar\u0131<\/strong> : 6, 3, 2<\/li>\n<li> <strong>Yo\u011funluk (g\/ml)<\/strong> : 7.140<\/li>\n<li> <strong>Elektronik konfig\u00fcrasyon<\/strong> : [Ar]3d <sup>5<\/sup> 4s <sup>1<\/sup><\/li>\n<li> <strong>Ses h\u0131z\u0131:<\/strong> 293,15 K&#8217;da 5940 m\/s<\/li>\n<li> <strong>\u0130lk iyonla\u015fma potansiyeli (eV)<\/strong> : 6.529<\/li>\n<li> <strong>Kaynama noktas\u0131<\/strong> : 2672 \u00b0C (2945 K)<\/li>\n<li> <strong>Atom k\u00fctlesi (g\/mol)<\/strong> : 51,99<\/li>\n<li> <strong>Elektronegatiflik<\/strong> : 1.66<\/li>\n<li> <strong>Atom yar\u0131\u00e7ap\u0131 (\u00c5)<\/strong> : 1,66<\/li>\n<li> <strong>Seviye ba\u015f\u0131na elektronlar<\/strong> : 2, 8, 13, 1<\/li>\n<li> <strong>F\u00fczyon entalpisi:<\/strong> 16,9 Kj\/mol<\/li>\n<li> <strong>Oksit<\/strong> : Kuvvetli asit<\/li>\n<li> <strong>\u00d6zg\u00fcl \u0131s\u0131<\/strong> : 450 J\/(K-kg)<\/li>\n<li> <strong>Buharla\u015fma entalpisi:<\/strong> 344,3 Kj\/mol<\/li>\n<li> <strong>Erime noktas\u0131<\/strong> : 1857\u00b0C (2130 K)<\/li>\n<\/ol>\n<h2> <strong>Kromun k\u00f6keni<\/strong><\/h2>\n<p> Arkeolojik ara\u015ft\u0131rmalar, metalin M.\u00d6. 210 y\u0131l\u0131nda Qin ordusunda silahlar\u0131nda metal kaplama kulland\u0131klar\u0131n\u0131 ortaya koyuyor. Daha sonra mineralog Johann Gottlob Lehmann, mineralleri aras\u0131nda kur\u015fun ve ba\u015fka bir element i\u00e7eren, k\u0131rm\u0131z\u0131-turuncu tonlarda bir kaya g\u00f6zlemledi. Ancak daha iyi sonu\u00e7lar elde edemedi.<\/p>\n<p> Daha sonra Louis Nicolas Vauquelin 1797&#8217;de yeni \u00f6rnekler elde etti. Ayr\u0131ca potasyum karbonat prosesi kullanarak kur\u015funu \u00e7\u00f6keltmeyi de ba\u015fard\u0131. Daha sonra 1798 y\u0131l\u0131nda pas\u0131 k\u00f6m\u00fcr tozuyla \u0131s\u0131tarak yal\u0131tmay\u0131 ba\u015fard\u0131. Bu nedenle bu kimyager, elementin ka\u015fifi unvan\u0131na lay\u0131k g\u00f6r\u00fclm\u00fc\u015ft\u00fcr.<\/p>\n<h2> <strong>Chrome ne i\u00e7in kullan\u0131l\u0131r?<\/strong><\/h2>\n<p> 19. y\u00fczy\u0131ldan bu yana aluminotermi sayesinde metalik bir halde elde edilebilmesi ihtimalinden yola \u00e7\u0131karak \u00e7e\u015fitli sanatsal uygulamalar ve dekorasyonlarla ili\u015fkilendirilmi\u015ftir. G\u00fcn\u00fcm\u00fczde \u00e7oklu metal ala\u015f\u0131mlar\u0131n\u0131n %85&#8217;ini olu\u015fturmaktad\u0131r. Metalin farkl\u0131 kullan\u0131mlar\u0131n\u0131 g\u00f6zlemleyin:<\/p>\n<ul>\n<li> Metalurjide parlak bir y\u00fczey, korozyon direnci, alfajenik etki ve antioksidan tedavi vermek i\u00e7in kullan\u0131l\u0131r.<\/li>\n<li> Kromatlar ve oksitler boyalarda, boyalarda ve mordanlarda kullan\u0131l\u0131r.<\/li>\n<li> Potasyum dikromat reaktifi, hacimsel analizlerde ve laboratuvar cam malzemelerinin temizli\u011finde titrant olarak kullan\u0131l\u0131r.<\/li>\n<li> Kataliz\u00f6r olarak kullan\u0131l\u0131r.<\/li>\n<li> Kromit, tu\u011fla kal\u0131plar\u0131 gibi refrakter malzemelerin yap\u0131m\u0131nda kullan\u0131l\u0131r.<\/li>\n<li> Krom III hidroksis\u00fclfat genellikle deri tabaklamada kullan\u0131l\u0131r.<\/li>\n<li> Krom oksit ah\u015fab\u0131 korumak i\u00e7in kullan\u0131lan bir kimyasald\u0131r.<\/li>\n<li> Yakut, korundumdaki birka\u00e7 al\u00fcminyum iyonunun krom iyonlar\u0131yla de\u011fi\u015ftirilmesiyle elde edilir.<\/li>\n<li> Manyetik kasetlerin yap\u0131m\u0131nda krom dioksit kullan\u0131l\u0131r.<\/li>\n<\/ul>\n<h2> <strong>Krom nerede bulunur?<\/strong><\/h2>\n<p> Do\u011fada, ancak hemen hemen her zaman bile\u015fikler halinde olup, en \u00f6nemli minerallerinden biri kromittir. Elementin \u00e7o\u011fu G\u00fcney Afrika, T\u00fcrkiye, K\u00fcba, Kazakistan, Hindistan ve G\u00fcney Afrika&#8217;dan 5 metreden fazla derinliklerde \u00e7\u0131kar\u0131l\u0131yor.<\/p>\n<p> Sonu\u00e7 olarak krom, metalurjide olduk\u00e7a s\u0131k kullan\u0131lan bir ge\u00e7i\u015f metalidir. Korozyona kar\u015f\u0131 y\u00fcksek direnci ve \u00e7e\u015fitli kromatik tonlar\u0131 ile \u00f6ne \u00e7\u0131k\u0131yor. Ayr\u0131ca sertlik ve k\u0131r\u0131lganl\u0131k g\u00f6sterir ve di\u011fer elementlerin \u00e7o\u011funu g\u00fc\u00e7l\u00fc kimyasal ba\u011flarla tamamlar.<\/p>\n","protected":false},"excerpt":{"rendered":"<p>1920&#8217;lerde, Birinci D\u00fcnya Sava\u015f\u0131&#8217;ndan sonra Harry Brearley, %18 krom ve %8 nikelden olu\u015fan orijinal paslanmaz \u00e7elik tarifini elde etti. B\u00f6ylece ilk paslanmaz \u00e7elik \u00e7atal, b\u0131\u00e7ak ve ka\u015f\u0131\u011f\u0131n seri \u00fcretimine ba\u015flad\u0131lar. G\u00fcn\u00fcm\u00fczde haddelenip \u00e7elikle kar\u0131\u015ft\u0131r\u0131labildi\u011fi i\u00e7in \u00e7ok say\u0131da eserde kullan\u0131lmaktad\u0131r. Bu metal hakk\u0131nda daha fazla bilgi edinin. Chrome nedir? Sert metal t\u00fcr\u00fcnden fakat k\u0131r\u0131lgan ve g\u00fcm\u00fc\u015fi &#8230; <a title=\"Krom\" class=\"read-more\" href=\"https:\/\/chemuza.org\/tr\/krom\/\" aria-label=\"More on Krom\">Devam\u0131n\u0131 oku<\/a><\/p>\n","protected":false},"author":1,"featured_media":0,"parent":0,"menu_order":0,"comment_status":"closed","ping_status":"closed","template":"","meta":{"footnotes":""},"yoast_head":"<!-- This site is optimized with the Yoast SEO plugin v21.4 - https:\/\/yoast.com\/wordpress\/plugins\/seo\/ -->\n<title>Krom - Chemuza<\/title>\n<meta name=\"robots\" content=\"index, follow, max-snippet:-1, max-image-preview:large, max-video-preview:-1\" \/>\n<link rel=\"canonical\" href=\"https:\/\/chemuza.org\/tr\/krom\/\" \/>\n<meta property=\"og:locale\" content=\"tr_TR\" \/>\n<meta property=\"og:type\" content=\"article\" \/>\n<meta property=\"og:title\" content=\"Krom - Chemuza\" \/>\n<meta property=\"og:description\" content=\"1920&#8217;lerde, Birinci D\u00fcnya Sava\u015f\u0131&#8217;ndan sonra Harry Brearley, %18 krom ve %8 nikelden olu\u015fan orijinal paslanmaz \u00e7elik tarifini elde etti. B\u00f6ylece ilk paslanmaz \u00e7elik \u00e7atal, b\u0131\u00e7ak ve ka\u015f\u0131\u011f\u0131n seri \u00fcretimine ba\u015flad\u0131lar. G\u00fcn\u00fcm\u00fczde haddelenip \u00e7elikle kar\u0131\u015ft\u0131r\u0131labildi\u011fi i\u00e7in \u00e7ok say\u0131da eserde kullan\u0131lmaktad\u0131r. Bu metal hakk\u0131nda daha fazla bilgi edinin. Chrome nedir? Sert metal t\u00fcr\u00fcnden fakat k\u0131r\u0131lgan ve g\u00fcm\u00fc\u015fi ... Devam\u0131n\u0131 oku\" \/>\n<meta property=\"og:url\" content=\"https:\/\/chemuza.org\/tr\/krom\/\" \/>\n<meta property=\"og:site_name\" content=\"Chemuza\" \/>\n<meta name=\"twitter:card\" content=\"summary_large_image\" \/>\n<meta name=\"twitter:label1\" content=\"Tahmini okuma s\u00fcresi\" \/>\n\t<meta name=\"twitter:data1\" content=\"4 dakika\" \/>\n<script type=\"application\/ld+json\" class=\"yoast-schema-graph\">{\"@context\":\"https:\/\/schema.org\",\"@graph\":[{\"@type\":\"WebPage\",\"@id\":\"https:\/\/chemuza.org\/tr\/krom\/\",\"url\":\"https:\/\/chemuza.org\/tr\/krom\/\",\"name\":\"Krom - Chemuza\",\"isPartOf\":{\"@id\":\"https:\/\/chemuza.org\/tr\/#website\"},\"datePublished\":\"2023-07-15T02:16:00+00:00\",\"dateModified\":\"2023-07-15T02:16:00+00:00\",\"breadcrumb\":{\"@id\":\"https:\/\/chemuza.org\/tr\/krom\/#breadcrumb\"},\"inLanguage\":\"tr\",\"potentialAction\":[{\"@type\":\"ReadAction\",\"target\":[\"https:\/\/chemuza.org\/tr\/krom\/\"]}]},{\"@type\":\"BreadcrumbList\",\"@id\":\"https:\/\/chemuza.org\/tr\/krom\/#breadcrumb\",\"itemListElement\":[{\"@type\":\"ListItem\",\"position\":1,\"name\":\"Ev\",\"item\":\"https:\/\/chemuza.org\/tr\/\"},{\"@type\":\"ListItem\",\"position\":2,\"name\":\"Krom\"}]},{\"@type\":\"WebSite\",\"@id\":\"https:\/\/chemuza.org\/tr\/#website\",\"url\":\"https:\/\/chemuza.org\/tr\/\",\"name\":\"Chemuza\",\"description\":\"Kimyasal ke\u015fiflere a\u00e7\u0131lan kap\u0131n\u0131z!\",\"publisher\":{\"@id\":\"https:\/\/chemuza.org\/tr\/#organization\"},\"potentialAction\":[{\"@type\":\"SearchAction\",\"target\":{\"@type\":\"EntryPoint\",\"urlTemplate\":\"https:\/\/chemuza.org\/tr\/?s={search_term_string}\"},\"query-input\":\"required name=search_term_string\"}],\"inLanguage\":\"tr\"},{\"@type\":\"Organization\",\"@id\":\"https:\/\/chemuza.org\/tr\/#organization\",\"name\":\"Chemuza\",\"url\":\"https:\/\/chemuza.org\/tr\/\",\"logo\":{\"@type\":\"ImageObject\",\"inLanguage\":\"tr\",\"@id\":\"https:\/\/chemuza.org\/tr\/#\/schema\/logo\/image\/\",\"url\":\"https:\/\/chemuza.org\/tr\/wp-content\/uploads\/2023\/10\/chemuza-logo.png\",\"contentUrl\":\"https:\/\/chemuza.org\/tr\/wp-content\/uploads\/2023\/10\/chemuza-logo.png\",\"width\":387,\"height\":70,\"caption\":\"Chemuza\"},\"image\":{\"@id\":\"https:\/\/chemuza.org\/tr\/#\/schema\/logo\/image\/\"}}]}<\/script>\n<!-- \/ Yoast SEO plugin. -->","yoast_head_json":{"title":"Krom - Chemuza","robots":{"index":"index","follow":"follow","max-snippet":"max-snippet:-1","max-image-preview":"max-image-preview:large","max-video-preview":"max-video-preview:-1"},"canonical":"https:\/\/chemuza.org\/tr\/krom\/","og_locale":"tr_TR","og_type":"article","og_title":"Krom - Chemuza","og_description":"1920&#8217;lerde, Birinci D\u00fcnya Sava\u015f\u0131&#8217;ndan sonra Harry Brearley, %18 krom ve %8 nikelden olu\u015fan orijinal paslanmaz \u00e7elik tarifini elde etti. B\u00f6ylece ilk paslanmaz \u00e7elik \u00e7atal, b\u0131\u00e7ak ve ka\u015f\u0131\u011f\u0131n seri \u00fcretimine ba\u015flad\u0131lar. G\u00fcn\u00fcm\u00fczde haddelenip \u00e7elikle kar\u0131\u015ft\u0131r\u0131labildi\u011fi i\u00e7in \u00e7ok say\u0131da eserde kullan\u0131lmaktad\u0131r. Bu metal hakk\u0131nda daha fazla bilgi edinin. Chrome nedir? Sert metal t\u00fcr\u00fcnden fakat k\u0131r\u0131lgan ve g\u00fcm\u00fc\u015fi ... Devam\u0131n\u0131 oku","og_url":"https:\/\/chemuza.org\/tr\/krom\/","og_site_name":"Chemuza","twitter_card":"summary_large_image","twitter_misc":{"Tahmini okuma s\u00fcresi":"4 dakika"},"schema":{"@context":"https:\/\/schema.org","@graph":[{"@type":"WebPage","@id":"https:\/\/chemuza.org\/tr\/krom\/","url":"https:\/\/chemuza.org\/tr\/krom\/","name":"Krom - Chemuza","isPartOf":{"@id":"https:\/\/chemuza.org\/tr\/#website"},"datePublished":"2023-07-15T02:16:00+00:00","dateModified":"2023-07-15T02:16:00+00:00","breadcrumb":{"@id":"https:\/\/chemuza.org\/tr\/krom\/#breadcrumb"},"inLanguage":"tr","potentialAction":[{"@type":"ReadAction","target":["https:\/\/chemuza.org\/tr\/krom\/"]}]},{"@type":"BreadcrumbList","@id":"https:\/\/chemuza.org\/tr\/krom\/#breadcrumb","itemListElement":[{"@type":"ListItem","position":1,"name":"Ev","item":"https:\/\/chemuza.org\/tr\/"},{"@type":"ListItem","position":2,"name":"Krom"}]},{"@type":"WebSite","@id":"https:\/\/chemuza.org\/tr\/#website","url":"https:\/\/chemuza.org\/tr\/","name":"Chemuza","description":"Kimyasal ke\u015fiflere a\u00e7\u0131lan kap\u0131n\u0131z!","publisher":{"@id":"https:\/\/chemuza.org\/tr\/#organization"},"potentialAction":[{"@type":"SearchAction","target":{"@type":"EntryPoint","urlTemplate":"https:\/\/chemuza.org\/tr\/?s={search_term_string}"},"query-input":"required name=search_term_string"}],"inLanguage":"tr"},{"@type":"Organization","@id":"https:\/\/chemuza.org\/tr\/#organization","name":"Chemuza","url":"https:\/\/chemuza.org\/tr\/","logo":{"@type":"ImageObject","inLanguage":"tr","@id":"https:\/\/chemuza.org\/tr\/#\/schema\/logo\/image\/","url":"https:\/\/chemuza.org\/tr\/wp-content\/uploads\/2023\/10\/chemuza-logo.png","contentUrl":"https:\/\/chemuza.org\/tr\/wp-content\/uploads\/2023\/10\/chemuza-logo.png","width":387,"height":70,"caption":"Chemuza"},"image":{"@id":"https:\/\/chemuza.org\/tr\/#\/schema\/logo\/image\/"}}]}},"yoast_meta":{"yoast_wpseo_title":"","yoast_wpseo_metadesc":"","yoast_wpseo_canonical":""},"_links":{"self":[{"href":"https:\/\/chemuza.org\/tr\/wp-json\/wp\/v2\/pages\/1444"}],"collection":[{"href":"https:\/\/chemuza.org\/tr\/wp-json\/wp\/v2\/pages"}],"about":[{"href":"https:\/\/chemuza.org\/tr\/wp-json\/wp\/v2\/types\/page"}],"author":[{"embeddable":true,"href":"https:\/\/chemuza.org\/tr\/wp-json\/wp\/v2\/users\/1"}],"replies":[{"embeddable":true,"href":"https:\/\/chemuza.org\/tr\/wp-json\/wp\/v2\/comments?post=1444"}],"version-history":[{"count":0,"href":"https:\/\/chemuza.org\/tr\/wp-json\/wp\/v2\/pages\/1444\/revisions"}],"wp:attachment":[{"href":"https:\/\/chemuza.org\/tr\/wp-json\/wp\/v2\/media?parent=1444"}],"curies":[{"name":"wp","href":"https:\/\/api.w.org\/{rel}","templated":true}]}}