{"id":1443,"date":"2023-07-15T02:37:18","date_gmt":"2023-07-15T02:37:18","guid":{"rendered":"https:\/\/chemuza.org\/tr\/bakir\/"},"modified":"2023-07-15T02:37:18","modified_gmt":"2023-07-15T02:37:18","slug":"bakir","status":"publish","type":"page","link":"https:\/\/chemuza.org\/tr\/bakir\/","title":{"rendered":"Bak\u0131r"},"content":{"rendered":"<p>Bak\u0131r\u0131n \u00f6zellikle m\u00fckemmel bir \u0131s\u0131 ve elektrik iletkeni olmas\u0131yla \u00f6ne \u00e7\u0131kt\u0131\u011f\u0131n\u0131 biliyor muydunuz? Bu nedenle g\u00fcnl\u00fck ya\u015fam i\u00e7in gerekli olan \u00fc\u00e7\u00fcnc\u00fc demir d\u0131\u015f\u0131 metal olarak kabul edilir. Ne t\u00fcr bir \u00f6\u011fe oldu\u011funa, ana uygulamalar\u0131n\u0131n neler oldu\u011funa ve nerede bulundu\u011funa dikkat edin.<\/p>\n<h2> <strong>Bak\u0131r nedir?<\/strong><\/h2>\n<p> Bak\u0131r ailesinin elementleri aras\u0131nda ilk s\u0131ray\u0131 alan, karakteristik parlak k\u0131rm\u0131z\u0131-turuncu renk tonuna sahip bir ge\u00e7i\u015f metalidir. \u0130yi s\u00fcnekli\u011fe, d\u00f6v\u00fclebilirli\u011fe, elektriksel iletkenli\u011fe sahiptir ve \u00e7e\u015fitli ala\u015f\u0131mlar olu\u015fturur. Ayr\u0131ca mekanik \u00f6zelliklerini kaybetme riski olmadan geri d\u00f6n\u00fc\u015ft\u00fcr\u00fclebilir. Ayr\u0131ca do\u011fada do\u011fal bak\u0131r olarak bulunan az say\u0131da metalden biridir.<\/p>\n<h3> <strong>Bak\u0131r sembol\u00fc<\/strong><\/h3>\n<p> <span class=\"content-chemical-element\" style=\"float: left;width: 65px;height: 65px;border: 3px solid #666; display:flex;\n    justify-content: center;align-items: center;margin-right: 15px;\"><span style=\"font-size: 38px;\">Cu<\/span><\/span> Y\u00fczy\u0131llar \u00f6nce bu kimyasal elementin temsili, di\u015fil cinsiyetin, Ven\u00fcs gezegeninin ve tanr\u0131\u00e7a Afrodit&#8217;in ay\u0131rt edici sembol\u00fc olan \u2640 ile sembolize ediliyordu. Tarihe g\u00f6re K\u0131br\u0131s&#8217;\u0131n bak\u0131r madeni adas\u0131nda Afrodit benzeri tanr\u0131\u00e7a Astarte&#8217;ye tap\u0131n\u0131l\u0131rd\u0131.<\/p>\n<h2> <strong>Bak\u0131r\u0131n \u00f6zellikleri<\/strong><\/h2>\n<p> Korozyona ve oksidasyona dayan\u0131kl\u0131, diyamanyetik bir metaldir. Elektronik konfig\u00fcrasyonunda d y\u00f6r\u00fcngesi elektronlarla doludur. \u00d6te yandan genellikle ucuzdur, s\u00fcresiz olarak geri d\u00f6n\u00fc\u015ft\u00fcr\u00fclebilir ve baz\u0131 de\u011ferlik durumlar\u0131yla kimyasal olarak birle\u015fir. A\u015fa\u011f\u0131daki di\u011fer \u00f6zelliklere g\u00f6z at\u0131n:<\/p>\n<ul>\n<li> <strong>Kimyasal Reaktivite<\/strong> : Reaktif bir metal de\u011fildir ancak atmosferle \u00e7ok yava\u015f da olsa reaksiyona girer.<\/li>\n<li> <strong>Erime ve Kaynama<\/strong> : Bu noktalara ula\u015fmak i\u00e7in gerekli s\u0131cakl\u0131klar\u0131n son derece y\u00fcksek olmas\u0131 gerekir.<\/li>\n<li> <strong>Durumu<\/strong> : Do\u011fada ola\u011fan \u015fekli kat\u0131d\u0131r.<\/li>\n<li> <strong>S\u00fcneklik:<\/strong> Molek\u00fcllerinin \u00fczerinde kayma ve iplik veya iplik elde etmek i\u00e7in esneme i\u015flevi vard\u0131r.<\/li>\n<li> <strong>D\u00f6v\u00fclebilirlik<\/strong> : Oda s\u0131cakl\u0131\u011f\u0131nda k\u0131r\u0131lmadan gerilebilir, s\u0131k\u0131labilir, d\u00f6v\u00fclebilir veya deforme edilebilir.<\/li>\n<li> <strong>Sertlik<\/strong> : Darbelere, kesilmelere, \u00e7ekme ve itme kuvvetlerine kar\u015f\u0131 dayan\u0131kl\u0131d\u0131r.<\/li>\n<li> <strong>K\u0131r\u0131lganl\u0131k<\/strong> : A\u015f\u0131r\u0131 d\u00fc\u015f\u00fck s\u0131cakl\u0131klara maruz kald\u0131\u011f\u0131nda k\u0131r\u0131lganl\u0131k g\u00f6sterir.<\/li>\n<li> <strong>Elektriksel iletkenlik<\/strong> : Yap\u0131s\u0131ndaki elektronlar\u0131n ba\u011flar\u0131 zay\u0131f oldu\u011fundan par\u00e7ac\u0131klar\u0131 kolayca hareket ederek manyetik alan olu\u015fturur.<\/li>\n<\/ul>\n<h2> <strong>Bak\u0131r\u0131n kimyasal ve fiziksel \u00f6zellikleri<\/strong><\/h2>\n<ol>\n<li> <strong>Atom numaras\u0131<\/strong> : 29<\/li>\n<li> <strong>Kovalent yar\u0131\u00e7ap (\u00c5):<\/strong> 138<\/li>\n<li> <strong>S\u0131radan durum:<\/strong> Kat\u0131<\/li>\n<li> <strong>F\u00fczyon entalpisi:<\/strong> 13,1\u200b Kj\/mol<\/li>\n<li> <strong>Elektronik konfig\u00fcrasyon:<\/strong> [Ar]3d <sup>10<\/sup> 4s <sup>1<\/sup><\/li>\n<li> <strong>\u0130lk iyonla\u015fma g\u00fcc\u00fc (eV):<\/strong> 745,5<\/li>\n<li> <strong>Oksidasyon durumlar\u0131<\/strong> : +1, +2, +3, +4<\/li>\n<li> <strong>Havayla kar\u015f\u0131la\u015ft\u0131r\u0131ld\u0131\u011f\u0131nda ba\u011f\u0131l yo\u011funluk:<\/strong> 8.960 g\/ml<\/li>\n<li> <strong>Kaynama noktas\u0131:<\/strong> 2562\u00b0C (2835K)<\/li>\n<li> <strong>Erime noktas\u0131:<\/strong> 1085\u00b0C (1357,77 K)<\/li>\n<li> <strong>Buharla\u015fma entalpisi:<\/strong> 300\u200b Kj\/mol<\/li>\n<li> <strong>Ses h\u0131z\u0131:<\/strong> 293,15 K&#8217;da 3570 m\/s<\/li>\n<li> <strong>Mohs mineral sertli\u011fi<\/strong> : 3.0<\/li>\n<li> <strong>Atom yar\u0131\u00e7ap\u0131 (\u00c5)<\/strong> : 1,45<\/li>\n<li> <strong>Seviye ba\u015f\u0131na elektronlar<\/strong> : 2, 8, 18, 1<\/li>\n<li> <strong>Atom k\u00fctlesi (g\/mol):<\/strong> 63.546<\/li>\n<li> <strong>\u00d6zg\u00fcl \u0131s\u0131<\/strong> : 385 J\/(K-kg)<\/li>\n<li> <strong>Elektronegatiflik<\/strong> : 1.9<\/li>\n<\/ol>\n<h2> <strong>Bak\u0131r\u0131n k\u00f6keni<\/strong><\/h2>\n<p> \u00d6zellikleri eski \u00e7a\u011flardan beri insanlar taraf\u0131ndan kullan\u0131lmaktad\u0131r. Asl\u0131nda bu metal kalayla birle\u015fti\u011finde o kadar \u00f6nemliydi ki tarih\u00e7iler tarih \u00f6ncesi belli bir d\u00f6nemi Bak\u0131r \u00c7a\u011f\u0131 olarak adland\u0131rd\u0131lar. Kullan\u0131m\u0131 devam etti, ancak 19. y\u00fczy\u0131ldan itibaren stratejik bir metal haline gelinceye kadar pek bir de\u011feri olmad\u0131.<\/p>\n<p> \u00d6te yandan, Greko-Romen d\u00fcnyas\u0131nda, K\u0131br\u0131s adas\u0131nda kimyasal elementin \u00e7ok say\u0131da madeni ke\u015ffedildi. Bu nedenle ona K\u0131br\u0131s k\u00f6kenli anlam\u0131na gelen <em>aes cyprium<\/em> ifadesinden gelen Latince <em>cuprum<\/em> ifadesini atfetmi\u015flerdir.<\/p>\n<h2> <strong>Bak\u0131r ne i\u00e7in kullan\u0131l\u0131r?<\/strong><\/h2>\n<p> Elektronik, elektrik ve \u00e7elik end\u00fcstrilerindeki uygulamalar\u0131n\u0131n \u00e7ok say\u0131da ve \u00e7ok y\u00f6nl\u00fc olmas\u0131 nedeniyle demir ve al\u00fcminyumdan sonra d\u00fcnyada en \u00e7ok t\u00fcketilen \u00fc\u00e7\u00fcnc\u00fc metaldir. Bu metalin baz\u0131 modern kullan\u0131mlar\u0131n\u0131 g\u00f6zlemleyin:<\/p>\n<h3> <strong>Elektrikli ve elektronik \u00fcr\u00fcnler<\/strong><\/h3>\n<p> Bir uygulama, koaksiyel ve elektrik kablolar\u0131n\u0131n yap\u0131m\u0131nda elektrik iletkeni olarak kullan\u0131lmas\u0131d\u0131r. Ayr\u0131ca motorlarda, jenerat\u00f6rlerde ve elektrik transformat\u00f6rlerinde de kullan\u0131l\u0131r. Ayr\u0131ca entegre devrelerde ve mevcut bilgisayar sistemlerinin \u00e7oklu bile\u015fenlerinde.<\/p>\n<h3> <strong>Toplu ta\u015f\u0131ma<\/strong><\/h3>\n<p> \u00c7e\u015fitli otomobil ara\u00e7lar\u0131n\u0131n yedek par\u00e7alar\u0131nda ve yedek par\u00e7alar\u0131nda bu kimyasal elemente ihtiya\u00e7 duyulur. \u00d6rne\u011fin frenler, radyat\u00f6rler ve yast\u0131klar i\u00e7in s\u0131kl\u0131kla kullan\u0131l\u0131r. Ayr\u0131ca elektrik aksamlar\u0131n\u0131n kablolamas\u0131nda da kullan\u0131l\u0131r. Ayr\u0131ca gemilerin g\u00f6vde k\u0131s\u0131mlar\u0131 metalden yap\u0131lm\u0131\u015ft\u0131r.<\/p>\n<h3> <strong>bak\u0131r paralar<\/strong><\/h3>\n<p> D\u00fcnyadaki \u00e7o\u011fu \u00fclke bu kimyasal elementten ve farkl\u0131 ala\u015f\u0131mlardan olu\u015fan para birimleri \u00fcretmektedir. Asl\u0131nda bu kar\u0131\u015f\u0131m genellikle kalay, nikel, al\u00fcminyum veya bronzla birlikte kullan\u0131l\u0131r. \u00d6rne\u011fin 1, 2 ve 5 eurocentlik madeni paralar.<\/p>\n<h3> <strong>binalar<\/strong><\/h3>\n<p> Korozyona kar\u015f\u0131 dayan\u0131kl\u0131l\u0131\u011f\u0131 sayesinde hem konut, hem ticari hem de end\u00fcstriyel komplekslerde su borular\u0131nda kur\u015fun yerine kullan\u0131lmaktad\u0131r. Ayr\u0131ca di\u011fer yap\u0131lar\u0131n yan\u0131 s\u0131ra kap\u0131 kollar\u0131, meydanlardaki heykeller, kilise \u00e7anlar\u0131 gibi mimari malzeme olarak da tercih edilmektedir.<\/p>\n<h3> <strong>bak\u0131r ala\u015f\u0131mlar\u0131<\/strong><\/h3>\n<p> Di\u011fer spesifik metallerin elde edilmesi i\u00e7in hammadde g\u00f6revi g\u00f6r\u00fcr. Ala\u015f\u0131m\u0131n bir \u00f6rne\u011fi \u00e7inko ile kar\u0131\u015f\u0131mdan yap\u0131lan pirin\u00e7tir. Di\u011ferleri kalayla ilgili bronz ve nikel ve \u00e7inko elementinin bir kombinasyonu olan nikel g\u00fcm\u00fc\u015ft\u00fcr.<\/p>\n<p> K\u0131saca bak\u0131r, elektri\u011fi ve \u0131s\u0131y\u0131 \u00e7ok iyi ileten bir ge\u00e7i\u015f metalidir. Ayr\u0131ca genellikle paslanmaya kar\u015f\u0131 \u00e7ok dayan\u0131kl\u0131d\u0131r. Ayn\u0131 zamanda iyi bir s\u00fcneklik, d\u00f6v\u00fclebilirlik ve darbelere, kesilmelere ve itilmelere kar\u015f\u0131 diren\u00e7 g\u00f6sterir, ancak a\u015f\u0131r\u0131 d\u00fc\u015f\u00fck s\u0131cakl\u0131klarda k\u0131r\u0131lgand\u0131r.<\/p>\n","protected":false},"excerpt":{"rendered":"<p>Bak\u0131r\u0131n \u00f6zellikle m\u00fckemmel bir \u0131s\u0131 ve elektrik iletkeni olmas\u0131yla \u00f6ne \u00e7\u0131kt\u0131\u011f\u0131n\u0131 biliyor muydunuz? Bu nedenle g\u00fcnl\u00fck ya\u015fam i\u00e7in gerekli olan \u00fc\u00e7\u00fcnc\u00fc demir d\u0131\u015f\u0131 metal olarak kabul edilir. Ne t\u00fcr bir \u00f6\u011fe oldu\u011funa, ana uygulamalar\u0131n\u0131n neler oldu\u011funa ve nerede bulundu\u011funa dikkat edin. Bak\u0131r nedir? Bak\u0131r ailesinin elementleri aras\u0131nda ilk s\u0131ray\u0131 alan, karakteristik parlak k\u0131rm\u0131z\u0131-turuncu renk tonuna &#8230; <a title=\"Bak\u0131r\" class=\"read-more\" href=\"https:\/\/chemuza.org\/tr\/bakir\/\" aria-label=\"More on Bak\u0131r\">Devam\u0131n\u0131 oku<\/a><\/p>\n","protected":false},"author":1,"featured_media":0,"parent":0,"menu_order":0,"comment_status":"closed","ping_status":"closed","template":"","meta":{"footnotes":""},"yoast_head":"<!-- This site is optimized with the Yoast SEO plugin v21.4 - https:\/\/yoast.com\/wordpress\/plugins\/seo\/ -->\n<title>Bak\u0131r - Chemuza<\/title>\n<meta name=\"robots\" content=\"index, follow, max-snippet:-1, max-image-preview:large, max-video-preview:-1\" \/>\n<link rel=\"canonical\" href=\"https:\/\/chemuza.org\/tr\/bakir\/\" \/>\n<meta property=\"og:locale\" content=\"tr_TR\" \/>\n<meta property=\"og:type\" content=\"article\" \/>\n<meta property=\"og:title\" content=\"Bak\u0131r - Chemuza\" \/>\n<meta property=\"og:description\" content=\"Bak\u0131r\u0131n \u00f6zellikle m\u00fckemmel bir \u0131s\u0131 ve elektrik iletkeni olmas\u0131yla \u00f6ne \u00e7\u0131kt\u0131\u011f\u0131n\u0131 biliyor muydunuz? Bu nedenle g\u00fcnl\u00fck ya\u015fam i\u00e7in gerekli olan \u00fc\u00e7\u00fcnc\u00fc demir d\u0131\u015f\u0131 metal olarak kabul edilir. Ne t\u00fcr bir \u00f6\u011fe oldu\u011funa, ana uygulamalar\u0131n\u0131n neler oldu\u011funa ve nerede bulundu\u011funa dikkat edin. Bak\u0131r nedir? Bak\u0131r ailesinin elementleri aras\u0131nda ilk s\u0131ray\u0131 alan, karakteristik parlak k\u0131rm\u0131z\u0131-turuncu renk tonuna ... Devam\u0131n\u0131 oku\" \/>\n<meta property=\"og:url\" content=\"https:\/\/chemuza.org\/tr\/bakir\/\" \/>\n<meta property=\"og:site_name\" content=\"Chemuza\" \/>\n<meta name=\"twitter:card\" content=\"summary_large_image\" \/>\n<meta name=\"twitter:label1\" content=\"Tahmini okuma s\u00fcresi\" \/>\n\t<meta name=\"twitter:data1\" content=\"5 dakika\" \/>\n<script type=\"application\/ld+json\" class=\"yoast-schema-graph\">{\"@context\":\"https:\/\/schema.org\",\"@graph\":[{\"@type\":\"WebPage\",\"@id\":\"https:\/\/chemuza.org\/tr\/bakir\/\",\"url\":\"https:\/\/chemuza.org\/tr\/bakir\/\",\"name\":\"Bak\u0131r - Chemuza\",\"isPartOf\":{\"@id\":\"https:\/\/chemuza.org\/tr\/#website\"},\"datePublished\":\"2023-07-15T02:37:18+00:00\",\"dateModified\":\"2023-07-15T02:37:18+00:00\",\"breadcrumb\":{\"@id\":\"https:\/\/chemuza.org\/tr\/bakir\/#breadcrumb\"},\"inLanguage\":\"tr\",\"potentialAction\":[{\"@type\":\"ReadAction\",\"target\":[\"https:\/\/chemuza.org\/tr\/bakir\/\"]}]},{\"@type\":\"BreadcrumbList\",\"@id\":\"https:\/\/chemuza.org\/tr\/bakir\/#breadcrumb\",\"itemListElement\":[{\"@type\":\"ListItem\",\"position\":1,\"name\":\"Ev\",\"item\":\"https:\/\/chemuza.org\/tr\/\"},{\"@type\":\"ListItem\",\"position\":2,\"name\":\"Bak\u0131r\"}]},{\"@type\":\"WebSite\",\"@id\":\"https:\/\/chemuza.org\/tr\/#website\",\"url\":\"https:\/\/chemuza.org\/tr\/\",\"name\":\"Chemuza\",\"description\":\"Kimyasal ke\u015fiflere a\u00e7\u0131lan kap\u0131n\u0131z!\",\"publisher\":{\"@id\":\"https:\/\/chemuza.org\/tr\/#organization\"},\"potentialAction\":[{\"@type\":\"SearchAction\",\"target\":{\"@type\":\"EntryPoint\",\"urlTemplate\":\"https:\/\/chemuza.org\/tr\/?s={search_term_string}\"},\"query-input\":\"required name=search_term_string\"}],\"inLanguage\":\"tr\"},{\"@type\":\"Organization\",\"@id\":\"https:\/\/chemuza.org\/tr\/#organization\",\"name\":\"Chemuza\",\"url\":\"https:\/\/chemuza.org\/tr\/\",\"logo\":{\"@type\":\"ImageObject\",\"inLanguage\":\"tr\",\"@id\":\"https:\/\/chemuza.org\/tr\/#\/schema\/logo\/image\/\",\"url\":\"https:\/\/chemuza.org\/tr\/wp-content\/uploads\/2023\/10\/chemuza-logo.png\",\"contentUrl\":\"https:\/\/chemuza.org\/tr\/wp-content\/uploads\/2023\/10\/chemuza-logo.png\",\"width\":387,\"height\":70,\"caption\":\"Chemuza\"},\"image\":{\"@id\":\"https:\/\/chemuza.org\/tr\/#\/schema\/logo\/image\/\"}}]}<\/script>\n<!-- \/ Yoast SEO plugin. -->","yoast_head_json":{"title":"Bak\u0131r - Chemuza","robots":{"index":"index","follow":"follow","max-snippet":"max-snippet:-1","max-image-preview":"max-image-preview:large","max-video-preview":"max-video-preview:-1"},"canonical":"https:\/\/chemuza.org\/tr\/bakir\/","og_locale":"tr_TR","og_type":"article","og_title":"Bak\u0131r - Chemuza","og_description":"Bak\u0131r\u0131n \u00f6zellikle m\u00fckemmel bir \u0131s\u0131 ve elektrik iletkeni olmas\u0131yla \u00f6ne \u00e7\u0131kt\u0131\u011f\u0131n\u0131 biliyor muydunuz? Bu nedenle g\u00fcnl\u00fck ya\u015fam i\u00e7in gerekli olan \u00fc\u00e7\u00fcnc\u00fc demir d\u0131\u015f\u0131 metal olarak kabul edilir. Ne t\u00fcr bir \u00f6\u011fe oldu\u011funa, ana uygulamalar\u0131n\u0131n neler oldu\u011funa ve nerede bulundu\u011funa dikkat edin. Bak\u0131r nedir? Bak\u0131r ailesinin elementleri aras\u0131nda ilk s\u0131ray\u0131 alan, karakteristik parlak k\u0131rm\u0131z\u0131-turuncu renk tonuna ... Devam\u0131n\u0131 oku","og_url":"https:\/\/chemuza.org\/tr\/bakir\/","og_site_name":"Chemuza","twitter_card":"summary_large_image","twitter_misc":{"Tahmini okuma s\u00fcresi":"5 dakika"},"schema":{"@context":"https:\/\/schema.org","@graph":[{"@type":"WebPage","@id":"https:\/\/chemuza.org\/tr\/bakir\/","url":"https:\/\/chemuza.org\/tr\/bakir\/","name":"Bak\u0131r - Chemuza","isPartOf":{"@id":"https:\/\/chemuza.org\/tr\/#website"},"datePublished":"2023-07-15T02:37:18+00:00","dateModified":"2023-07-15T02:37:18+00:00","breadcrumb":{"@id":"https:\/\/chemuza.org\/tr\/bakir\/#breadcrumb"},"inLanguage":"tr","potentialAction":[{"@type":"ReadAction","target":["https:\/\/chemuza.org\/tr\/bakir\/"]}]},{"@type":"BreadcrumbList","@id":"https:\/\/chemuza.org\/tr\/bakir\/#breadcrumb","itemListElement":[{"@type":"ListItem","position":1,"name":"Ev","item":"https:\/\/chemuza.org\/tr\/"},{"@type":"ListItem","position":2,"name":"Bak\u0131r"}]},{"@type":"WebSite","@id":"https:\/\/chemuza.org\/tr\/#website","url":"https:\/\/chemuza.org\/tr\/","name":"Chemuza","description":"Kimyasal ke\u015fiflere a\u00e7\u0131lan kap\u0131n\u0131z!","publisher":{"@id":"https:\/\/chemuza.org\/tr\/#organization"},"potentialAction":[{"@type":"SearchAction","target":{"@type":"EntryPoint","urlTemplate":"https:\/\/chemuza.org\/tr\/?s={search_term_string}"},"query-input":"required name=search_term_string"}],"inLanguage":"tr"},{"@type":"Organization","@id":"https:\/\/chemuza.org\/tr\/#organization","name":"Chemuza","url":"https:\/\/chemuza.org\/tr\/","logo":{"@type":"ImageObject","inLanguage":"tr","@id":"https:\/\/chemuza.org\/tr\/#\/schema\/logo\/image\/","url":"https:\/\/chemuza.org\/tr\/wp-content\/uploads\/2023\/10\/chemuza-logo.png","contentUrl":"https:\/\/chemuza.org\/tr\/wp-content\/uploads\/2023\/10\/chemuza-logo.png","width":387,"height":70,"caption":"Chemuza"},"image":{"@id":"https:\/\/chemuza.org\/tr\/#\/schema\/logo\/image\/"}}]}},"yoast_meta":{"yoast_wpseo_title":"","yoast_wpseo_metadesc":"","yoast_wpseo_canonical":""},"_links":{"self":[{"href":"https:\/\/chemuza.org\/tr\/wp-json\/wp\/v2\/pages\/1443"}],"collection":[{"href":"https:\/\/chemuza.org\/tr\/wp-json\/wp\/v2\/pages"}],"about":[{"href":"https:\/\/chemuza.org\/tr\/wp-json\/wp\/v2\/types\/page"}],"author":[{"embeddable":true,"href":"https:\/\/chemuza.org\/tr\/wp-json\/wp\/v2\/users\/1"}],"replies":[{"embeddable":true,"href":"https:\/\/chemuza.org\/tr\/wp-json\/wp\/v2\/comments?post=1443"}],"version-history":[{"count":0,"href":"https:\/\/chemuza.org\/tr\/wp-json\/wp\/v2\/pages\/1443\/revisions"}],"wp:attachment":[{"href":"https:\/\/chemuza.org\/tr\/wp-json\/wp\/v2\/media?parent=1443"}],"curies":[{"name":"wp","href":"https:\/\/api.w.org\/{rel}","templated":true}]}}