{"id":1442,"date":"2023-07-15T03:59:17","date_gmt":"2023-07-15T03:59:17","guid":{"rendered":"https:\/\/chemuza.org\/tr\/kukurt\/"},"modified":"2023-07-15T03:59:17","modified_gmt":"2023-07-15T03:59:17","slug":"kukurt","status":"publish","type":"page","link":"https:\/\/chemuza.org\/tr\/kukurt\/","title":{"rendered":"K\u00fck\u00fcrt"},"content":{"rendered":"<p>K\u00fck\u00fcrt, v\u00fccutta protein sentezi i\u00e7in gerekli amino asitlerden biri olan \u00f6nemli bir kimyasal bile\u015fiktir. Do\u011fal haliyle volkanik b\u00f6lgelerde s\u00fclfitler, s\u00fclfozaltlar ve s\u00fclfatlar halinde bulunur. End\u00fcstriyel, t\u0131bbi ve beslenme uygulamalar\u0131 \u00e7e\u015fitlidir. A\u015fa\u011f\u0131da ke\u015ffedebilece\u011finiz \u015feyler.<\/p>\n<h2> <strong>K\u00fck\u00fcrt nedir?<\/strong><\/h2>\n<p> Periyodik tablonun metal olmayan grubunun bir par\u00e7as\u0131 olan atom numaras\u0131 16 olan kimyasal bir elementtir. Ho\u015f olmayan kokusuyla ay\u0131rt edilir, soluk sar\u0131 renktedir ve baz\u0131 turuncu noktalara sahiptir. Ayr\u0131ca di\u011fer elementlerle kolayca birle\u015ferek dioksitler ve trioksitler gibi end\u00fcstride bir\u00e7ok uygulamaya sahip bile\u015fikler olu\u015fturur.<\/p>\n<h3> <strong>K\u00fck\u00fcrt sembol\u00fc<\/strong><\/h3>\n<p> <span class=\"content-chemical-element\" style=\"float: left;width: 65px;height: 65px;border: 3px solid #666; display:flex;\n    justify-content: center;align-items: center;margin-right: 15px;\"><span style=\"font-size: 38px;\">S<\/span><\/span> Kelime, yan\u0131c\u0131 veya yanan ta\u015f anlam\u0131na gelen Latince k\u00fck\u00fcrt kelimesinden gelir. Bu ifade Sanskrit\u00e7e \u015bulb\u0101ri ile ilgilidir, yani yan\u0131c\u0131 \u00f6zelli\u011fi nedeniyle bak\u0131rla kar\u0131\u015ft\u0131r\u0131ld\u0131\u011f\u0131nda de\u011ferini kaybeder.<\/p>\n<h2> <strong>K\u00fck\u00fcrt\u00fcn \u00f6zellikleri<\/strong><\/h2>\n<p> Bu kimyasal elementin atom k\u00fctlesi 32.064&#8217;t\u00fcr ve periyodik tablonun 16. grubunda yer al\u0131r. Di\u011fer bile\u015fiklerle kolayl\u0131kla kar\u0131\u015fabilen aktif bir elementtir. Pozitif ve negatif oksidasyon durumlar\u0131nda bulunur ve iyonik kar\u0131\u015f\u0131mlar\u0131n olu\u015fumunda \u00e7ok de\u011ferlidir. Bu metal olmayan malzemenin di\u011fer avantajlar\u0131n\u0131 ke\u015ffedin:<\/p>\n<ul>\n<li> <strong>Hal<\/strong> : S\u0131v\u0131, kat\u0131 ve gaz olmak \u00fczere \u00fc\u00e7 allotropik form sunar.<\/li>\n<li> <strong>Renk<\/strong> : Eridi\u011finde maviye d\u00f6n\u00fc\u015fen donuk kahverengi ve turuncu vurgulara sahip yo\u011fun sar\u0131.<\/li>\n<li> <strong>Tat ve koku<\/strong> : Tad\u0131 tatl\u0131d\u0131r ancak bo\u011fucu ve \u00e7ok ho\u015f olmayan bir kokusu vard\u0131r.<\/li>\n<li> <strong>\u00c7\u00f6z\u00fcn\u00fcrl\u00fck<\/strong> : Suda \u00e7\u00f6z\u00fcnmez fakat benzen ve karbon dis\u00fclf\u00fcrde kolayl\u0131kla \u00e7\u00f6z\u00fcn\u00fcr.<\/li>\n<li> <strong>Dayan\u0131kl\u0131l\u0131k<\/strong> : Nadir, \u00e7abuk toz haline gelen k\u0131r\u0131lgan bir elementtir.<\/li>\n<li> <strong>Toksisite<\/strong> : K\u00fc\u00e7\u00fck konsantrasyonlarda d\u00fc\u015f\u00fckt\u00fcr, ancak artarsa \u00e7ok tahri\u015f edicidir.<\/li>\n<li> <strong>Yap\u0131s\u0131<\/strong> : Ortorombik veya kristal molek\u00fcller, a\u011f tipi veya i\u00e7 i\u00e7e ge\u00e7mi\u015f halkalar \u015feklinde g\u00f6r\u00fcn\u00fcr.<\/li>\n<\/ul>\n<h2> <strong>K\u00fck\u00fcrt\u00fcn kimyasal ve fiziksel \u00f6zellikleri<\/strong><\/h2>\n<ol>\n<li> <strong>Atom numaras\u0131<\/strong> : 16<\/li>\n<li> <strong>D\u00f6nem<\/strong> : 3<\/li>\n<li> <strong>Blok<\/strong> : P<\/li>\n<li> <strong>Grup<\/strong> : 16<\/li>\n<li> <strong>Kovalent yar\u0131\u00e7ap (\u00c5):<\/strong> 102 pm<\/li>\n<li> <strong>Yo\u011funluk:<\/strong> 2,07 kg\/m<\/li>\n<li> <strong>Kaynama noktas\u0131:<\/strong> 444,6\u00b0C<\/li>\n<li> <strong>Erime noktas\u0131:<\/strong> 119.0\u00b0C<\/li>\n<li> <strong>Atom yar\u0131\u00e7ap\u0131:<\/strong> 88 saat<\/li>\n<li> <strong>Ortalama yar\u0131\u00e7ap:<\/strong> 22:00<\/li>\n<li> <strong>Kabuk ba\u015f\u0131na elektron say\u0131s\u0131:<\/strong> 2.8.6 <strong>&nbsp;<\/strong><\/li>\n<li> <strong>Elektronegatiflik:<\/strong> 2,58<\/li>\n<li> <strong>Elektronik konfig\u00fcrasyon:<\/strong> [Ne] 3 s\u00b2 3p4<\/li>\n<li> <strong>Atom k\u00fctlesi (g\/mol):<\/strong> 32.065(5) u<\/li>\n<li> <strong>Oksidasyon durumu:<\/strong> -2, +2, 4, 6 g\u00fc\u00e7l\u00fc asit<\/li>\n<li> <strong>Birinci iyonla\u015fma potansiyeli eV:<\/strong> 10,36<\/li>\n<li> <strong>\u00d6zg\u00fcl \u0131s\u0131:<\/strong> 710J\/(K kg)<\/li>\n<li> <strong>Is\u0131 iletkenli\u011fi:<\/strong> 0, 269 W\/(Km)<\/li>\n<\/ol>\n<h2> <strong>K\u00fck\u00fcrt\u00fcn k\u00f6keni<\/strong><\/h2>\n<p> Bu element, t\u0131bbi \u00f6zellikleri nedeniyle Roma ve Yunan k\u00fclt\u00fcrlerinde yayg\u0131n olarak kullan\u0131ld\u0131\u011f\u0131ndan, milattan \u00f6nce \u00e7ok eski zamanlara dayanmaktad\u0131r. Ayr\u0131ca M\u0131s\u0131r tap\u0131naklar\u0131nda kuma\u015f a\u011fart\u0131c\u0131 ve ar\u0131nd\u0131r\u0131c\u0131 olarak da kullan\u0131lm\u0131\u015ft\u0131r. Simyac\u0131 Henning Brand onu do\u011fal haliyle ke\u015ffetti. Daha sonra, 1777&#8217;de kimyager Antoine Lavoisier birka\u00e7 deney yapt\u0131 ve onu, k\u00fck\u00fcrt oksit ve di\u011fer bile\u015fikleri kar\u0131\u015ft\u0131rabilen, olu\u015fturabilen bir element olarak s\u0131n\u0131fland\u0131rd\u0131.<\/p>\n<h2> <strong>K\u00fck\u00fcrt ne i\u00e7in kullan\u0131l\u0131r?<\/strong><\/h2>\n<p> Kullan\u0131m alanlar\u0131 end\u00fcstriyel ve t\u0131bbi alanlara kadar uzan\u0131r. S\u00fclf\u00fcrik asitten ilk olarak piller, barut ve vulkanize kau\u00e7uk \u00fcretilir. Ayr\u0131ca s\u00fclfitten k\u00fck\u00fcrt sabunu, \u00e7ama\u015f\u0131r suyu ve kibrit de yap\u0131l\u0131r. Tiyos\u00fclfat formunda, foto\u011fraf \u00fcretiminde g\u00fcm\u00fc\u015f brom\u00fcr\u00fc \u00e7\u00f6zmek i\u00e7in sabitleyici olarak kullan\u0131l\u0131r. Ayn\u0131 \u015fekilde sivilce ve cilt alerjilerinin tedavisinde de k\u00fck\u00fcrt dioksit formunda antiseptik olarak yayg\u0131n \u015fekilde kullan\u0131lmaktad\u0131r. Mantar ila\u00e7lar\u0131 ve g\u00fcbrelerde bile aktif madde olarak kullan\u0131l\u0131r.<\/p>\n<h2> <strong>K\u00fck\u00fcrt d\u00f6ng\u00fcs\u00fc nedir?<\/strong><\/h2>\n<p> Bu, bu elementin \u00e7evrede bulundu\u011fu biyojeokimyasal bir d\u00f6ng\u00fcd\u00fcr. Karma\u015f\u0131k bir kimyasal s\u00fcre\u00e7 olarak kabul edilir \u00e7\u00fcnk\u00fc farkl\u0131 ekosistemlerden ge\u00e7er ve \u00f6zellikle oksijene ba\u011fland\u0131\u011f\u0131nda farkl\u0131 oksidasyon durumlar\u0131 ya\u015far. Ayr\u0131ca ortamda \u015fu \u015fekilde dola\u015f\u0131r:<\/p>\n<ul>\n<li> Topraktan havaya ve suya emilerek hareket eder.<\/li>\n<li> Yutuldu\u011funda sebzelerden hayvanlara ge\u00e7er.<\/li>\n<li> Hidrojen s\u00fclf\u00fcr ve k\u00fck\u00fcrt dioksit gibi organik maddelerin ayr\u0131\u015fmas\u0131 sonucu atmosferde gaz halinde bulunur.<\/li>\n<li> Bozunma, asit ya\u011fmuru veya k\u00fck\u00fcrt dioksit ve atmosfere giren gazlar nedeniyle topra\u011fa ve suya geri d\u00f6ner.<\/li>\n<\/ul>\n<h2> <strong>K\u00fck\u00fcrt\u00fcn insan v\u00fccudunda i\u015flevi nedir?<\/strong><\/h2>\n<p> \u0130nsan v\u00fccudunda cilt, tendonlar, kemikler ve ba\u011flar i\u00e7in gerekli bir protein olan kolajen \u00fcretimini destekler. Ayr\u0131ca kan\u0131n p\u0131ht\u0131la\u015fmas\u0131n\u0131 te\u015fvik eder, dokular\u0131 ve karaci\u011fer fonksiyonlar\u0131n\u0131 g\u00fc\u00e7lendirir. Ayr\u0131ca beyne oksijen ta\u015f\u0131nmas\u0131n\u0131 sa\u011flar, ins\u00fclin fonksiyonuna yard\u0131mc\u0131 olur ve karbonhidratlar\u0131 enerjiye d\u00f6n\u00fc\u015ft\u00fcr\u00fcr.<\/p>\n<p> Ayn\u0131 \u015fekilde zihinsel huzuru destekleyen D vitamininin de etken maddesidir. Amino asitler \u00fczerindeki etkisi sayesinde v\u00fccutta yeni doku olu\u015fumuna katk\u0131da bulunur.<\/p>\n<p> \u00d6zetle k\u00fck\u00fcrt, \u00e7e\u015fitli bile\u015fiklerde farkl\u0131 oksidasyon durumlar\u0131 sergileyen metalik olmayan bir elementtir. T\u00fcm canl\u0131larda protein sentezi i\u00e7in gerekli olan metionin ve sistein amino asitlerinin olu\u015fumu i\u00e7in gereklidir.<\/p>\n","protected":false},"excerpt":{"rendered":"<p>K\u00fck\u00fcrt, v\u00fccutta protein sentezi i\u00e7in gerekli amino asitlerden biri olan \u00f6nemli bir kimyasal bile\u015fiktir. Do\u011fal haliyle volkanik b\u00f6lgelerde s\u00fclfitler, s\u00fclfozaltlar ve s\u00fclfatlar halinde bulunur. End\u00fcstriyel, t\u0131bbi ve beslenme uygulamalar\u0131 \u00e7e\u015fitlidir. A\u015fa\u011f\u0131da ke\u015ffedebilece\u011finiz \u015feyler. K\u00fck\u00fcrt nedir? Periyodik tablonun metal olmayan grubunun bir par\u00e7as\u0131 olan atom numaras\u0131 16 olan kimyasal bir elementtir. Ho\u015f olmayan kokusuyla ay\u0131rt edilir, &#8230; <a title=\"K\u00fck\u00fcrt\" class=\"read-more\" href=\"https:\/\/chemuza.org\/tr\/kukurt\/\" aria-label=\"More on K\u00fck\u00fcrt\">Devam\u0131n\u0131 oku<\/a><\/p>\n","protected":false},"author":1,"featured_media":0,"parent":0,"menu_order":0,"comment_status":"closed","ping_status":"closed","template":"","meta":{"footnotes":""},"yoast_head":"<!-- This site is optimized with the Yoast SEO plugin v21.4 - https:\/\/yoast.com\/wordpress\/plugins\/seo\/ -->\n<title>K\u00fck\u00fcrt - Chemuza<\/title>\n<meta name=\"robots\" content=\"index, follow, max-snippet:-1, max-image-preview:large, max-video-preview:-1\" \/>\n<link rel=\"canonical\" href=\"https:\/\/chemuza.org\/tr\/kukurt\/\" \/>\n<meta property=\"og:locale\" content=\"tr_TR\" \/>\n<meta property=\"og:type\" content=\"article\" \/>\n<meta property=\"og:title\" content=\"K\u00fck\u00fcrt - Chemuza\" \/>\n<meta property=\"og:description\" content=\"K\u00fck\u00fcrt, v\u00fccutta protein sentezi i\u00e7in gerekli amino asitlerden biri olan \u00f6nemli bir kimyasal bile\u015fiktir. Do\u011fal haliyle volkanik b\u00f6lgelerde s\u00fclfitler, s\u00fclfozaltlar ve s\u00fclfatlar halinde bulunur. End\u00fcstriyel, t\u0131bbi ve beslenme uygulamalar\u0131 \u00e7e\u015fitlidir. A\u015fa\u011f\u0131da ke\u015ffedebilece\u011finiz \u015feyler. K\u00fck\u00fcrt nedir? Periyodik tablonun metal olmayan grubunun bir par\u00e7as\u0131 olan atom numaras\u0131 16 olan kimyasal bir elementtir. Ho\u015f olmayan kokusuyla ay\u0131rt edilir, ... Devam\u0131n\u0131 oku\" \/>\n<meta property=\"og:url\" content=\"https:\/\/chemuza.org\/tr\/kukurt\/\" \/>\n<meta property=\"og:site_name\" content=\"Chemuza\" \/>\n<meta name=\"twitter:card\" content=\"summary_large_image\" \/>\n<meta name=\"twitter:label1\" content=\"Tahmini okuma s\u00fcresi\" \/>\n\t<meta name=\"twitter:data1\" content=\"4 dakika\" \/>\n<script type=\"application\/ld+json\" class=\"yoast-schema-graph\">{\"@context\":\"https:\/\/schema.org\",\"@graph\":[{\"@type\":\"WebPage\",\"@id\":\"https:\/\/chemuza.org\/tr\/kukurt\/\",\"url\":\"https:\/\/chemuza.org\/tr\/kukurt\/\",\"name\":\"K\u00fck\u00fcrt - Chemuza\",\"isPartOf\":{\"@id\":\"https:\/\/chemuza.org\/tr\/#website\"},\"datePublished\":\"2023-07-15T03:59:17+00:00\",\"dateModified\":\"2023-07-15T03:59:17+00:00\",\"breadcrumb\":{\"@id\":\"https:\/\/chemuza.org\/tr\/kukurt\/#breadcrumb\"},\"inLanguage\":\"tr\",\"potentialAction\":[{\"@type\":\"ReadAction\",\"target\":[\"https:\/\/chemuza.org\/tr\/kukurt\/\"]}]},{\"@type\":\"BreadcrumbList\",\"@id\":\"https:\/\/chemuza.org\/tr\/kukurt\/#breadcrumb\",\"itemListElement\":[{\"@type\":\"ListItem\",\"position\":1,\"name\":\"Ev\",\"item\":\"https:\/\/chemuza.org\/tr\/\"},{\"@type\":\"ListItem\",\"position\":2,\"name\":\"K\u00fck\u00fcrt\"}]},{\"@type\":\"WebSite\",\"@id\":\"https:\/\/chemuza.org\/tr\/#website\",\"url\":\"https:\/\/chemuza.org\/tr\/\",\"name\":\"Chemuza\",\"description\":\"Kimyasal ke\u015fiflere a\u00e7\u0131lan kap\u0131n\u0131z!\",\"publisher\":{\"@id\":\"https:\/\/chemuza.org\/tr\/#organization\"},\"potentialAction\":[{\"@type\":\"SearchAction\",\"target\":{\"@type\":\"EntryPoint\",\"urlTemplate\":\"https:\/\/chemuza.org\/tr\/?s={search_term_string}\"},\"query-input\":\"required name=search_term_string\"}],\"inLanguage\":\"tr\"},{\"@type\":\"Organization\",\"@id\":\"https:\/\/chemuza.org\/tr\/#organization\",\"name\":\"Chemuza\",\"url\":\"https:\/\/chemuza.org\/tr\/\",\"logo\":{\"@type\":\"ImageObject\",\"inLanguage\":\"tr\",\"@id\":\"https:\/\/chemuza.org\/tr\/#\/schema\/logo\/image\/\",\"url\":\"https:\/\/chemuza.org\/tr\/wp-content\/uploads\/2023\/10\/chemuza-logo.png\",\"contentUrl\":\"https:\/\/chemuza.org\/tr\/wp-content\/uploads\/2023\/10\/chemuza-logo.png\",\"width\":387,\"height\":70,\"caption\":\"Chemuza\"},\"image\":{\"@id\":\"https:\/\/chemuza.org\/tr\/#\/schema\/logo\/image\/\"}}]}<\/script>\n<!-- \/ Yoast SEO plugin. -->","yoast_head_json":{"title":"K\u00fck\u00fcrt - Chemuza","robots":{"index":"index","follow":"follow","max-snippet":"max-snippet:-1","max-image-preview":"max-image-preview:large","max-video-preview":"max-video-preview:-1"},"canonical":"https:\/\/chemuza.org\/tr\/kukurt\/","og_locale":"tr_TR","og_type":"article","og_title":"K\u00fck\u00fcrt - Chemuza","og_description":"K\u00fck\u00fcrt, v\u00fccutta protein sentezi i\u00e7in gerekli amino asitlerden biri olan \u00f6nemli bir kimyasal bile\u015fiktir. Do\u011fal haliyle volkanik b\u00f6lgelerde s\u00fclfitler, s\u00fclfozaltlar ve s\u00fclfatlar halinde bulunur. End\u00fcstriyel, t\u0131bbi ve beslenme uygulamalar\u0131 \u00e7e\u015fitlidir. A\u015fa\u011f\u0131da ke\u015ffedebilece\u011finiz \u015feyler. K\u00fck\u00fcrt nedir? Periyodik tablonun metal olmayan grubunun bir par\u00e7as\u0131 olan atom numaras\u0131 16 olan kimyasal bir elementtir. Ho\u015f olmayan kokusuyla ay\u0131rt edilir, ... Devam\u0131n\u0131 oku","og_url":"https:\/\/chemuza.org\/tr\/kukurt\/","og_site_name":"Chemuza","twitter_card":"summary_large_image","twitter_misc":{"Tahmini okuma s\u00fcresi":"4 dakika"},"schema":{"@context":"https:\/\/schema.org","@graph":[{"@type":"WebPage","@id":"https:\/\/chemuza.org\/tr\/kukurt\/","url":"https:\/\/chemuza.org\/tr\/kukurt\/","name":"K\u00fck\u00fcrt - Chemuza","isPartOf":{"@id":"https:\/\/chemuza.org\/tr\/#website"},"datePublished":"2023-07-15T03:59:17+00:00","dateModified":"2023-07-15T03:59:17+00:00","breadcrumb":{"@id":"https:\/\/chemuza.org\/tr\/kukurt\/#breadcrumb"},"inLanguage":"tr","potentialAction":[{"@type":"ReadAction","target":["https:\/\/chemuza.org\/tr\/kukurt\/"]}]},{"@type":"BreadcrumbList","@id":"https:\/\/chemuza.org\/tr\/kukurt\/#breadcrumb","itemListElement":[{"@type":"ListItem","position":1,"name":"Ev","item":"https:\/\/chemuza.org\/tr\/"},{"@type":"ListItem","position":2,"name":"K\u00fck\u00fcrt"}]},{"@type":"WebSite","@id":"https:\/\/chemuza.org\/tr\/#website","url":"https:\/\/chemuza.org\/tr\/","name":"Chemuza","description":"Kimyasal ke\u015fiflere a\u00e7\u0131lan kap\u0131n\u0131z!","publisher":{"@id":"https:\/\/chemuza.org\/tr\/#organization"},"potentialAction":[{"@type":"SearchAction","target":{"@type":"EntryPoint","urlTemplate":"https:\/\/chemuza.org\/tr\/?s={search_term_string}"},"query-input":"required name=search_term_string"}],"inLanguage":"tr"},{"@type":"Organization","@id":"https:\/\/chemuza.org\/tr\/#organization","name":"Chemuza","url":"https:\/\/chemuza.org\/tr\/","logo":{"@type":"ImageObject","inLanguage":"tr","@id":"https:\/\/chemuza.org\/tr\/#\/schema\/logo\/image\/","url":"https:\/\/chemuza.org\/tr\/wp-content\/uploads\/2023\/10\/chemuza-logo.png","contentUrl":"https:\/\/chemuza.org\/tr\/wp-content\/uploads\/2023\/10\/chemuza-logo.png","width":387,"height":70,"caption":"Chemuza"},"image":{"@id":"https:\/\/chemuza.org\/tr\/#\/schema\/logo\/image\/"}}]}},"yoast_meta":{"yoast_wpseo_title":"","yoast_wpseo_metadesc":"","yoast_wpseo_canonical":""},"_links":{"self":[{"href":"https:\/\/chemuza.org\/tr\/wp-json\/wp\/v2\/pages\/1442"}],"collection":[{"href":"https:\/\/chemuza.org\/tr\/wp-json\/wp\/v2\/pages"}],"about":[{"href":"https:\/\/chemuza.org\/tr\/wp-json\/wp\/v2\/types\/page"}],"author":[{"embeddable":true,"href":"https:\/\/chemuza.org\/tr\/wp-json\/wp\/v2\/users\/1"}],"replies":[{"embeddable":true,"href":"https:\/\/chemuza.org\/tr\/wp-json\/wp\/v2\/comments?post=1442"}],"version-history":[{"count":0,"href":"https:\/\/chemuza.org\/tr\/wp-json\/wp\/v2\/pages\/1442\/revisions"}],"wp:attachment":[{"href":"https:\/\/chemuza.org\/tr\/wp-json\/wp\/v2\/media?parent=1442"}],"curies":[{"name":"wp","href":"https:\/\/api.w.org\/{rel}","templated":true}]}}