{"id":1439,"date":"2023-07-15T07:56:51","date_gmt":"2023-07-15T07:56:51","guid":{"rendered":"https:\/\/chemuza.org\/tr\/magnezyum\/"},"modified":"2023-07-15T07:56:51","modified_gmt":"2023-07-15T07:56:51","slug":"magnezyum","status":"publish","type":"page","link":"https:\/\/chemuza.org\/tr\/magnezyum\/","title":{"rendered":"Magnezyum"},"content":{"rendered":"<p>K\u0131v\u0131lc\u0131m, alev ve duman \u00fcreten \u00fcnl\u00fc havai fi\u015feklerin yap\u0131m\u0131nda magnezyumun kullan\u0131ld\u0131\u011f\u0131n\u0131 biliyor muydunuz? Bu, fizikokimyasal \u00f6zellikleri sayesinde m\u00fcmk\u00fcnd\u00fcr. Ayr\u0131ca t\u0131bbi, end\u00fcstriyel ve in\u015faat alanlar\u0131nda da olduk\u00e7a faydal\u0131 olabilir. Bu temel unsur hakk\u0131nda daha fazla bilgi edinin.<\/p>\n<h2> <strong>Magnezyum nedir?<\/strong><\/h2>\n<p> Periyodik tabloda atom numaras\u0131 12 olan kimyasal elementi ifade eder. Kimyasal grubun veya alkalin toprak metal serisinin bir par\u00e7as\u0131d\u0131r. G\u00fcm\u00fc\u015fi beyaz bir g\u00f6r\u00fcn\u00fcme sahiptir ve \u00e7\u00f6z\u00fcnmez, orta derecede g\u00fc\u00e7l\u00fc, hafif ve iyi reaktif olabilir. \u00d6te yandan ya\u015fam i\u00e7in gerekli olan molek\u00fcler iyonlardan olu\u015fur ve erimi\u015f magnezyum klor\u00fcr\u00fcn elektrolizi ile elde edilir.<\/p>\n<h3> <strong>Magnezyum sembol\u00fc<\/strong><\/h3>\n<p> <span class=\"content-chemical-element\" style=\"float: left; width: 65px; height: 65px; border: 3px solid #666; display: flex; justify-content: center; align-items: center; margin-right: 15px;\"><span style=\"font-size: 38px;\">Mg<\/span><\/span> Bu tan\u0131mlay\u0131c\u0131 semboloji, tan\u0131m\u0131 Magnezyum olan Latince <em>Magnezyum<\/em> kelimesinden gelir. Antik Teselya&#8217;n\u0131n bir b\u00f6lgesi olan Magnesia vilayetinde b\u00fcy\u00fck miktarda metal bulunmas\u0131 nedeniyle bu ad\u0131 alm\u0131\u015ft\u0131r. Ancak daha sonra mevcut ad\u0131n\u0131 korusa da ilk olarak <em>Magnium<\/em> ad\u0131 \u00f6nerildi.<\/p>\n<h2> <strong>Magnezyumun \u00f6zellikleri<\/strong><\/h2>\n<p> \u00d6zellikleri aras\u0131nda 2 de\u011ferlik, 1,31 elektronegatiflik ve Mohs \u00f6l\u00e7e\u011fine g\u00f6re 2,5 mineral sertli\u011fi yer al\u0131r. Asl\u0131nda suyun sertli\u011fi kalsiyum ve magnezyum tuzlar\u0131n\u0131n varl\u0131\u011f\u0131ndan kaynaklanmaktad\u0131r. Ayr\u0131ca son derece yan\u0131c\u0131d\u0131r ve yand\u0131\u011f\u0131nda s\u00f6nd\u00fcr\u00fclmesi zor olan yo\u011fun beyaz bir alev \u00fcretir. Ayr\u0131ca onu tan\u0131mlayan di\u011fer y\u00f6nler \u015funlard\u0131r:<\/p>\n<ul>\n<li> <strong>Allotropi:<\/strong> Bu metalin allotropik yap\u0131s\u0131 yoktur.<\/li>\n<li> <strong>D\u00f6v\u00fclebilir<\/strong> : D\u00f6v\u00fclebilir bir elementtir ve \u0131s\u0131t\u0131ld\u0131\u011f\u0131nda s\u00fcnek olabilir.<\/li>\n<li> <strong>Manyetik<\/strong> : Manyetik alanlara nas\u0131l tepki verirse paramanyetik bir sistem sunar.<\/li>\n<li> <strong>Dayan\u0131kl\u0131l\u0131k<\/strong> : D\u00fc\u015f\u00fck.<\/li>\n<li> <strong>Sertlik<\/strong> : A\u011f\u0131rl\u0131\u011fa, darbelere ve darbelere kar\u015f\u0131 iyi diren\u00e7.<\/li>\n<li> <strong>Renk<\/strong> : G\u00f6r\u00fcn\u00fcm\u00fc g\u00fcm\u00fc\u015fi beyazd\u0131r.<\/li>\n<li> <strong>Durumu<\/strong> : Eleman\u0131n ola\u011fan durumu kat\u0131d\u0131r.<\/li>\n<li> <strong>Tat ve koku<\/strong> : Metalik bir tada sahiptir ve kokusu yoktur.<\/li>\n<li> <strong>\u00c7\u00f6z\u00fcn\u00fcrl\u00fck<\/strong> : Oda s\u0131cakl\u0131\u011f\u0131nda su ile yava\u015f reaksiyona girmesine ra\u011fmen \u00e7\u00f6z\u00fcnmez.<\/li>\n<li> <strong>\u00c7evresel s\u00fcrd\u00fcr\u00fclebilirlik<\/strong> : %100 ekolojik bir metaldir, geri d\u00f6n\u00fc\u015ft\u00fcr\u00fclebilir ve \u00e7evreyi korumaya kararl\u0131d\u0131r.<\/li>\n<\/ul>\n<h2> <strong>Magnezyumun kimyasal ve fiziksel \u00f6zellikleri<\/strong><\/h2>\n<ol>\n<li> <strong>Atom numaras\u0131<\/strong> : 12<\/li>\n<li> <strong>Grup<\/strong> : 2<\/li>\n<li> <strong>D\u00f6nem<\/strong> : 3<\/li>\n<li> <strong>Blok<\/strong> : s<\/li>\n<li> <strong>Atom a\u011f\u0131rl\u0131\u011f\u0131<\/strong> : 24.312<\/li>\n<li> <strong>Yo\u011funluk<\/strong> : 1738 kg\/m\u00b3<\/li>\n<li> <strong>Durum<\/strong> : Kat\u0131<\/li>\n<li> <strong>Pas<\/strong> : Temel<\/li>\n<li> <strong>Oksidasyon durumlar\u0131<\/strong> : +2<\/li>\n<li> <strong>Erime noktas\u0131<\/strong> : 650\u00b0C<\/li>\n<li> <strong>Kaynama noktas\u0131<\/strong> : 1090\u00b0C<\/li>\n<li> <strong>\u00d6zg\u00fcl \u0131s\u0131<\/strong> : 1020 J\/(K-kg)<\/li>\n<li> <strong>Elektronegatiflik<\/strong> : 1.31<\/li>\n<li> <strong>Ortalama yar\u0131\u00e7ap<\/strong> : 150 saat<\/li>\n<li> <strong>Kovalent yar\u0131\u00e7ap<\/strong> : 130h<\/li>\n<li> <strong>Atom yar\u0131\u00e7ap\u0131<\/strong> : 145 saat<\/li>\n<li> <strong>Katman ba\u015f\u0131na elektron say\u0131s\u0131<\/strong> : 2, 8, 2<\/li>\n<li> <strong>Elektronik konfig\u00fcrasyon<\/strong> : [Ne]3 s\u00b2<\/li>\n<\/ol>\n<h2> <strong>Magnezyumun k\u00f6keni<\/strong><\/h2>\n<p> 1618 y\u0131l\u0131nda bir \u0130ngiliz \u00e7ift\u00e7i \u015fifal\u0131 \u00f6zelli\u011fi olan bir kuyudan su elde etti. Ger\u00e7ek \u015fu ki, Epsom tuzlar\u0131 olarak bilinen hidratl\u0131 magnezyum s\u00fclfat i\u00e7eriyorlard\u0131. Daha sonra 1755&#8217;te \u0130sko\u00e7 doktor Joseph Black bunu kimyasal element olarak onaylad\u0131.<\/p>\n<p> Daha sonra 1808 y\u0131l\u0131nda element izole edildi, yani resmi ka\u015fifi olarak tan\u0131nan \u0130ngiliz kimyager Sir Humphry Davy sayesinde ilk kez \u00fcretildi. Daha sonra Frans\u0131z Antoine Alexandre Bussy, 1831 y\u0131l\u0131nda elementin ilk kararl\u0131 ve tutarl\u0131 formunu elde etti.<\/p>\n<h2> <strong>Magnezyum ne i\u00e7in kullan\u0131l\u0131r?<\/strong><\/h2>\n<p> \u00c7ok kullan\u0131\u015fl\u0131 bir \u00f6zellik i\u015faret fi\u015fekleri, foto\u011fraf fla\u015flar\u0131, yang\u0131n bombalar\u0131 ve havai fi\u015feklerdir. Ayr\u0131ca hafif ve g\u00fc\u00e7l\u00fc olmas\u0131 nedeniyle genellikle u\u00e7ak, f\u00fcze ve lastik yap\u0131m\u0131nda farkl\u0131 t\u00fcrdeki ala\u015f\u0131mlarda kullan\u0131l\u0131r.<\/p>\n<p> Ek olarak k\u00fcresel grafit \u00fcretimi, geleneksel itici gazlar, saf uranyum ve di\u011fer metallerin i\u015flenmesine yapt\u0131\u011f\u0131 katk\u0131larda ba\u015fka uygulamalar da bulunur. Buna ek olarak, t\u0131bbi olarak farkl\u0131 ama\u00e7larla, \u00f6rne\u011fin beslenme, kilo ve boy i\u00e7in bir mineral olarak s\u0131kl\u0131kla kullan\u0131l\u0131r.<\/p>\n<h2> <strong>Magnezyum nerede bulunur?<\/strong><\/h2>\n<p> Periyodik tablonun elementleri aras\u0131nda 8. s\u0131rada yer ald\u0131\u011f\u0131ndan gezegende bol miktarda bulunan bir maddedir ve yer kabu\u011funun %2&#8217;sini kaplar. Toprakta saf halde bulunmamas\u0131na ra\u011fmen di\u011fer minerallerin yan\u0131 s\u0131ra manyezit, brusit, dolomit, olivin, karnalit gibi organik ve inorganik bile\u015fikler halinde elde edilir.<\/p>\n<p> \u00d6te yandan, onu i\u00e7eren g\u0131dalar da var, \u00f6zellikle bitki k\u00f6kenli olanlar. \u00d6rnekler aras\u0131nda kabuklu yemi\u015fler, tohumlar ve kurutulmu\u015f otlar yer al\u0131r. Buna kar\u015f\u0131l\u0131k, di\u011ferlerinin yan\u0131 s\u0131ra kemiklerin, ya\u011f asitlerinin, proteinlerin olu\u015fumuna katk\u0131da bulundu\u011fundan insan v\u00fccudunun temel besin maddelerinin bir par\u00e7as\u0131d\u0131r.<\/p>\n<h2> <strong>Magnezyum bile\u015fimi<\/strong><\/h2>\n<p> Sporcular taraf\u0131ndan kurutucu olarak kullan\u0131lan magnezyum karbonat gibi iki de\u011ferlikli bile\u015fikler olu\u015fturur. Ayn\u0131 \u015fekilde, iyi bilinen bir antiasit ve m\u00fcshil olan magnezyum hidroksit olu\u015fturur. Ayr\u0131ca magnezyum nitrat, inorganik tuz, magnezyum klor\u00fcr, diyet takviyeleri ve magnezyum oksit, brom\u00fcr, s\u00fclfat ve flor\u00fcr formundaki di\u011ferleri.<\/p>\n<p> \u00d6zetle magnezyum, normal durumunda kat\u0131 olan kimyasal bir varl\u0131\u011fa kar\u015f\u0131l\u0131k gelir. Say\u0131s\u0131 12 ve atom k\u00fctlesi 24.312 olan toprak alkali metaller grubunun bir par\u00e7as\u0131d\u0131r. \u00c7\u00f6z\u00fcn\u00fcrl\u00fck veya dayan\u0131kl\u0131l\u0131k g\u00f6stermez ancak i\u015flenebilirlik, y\u00fcksek reaktivite sergiler ve insanlar i\u00e7in \u00f6nemli bir beslenme rol\u00fc oynar.<\/p>\n","protected":false},"excerpt":{"rendered":"<p>K\u0131v\u0131lc\u0131m, alev ve duman \u00fcreten \u00fcnl\u00fc havai fi\u015feklerin yap\u0131m\u0131nda magnezyumun kullan\u0131ld\u0131\u011f\u0131n\u0131 biliyor muydunuz? Bu, fizikokimyasal \u00f6zellikleri sayesinde m\u00fcmk\u00fcnd\u00fcr. Ayr\u0131ca t\u0131bbi, end\u00fcstriyel ve in\u015faat alanlar\u0131nda da olduk\u00e7a faydal\u0131 olabilir. Bu temel unsur hakk\u0131nda daha fazla bilgi edinin. Magnezyum nedir? Periyodik tabloda atom numaras\u0131 12 olan kimyasal elementi ifade eder. Kimyasal grubun veya alkalin toprak metal serisinin &#8230; <a title=\"Magnezyum\" class=\"read-more\" href=\"https:\/\/chemuza.org\/tr\/magnezyum\/\" aria-label=\"More on Magnezyum\">Devam\u0131n\u0131 oku<\/a><\/p>\n","protected":false},"author":1,"featured_media":0,"parent":0,"menu_order":0,"comment_status":"closed","ping_status":"closed","template":"","meta":{"footnotes":""},"yoast_head":"<!-- This site is optimized with the Yoast SEO plugin v21.4 - https:\/\/yoast.com\/wordpress\/plugins\/seo\/ -->\n<title>Magnezyum - Chemuza<\/title>\n<meta name=\"robots\" content=\"index, follow, max-snippet:-1, max-image-preview:large, max-video-preview:-1\" \/>\n<link rel=\"canonical\" href=\"https:\/\/chemuza.org\/tr\/magnezyum\/\" \/>\n<meta property=\"og:locale\" content=\"tr_TR\" \/>\n<meta property=\"og:type\" content=\"article\" \/>\n<meta property=\"og:title\" content=\"Magnezyum - Chemuza\" \/>\n<meta property=\"og:description\" content=\"K\u0131v\u0131lc\u0131m, alev ve duman \u00fcreten \u00fcnl\u00fc havai fi\u015feklerin yap\u0131m\u0131nda magnezyumun kullan\u0131ld\u0131\u011f\u0131n\u0131 biliyor muydunuz? Bu, fizikokimyasal \u00f6zellikleri sayesinde m\u00fcmk\u00fcnd\u00fcr. Ayr\u0131ca t\u0131bbi, end\u00fcstriyel ve in\u015faat alanlar\u0131nda da olduk\u00e7a faydal\u0131 olabilir. Bu temel unsur hakk\u0131nda daha fazla bilgi edinin. Magnezyum nedir? Periyodik tabloda atom numaras\u0131 12 olan kimyasal elementi ifade eder. Kimyasal grubun veya alkalin toprak metal serisinin ... Devam\u0131n\u0131 oku\" \/>\n<meta property=\"og:url\" content=\"https:\/\/chemuza.org\/tr\/magnezyum\/\" \/>\n<meta property=\"og:site_name\" content=\"Chemuza\" \/>\n<meta name=\"twitter:card\" content=\"summary_large_image\" \/>\n<meta name=\"twitter:label1\" content=\"Tahmini okuma s\u00fcresi\" \/>\n\t<meta name=\"twitter:data1\" content=\"4 dakika\" \/>\n<script type=\"application\/ld+json\" class=\"yoast-schema-graph\">{\"@context\":\"https:\/\/schema.org\",\"@graph\":[{\"@type\":\"WebPage\",\"@id\":\"https:\/\/chemuza.org\/tr\/magnezyum\/\",\"url\":\"https:\/\/chemuza.org\/tr\/magnezyum\/\",\"name\":\"Magnezyum - Chemuza\",\"isPartOf\":{\"@id\":\"https:\/\/chemuza.org\/tr\/#website\"},\"datePublished\":\"2023-07-15T07:56:51+00:00\",\"dateModified\":\"2023-07-15T07:56:51+00:00\",\"breadcrumb\":{\"@id\":\"https:\/\/chemuza.org\/tr\/magnezyum\/#breadcrumb\"},\"inLanguage\":\"tr\",\"potentialAction\":[{\"@type\":\"ReadAction\",\"target\":[\"https:\/\/chemuza.org\/tr\/magnezyum\/\"]}]},{\"@type\":\"BreadcrumbList\",\"@id\":\"https:\/\/chemuza.org\/tr\/magnezyum\/#breadcrumb\",\"itemListElement\":[{\"@type\":\"ListItem\",\"position\":1,\"name\":\"Ev\",\"item\":\"https:\/\/chemuza.org\/tr\/\"},{\"@type\":\"ListItem\",\"position\":2,\"name\":\"Magnezyum\"}]},{\"@type\":\"WebSite\",\"@id\":\"https:\/\/chemuza.org\/tr\/#website\",\"url\":\"https:\/\/chemuza.org\/tr\/\",\"name\":\"Chemuza\",\"description\":\"Kimyasal ke\u015fiflere a\u00e7\u0131lan kap\u0131n\u0131z!\",\"publisher\":{\"@id\":\"https:\/\/chemuza.org\/tr\/#organization\"},\"potentialAction\":[{\"@type\":\"SearchAction\",\"target\":{\"@type\":\"EntryPoint\",\"urlTemplate\":\"https:\/\/chemuza.org\/tr\/?s={search_term_string}\"},\"query-input\":\"required name=search_term_string\"}],\"inLanguage\":\"tr\"},{\"@type\":\"Organization\",\"@id\":\"https:\/\/chemuza.org\/tr\/#organization\",\"name\":\"Chemuza\",\"url\":\"https:\/\/chemuza.org\/tr\/\",\"logo\":{\"@type\":\"ImageObject\",\"inLanguage\":\"tr\",\"@id\":\"https:\/\/chemuza.org\/tr\/#\/schema\/logo\/image\/\",\"url\":\"https:\/\/chemuza.org\/tr\/wp-content\/uploads\/2023\/10\/chemuza-logo.png\",\"contentUrl\":\"https:\/\/chemuza.org\/tr\/wp-content\/uploads\/2023\/10\/chemuza-logo.png\",\"width\":387,\"height\":70,\"caption\":\"Chemuza\"},\"image\":{\"@id\":\"https:\/\/chemuza.org\/tr\/#\/schema\/logo\/image\/\"}}]}<\/script>\n<!-- \/ Yoast SEO plugin. -->","yoast_head_json":{"title":"Magnezyum - Chemuza","robots":{"index":"index","follow":"follow","max-snippet":"max-snippet:-1","max-image-preview":"max-image-preview:large","max-video-preview":"max-video-preview:-1"},"canonical":"https:\/\/chemuza.org\/tr\/magnezyum\/","og_locale":"tr_TR","og_type":"article","og_title":"Magnezyum - Chemuza","og_description":"K\u0131v\u0131lc\u0131m, alev ve duman \u00fcreten \u00fcnl\u00fc havai fi\u015feklerin yap\u0131m\u0131nda magnezyumun kullan\u0131ld\u0131\u011f\u0131n\u0131 biliyor muydunuz? Bu, fizikokimyasal \u00f6zellikleri sayesinde m\u00fcmk\u00fcnd\u00fcr. Ayr\u0131ca t\u0131bbi, end\u00fcstriyel ve in\u015faat alanlar\u0131nda da olduk\u00e7a faydal\u0131 olabilir. Bu temel unsur hakk\u0131nda daha fazla bilgi edinin. Magnezyum nedir? Periyodik tabloda atom numaras\u0131 12 olan kimyasal elementi ifade eder. Kimyasal grubun veya alkalin toprak metal serisinin ... Devam\u0131n\u0131 oku","og_url":"https:\/\/chemuza.org\/tr\/magnezyum\/","og_site_name":"Chemuza","twitter_card":"summary_large_image","twitter_misc":{"Tahmini okuma s\u00fcresi":"4 dakika"},"schema":{"@context":"https:\/\/schema.org","@graph":[{"@type":"WebPage","@id":"https:\/\/chemuza.org\/tr\/magnezyum\/","url":"https:\/\/chemuza.org\/tr\/magnezyum\/","name":"Magnezyum - Chemuza","isPartOf":{"@id":"https:\/\/chemuza.org\/tr\/#website"},"datePublished":"2023-07-15T07:56:51+00:00","dateModified":"2023-07-15T07:56:51+00:00","breadcrumb":{"@id":"https:\/\/chemuza.org\/tr\/magnezyum\/#breadcrumb"},"inLanguage":"tr","potentialAction":[{"@type":"ReadAction","target":["https:\/\/chemuza.org\/tr\/magnezyum\/"]}]},{"@type":"BreadcrumbList","@id":"https:\/\/chemuza.org\/tr\/magnezyum\/#breadcrumb","itemListElement":[{"@type":"ListItem","position":1,"name":"Ev","item":"https:\/\/chemuza.org\/tr\/"},{"@type":"ListItem","position":2,"name":"Magnezyum"}]},{"@type":"WebSite","@id":"https:\/\/chemuza.org\/tr\/#website","url":"https:\/\/chemuza.org\/tr\/","name":"Chemuza","description":"Kimyasal ke\u015fiflere a\u00e7\u0131lan kap\u0131n\u0131z!","publisher":{"@id":"https:\/\/chemuza.org\/tr\/#organization"},"potentialAction":[{"@type":"SearchAction","target":{"@type":"EntryPoint","urlTemplate":"https:\/\/chemuza.org\/tr\/?s={search_term_string}"},"query-input":"required name=search_term_string"}],"inLanguage":"tr"},{"@type":"Organization","@id":"https:\/\/chemuza.org\/tr\/#organization","name":"Chemuza","url":"https:\/\/chemuza.org\/tr\/","logo":{"@type":"ImageObject","inLanguage":"tr","@id":"https:\/\/chemuza.org\/tr\/#\/schema\/logo\/image\/","url":"https:\/\/chemuza.org\/tr\/wp-content\/uploads\/2023\/10\/chemuza-logo.png","contentUrl":"https:\/\/chemuza.org\/tr\/wp-content\/uploads\/2023\/10\/chemuza-logo.png","width":387,"height":70,"caption":"Chemuza"},"image":{"@id":"https:\/\/chemuza.org\/tr\/#\/schema\/logo\/image\/"}}]}},"yoast_meta":{"yoast_wpseo_title":"","yoast_wpseo_metadesc":"","yoast_wpseo_canonical":""},"_links":{"self":[{"href":"https:\/\/chemuza.org\/tr\/wp-json\/wp\/v2\/pages\/1439"}],"collection":[{"href":"https:\/\/chemuza.org\/tr\/wp-json\/wp\/v2\/pages"}],"about":[{"href":"https:\/\/chemuza.org\/tr\/wp-json\/wp\/v2\/types\/page"}],"author":[{"embeddable":true,"href":"https:\/\/chemuza.org\/tr\/wp-json\/wp\/v2\/users\/1"}],"replies":[{"embeddable":true,"href":"https:\/\/chemuza.org\/tr\/wp-json\/wp\/v2\/comments?post=1439"}],"version-history":[{"count":0,"href":"https:\/\/chemuza.org\/tr\/wp-json\/wp\/v2\/pages\/1439\/revisions"}],"wp:attachment":[{"href":"https:\/\/chemuza.org\/tr\/wp-json\/wp\/v2\/media?parent=1439"}],"curies":[{"name":"wp","href":"https:\/\/api.w.org\/{rel}","templated":true}]}}