{"id":1438,"date":"2023-07-15T08:56:28","date_gmt":"2023-07-15T08:56:28","guid":{"rendered":"https:\/\/chemuza.org\/tr\/neon\/"},"modified":"2023-07-15T08:56:28","modified_gmt":"2023-07-15T08:56:28","slug":"neon","status":"publish","type":"page","link":"https:\/\/chemuza.org\/tr\/neon\/","title":{"rendered":"Neon"},"content":{"rendered":"<p>Neonun d\u00fcnyadaki en \u00fcnl\u00fc kullan\u0131m\u0131, renklerinin bir reklam \u00f6nerme arac\u0131 olarak kullan\u0131lmas\u0131yla ilgilidir. \u00d6te yandan havada bulunmas\u0131 neredeyse imkans\u0131z bir element olmas\u0131na ra\u011fmen evrende bol miktarda bulunmaktad\u0131r. Bu ilgin\u00e7 element hakk\u0131nda \u00f6zellikleri, karakteristikleri ve uygulamalar\u0131 gibi daha fazlas\u0131n\u0131 \u00f6\u011frenin.<\/p>\n<h2> <strong>Neon nedir?<\/strong><\/h2>\n<p> Gaz halindeki ve atom numaras\u0131 10 olan, helyumdan sonra en hafif gaz olan kimyasal bir elementtir. Kokusuz, tats\u0131z, renksizdir ve soygaz kimyasal serisinin bir par\u00e7as\u0131d\u0131r. Ayr\u0131ca v\u00fccudun termal seviyesini hidrojenden daha iyi korur ve floresan t\u00fcplere turuncu-k\u0131rm\u0131z\u0131 tonunu verir.<\/p>\n<h3> <strong>Neon tabela<\/strong><\/h3>\n<p> <span class=\"content-chemical-element\" style=\"float: left;width: 65px;height: 65px;border: 3px solid #666; display:flex;\n    justify-content: center;align-items: center;margin-right: 15px;\"><span style=\"font-size: 38px;\">Ne<\/span><\/span> Bu isim Yunanca anlam\u0131 Yeni olan <em>Neos<\/em> kelimesinden t\u00fcremi\u015ftir. Bu terim, Argon ve Kripton&#8217;un ke\u015ffinden sonra kimyasal element i\u00e7in belirlendi. Bu nedenle sonuna son eklemi\u015fler.<\/p>\n<h2> <strong>Neonun \u00f6zellikleri<\/strong><\/h2>\n<p> Bu element, daha az inert elementlerle reaksiyona girebilmesine ra\u011fmen izole karakteriyle karakterize edilir, ancak bu nadiren ger\u00e7ekle\u015fir. Ayr\u0131ca eksiksiz bir elektronik katmana sahiptir. Bu listedeki di\u011fer \u00f6zelliklere g\u00f6z at\u0131n:<\/p>\n<ul>\n<li> <strong>Allotroplar<\/strong> : Bu kimyasal elementin allotroplar\u0131 yoktur.<\/li>\n<li> <strong>D\u00f6v\u00fclebilir<\/strong> : S\u00fcneklik ve d\u00f6v\u00fclebilirlikten yoksundurlar.<\/li>\n<li> <strong>Manyetizma<\/strong> : Elektriksel bir iletkendir, ancak yaln\u0131zca iyonla\u015ft\u0131\u011f\u0131nda.<\/li>\n<li> <strong>Sertlik<\/strong> : Mohs \u00f6l\u00e7e\u011fine g\u00f6re mineral sertli\u011fi verilerini i\u00e7ermez.<\/li>\n<li> <strong>Renk<\/strong> : Renksizdir ancak iyonla\u015ft\u0131\u011f\u0131nda k\u0131rm\u0131z\u0131ms\u0131 ve turuncu renkte enerji fotonlar\u0131 yayar.<\/li>\n<li> <strong>Durumu<\/strong> : S\u0131radan faz\u0131 gaz halindedir.<\/li>\n<li> <strong>Tat ve koku<\/strong> : Tats\u0131z bir tada sahiptir ve kokusu yoktur.<\/li>\n<li> <strong>\u00c7\u00f6z\u00fcn\u00fcrl\u00fck<\/strong> : \u00c7\u00f6z\u00fcnmeyen element.<\/li>\n<li> <strong>Yo\u011funluk<\/strong> : Havadan 1,4 oran\u0131nda daha az yo\u011fundur.<\/li>\n<li> <strong>Reaktivite<\/strong> : Elektron almad\u0131\u011f\u0131 veya kaybetmedi\u011fi i\u00e7in reaktivitesi s\u0131f\u0131rd\u0131r.<\/li>\n<\/ul>\n<h2> <strong>Neonun kimyasal ve fiziksel \u00f6zellikleri<\/strong><\/h2>\n<ol>\n<li> <strong>Atom numaras\u0131<\/strong> : 10<\/li>\n<li> <strong>Grup<\/strong> : 18<\/li>\n<li> <strong>D\u00f6nem<\/strong> : 2<\/li>\n<li> <strong>Engelle<\/strong> :p<\/li>\n<li> <strong>Atom a\u011f\u0131rl\u0131\u011f\u0131<\/strong> : 20.1797<\/li>\n<li> <strong>Yo\u011funluk<\/strong> : 0,8999 kg\/m\u00b3<\/li>\n<li> <strong>Durum<\/strong> : Gaz<\/li>\n<li> <strong>Pas<\/strong> : De\u011fil<\/li>\n<li> <strong>Erime noktas\u0131<\/strong> : -249\u00b0C<\/li>\n<li> <strong>Kaynama noktas\u0131<\/strong> : -246\u00b0C<\/li>\n<li> <strong>\u00d6zg\u00fcl \u0131s\u0131<\/strong> : 103 J\/(K-kg)<\/li>\n<li> <strong>Elektronegatiflik<\/strong> : Yok<\/li>\n<li> <strong>Ortalama yar\u0131\u00e7ap<\/strong> : Olmad\u0131<\/li>\n<li> <strong>Kovalent yar\u0131\u00e7ap<\/strong> : 69h<\/li>\n<li> <strong>Atom yar\u0131\u00e7ap\u0131<\/strong> : 38 saat<\/li>\n<li> <strong>Kabuk ba\u015f\u0131na elektron say\u0131s\u0131<\/strong> : 2,8<\/li>\n<li> <strong>Oksidasyon durumlar\u0131<\/strong> : Yok<\/li>\n<li> <strong>Elektronik konfig\u00fcrasyon<\/strong> : [He]2s <sup>2<\/sup> 2p <sup>6<\/sup><\/li>\n<\/ol>\n<h2> <strong>Neonun k\u00f6keni<\/strong><\/h2>\n<p> Ke\u015fif, \u0130ngiliz Morris William Travers ile birlikte y\u00fcr\u00fct\u00fclen \u00e7al\u0131\u015fman\u0131n bir par\u00e7as\u0131 olarak \u0130sko\u00e7 kimyager Sir William Ramsay taraf\u0131ndan yap\u0131ld\u0131. Bu, kripton, ksenon ve helyumun tan\u0131mlan\u0131p izole edilmesinden k\u0131sa bir s\u00fcre sonra ger\u00e7ekle\u015fti. Tarihe g\u00f6re bu ke\u015fif 1898 y\u0131l\u0131nda University College London&#8217;da ger\u00e7ekle\u015fti.<\/p>\n<h2> <strong>Neon ne i\u00e7in kullan\u0131l\u0131r?<\/strong><\/h2>\n<p> Bu elementin b\u00fcy\u00fck miktarlar\u0131 y\u00fcksek enerji fizi\u011fi prosed\u00fcrlerinde kullan\u0131l\u0131r. Asl\u0131nda sintilasyon odalar\u0131 bu elementle doldurulur ve ge\u00e7en n\u00fckleer par\u00e7ac\u0131klar tespit edilir. Neonun bir ba\u015fka kullan\u0131m\u0131 da s\u0131v\u0131la\u015ft\u0131r\u0131lm\u0131\u015f halde kriyojenik bir so\u011futucu olarak \u00e7al\u0131\u015fmas\u0131d\u0131r. Ayn\u0131 \u015fekilde so\u011futma sistemlerinde de genellikle s\u0131v\u0131 halde kullan\u0131l\u0131r.<\/p>\n<p> \u00d6te yandan helyumla birlikte bir t\u00fcr lazer \u00fcretmek i\u00e7in kullan\u0131l\u0131r. Ayr\u0131ca b\u00fck\u00fclebilen \u00fcnl\u00fc akkor neon t\u00fcpleri olu\u015fturman\u0131za da olanak tan\u0131r. Lambalarda bile y\u00fcksek voltaj ak\u0131m\u0131n\u0131 belirtmek i\u00e7in kullan\u0131l\u0131r.<\/p>\n<h2> <strong>Neon&#8217;u nas\u0131l edinirsiniz?<\/strong><\/h2>\n<p> S\u0131v\u0131la\u015ft\u0131rma ve ayr\u0131msal dam\u0131tma y\u00f6ntemleriyle elde edilen bir elementtir. Bu i\u015flem, havan\u0131n bir kab\u0131n i\u00e7inde hapsedilmesi ve ard\u0131ndan s\u0131v\u0131 hava olu\u015fana kadar so\u011futulmas\u0131 yoluyla ger\u00e7ekle\u015fir. Daha sonra havan\u0131n buharla\u015fmas\u0131 s\u0131ras\u0131nda a\u00e7\u0131\u011fa \u00e7\u0131kan gazlar\u0131 ay\u0131ran s\u0131cakl\u0131k artar.<\/p>\n<p> Daha sonra yay\u0131lan t\u00fcm gaz \u00f6rnekleri cam t\u00fcplerde izole edilir. Bu, her iki u\u00e7ta bulunan ve Geissler t\u00fcpleri olarak da adland\u0131r\u0131lan d\u00fc\u015f\u00fck bas\u0131n\u00e7taki elektrotlarla m\u00fcmk\u00fcnd\u00fcr. Son olarak Neon yo\u011fun mor tonlar\u0131 \u015feklinde kar\u015f\u0131m\u0131za \u00e7\u0131k\u0131yor.<\/p>\n<h2> <strong>Neon&#8217;u nerede bulabiliriz?<\/strong><\/h2>\n<p> Gaz halindeki ola\u011fan veya do\u011fal haliyle, genellikle minerallerde, g\u00f6kta\u015flar\u0131nda, novalarda, s\u00fcpernovalarda ve D\u00fcnya atmosferinde bulunur. Bu elementin karasal k\u00fcredeki oran\u0131 yaln\u0131zca %0,0018&#8217;dir. Tam tersine evrende en \u00e7ok bulunan be\u015finci element unvan\u0131n\u0131 ta\u015f\u0131r.<\/p>\n<h2> <strong>Neonun sa\u011fl\u0131\u011fa etkileri<\/strong><\/h2>\n<p> \u00c7evresel veya ekolojik bir zarara neden olmad\u0131\u011f\u0131 g\u00f6r\u00fcl\u00fcyor. Ancak saniyeler i\u00e7inde cilt ve g\u00f6zler gibi organlar bu kimyasal elementle temas etti\u011finde donabilir. Bu nedenle, ki\u015finin y\u00fcksek konsantrasyonlarda elemente soluma yoluyla maruz kalmas\u0131 mide bulant\u0131s\u0131, ba\u015f d\u00f6nmesi, kusma, bilin\u00e7 kayb\u0131, kas\u0131lmalar, koma hali ve hatta \u00f6l\u00fcme neden olabilir. G\u00f6zlenen ilk belirtiler \u015funlard\u0131r:<\/p>\n<ul>\n<li> H\u0131zl\u0131 nefes alma.<\/li>\n<li> Nefes alma zorlu\u011fu.<\/li>\n<li> Zihinsel uyan\u0131kl\u0131\u011f\u0131n kayb\u0131.<\/li>\n<li> Azalan kas koordinasyonu.<\/li>\n<li> Secde.<\/li>\n<li> Bilin\u00e7 kayb\u0131.<\/li>\n<\/ul>\n<p> Sonu\u00e7 olarak neon, hi\u00e7bir reaktivite, toksisite, mineral sertli\u011fi, \u00e7\u00f6z\u00fcn\u00fcrl\u00fck veya i\u015flenebilirlik g\u00f6stermeyen olduk\u00e7a inert bir gazd\u0131r. Periyodik tablonun 10 numaras\u0131yla nadir gazlar\u0131 aras\u0131nda yer al\u0131r, Ne sembol\u00fcn\u00fc ta\u015f\u0131r ve atom k\u00fctlesi 20.179&#8217;dur. Ayr\u0131ca bu kimyasal element renksiz, kokusuz ve tats\u0131zd\u0131r.<\/p>\n","protected":false},"excerpt":{"rendered":"<p>Neonun d\u00fcnyadaki en \u00fcnl\u00fc kullan\u0131m\u0131, renklerinin bir reklam \u00f6nerme arac\u0131 olarak kullan\u0131lmas\u0131yla ilgilidir. \u00d6te yandan havada bulunmas\u0131 neredeyse imkans\u0131z bir element olmas\u0131na ra\u011fmen evrende bol miktarda bulunmaktad\u0131r. Bu ilgin\u00e7 element hakk\u0131nda \u00f6zellikleri, karakteristikleri ve uygulamalar\u0131 gibi daha fazlas\u0131n\u0131 \u00f6\u011frenin. Neon nedir? Gaz halindeki ve atom numaras\u0131 10 olan, helyumdan sonra en hafif gaz olan kimyasal &#8230; <a title=\"Neon\" class=\"read-more\" href=\"https:\/\/chemuza.org\/tr\/neon\/\" aria-label=\"More on Neon\">Devam\u0131n\u0131 oku<\/a><\/p>\n","protected":false},"author":1,"featured_media":0,"parent":0,"menu_order":0,"comment_status":"closed","ping_status":"closed","template":"","meta":{"footnotes":""},"yoast_head":"<!-- This site is optimized with the Yoast SEO plugin v21.4 - https:\/\/yoast.com\/wordpress\/plugins\/seo\/ -->\n<title>Neon - Chemuza<\/title>\n<meta name=\"robots\" content=\"index, follow, max-snippet:-1, max-image-preview:large, max-video-preview:-1\" \/>\n<link rel=\"canonical\" href=\"https:\/\/chemuza.org\/tr\/neon\/\" \/>\n<meta property=\"og:locale\" content=\"tr_TR\" \/>\n<meta property=\"og:type\" content=\"article\" \/>\n<meta property=\"og:title\" content=\"Neon - Chemuza\" \/>\n<meta property=\"og:description\" content=\"Neonun d\u00fcnyadaki en \u00fcnl\u00fc kullan\u0131m\u0131, renklerinin bir reklam \u00f6nerme arac\u0131 olarak kullan\u0131lmas\u0131yla ilgilidir. \u00d6te yandan havada bulunmas\u0131 neredeyse imkans\u0131z bir element olmas\u0131na ra\u011fmen evrende bol miktarda bulunmaktad\u0131r. Bu ilgin\u00e7 element hakk\u0131nda \u00f6zellikleri, karakteristikleri ve uygulamalar\u0131 gibi daha fazlas\u0131n\u0131 \u00f6\u011frenin. Neon nedir? Gaz halindeki ve atom numaras\u0131 10 olan, helyumdan sonra en hafif gaz olan kimyasal ... Devam\u0131n\u0131 oku\" \/>\n<meta property=\"og:url\" content=\"https:\/\/chemuza.org\/tr\/neon\/\" \/>\n<meta property=\"og:site_name\" content=\"Chemuza\" \/>\n<meta name=\"twitter:card\" content=\"summary_large_image\" \/>\n<meta name=\"twitter:label1\" content=\"Tahmini okuma s\u00fcresi\" \/>\n\t<meta name=\"twitter:data1\" content=\"4 dakika\" \/>\n<script type=\"application\/ld+json\" class=\"yoast-schema-graph\">{\"@context\":\"https:\/\/schema.org\",\"@graph\":[{\"@type\":\"WebPage\",\"@id\":\"https:\/\/chemuza.org\/tr\/neon\/\",\"url\":\"https:\/\/chemuza.org\/tr\/neon\/\",\"name\":\"Neon - Chemuza\",\"isPartOf\":{\"@id\":\"https:\/\/chemuza.org\/tr\/#website\"},\"datePublished\":\"2023-07-15T08:56:28+00:00\",\"dateModified\":\"2023-07-15T08:56:28+00:00\",\"breadcrumb\":{\"@id\":\"https:\/\/chemuza.org\/tr\/neon\/#breadcrumb\"},\"inLanguage\":\"tr\",\"potentialAction\":[{\"@type\":\"ReadAction\",\"target\":[\"https:\/\/chemuza.org\/tr\/neon\/\"]}]},{\"@type\":\"BreadcrumbList\",\"@id\":\"https:\/\/chemuza.org\/tr\/neon\/#breadcrumb\",\"itemListElement\":[{\"@type\":\"ListItem\",\"position\":1,\"name\":\"Ev\",\"item\":\"https:\/\/chemuza.org\/tr\/\"},{\"@type\":\"ListItem\",\"position\":2,\"name\":\"Neon\"}]},{\"@type\":\"WebSite\",\"@id\":\"https:\/\/chemuza.org\/tr\/#website\",\"url\":\"https:\/\/chemuza.org\/tr\/\",\"name\":\"Chemuza\",\"description\":\"Kimyasal ke\u015fiflere a\u00e7\u0131lan kap\u0131n\u0131z!\",\"publisher\":{\"@id\":\"https:\/\/chemuza.org\/tr\/#organization\"},\"potentialAction\":[{\"@type\":\"SearchAction\",\"target\":{\"@type\":\"EntryPoint\",\"urlTemplate\":\"https:\/\/chemuza.org\/tr\/?s={search_term_string}\"},\"query-input\":\"required name=search_term_string\"}],\"inLanguage\":\"tr\"},{\"@type\":\"Organization\",\"@id\":\"https:\/\/chemuza.org\/tr\/#organization\",\"name\":\"Chemuza\",\"url\":\"https:\/\/chemuza.org\/tr\/\",\"logo\":{\"@type\":\"ImageObject\",\"inLanguage\":\"tr\",\"@id\":\"https:\/\/chemuza.org\/tr\/#\/schema\/logo\/image\/\",\"url\":\"https:\/\/chemuza.org\/tr\/wp-content\/uploads\/2023\/10\/chemuza-logo.png\",\"contentUrl\":\"https:\/\/chemuza.org\/tr\/wp-content\/uploads\/2023\/10\/chemuza-logo.png\",\"width\":387,\"height\":70,\"caption\":\"Chemuza\"},\"image\":{\"@id\":\"https:\/\/chemuza.org\/tr\/#\/schema\/logo\/image\/\"}}]}<\/script>\n<!-- \/ Yoast SEO plugin. -->","yoast_head_json":{"title":"Neon - Chemuza","robots":{"index":"index","follow":"follow","max-snippet":"max-snippet:-1","max-image-preview":"max-image-preview:large","max-video-preview":"max-video-preview:-1"},"canonical":"https:\/\/chemuza.org\/tr\/neon\/","og_locale":"tr_TR","og_type":"article","og_title":"Neon - Chemuza","og_description":"Neonun d\u00fcnyadaki en \u00fcnl\u00fc kullan\u0131m\u0131, renklerinin bir reklam \u00f6nerme arac\u0131 olarak kullan\u0131lmas\u0131yla ilgilidir. \u00d6te yandan havada bulunmas\u0131 neredeyse imkans\u0131z bir element olmas\u0131na ra\u011fmen evrende bol miktarda bulunmaktad\u0131r. Bu ilgin\u00e7 element hakk\u0131nda \u00f6zellikleri, karakteristikleri ve uygulamalar\u0131 gibi daha fazlas\u0131n\u0131 \u00f6\u011frenin. Neon nedir? Gaz halindeki ve atom numaras\u0131 10 olan, helyumdan sonra en hafif gaz olan kimyasal ... Devam\u0131n\u0131 oku","og_url":"https:\/\/chemuza.org\/tr\/neon\/","og_site_name":"Chemuza","twitter_card":"summary_large_image","twitter_misc":{"Tahmini okuma s\u00fcresi":"4 dakika"},"schema":{"@context":"https:\/\/schema.org","@graph":[{"@type":"WebPage","@id":"https:\/\/chemuza.org\/tr\/neon\/","url":"https:\/\/chemuza.org\/tr\/neon\/","name":"Neon - Chemuza","isPartOf":{"@id":"https:\/\/chemuza.org\/tr\/#website"},"datePublished":"2023-07-15T08:56:28+00:00","dateModified":"2023-07-15T08:56:28+00:00","breadcrumb":{"@id":"https:\/\/chemuza.org\/tr\/neon\/#breadcrumb"},"inLanguage":"tr","potentialAction":[{"@type":"ReadAction","target":["https:\/\/chemuza.org\/tr\/neon\/"]}]},{"@type":"BreadcrumbList","@id":"https:\/\/chemuza.org\/tr\/neon\/#breadcrumb","itemListElement":[{"@type":"ListItem","position":1,"name":"Ev","item":"https:\/\/chemuza.org\/tr\/"},{"@type":"ListItem","position":2,"name":"Neon"}]},{"@type":"WebSite","@id":"https:\/\/chemuza.org\/tr\/#website","url":"https:\/\/chemuza.org\/tr\/","name":"Chemuza","description":"Kimyasal ke\u015fiflere a\u00e7\u0131lan kap\u0131n\u0131z!","publisher":{"@id":"https:\/\/chemuza.org\/tr\/#organization"},"potentialAction":[{"@type":"SearchAction","target":{"@type":"EntryPoint","urlTemplate":"https:\/\/chemuza.org\/tr\/?s={search_term_string}"},"query-input":"required name=search_term_string"}],"inLanguage":"tr"},{"@type":"Organization","@id":"https:\/\/chemuza.org\/tr\/#organization","name":"Chemuza","url":"https:\/\/chemuza.org\/tr\/","logo":{"@type":"ImageObject","inLanguage":"tr","@id":"https:\/\/chemuza.org\/tr\/#\/schema\/logo\/image\/","url":"https:\/\/chemuza.org\/tr\/wp-content\/uploads\/2023\/10\/chemuza-logo.png","contentUrl":"https:\/\/chemuza.org\/tr\/wp-content\/uploads\/2023\/10\/chemuza-logo.png","width":387,"height":70,"caption":"Chemuza"},"image":{"@id":"https:\/\/chemuza.org\/tr\/#\/schema\/logo\/image\/"}}]}},"yoast_meta":{"yoast_wpseo_title":"","yoast_wpseo_metadesc":"","yoast_wpseo_canonical":""},"_links":{"self":[{"href":"https:\/\/chemuza.org\/tr\/wp-json\/wp\/v2\/pages\/1438"}],"collection":[{"href":"https:\/\/chemuza.org\/tr\/wp-json\/wp\/v2\/pages"}],"about":[{"href":"https:\/\/chemuza.org\/tr\/wp-json\/wp\/v2\/types\/page"}],"author":[{"embeddable":true,"href":"https:\/\/chemuza.org\/tr\/wp-json\/wp\/v2\/users\/1"}],"replies":[{"embeddable":true,"href":"https:\/\/chemuza.org\/tr\/wp-json\/wp\/v2\/comments?post=1438"}],"version-history":[{"count":0,"href":"https:\/\/chemuza.org\/tr\/wp-json\/wp\/v2\/pages\/1438\/revisions"}],"wp:attachment":[{"href":"https:\/\/chemuza.org\/tr\/wp-json\/wp\/v2\/media?parent=1438"}],"curies":[{"name":"wp","href":"https:\/\/api.w.org\/{rel}","templated":true}]}}