{"id":1437,"date":"2023-07-15T10:02:34","date_gmt":"2023-07-15T10:02:34","guid":{"rendered":"https:\/\/chemuza.org\/tr\/flor\/"},"modified":"2023-07-15T10:02:34","modified_gmt":"2023-07-15T10:02:34","slug":"flor","status":"publish","type":"page","link":"https:\/\/chemuza.org\/tr\/flor\/","title":{"rendered":"Florit"},"content":{"rendered":"<p>Flor, yer kabu\u011funda en bol bulunan halojenlerden veya tuzlardan biridir. En y\u00fcksek konsantrasyonu 1,3 ppm oran\u0131yla denizlerdedir. Hali gaz halindedir, ancak ayn\u0131 zamanda Alaska, Kaliforniya ve Arjantin&#8217;de bol miktarda kristaller halinde florit veya kalsiyum flor\u00fcr olarak da bulunur. Bu eleman\u0131n \u00f6zellikleri ve uygulamalar\u0131 hakk\u0131nda daha fazla bilgi edinin.<\/p>\n<h2> <strong>Flor\u00fcr nedir?<\/strong><\/h2>\n<p> Periyodik tablonun halojen ailesine ait kimyasal bir elementtir. Oda s\u0131cakl\u0131\u011f\u0131nda, soluk sar\u0131ms\u0131 ye\u015fil renkte, olduk\u00e7a elektronegatif ve di\u011fer bile\u015fenlere g\u00f6re reaktif bir gazd\u0131r. Ayr\u0131ca atom numaras\u0131 9&#8217;dur ve diatomik veya \u00e7ift par\u00e7ac\u0131klardan olu\u015fan bir yap\u0131ya sahiptir.<\/p>\n<h3> <strong>Florit sembol\u00fc<\/strong><\/h3>\n<p> <span class=\"content-chemical-element\" style=\"float: left;width: 65px;height: 65px;border: 3px solid #666; display:flex;\n    justify-content: center;align-items: center;margin-right: 15px;\"><span style=\"font-size: 38px;\">F<\/span><\/span> Anlam\u0131 akmak olan Latince fluere kelimesinden gelir. Ad\u0131n\u0131 y\u00fcksek kimyasal reaktivitesi nedeniyle bile\u015fiklerinden ay\u0131rman\u0131n zorlu\u011fundan almaktad\u0131r. Daha sonra kimyager Moissan taraf\u0131ndan, gaz ak\u0131\u015f\u0131na izin veren bir i\u015flem olan potasyum flor\u00fcr\u00fcn elektrolizi sayesinde izole edildi.<\/p>\n<h2> <strong>Floritin \u00f6zellikleri<\/strong><\/h2>\n<p> Bu element grup 17, periyot 3&#8217;e aittir, bile\u015fikleri inorganik oldu\u011fundan toksik ve reaktif bir malzemedir. Ayr\u0131ca radon ve ksenon da dahil olmak \u00fczere hemen hemen t\u00fcm elementlerle birle\u015fir. Daha fazla \u00f6zellik burada listelenmi\u015ftir:<\/p>\n<ul>\n<li> <strong>Durumu<\/strong> : Gaz halinde.<\/li>\n<li> <strong>Renk<\/strong> : Sar\u0131 ile ye\u015fil aras\u0131nda soluk bir ton sunar.<\/li>\n<li> <strong>Tat ve koku<\/strong> : \u00c7ok kuvvetli ve rahats\u0131z edici bir kokusu vard\u0131r, tats\u0131zd\u0131r.<\/li>\n<li> <strong>Toksisite<\/strong> : Y\u00fcksek toksisite seviyelerine sahip, \u00e7ok a\u015f\u0131nd\u0131r\u0131c\u0131 bir gazd\u0131r.<\/li>\n<li> <strong>Bile\u015fimi<\/strong> : Son katman\u0131nda 7 elektrondan olu\u015fur ve kimyasal kararl\u0131l\u0131\u011f\u0131 nedeniyle y\u00fckselme e\u011filimi g\u00f6sterir.<\/li>\n<li> <strong>Yap\u0131s\u0131<\/strong> : Molek\u00fcllerin ayn\u0131 atom i\u00e7erisinde diatomik veya \u00e7ift formda sunulmas\u0131d\u0131r.<\/li>\n<li> <strong>Sentez<\/strong> : Florlu organik bile\u015fikleri sentezleme yetene\u011fine sahiptir.<\/li>\n<li> <strong>\u00c7\u00f6z\u00fcn\u00fcrl\u00fck<\/strong> : Suda \u00e7\u00f6z\u00fcn\u00fcr.<\/li>\n<\/ul>\n<h2> <strong>Florun kimyasal ve fiziksel \u00f6zellikleri<\/strong><\/h2>\n<ol>\n<li> <strong>Atom numaras\u0131<\/strong> : 9<\/li>\n<li> <strong>Atom a\u011f\u0131rl\u0131\u011f\u0131:<\/strong> 18.9984032<\/li>\n<li> <strong>Oksidasyon durumu:<\/strong> -1<\/li>\n<li> <strong>Elektronegatiflik:<\/strong> 3,98<\/li>\n<li> <strong>Katman ba\u015f\u0131na elektron say\u0131s\u0131:<\/strong> 2,7<\/li>\n<li> <strong>Grup:<\/strong> 17<\/li>\n<li> <strong>Yo\u011funluk:<\/strong> 1.696 kg\/m3<\/li>\n<li> <strong>Erime noktas\u0131:<\/strong> -219,67\u00b0C<\/li>\n<li> <strong>Ortalama yar\u0131\u00e7ap:<\/strong> 50 saat<\/li>\n<li> <strong>D\u00f6nem:<\/strong> 3<\/li>\n<li> <strong>Durum:<\/strong> Gaz halinde<\/li>\n<li> <strong>Kovalent yar\u0131\u00e7ap: 71 saat<\/strong><\/li>\n<li> <strong>Blok:<\/strong> P<\/li>\n<li> <strong>Oksit:<\/strong> Asit<\/li>\n<li> <strong>Atom yar\u0131\u00e7ap\u0131:<\/strong> 42<\/li>\n<li> <strong>\u00d6zg\u00fcl \u0131s\u0131:<\/strong> 824 J\/(K-kg)<\/li>\n<li> <strong>Kaynama noktas\u0131:<\/strong> -188,12\u00b0C<\/li>\n<li> <strong>Elektronik konfig\u00fcrasyon:<\/strong> [He] 2s22p5<\/li>\n<\/ol>\n<h2> <strong>Floritin k\u00f6keni<\/strong><\/h2>\n<p> Flor, 1529&#8217;da Georgius Agricola taraf\u0131ndan ke\u015ffedildi ve onu bir ak\u0131\u015f olarak tan\u0131mlad\u0131 \u00e7\u00fcnk\u00fc mineralleri veya metalleri eritmeyi ba\u015far\u0131yor. Daha sonra 1670 y\u0131l\u0131nda kimyager Schwandhard, florit veya asit olarak uyguland\u0131\u011f\u0131nda cam\u0131 a\u015f\u0131nd\u0131rabildi\u011fini veya i\u015faretleyebildi\u011fini fark etti. Daha sonra Henri Moissan 1886 y\u0131l\u0131nda onu bile\u015fenlerinden ay\u0131rmay\u0131 ba\u015fard\u0131 ve di\u011fer maddelerle reaksiyona girmeye ba\u015flad\u0131.<\/p>\n<p> Uygulamalar\u0131 aras\u0131nda ilk ticari kullan\u0131m\u0131 Manhattan atom bombas\u0131yd\u0131. Orada, uranyumun izotoplar\u0131n\u0131n ayr\u0131lmas\u0131yla elde edilen bir y\u00f6ntemle uranyum heksaflor\u00fcr elde edildi. O zamandan beri bu element n\u00fckleer enerjide ve di\u015f flor\u00fcr\u00fcn\u00fcn yap\u0131m\u0131nda kullan\u0131ld\u0131.<\/p>\n<h2> <strong>Flor\u00fcr ne i\u00e7in kullan\u0131l\u0131r?<\/strong><\/h2>\n<p> Kullan\u0131m\u0131 uranyum \u00fcretimine kadar uzan\u0131r. Ayr\u0131ca farkl\u0131 plastik t\u00fcrlerinin \u00fcretiminde kullan\u0131lan 100&#8217;den fazla florlu bile\u015fik i\u00e7erir. Ayr\u0131ca hidroflorik asit, cam veya kristal gibi malzemelerin a\u015f\u0131nd\u0131r\u0131lmas\u0131nda, kloroflorokarbonlar ise klima ve so\u011futma cihazlar\u0131nda kullan\u0131l\u0131r. Flor\u00fcr\u00fcn di\u011fer kullan\u0131m alanlar\u0131 \u015funlard\u0131r:<\/p>\n<ul>\n<li> Di\u015f macunlar\u0131n\u0131n yap\u0131m\u0131nda sodyum flor\u00fcr, kalay flor\u00fcr ve sodyum monoflorofosfat bile\u015fikleri kullan\u0131l\u0131r.<\/li>\n<li> Bile\u015fiklerinden baz\u0131lar\u0131 genel anestezik \u00fcretiminde kullan\u0131l\u0131r.<\/li>\n<li> D\u00fcz ekranlar\u0131n, plazma ekranlar\u0131n ve mikroelektromekanik mekanizmalar\u0131n imalat\u0131nda kullan\u0131l\u0131r.<\/li>\n<li> Yang\u0131n s\u00f6nd\u00fcrme gazlar\u0131 veya halonlar\u0131n \u00fcretiminde kullan\u0131l\u0131r.<\/li>\n<li> Al\u00fcminyumun elektrolizinde kullan\u0131l\u0131r, b\u00f6ylece bu tamamen saf element elde edilir.<\/li>\n<\/ul>\n<h2> <strong>Flor\u00fcr i\u00e7eren g\u0131dalar<\/strong><\/h2>\n<p> Kemik olu\u015fumunu ve di\u015f minesinin korunmas\u0131n\u0131 etkileyerek di\u015f \u00e7\u00fcr\u00fc\u011f\u00fc olu\u015fumunu \u00f6nledi\u011fi i\u00e7in insan v\u00fccudu i\u00e7in gerekli bir mineraldir. Suda ve ayr\u0131ca a\u015fa\u011f\u0131daki g\u0131dalarda bulunur:<\/p>\n<ul>\n<li> Ye\u015fil sebzeler ve marul, \u0131spanak, fasulye filizi ve lahana gibi ye\u015fil sebzeler.<\/li>\n<li> Deniz \u00fcr\u00fcnleri.<\/li>\n<li> Bitkisel inf\u00fczyonlar.<\/li>\n<li> Meyve.<\/li>\n<li> Bu\u011fday.<\/li>\n<li> Pirin\u00e7 ve yulaf gibi tah\u0131llar.<\/li>\n<\/ul>\n<h2> <strong>Flor\u00fcr di\u015fleri korumak i\u00e7in ne yapar?<\/strong><\/h2>\n<p> Aktif madde oldu\u011fu i\u00e7in asitlere kar\u015f\u0131 bariyer olu\u015fturur ve di\u015fleri g\u00fc\u00e7lendirerek \u00e7\u00fcr\u00fck olu\u015fumunu engeller. Yani mineral, mine ile temas etti\u011finde demineralizasyonu engeller, b\u00f6ylece remineralizasyonu artt\u0131r\u0131r, bu da di\u015flere dayan\u0131kl\u0131l\u0131k sa\u011flar. Di\u015f minesi zaten zay\u0131flam\u0131\u015f olsa bile, di\u015f macunlar\u0131ndaki flor\u00fcr t\u00fcrleri onu yava\u015f yava\u015f yeniden in\u015fa eder ve \u00e7\u00fcr\u00fcklerin g\u00f6r\u00fcn\u00fcm\u00fcn\u00fc tersine \u00e7evirir.<\/p>\n<p> Sonu\u00e7 olarak flor, halojenlerin bir par\u00e7as\u0131 olan olduk\u00e7a radyoaktif bir elementtir. Ana bile\u015fenlerinden izole edildi\u011fi i\u00e7in farkl\u0131 ticari uygulamalara sahip y\u00fczlerce bile\u015fik olu\u015fturur. Do\u011fal haliyle gaz halindedir ve yerkabu\u011funda di\u011fer minerallerle birle\u015fir.<\/p>\n","protected":false},"excerpt":{"rendered":"<p>Flor, yer kabu\u011funda en bol bulunan halojenlerden veya tuzlardan biridir. En y\u00fcksek konsantrasyonu 1,3 ppm oran\u0131yla denizlerdedir. Hali gaz halindedir, ancak ayn\u0131 zamanda Alaska, Kaliforniya ve Arjantin&#8217;de bol miktarda kristaller halinde florit veya kalsiyum flor\u00fcr olarak da bulunur. Bu eleman\u0131n \u00f6zellikleri ve uygulamalar\u0131 hakk\u0131nda daha fazla bilgi edinin. Flor\u00fcr nedir? Periyodik tablonun halojen ailesine ait &#8230; <a title=\"Florit\" class=\"read-more\" href=\"https:\/\/chemuza.org\/tr\/flor\/\" aria-label=\"More on Florit\">Devam\u0131n\u0131 oku<\/a><\/p>\n","protected":false},"author":1,"featured_media":0,"parent":0,"menu_order":0,"comment_status":"closed","ping_status":"closed","template":"","meta":{"footnotes":""},"yoast_head":"<!-- This site is optimized with the Yoast SEO plugin v21.4 - https:\/\/yoast.com\/wordpress\/plugins\/seo\/ -->\n<title>Florit - Chemuza<\/title>\n<meta name=\"robots\" content=\"index, follow, max-snippet:-1, max-image-preview:large, max-video-preview:-1\" \/>\n<link rel=\"canonical\" href=\"https:\/\/chemuza.org\/tr\/flor\/\" \/>\n<meta property=\"og:locale\" content=\"tr_TR\" \/>\n<meta property=\"og:type\" content=\"article\" \/>\n<meta property=\"og:title\" content=\"Florit - Chemuza\" \/>\n<meta property=\"og:description\" content=\"Flor, yer kabu\u011funda en bol bulunan halojenlerden veya tuzlardan biridir. En y\u00fcksek konsantrasyonu 1,3 ppm oran\u0131yla denizlerdedir. Hali gaz halindedir, ancak ayn\u0131 zamanda Alaska, Kaliforniya ve Arjantin&#8217;de bol miktarda kristaller halinde florit veya kalsiyum flor\u00fcr olarak da bulunur. Bu eleman\u0131n \u00f6zellikleri ve uygulamalar\u0131 hakk\u0131nda daha fazla bilgi edinin. Flor\u00fcr nedir? Periyodik tablonun halojen ailesine ait ... Devam\u0131n\u0131 oku\" \/>\n<meta property=\"og:url\" content=\"https:\/\/chemuza.org\/tr\/flor\/\" \/>\n<meta property=\"og:site_name\" content=\"Chemuza\" \/>\n<meta name=\"twitter:card\" content=\"summary_large_image\" \/>\n<meta name=\"twitter:label1\" content=\"Tahmini okuma s\u00fcresi\" \/>\n\t<meta name=\"twitter:data1\" content=\"4 dakika\" \/>\n<script type=\"application\/ld+json\" class=\"yoast-schema-graph\">{\"@context\":\"https:\/\/schema.org\",\"@graph\":[{\"@type\":\"WebPage\",\"@id\":\"https:\/\/chemuza.org\/tr\/flor\/\",\"url\":\"https:\/\/chemuza.org\/tr\/flor\/\",\"name\":\"Florit - Chemuza\",\"isPartOf\":{\"@id\":\"https:\/\/chemuza.org\/tr\/#website\"},\"datePublished\":\"2023-07-15T10:02:34+00:00\",\"dateModified\":\"2023-07-15T10:02:34+00:00\",\"breadcrumb\":{\"@id\":\"https:\/\/chemuza.org\/tr\/flor\/#breadcrumb\"},\"inLanguage\":\"tr\",\"potentialAction\":[{\"@type\":\"ReadAction\",\"target\":[\"https:\/\/chemuza.org\/tr\/flor\/\"]}]},{\"@type\":\"BreadcrumbList\",\"@id\":\"https:\/\/chemuza.org\/tr\/flor\/#breadcrumb\",\"itemListElement\":[{\"@type\":\"ListItem\",\"position\":1,\"name\":\"Ev\",\"item\":\"https:\/\/chemuza.org\/tr\/\"},{\"@type\":\"ListItem\",\"position\":2,\"name\":\"Florit\"}]},{\"@type\":\"WebSite\",\"@id\":\"https:\/\/chemuza.org\/tr\/#website\",\"url\":\"https:\/\/chemuza.org\/tr\/\",\"name\":\"Chemuza\",\"description\":\"Kimyasal ke\u015fiflere a\u00e7\u0131lan kap\u0131n\u0131z!\",\"publisher\":{\"@id\":\"https:\/\/chemuza.org\/tr\/#organization\"},\"potentialAction\":[{\"@type\":\"SearchAction\",\"target\":{\"@type\":\"EntryPoint\",\"urlTemplate\":\"https:\/\/chemuza.org\/tr\/?s={search_term_string}\"},\"query-input\":\"required name=search_term_string\"}],\"inLanguage\":\"tr\"},{\"@type\":\"Organization\",\"@id\":\"https:\/\/chemuza.org\/tr\/#organization\",\"name\":\"Chemuza\",\"url\":\"https:\/\/chemuza.org\/tr\/\",\"logo\":{\"@type\":\"ImageObject\",\"inLanguage\":\"tr\",\"@id\":\"https:\/\/chemuza.org\/tr\/#\/schema\/logo\/image\/\",\"url\":\"https:\/\/chemuza.org\/tr\/wp-content\/uploads\/2023\/10\/chemuza-logo.png\",\"contentUrl\":\"https:\/\/chemuza.org\/tr\/wp-content\/uploads\/2023\/10\/chemuza-logo.png\",\"width\":387,\"height\":70,\"caption\":\"Chemuza\"},\"image\":{\"@id\":\"https:\/\/chemuza.org\/tr\/#\/schema\/logo\/image\/\"}}]}<\/script>\n<!-- \/ Yoast SEO plugin. -->","yoast_head_json":{"title":"Florit - Chemuza","robots":{"index":"index","follow":"follow","max-snippet":"max-snippet:-1","max-image-preview":"max-image-preview:large","max-video-preview":"max-video-preview:-1"},"canonical":"https:\/\/chemuza.org\/tr\/flor\/","og_locale":"tr_TR","og_type":"article","og_title":"Florit - Chemuza","og_description":"Flor, yer kabu\u011funda en bol bulunan halojenlerden veya tuzlardan biridir. En y\u00fcksek konsantrasyonu 1,3 ppm oran\u0131yla denizlerdedir. Hali gaz halindedir, ancak ayn\u0131 zamanda Alaska, Kaliforniya ve Arjantin&#8217;de bol miktarda kristaller halinde florit veya kalsiyum flor\u00fcr olarak da bulunur. Bu eleman\u0131n \u00f6zellikleri ve uygulamalar\u0131 hakk\u0131nda daha fazla bilgi edinin. Flor\u00fcr nedir? Periyodik tablonun halojen ailesine ait ... Devam\u0131n\u0131 oku","og_url":"https:\/\/chemuza.org\/tr\/flor\/","og_site_name":"Chemuza","twitter_card":"summary_large_image","twitter_misc":{"Tahmini okuma s\u00fcresi":"4 dakika"},"schema":{"@context":"https:\/\/schema.org","@graph":[{"@type":"WebPage","@id":"https:\/\/chemuza.org\/tr\/flor\/","url":"https:\/\/chemuza.org\/tr\/flor\/","name":"Florit - Chemuza","isPartOf":{"@id":"https:\/\/chemuza.org\/tr\/#website"},"datePublished":"2023-07-15T10:02:34+00:00","dateModified":"2023-07-15T10:02:34+00:00","breadcrumb":{"@id":"https:\/\/chemuza.org\/tr\/flor\/#breadcrumb"},"inLanguage":"tr","potentialAction":[{"@type":"ReadAction","target":["https:\/\/chemuza.org\/tr\/flor\/"]}]},{"@type":"BreadcrumbList","@id":"https:\/\/chemuza.org\/tr\/flor\/#breadcrumb","itemListElement":[{"@type":"ListItem","position":1,"name":"Ev","item":"https:\/\/chemuza.org\/tr\/"},{"@type":"ListItem","position":2,"name":"Florit"}]},{"@type":"WebSite","@id":"https:\/\/chemuza.org\/tr\/#website","url":"https:\/\/chemuza.org\/tr\/","name":"Chemuza","description":"Kimyasal ke\u015fiflere a\u00e7\u0131lan kap\u0131n\u0131z!","publisher":{"@id":"https:\/\/chemuza.org\/tr\/#organization"},"potentialAction":[{"@type":"SearchAction","target":{"@type":"EntryPoint","urlTemplate":"https:\/\/chemuza.org\/tr\/?s={search_term_string}"},"query-input":"required name=search_term_string"}],"inLanguage":"tr"},{"@type":"Organization","@id":"https:\/\/chemuza.org\/tr\/#organization","name":"Chemuza","url":"https:\/\/chemuza.org\/tr\/","logo":{"@type":"ImageObject","inLanguage":"tr","@id":"https:\/\/chemuza.org\/tr\/#\/schema\/logo\/image\/","url":"https:\/\/chemuza.org\/tr\/wp-content\/uploads\/2023\/10\/chemuza-logo.png","contentUrl":"https:\/\/chemuza.org\/tr\/wp-content\/uploads\/2023\/10\/chemuza-logo.png","width":387,"height":70,"caption":"Chemuza"},"image":{"@id":"https:\/\/chemuza.org\/tr\/#\/schema\/logo\/image\/"}}]}},"yoast_meta":{"yoast_wpseo_title":"","yoast_wpseo_metadesc":"","yoast_wpseo_canonical":""},"_links":{"self":[{"href":"https:\/\/chemuza.org\/tr\/wp-json\/wp\/v2\/pages\/1437"}],"collection":[{"href":"https:\/\/chemuza.org\/tr\/wp-json\/wp\/v2\/pages"}],"about":[{"href":"https:\/\/chemuza.org\/tr\/wp-json\/wp\/v2\/types\/page"}],"author":[{"embeddable":true,"href":"https:\/\/chemuza.org\/tr\/wp-json\/wp\/v2\/users\/1"}],"replies":[{"embeddable":true,"href":"https:\/\/chemuza.org\/tr\/wp-json\/wp\/v2\/comments?post=1437"}],"version-history":[{"count":0,"href":"https:\/\/chemuza.org\/tr\/wp-json\/wp\/v2\/pages\/1437\/revisions"}],"wp:attachment":[{"href":"https:\/\/chemuza.org\/tr\/wp-json\/wp\/v2\/media?parent=1437"}],"curies":[{"name":"wp","href":"https:\/\/api.w.org\/{rel}","templated":true}]}}