{"id":1436,"date":"2023-07-15T11:24:03","date_gmt":"2023-07-15T11:24:03","guid":{"rendered":"https:\/\/chemuza.org\/tr\/lityum\/"},"modified":"2023-07-15T11:24:03","modified_gmt":"2023-07-15T11:24:03","slug":"lityum","status":"publish","type":"page","link":"https:\/\/chemuza.org\/tr\/lityum\/","title":{"rendered":"Lityum"},"content":{"rendered":"<p>Bilimsel analizlere g\u00f6re lityum, hidrojen ve helyumla birlikte evrendeki en eski elementler aras\u0131ndad\u0131r ve kimyasal bile\u015fimi sodyumunkine benzer. Ayr\u0131ca tuzlu d\u00fczl\u00fcklerde ve volkanik yollarda bol miktarda bulunur, dolay\u0131s\u0131yla rezervlerinin yakla\u015f\u0131k %85&#8217;i \u015eili, Bolivya ve Arjantin&#8217;de bulunmaktad\u0131r. Bu mineral, \u00f6zellikleri, yayg\u0131n kullan\u0131mlar\u0131, bile\u015fikleri ve \u00f6zellikleri hakk\u0131nda daha fazla bilgi edinin.<\/p>\n<h2> <strong>Lityum nedir?<\/strong><\/h2>\n<p> Alkali metaller olarak adland\u0131r\u0131lan periyodik tablonun 1. grubunda ve atom numaras\u0131 3 olan kat\u0131, son derece reaktif ve hafif bir kimyasal elementtir. \u00d6te yandan su veya hava ile h\u0131zl\u0131 oksidasyon g\u00f6sterir ve do\u011fada serbest de\u011fildir. Saf metal g\u00f6r\u00fcn\u00fcm\u00fc g\u00fcm\u00fc\u015fi beyaz, yumu\u015fak ve hafiftir.<\/p>\n<h3> <strong>Lityum sembol\u00fc<\/strong><\/h3>\n<p> <span class=\"content-chemical-element\" style=\"float: left;width: 65px;height: 65px;border: 3px solid #666; display:flex;\n    justify-content: center;align-items: center;margin-right: 15px;\"><span style=\"font-size: 38px;\">Li<\/span><\/span> Bu sembol, \u00e7ak\u0131l ta\u015f\u0131 veya k\u00fc\u00e7\u00fck ta\u015f anlam\u0131na gelen Yunanca bir kelimeden t\u00fcretilmi\u015ftir. Bu kimyasal element, bitki dokular\u0131nda ke\u015ffedilen di\u011fer alkali metallerden farkl\u0131 olarak, mineral formunda ke\u015ffedilmi\u015f olmas\u0131ndan dolay\u0131 ad\u0131n\u0131 almaktad\u0131r.<\/p>\n<h2> <strong>Lityumun \u00f6zellikleri<\/strong><\/h2>\n<p> \u00d6zelliklerinden biri de kendi grubundakilere ve toprak alkali metallere benzer kimyasal ve fiziksel \u00f6zellikler g\u00f6stermemesidir. Ayr\u0131ca bir\u00e7ok organik ve inorganik reaksiyona girer. Ayn\u0131 \u015fekilde \u015fu da var:<\/p>\n<ul>\n<li> <strong>Allotropik<\/strong> : \u00c7evrenin durumuna ba\u011fl\u0131 olarak antropojenik bask\u0131ya maruz kalabilir.<\/li>\n<li> <strong>D\u00f6v\u00fclebilir<\/strong> : Yumu\u015fak ve s\u00fcnek bir kimyasal elementtir.<\/li>\n<li> <strong>Manyetik<\/strong> : Manyetizmas\u0131 yoktur ancak m\u00fckemmel bir elektrik ve \u0131s\u0131 iletkenidir.<\/li>\n<li> <strong>Sertlik<\/strong> : Mohs \u00f6l\u00e7e\u011fine g\u00f6re mineral sertli\u011fi 0,6 olup dayan\u0131kl\u0131 ala\u015f\u0131mlar\u0131n elde edilmesini m\u00fcmk\u00fcn k\u0131lar.<\/li>\n<li> <strong>Renk<\/strong> : G\u00fcm\u00fc\u015fi beyaz bir g\u00f6r\u00fcn\u00fcme sahiptir.<\/li>\n<li> <strong>Durum<\/strong> : A\u015famas\u0131 veya ola\u011fan toplanma durumu kat\u0131d\u0131r.<\/li>\n<li> <strong>Tat ve koku<\/strong> : Metalik bir tat i\u00e7ermesine ra\u011fmen kokusu yoktur.<\/li>\n<li> <strong>\u00c7\u00f6z\u00fcn\u00fcrl\u00fck<\/strong> : Elemental suda \u00e7ok \u00e7\u00f6z\u00fcnmez ancak onunla reaksiyona girer, metalik ise \u00e7\u00f6z\u00fcn\u00fcr ve \u00e7\u00f6z\u00fcnmez olabilir.<\/li>\n<li> <strong>Yan\u0131c\u0131l\u0131k<\/strong> : Son derece yan\u0131c\u0131 ve patlay\u0131c\u0131 bir elementtir.<\/li>\n<\/ul>\n<h2> <strong>Lityumun kimyasal ve fiziksel \u00f6zellikleri<\/strong><\/h2>\n<ol>\n<li> <strong>Atom numaras\u0131<\/strong> : 3<\/li>\n<li> <strong>Grup<\/strong> : 1<\/li>\n<li> <strong>D\u00f6nem<\/strong> : 2<\/li>\n<li> <strong>Blok<\/strong> : s<\/li>\n<li> <strong>Atom a\u011f\u0131rl\u0131\u011f\u0131<\/strong> : 6.94174064<\/li>\n<li> <strong>Yo\u011funluk<\/strong> : 535 kg\/m\u00b3<\/li>\n<li> <strong>Durum<\/strong> : Kat\u0131<\/li>\n<li> <strong>Pas<\/strong> : Temel<\/li>\n<li> <strong>Oksidasyon durumlar\u0131<\/strong> : +1<\/li>\n<li> <strong>Erime noktas\u0131<\/strong> : 181\u00b0C<\/li>\n<li> <strong>\u00d6zg\u00fcl \u0131s\u0131<\/strong> : 3582 J\/(K-kg)<\/li>\n<li> <strong>Elektronegatiflik<\/strong> : 0,98<\/li>\n<li> <strong>Ortalama yar\u0131\u00e7ap<\/strong> : 145 saat<\/li>\n<li> <strong>Kovalent yar\u0131\u00e7ap<\/strong> : 134 pm<\/li>\n<li> <strong>Atom yar\u0131\u00e7ap\u0131<\/strong> : 167 pm<\/li>\n<li> <strong>Katman ba\u015f\u0131na elektron say\u0131s\u0131<\/strong> : 2, 1<\/li>\n<li> <strong>Kaynama noktas\u0131<\/strong> : 1342\u00b0C<\/li>\n<li> <strong>Elektronik konfig\u00fcrasyon<\/strong> : [He]2s <sup>1<\/sup><\/li>\n<\/ol>\n<h2> <strong>Lityumun k\u00f6keni<\/strong><\/h2>\n<p> \u0130sve\u00e7li kimyager Johann Arfvedson bu maddeyi 1817 y\u0131l\u0131nda \u0130sve\u00e7&#8217;teki bir adada, bir madenden \u00e7\u0131kan lepidolit ve spod\u00fcmen aras\u0131nda ke\u015ffetti. Daha sonra 1818&#8217;de Christian Gmelin, alevi parlak k\u0131rm\u0131z\u0131ya d\u00f6n\u00fc\u015ft\u00fcren lityum tuzlar\u0131n\u0131n bir \u00f6zelli\u011fini g\u00f6zlemledi.<\/p>\n<p> Ancak her ikisi de denemesine ra\u011fmen ikisi de kimyasal elementi tuzlar\u0131ndan ay\u0131rmay\u0131 ba\u015faramad\u0131. Daha sonra kimyagerler William Thomas Brande ve Sir Humphrey Davy bunu ba\u015fard\u0131lar. Bunu elde etmek i\u00e7in elektroliz yoluyla lityum oksit kulland\u0131lar.<\/p>\n<h2> <strong>Lityum ne i\u00e7in kullan\u0131l\u0131r?<\/strong><\/h2>\n<p> Psikiyatrik t\u0131pta ruh halini dengelemek, manik ataklar\u0131 engellemek ve duygudurum bozukluklar\u0131 ve bipolar hastal\u0131klarla ili\u015fkili depresyonu \u00f6nlemek i\u00e7in kullan\u0131l\u0131r. \u00d6te yandan, baz\u0131 bile\u015fikleri s\u0131kl\u0131kla kurutucu olarak kullan\u0131l\u0131r, yani atmosferik nemi emer ve kapal\u0131 odalarda havay\u0131 kuruturlar.<\/p>\n<p> End\u00fcstride havadan karbondioksiti \u00e7\u0131karmak i\u00e7in bir ar\u0131nd\u0131r\u0131c\u0131 g\u00f6revi g\u00f6r\u00fcr; ayn\u0131 zamanda uzay ara\u00e7lar\u0131 ve denizalt\u0131lar\u0131n i\u00e7inde de kullan\u0131l\u0131r. Ayr\u0131ca kadmiyum, al\u00fcminyum, manganez ve bak\u0131r i\u00e7eren ala\u015f\u0131mlarda lens, seramik ve u\u00e7ak yap\u0131m\u0131nda kullan\u0131l\u0131r.<\/p>\n<p> Benzer \u015fekilde, ya\u011flay\u0131c\u0131 madde yap\u0131m\u0131nda baz\u0131 lityum ve stearik asit tuzlar\u0131 y\u00fcksek s\u0131cakl\u0131klarda kullan\u0131l\u0131r. Ayr\u0131ca elektrik pillerinin anot veya pozitif kutbu i\u00e7in ideal bir elektrokimyasal potansiyele sahip oldu\u011fundan pil imalat\u0131 s\u0131ras\u0131nda kullan\u0131l\u0131r.<\/p>\n<h2> <strong>insan v\u00fccudunda lityum<\/strong><\/h2>\n<p> \u00dcr\u00fcn ciltle temas ederse, nemi h\u0131zla kurutaca\u011f\u0131ndan yan\u0131klara neden olabilir. \u00d6te yandan, bile\u015fiklerinin uzun s\u00fcreli ve a\u015f\u0131r\u0131 t\u00fcketimi, h\u00fccre zarlar\u0131ndaki sodyumun yerini ald\u0131\u011f\u0131 i\u00e7in b\u00fcy\u00fck \u00f6l\u00e7ekli toksisiteye neden olur.<\/p>\n<h2> Lityum hakk\u0131nda daha fazla bilgi<\/h2>\n<h2> <strong>Lityum nerede bulunur?<\/strong><\/h2>\n<p> Deniz suyunda 0,1 ppm konsantrasyonuna sahiptir. Ayn\u0131 \u015fekilde yer kabu\u011funun da yakla\u015f\u0131k %0,002&#8217;sini olu\u015fturur. Bununla birlikte, petalit, pegmatit, spod\u00fcmen, amblgonit ve lepidolit gibi serbest bir element olmad\u0131\u011f\u0131 i\u00e7in en b\u00fcy\u00fck gruplar minerallerde bulunur.<\/p>\n<h2> <strong>Lityum bile\u015fikleri<\/strong><\/h2>\n<p> Baz\u0131lar\u0131 m\u00fckemmel bir kurutma maddesi olarak klor\u00fcr, brom\u00fcr ve lityum nitrat olabilir. Ayr\u0131ca ruh hali dengeleyici olarak Karbonat da vard\u0131r. Benzer \u015fekilde stearat, CO\u2082 hava temizleyici olarak hidroksit ve lityum hidrit de bulabilirsiniz.<\/p>\n<p> Sonu\u00e7 olarak Lityum metalik tipte, alkali, hafif, yumu\u015fak, reaktif, s\u00fcnek, kat\u0131 ve parlak beyaz g\u00f6r\u00fcn\u00fcme sahip bir kimyasal elementtir. Ayr\u0131ca depresif veya zihinsel hastal\u0131klar\u0131n tedavisinde de faydal\u0131 uygulamalar\u0131 vard\u0131r.<\/p>\n","protected":false},"excerpt":{"rendered":"<p>Bilimsel analizlere g\u00f6re lityum, hidrojen ve helyumla birlikte evrendeki en eski elementler aras\u0131ndad\u0131r ve kimyasal bile\u015fimi sodyumunkine benzer. Ayr\u0131ca tuzlu d\u00fczl\u00fcklerde ve volkanik yollarda bol miktarda bulunur, dolay\u0131s\u0131yla rezervlerinin yakla\u015f\u0131k %85&#8217;i \u015eili, Bolivya ve Arjantin&#8217;de bulunmaktad\u0131r. Bu mineral, \u00f6zellikleri, yayg\u0131n kullan\u0131mlar\u0131, bile\u015fikleri ve \u00f6zellikleri hakk\u0131nda daha fazla bilgi edinin. Lityum nedir? Alkali metaller olarak adland\u0131r\u0131lan &#8230; <a title=\"Lityum\" class=\"read-more\" href=\"https:\/\/chemuza.org\/tr\/lityum\/\" aria-label=\"More on Lityum\">Devam\u0131n\u0131 oku<\/a><\/p>\n","protected":false},"author":1,"featured_media":0,"parent":0,"menu_order":0,"comment_status":"closed","ping_status":"closed","template":"","meta":{"footnotes":""},"yoast_head":"<!-- This site is optimized with the Yoast SEO plugin v21.4 - https:\/\/yoast.com\/wordpress\/plugins\/seo\/ -->\n<title>Lityum - Chemuza<\/title>\n<meta name=\"robots\" content=\"index, follow, max-snippet:-1, max-image-preview:large, max-video-preview:-1\" \/>\n<link rel=\"canonical\" href=\"https:\/\/chemuza.org\/tr\/lityum\/\" \/>\n<meta property=\"og:locale\" content=\"tr_TR\" \/>\n<meta property=\"og:type\" content=\"article\" \/>\n<meta property=\"og:title\" content=\"Lityum - Chemuza\" \/>\n<meta property=\"og:description\" content=\"Bilimsel analizlere g\u00f6re lityum, hidrojen ve helyumla birlikte evrendeki en eski elementler aras\u0131ndad\u0131r ve kimyasal bile\u015fimi sodyumunkine benzer. Ayr\u0131ca tuzlu d\u00fczl\u00fcklerde ve volkanik yollarda bol miktarda bulunur, dolay\u0131s\u0131yla rezervlerinin yakla\u015f\u0131k %85&#8217;i \u015eili, Bolivya ve Arjantin&#8217;de bulunmaktad\u0131r. Bu mineral, \u00f6zellikleri, yayg\u0131n kullan\u0131mlar\u0131, bile\u015fikleri ve \u00f6zellikleri hakk\u0131nda daha fazla bilgi edinin. Lityum nedir? Alkali metaller olarak adland\u0131r\u0131lan ... Devam\u0131n\u0131 oku\" \/>\n<meta property=\"og:url\" content=\"https:\/\/chemuza.org\/tr\/lityum\/\" \/>\n<meta property=\"og:site_name\" content=\"Chemuza\" \/>\n<meta name=\"twitter:card\" content=\"summary_large_image\" \/>\n<meta name=\"twitter:label1\" content=\"Tahmini okuma s\u00fcresi\" \/>\n\t<meta name=\"twitter:data1\" content=\"4 dakika\" \/>\n<script type=\"application\/ld+json\" class=\"yoast-schema-graph\">{\"@context\":\"https:\/\/schema.org\",\"@graph\":[{\"@type\":\"WebPage\",\"@id\":\"https:\/\/chemuza.org\/tr\/lityum\/\",\"url\":\"https:\/\/chemuza.org\/tr\/lityum\/\",\"name\":\"Lityum - Chemuza\",\"isPartOf\":{\"@id\":\"https:\/\/chemuza.org\/tr\/#website\"},\"datePublished\":\"2023-07-15T11:24:03+00:00\",\"dateModified\":\"2023-07-15T11:24:03+00:00\",\"breadcrumb\":{\"@id\":\"https:\/\/chemuza.org\/tr\/lityum\/#breadcrumb\"},\"inLanguage\":\"tr\",\"potentialAction\":[{\"@type\":\"ReadAction\",\"target\":[\"https:\/\/chemuza.org\/tr\/lityum\/\"]}]},{\"@type\":\"BreadcrumbList\",\"@id\":\"https:\/\/chemuza.org\/tr\/lityum\/#breadcrumb\",\"itemListElement\":[{\"@type\":\"ListItem\",\"position\":1,\"name\":\"Ev\",\"item\":\"https:\/\/chemuza.org\/tr\/\"},{\"@type\":\"ListItem\",\"position\":2,\"name\":\"Lityum\"}]},{\"@type\":\"WebSite\",\"@id\":\"https:\/\/chemuza.org\/tr\/#website\",\"url\":\"https:\/\/chemuza.org\/tr\/\",\"name\":\"Chemuza\",\"description\":\"Kimyasal ke\u015fiflere a\u00e7\u0131lan kap\u0131n\u0131z!\",\"publisher\":{\"@id\":\"https:\/\/chemuza.org\/tr\/#organization\"},\"potentialAction\":[{\"@type\":\"SearchAction\",\"target\":{\"@type\":\"EntryPoint\",\"urlTemplate\":\"https:\/\/chemuza.org\/tr\/?s={search_term_string}\"},\"query-input\":\"required name=search_term_string\"}],\"inLanguage\":\"tr\"},{\"@type\":\"Organization\",\"@id\":\"https:\/\/chemuza.org\/tr\/#organization\",\"name\":\"Chemuza\",\"url\":\"https:\/\/chemuza.org\/tr\/\",\"logo\":{\"@type\":\"ImageObject\",\"inLanguage\":\"tr\",\"@id\":\"https:\/\/chemuza.org\/tr\/#\/schema\/logo\/image\/\",\"url\":\"https:\/\/chemuza.org\/tr\/wp-content\/uploads\/2023\/10\/chemuza-logo.png\",\"contentUrl\":\"https:\/\/chemuza.org\/tr\/wp-content\/uploads\/2023\/10\/chemuza-logo.png\",\"width\":387,\"height\":70,\"caption\":\"Chemuza\"},\"image\":{\"@id\":\"https:\/\/chemuza.org\/tr\/#\/schema\/logo\/image\/\"}}]}<\/script>\n<!-- \/ Yoast SEO plugin. -->","yoast_head_json":{"title":"Lityum - Chemuza","robots":{"index":"index","follow":"follow","max-snippet":"max-snippet:-1","max-image-preview":"max-image-preview:large","max-video-preview":"max-video-preview:-1"},"canonical":"https:\/\/chemuza.org\/tr\/lityum\/","og_locale":"tr_TR","og_type":"article","og_title":"Lityum - Chemuza","og_description":"Bilimsel analizlere g\u00f6re lityum, hidrojen ve helyumla birlikte evrendeki en eski elementler aras\u0131ndad\u0131r ve kimyasal bile\u015fimi sodyumunkine benzer. Ayr\u0131ca tuzlu d\u00fczl\u00fcklerde ve volkanik yollarda bol miktarda bulunur, dolay\u0131s\u0131yla rezervlerinin yakla\u015f\u0131k %85&#8217;i \u015eili, Bolivya ve Arjantin&#8217;de bulunmaktad\u0131r. Bu mineral, \u00f6zellikleri, yayg\u0131n kullan\u0131mlar\u0131, bile\u015fikleri ve \u00f6zellikleri hakk\u0131nda daha fazla bilgi edinin. Lityum nedir? Alkali metaller olarak adland\u0131r\u0131lan ... Devam\u0131n\u0131 oku","og_url":"https:\/\/chemuza.org\/tr\/lityum\/","og_site_name":"Chemuza","twitter_card":"summary_large_image","twitter_misc":{"Tahmini okuma s\u00fcresi":"4 dakika"},"schema":{"@context":"https:\/\/schema.org","@graph":[{"@type":"WebPage","@id":"https:\/\/chemuza.org\/tr\/lityum\/","url":"https:\/\/chemuza.org\/tr\/lityum\/","name":"Lityum - Chemuza","isPartOf":{"@id":"https:\/\/chemuza.org\/tr\/#website"},"datePublished":"2023-07-15T11:24:03+00:00","dateModified":"2023-07-15T11:24:03+00:00","breadcrumb":{"@id":"https:\/\/chemuza.org\/tr\/lityum\/#breadcrumb"},"inLanguage":"tr","potentialAction":[{"@type":"ReadAction","target":["https:\/\/chemuza.org\/tr\/lityum\/"]}]},{"@type":"BreadcrumbList","@id":"https:\/\/chemuza.org\/tr\/lityum\/#breadcrumb","itemListElement":[{"@type":"ListItem","position":1,"name":"Ev","item":"https:\/\/chemuza.org\/tr\/"},{"@type":"ListItem","position":2,"name":"Lityum"}]},{"@type":"WebSite","@id":"https:\/\/chemuza.org\/tr\/#website","url":"https:\/\/chemuza.org\/tr\/","name":"Chemuza","description":"Kimyasal ke\u015fiflere a\u00e7\u0131lan kap\u0131n\u0131z!","publisher":{"@id":"https:\/\/chemuza.org\/tr\/#organization"},"potentialAction":[{"@type":"SearchAction","target":{"@type":"EntryPoint","urlTemplate":"https:\/\/chemuza.org\/tr\/?s={search_term_string}"},"query-input":"required name=search_term_string"}],"inLanguage":"tr"},{"@type":"Organization","@id":"https:\/\/chemuza.org\/tr\/#organization","name":"Chemuza","url":"https:\/\/chemuza.org\/tr\/","logo":{"@type":"ImageObject","inLanguage":"tr","@id":"https:\/\/chemuza.org\/tr\/#\/schema\/logo\/image\/","url":"https:\/\/chemuza.org\/tr\/wp-content\/uploads\/2023\/10\/chemuza-logo.png","contentUrl":"https:\/\/chemuza.org\/tr\/wp-content\/uploads\/2023\/10\/chemuza-logo.png","width":387,"height":70,"caption":"Chemuza"},"image":{"@id":"https:\/\/chemuza.org\/tr\/#\/schema\/logo\/image\/"}}]}},"yoast_meta":{"yoast_wpseo_title":"","yoast_wpseo_metadesc":"","yoast_wpseo_canonical":""},"_links":{"self":[{"href":"https:\/\/chemuza.org\/tr\/wp-json\/wp\/v2\/pages\/1436"}],"collection":[{"href":"https:\/\/chemuza.org\/tr\/wp-json\/wp\/v2\/pages"}],"about":[{"href":"https:\/\/chemuza.org\/tr\/wp-json\/wp\/v2\/types\/page"}],"author":[{"embeddable":true,"href":"https:\/\/chemuza.org\/tr\/wp-json\/wp\/v2\/users\/1"}],"replies":[{"embeddable":true,"href":"https:\/\/chemuza.org\/tr\/wp-json\/wp\/v2\/comments?post=1436"}],"version-history":[{"count":0,"href":"https:\/\/chemuza.org\/tr\/wp-json\/wp\/v2\/pages\/1436\/revisions"}],"wp:attachment":[{"href":"https:\/\/chemuza.org\/tr\/wp-json\/wp\/v2\/media?parent=1436"}],"curies":[{"name":"wp","href":"https:\/\/api.w.org\/{rel}","templated":true}]}}