{"id":1433,"date":"2023-07-15T14:45:00","date_gmt":"2023-07-15T14:45:00","guid":{"rendered":"https:\/\/chemuza.org\/tr\/bor\/"},"modified":"2023-07-15T14:45:00","modified_gmt":"2023-07-15T14:45:00","slug":"bor","status":"publish","type":"page","link":"https:\/\/chemuza.org\/tr\/bor\/","title":{"rendered":"Bor"},"content":{"rendered":"<p>Bor periyodik tablonun bir elementidir ve \u00e7evrede do\u011fal olarak bulunur. Borat denilen \u015feyi olu\u015fturmak i\u00e7in oksijen ve di\u011fer elementlerle birle\u015fir. Ayn\u0131 \u015fekilde toprak, kaya, okyanus ve hatta k\u00f6m\u00fcr gibi yerler de bu kimyasal bile\u015fi\u011fi i\u00e7erir. Bu metaloidin k\u00f6keni, \u00f6zellikleri ve faydalar\u0131 ile ilgili ayr\u0131nt\u0131lar\u0131 \u00f6\u011frenin.<\/p>\n<h2> <strong>Bor nedir?<\/strong><\/h2>\n<p> Boraks mineralinde bol miktarda bulunan metaloid ve yar\u0131 iletken bir kimyasal elementtir. Bu bile\u015fik iki amorf B ve metalik bile\u015fenden olu\u015fur. Birincisi kahverengi bir tozdur ve ikincisi siyaht\u0131r, serttir ve oda s\u0131cakl\u0131\u011f\u0131nda zay\u0131f iletkendir.<\/p>\n<h3> <strong>Bor sembol\u00fc<\/strong><\/h3>\n<p> <span class=\"content-chemical-element\" style=\"float: left; width: 65px; height: 65px; border: 3px solid #666; display: flex; justify-content: center; align-items: center; margin-right: 15px;\"><span style=\"font-size: 38px;\">B<\/span><\/span> Periyodik tabloda B sembol\u00fc ile tan\u0131mlan\u0131r. Ayr\u0131ca k\u00fctlesi yakla\u015f\u0131k 10.811 olup atom numaras\u0131 5 ile i\u015faretlenmi\u015ftir. Ad\u0131 Arap\u00e7a buraq veya Fars\u00e7a boraks anlam\u0131na gelen burah kelimesinden gelmektedir. .<\/p>\n<h2> <strong>Borun \u00f6zellikleri<\/strong><\/h2>\n<p> Hem yer kabu\u011funda hem de g\u00fcne\u015f sisteminde \u00e7ok nadir bulunan bir elementtir. K\u0131z\u0131l\u00f6tesi radyasyon iletimi \u00f6zelli\u011fine sahiptir. Y\u00fcksek s\u0131cakl\u0131klara maruz kald\u0131\u011f\u0131nda elektrik iletkenli\u011fi y\u00fcksektir. Di\u011fer \u00f6zellikler \u015funlard\u0131r:<\/p>\n<ul>\n<li> <strong>Renk:<\/strong> Koyu saf halidir.<\/li>\n<li> <strong>G\u00f6r\u00fcn\u00fcm:<\/strong> Sert.<\/li>\n<li> <strong>Elektriksel iletkenlik:<\/strong> Yar\u0131 iletkendir.<\/li>\n<li> <strong>\u015eekil:<\/strong> Yakla\u015f\u0131k 2,46 gram yo\u011funlu\u011fa sahip k\u0131rm\u0131z\u0131 kristaller.<\/li>\n<li> <strong>Metaloid:<\/strong> Bu, metalik ve metalik olmayan elementler i\u00e7erdi\u011fi anlam\u0131na gelir.<\/li>\n<li> <strong>Durumu:<\/strong> Do\u011fal haliyle sa\u011flamd\u0131r.<\/li>\n<li> <strong>Manyetiklik:<\/strong> Mevcut de\u011fil.<\/li>\n<li> <strong>\u00c7\u00f6z\u00fcn\u00fcrl\u00fck:<\/strong> Su, eter ve alkolde \u00e7\u00f6z\u00fcnmez, nitrik asitlerde \u00e7\u00f6z\u00fcn\u00fcr.<\/li>\n<\/ul>\n<h2> <strong>Borun kimyasal ve fiziksel \u00f6zellikleri<\/strong><\/h2>\n<ol>\n<li> <strong>Atom numaras\u0131:<\/strong> 5<\/li>\n<li> <strong>Oksidasyon durumu:<\/strong> +3<\/li>\n<li> <strong>Valensiya:<\/strong> 3<\/li>\n<li> <strong>Elektronegatiflik:<\/strong> 2.0<\/li>\n<li> <strong>Atom yar\u0131\u00e7ap\u0131 (A):<\/strong> 0,98<\/li>\n<li> <strong>Kovalent yar\u0131\u00e7ap (A):<\/strong> 0,82<\/li>\n<li> <strong>\u0130yonik yar\u0131\u00e7ap (A):<\/strong> 0,20<\/li>\n<li> <strong>Atom k\u00fctlesi:<\/strong> 10.811<\/li>\n<li> <strong>Oksidasyon durumu:<\/strong> +3<\/li>\n<li> <strong>Kaynama noktas\u0131 (\u00b0C):<\/strong> 4000<\/li>\n<li> <strong>Erime noktas\u0131 (\u00b0C):<\/strong> 2030<\/li>\n<li> <strong>blok:<\/strong> p<\/li>\n<li> <strong>Protonlar:<\/strong> 5<\/li>\n<li> <strong>Elektron seviyesi:<\/strong> 2, 3<\/li>\n<li> <strong>N\u00f6tronlar:<\/strong> 6<\/li>\n<li> <strong>D\u00f6nem:<\/strong> 2<\/li>\n<li> <strong>Yo\u011funluk (g\/ml):<\/strong> 2,34<\/li>\n<li> <strong>\u0130lk iyonla\u015fma potansiyeli<\/strong> (eV): 8,33<\/li>\n<li> <strong>Elektronik konfig\u00fcrasyon:<\/strong> [He] 2s <sup>2<\/sup> 2p <sup>1<\/sup><\/li>\n<\/ol>\n<h2> <strong>Borun k\u00f6keni<\/strong><\/h2>\n<p> Ke\u015ffi 1808 y\u0131l\u0131na kadar uzan\u0131r ve Davy Humphry, Lussac Gay ve Thernand L.&#8217;ye atfedilir. Bu bilim adamlar\u0131 borik asidi potasyumla i\u015fleyerek deneyler yapt\u0131lar \u00e7\u00fcnk\u00fc o zamanlar potasyumun oksijene afinitesi biliniyordu.<\/p>\n<h2> <strong>Boro ne i\u00e7in kullan\u0131l\u0131r?<\/strong><\/h2>\n<p> Elementin t\u00fcm t\u00fcrevleri end\u00fcstri taraf\u0131ndan emaye, yal\u0131t\u0131ml\u0131 cam elyaf\u0131, di\u015f\u00e7ilik aletleri ve borosilikat cam \u00fcretiminde kullan\u0131lmaktad\u0131r. Ayr\u0131ca borik asit tekstil \u00fcr\u00fcnlerinde, boraks ise temizlik \u00fcr\u00fcnleri ve antiseptiklerde yayg\u0131n olarak kullan\u0131l\u0131yor. T\u0131p alan\u0131nda bile artrit tedavisinde etkilidir ve amorf formuyla parlak ye\u015fil renkte yan\u0131p s\u00f6nen havai fi\u015feklerde kullan\u0131l\u0131r.<\/p>\n<p> \u00d6te yandan sa\u011flam, dayan\u0131kl\u0131 ve sa\u011flam bir elementtir, bu nedenle filamentleri havac\u0131l\u0131k yap\u0131lar\u0131n\u0131n ve z\u0131rhlar\u0131n yap\u0131m\u0131nda kullan\u0131l\u0131r. Asl\u0131nda bor nitr\u00fcr ile kat\u0131 bir elmas olu\u015fturulabilir ve al\u00fcminyum rafinasyon i\u015flemine uygun \u00f6zelliklere sahiptir.<\/p>\n<h2> <strong>Bor ve sa\u011fl\u0131k<\/strong><\/h2>\n<p> Bu bile\u015fik h\u0131zla v\u00fccuttan at\u0131l\u0131r, ancak k\u00fc\u00e7\u00fck k\u0131s\u0131mlar\u0131 kemiklere ba\u011flan\u0131r ve v\u00fccutta bir\u00e7ok \u00f6nemli fonksiyona katk\u0131da bulunur. Bu unsurun sa\u011fl\u0131kla ili\u015fkisini ke\u015ffedin:<\/p>\n<h3> <strong>Hormonal aktiviteyi iyile\u015ftirir<\/strong><\/h3>\n<p> V\u00fccuttaki iyi bir B seviyesi, testosteron ve progesteron olan erkek ve kad\u0131n seks hormonlar\u0131n\u0131n miktar\u0131nda fark yaratabilir.<\/p>\n<h3> <strong>Beyin fonksiyonuna yard\u0131mc\u0131 olur<\/strong><\/h3>\n<p> Bu bile\u015fi\u011fin, \u00f6zellikle ya\u015fl\u0131 eri\u015fkinlerde bili\u015fsel yetene\u011fin, k\u0131sa s\u00fcreli haf\u0131zan\u0131n ve beynin elektriksel aktivitesinin y\u00fckselmesini etkiledi\u011fi g\u00f6sterilmi\u015ftir.<\/p>\n<h3> <strong>kanser tedavisi<\/strong><\/h3>\n<p> Amsterdam&#8217;da Avrupa Komisyonu taraf\u0131ndan onaylanm\u0131\u015f, beyin kanseri hastalar\u0131na bor-10 \u0131\u015f\u0131nlamas\u0131 yapan deneysel bir tedavi var. Prensip, radyoterapinin v\u00fccuttaki sa\u011fl\u0131kl\u0131 h\u00fccrelere zarar vermemeye dikkat etmesini sa\u011flamakt\u0131r. Ayr\u0131ca rahim a\u011fz\u0131, tiroid ve karaci\u011fer kanserinin \u00f6nlenmesine de yard\u0131mc\u0131 olmas\u0131 bekleniyor.<\/p>\n<h3> <strong>yaralar\u0131 iyile\u015ftirir<\/strong><\/h3>\n<p> Bir t\u00fcrev olarak borik asit, sivilce ve ayak mantar\u0131 gibi yayg\u0131n cilt rahats\u0131zl\u0131klar\u0131n\u0131n tedavisinde, yan\u0131klar i\u00e7in antiseptik olarak ve k\u00fc\u00e7\u00fck yaralar\u0131n iyile\u015ftirilmesinde etkilidir.<\/p>\n<h2> <strong>Bor i\u00e7eren g\u0131dalar<\/strong><\/h2>\n<p> B a\u00e7\u0131s\u0131ndan zengin baz\u0131 g\u0131dalara bak\u0131n ve bunlar\u0131 do\u011fal olarak t\u00fcketerek faydalar\u0131ndan yararlan\u0131n:<\/p>\n<ul>\n<li> <strong>Meyveler<\/strong> : \u015eeftali, \u00fcz\u00fcm, erik, \u00fcz\u00fcm, elma ve portakal gibi.<\/li>\n<li> <strong>Sebzeler<\/strong> : Patates, avokado ve brokoli.<\/li>\n<li> <strong>\u0130\u00e7ecekler<\/strong> : \u015earap, bira, s\u00fct, kahve ve bal.<\/li>\n<li> <strong>Sebzeler<\/strong> : Ye\u015fil bezelye, f\u0131st\u0131k ve fasulye.<\/li>\n<\/ul>\n<p> Sonu\u00e7 olarak bor, k\u00f6m\u00fcrde, kayalarda ve okyanuslarda bol miktarda bulunmayan ve bulunabilen do\u011fal bir elementtir. Ayr\u0131ca 18. y\u00fczy\u0131lda ke\u015ffedilmi\u015ftir ve baz\u0131 uygulamalar\u0131 tekstil end\u00fcstrisi ve sa\u011fl\u0131\u011f\u0131n iyile\u015ftirilmesiyle ilgilidir.<\/p>\n","protected":false},"excerpt":{"rendered":"<p>Bor periyodik tablonun bir elementidir ve \u00e7evrede do\u011fal olarak bulunur. Borat denilen \u015feyi olu\u015fturmak i\u00e7in oksijen ve di\u011fer elementlerle birle\u015fir. Ayn\u0131 \u015fekilde toprak, kaya, okyanus ve hatta k\u00f6m\u00fcr gibi yerler de bu kimyasal bile\u015fi\u011fi i\u00e7erir. Bu metaloidin k\u00f6keni, \u00f6zellikleri ve faydalar\u0131 ile ilgili ayr\u0131nt\u0131lar\u0131 \u00f6\u011frenin. Bor nedir? Boraks mineralinde bol miktarda bulunan metaloid ve yar\u0131 &#8230; <a title=\"Bor\" class=\"read-more\" href=\"https:\/\/chemuza.org\/tr\/bor\/\" aria-label=\"More on Bor\">Devam\u0131n\u0131 oku<\/a><\/p>\n","protected":false},"author":1,"featured_media":0,"parent":0,"menu_order":0,"comment_status":"closed","ping_status":"closed","template":"","meta":{"footnotes":""},"yoast_head":"<!-- This site is optimized with the Yoast SEO plugin v21.4 - https:\/\/yoast.com\/wordpress\/plugins\/seo\/ -->\n<title>Bor - Chemuza<\/title>\n<meta name=\"robots\" content=\"index, follow, max-snippet:-1, max-image-preview:large, max-video-preview:-1\" \/>\n<link rel=\"canonical\" href=\"https:\/\/chemuza.org\/tr\/bor\/\" \/>\n<meta property=\"og:locale\" content=\"tr_TR\" \/>\n<meta property=\"og:type\" content=\"article\" \/>\n<meta property=\"og:title\" content=\"Bor - Chemuza\" \/>\n<meta property=\"og:description\" content=\"Bor periyodik tablonun bir elementidir ve \u00e7evrede do\u011fal olarak bulunur. Borat denilen \u015feyi olu\u015fturmak i\u00e7in oksijen ve di\u011fer elementlerle birle\u015fir. Ayn\u0131 \u015fekilde toprak, kaya, okyanus ve hatta k\u00f6m\u00fcr gibi yerler de bu kimyasal bile\u015fi\u011fi i\u00e7erir. Bu metaloidin k\u00f6keni, \u00f6zellikleri ve faydalar\u0131 ile ilgili ayr\u0131nt\u0131lar\u0131 \u00f6\u011frenin. Bor nedir? Boraks mineralinde bol miktarda bulunan metaloid ve yar\u0131 ... Devam\u0131n\u0131 oku\" \/>\n<meta property=\"og:url\" content=\"https:\/\/chemuza.org\/tr\/bor\/\" \/>\n<meta property=\"og:site_name\" content=\"Chemuza\" \/>\n<meta name=\"twitter:card\" content=\"summary_large_image\" \/>\n<meta name=\"twitter:label1\" content=\"Tahmini okuma s\u00fcresi\" \/>\n\t<meta name=\"twitter:data1\" content=\"4 dakika\" \/>\n<script type=\"application\/ld+json\" class=\"yoast-schema-graph\">{\"@context\":\"https:\/\/schema.org\",\"@graph\":[{\"@type\":\"WebPage\",\"@id\":\"https:\/\/chemuza.org\/tr\/bor\/\",\"url\":\"https:\/\/chemuza.org\/tr\/bor\/\",\"name\":\"Bor - Chemuza\",\"isPartOf\":{\"@id\":\"https:\/\/chemuza.org\/tr\/#website\"},\"datePublished\":\"2023-07-15T14:45:00+00:00\",\"dateModified\":\"2023-07-15T14:45:00+00:00\",\"breadcrumb\":{\"@id\":\"https:\/\/chemuza.org\/tr\/bor\/#breadcrumb\"},\"inLanguage\":\"tr\",\"potentialAction\":[{\"@type\":\"ReadAction\",\"target\":[\"https:\/\/chemuza.org\/tr\/bor\/\"]}]},{\"@type\":\"BreadcrumbList\",\"@id\":\"https:\/\/chemuza.org\/tr\/bor\/#breadcrumb\",\"itemListElement\":[{\"@type\":\"ListItem\",\"position\":1,\"name\":\"Ev\",\"item\":\"https:\/\/chemuza.org\/tr\/\"},{\"@type\":\"ListItem\",\"position\":2,\"name\":\"Bor\"}]},{\"@type\":\"WebSite\",\"@id\":\"https:\/\/chemuza.org\/tr\/#website\",\"url\":\"https:\/\/chemuza.org\/tr\/\",\"name\":\"Chemuza\",\"description\":\"Kimyasal ke\u015fiflere a\u00e7\u0131lan kap\u0131n\u0131z!\",\"publisher\":{\"@id\":\"https:\/\/chemuza.org\/tr\/#organization\"},\"potentialAction\":[{\"@type\":\"SearchAction\",\"target\":{\"@type\":\"EntryPoint\",\"urlTemplate\":\"https:\/\/chemuza.org\/tr\/?s={search_term_string}\"},\"query-input\":\"required name=search_term_string\"}],\"inLanguage\":\"tr\"},{\"@type\":\"Organization\",\"@id\":\"https:\/\/chemuza.org\/tr\/#organization\",\"name\":\"Chemuza\",\"url\":\"https:\/\/chemuza.org\/tr\/\",\"logo\":{\"@type\":\"ImageObject\",\"inLanguage\":\"tr\",\"@id\":\"https:\/\/chemuza.org\/tr\/#\/schema\/logo\/image\/\",\"url\":\"https:\/\/chemuza.org\/tr\/wp-content\/uploads\/2023\/10\/chemuza-logo.png\",\"contentUrl\":\"https:\/\/chemuza.org\/tr\/wp-content\/uploads\/2023\/10\/chemuza-logo.png\",\"width\":387,\"height\":70,\"caption\":\"Chemuza\"},\"image\":{\"@id\":\"https:\/\/chemuza.org\/tr\/#\/schema\/logo\/image\/\"}}]}<\/script>\n<!-- \/ Yoast SEO plugin. -->","yoast_head_json":{"title":"Bor - Chemuza","robots":{"index":"index","follow":"follow","max-snippet":"max-snippet:-1","max-image-preview":"max-image-preview:large","max-video-preview":"max-video-preview:-1"},"canonical":"https:\/\/chemuza.org\/tr\/bor\/","og_locale":"tr_TR","og_type":"article","og_title":"Bor - Chemuza","og_description":"Bor periyodik tablonun bir elementidir ve \u00e7evrede do\u011fal olarak bulunur. Borat denilen \u015feyi olu\u015fturmak i\u00e7in oksijen ve di\u011fer elementlerle birle\u015fir. Ayn\u0131 \u015fekilde toprak, kaya, okyanus ve hatta k\u00f6m\u00fcr gibi yerler de bu kimyasal bile\u015fi\u011fi i\u00e7erir. Bu metaloidin k\u00f6keni, \u00f6zellikleri ve faydalar\u0131 ile ilgili ayr\u0131nt\u0131lar\u0131 \u00f6\u011frenin. Bor nedir? Boraks mineralinde bol miktarda bulunan metaloid ve yar\u0131 ... Devam\u0131n\u0131 oku","og_url":"https:\/\/chemuza.org\/tr\/bor\/","og_site_name":"Chemuza","twitter_card":"summary_large_image","twitter_misc":{"Tahmini okuma s\u00fcresi":"4 dakika"},"schema":{"@context":"https:\/\/schema.org","@graph":[{"@type":"WebPage","@id":"https:\/\/chemuza.org\/tr\/bor\/","url":"https:\/\/chemuza.org\/tr\/bor\/","name":"Bor - Chemuza","isPartOf":{"@id":"https:\/\/chemuza.org\/tr\/#website"},"datePublished":"2023-07-15T14:45:00+00:00","dateModified":"2023-07-15T14:45:00+00:00","breadcrumb":{"@id":"https:\/\/chemuza.org\/tr\/bor\/#breadcrumb"},"inLanguage":"tr","potentialAction":[{"@type":"ReadAction","target":["https:\/\/chemuza.org\/tr\/bor\/"]}]},{"@type":"BreadcrumbList","@id":"https:\/\/chemuza.org\/tr\/bor\/#breadcrumb","itemListElement":[{"@type":"ListItem","position":1,"name":"Ev","item":"https:\/\/chemuza.org\/tr\/"},{"@type":"ListItem","position":2,"name":"Bor"}]},{"@type":"WebSite","@id":"https:\/\/chemuza.org\/tr\/#website","url":"https:\/\/chemuza.org\/tr\/","name":"Chemuza","description":"Kimyasal ke\u015fiflere a\u00e7\u0131lan kap\u0131n\u0131z!","publisher":{"@id":"https:\/\/chemuza.org\/tr\/#organization"},"potentialAction":[{"@type":"SearchAction","target":{"@type":"EntryPoint","urlTemplate":"https:\/\/chemuza.org\/tr\/?s={search_term_string}"},"query-input":"required name=search_term_string"}],"inLanguage":"tr"},{"@type":"Organization","@id":"https:\/\/chemuza.org\/tr\/#organization","name":"Chemuza","url":"https:\/\/chemuza.org\/tr\/","logo":{"@type":"ImageObject","inLanguage":"tr","@id":"https:\/\/chemuza.org\/tr\/#\/schema\/logo\/image\/","url":"https:\/\/chemuza.org\/tr\/wp-content\/uploads\/2023\/10\/chemuza-logo.png","contentUrl":"https:\/\/chemuza.org\/tr\/wp-content\/uploads\/2023\/10\/chemuza-logo.png","width":387,"height":70,"caption":"Chemuza"},"image":{"@id":"https:\/\/chemuza.org\/tr\/#\/schema\/logo\/image\/"}}]}},"yoast_meta":{"yoast_wpseo_title":"","yoast_wpseo_metadesc":"","yoast_wpseo_canonical":""},"_links":{"self":[{"href":"https:\/\/chemuza.org\/tr\/wp-json\/wp\/v2\/pages\/1433"}],"collection":[{"href":"https:\/\/chemuza.org\/tr\/wp-json\/wp\/v2\/pages"}],"about":[{"href":"https:\/\/chemuza.org\/tr\/wp-json\/wp\/v2\/types\/page"}],"author":[{"embeddable":true,"href":"https:\/\/chemuza.org\/tr\/wp-json\/wp\/v2\/users\/1"}],"replies":[{"embeddable":true,"href":"https:\/\/chemuza.org\/tr\/wp-json\/wp\/v2\/comments?post=1433"}],"version-history":[{"count":0,"href":"https:\/\/chemuza.org\/tr\/wp-json\/wp\/v2\/pages\/1433\/revisions"}],"wp:attachment":[{"href":"https:\/\/chemuza.org\/tr\/wp-json\/wp\/v2\/media?parent=1433"}],"curies":[{"name":"wp","href":"https:\/\/api.w.org\/{rel}","templated":true}]}}