{"id":1432,"date":"2023-07-15T15:35:24","date_gmt":"2023-07-15T15:35:24","guid":{"rendered":"https:\/\/chemuza.org\/tr\/berilyum\/"},"modified":"2023-07-15T15:35:24","modified_gmt":"2023-07-15T15:35:24","slug":"berilyum","status":"publish","type":"page","link":"https:\/\/chemuza.org\/tr\/berilyum\/","title":{"rendered":"Berilyum"},"content":{"rendered":"<p>Berilyum, k\u00f6m\u00fcr, petrol, kayalar, volkanik toz ve toprakta bulunan do\u011fal bir elementtir. Periyodik tablodaki lityumdan sonra en hafif metaldir. \u015eu anda bu mineralin \u00e7o\u011fu elektronik ve elektrikli bile\u015fenlerin yap\u0131m\u0131nda farkl\u0131 ala\u015f\u0131mlarda kullan\u0131l\u0131yor. \u00d6zelliklerini, karakteristiklerini ve kullan\u0131mlar\u0131n\u0131 bug\u00fcn ke\u015ffedin.<\/p>\n<h2> <strong>Berilyum nedir?<\/strong><\/h2>\n<p> Periyodik tablonun ge\u00e7i\u015f metallerine ait kimyasal bir elementtir. Nadir minerallerden biridir ve alkali toprak metalleri grubuna aittir. Yo\u011funlu\u011fu a\u015fa\u011f\u0131 yukar\u0131 al\u00fcminyumun \u00fc\u00e7te biri kadard\u0131r, gri, k\u0131r\u0131lgan ve serttir.<\/p>\n<h3> <strong>Berilyum sembol\u00fc<\/strong><\/h3>\n<p> <span class=\"content-chemical-element\" style=\"float: left;width: 65px;height: 65px;border: 3px solid #666; display:flex;\n    justify-content: center;align-items: center;margin-right: 15px;\"><span style=\"font-size: 38px;\">Be<\/span><\/span> Berilyumu tan\u0131mlayan sembol Be ve atom numaras\u0131 4&#8217;t\u00fcr. Ad\u0131, Tamil dilindeki veiruor kelimesinden gelen ve beyaz veya soluk olma anlam\u0131na gelen Yunanca beryllos&#8217;tan gelir. Yani bu elementin ad\u0131 Hint&#8217;tir. Ayr\u0131ca ana minerali al\u00fcminyum ve beril aras\u0131nda bir silikat olan berildir.<\/p>\n<h2> <strong>Berilyumun \u00f6zellikleri<\/strong><\/h2>\n<p> Periyod ve 2. grupta bulunur ve \u00f6zellikle toz halindeyken toksik bir metaldir. Ayr\u0131ca su ve asitlerle reaksiyona girerek hidrojen gaz\u0131 olu\u015fturur. \u00d6zellikleri hakk\u0131nda daha fazla bilgi edinin:<\/p>\n<ul>\n<li> <strong>Durum:<\/strong> Do\u011fal olarak \u015fekli kat\u0131 veya diyamanyetiktir. <strong>&nbsp;<\/strong><\/li>\n<li> <strong>Sertlik:<\/strong> \u00c7ok k\u0131r\u0131lgand\u0131r.<\/li>\n<li> <strong>Renk:<\/strong> Gri<\/li>\n<li> <strong>Oksidasyon:<\/strong> Hava ile temas\u0131nda h\u0131zla oksitlenerek ince bir tabaka olu\u015fturur.<\/li>\n<li> <strong>\u00c7\u00f6z\u00fcn\u00fcrl\u00fck:<\/strong> Baz\u0131 bile\u015fenler suda \u00e7\u00f6z\u00fcn\u00fcr.<\/li>\n<li> <strong>D\u00f6v\u00fclebilirlik:<\/strong> Safsa d\u00f6v\u00fclebilir, ancak silikon veya demir yabanc\u0131 maddelerin varl\u0131\u011f\u0131nda k\u0131r\u0131lgan hale gelebilir.<\/li>\n<\/ul>\n<h2> <strong>Berilyumun kimyasal ve fiziksel \u00f6zellikleri<\/strong><\/h2>\n<ol>\n<li> <strong>Yo\u011funluk:<\/strong> 1,85 g\/cm\u00b3<\/li>\n<li> <strong>Atom numaras\u0131<\/strong> : 4<\/li>\n<li> <strong>Valensiya:<\/strong> 2<\/li>\n<li> <strong>Oksidasyon durumlar\u0131:<\/strong> +2<\/li>\n<li> <strong>Elektronegatiflik:<\/strong> 1,5<\/li>\n<li> <strong>Erime noktas\u0131:<\/strong> 1277<\/li>\n<li> <strong>Atom k\u00fctlesi: 9.0122<\/strong><\/li>\n<li> <strong>Seviye ba\u015f\u0131na elektron say\u0131s\u0131:<\/strong> 2,2<\/li>\n<li> <strong>Oksidasyon durumu:<\/strong> +2<\/li>\n<li> <strong>Kaynama noktas\u0131 (\u00b0C):<\/strong> 2770<\/li>\n<li> <strong>Kovalent yar\u0131\u00e7ap:<\/strong> 0,90<\/li>\n<li> <strong>Atom yar\u0131\u00e7ap\u0131:<\/strong> 1,12<\/li>\n<li> <strong>\u0130yonik yar\u0131\u00e7ap:<\/strong> 0,31<\/li>\n<li> <strong>Kristal yap\u0131s\u0131:<\/strong> alt\u0131gen<\/li>\n<li> <strong>Birinci iyonla\u015fma potansiyeli:<\/strong> 9,38<\/li>\n<\/ol>\n<h2> <strong>Berilyumun k\u00f6keni<\/strong><\/h2>\n<p> Beril oksit ve z\u00fcmr\u00fct formunda ke\u015ffi 1798 y\u0131l\u0131nda Louis Nicolas Vauquelin taraf\u0131ndan Fransa&#8217;da ger\u00e7ekle\u015fti. Daha sonra 1828&#8217;de Antoine Bussy ve Friedrich Wohler berilyum klor\u00fcr\u00fc potasyumla reaksiyona sokarak metali izole ettiler.<\/p>\n<h2> <strong>Berilyum ne i\u00e7in kullan\u0131l\u0131r?<\/strong><\/h2>\n<p> Esas olarak saf bak\u0131r gibi elektri\u011fi ve \u0131s\u0131y\u0131 iletme \u00f6zelli\u011fine sahip ala\u015f\u0131mlarda kullan\u0131l\u0131r. Bunlar genellikle radarlarda, bilgisayarlarda, otomobillerde, u\u00e7ak ini\u015f sistemlerinde, petrol ve gaz sondaj makinelerinde, devre kartlar\u0131nda ve ev aletlerinde kullan\u0131l\u0131r.<\/p>\n<p> Benzer \u015fekilde, g\u00f6r\u00fcn\u00fcr radyasyonu filtrelemek i\u00e7in ince berilyum tabakalar\u0131 kullan\u0131ld\u0131\u011f\u0131ndan X-\u0131\u015f\u0131n\u0131 te\u015fhisi i\u00e7in kullan\u0131l\u0131r. Sert, hafif ve boyutsal stabiliteye sahip oldu\u011fundan jiroskop, saat yay\u0131 gibi cihazlar\u0131n yap\u0131m\u0131nda ve \u00e7e\u015fitli enstr\u00fcmanlarda kullan\u0131l\u0131r.<\/p>\n<p> \u00d6te yandan berilyum ve al\u00fcminyum, s\u00fcpersonik u\u00e7aklar, f\u00fczeler, uydu ileti\u015fimleri ve uzay ara\u00e7lar\u0131 gibi \u0131s\u0131 kalkanlar\u0131nda kullan\u0131lan \u00e7ok g\u00fc\u00e7l\u00fc bir malzeme \u00fcretme kapasitesine sahiptir. Ayr\u0131ca berilyum oksit seramik yap\u0131m\u0131nda kullan\u0131l\u0131r ve nikelle birlikte \u00e7ok sert bir malzeme olu\u015fturmak i\u00e7in kullan\u0131l\u0131r.<\/p>\n<h2> <strong>Berilyumun elektronik konfig\u00fcrasyonu<\/strong><\/h2>\n<p> Moeller diyagram\u0131 ile periyodik tablonun t\u00fcm elemanlar\u0131n\u0131n konfig\u00fcrasyonunu bilebilirsiniz. Bu durumda berilyumun atom numaras\u0131 4 oldu\u011fundan Be 1s <sup>2<\/sup> 2s <sup>2<\/sup> olur.<\/p>\n<h2> <strong>Berilyumun insan v\u00fccudu \u00fczerindeki etkisi<\/strong><\/h2>\n<p> Bu, insanlar soludu\u011funda zararl\u0131 olabilecek, akci\u011fer hasar\u0131na ve zat\u00fcrreye neden olabilecek bir metaldir. En iyi bilinen etkilerinden biri, kalp gibi di\u011fer organlara bile zarar veren ciddi bir solunum yolu hastal\u0131\u011f\u0131 olan berilyozdur.<\/p>\n<p> Ayr\u0131ca kimyasallara kar\u015f\u0131 \u00e7ok hassas olan ki\u015filerde alerjik reaksiyonlar geli\u015febilir. Ayr\u0131ca bu metal, geri d\u00f6n\u00fc\u015f\u00fc olmayan DNA hasar\u0131 olu\u015fma olas\u0131l\u0131\u011f\u0131n\u0131 art\u0131r\u0131r ve dolay\u0131s\u0131yla ki\u015fide kanser h\u00fccrelerinin b\u00fcy\u00fcmesine neden olur.<\/p>\n<h2> <strong>Beriliyoz nas\u0131l tedavi edilir<\/strong><\/h2>\n<p> Beriliyozun tedavisi olmamas\u0131na ra\u011fmen, bronkodilatat\u00f6rle birlikte inhale kortikosteroidlerle tedavi edilebilir. Hastal\u0131\u011f\u0131 ilerlemi\u015f ve nefes almakta zorluk \u00e7ekenlerin oksijene ihtiyac\u0131 olabilir. Hatta en a\u011f\u0131r vakalarda kal\u0131c\u0131 bir \u00e7\u00f6z\u00fcm olarak akci\u011fer nakli bile gerekli olabilir.<\/p>\n<p> K\u0131sacas\u0131 berilyum gri bir kimyasal elementtir ve periyodik tablodaki en hafif elementtir. Elektronik ve end\u00fcstri d\u00fcnyas\u0131ndaki uygulamalar, di\u011ferlerinin yan\u0131 s\u0131ra, bilgi i\u015flemden petrol kuyular\u0131na, X-\u0131\u015f\u0131n\u0131 plakalar\u0131na ve havac\u0131l\u0131k \u015firketlerine kadar uzanmaktad\u0131r. Ancak insanlar i\u00e7in toksik bir metaldir ve berilyoza neden olabilir.<\/p>\n","protected":false},"excerpt":{"rendered":"<p>Berilyum, k\u00f6m\u00fcr, petrol, kayalar, volkanik toz ve toprakta bulunan do\u011fal bir elementtir. Periyodik tablodaki lityumdan sonra en hafif metaldir. \u015eu anda bu mineralin \u00e7o\u011fu elektronik ve elektrikli bile\u015fenlerin yap\u0131m\u0131nda farkl\u0131 ala\u015f\u0131mlarda kullan\u0131l\u0131yor. \u00d6zelliklerini, karakteristiklerini ve kullan\u0131mlar\u0131n\u0131 bug\u00fcn ke\u015ffedin. Berilyum nedir? Periyodik tablonun ge\u00e7i\u015f metallerine ait kimyasal bir elementtir. Nadir minerallerden biridir ve alkali toprak metalleri &#8230; <a title=\"Berilyum\" class=\"read-more\" href=\"https:\/\/chemuza.org\/tr\/berilyum\/\" aria-label=\"More on Berilyum\">Devam\u0131n\u0131 oku<\/a><\/p>\n","protected":false},"author":1,"featured_media":0,"parent":0,"menu_order":0,"comment_status":"closed","ping_status":"closed","template":"","meta":{"footnotes":""},"yoast_head":"<!-- This site is optimized with the Yoast SEO plugin v21.4 - https:\/\/yoast.com\/wordpress\/plugins\/seo\/ -->\n<title>Berilyum - Chemuza<\/title>\n<meta name=\"robots\" content=\"index, follow, max-snippet:-1, max-image-preview:large, max-video-preview:-1\" \/>\n<link rel=\"canonical\" href=\"https:\/\/chemuza.org\/tr\/berilyum\/\" \/>\n<meta property=\"og:locale\" content=\"tr_TR\" \/>\n<meta property=\"og:type\" content=\"article\" \/>\n<meta property=\"og:title\" content=\"Berilyum - Chemuza\" \/>\n<meta property=\"og:description\" content=\"Berilyum, k\u00f6m\u00fcr, petrol, kayalar, volkanik toz ve toprakta bulunan do\u011fal bir elementtir. Periyodik tablodaki lityumdan sonra en hafif metaldir. \u015eu anda bu mineralin \u00e7o\u011fu elektronik ve elektrikli bile\u015fenlerin yap\u0131m\u0131nda farkl\u0131 ala\u015f\u0131mlarda kullan\u0131l\u0131yor. \u00d6zelliklerini, karakteristiklerini ve kullan\u0131mlar\u0131n\u0131 bug\u00fcn ke\u015ffedin. Berilyum nedir? Periyodik tablonun ge\u00e7i\u015f metallerine ait kimyasal bir elementtir. Nadir minerallerden biridir ve alkali toprak metalleri ... Devam\u0131n\u0131 oku\" \/>\n<meta property=\"og:url\" content=\"https:\/\/chemuza.org\/tr\/berilyum\/\" \/>\n<meta property=\"og:site_name\" content=\"Chemuza\" \/>\n<meta name=\"twitter:card\" content=\"summary_large_image\" \/>\n<meta name=\"twitter:label1\" content=\"Tahmini okuma s\u00fcresi\" \/>\n\t<meta name=\"twitter:data1\" content=\"3 dakika\" \/>\n<script type=\"application\/ld+json\" class=\"yoast-schema-graph\">{\"@context\":\"https:\/\/schema.org\",\"@graph\":[{\"@type\":\"WebPage\",\"@id\":\"https:\/\/chemuza.org\/tr\/berilyum\/\",\"url\":\"https:\/\/chemuza.org\/tr\/berilyum\/\",\"name\":\"Berilyum - Chemuza\",\"isPartOf\":{\"@id\":\"https:\/\/chemuza.org\/tr\/#website\"},\"datePublished\":\"2023-07-15T15:35:24+00:00\",\"dateModified\":\"2023-07-15T15:35:24+00:00\",\"breadcrumb\":{\"@id\":\"https:\/\/chemuza.org\/tr\/berilyum\/#breadcrumb\"},\"inLanguage\":\"tr\",\"potentialAction\":[{\"@type\":\"ReadAction\",\"target\":[\"https:\/\/chemuza.org\/tr\/berilyum\/\"]}]},{\"@type\":\"BreadcrumbList\",\"@id\":\"https:\/\/chemuza.org\/tr\/berilyum\/#breadcrumb\",\"itemListElement\":[{\"@type\":\"ListItem\",\"position\":1,\"name\":\"Ev\",\"item\":\"https:\/\/chemuza.org\/tr\/\"},{\"@type\":\"ListItem\",\"position\":2,\"name\":\"Berilyum\"}]},{\"@type\":\"WebSite\",\"@id\":\"https:\/\/chemuza.org\/tr\/#website\",\"url\":\"https:\/\/chemuza.org\/tr\/\",\"name\":\"Chemuza\",\"description\":\"Kimyasal ke\u015fiflere a\u00e7\u0131lan kap\u0131n\u0131z!\",\"publisher\":{\"@id\":\"https:\/\/chemuza.org\/tr\/#organization\"},\"potentialAction\":[{\"@type\":\"SearchAction\",\"target\":{\"@type\":\"EntryPoint\",\"urlTemplate\":\"https:\/\/chemuza.org\/tr\/?s={search_term_string}\"},\"query-input\":\"required name=search_term_string\"}],\"inLanguage\":\"tr\"},{\"@type\":\"Organization\",\"@id\":\"https:\/\/chemuza.org\/tr\/#organization\",\"name\":\"Chemuza\",\"url\":\"https:\/\/chemuza.org\/tr\/\",\"logo\":{\"@type\":\"ImageObject\",\"inLanguage\":\"tr\",\"@id\":\"https:\/\/chemuza.org\/tr\/#\/schema\/logo\/image\/\",\"url\":\"https:\/\/chemuza.org\/tr\/wp-content\/uploads\/2023\/10\/chemuza-logo.png\",\"contentUrl\":\"https:\/\/chemuza.org\/tr\/wp-content\/uploads\/2023\/10\/chemuza-logo.png\",\"width\":387,\"height\":70,\"caption\":\"Chemuza\"},\"image\":{\"@id\":\"https:\/\/chemuza.org\/tr\/#\/schema\/logo\/image\/\"}}]}<\/script>\n<!-- \/ Yoast SEO plugin. -->","yoast_head_json":{"title":"Berilyum - Chemuza","robots":{"index":"index","follow":"follow","max-snippet":"max-snippet:-1","max-image-preview":"max-image-preview:large","max-video-preview":"max-video-preview:-1"},"canonical":"https:\/\/chemuza.org\/tr\/berilyum\/","og_locale":"tr_TR","og_type":"article","og_title":"Berilyum - Chemuza","og_description":"Berilyum, k\u00f6m\u00fcr, petrol, kayalar, volkanik toz ve toprakta bulunan do\u011fal bir elementtir. Periyodik tablodaki lityumdan sonra en hafif metaldir. \u015eu anda bu mineralin \u00e7o\u011fu elektronik ve elektrikli bile\u015fenlerin yap\u0131m\u0131nda farkl\u0131 ala\u015f\u0131mlarda kullan\u0131l\u0131yor. \u00d6zelliklerini, karakteristiklerini ve kullan\u0131mlar\u0131n\u0131 bug\u00fcn ke\u015ffedin. Berilyum nedir? Periyodik tablonun ge\u00e7i\u015f metallerine ait kimyasal bir elementtir. Nadir minerallerden biridir ve alkali toprak metalleri ... Devam\u0131n\u0131 oku","og_url":"https:\/\/chemuza.org\/tr\/berilyum\/","og_site_name":"Chemuza","twitter_card":"summary_large_image","twitter_misc":{"Tahmini okuma s\u00fcresi":"3 dakika"},"schema":{"@context":"https:\/\/schema.org","@graph":[{"@type":"WebPage","@id":"https:\/\/chemuza.org\/tr\/berilyum\/","url":"https:\/\/chemuza.org\/tr\/berilyum\/","name":"Berilyum - Chemuza","isPartOf":{"@id":"https:\/\/chemuza.org\/tr\/#website"},"datePublished":"2023-07-15T15:35:24+00:00","dateModified":"2023-07-15T15:35:24+00:00","breadcrumb":{"@id":"https:\/\/chemuza.org\/tr\/berilyum\/#breadcrumb"},"inLanguage":"tr","potentialAction":[{"@type":"ReadAction","target":["https:\/\/chemuza.org\/tr\/berilyum\/"]}]},{"@type":"BreadcrumbList","@id":"https:\/\/chemuza.org\/tr\/berilyum\/#breadcrumb","itemListElement":[{"@type":"ListItem","position":1,"name":"Ev","item":"https:\/\/chemuza.org\/tr\/"},{"@type":"ListItem","position":2,"name":"Berilyum"}]},{"@type":"WebSite","@id":"https:\/\/chemuza.org\/tr\/#website","url":"https:\/\/chemuza.org\/tr\/","name":"Chemuza","description":"Kimyasal ke\u015fiflere a\u00e7\u0131lan kap\u0131n\u0131z!","publisher":{"@id":"https:\/\/chemuza.org\/tr\/#organization"},"potentialAction":[{"@type":"SearchAction","target":{"@type":"EntryPoint","urlTemplate":"https:\/\/chemuza.org\/tr\/?s={search_term_string}"},"query-input":"required name=search_term_string"}],"inLanguage":"tr"},{"@type":"Organization","@id":"https:\/\/chemuza.org\/tr\/#organization","name":"Chemuza","url":"https:\/\/chemuza.org\/tr\/","logo":{"@type":"ImageObject","inLanguage":"tr","@id":"https:\/\/chemuza.org\/tr\/#\/schema\/logo\/image\/","url":"https:\/\/chemuza.org\/tr\/wp-content\/uploads\/2023\/10\/chemuza-logo.png","contentUrl":"https:\/\/chemuza.org\/tr\/wp-content\/uploads\/2023\/10\/chemuza-logo.png","width":387,"height":70,"caption":"Chemuza"},"image":{"@id":"https:\/\/chemuza.org\/tr\/#\/schema\/logo\/image\/"}}]}},"yoast_meta":{"yoast_wpseo_title":"","yoast_wpseo_metadesc":"","yoast_wpseo_canonical":""},"_links":{"self":[{"href":"https:\/\/chemuza.org\/tr\/wp-json\/wp\/v2\/pages\/1432"}],"collection":[{"href":"https:\/\/chemuza.org\/tr\/wp-json\/wp\/v2\/pages"}],"about":[{"href":"https:\/\/chemuza.org\/tr\/wp-json\/wp\/v2\/types\/page"}],"author":[{"embeddable":true,"href":"https:\/\/chemuza.org\/tr\/wp-json\/wp\/v2\/users\/1"}],"replies":[{"embeddable":true,"href":"https:\/\/chemuza.org\/tr\/wp-json\/wp\/v2\/comments?post=1432"}],"version-history":[{"count":0,"href":"https:\/\/chemuza.org\/tr\/wp-json\/wp\/v2\/pages\/1432\/revisions"}],"wp:attachment":[{"href":"https:\/\/chemuza.org\/tr\/wp-json\/wp\/v2\/media?parent=1432"}],"curies":[{"name":"wp","href":"https:\/\/api.w.org\/{rel}","templated":true}]}}