{"id":1431,"date":"2023-07-15T16:10:46","date_gmt":"2023-07-15T16:10:46","guid":{"rendered":"https:\/\/chemuza.org\/tr\/oksijen\/"},"modified":"2023-07-15T16:10:46","modified_gmt":"2023-07-15T16:10:46","slug":"oksijen","status":"publish","type":"page","link":"https:\/\/chemuza.org\/tr\/oksijen\/","title":{"rendered":"Oksijen"},"content":{"rendered":"<p>Oksijen t\u00fcm canl\u0131lar\u0131n ya\u015fam\u0131 i\u00e7in hayati ve gerekli bir unsurdur, \u00e7\u00fcnk\u00fc aerobik organizmalar onun yard\u0131m\u0131 olmadan nefes alamazlar. Ayr\u0131ca proteinler, karbonhidratlar, n\u00fckleik asitler ve lipitler gibi \u00f6nemli molek\u00fcllerin bir par\u00e7as\u0131d\u0131r. \u00d6zelliklerinin, fonksiyonlar\u0131n\u0131n, \u00f6zelliklerinin ve \u00f6nemlerinin neler oldu\u011funu \u00f6\u011frenin.<\/p>\n<h2> <strong>Oksijen nedir?<\/strong><\/h2>\n<p> Amfijenler veya kalkojenler grubunun bir par\u00e7as\u0131 olan, ayn\u0131 zamanda periyodik tablonun metal olmayan kimyasal serilerinin bir par\u00e7as\u0131 olan gaz halinde bir elementtir. \u00d6zelliklerinden biri de normal haliyle tat, koku ve renk i\u00e7ermemesidir. Ancak D\u00fcnya atmosferinin hacminin %20,9&#8217;unu olu\u015fturur ve hidrojenle birlikte H\u2082O veya su molek\u00fcllerini olu\u015fturur.<\/p>\n<h3> <strong>Oksijen sembol\u00fc<\/strong><\/h3>\n<p> <span class=\"content-chemical-element\" style=\"float: left;width: 65px;height: 65px;border: 3px solid #666; display:flex;\n    justify-content: center;align-items: center;margin-right: 15px;\"><span style=\"font-size: 38px;\">O<\/span><\/span> Eski Yunanca <em>oxys<\/em> , asit ve <em>genos<\/em> , jenerat\u00f6r veya \u00fcretici kelimelerinden t\u00fcreyen O sembol\u00fc ile temsil edilir. Temel olarak ismin anlam\u0131 asit \u00fcreticisi anlam\u0131na gelir, \u00e7\u00fcnk\u00fc t\u00fcm asitlerin bile\u015fimleri i\u00e7in bu elemente ihtiya\u00e7 duydu\u011funa dair yanl\u0131\u015f bir inan\u0131\u015f vard\u0131r.<\/p>\n<h2> <strong>Oksijenin \u00f6zellikleri<\/strong><\/h2>\n<p> A\u00e7\u0131k mavi s\u0131v\u0131 oksijen, normal halinin yan\u0131 s\u0131ra laboratuvarlarda kat\u0131 halde ve mavimsi kristal tonlar\u0131nda da bulunur. \u00d6te yandan elementler aras\u0131nda en iyi oksitleyici ajan olarak g\u00f6rev yapar. Di\u011fer \u00f6zellikler \u015fu \u015fekilde \u00f6zetlenmi\u015ftir:<\/p>\n<ul>\n<li> <strong>Ola\u011fan toplanma durumu<\/strong> : Gaz halinde.<\/li>\n<li> <strong>Manyetizma:<\/strong> Elektronlar\u0131 veya y\u00f6r\u00fcngeleri manyetik alana paralel olarak hizalama e\u011filiminde olan paramanyetik bir elementtir.<\/li>\n<li> <strong>Organoleptik \u00f6zellikler<\/strong> : G\u00f6r\u00fcn\u00fcm olarak renksiz, kokusuz ve tats\u0131zd\u0131r.<\/li>\n<li> <strong>Kimyasal reaksiyonlar<\/strong> : Oksijen molek\u00fcl\u00fc, yanma i\u015flemlerine yol a\u00e7an y\u00fcksek bir reaktiviteye sahiptir.<\/li>\n<li> <strong>Elektrik iletkeni<\/strong> : Is\u0131 ve elektri\u011fi zay\u0131f bir iletkendir.<\/li>\n<li> <strong>\u00c7\u00f6z\u00fcn\u00fcrl\u00fck<\/strong> : Azottan daha iyi \u00e7\u00f6z\u00fcn\u00fcrl\u00fc\u011fe sahiptir.<\/li>\n<li> <strong>Elektronegatiflik<\/strong> : Flordan sonra t\u00fcm elementler aras\u0131nda en iyi elektronegatifli\u011fe sahiptir.<\/li>\n<li> <strong>D\u00f6v\u00fclebilirlik<\/strong> : K\u0131r\u0131lgand\u0131r, yani tabaka olu\u015fturmak i\u00e7in d\u00fczle\u015ftirilemez veya iplik haline gelmek \u00fczere gerilemez.<\/li>\n<li> <strong>Allotropik:<\/strong> Ozon ad\u0131 verilen iki atomlu molek\u00fcllerde (O2 veya dioksijen) ve triatomik molek\u00fcllerde (O3) bulunur.<\/li>\n<\/ul>\n<h2> <strong>Oksijenin kimyasal ve fiziksel \u00f6zellikleri<\/strong><\/h2>\n<ol>\n<li> <strong>Atom numaras\u0131<\/strong> : 8<\/li>\n<li> <strong>Grup<\/strong> : 16<\/li>\n<li> <strong>D\u00f6nem<\/strong> : 2<\/li>\n<li> <strong>Engelle<\/strong> :p<\/li>\n<li> <strong>Atom a\u011f\u0131rl\u0131\u011f\u0131<\/strong> : 15.9994<\/li>\n<li> <strong>Yo\u011funluk<\/strong> : 1.429 kg\/m\u00b3<\/li>\n<li> <strong>Durum<\/strong> : Gaz<\/li>\n<li> <strong>Pas<\/strong> : De\u011fil<\/li>\n<li> <strong>Oksidasyon durumlar\u0131<\/strong> : -2, -1<\/li>\n<li> <strong>Erime noktas\u0131<\/strong> : -223 (\u00b0C)<\/li>\n<li> <strong>Kaynama noktas\u0131<\/strong> : -183 (\u00b0C)<\/li>\n<li> <strong>\u00d6zg\u00fcl \u0131s\u0131<\/strong> : 920 J\/(K-kg)<\/li>\n<li> <strong>Elektronegatiflik<\/strong> : 3.44<\/li>\n<li> <strong>Ortalama yar\u0131\u00e7ap<\/strong> : 60 saat<\/li>\n<li> <strong>Kovalent yar\u0131\u00e7ap<\/strong> : 73h<\/li>\n<li> <strong>Atom yar\u0131\u00e7ap\u0131<\/strong> : 60 saat<\/li>\n<li> <strong>Katman ba\u015f\u0131na elektron say\u0131s\u0131<\/strong> : 2, 6<\/li>\n<li> <strong>Elektronik konfig\u00fcrasyon<\/strong> : [He]2s22p4<\/li>\n<\/ol>\n<h2> <strong>Oksijenin k\u00f6keni<\/strong><\/h2>\n<p> 18. y\u00fczy\u0131l\u0131n sonunda \u0130sve\u00e7li Carl Wilhelm Scheele oksijenin \u00f6zelliklerini inceledi ve onu havan\u0131n ana kahraman\u0131 olarak kabul etti. Ancak sonu\u00e7lar\u0131n\u0131 1777 y\u0131l\u0131na kadar sundu. Bu arada kimyager Joseph Priestley, ara\u015ft\u0131rmas\u0131n\u0131 1774 y\u0131l\u0131nda yay\u0131nlad\u0131 ve bu nedenle ke\u015ffinin yazar\u0131 olarak kabul ediliyor.<\/p>\n<p> Priestley, flojistondan ar\u0131nd\u0131r\u0131lm\u0131\u015f hava ad\u0131n\u0131 verdi\u011fi bir gaz\u0131n sal\u0131nd\u0131\u011f\u0131n\u0131 g\u00f6rene kadar c\u0131va oksidi veya HgO&#8217;yu \u0131s\u0131tt\u0131. Ayr\u0131ca alevin yo\u011funlu\u011funu artt\u0131rd\u0131\u011f\u0131n\u0131 da g\u00f6zlemledi. Daha sonra 1777 y\u0131l\u0131nda Antoine Lavoisier onu kimyasal bir element olarak tan\u0131mlad\u0131 ve ona oksijen ad\u0131n\u0131 verdi.<\/p>\n<h2> <strong>Oksijen ne i\u00e7in kullan\u0131l\u0131r?<\/strong><\/h2>\n<p> T\u0131p alan\u0131nda bu element cerrahi hastalar\u0131 hayatta tutmak i\u00e7in kullan\u0131lmaktad\u0131r. Benzer \u015fekilde, oksijen terapisi akci\u011fer, kalp, amfizem gibi rahats\u0131zl\u0131klar\u0131 olan ki\u015filer i\u00e7in de kullan\u0131l\u0131yor. Ek olarak, genellikle su alt\u0131 ve uzay g\u00f6revlerinde, \u00f6rne\u011fin oksijen tanklar\u0131 i\u00e7eren dalg\u0131\u00e7 k\u0131yafetlerinde, solunum gaz\u0131 olarak kullan\u0131l\u0131r.<\/p>\n<p> Sanayideki di\u011fer bir kullan\u0131m alan\u0131 ise demir ala\u015f\u0131mlar\u0131, etilen oksit, plastik bazlar ve tekstil malzemelerinin \u00fcretimidir. Ayr\u0131ca asetileni yakmak veya yakmak ve metalleri h\u0131zl\u0131 kesen me\u015faleler yapmak i\u00e7in de kullan\u0131l\u0131r.<\/p>\n<h2> <strong>Oksijenin ya\u015fam i\u00e7in \u00f6nemi<\/strong><\/h2>\n<p> Ya\u015famsal bir bile\u015fiktir \u00e7\u00fcnk\u00fc proteinler, amino asitler, \u015fekerler gibi d\u00fcnyadaki ya\u015fam i\u00e7in yararl\u0131 olan temel biyolojik maddeleri i\u00e7erir. Ayn\u0131 \u015fekilde bile\u015fimi, canl\u0131lar\u0131n enerji elde etti\u011fi farkl\u0131 temel metabolizma molek\u00fcllerini i\u00e7erir. \u00d6rne\u011fin bitkilerin, bakterilerin ve di\u011fer bitki organizmalar\u0131n\u0131n fotosentezi.<\/p>\n<h2> <strong>Di\u011fer unsurlarla etkile\u015fim<\/strong><\/h2>\n<p> Soy gazlar hari\u00e7 t\u00fcm kimyasal elementler bu gazla bile\u015fikler olu\u015fturur. Daha fazla oksijen i\u00e7eren ikili bile\u015fiklerin baz\u0131 \u00f6rnekleri H\u2082O, su ve SiO2, silikad\u0131r. Do\u011fada bol miktarda bulunanlar aras\u0131nda silikatlar, mermer, kire\u00e7ta\u015f\u0131, al\u00e7\u0131ta\u015f\u0131, boksit ve demir oksitler de yer al\u0131yor.<\/p>\n<h2> <strong>End\u00fcstriyel oksijen elde edilmesi<\/strong><\/h2>\n<p> \u00dcretim y\u00f6ntemlerinden biri, bunu k\u00fc\u00e7\u00fck \u00f6l\u00e7ekte ba\u015farmak i\u00e7in kullan\u0131lan bir prosed\u00fcr olan zeolit filtrasyonudur. Azotu yakalayan ve y\u00fcksek O i\u00e7erikli hava olu\u015fturan molek\u00fcler eleklerden temiz, kuru hava ak\u0131\u015f\u0131n\u0131n ge\u00e7irilmesini i\u00e7erir.<\/p>\n<p> Bunu \u00fcretmenin ikinci yolu, su molek\u00fcl\u00fc H\u2082O&#8217;yu par\u00e7alayan bir y\u00f6ntem olan suyun elektrolizidir. Bu, anodun gaz halindeki O molek\u00fcllerini bir kaba do\u011fru \u00e7ekmesine neden olan bir elektrik dipol\u00fcn\u00fcn enjekte edilmesiyle ger\u00e7ekle\u015fir. Bu s\u0131rada katot da hidrojenle ayn\u0131 \u015feyi yapar.<\/p>\n<h2> <strong>Oksijen doygunlu\u011fu<\/strong><\/h2>\n<p> Bu, kanda bulunan kimyasal element miktar\u0131d\u0131r. G\u00f6r\u00fcn\u00fc\u015fe g\u00f6re, kalp kan pompalamaya ba\u015flad\u0131\u011f\u0131nda oksijen k\u0131rm\u0131z\u0131 kan h\u00fccrelerine ba\u011flan\u0131yor. Seviyelerin optimal olmas\u0131 h\u00fccrelerin yeterli \u00f6l\u00e7\u00fcm\u00fc almas\u0131n\u0131 sa\u011flar. Sa\u011fl\u0131kl\u0131 ki\u015filerin y\u00fczdesi %95 ila %100 aras\u0131ndad\u0131r, aksi halde hipoksemi s\u00f6z konusudur.<\/p>\n<p> \u00d6zetle bu kimyasal element normal ko\u015fullar alt\u0131nda gaz halindedir. Amfijenler yani metal olmayanlar grubuna dahildir ve 8 numarada yer al\u0131r. Ayr\u0131ca oksitleyici bir maddedir, paramanyetik, kokusuz, tats\u0131z ve renksizdir. M\u00fckemmel elektronegatifli\u011fe, \u00e7\u00f6z\u00fcn\u00fcrl\u00fc\u011fe ve iki allotropa, dioksijen ve ozona sahiptir.<\/p>\n<h2> Oksijen hakk\u0131nda daha fazla bilgi<\/h2>\n","protected":false},"excerpt":{"rendered":"<p>Oksijen t\u00fcm canl\u0131lar\u0131n ya\u015fam\u0131 i\u00e7in hayati ve gerekli bir unsurdur, \u00e7\u00fcnk\u00fc aerobik organizmalar onun yard\u0131m\u0131 olmadan nefes alamazlar. Ayr\u0131ca proteinler, karbonhidratlar, n\u00fckleik asitler ve lipitler gibi \u00f6nemli molek\u00fcllerin bir par\u00e7as\u0131d\u0131r. \u00d6zelliklerinin, fonksiyonlar\u0131n\u0131n, \u00f6zelliklerinin ve \u00f6nemlerinin neler oldu\u011funu \u00f6\u011frenin. Oksijen nedir? Amfijenler veya kalkojenler grubunun bir par\u00e7as\u0131 olan, ayn\u0131 zamanda periyodik tablonun metal olmayan kimyasal serilerinin &#8230; <a title=\"Oksijen\" class=\"read-more\" href=\"https:\/\/chemuza.org\/tr\/oksijen\/\" aria-label=\"More on Oksijen\">Devam\u0131n\u0131 oku<\/a><\/p>\n","protected":false},"author":1,"featured_media":0,"parent":0,"menu_order":0,"comment_status":"closed","ping_status":"closed","template":"","meta":{"footnotes":""},"yoast_head":"<!-- This site is optimized with the Yoast SEO plugin v21.4 - https:\/\/yoast.com\/wordpress\/plugins\/seo\/ -->\n<title>Oksijen - Chemuza<\/title>\n<meta name=\"robots\" content=\"index, follow, max-snippet:-1, max-image-preview:large, max-video-preview:-1\" \/>\n<link rel=\"canonical\" href=\"https:\/\/chemuza.org\/tr\/oksijen\/\" \/>\n<meta property=\"og:locale\" content=\"tr_TR\" \/>\n<meta property=\"og:type\" content=\"article\" \/>\n<meta property=\"og:title\" content=\"Oksijen - Chemuza\" \/>\n<meta property=\"og:description\" content=\"Oksijen t\u00fcm canl\u0131lar\u0131n ya\u015fam\u0131 i\u00e7in hayati ve gerekli bir unsurdur, \u00e7\u00fcnk\u00fc aerobik organizmalar onun yard\u0131m\u0131 olmadan nefes alamazlar. Ayr\u0131ca proteinler, karbonhidratlar, n\u00fckleik asitler ve lipitler gibi \u00f6nemli molek\u00fcllerin bir par\u00e7as\u0131d\u0131r. \u00d6zelliklerinin, fonksiyonlar\u0131n\u0131n, \u00f6zelliklerinin ve \u00f6nemlerinin neler oldu\u011funu \u00f6\u011frenin. Oksijen nedir? Amfijenler veya kalkojenler grubunun bir par\u00e7as\u0131 olan, ayn\u0131 zamanda periyodik tablonun metal olmayan kimyasal serilerinin ... Devam\u0131n\u0131 oku\" \/>\n<meta property=\"og:url\" content=\"https:\/\/chemuza.org\/tr\/oksijen\/\" \/>\n<meta property=\"og:site_name\" content=\"Chemuza\" \/>\n<meta name=\"twitter:card\" content=\"summary_large_image\" \/>\n<meta name=\"twitter:label1\" content=\"Tahmini okuma s\u00fcresi\" \/>\n\t<meta name=\"twitter:data1\" content=\"5 dakika\" \/>\n<script type=\"application\/ld+json\" class=\"yoast-schema-graph\">{\"@context\":\"https:\/\/schema.org\",\"@graph\":[{\"@type\":\"WebPage\",\"@id\":\"https:\/\/chemuza.org\/tr\/oksijen\/\",\"url\":\"https:\/\/chemuza.org\/tr\/oksijen\/\",\"name\":\"Oksijen - Chemuza\",\"isPartOf\":{\"@id\":\"https:\/\/chemuza.org\/tr\/#website\"},\"datePublished\":\"2023-07-15T16:10:46+00:00\",\"dateModified\":\"2023-07-15T16:10:46+00:00\",\"breadcrumb\":{\"@id\":\"https:\/\/chemuza.org\/tr\/oksijen\/#breadcrumb\"},\"inLanguage\":\"tr\",\"potentialAction\":[{\"@type\":\"ReadAction\",\"target\":[\"https:\/\/chemuza.org\/tr\/oksijen\/\"]}]},{\"@type\":\"BreadcrumbList\",\"@id\":\"https:\/\/chemuza.org\/tr\/oksijen\/#breadcrumb\",\"itemListElement\":[{\"@type\":\"ListItem\",\"position\":1,\"name\":\"Ev\",\"item\":\"https:\/\/chemuza.org\/tr\/\"},{\"@type\":\"ListItem\",\"position\":2,\"name\":\"Oksijen\"}]},{\"@type\":\"WebSite\",\"@id\":\"https:\/\/chemuza.org\/tr\/#website\",\"url\":\"https:\/\/chemuza.org\/tr\/\",\"name\":\"Chemuza\",\"description\":\"Kimyasal ke\u015fiflere a\u00e7\u0131lan kap\u0131n\u0131z!\",\"publisher\":{\"@id\":\"https:\/\/chemuza.org\/tr\/#organization\"},\"potentialAction\":[{\"@type\":\"SearchAction\",\"target\":{\"@type\":\"EntryPoint\",\"urlTemplate\":\"https:\/\/chemuza.org\/tr\/?s={search_term_string}\"},\"query-input\":\"required name=search_term_string\"}],\"inLanguage\":\"tr\"},{\"@type\":\"Organization\",\"@id\":\"https:\/\/chemuza.org\/tr\/#organization\",\"name\":\"Chemuza\",\"url\":\"https:\/\/chemuza.org\/tr\/\",\"logo\":{\"@type\":\"ImageObject\",\"inLanguage\":\"tr\",\"@id\":\"https:\/\/chemuza.org\/tr\/#\/schema\/logo\/image\/\",\"url\":\"https:\/\/chemuza.org\/tr\/wp-content\/uploads\/2023\/10\/chemuza-logo.png\",\"contentUrl\":\"https:\/\/chemuza.org\/tr\/wp-content\/uploads\/2023\/10\/chemuza-logo.png\",\"width\":387,\"height\":70,\"caption\":\"Chemuza\"},\"image\":{\"@id\":\"https:\/\/chemuza.org\/tr\/#\/schema\/logo\/image\/\"}}]}<\/script>\n<!-- \/ Yoast SEO plugin. -->","yoast_head_json":{"title":"Oksijen - Chemuza","robots":{"index":"index","follow":"follow","max-snippet":"max-snippet:-1","max-image-preview":"max-image-preview:large","max-video-preview":"max-video-preview:-1"},"canonical":"https:\/\/chemuza.org\/tr\/oksijen\/","og_locale":"tr_TR","og_type":"article","og_title":"Oksijen - Chemuza","og_description":"Oksijen t\u00fcm canl\u0131lar\u0131n ya\u015fam\u0131 i\u00e7in hayati ve gerekli bir unsurdur, \u00e7\u00fcnk\u00fc aerobik organizmalar onun yard\u0131m\u0131 olmadan nefes alamazlar. Ayr\u0131ca proteinler, karbonhidratlar, n\u00fckleik asitler ve lipitler gibi \u00f6nemli molek\u00fcllerin bir par\u00e7as\u0131d\u0131r. \u00d6zelliklerinin, fonksiyonlar\u0131n\u0131n, \u00f6zelliklerinin ve \u00f6nemlerinin neler oldu\u011funu \u00f6\u011frenin. Oksijen nedir? Amfijenler veya kalkojenler grubunun bir par\u00e7as\u0131 olan, ayn\u0131 zamanda periyodik tablonun metal olmayan kimyasal serilerinin ... Devam\u0131n\u0131 oku","og_url":"https:\/\/chemuza.org\/tr\/oksijen\/","og_site_name":"Chemuza","twitter_card":"summary_large_image","twitter_misc":{"Tahmini okuma s\u00fcresi":"5 dakika"},"schema":{"@context":"https:\/\/schema.org","@graph":[{"@type":"WebPage","@id":"https:\/\/chemuza.org\/tr\/oksijen\/","url":"https:\/\/chemuza.org\/tr\/oksijen\/","name":"Oksijen - Chemuza","isPartOf":{"@id":"https:\/\/chemuza.org\/tr\/#website"},"datePublished":"2023-07-15T16:10:46+00:00","dateModified":"2023-07-15T16:10:46+00:00","breadcrumb":{"@id":"https:\/\/chemuza.org\/tr\/oksijen\/#breadcrumb"},"inLanguage":"tr","potentialAction":[{"@type":"ReadAction","target":["https:\/\/chemuza.org\/tr\/oksijen\/"]}]},{"@type":"BreadcrumbList","@id":"https:\/\/chemuza.org\/tr\/oksijen\/#breadcrumb","itemListElement":[{"@type":"ListItem","position":1,"name":"Ev","item":"https:\/\/chemuza.org\/tr\/"},{"@type":"ListItem","position":2,"name":"Oksijen"}]},{"@type":"WebSite","@id":"https:\/\/chemuza.org\/tr\/#website","url":"https:\/\/chemuza.org\/tr\/","name":"Chemuza","description":"Kimyasal ke\u015fiflere a\u00e7\u0131lan kap\u0131n\u0131z!","publisher":{"@id":"https:\/\/chemuza.org\/tr\/#organization"},"potentialAction":[{"@type":"SearchAction","target":{"@type":"EntryPoint","urlTemplate":"https:\/\/chemuza.org\/tr\/?s={search_term_string}"},"query-input":"required name=search_term_string"}],"inLanguage":"tr"},{"@type":"Organization","@id":"https:\/\/chemuza.org\/tr\/#organization","name":"Chemuza","url":"https:\/\/chemuza.org\/tr\/","logo":{"@type":"ImageObject","inLanguage":"tr","@id":"https:\/\/chemuza.org\/tr\/#\/schema\/logo\/image\/","url":"https:\/\/chemuza.org\/tr\/wp-content\/uploads\/2023\/10\/chemuza-logo.png","contentUrl":"https:\/\/chemuza.org\/tr\/wp-content\/uploads\/2023\/10\/chemuza-logo.png","width":387,"height":70,"caption":"Chemuza"},"image":{"@id":"https:\/\/chemuza.org\/tr\/#\/schema\/logo\/image\/"}}]}},"yoast_meta":{"yoast_wpseo_title":"","yoast_wpseo_metadesc":"","yoast_wpseo_canonical":""},"_links":{"self":[{"href":"https:\/\/chemuza.org\/tr\/wp-json\/wp\/v2\/pages\/1431"}],"collection":[{"href":"https:\/\/chemuza.org\/tr\/wp-json\/wp\/v2\/pages"}],"about":[{"href":"https:\/\/chemuza.org\/tr\/wp-json\/wp\/v2\/types\/page"}],"author":[{"embeddable":true,"href":"https:\/\/chemuza.org\/tr\/wp-json\/wp\/v2\/users\/1"}],"replies":[{"embeddable":true,"href":"https:\/\/chemuza.org\/tr\/wp-json\/wp\/v2\/comments?post=1431"}],"version-history":[{"count":0,"href":"https:\/\/chemuza.org\/tr\/wp-json\/wp\/v2\/pages\/1431\/revisions"}],"wp:attachment":[{"href":"https:\/\/chemuza.org\/tr\/wp-json\/wp\/v2\/media?parent=1431"}],"curies":[{"name":"wp","href":"https:\/\/api.w.org\/{rel}","templated":true}]}}