{"id":1425,"date":"2023-09-02T04:37:40","date_gmt":"2023-09-02T04:37:40","guid":{"rendered":"https:\/\/chemuza.org\/tr\/hakkinda\/"},"modified":"2023-09-02T04:37:40","modified_gmt":"2023-09-02T04:37:40","slug":"hakkinda","status":"publish","type":"page","link":"https:\/\/chemuza.org\/tr\/hakkinda\/","title":{"rendered":"Hakk\u0131nda"},"content":{"rendered":"<p>Chemuza&#8217;da element d\u00fcnyas\u0131ndaki maceralar ba\u015fl\u0131yor!<\/p>\n<p> Kimyan\u0131n b\u00fcy\u00fcleyici d\u00fcnyas\u0131n\u0131n derin bir \u015fekilde anla\u015f\u0131lmas\u0131n\u0131 ve takdir edilmesini te\u015fvik etme konusunda tutkuluyuz. E\u011fitim blogumuz, okuyucular\u0131n bu bilimsel disiplinin harikalar\u0131n\u0131 ke\u015ffetmelerine ve \u00e7evrelerindeki d\u00fcnyayla anlaml\u0131 ba\u011flant\u0131lar kurmalar\u0131na olanak tan\u0131yan zenginle\u015ftirici i\u00e7erik sa\u011flamaya adanm\u0131\u015ft\u0131r.<\/p>\n<h3> Biz Kimiz<\/h3>\n<p> Biz kimyagerlerden, e\u011fitimcilerden ve bilim tutkunlar\u0131ndan olu\u015fan, ortak bir hedef do\u011frultusunda hareket eden bir ekibiz: Kimyay\u0131 her ya\u015ftan \u00f6\u011frenci i\u00e7in eri\u015filebilir, e\u011flenceli ve alakal\u0131 k\u0131lmak. Farkl\u0131 ge\u00e7mi\u015flerimiz, karma\u015f\u0131k kavramlara netlik ve yarat\u0131c\u0131l\u0131kla yakla\u015fmam\u0131za olanak tan\u0131yarak \u00f6\u011frenme yolculu\u011funun hem ilgi \u00e7ekici hem de zenginle\u015ftirici olmas\u0131n\u0131 sa\u011flar.<\/p>\n<h3> G\u00f6revimiz<\/h3>\n<p> Misyonumuz basit ama derin: merak k\u0131v\u0131lc\u0131m\u0131n\u0131 ate\u015flemek ve \u00f6m\u00fcr boyu s\u00fcrecek kimya \u00f6\u011frenme sevgisine ilham vermek. Bilginin g\u00fc\u00e7l\u00fc bir ara\u00e7 oldu\u011funa inan\u0131yoruz ve kimyada sa\u011flam bir temel sa\u011flayarak okuyucular\u0131m\u0131z\u0131 s\u00fcrekli de\u011fi\u015fen d\u00fcnyada y\u00f6n bulmalar\u0131n\u0131 sa\u011flayacak beceriler ve zihniyetle donatmay\u0131 hedefliyoruz.<\/p>\n<h3> Teklifimiz<\/h3>\n<p> Titizlikle tasarlanm\u0131\u015f makalelerimiz, ilgi \u00e7ekici infografiklerimiz, ilgi \u00e7ekici videolar\u0131m\u0131z ve etkile\u015fimli s\u0131navlar\u0131m\u0131z arac\u0131l\u0131\u011f\u0131yla kimyan\u0131n ara\u015ft\u0131r\u0131lmas\u0131n\u0131n \u00f6n\u00fcndeki engelleri y\u0131kmay\u0131 ama\u00e7l\u0131yoruz. \u0130ster s\u0131navlar\u0131n\u0131zda ba\u015far\u0131l\u0131 olmaya \u00e7al\u0131\u015fan bir \u00f6\u011frenci olun, ister konunun yap\u0131 ta\u015flar\u0131n\u0131 ke\u015ffetmeye hevesli merakl\u0131 bir zihin olun, Chemuza tek adresinizdir.<\/p>\n<h3> \u0130\u00e7eri\u011fimiz<\/h3>\n<p> Atom ve molek\u00fcllerin temellerinden organik kimyan\u0131n karma\u015f\u0131kl\u0131klar\u0131na ve \u00f6tesine kadar, farkl\u0131 uzmanl\u0131k seviyelerindeki \u00f6\u011frencilere uygun \u00e7ok \u00e7e\u015fitli konular\u0131 ele al\u0131yoruz. \u0130\u00e7eri\u011fimiz \u00f6\u011frencilerin, e\u011fitimcilerin ve merakl\u0131lar\u0131n ihtiya\u00e7lar\u0131n\u0131 kar\u015f\u0131lamak \u00fczere tasarlanm\u0131\u015f olup, bilgileri a\u00e7\u0131k, k\u0131sa ve anla\u015f\u0131l\u0131r bir \u015fekilde sunmaktad\u0131r.<\/p>\n<h3> Neden Chemuza&#8217;y\u0131 se\u00e7melisiniz?<\/h3>\n<p> Di\u011fer e\u011fitim platformlar\u0131 aras\u0131nda kafan\u0131z kar\u0131\u015ft\u0131ysa i\u015fte neden Chemuza&#8217;y\u0131 se\u00e7melisiniz:<\/p>\n<ul>\n<li> <strong>G\u00fcvenilir Bilgiler<\/strong> \u0130\u00e7eri\u011fimiz titizlikle ara\u015ft\u0131r\u0131l\u0131p do\u011frulanm\u0131\u015ft\u0131r; do\u011fruluk ve g\u00fcvenilirlik sa\u011flan\u0131r.<\/li>\n<li> <strong>\u0130lgi \u00c7ekici \u00d6\u011frenme Deneyimi<\/strong> \u00d6\u011frenmenin e\u011flenceli ve etkile\u015fimli olmas\u0131 gerekti\u011fine inan\u0131yoruz. Multimedya yakla\u015f\u0131m\u0131m\u0131z okuyucular\u0131 kimya d\u00fcnyas\u0131n\u0131n derinliklerine dalmaya ba\u011fl\u0131 ve heyecanland\u0131r\u0131yor.<\/li>\n<li> <strong>Ki\u015fiselle\u015ftirilmi\u015f Destek<\/strong> Chemuza&#8217;da okuyucular\u0131m\u0131za ve onlar\u0131n \u00f6\u011frenme yolculuklar\u0131na de\u011fer veriyoruz. Sorular\u0131n memnuniyetle kar\u015f\u0131land\u0131\u011f\u0131 ve bilginin payla\u015f\u0131ld\u0131\u011f\u0131 a\u00e7\u0131k ve destekleyici bir platformu te\u015fvik ediyoruz.<\/li>\n<li> <strong>\u00dccretsiz Platform<\/strong> Her \u015feyden \u00f6nce Chemuza, co\u011frafi konumlar\u0131na bak\u0131lmaks\u0131z\u0131n \u00f6\u011frenciler ve her t\u00fcrden okuyucumuz i\u00e7in \u00fccretsizdir ve her zaman \u00fccretsiz olacakt\u0131r.<\/li>\n<\/ul>\n<p> Sizi kimyan\u0131n b\u00fcy\u00fcleyici alanlar\u0131ndaki bu bilgilendirici yolculukta bize kat\u0131lmaya davet ediyoruz. \u0130ster \u00f6\u011frenci, ister \u00f6\u011fretmen olun, ister sadece maddenin gizemlerini merak ediyor olun, Chemistry Connects merak ve anlay\u0131\u015f aras\u0131ndaki bo\u015flu\u011fu kapatmak i\u00e7in burada.<\/p>\n<p> Birlikte kimyan\u0131n d\u00fcnyam\u0131z\u0131 \u015fekillendirmedeki b\u00fcy\u00fcs\u00fcn\u00fc ve \u00f6nemini ke\u015ffedelim!<\/p>\n","protected":false},"excerpt":{"rendered":"<p>Chemuza&#8217;da element d\u00fcnyas\u0131ndaki maceralar ba\u015fl\u0131yor! Kimyan\u0131n b\u00fcy\u00fcleyici d\u00fcnyas\u0131n\u0131n derin bir \u015fekilde anla\u015f\u0131lmas\u0131n\u0131 ve takdir edilmesini te\u015fvik etme konusunda tutkuluyuz. E\u011fitim blogumuz, okuyucular\u0131n bu bilimsel disiplinin harikalar\u0131n\u0131 ke\u015ffetmelerine ve \u00e7evrelerindeki d\u00fcnyayla anlaml\u0131 ba\u011flant\u0131lar kurmalar\u0131na olanak tan\u0131yan zenginle\u015ftirici i\u00e7erik sa\u011flamaya adanm\u0131\u015ft\u0131r. Biz Kimiz Biz kimyagerlerden, e\u011fitimcilerden ve bilim tutkunlar\u0131ndan olu\u015fan, ortak bir hedef do\u011frultusunda hareket eden bir &#8230; <a title=\"Hakk\u0131nda\" class=\"read-more\" href=\"https:\/\/chemuza.org\/tr\/hakkinda\/\" aria-label=\"More on Hakk\u0131nda\">Devam\u0131n\u0131 oku<\/a><\/p>\n","protected":false},"author":1,"featured_media":0,"parent":0,"menu_order":0,"comment_status":"closed","ping_status":"closed","template":"","meta":{"footnotes":""},"yoast_head":"<!-- This site is optimized with the Yoast SEO plugin v21.4 - https:\/\/yoast.com\/wordpress\/plugins\/seo\/ -->\n<title>Hakk\u0131nda - Chemuza<\/title>\n<meta name=\"description\" content=\"Chemuza, okuyucular\u0131n bu bilimsel disiplinin harikalar\u0131n\u0131 ke\u015ffetmesine olanak tan\u0131yan zenginle\u015ftirici i\u00e7erik sa\u011flamaya kendini adam\u0131\u015ft\u0131r.\" \/>\n<meta name=\"robots\" content=\"index, follow, max-snippet:-1, max-image-preview:large, max-video-preview:-1\" \/>\n<link rel=\"canonical\" href=\"https:\/\/chemuza.org\/tr\/hakkinda\/\" \/>\n<meta property=\"og:locale\" content=\"tr_TR\" \/>\n<meta property=\"og:type\" content=\"article\" \/>\n<meta property=\"og:title\" content=\"Hakk\u0131nda - Chemuza\" \/>\n<meta property=\"og:description\" content=\"Chemuza, okuyucular\u0131n bu bilimsel disiplinin harikalar\u0131n\u0131 ke\u015ffetmesine olanak tan\u0131yan zenginle\u015ftirici i\u00e7erik sa\u011flamaya kendini adam\u0131\u015ft\u0131r.\" \/>\n<meta property=\"og:url\" content=\"https:\/\/chemuza.org\/tr\/hakkinda\/\" \/>\n<meta property=\"og:site_name\" content=\"Chemuza\" \/>\n<meta name=\"twitter:card\" content=\"summary_large_image\" \/>\n<meta name=\"twitter:label1\" content=\"Tahmini okuma s\u00fcresi\" \/>\n\t<meta name=\"twitter:data1\" content=\"3 dakika\" \/>\n<script type=\"application\/ld+json\" class=\"yoast-schema-graph\">{\"@context\":\"https:\/\/schema.org\",\"@graph\":[{\"@type\":\"WebPage\",\"@id\":\"https:\/\/chemuza.org\/tr\/hakkinda\/\",\"url\":\"https:\/\/chemuza.org\/tr\/hakkinda\/\",\"name\":\"Hakk\u0131nda - Chemuza\",\"isPartOf\":{\"@id\":\"https:\/\/chemuza.org\/tr\/#website\"},\"datePublished\":\"2023-09-02T04:37:40+00:00\",\"dateModified\":\"2023-09-02T04:37:40+00:00\",\"description\":\"Chemuza, okuyucular\u0131n bu bilimsel disiplinin harikalar\u0131n\u0131 ke\u015ffetmesine olanak tan\u0131yan zenginle\u015ftirici i\u00e7erik sa\u011flamaya kendini adam\u0131\u015ft\u0131r.\",\"breadcrumb\":{\"@id\":\"https:\/\/chemuza.org\/tr\/hakkinda\/#breadcrumb\"},\"inLanguage\":\"tr\",\"potentialAction\":[{\"@type\":\"ReadAction\",\"target\":[\"https:\/\/chemuza.org\/tr\/hakkinda\/\"]}]},{\"@type\":\"BreadcrumbList\",\"@id\":\"https:\/\/chemuza.org\/tr\/hakkinda\/#breadcrumb\",\"itemListElement\":[{\"@type\":\"ListItem\",\"position\":1,\"name\":\"Ev\",\"item\":\"https:\/\/chemuza.org\/tr\/\"},{\"@type\":\"ListItem\",\"position\":2,\"name\":\"Hakk\u0131nda\"}]},{\"@type\":\"WebSite\",\"@id\":\"https:\/\/chemuza.org\/tr\/#website\",\"url\":\"https:\/\/chemuza.org\/tr\/\",\"name\":\"Chemuza\",\"description\":\"Kimyasal ke\u015fiflere a\u00e7\u0131lan kap\u0131n\u0131z!\",\"publisher\":{\"@id\":\"https:\/\/chemuza.org\/tr\/#organization\"},\"potentialAction\":[{\"@type\":\"SearchAction\",\"target\":{\"@type\":\"EntryPoint\",\"urlTemplate\":\"https:\/\/chemuza.org\/tr\/?s={search_term_string}\"},\"query-input\":\"required name=search_term_string\"}],\"inLanguage\":\"tr\"},{\"@type\":\"Organization\",\"@id\":\"https:\/\/chemuza.org\/tr\/#organization\",\"name\":\"Chemuza\",\"url\":\"https:\/\/chemuza.org\/tr\/\",\"logo\":{\"@type\":\"ImageObject\",\"inLanguage\":\"tr\",\"@id\":\"https:\/\/chemuza.org\/tr\/#\/schema\/logo\/image\/\",\"url\":\"https:\/\/chemuza.org\/tr\/wp-content\/uploads\/2023\/10\/chemuza-logo.png\",\"contentUrl\":\"https:\/\/chemuza.org\/tr\/wp-content\/uploads\/2023\/10\/chemuza-logo.png\",\"width\":387,\"height\":70,\"caption\":\"Chemuza\"},\"image\":{\"@id\":\"https:\/\/chemuza.org\/tr\/#\/schema\/logo\/image\/\"}}]}<\/script>\n<!-- \/ Yoast SEO plugin. -->","yoast_head_json":{"title":"Hakk\u0131nda - Chemuza","description":"Chemuza, okuyucular\u0131n bu bilimsel disiplinin harikalar\u0131n\u0131 ke\u015ffetmesine olanak tan\u0131yan zenginle\u015ftirici i\u00e7erik sa\u011flamaya kendini adam\u0131\u015ft\u0131r.","robots":{"index":"index","follow":"follow","max-snippet":"max-snippet:-1","max-image-preview":"max-image-preview:large","max-video-preview":"max-video-preview:-1"},"canonical":"https:\/\/chemuza.org\/tr\/hakkinda\/","og_locale":"tr_TR","og_type":"article","og_title":"Hakk\u0131nda - Chemuza","og_description":"Chemuza, okuyucular\u0131n bu bilimsel disiplinin harikalar\u0131n\u0131 ke\u015ffetmesine olanak tan\u0131yan zenginle\u015ftirici i\u00e7erik sa\u011flamaya kendini adam\u0131\u015ft\u0131r.","og_url":"https:\/\/chemuza.org\/tr\/hakkinda\/","og_site_name":"Chemuza","twitter_card":"summary_large_image","twitter_misc":{"Tahmini okuma s\u00fcresi":"3 dakika"},"schema":{"@context":"https:\/\/schema.org","@graph":[{"@type":"WebPage","@id":"https:\/\/chemuza.org\/tr\/hakkinda\/","url":"https:\/\/chemuza.org\/tr\/hakkinda\/","name":"Hakk\u0131nda - Chemuza","isPartOf":{"@id":"https:\/\/chemuza.org\/tr\/#website"},"datePublished":"2023-09-02T04:37:40+00:00","dateModified":"2023-09-02T04:37:40+00:00","description":"Chemuza, okuyucular\u0131n bu bilimsel disiplinin harikalar\u0131n\u0131 ke\u015ffetmesine olanak tan\u0131yan zenginle\u015ftirici i\u00e7erik sa\u011flamaya kendini adam\u0131\u015ft\u0131r.","breadcrumb":{"@id":"https:\/\/chemuza.org\/tr\/hakkinda\/#breadcrumb"},"inLanguage":"tr","potentialAction":[{"@type":"ReadAction","target":["https:\/\/chemuza.org\/tr\/hakkinda\/"]}]},{"@type":"BreadcrumbList","@id":"https:\/\/chemuza.org\/tr\/hakkinda\/#breadcrumb","itemListElement":[{"@type":"ListItem","position":1,"name":"Ev","item":"https:\/\/chemuza.org\/tr\/"},{"@type":"ListItem","position":2,"name":"Hakk\u0131nda"}]},{"@type":"WebSite","@id":"https:\/\/chemuza.org\/tr\/#website","url":"https:\/\/chemuza.org\/tr\/","name":"Chemuza","description":"Kimyasal ke\u015fiflere a\u00e7\u0131lan kap\u0131n\u0131z!","publisher":{"@id":"https:\/\/chemuza.org\/tr\/#organization"},"potentialAction":[{"@type":"SearchAction","target":{"@type":"EntryPoint","urlTemplate":"https:\/\/chemuza.org\/tr\/?s={search_term_string}"},"query-input":"required name=search_term_string"}],"inLanguage":"tr"},{"@type":"Organization","@id":"https:\/\/chemuza.org\/tr\/#organization","name":"Chemuza","url":"https:\/\/chemuza.org\/tr\/","logo":{"@type":"ImageObject","inLanguage":"tr","@id":"https:\/\/chemuza.org\/tr\/#\/schema\/logo\/image\/","url":"https:\/\/chemuza.org\/tr\/wp-content\/uploads\/2023\/10\/chemuza-logo.png","contentUrl":"https:\/\/chemuza.org\/tr\/wp-content\/uploads\/2023\/10\/chemuza-logo.png","width":387,"height":70,"caption":"Chemuza"},"image":{"@id":"https:\/\/chemuza.org\/tr\/#\/schema\/logo\/image\/"}}]}},"yoast_meta":{"yoast_wpseo_title":"","yoast_wpseo_metadesc":"","yoast_wpseo_canonical":""},"_links":{"self":[{"href":"https:\/\/chemuza.org\/tr\/wp-json\/wp\/v2\/pages\/1425"}],"collection":[{"href":"https:\/\/chemuza.org\/tr\/wp-json\/wp\/v2\/pages"}],"about":[{"href":"https:\/\/chemuza.org\/tr\/wp-json\/wp\/v2\/types\/page"}],"author":[{"embeddable":true,"href":"https:\/\/chemuza.org\/tr\/wp-json\/wp\/v2\/users\/1"}],"replies":[{"embeddable":true,"href":"https:\/\/chemuza.org\/tr\/wp-json\/wp\/v2\/comments?post=1425"}],"version-history":[{"count":0,"href":"https:\/\/chemuza.org\/tr\/wp-json\/wp\/v2\/pages\/1425\/revisions"}],"wp:attachment":[{"href":"https:\/\/chemuza.org\/tr\/wp-json\/wp\/v2\/media?parent=1425"}],"curies":[{"name":"wp","href":"https:\/\/api.w.org\/{rel}","templated":true}]}}