{"id":1424,"date":"2023-09-02T04:43:49","date_gmt":"2023-09-02T04:43:49","guid":{"rendered":"https:\/\/chemuza.org\/tr\/yasal-uyari\/"},"modified":"2023-10-27T07:05:18","modified_gmt":"2023-10-27T07:05:18","slug":"yasal-uyari","status":"publish","type":"page","link":"https:\/\/chemuza.org\/tr\/yasal-uyari\/","title":{"rendered":"Yasal uyar\u0131"},"content":{"rendered":"<p>Bu site merakl\u0131lar taraf\u0131ndan yay\u0131nlanan bir \u00e7evrimi\u00e7i ileti\u015fim hizmetidir ve herhangi bir \u015firket veya \u015firkete ba\u011fl\u0131 de\u011fildir.<\/p>\n<p>Chemuza.org&#8217;un amac\u0131, okuyucular\u0131n bu bilimsel disiplinin harikalar\u0131n\u0131 ke\u015ffetmesine olanak tan\u0131yan yaz\u0131l\u0131 makaleler, ilgi \u00e7ekici infografikler, ilgi \u00e7ekici videolar ve etkile\u015fimli testler arac\u0131l\u0131\u011f\u0131yla zenginle\u015ftirici i\u00e7erik sa\u011flamakt\u0131r.<\/p>\n<h2>Gizlilik Politikas\u0131<\/h2>\n<p>Chemuza.org&#8217;da ziyaret\u00e7ilerimizin gizlili\u011fi bizim i\u00e7in son derece \u00f6nemlidir. Bu gizlilik politikas\u0131 belgesi, alan ad\u0131 taraf\u0131ndan al\u0131nan ve toplanan ki\u015fisel bilgi t\u00fcrlerini ve bunlar\u0131n kullan\u0131m\u0131n\u0131 a\u00e7\u0131klamaktad\u0131r.<br \/>\nVeri toplama<\/p>\n<h3>1. Yorumlar<\/h3>\n<p>Toplad\u0131\u011f\u0131m\u0131z bilgiler, kullan\u0131c\u0131n\u0131n sitede nas\u0131l yorum yapt\u0131\u011f\u0131na ba\u011fl\u0131d\u0131r, ancak genellikle yorum yapan\u0131n IP adresini, kullan\u0131c\u0131 arac\u0131s\u0131n\u0131, y\u00f6nlendireni ve site URL&#8217;sini (ayr\u0131ca ad\u0131, kullan\u0131c\u0131 ad\u0131, e-posta adresi gibi yorumcu taraf\u0131ndan do\u011frudan sa\u011flanan di\u011fer bilgileri) i\u00e7erir. ). ve yorumun kendisi).<\/p>\n<h3>2. \u0130leti\u015fim formu<\/h3>\n<p>Bizimle ileti\u015fime ge\u00e7erseniz, sorunuza yan\u0131t vermek i\u00e7in ad\u0131n\u0131z\u0131 ve e-posta adresinizi kullanaca\u011f\u0131z ve bu bilgileri hi\u00e7bir \u00fc\u00e7\u00fcnc\u00fc tarafla payla\u015fmayaca\u011f\u0131z.<\/p>\n<h3>3. \u00c7erezler ve web i\u015faret\u00e7ileri<\/h3>\n<p>Site, ziyaret\u00e7ilerin tercihleri hakk\u0131nda bilgi depolamak, hangi sayfalara eri\u015ftikleri veya ziyaret ettikleri hakk\u0131nda kullan\u0131c\u0131ya \u00f6zel bilgileri kaydetmek, web sayfas\u0131 i\u00e7eri\u011fini ziyaret\u00e7inin taray\u0131c\u0131 t\u00fcr\u00fcne veya ziyaret\u00e7inin taray\u0131c\u0131s\u0131na g\u00f6nderdi\u011fi di\u011fer bilgilere g\u00f6re ki\u015fiselle\u015ftirmek i\u00e7in \u00e7erezleri kullan\u0131r.<\/p>\n<p>\u00c7erezler, i\u00e7eri\u011fi ve reklamlar\u0131 ki\u015fiselle\u015ftirmemize, sosyal medya \u00f6zellikleri sunmam\u0131za ve trafi\u011fimizi analiz etmemize olanak tan\u0131r. Ayr\u0131ca sitemizi kullan\u0131m\u0131n\u0131za ili\u015fkin bilgileri, sosyal medya, reklam ve analiz ortaklar\u0131m\u0131zla payla\u015f\u0131yoruz; bu ortaklar, bu bilgileri sizin onlara sa\u011flad\u0131\u011f\u0131n\u0131z veya hizmetlerini kullanman\u0131z sonucunda toplad\u0131klar\u0131 di\u011fer bilgilerle birle\u015ftirebilirler.<\/p>\n<h3>4. Analiz<\/h3>\n<p>Bu web sitesi, Google Inc. taraf\u0131ndan sa\u011flanan bir web analiz hizmeti olan Google Analytics&#8217;i kullan\u0131r. Web sitesini kullan\u0131m\u0131n\u0131z\u0131n analizini sa\u011flayan, bilgisayar\u0131n\u0131zda depolanan &#8220;\u00e7erezleri&#8221;, yani metin dosyalar\u0131n\u0131 kullan\u0131r. Bu web sitesini kullan\u0131m\u0131n\u0131z hakk\u0131nda \u00e7erez taraf\u0131ndan olu\u015fturulan bilgiler normalde Amerika Birle\u015fik Devletleri&#8217;ndeki bir Google sunucusuna iletilir ve orada saklan\u0131r.<\/p>\n<p>Bununla birlikte, bu sitede IP anonimle\u015ftirmenin etkinle\u015ftirilmesi durumunda, IP adresiniz, Avrupa Ekonomik Alan\u0131 anla\u015fmas\u0131na taraf olan herhangi bir Devlette Google taraf\u0131ndan \u00f6nceden kesilecektir.<\/p>\n<p>Taray\u0131c\u0131 yaz\u0131l\u0131m\u0131n\u0131z\u0131 bu amaca g\u00f6re yap\u0131land\u0131rarak \u00e7erezlerin saklanmas\u0131n\u0131 engelleyebilirsiniz. Ancak bu durumda bu web sitesinin t\u00fcm i\u015flevlerini tam olarak kullanamayabilece\u011finizi l\u00fctfen unutmay\u0131n.<\/p>\n<h2>Veri kullan\u0131m\u0131<\/h2>\n<p>Site, toplanan verileri \u00e7e\u015fitli ama\u00e7larla kullan\u0131r:<\/p>\n<ul>\n<li>Hizmetin sa\u011flanmas\u0131 ve s\u00fcrd\u00fcr\u00fclmesi<\/li>\n<li>Hizmetimizdeki de\u011fi\u015fiklikleri size bildirmek i\u00e7in<\/li>\n<li>Tercih etti\u011finizde Hizmetimizin etkile\u015fimli \u00f6zelliklerine kat\u0131lman\u0131z\u0131 sa\u011flamak i\u00e7in<\/li>\n<li>M\u00fc\u015fterilere yard\u0131m ve destek sa\u011flamak<\/li>\n<li>Hizmeti geli\u015ftirmek i\u00e7in analiz veya faydal\u0131 bilgiler sa\u011flay\u0131n<\/li>\n<li>Hizmet kullan\u0131m\u0131n\u0131 izleyin<\/li>\n<li>Teknik sorunlar\u0131 tespit edin, \u00f6nleyin ve giderin<\/li>\n<\/ul>\n<h3>Veri aktar\u0131m\u0131<\/h3>\n<p>Ki\u015fisel verileriniz de dahil olmak \u00fczere bilgileriniz, veri koruma yasalar\u0131n\u0131n sizin yarg\u0131 alan\u0131n\u0131zdakilerden farkl\u0131 olabilece\u011fi eyaletinizin, ilinizin, \u00fclkenizin veya di\u011fer resmi yarg\u0131 yetkisinin d\u0131\u015f\u0131nda bulunan bilgisayarlara aktar\u0131labilir ve bu bilgisayarlarda saklanabilir.<\/p>\n<p>Bu Gizlilik Politikas\u0131na onay vermeniz ve ard\u0131ndan bu t\u00fcr bilgileri g\u00f6ndermeniz, bu aktar\u0131ma ili\u015fkin s\u00f6zle\u015fmenizi temsil eder.<\/p>\n<h3>Veri g\u00fcvenli\u011fi<\/h3>\n<p>Bilgilerinizin g\u00fcvenli\u011fi bizim i\u00e7in \u00f6nemlidir ancak \u0130nternet \u00fczerinden hi\u00e7bir iletim y\u00f6nteminin veya elektronik depolama y\u00f6nteminin %100 g\u00fcvenli olmad\u0131\u011f\u0131n\u0131 unutmay\u0131n. Ki\u015fisel bilgilerinizi korumak i\u00e7in ticari olarak kabul edilebilir ara\u00e7lar\u0131 kullanmaya \u00e7al\u0131\u015fsak da, mutlak g\u00fcvenli\u011fini garanti edemeyiz.<\/p>\n<h2>Yay\u0131nc\u0131yla ileti\u015fime ge\u00e7in<\/h2>\n<p>Herhangi bir yorum veya talebiniz i\u00e7in edit\u00f6rle ileti\u015fime ge\u00e7mek isterseniz sorular\u0131n\u0131z\u0131 buradan g\u00f6nderebilirsiniz: <a href=\"https:\/\/chemuza.org\/tr\/temas-etmek\/\">Edit\u00f6rle ileti\u015fime ge\u00e7in<\/a><\/p>\n","protected":false},"excerpt":{"rendered":"<p>Bu site merakl\u0131lar taraf\u0131ndan yay\u0131nlanan bir \u00e7evrimi\u00e7i ileti\u015fim hizmetidir ve herhangi bir \u015firket veya \u015firkete ba\u011fl\u0131 de\u011fildir. Chemuza.org&#8217;un amac\u0131, okuyucular\u0131n bu bilimsel disiplinin harikalar\u0131n\u0131 ke\u015ffetmesine olanak tan\u0131yan yaz\u0131l\u0131 makaleler, ilgi \u00e7ekici infografikler, ilgi \u00e7ekici videolar ve etkile\u015fimli testler arac\u0131l\u0131\u011f\u0131yla zenginle\u015ftirici i\u00e7erik sa\u011flamakt\u0131r. Gizlilik Politikas\u0131 Chemuza.org&#8217;da ziyaret\u00e7ilerimizin gizlili\u011fi bizim i\u00e7in son derece \u00f6nemlidir. Bu gizlilik politikas\u0131 &#8230; <a title=\"Yasal uyar\u0131\" class=\"read-more\" href=\"https:\/\/chemuza.org\/tr\/yasal-uyari\/\" aria-label=\"More on Yasal uyar\u0131\">Devam\u0131n\u0131 oku<\/a><\/p>\n","protected":false},"author":1,"featured_media":0,"parent":0,"menu_order":0,"comment_status":"closed","ping_status":"closed","template":"","meta":{"footnotes":""},"yoast_head":"<!-- This site is optimized with the Yoast SEO plugin v21.4 - https:\/\/yoast.com\/wordpress\/plugins\/seo\/ -->\n<title>Yasal Uyar\u0131lar - Chemuza<\/title>\n<meta name=\"description\" content=\"Chemuza.org&#039;un amac\u0131 yaz\u0131l\u0131 makaleler, ilgi \u00e7ekici infografikler ve videolar arac\u0131l\u0131\u011f\u0131yla zenginle\u015ftirici i\u00e7erik sunmakt\u0131r.\" \/>\n<meta name=\"robots\" content=\"noindex, nofollow\" \/>\n<meta property=\"og:locale\" content=\"tr_TR\" \/>\n<meta property=\"og:type\" content=\"article\" \/>\n<meta property=\"og:title\" content=\"Yasal Uyar\u0131lar - Chemuza\" \/>\n<meta property=\"og:description\" content=\"Chemuza.org&#039;un amac\u0131 yaz\u0131l\u0131 makaleler, ilgi \u00e7ekici infografikler ve videolar arac\u0131l\u0131\u011f\u0131yla zenginle\u015ftirici i\u00e7erik sunmakt\u0131r.\" \/>\n<meta property=\"og:url\" content=\"https:\/\/chemuza.org\/tr\/yasal-uyari\/\" \/>\n<meta property=\"og:site_name\" content=\"Chemuza\" \/>\n<meta property=\"article:modified_time\" content=\"2023-10-27T07:05:18+00:00\" \/>\n<meta name=\"twitter:card\" content=\"summary_large_image\" \/>\n<meta name=\"twitter:label1\" content=\"Tahmini okuma s\u00fcresi\" \/>\n\t<meta name=\"twitter:data1\" content=\"3 dakika\" \/>\n<script type=\"application\/ld+json\" class=\"yoast-schema-graph\">{\"@context\":\"https:\/\/schema.org\",\"@graph\":[{\"@type\":\"WebPage\",\"@id\":\"https:\/\/chemuza.org\/tr\/yasal-uyari\/\",\"url\":\"https:\/\/chemuza.org\/tr\/yasal-uyari\/\",\"name\":\"Yasal Uyar\u0131lar - Chemuza\",\"isPartOf\":{\"@id\":\"https:\/\/chemuza.org\/tr\/#website\"},\"datePublished\":\"2023-09-02T04:43:49+00:00\",\"dateModified\":\"2023-10-27T07:05:18+00:00\",\"description\":\"Chemuza.org'un amac\u0131 yaz\u0131l\u0131 makaleler, ilgi \u00e7ekici infografikler ve videolar arac\u0131l\u0131\u011f\u0131yla zenginle\u015ftirici i\u00e7erik sunmakt\u0131r.\",\"breadcrumb\":{\"@id\":\"https:\/\/chemuza.org\/tr\/yasal-uyari\/#breadcrumb\"},\"inLanguage\":\"tr\",\"potentialAction\":[{\"@type\":\"ReadAction\",\"target\":[\"https:\/\/chemuza.org\/tr\/yasal-uyari\/\"]}]},{\"@type\":\"BreadcrumbList\",\"@id\":\"https:\/\/chemuza.org\/tr\/yasal-uyari\/#breadcrumb\",\"itemListElement\":[{\"@type\":\"ListItem\",\"position\":1,\"name\":\"Ev\",\"item\":\"https:\/\/chemuza.org\/tr\/\"},{\"@type\":\"ListItem\",\"position\":2,\"name\":\"Yasal uyar\u0131\"}]},{\"@type\":\"WebSite\",\"@id\":\"https:\/\/chemuza.org\/tr\/#website\",\"url\":\"https:\/\/chemuza.org\/tr\/\",\"name\":\"Chemuza\",\"description\":\"Kimyasal ke\u015fiflere a\u00e7\u0131lan kap\u0131n\u0131z!\",\"publisher\":{\"@id\":\"https:\/\/chemuza.org\/tr\/#organization\"},\"potentialAction\":[{\"@type\":\"SearchAction\",\"target\":{\"@type\":\"EntryPoint\",\"urlTemplate\":\"https:\/\/chemuza.org\/tr\/?s={search_term_string}\"},\"query-input\":\"required name=search_term_string\"}],\"inLanguage\":\"tr\"},{\"@type\":\"Organization\",\"@id\":\"https:\/\/chemuza.org\/tr\/#organization\",\"name\":\"Chemuza\",\"url\":\"https:\/\/chemuza.org\/tr\/\",\"logo\":{\"@type\":\"ImageObject\",\"inLanguage\":\"tr\",\"@id\":\"https:\/\/chemuza.org\/tr\/#\/schema\/logo\/image\/\",\"url\":\"https:\/\/chemuza.org\/tr\/wp-content\/uploads\/2023\/10\/chemuza-logo.png\",\"contentUrl\":\"https:\/\/chemuza.org\/tr\/wp-content\/uploads\/2023\/10\/chemuza-logo.png\",\"width\":387,\"height\":70,\"caption\":\"Chemuza\"},\"image\":{\"@id\":\"https:\/\/chemuza.org\/tr\/#\/schema\/logo\/image\/\"}}]}<\/script>\n<!-- \/ Yoast SEO plugin. -->","yoast_head_json":{"title":"Yasal Uyar\u0131lar - Chemuza","description":"Chemuza.org'un amac\u0131 yaz\u0131l\u0131 makaleler, ilgi \u00e7ekici infografikler ve videolar arac\u0131l\u0131\u011f\u0131yla zenginle\u015ftirici i\u00e7erik sunmakt\u0131r.","robots":{"index":"noindex","follow":"nofollow"},"og_locale":"tr_TR","og_type":"article","og_title":"Yasal Uyar\u0131lar - Chemuza","og_description":"Chemuza.org'un amac\u0131 yaz\u0131l\u0131 makaleler, ilgi \u00e7ekici infografikler ve videolar arac\u0131l\u0131\u011f\u0131yla zenginle\u015ftirici i\u00e7erik sunmakt\u0131r.","og_url":"https:\/\/chemuza.org\/tr\/yasal-uyari\/","og_site_name":"Chemuza","article_modified_time":"2023-10-27T07:05:18+00:00","twitter_card":"summary_large_image","twitter_misc":{"Tahmini okuma s\u00fcresi":"3 dakika"},"schema":{"@context":"https:\/\/schema.org","@graph":[{"@type":"WebPage","@id":"https:\/\/chemuza.org\/tr\/yasal-uyari\/","url":"https:\/\/chemuza.org\/tr\/yasal-uyari\/","name":"Yasal Uyar\u0131lar - Chemuza","isPartOf":{"@id":"https:\/\/chemuza.org\/tr\/#website"},"datePublished":"2023-09-02T04:43:49+00:00","dateModified":"2023-10-27T07:05:18+00:00","description":"Chemuza.org'un amac\u0131 yaz\u0131l\u0131 makaleler, ilgi \u00e7ekici infografikler ve videolar arac\u0131l\u0131\u011f\u0131yla zenginle\u015ftirici i\u00e7erik sunmakt\u0131r.","breadcrumb":{"@id":"https:\/\/chemuza.org\/tr\/yasal-uyari\/#breadcrumb"},"inLanguage":"tr","potentialAction":[{"@type":"ReadAction","target":["https:\/\/chemuza.org\/tr\/yasal-uyari\/"]}]},{"@type":"BreadcrumbList","@id":"https:\/\/chemuza.org\/tr\/yasal-uyari\/#breadcrumb","itemListElement":[{"@type":"ListItem","position":1,"name":"Ev","item":"https:\/\/chemuza.org\/tr\/"},{"@type":"ListItem","position":2,"name":"Yasal uyar\u0131"}]},{"@type":"WebSite","@id":"https:\/\/chemuza.org\/tr\/#website","url":"https:\/\/chemuza.org\/tr\/","name":"Chemuza","description":"Kimyasal ke\u015fiflere a\u00e7\u0131lan kap\u0131n\u0131z!","publisher":{"@id":"https:\/\/chemuza.org\/tr\/#organization"},"potentialAction":[{"@type":"SearchAction","target":{"@type":"EntryPoint","urlTemplate":"https:\/\/chemuza.org\/tr\/?s={search_term_string}"},"query-input":"required name=search_term_string"}],"inLanguage":"tr"},{"@type":"Organization","@id":"https:\/\/chemuza.org\/tr\/#organization","name":"Chemuza","url":"https:\/\/chemuza.org\/tr\/","logo":{"@type":"ImageObject","inLanguage":"tr","@id":"https:\/\/chemuza.org\/tr\/#\/schema\/logo\/image\/","url":"https:\/\/chemuza.org\/tr\/wp-content\/uploads\/2023\/10\/chemuza-logo.png","contentUrl":"https:\/\/chemuza.org\/tr\/wp-content\/uploads\/2023\/10\/chemuza-logo.png","width":387,"height":70,"caption":"Chemuza"},"image":{"@id":"https:\/\/chemuza.org\/tr\/#\/schema\/logo\/image\/"}}]}},"yoast_meta":{"yoast_wpseo_title":"","yoast_wpseo_metadesc":"","yoast_wpseo_canonical":""},"_links":{"self":[{"href":"https:\/\/chemuza.org\/tr\/wp-json\/wp\/v2\/pages\/1424"}],"collection":[{"href":"https:\/\/chemuza.org\/tr\/wp-json\/wp\/v2\/pages"}],"about":[{"href":"https:\/\/chemuza.org\/tr\/wp-json\/wp\/v2\/types\/page"}],"author":[{"embeddable":true,"href":"https:\/\/chemuza.org\/tr\/wp-json\/wp\/v2\/users\/1"}],"replies":[{"embeddable":true,"href":"https:\/\/chemuza.org\/tr\/wp-json\/wp\/v2\/comments?post=1424"}],"version-history":[{"count":1,"href":"https:\/\/chemuza.org\/tr\/wp-json\/wp\/v2\/pages\/1424\/revisions"}],"predecessor-version":[{"id":1566,"href":"https:\/\/chemuza.org\/tr\/wp-json\/wp\/v2\/pages\/1424\/revisions\/1566"}],"wp:attachment":[{"href":"https:\/\/chemuza.org\/tr\/wp-json\/wp\/v2\/media?parent=1424"}],"curies":[{"name":"wp","href":"https:\/\/api.w.org\/{rel}","templated":true}]}}