{"id":1423,"date":"2023-09-02T04:56:18","date_gmt":"2023-09-02T04:56:18","guid":{"rendered":"https:\/\/chemuza.org\/tr\/temas-etmek\/"},"modified":"2023-10-27T07:08:41","modified_gmt":"2023-10-27T07:08:41","slug":"temas-etmek","status":"publish","type":"page","link":"https:\/\/chemuza.org\/tr\/temas-etmek\/","title":{"rendered":"Temas etmek"},"content":{"rendered":"<p>Chemuza&#8217;ya g\u00f6sterdi\u011finiz ilgi i\u00e7in te\u015fekk\u00fcr ederiz! Yorumlar\u0131n\u0131z\u0131, \u00f6nerilerinizi ve akl\u0131n\u0131za tak\u0131lan her t\u00fcrl\u00fc soruyu bekliyoruz.<\/p>\n<p>Kimya konusunda tutkuluysan\u0131z ve blogumuza makaleler, deneyler veya fikirler yoluyla katk\u0131da bulunmak istiyorsan\u0131z, sizden haber almak isteriz. A\u015fa\u011f\u0131daki ileti\u015fim formu arac\u0131l\u0131\u011f\u0131yla bizimle ileti\u015fime ge\u00e7mekten \u00e7ekinmeyin:<\/p>\n<p><iframe loading=\"lazy\" src=\"https:\/\/docs.google.com\/forms\/d\/e\/1FAIpQLSfs71fbBK2CmAw59whSHpfyqcFOfVm31Lh5epkmrvbM3uTSyA\/viewform?embedded=true\" width=\"640\" height=\"794\" frameborder=\"0\" marginwidth=\"0\" marginheight=\"0\">Loading\u2026<\/iframe><\/p>\n<p>T\u00fcm sorulara makul bir s\u00fcre i\u00e7inde yan\u0131t vermeyi hedefliyoruz, ancak l\u00fctfen \u00f6zellikle yo\u011fun d\u00f6nemlerde yan\u0131t i\u00e7in 48 saate kadar s\u00fcre tan\u0131y\u0131n.<\/p>\n<p>Chemuza&#8217;n\u0131n bir par\u00e7as\u0131 oldu\u011funuz i\u00e7in te\u015fekk\u00fcr ederiz! Ba\u011fl\u0131l\u0131\u011f\u0131n\u0131z ve deste\u011finiz, d\u00fcnya \u00e7ap\u0131ndaki di\u011fer kimya merakl\u0131lar\u0131na bilgilendirici ve heyecan verici i\u00e7erikler sunmaya devam etmemiz i\u00e7in bize ilham veriyor.<\/p>\n","protected":false},"excerpt":{"rendered":"<p>Chemuza&#8217;ya g\u00f6sterdi\u011finiz ilgi i\u00e7in te\u015fekk\u00fcr ederiz! Yorumlar\u0131n\u0131z\u0131, \u00f6nerilerinizi ve akl\u0131n\u0131za tak\u0131lan her t\u00fcrl\u00fc soruyu bekliyoruz. Kimya konusunda tutkuluysan\u0131z ve blogumuza makaleler, deneyler veya fikirler yoluyla katk\u0131da bulunmak istiyorsan\u0131z, sizden haber almak isteriz. A\u015fa\u011f\u0131daki ileti\u015fim formu arac\u0131l\u0131\u011f\u0131yla bizimle ileti\u015fime ge\u00e7mekten \u00e7ekinmeyin: Loading\u2026 T\u00fcm sorulara makul bir s\u00fcre i\u00e7inde yan\u0131t vermeyi hedefliyoruz, ancak l\u00fctfen \u00f6zellikle yo\u011fun d\u00f6nemlerde &#8230; <a title=\"Temas etmek\" class=\"read-more\" href=\"https:\/\/chemuza.org\/tr\/temas-etmek\/\" aria-label=\"More on Temas etmek\">Devam\u0131n\u0131 oku<\/a><\/p>\n","protected":false},"author":1,"featured_media":0,"parent":0,"menu_order":0,"comment_status":"closed","ping_status":"closed","template":"","meta":{"footnotes":""},"yoast_head":"<!-- This site is optimized with the Yoast SEO plugin v21.4 - https:\/\/yoast.com\/wordpress\/plugins\/seo\/ -->\n<title>\u0130leti\u015fim - Chemuza<\/title>\n<meta name=\"description\" content=\"Chemuza&#039;ya g\u00f6sterdi\u011finiz ilgi i\u00e7in te\u015fekk\u00fcr ederiz! Yorumlar\u0131n\u0131z\u0131, \u00f6nerilerinizi ve sorular\u0131n\u0131z\u0131 takdir ediyoruz\" \/>\n<meta name=\"robots\" content=\"index, follow, max-snippet:-1, max-image-preview:large, max-video-preview:-1\" \/>\n<link rel=\"canonical\" href=\"https:\/\/chemuza.org\/tr\/temas-etmek\/\" \/>\n<meta property=\"og:locale\" content=\"tr_TR\" \/>\n<meta property=\"og:type\" content=\"article\" \/>\n<meta property=\"og:title\" content=\"\u0130leti\u015fim - Chemuza\" \/>\n<meta property=\"og:description\" content=\"Chemuza&#039;ya g\u00f6sterdi\u011finiz ilgi i\u00e7in te\u015fekk\u00fcr ederiz! Yorumlar\u0131n\u0131z\u0131, \u00f6nerilerinizi ve sorular\u0131n\u0131z\u0131 takdir ediyoruz\" \/>\n<meta property=\"og:url\" content=\"https:\/\/chemuza.org\/tr\/temas-etmek\/\" \/>\n<meta property=\"og:site_name\" content=\"Chemuza\" \/>\n<meta property=\"article:modified_time\" content=\"2023-10-27T07:08:41+00:00\" \/>\n<meta name=\"twitter:card\" content=\"summary_large_image\" \/>\n<meta name=\"twitter:label1\" content=\"Tahmini okuma s\u00fcresi\" \/>\n\t<meta name=\"twitter:data1\" content=\"1 dakika\" \/>\n<script type=\"application\/ld+json\" class=\"yoast-schema-graph\">{\"@context\":\"https:\/\/schema.org\",\"@graph\":[{\"@type\":\"WebPage\",\"@id\":\"https:\/\/chemuza.org\/tr\/temas-etmek\/\",\"url\":\"https:\/\/chemuza.org\/tr\/temas-etmek\/\",\"name\":\"\u0130leti\u015fim - Chemuza\",\"isPartOf\":{\"@id\":\"https:\/\/chemuza.org\/tr\/#website\"},\"datePublished\":\"2023-09-02T04:56:18+00:00\",\"dateModified\":\"2023-10-27T07:08:41+00:00\",\"description\":\"Chemuza'ya g\u00f6sterdi\u011finiz ilgi i\u00e7in te\u015fekk\u00fcr ederiz! Yorumlar\u0131n\u0131z\u0131, \u00f6nerilerinizi ve sorular\u0131n\u0131z\u0131 takdir ediyoruz\",\"breadcrumb\":{\"@id\":\"https:\/\/chemuza.org\/tr\/temas-etmek\/#breadcrumb\"},\"inLanguage\":\"tr\",\"potentialAction\":[{\"@type\":\"ReadAction\",\"target\":[\"https:\/\/chemuza.org\/tr\/temas-etmek\/\"]}]},{\"@type\":\"BreadcrumbList\",\"@id\":\"https:\/\/chemuza.org\/tr\/temas-etmek\/#breadcrumb\",\"itemListElement\":[{\"@type\":\"ListItem\",\"position\":1,\"name\":\"Ev\",\"item\":\"https:\/\/chemuza.org\/tr\/\"},{\"@type\":\"ListItem\",\"position\":2,\"name\":\"Temas etmek\"}]},{\"@type\":\"WebSite\",\"@id\":\"https:\/\/chemuza.org\/tr\/#website\",\"url\":\"https:\/\/chemuza.org\/tr\/\",\"name\":\"Chemuza\",\"description\":\"Kimyasal ke\u015fiflere a\u00e7\u0131lan kap\u0131n\u0131z!\",\"publisher\":{\"@id\":\"https:\/\/chemuza.org\/tr\/#organization\"},\"potentialAction\":[{\"@type\":\"SearchAction\",\"target\":{\"@type\":\"EntryPoint\",\"urlTemplate\":\"https:\/\/chemuza.org\/tr\/?s={search_term_string}\"},\"query-input\":\"required name=search_term_string\"}],\"inLanguage\":\"tr\"},{\"@type\":\"Organization\",\"@id\":\"https:\/\/chemuza.org\/tr\/#organization\",\"name\":\"Chemuza\",\"url\":\"https:\/\/chemuza.org\/tr\/\",\"logo\":{\"@type\":\"ImageObject\",\"inLanguage\":\"tr\",\"@id\":\"https:\/\/chemuza.org\/tr\/#\/schema\/logo\/image\/\",\"url\":\"https:\/\/chemuza.org\/tr\/wp-content\/uploads\/2023\/10\/chemuza-logo.png\",\"contentUrl\":\"https:\/\/chemuza.org\/tr\/wp-content\/uploads\/2023\/10\/chemuza-logo.png\",\"width\":387,\"height\":70,\"caption\":\"Chemuza\"},\"image\":{\"@id\":\"https:\/\/chemuza.org\/tr\/#\/schema\/logo\/image\/\"}}]}<\/script>\n<!-- \/ Yoast SEO plugin. -->","yoast_head_json":{"title":"\u0130leti\u015fim - Chemuza","description":"Chemuza'ya g\u00f6sterdi\u011finiz ilgi i\u00e7in te\u015fekk\u00fcr ederiz! Yorumlar\u0131n\u0131z\u0131, \u00f6nerilerinizi ve sorular\u0131n\u0131z\u0131 takdir ediyoruz","robots":{"index":"index","follow":"follow","max-snippet":"max-snippet:-1","max-image-preview":"max-image-preview:large","max-video-preview":"max-video-preview:-1"},"canonical":"https:\/\/chemuza.org\/tr\/temas-etmek\/","og_locale":"tr_TR","og_type":"article","og_title":"\u0130leti\u015fim - Chemuza","og_description":"Chemuza'ya g\u00f6sterdi\u011finiz ilgi i\u00e7in te\u015fekk\u00fcr ederiz! Yorumlar\u0131n\u0131z\u0131, \u00f6nerilerinizi ve sorular\u0131n\u0131z\u0131 takdir ediyoruz","og_url":"https:\/\/chemuza.org\/tr\/temas-etmek\/","og_site_name":"Chemuza","article_modified_time":"2023-10-27T07:08:41+00:00","twitter_card":"summary_large_image","twitter_misc":{"Tahmini okuma s\u00fcresi":"1 dakika"},"schema":{"@context":"https:\/\/schema.org","@graph":[{"@type":"WebPage","@id":"https:\/\/chemuza.org\/tr\/temas-etmek\/","url":"https:\/\/chemuza.org\/tr\/temas-etmek\/","name":"\u0130leti\u015fim - Chemuza","isPartOf":{"@id":"https:\/\/chemuza.org\/tr\/#website"},"datePublished":"2023-09-02T04:56:18+00:00","dateModified":"2023-10-27T07:08:41+00:00","description":"Chemuza'ya g\u00f6sterdi\u011finiz ilgi i\u00e7in te\u015fekk\u00fcr ederiz! Yorumlar\u0131n\u0131z\u0131, \u00f6nerilerinizi ve sorular\u0131n\u0131z\u0131 takdir ediyoruz","breadcrumb":{"@id":"https:\/\/chemuza.org\/tr\/temas-etmek\/#breadcrumb"},"inLanguage":"tr","potentialAction":[{"@type":"ReadAction","target":["https:\/\/chemuza.org\/tr\/temas-etmek\/"]}]},{"@type":"BreadcrumbList","@id":"https:\/\/chemuza.org\/tr\/temas-etmek\/#breadcrumb","itemListElement":[{"@type":"ListItem","position":1,"name":"Ev","item":"https:\/\/chemuza.org\/tr\/"},{"@type":"ListItem","position":2,"name":"Temas etmek"}]},{"@type":"WebSite","@id":"https:\/\/chemuza.org\/tr\/#website","url":"https:\/\/chemuza.org\/tr\/","name":"Chemuza","description":"Kimyasal ke\u015fiflere a\u00e7\u0131lan kap\u0131n\u0131z!","publisher":{"@id":"https:\/\/chemuza.org\/tr\/#organization"},"potentialAction":[{"@type":"SearchAction","target":{"@type":"EntryPoint","urlTemplate":"https:\/\/chemuza.org\/tr\/?s={search_term_string}"},"query-input":"required name=search_term_string"}],"inLanguage":"tr"},{"@type":"Organization","@id":"https:\/\/chemuza.org\/tr\/#organization","name":"Chemuza","url":"https:\/\/chemuza.org\/tr\/","logo":{"@type":"ImageObject","inLanguage":"tr","@id":"https:\/\/chemuza.org\/tr\/#\/schema\/logo\/image\/","url":"https:\/\/chemuza.org\/tr\/wp-content\/uploads\/2023\/10\/chemuza-logo.png","contentUrl":"https:\/\/chemuza.org\/tr\/wp-content\/uploads\/2023\/10\/chemuza-logo.png","width":387,"height":70,"caption":"Chemuza"},"image":{"@id":"https:\/\/chemuza.org\/tr\/#\/schema\/logo\/image\/"}}]}},"yoast_meta":{"yoast_wpseo_title":"","yoast_wpseo_metadesc":"","yoast_wpseo_canonical":""},"_links":{"self":[{"href":"https:\/\/chemuza.org\/tr\/wp-json\/wp\/v2\/pages\/1423"}],"collection":[{"href":"https:\/\/chemuza.org\/tr\/wp-json\/wp\/v2\/pages"}],"about":[{"href":"https:\/\/chemuza.org\/tr\/wp-json\/wp\/v2\/types\/page"}],"author":[{"embeddable":true,"href":"https:\/\/chemuza.org\/tr\/wp-json\/wp\/v2\/users\/1"}],"replies":[{"embeddable":true,"href":"https:\/\/chemuza.org\/tr\/wp-json\/wp\/v2\/comments?post=1423"}],"version-history":[{"count":2,"href":"https:\/\/chemuza.org\/tr\/wp-json\/wp\/v2\/pages\/1423\/revisions"}],"predecessor-version":[{"id":1568,"href":"https:\/\/chemuza.org\/tr\/wp-json\/wp\/v2\/pages\/1423\/revisions\/1568"}],"wp:attachment":[{"href":"https:\/\/chemuza.org\/tr\/wp-json\/wp\/v2\/media?parent=1423"}],"curies":[{"name":"wp","href":"https:\/\/api.w.org\/{rel}","templated":true}]}}