{"id":1576,"date":"2023-07-13T03:53:15","date_gmt":"2023-07-13T03:53:15","guid":{"rendered":"https:\/\/chemuza.org\/pt\/estado\/"},"modified":"2023-07-13T03:53:15","modified_gmt":"2023-07-13T03:53:15","slug":"estado","status":"publish","type":"page","link":"https:\/\/chemuza.org\/pt\/estado\/","title":{"rendered":"Estados da mat\u00e9ria na tabela peri\u00f3dica"},"content":{"rendered":"<p>Quem nunca viu a \u00e1gua ferver? Para muitos \u00e9 apenas uma quest\u00e3o de aumentar a temperatura do mesmo para qualquer a\u00e7\u00e3o, por\u00e9m, para outros \u00e9 um efeito de <strong>transforma\u00e7\u00e3o dos estados da mat\u00e9ria<\/strong> . Embora esta modifica\u00e7\u00e3o pare\u00e7a m\u00e1gica, \u00e9 uma das fases em que um item conhecido pode ser encontrado. Abaixo, observe de perto esse fen\u00f4meno e observe alguns dados interessantes.<\/p>\n<h2> Quais s\u00e3o os estados da mat\u00e9ria?<\/h2>\n<p> As fases nas quais um elemento conhecido pode ser encontrado s\u00e3o chamadas de <strong>estados de agrega\u00e7\u00e3o da mat\u00e9ria<\/strong> ou estados da mat\u00e9ria. Sua varia\u00e7\u00e3o pode depender do tipo, intensidade e de alguns fatores externos como temperatura ou press\u00e3o. Dentre os conhecidos at\u00e9 o momento podemos citar:<\/p>\n<h3> Estado s\u00f3lido<\/h3>\n<p> \u00c9 um <strong>estado de agrega\u00e7\u00e3o em que a mat\u00e9ria tem forma e volume<\/strong> devido a uma for\u00e7a que permite que as mol\u00e9culas se atraiam, fazendo predominar a energia cin\u00e9tica. Nesta fase, os \u00e1tomos est\u00e3o interligados, proporcionando a capacidade de resistir a for\u00e7as sem danos aparentes. Algumas de suas principais caracter\u00edsticas s\u00e3o:<\/p>\n<ul>\n<li> <strong>\u00c9 um material r\u00edgido<\/strong> : Geralmente, o material no estado s\u00f3lido \u00e9 r\u00edgido, ou seja, resiste \u00e0 deforma\u00e7\u00e3o, trincas, flex\u00e3o e tor\u00e7\u00e3o.<\/li>\n<li> <strong>Dureza:<\/strong> Os s\u00f3lidos possuem a resist\u00eancia f\u00edsica diante da a\u00e7\u00e3o de outros elementos no mesmo estado, por exemplo o diamante.<\/li>\n<li> <strong>Fragilidade<\/strong> : Podem quebrar-se em peda\u00e7os menores.<\/li>\n<li> <strong>Eles t\u00eam uma forma definida<\/strong> : t\u00eam uma forma definida, ou seja, n\u00e3o fluem como outros estados. No entanto, alguns corpos podem ficar deformados devido \u00e0 sua maleabilidade.<\/li>\n<\/ul>\n<p> Um <strong>exemplo de estado s\u00f3lido da mat\u00e9ria<\/strong> \u00e9 o gelo, que \u00e9 \u00e1gua l\u00edquida levada ao ponto de congelamento. Al\u00e9m disso, as pedras cont\u00eam elementos de c\u00e1lcio e os ossos retiram o c\u00e1lcio da dieta.<\/p>\n<h3> estado l\u00edquido da mat\u00e9ria<\/h3>\n<p> O <strong>estado l\u00edquido da mat\u00e9ria pode ser definido como uma fase intermedi\u00e1ria entre o estado s\u00f3lido e gasoso<\/strong> . Distingue-se pelo fato de suas part\u00edculas estarem dispersas para preservar a fluidez, mas juntas para manter a coes\u00e3o. Algumas das caracter\u00edsticas mais not\u00e1veis desta fase s\u00e3o:<\/p>\n<ul>\n<li> <strong>N\u00e3o tem forma<\/strong> , por isso adquire a forma do recipiente em que est\u00e1 contido. Por exemplo, um copo d&#8217;\u00e1gua ter\u00e1 o formato de um copo.<\/li>\n<li> <strong>Eles s\u00e3o fluidos<\/strong> , por isso podem passar por superf\u00edcies muito pequenas e de um recipiente para outro. Sem forma, eles podem escorregar, deslizar e se mover.<\/li>\n<li> <strong>Pode ter viscosidade<\/strong> . Esta \u00e9 a resist\u00eancia ao fluxo e \u00e0 deforma\u00e7\u00e3o que pode ter devido \u00e0 for\u00e7a interna das part\u00edculas, que retarda a sua deforma\u00e7\u00e3o \u00e0 medida que caem. Um exemplo de viscosidade \u00e9 o \u00f3leo ou o piche.<\/li>\n<li> <strong>Possui tens\u00e3o superficial<\/strong> , que se refere \u00e0 resist\u00eancia que os l\u00edquidos oferecem ao aumentar sua \u00e1rea superficial por unidade de \u00e1rea. Como resultado, eles n\u00e3o penetram em certos objetos e certos insetos podem andar sobre eles.<\/li>\n<\/ul>\n<p> Por outro lado, saiba que os l\u00edquidos n\u00e3o s\u00e3o muito compress\u00edveis e se contraem na presen\u00e7a do frio, com exce\u00e7\u00e3o da \u00e1gua. Alguns <strong>exemplos do estado l\u00edquido da mat\u00e9ria<\/strong> s\u00e3o \u00e1gua, merc\u00fario, gasolina, \u00e1cido sulf\u00farico, entre outros.<\/p>\n<h3> Estado gasoso<\/h3>\n<p> Este \u00e9 um estado de agrega\u00e7\u00e3o da mat\u00e9ria <strong>em que as mol\u00e9culas da mat\u00e9ria n\u00e3o est\u00e3o unidas<\/strong> , portanto est\u00e3o expandidas e t\u00eam pouca for\u00e7a de atra\u00e7\u00e3o. Caracterizam-se principalmente pelo fato de n\u00e3o possu\u00edrem formato definido e serem liberados at\u00e9 que o recipiente que os cont\u00e9m seja preenchido. Outros destaques s\u00e3o:<\/p>\n<ul>\n<li> Devido \u00e0 pouca influ\u00eancia que as part\u00edculas do g\u00e1s exercem umas sobre as outras, <strong>elas ocupam uma for\u00e7a de a\u00e7\u00e3o muito pequena<\/strong> . Portanto, n\u00e3o possuem um volume definido no espa\u00e7o.<\/li>\n<li> Possuem <strong>alta capacidade de compress\u00e3o<\/strong> , por isso podem ser facilmente transportados quando utilizados em tratamentos de tipo industrial.<\/li>\n<li> <strong>Suas propriedades f\u00edsicas podem variar consideravelmente<\/strong> . Alguns, como o ar, n\u00e3o t\u00eam cor nem aroma, mas os gases provenientes dos hidrocarbonetos t\u00eam um odor desagrad\u00e1vel e pungente.<\/li>\n<\/ul>\n<p> Um <strong>exemplo do estado gasoso da mat\u00e9ria<\/strong> \u00e9 o vapor d&#8217;\u00e1gua, que pode ser observado quando um l\u00edquido ferve. Al\u00e9m disso, o ar que respiramos \u00e9 uma mistura de oxig\u00eanio, hidrog\u00eanio e nitrog\u00eanio, sem odor nem cor.<\/p>\n<h3> Plasma ou estado plasm\u00e1tico<\/h3>\n<p> A <strong>mistura de n\u00facleos positivos e el\u00e9trons livres com capacidade de conduzir eletricidade<\/strong> \u00e9 conhecida como estado de agrega\u00e7\u00e3o da mat\u00e9ria plasm\u00e1tica. Ou seja, podemos dizer que se trata de um g\u00e1s ionizado, portanto pode ser constitu\u00eddo de qualquer tipo de part\u00edcula carregada. Estes podem gerar um campo el\u00e9trico e s\u00e3o influenciados por campos magn\u00e9ticos.<\/p>\n<p> O melhor <strong>exemplo do estado plasm\u00e1tico da mat\u00e9ria<\/strong> \u00e9 o da aurora boreal, onde o vento solar consiste em part\u00edculas carregadas de alta energia. Quando estes colidem com a atmosfera, eles a ionizam e o show de luzes \u00e9 formado.<\/p>\n<h2> Mudan\u00e7as nos estados da mat\u00e9ria<\/h2>\n<p> <strong>Toda mat\u00e9ria pode ser transformada<\/strong> quando submetida a for\u00e7as externas e internas, mas suas propriedades qu\u00edmicas n\u00e3o s\u00e3o alteradas. Um exemplo disso \u00e9 a \u00e1gua, quando ferve passa de l\u00edquido para gasoso, mas ret\u00e9m as mesmas mol\u00e9culas. Alguns m\u00e9todos de transforma\u00e7\u00e3o s\u00e3o:<\/p>\n<ul>\n<li> <strong>Evapora\u00e7\u00e3o<\/strong> : Consiste em adicionar energia cal\u00f3rica \u00e0 massa de um l\u00edquido para que este se transforme em g\u00e1s.<\/li>\n<li> <strong>Ebuli\u00e7\u00e3o<\/strong> : \u00c9 o processo pelo qual a energia t\u00e9rmica \u00e9 fornecida a um corpo l\u00edquido para convert\u00ea-lo em g\u00e1s. Isso ocorre quando o ponto de ebuli\u00e7\u00e3o \u00e9 atingido, onde a temperatura do vapor se iguala \u00e0 press\u00e3o que envolve o l\u00edquido, transformando-o em g\u00e1s.<\/li>\n<li> <strong>Condensa\u00e7\u00e3o:<\/strong> refere-se ao processo pelo qual o calor \u00e9 removido para transformar g\u00e1s em l\u00edquido. Durante <strong>a liquefa\u00e7\u00e3o,<\/strong> a press\u00e3o aumenta a baixas temperaturas para atingir a mesma mudan\u00e7a.<\/li>\n<li> <strong>Congelamento<\/strong> : \u00c9 o processo que transforma o l\u00edquido em s\u00f3lido em temperatura muito baixa, no ponto de congelamento.<\/li>\n<li> <strong>Fus\u00e3o<\/strong> : \u00c9 um processo onde o s\u00f3lido \u00e9 transformado em l\u00edquido pela a\u00e7\u00e3o do calor. <strong>A sublima\u00e7\u00e3o<\/strong> refere-se \u00e0 transforma\u00e7\u00e3o de um s\u00f3lido em g\u00e1s sem passar pelo estado l\u00edquido.<\/li>\n<\/ul>\n<p> Concluindo, os <strong>estados da mat\u00e9ria na tabela peri\u00f3dica<\/strong> referem-se \u00e0 forma como os elementos est\u00e3o dispon\u00edveis. Estes podem sofrer modifica\u00e7\u00f5es que permitem sua utiliza\u00e7\u00e3o em qualquer \u00e1rea da ind\u00fastria ou do dia a dia.<\/p>\n","protected":false},"excerpt":{"rendered":"<p>Quem nunca viu a \u00e1gua ferver? Para muitos \u00e9 apenas uma quest\u00e3o de aumentar a temperatura do mesmo para qualquer a\u00e7\u00e3o, por\u00e9m, para outros \u00e9 um efeito de transforma\u00e7\u00e3o dos estados da mat\u00e9ria . Embora esta modifica\u00e7\u00e3o pare\u00e7a m\u00e1gica, \u00e9 uma das fases em que um item conhecido pode ser encontrado. Abaixo, observe de perto &#8230; <a title=\"Estados da mat\u00e9ria na tabela peri\u00f3dica\" class=\"read-more\" href=\"https:\/\/chemuza.org\/pt\/estado\/\" aria-label=\"Mais em Estados da mat\u00e9ria na tabela peri\u00f3dica\">Ler mais<\/a><\/p>\n","protected":false},"author":1,"featured_media":0,"parent":0,"menu_order":0,"comment_status":"closed","ping_status":"closed","template":"","meta":{"footnotes":""},"class_list":["post-1576","page","type-page","status-publish"],"yoast_head":"<!-- This site is optimized with the Yoast SEO plugin v21.4 - https:\/\/yoast.com\/wordpress\/plugins\/seo\/ -->\n<title>Estados da mat\u00e9ria na tabela peri\u00f3dica - Chemuza<\/title>\n<meta name=\"robots\" content=\"index, follow, max-snippet:-1, max-image-preview:large, max-video-preview:-1\" \/>\n<link rel=\"canonical\" href=\"https:\/\/chemuza.org\/pt\/estado\/\" \/>\n<meta property=\"og:locale\" content=\"pt_PT\" \/>\n<meta property=\"og:type\" content=\"article\" \/>\n<meta property=\"og:title\" content=\"Estados da mat\u00e9ria na tabela peri\u00f3dica - Chemuza\" \/>\n<meta property=\"og:description\" content=\"Quem nunca viu a \u00e1gua ferver? Para muitos \u00e9 apenas uma quest\u00e3o de aumentar a temperatura do mesmo para qualquer a\u00e7\u00e3o, por\u00e9m, para outros \u00e9 um efeito de transforma\u00e7\u00e3o dos estados da mat\u00e9ria . Embora esta modifica\u00e7\u00e3o pare\u00e7a m\u00e1gica, \u00e9 uma das fases em que um item conhecido pode ser encontrado. Abaixo, observe de perto ... Ler mais\" \/>\n<meta property=\"og:url\" content=\"https:\/\/chemuza.org\/pt\/estado\/\" \/>\n<meta property=\"og:site_name\" content=\"Statorials\" \/>\n<meta name=\"twitter:card\" content=\"summary_large_image\" \/>\n<meta name=\"twitter:label1\" content=\"Tempo estimado de leitura\" \/>\n\t<meta name=\"twitter:data1\" content=\"6 minutos\" \/>\n<script type=\"application\/ld+json\" class=\"yoast-schema-graph\">{\"@context\":\"https:\/\/schema.org\",\"@graph\":[{\"@type\":\"WebPage\",\"@id\":\"https:\/\/chemuza.org\/pt\/estado\/\",\"url\":\"https:\/\/chemuza.org\/pt\/estado\/\",\"name\":\"Estados da mat\u00e9ria na tabela peri\u00f3dica - Chemuza\",\"isPartOf\":{\"@id\":\"https:\/\/chemuza.org\/pt\/#website\"},\"datePublished\":\"2023-07-13T03:53:15+00:00\",\"dateModified\":\"2023-07-13T03:53:15+00:00\",\"breadcrumb\":{\"@id\":\"https:\/\/chemuza.org\/pt\/estado\/#breadcrumb\"},\"inLanguage\":\"pt-PT\",\"potentialAction\":[{\"@type\":\"ReadAction\",\"target\":[\"https:\/\/chemuza.org\/pt\/estado\/\"]}]},{\"@type\":\"BreadcrumbList\",\"@id\":\"https:\/\/chemuza.org\/pt\/estado\/#breadcrumb\",\"itemListElement\":[{\"@type\":\"ListItem\",\"position\":1,\"name\":\"Lar\",\"item\":\"https:\/\/chemuza.org\/pt\/\"},{\"@type\":\"ListItem\",\"position\":2,\"name\":\"Estados da mat\u00e9ria na tabela peri\u00f3dica\"}]},{\"@type\":\"WebSite\",\"@id\":\"https:\/\/chemuza.org\/pt\/#website\",\"url\":\"https:\/\/chemuza.org\/pt\/\",\"name\":\"Chemuza\",\"description\":\"Sua porta de entrada para a descoberta qu\u00edmica!\",\"publisher\":{\"@id\":\"https:\/\/chemuza.org\/pt\/#organization\"},\"potentialAction\":[{\"@type\":\"SearchAction\",\"target\":{\"@type\":\"EntryPoint\",\"urlTemplate\":\"https:\/\/chemuza.org\/pt\/?s={search_term_string}\"},\"query-input\":\"required name=search_term_string\"}],\"inLanguage\":\"pt-PT\"},{\"@type\":\"Organization\",\"@id\":\"https:\/\/chemuza.org\/pt\/#organization\",\"name\":\"Chemuza\",\"url\":\"https:\/\/chemuza.org\/pt\/\",\"logo\":{\"@type\":\"ImageObject\",\"inLanguage\":\"pt-PT\",\"@id\":\"https:\/\/chemuza.org\/pt\/#\/schema\/logo\/image\/\",\"url\":\"https:\/\/chemuza.org\/pt\/wp-content\/uploads\/2023\/10\/chemuza-logo.png\",\"contentUrl\":\"https:\/\/chemuza.org\/pt\/wp-content\/uploads\/2023\/10\/chemuza-logo.png\",\"width\":387,\"height\":70,\"caption\":\"Chemuza\"},\"image\":{\"@id\":\"https:\/\/chemuza.org\/pt\/#\/schema\/logo\/image\/\"}}]}<\/script>\n<!-- \/ Yoast SEO plugin. -->","yoast_head_json":{"title":"Estados da mat\u00e9ria na tabela peri\u00f3dica - Chemuza","robots":{"index":"index","follow":"follow","max-snippet":"max-snippet:-1","max-image-preview":"max-image-preview:large","max-video-preview":"max-video-preview:-1"},"canonical":"https:\/\/chemuza.org\/pt\/estado\/","og_locale":"pt_PT","og_type":"article","og_title":"Estados da mat\u00e9ria na tabela peri\u00f3dica - Chemuza","og_description":"Quem nunca viu a \u00e1gua ferver? Para muitos \u00e9 apenas uma quest\u00e3o de aumentar a temperatura do mesmo para qualquer a\u00e7\u00e3o, por\u00e9m, para outros \u00e9 um efeito de transforma\u00e7\u00e3o dos estados da mat\u00e9ria . Embora esta modifica\u00e7\u00e3o pare\u00e7a m\u00e1gica, \u00e9 uma das fases em que um item conhecido pode ser encontrado. Abaixo, observe de perto ... Ler mais","og_url":"https:\/\/chemuza.org\/pt\/estado\/","og_site_name":"Statorials","twitter_card":"summary_large_image","twitter_misc":{"Tempo estimado de leitura":"6 minutos"},"schema":{"@context":"https:\/\/schema.org","@graph":[{"@type":"WebPage","@id":"https:\/\/chemuza.org\/pt\/estado\/","url":"https:\/\/chemuza.org\/pt\/estado\/","name":"Estados da mat\u00e9ria na tabela peri\u00f3dica - Chemuza","isPartOf":{"@id":"https:\/\/chemuza.org\/pt\/#website"},"datePublished":"2023-07-13T03:53:15+00:00","dateModified":"2023-07-13T03:53:15+00:00","breadcrumb":{"@id":"https:\/\/chemuza.org\/pt\/estado\/#breadcrumb"},"inLanguage":"pt-PT","potentialAction":[{"@type":"ReadAction","target":["https:\/\/chemuza.org\/pt\/estado\/"]}]},{"@type":"BreadcrumbList","@id":"https:\/\/chemuza.org\/pt\/estado\/#breadcrumb","itemListElement":[{"@type":"ListItem","position":1,"name":"Lar","item":"https:\/\/chemuza.org\/pt\/"},{"@type":"ListItem","position":2,"name":"Estados da mat\u00e9ria na tabela peri\u00f3dica"}]},{"@type":"WebSite","@id":"https:\/\/chemuza.org\/pt\/#website","url":"https:\/\/chemuza.org\/pt\/","name":"Chemuza","description":"Sua porta de entrada para a descoberta qu\u00edmica!","publisher":{"@id":"https:\/\/chemuza.org\/pt\/#organization"},"potentialAction":[{"@type":"SearchAction","target":{"@type":"EntryPoint","urlTemplate":"https:\/\/chemuza.org\/pt\/?s={search_term_string}"},"query-input":"required name=search_term_string"}],"inLanguage":"pt-PT"},{"@type":"Organization","@id":"https:\/\/chemuza.org\/pt\/#organization","name":"Chemuza","url":"https:\/\/chemuza.org\/pt\/","logo":{"@type":"ImageObject","inLanguage":"pt-PT","@id":"https:\/\/chemuza.org\/pt\/#\/schema\/logo\/image\/","url":"https:\/\/chemuza.org\/pt\/wp-content\/uploads\/2023\/10\/chemuza-logo.png","contentUrl":"https:\/\/chemuza.org\/pt\/wp-content\/uploads\/2023\/10\/chemuza-logo.png","width":387,"height":70,"caption":"Chemuza"},"image":{"@id":"https:\/\/chemuza.org\/pt\/#\/schema\/logo\/image\/"}}]}},"yoast_meta":{"yoast_wpseo_title":"","yoast_wpseo_metadesc":"","yoast_wpseo_canonical":""},"_links":{"self":[{"href":"https:\/\/chemuza.org\/pt\/wp-json\/wp\/v2\/pages\/1576","targetHints":{"allow":["GET"]}}],"collection":[{"href":"https:\/\/chemuza.org\/pt\/wp-json\/wp\/v2\/pages"}],"about":[{"href":"https:\/\/chemuza.org\/pt\/wp-json\/wp\/v2\/types\/page"}],"author":[{"embeddable":true,"href":"https:\/\/chemuza.org\/pt\/wp-json\/wp\/v2\/users\/1"}],"replies":[{"embeddable":true,"href":"https:\/\/chemuza.org\/pt\/wp-json\/wp\/v2\/comments?post=1576"}],"version-history":[{"count":0,"href":"https:\/\/chemuza.org\/pt\/wp-json\/wp\/v2\/pages\/1576\/revisions"}],"wp:attachment":[{"href":"https:\/\/chemuza.org\/pt\/wp-json\/wp\/v2\/media?parent=1576"}],"curies":[{"name":"wp","href":"https:\/\/api.w.org\/{rel}","templated":true}]}}