{"id":1575,"date":"2023-07-13T04:46:58","date_gmt":"2023-07-13T04:46:58","guid":{"rendered":"https:\/\/chemuza.org\/pt\/sem-metais\/"},"modified":"2023-07-13T04:46:58","modified_gmt":"2023-07-13T04:46:58","slug":"sem-metais","status":"publish","type":"page","link":"https:\/\/chemuza.org\/pt\/sem-metais\/","title":{"rendered":"N\u00e3o metais da tabela peri\u00f3dica"},"content":{"rendered":"<p>Um dos grupos que podem ser encontrados em uma tabela peri\u00f3dica s\u00e3o os <strong>elementos n\u00e3o met\u00e1licos<\/strong> . Estes possuem propriedades e caracter\u00edsticas antag\u00f4nicas aos metais, por isso podem ser claramente identificados. Neste artigo, conhe\u00e7a esse grupo de estruturas qu\u00edmicas de grande import\u00e2ncia para a vida e destaque algumas de suas aplica\u00e7\u00f5es mais not\u00e1veis.<\/p>\n<h2> O que s\u00e3o elementos n\u00e3o met\u00e1licos?<\/h2>\n<p> Elementos n\u00e3o met\u00e1licos s\u00e3o definidos como <strong>aqueles que n\u00e3o possuem capacidade de transportar corrente el\u00e9trica ou calor<\/strong> . Compreende uma das tr\u00eas categorias de elementos qu\u00edmicos classificados de acordo com suas propriedades de liga\u00e7\u00e3o e ioniza\u00e7\u00e3o. Neste segmento do sistema peri\u00f3dico est\u00e3o aqueles essenciais \u00e0 vida, por exemplo oxig\u00eanio, carbono e hidrog\u00eanio.<\/p>\n<p> Eles est\u00e3o localizados na tabela peri\u00f3dica \u00e0 direita, acima dos grupos 14 a 17 e s\u00e3o muito poucos em compara\u00e7\u00e3o com os elementos Metais. Possui propriedades espec\u00edficas, formam liga\u00e7\u00f5es covalentes para criar mol\u00e9culas entre si, e <strong>s\u00e3o encontrados nos estados l\u00edquido, s\u00f3lido, gasoso e em temperatura ambiente<\/strong> . S\u00e3o elementos muito fracos, por isso n\u00e3o podem ser convertidos, transformados ou esticados.<\/p>\n<h2> principais caracter\u00edsticas<\/h2>\n<p> Dentre os elementos qu\u00edmicos conhecidos, <strong>apenas 25 pertencem \u00e0 categoria dos n\u00e3o metais<\/strong> . Estes possuem uma qu\u00edmica muito diferente de seus antagonistas, os metais, e, embora sejam em pequeno n\u00famero, s\u00e3o essenciais para a vida. Outras caracter\u00edsticas dos elementos n\u00e3o met\u00e1licos s\u00e3o resumidas a seguir:<\/p>\n<ul>\n<li> <strong>Sua apar\u00eancia varia consideravelmente<\/strong> . Deve-se notar que estes n\u00e3o s\u00e3o elementos brilhantes e n\u00e3o conduzem calor ou eletricidade. Al\u00e9m disso, o seu ponto de fus\u00e3o \u00e9 baixo, com algumas exce\u00e7\u00f5es. Por exemplo, o diamante \u00e9 uma forma de carbono que derrete em altas temperaturas.<\/li>\n<li> <strong>Eles s\u00e3o diferentes em suas propriedades e em seu estado da mat\u00e9ria<\/strong> . Podem estar no estado s\u00f3lido cristalino, podem ser amorfos, l\u00edquidos ou gasosos. Dependendo de sua configura\u00e7\u00e3o, pode ter diferentes apar\u00eancias e propriedades.<\/li>\n<li> <strong>N\u00e3o s\u00e3o male\u00e1veis nem d\u00facteis, propriedades fundamentais dos metais<\/strong> . Al\u00e9m disso, n\u00e3o t\u00eam brilho e n\u00e3o podem ser polidos, mas possuem uma cor que varia dependendo do tipo de pe\u00e7a e do estado em que se encontra.<\/li>\n<li> <strong>A maioria deles s\u00e3o coisas vivas<\/strong> . Um exemplo disso \u00e9 o oxig\u00eanio, nitrog\u00eanio, f\u00f3sforo, enxofre, carbono e outros que s\u00e3o considerados oligoelementos como fl\u00faor, ars\u00eanico ou sil\u00edcio.<\/li>\n<li> <strong>N\u00e3o conduzem eletricidade<\/strong> , pois muito antes desta a\u00e7\u00e3o, decomp\u00f5em-se ou recomp\u00f5em-se quimicamente. Quando combinados com \u00e1gua, d\u00e3o subst\u00e2ncias \u00e1cidas e adquirem cargas negativas quando ionizados. Eles formam mol\u00e9culas de dois ou mais \u00e1tomos.<\/li>\n<\/ul>\n<h2> Propriedades de n\u00e3o metais<\/h2>\n<p> <strong>Os elementos n\u00e3o met\u00e1licos possuem propriedades muito diferentes<\/strong> dos elementos met\u00e1licos, embora existam compostos que possuem caracter\u00edsticas intermedi\u00e1rias. No entanto, alguns de seus recursos mais utilizados s\u00e3o:<\/p>\n<ul>\n<li> <strong>Qu\u00edmica:<\/strong> Na se\u00e7\u00e3o qu\u00edmica, esses elementos, quando ionizados, adquirem cargas negativas e possuem mol\u00e9culas compostas por dois \u00e1tomos. Al\u00e9m disso, eles se combinam com o oxig\u00eanio para formar \u00f3xidos n\u00e3o met\u00e1licos e seus \u00e1tomos possuem 4, 5, 6 ou 7 el\u00e9trons em sua \u00faltima camada.<\/li>\n<li> <strong>F\u00edsica<\/strong> : Dentre as propriedades f\u00edsicas dos n\u00e3o metais, deve-se destacar que est\u00e3o presentes em s\u00f3lidos como enxofre e carbono, l\u00edquidos como o bromo e gases como oxig\u00eanio ou hidrog\u00eanio. Al\u00e9m disso, eles n\u00e3o s\u00e3o brilhantes e n\u00e3o s\u00e3o condutores, com algumas exce\u00e7\u00f5es.<\/li>\n<\/ul>\n<p> Por outro lado, saiba que <strong>se trata de elementos fr\u00e1geis<\/strong> , que se perdem facilmente e n\u00e3o corroem. Eles s\u00e3o encontrados de forma ilimitada na crosta terrestre e na atmosfera, formando notadamente part\u00edculas diat\u00f4nicas, por exemplo, oxig\u00eanio na forma de O2.<\/p>\n<h2> Tipos de elementos n\u00e3o met\u00e1licos<\/h2>\n<p> Os <strong>elementos n\u00e3o met\u00e1licos da tabela peri\u00f3dica<\/strong> possuem caracter\u00edsticas muito espec\u00edficas. Uma delas \u00e9 a forma como s\u00e3o classificados ou os tipos mais comuns em que podem ser encontrados, listados a seguir:<\/p>\n<ul>\n<li> <strong>Halog\u00eanios<\/strong> : Caracterizam-se por serem t\u00f3xicos, altamente oxidantes, eletronegativos, podem ter apar\u00eancia met\u00e1lica e odor muito pungente. Estes s\u00e3o fl\u00faor, cloro, bromo, iodo, astato e tenesum.<\/li>\n<li> <strong>Gases raros<\/strong> : S\u00e3o chamados de gases inertes e devem seu nome \u00e0 sua baixa reatividade qu\u00edmica. S\u00e3o gases de \u00e1tomo \u00fanico e s\u00e3o produzidos em grandes quantidades para uso industrial. Um exemplo disso \u00e9 o h\u00e9lio, n\u00e9on, rad\u00f4nio, arg\u00f4nio, xen\u00f4nio e oganeson.<\/li>\n<li> <strong>Outros n\u00e3o metais<\/strong> : Refere-se a oxig\u00eanio, carbono, hidrog\u00eanio, enxofre, nitrog\u00eanio, sel\u00eanio e f\u00f3sforo. Distinguem-se pelas suas propriedades espec\u00edficas e muito diversas, raz\u00e3o pela qual s\u00e3o aplicados em diversas \u00e1reas.<\/li>\n<\/ul>\n<h2> Usos e aplica\u00e7\u00f5es mais comuns<\/h2>\n<p> Os elementos n\u00e3o met\u00e1licos, assim como os metais, est\u00e3o presentes no dia a dia de cada indiv\u00edduo, seja individualmente ou em combina\u00e7\u00e3o. Entre as formas de uso mais not\u00e1veis est\u00e3o:<\/p>\n<ul>\n<li> <strong>O oxig\u00eanio \u00e9 encontrado na atmosfera<\/strong> e \u00e9 essencial para a vida porque permite a respira\u00e7\u00e3o. O oz\u00f4nio, que \u00e9 uma forma de oxig\u00eanio, forma uma camada que protege a Terra dos raios ultravioleta emitidos pelo sol.<\/li>\n<li> S\u00e3o utilizados na <strong>produ\u00e7\u00e3o de a\u00e7o<\/strong> para fazer ligas e na ind\u00fastria qu\u00edmica como catalisadores ou na cria\u00e7\u00e3o de \u00e1cidos.<\/li>\n<li> As l\u00e2mpadas incandescentes cont\u00eam nitrog\u00eanio, arg\u00f4nio, n\u00e9on e merc\u00fario, que servem como ilumina\u00e7\u00e3o sem gastar muita energia el\u00e9trica.<\/li>\n<li> \u00c9 utilizado <strong>na ind\u00fastria farmacol\u00f3gica<\/strong> para o tratamento do c\u00e2ncer, na medicina nuclear, na cria\u00e7\u00e3o de produtos antiss\u00e9pticos e desinfetantes, entre outros.<\/li>\n<li> \u00c9 utilizado nos <strong>processos de produ\u00e7\u00e3o e enriquecimento de produtos aliment\u00edcios<\/strong> . Tamb\u00e9m na cria\u00e7\u00e3o de fertilizantes e fertilizantes, na refina\u00e7\u00e3o de petr\u00f3leo e na produ\u00e7\u00e3o de diversos materiais de uso di\u00e1rio, por exemplo f\u00f3sforos.<\/li>\n<\/ul>\n<p> Em resumo, <strong>os elementos n\u00e3o met\u00e1licos<\/strong> s\u00e3o aqueles antag\u00f4nicos aos metais e caracterizam-se por serem essenciais \u00e0 vida di\u00e1ria. Existem tipos muito espec\u00edficos e podem ser feitos em diferentes estados. Sua presen\u00e7a melhora a produ\u00e7\u00e3o industrial.<\/p>\n","protected":false},"excerpt":{"rendered":"<p>Um dos grupos que podem ser encontrados em uma tabela peri\u00f3dica s\u00e3o os elementos n\u00e3o met\u00e1licos . Estes possuem propriedades e caracter\u00edsticas antag\u00f4nicas aos metais, por isso podem ser claramente identificados. Neste artigo, conhe\u00e7a esse grupo de estruturas qu\u00edmicas de grande import\u00e2ncia para a vida e destaque algumas de suas aplica\u00e7\u00f5es mais not\u00e1veis. O que &#8230; <a title=\"N\u00e3o metais da tabela peri\u00f3dica\" class=\"read-more\" href=\"https:\/\/chemuza.org\/pt\/sem-metais\/\" aria-label=\"Mais em N\u00e3o metais da tabela peri\u00f3dica\">Ler mais<\/a><\/p>\n","protected":false},"author":1,"featured_media":0,"parent":0,"menu_order":0,"comment_status":"closed","ping_status":"closed","template":"","meta":{"footnotes":""},"class_list":["post-1575","page","type-page","status-publish"],"yoast_head":"<!-- This site is optimized with the Yoast SEO plugin v21.4 - https:\/\/yoast.com\/wordpress\/plugins\/seo\/ -->\n<title>N\u00e3o metais da tabela peri\u00f3dica - Chemuza<\/title>\n<meta name=\"robots\" content=\"index, follow, max-snippet:-1, max-image-preview:large, max-video-preview:-1\" \/>\n<link rel=\"canonical\" href=\"https:\/\/chemuza.org\/pt\/sem-metais\/\" \/>\n<meta property=\"og:locale\" content=\"pt_PT\" \/>\n<meta property=\"og:type\" content=\"article\" \/>\n<meta property=\"og:title\" content=\"N\u00e3o metais da tabela peri\u00f3dica - Chemuza\" \/>\n<meta property=\"og:description\" content=\"Um dos grupos que podem ser encontrados em uma tabela peri\u00f3dica s\u00e3o os elementos n\u00e3o met\u00e1licos . Estes possuem propriedades e caracter\u00edsticas antag\u00f4nicas aos metais, por isso podem ser claramente identificados. Neste artigo, conhe\u00e7a esse grupo de estruturas qu\u00edmicas de grande import\u00e2ncia para a vida e destaque algumas de suas aplica\u00e7\u00f5es mais not\u00e1veis. O que ... Ler mais\" \/>\n<meta property=\"og:url\" content=\"https:\/\/chemuza.org\/pt\/sem-metais\/\" \/>\n<meta property=\"og:site_name\" content=\"Statorials\" \/>\n<meta name=\"twitter:card\" content=\"summary_large_image\" \/>\n<meta name=\"twitter:label1\" content=\"Tempo estimado de leitura\" \/>\n\t<meta name=\"twitter:data1\" content=\"5 minutos\" \/>\n<script type=\"application\/ld+json\" class=\"yoast-schema-graph\">{\"@context\":\"https:\/\/schema.org\",\"@graph\":[{\"@type\":\"WebPage\",\"@id\":\"https:\/\/chemuza.org\/pt\/sem-metais\/\",\"url\":\"https:\/\/chemuza.org\/pt\/sem-metais\/\",\"name\":\"N\u00e3o metais da tabela peri\u00f3dica - Chemuza\",\"isPartOf\":{\"@id\":\"https:\/\/chemuza.org\/pt\/#website\"},\"datePublished\":\"2023-07-13T04:46:58+00:00\",\"dateModified\":\"2023-07-13T04:46:58+00:00\",\"breadcrumb\":{\"@id\":\"https:\/\/chemuza.org\/pt\/sem-metais\/#breadcrumb\"},\"inLanguage\":\"pt-PT\",\"potentialAction\":[{\"@type\":\"ReadAction\",\"target\":[\"https:\/\/chemuza.org\/pt\/sem-metais\/\"]}]},{\"@type\":\"BreadcrumbList\",\"@id\":\"https:\/\/chemuza.org\/pt\/sem-metais\/#breadcrumb\",\"itemListElement\":[{\"@type\":\"ListItem\",\"position\":1,\"name\":\"Lar\",\"item\":\"https:\/\/chemuza.org\/pt\/\"},{\"@type\":\"ListItem\",\"position\":2,\"name\":\"N\u00e3o metais da tabela peri\u00f3dica\"}]},{\"@type\":\"WebSite\",\"@id\":\"https:\/\/chemuza.org\/pt\/#website\",\"url\":\"https:\/\/chemuza.org\/pt\/\",\"name\":\"Chemuza\",\"description\":\"Sua porta de entrada para a descoberta qu\u00edmica!\",\"publisher\":{\"@id\":\"https:\/\/chemuza.org\/pt\/#organization\"},\"potentialAction\":[{\"@type\":\"SearchAction\",\"target\":{\"@type\":\"EntryPoint\",\"urlTemplate\":\"https:\/\/chemuza.org\/pt\/?s={search_term_string}\"},\"query-input\":\"required name=search_term_string\"}],\"inLanguage\":\"pt-PT\"},{\"@type\":\"Organization\",\"@id\":\"https:\/\/chemuza.org\/pt\/#organization\",\"name\":\"Chemuza\",\"url\":\"https:\/\/chemuza.org\/pt\/\",\"logo\":{\"@type\":\"ImageObject\",\"inLanguage\":\"pt-PT\",\"@id\":\"https:\/\/chemuza.org\/pt\/#\/schema\/logo\/image\/\",\"url\":\"https:\/\/chemuza.org\/pt\/wp-content\/uploads\/2023\/10\/chemuza-logo.png\",\"contentUrl\":\"https:\/\/chemuza.org\/pt\/wp-content\/uploads\/2023\/10\/chemuza-logo.png\",\"width\":387,\"height\":70,\"caption\":\"Chemuza\"},\"image\":{\"@id\":\"https:\/\/chemuza.org\/pt\/#\/schema\/logo\/image\/\"}}]}<\/script>\n<!-- \/ Yoast SEO plugin. -->","yoast_head_json":{"title":"N\u00e3o metais da tabela peri\u00f3dica - Chemuza","robots":{"index":"index","follow":"follow","max-snippet":"max-snippet:-1","max-image-preview":"max-image-preview:large","max-video-preview":"max-video-preview:-1"},"canonical":"https:\/\/chemuza.org\/pt\/sem-metais\/","og_locale":"pt_PT","og_type":"article","og_title":"N\u00e3o metais da tabela peri\u00f3dica - Chemuza","og_description":"Um dos grupos que podem ser encontrados em uma tabela peri\u00f3dica s\u00e3o os elementos n\u00e3o met\u00e1licos . Estes possuem propriedades e caracter\u00edsticas antag\u00f4nicas aos metais, por isso podem ser claramente identificados. Neste artigo, conhe\u00e7a esse grupo de estruturas qu\u00edmicas de grande import\u00e2ncia para a vida e destaque algumas de suas aplica\u00e7\u00f5es mais not\u00e1veis. O que ... Ler mais","og_url":"https:\/\/chemuza.org\/pt\/sem-metais\/","og_site_name":"Statorials","twitter_card":"summary_large_image","twitter_misc":{"Tempo estimado de leitura":"5 minutos"},"schema":{"@context":"https:\/\/schema.org","@graph":[{"@type":"WebPage","@id":"https:\/\/chemuza.org\/pt\/sem-metais\/","url":"https:\/\/chemuza.org\/pt\/sem-metais\/","name":"N\u00e3o metais da tabela peri\u00f3dica - Chemuza","isPartOf":{"@id":"https:\/\/chemuza.org\/pt\/#website"},"datePublished":"2023-07-13T04:46:58+00:00","dateModified":"2023-07-13T04:46:58+00:00","breadcrumb":{"@id":"https:\/\/chemuza.org\/pt\/sem-metais\/#breadcrumb"},"inLanguage":"pt-PT","potentialAction":[{"@type":"ReadAction","target":["https:\/\/chemuza.org\/pt\/sem-metais\/"]}]},{"@type":"BreadcrumbList","@id":"https:\/\/chemuza.org\/pt\/sem-metais\/#breadcrumb","itemListElement":[{"@type":"ListItem","position":1,"name":"Lar","item":"https:\/\/chemuza.org\/pt\/"},{"@type":"ListItem","position":2,"name":"N\u00e3o metais da tabela peri\u00f3dica"}]},{"@type":"WebSite","@id":"https:\/\/chemuza.org\/pt\/#website","url":"https:\/\/chemuza.org\/pt\/","name":"Chemuza","description":"Sua porta de entrada para a descoberta qu\u00edmica!","publisher":{"@id":"https:\/\/chemuza.org\/pt\/#organization"},"potentialAction":[{"@type":"SearchAction","target":{"@type":"EntryPoint","urlTemplate":"https:\/\/chemuza.org\/pt\/?s={search_term_string}"},"query-input":"required name=search_term_string"}],"inLanguage":"pt-PT"},{"@type":"Organization","@id":"https:\/\/chemuza.org\/pt\/#organization","name":"Chemuza","url":"https:\/\/chemuza.org\/pt\/","logo":{"@type":"ImageObject","inLanguage":"pt-PT","@id":"https:\/\/chemuza.org\/pt\/#\/schema\/logo\/image\/","url":"https:\/\/chemuza.org\/pt\/wp-content\/uploads\/2023\/10\/chemuza-logo.png","contentUrl":"https:\/\/chemuza.org\/pt\/wp-content\/uploads\/2023\/10\/chemuza-logo.png","width":387,"height":70,"caption":"Chemuza"},"image":{"@id":"https:\/\/chemuza.org\/pt\/#\/schema\/logo\/image\/"}}]}},"yoast_meta":{"yoast_wpseo_title":"","yoast_wpseo_metadesc":"","yoast_wpseo_canonical":""},"_links":{"self":[{"href":"https:\/\/chemuza.org\/pt\/wp-json\/wp\/v2\/pages\/1575","targetHints":{"allow":["GET"]}}],"collection":[{"href":"https:\/\/chemuza.org\/pt\/wp-json\/wp\/v2\/pages"}],"about":[{"href":"https:\/\/chemuza.org\/pt\/wp-json\/wp\/v2\/types\/page"}],"author":[{"embeddable":true,"href":"https:\/\/chemuza.org\/pt\/wp-json\/wp\/v2\/users\/1"}],"replies":[{"embeddable":true,"href":"https:\/\/chemuza.org\/pt\/wp-json\/wp\/v2\/comments?post=1575"}],"version-history":[{"count":0,"href":"https:\/\/chemuza.org\/pt\/wp-json\/wp\/v2\/pages\/1575\/revisions"}],"wp:attachment":[{"href":"https:\/\/chemuza.org\/pt\/wp-json\/wp\/v2\/media?parent=1575"}],"curies":[{"name":"wp","href":"https:\/\/api.w.org\/{rel}","templated":true}]}}