{"id":1574,"date":"2023-07-13T05:04:35","date_gmt":"2023-07-13T05:04:35","guid":{"rendered":"https:\/\/chemuza.org\/pt\/metais\/"},"modified":"2023-07-13T05:04:35","modified_gmt":"2023-07-13T05:04:35","slug":"metais","status":"publish","type":"page","link":"https:\/\/chemuza.org\/pt\/metais\/","title":{"rendered":"Metais da tabela peri\u00f3dica"},"content":{"rendered":"<p>A tabela peri\u00f3dica \u00e9 uma forma de organiza\u00e7\u00e3o que apresenta elementos qu\u00edmicos naturais classificados de acordo com suas propriedades f\u00edsicas. <strong>Um dos grupos mais importantes que possui s\u00e3o os metais<\/strong> , localizados no centro e no lado esquerdo da mesa, que s\u00e3o muito semelhantes em suas propriedades. Ent\u00e3o observe mais de perto esses elementos, bem como seus tipos e fun\u00e7\u00f5es.<\/p>\n<h2> O que s\u00e3o metais?<\/h2>\n<p> No campo da qu\u00edmica, <strong>os metais s\u00e3o elementos extra\u00eddos da terra ou produzidos por ligas<\/strong> , caracterizados principalmente por serem excelentes condutores de calor e eletricidade. Al\u00e9m disso, possuem alta densidade, s\u00e3o s\u00f3lidos \u00e0 temperatura ambiente, com exce\u00e7\u00e3o do merc\u00fario, e seus sais formam \u00edons com carga el\u00e9trica positiva quando dissolvidos.<\/p>\n<p> Pode-se dizer que <strong>\u00e9 um dos elementos mais abundantes da Terra<\/strong> e, portanto, o mais numeroso da tabela peri\u00f3dica. Al\u00e9m disso, s\u00e3o encontrados em estado de grande pureza, embora muitos estejam misturados com minerais do solo, por isso devem ser extra\u00eddos por m\u00e3os humanas. S\u00e3o opacos, possuem estrutura cristalina e podem ser polidos para refletir a luz depois de polidos.<\/p>\n<h2> Principais tipos de metais<\/h2>\n<p> A tabela peri\u00f3dica \u00e9 dividida em linhas horizontais chamadas per\u00edodos e colunas verticais chamadas grupos. Esses agrupamentos permitem saber que os elementos pertencentes a um mesmo conjunto possuem propriedades semelhantes. No entanto, <strong>em metais voc\u00ea pode obter os seguintes tipos<\/strong> :<\/p>\n<ul>\n<li> <strong>Transicionais<\/strong> : Eles se enquadram no chamado grupo D e s\u00e3o os mais numerosos. Eles s\u00e3o conhecidos por sua dureza, alta condutividade el\u00e9trica e altos pontos de fus\u00e3o.<\/li>\n<li> <strong>Alcalino<\/strong> : Os <strong>metais alcalinos<\/strong> s\u00e3o os do grupo I da Tabela Peri\u00f3dica, Fr\u00e2ncio, C\u00e9sio, Rub\u00eddio, Pot\u00e1ssio, S\u00f3dio e L\u00edtio. Eles s\u00e3o caracterizados por serem muito responsivos, suaves, brilhantes, excelentes condutores e nunca s\u00e3o puros por natureza.<\/li>\n<li> <strong>Metais alcalino-terrosos<\/strong> : S\u00e3o aqueles pertencentes ao grupo II da Tabela Peri\u00f3dica que s\u00e3o B\u00e1rio, Estr\u00f4ncio, C\u00e1lcio, Magn\u00e9sio, Ber\u00edlio e R\u00e1dio. Possui menor reatividade qu\u00edmica, mas maior dureza. S\u00e3o excelentes condutores, possuem baixa densidade e baixo brilho.<\/li>\n<li> <strong>Lantan\u00eddeos<\/strong> : Tamb\u00e9m conhecidos como \u201cTerras Raras\u201d, s\u00e3o aqueles localizados no per\u00edodo VI do sistema peri\u00f3dico e com os actin\u00eddeos fazem parte dos elementos de transi\u00e7\u00e3o interna. Eles t\u00eam comportamento magn\u00e9tico e espectral.<\/li>\n<li> <strong>Actin\u00eddeos<\/strong> : S\u00e3o <strong>metais radioativos e pesados<\/strong> , por isso \u00e9 raro encontr\u00e1-los facilmente na natureza, por exemplo Ur\u00e2nio, Act\u00ednio e Nept\u00fanio. Fazem parte das Terras Raras e completam os elementos de transi\u00e7\u00e3o interna.<\/li>\n<li> <strong>Transactin\u00eddeos<\/strong> : Refere-se aos chamados elementos superpesados, pois superam os actin\u00eddeos mais pesados em termos de n\u00famero at\u00f4mico. Podemos ver isso em laborat\u00f3rio, eles s\u00e3o radioativos e t\u00eam um tempo de decaimento r\u00e1pido.<\/li>\n<\/ul>\n<p> Todos esses elementos s\u00e3o encontrados na natureza, mas \u00e9 muito improv\u00e1vel que sejam encontrados em estado puro. Por exemplo, o ferro, que \u00e9 o metal mais abundante, \u00e9 encontrado na hematita, na magnetita e no \u00f3xido, portanto deve ser utilizado um m\u00e9todo de redu\u00e7\u00e3o.<\/p>\n<h2> propriedades dos metais<\/h2>\n<p> Os metais est\u00e3o presentes nas atividades humanas desde tempos imemoriais, principalmente na cria\u00e7\u00e3o de ferramentas que facilitam a vida. Possuem qualidades que permitem sua utiliza\u00e7\u00e3o em diversas facetas da ind\u00fastria. <strong>As propriedades que permitem esta versatilidade<\/strong> s\u00e3o:<\/p>\n<h3> f\u00edsico<\/h3>\n<p> Dentre as <strong>propriedades f\u00edsicas dos metais,<\/strong> podemos citar:<\/p>\n<ul>\n<li> <strong>Maleabilidade:<\/strong> Tem a capacidade de adquirir a forma desejada se submetido a press\u00e3o.<\/li>\n<li> <strong>Condutividade:<\/strong> S\u00e3o excelentes condutores de calor e eletricidade porque permitem o f\u00e1cil fluxo de el\u00e9trons atrav\u00e9s deles.<\/li>\n<li> <strong>Ductilidade:<\/strong> \u00c9 uma capacidade de estiramento que permite along\u00e1-lo suficientemente, aplicando for\u00e7a, at\u00e9 se tornar um fio ou fio.<\/li>\n<li> <strong>Tenacidade:<\/strong> Refere-se \u00e0 resist\u00eancia que apresenta ao receber uma for\u00e7a ou golpe repentino, que evita sua deforma\u00e7\u00e3o ou ruptura.<\/li>\n<\/ul>\n<h3> qu\u00edmico<\/h3>\n<p> Algumas de suas <strong>propriedades qu\u00edmicas<\/strong> mais not\u00e1veis, utilizadas em diversas ind\u00fastrias, s\u00e3o:<\/p>\n<ul>\n<li> <strong>Capacidade de fazer ligas<\/strong> : Pode ser misturado com outros elementos para formar novas estruturas.<\/li>\n<li> Na presen\u00e7a de oxig\u00eanio, <strong>reagem como \u00f3xido<\/strong> .<\/li>\n<li> Voc\u00ea pode ter 1, 2 ou 3 el\u00e9trons, dependendo do seu n\u00famero at\u00f4mico, no \u00faltimo n\u00edvel de energia. Esta qualidade permite a <strong>forma\u00e7\u00e3o de c\u00e1tions<\/strong> e estes s\u00e3o agentes redutores.<\/li>\n<li> Eles reagem com \u00e1gua e sais formando \u00e1cidos.<\/li>\n<\/ul>\n<h3> mec\u00e2nico<\/h3>\n<p> Embora possa estar relacionado \u00e0 f\u00edsica, as <strong>propriedades mec\u00e2nicas dos metais<\/strong> s\u00e3o voltadas para a resist\u00eancia. Eles s\u00e3o resumidos da seguinte forma:<\/p>\n<ul>\n<li> <strong>Tenacidade:<\/strong> Eles t\u00eam a capacidade de resistir a for\u00e7as externas sem quebrar.<\/li>\n<li> <strong>Plasticidade:<\/strong> refere-se \u00e0 capacidade que possui de manter sua forma ap\u00f3s ser transformada por for\u00e7as externas.<\/li>\n<li> <strong>Fragilidade<\/strong> : destaca a facilidade com que um metal pode quebrar quando exposto a um certo tipo de press\u00e3o externa.<\/li>\n<li> <strong>Rigidez:<\/strong> \u00c9 a capacidade de resist\u00eancia de um metal em se deformar na presen\u00e7a de tens\u00e3o, uma for\u00e7a interna descrita pela terceira lei de Newton.<\/li>\n<\/ul>\n<p> Existe uma capacidade, conhecida como <strong>propriedade magn\u00e9tica<\/strong> , ou seja, possuem for\u00e7a de atra\u00e7\u00e3o ou repuls\u00e3o em rela\u00e7\u00e3o a outros metais. Um exemplo \u00e9 o n\u00edquel, ferro, cobalto e suas ligas.<\/p>\n<h2> Fun\u00e7\u00f5es e usos dos metais<\/h2>\n<p> Os metais s\u00e3o utilizados em todas as \u00e1reas da vida moderna e sua origem remonta aos prim\u00f3rdios da humanidade. Portanto, \u00e9 poss\u00edvel utiliz\u00e1-los desde um simples ornamento at\u00e9 a ind\u00fastria m\u00e9dica. Algumas de suas aplica\u00e7\u00f5es mais importantes s\u00e3o:<\/p>\n<ul>\n<li> <strong>Na ind\u00fastria automotiva<\/strong> para constru\u00e7\u00e3o de autom\u00f3veis, avi\u00f5es, trens, motocicletas e bicicletas.<\/li>\n<li> <strong>Fabrica\u00e7\u00e3o de todo tipo de ferramentas<\/strong> e utens\u00edlios destinados a melhorar a qualidade de vida das pessoas. Por exemplo, na cria\u00e7\u00e3o de computadores, telefones, estruturas de constru\u00e7\u00e3o civil, entre outros.<\/li>\n<li> \u00c9 utilizado na <strong>fabrica\u00e7\u00e3o de elementos para eletricidade<\/strong> e no transporte de energia el\u00e9trica.<\/li>\n<li> \u00c9 importante <strong>na \u00e1rea agr\u00edcola para a fabrica\u00e7\u00e3o de fertilizantes<\/strong> , aumentando a capacidade do solo.<\/li>\n<li> <strong>Na medicina,<\/strong> tem utiliza\u00e7\u00f5es como curativas, propriedades antibacterianas e algumas est\u00e3o envolvidas em processos metab\u00f3licos.<\/li>\n<\/ul>\n<p> Em resumo, <strong>os metais<\/strong> s\u00e3o elementos naturais cujas propriedades e caracter\u00edsticas se adaptam a todos os tipos de fun\u00e7\u00f5es. Existem diferentes tipos que facilitam as rea\u00e7\u00f5es qu\u00edmicas a n\u00edvel laboratorial e permitem a sua transforma\u00e7\u00e3o para melhorar a qualidade de vida.<\/p>\n","protected":false},"excerpt":{"rendered":"<p>A tabela peri\u00f3dica \u00e9 uma forma de organiza\u00e7\u00e3o que apresenta elementos qu\u00edmicos naturais classificados de acordo com suas propriedades f\u00edsicas. Um dos grupos mais importantes que possui s\u00e3o os metais , localizados no centro e no lado esquerdo da mesa, que s\u00e3o muito semelhantes em suas propriedades. Ent\u00e3o observe mais de perto esses elementos, bem &#8230; <a title=\"Metais da tabela peri\u00f3dica\" class=\"read-more\" href=\"https:\/\/chemuza.org\/pt\/metais\/\" aria-label=\"Mais em Metais da tabela peri\u00f3dica\">Ler mais<\/a><\/p>\n","protected":false},"author":1,"featured_media":0,"parent":0,"menu_order":0,"comment_status":"closed","ping_status":"closed","template":"","meta":{"footnotes":""},"class_list":["post-1574","page","type-page","status-publish"],"yoast_head":"<!-- This site is optimized with the Yoast SEO plugin v21.4 - https:\/\/yoast.com\/wordpress\/plugins\/seo\/ -->\n<title>Metais da tabela peri\u00f3dica - Chemuza<\/title>\n<meta name=\"robots\" content=\"index, follow, max-snippet:-1, max-image-preview:large, max-video-preview:-1\" \/>\n<link rel=\"canonical\" href=\"https:\/\/chemuza.org\/pt\/metais\/\" \/>\n<meta property=\"og:locale\" content=\"pt_PT\" \/>\n<meta property=\"og:type\" content=\"article\" \/>\n<meta property=\"og:title\" content=\"Metais da tabela peri\u00f3dica - Chemuza\" \/>\n<meta property=\"og:description\" content=\"A tabela peri\u00f3dica \u00e9 uma forma de organiza\u00e7\u00e3o que apresenta elementos qu\u00edmicos naturais classificados de acordo com suas propriedades f\u00edsicas. Um dos grupos mais importantes que possui s\u00e3o os metais , localizados no centro e no lado esquerdo da mesa, que s\u00e3o muito semelhantes em suas propriedades. Ent\u00e3o observe mais de perto esses elementos, bem ... Ler mais\" \/>\n<meta property=\"og:url\" content=\"https:\/\/chemuza.org\/pt\/metais\/\" \/>\n<meta property=\"og:site_name\" content=\"Statorials\" \/>\n<meta name=\"twitter:card\" content=\"summary_large_image\" \/>\n<meta name=\"twitter:label1\" content=\"Tempo estimado de leitura\" \/>\n\t<meta name=\"twitter:data1\" content=\"5 minutos\" \/>\n<script type=\"application\/ld+json\" class=\"yoast-schema-graph\">{\"@context\":\"https:\/\/schema.org\",\"@graph\":[{\"@type\":\"WebPage\",\"@id\":\"https:\/\/chemuza.org\/pt\/metais\/\",\"url\":\"https:\/\/chemuza.org\/pt\/metais\/\",\"name\":\"Metais da tabela peri\u00f3dica - Chemuza\",\"isPartOf\":{\"@id\":\"https:\/\/chemuza.org\/pt\/#website\"},\"datePublished\":\"2023-07-13T05:04:35+00:00\",\"dateModified\":\"2023-07-13T05:04:35+00:00\",\"breadcrumb\":{\"@id\":\"https:\/\/chemuza.org\/pt\/metais\/#breadcrumb\"},\"inLanguage\":\"pt-PT\",\"potentialAction\":[{\"@type\":\"ReadAction\",\"target\":[\"https:\/\/chemuza.org\/pt\/metais\/\"]}]},{\"@type\":\"BreadcrumbList\",\"@id\":\"https:\/\/chemuza.org\/pt\/metais\/#breadcrumb\",\"itemListElement\":[{\"@type\":\"ListItem\",\"position\":1,\"name\":\"Lar\",\"item\":\"https:\/\/chemuza.org\/pt\/\"},{\"@type\":\"ListItem\",\"position\":2,\"name\":\"Metais da tabela peri\u00f3dica\"}]},{\"@type\":\"WebSite\",\"@id\":\"https:\/\/chemuza.org\/pt\/#website\",\"url\":\"https:\/\/chemuza.org\/pt\/\",\"name\":\"Chemuza\",\"description\":\"Sua porta de entrada para a descoberta qu\u00edmica!\",\"publisher\":{\"@id\":\"https:\/\/chemuza.org\/pt\/#organization\"},\"potentialAction\":[{\"@type\":\"SearchAction\",\"target\":{\"@type\":\"EntryPoint\",\"urlTemplate\":\"https:\/\/chemuza.org\/pt\/?s={search_term_string}\"},\"query-input\":\"required name=search_term_string\"}],\"inLanguage\":\"pt-PT\"},{\"@type\":\"Organization\",\"@id\":\"https:\/\/chemuza.org\/pt\/#organization\",\"name\":\"Chemuza\",\"url\":\"https:\/\/chemuza.org\/pt\/\",\"logo\":{\"@type\":\"ImageObject\",\"inLanguage\":\"pt-PT\",\"@id\":\"https:\/\/chemuza.org\/pt\/#\/schema\/logo\/image\/\",\"url\":\"https:\/\/chemuza.org\/pt\/wp-content\/uploads\/2023\/10\/chemuza-logo.png\",\"contentUrl\":\"https:\/\/chemuza.org\/pt\/wp-content\/uploads\/2023\/10\/chemuza-logo.png\",\"width\":387,\"height\":70,\"caption\":\"Chemuza\"},\"image\":{\"@id\":\"https:\/\/chemuza.org\/pt\/#\/schema\/logo\/image\/\"}}]}<\/script>\n<!-- \/ Yoast SEO plugin. -->","yoast_head_json":{"title":"Metais da tabela peri\u00f3dica - Chemuza","robots":{"index":"index","follow":"follow","max-snippet":"max-snippet:-1","max-image-preview":"max-image-preview:large","max-video-preview":"max-video-preview:-1"},"canonical":"https:\/\/chemuza.org\/pt\/metais\/","og_locale":"pt_PT","og_type":"article","og_title":"Metais da tabela peri\u00f3dica - Chemuza","og_description":"A tabela peri\u00f3dica \u00e9 uma forma de organiza\u00e7\u00e3o que apresenta elementos qu\u00edmicos naturais classificados de acordo com suas propriedades f\u00edsicas. Um dos grupos mais importantes que possui s\u00e3o os metais , localizados no centro e no lado esquerdo da mesa, que s\u00e3o muito semelhantes em suas propriedades. Ent\u00e3o observe mais de perto esses elementos, bem ... Ler mais","og_url":"https:\/\/chemuza.org\/pt\/metais\/","og_site_name":"Statorials","twitter_card":"summary_large_image","twitter_misc":{"Tempo estimado de leitura":"5 minutos"},"schema":{"@context":"https:\/\/schema.org","@graph":[{"@type":"WebPage","@id":"https:\/\/chemuza.org\/pt\/metais\/","url":"https:\/\/chemuza.org\/pt\/metais\/","name":"Metais da tabela peri\u00f3dica - Chemuza","isPartOf":{"@id":"https:\/\/chemuza.org\/pt\/#website"},"datePublished":"2023-07-13T05:04:35+00:00","dateModified":"2023-07-13T05:04:35+00:00","breadcrumb":{"@id":"https:\/\/chemuza.org\/pt\/metais\/#breadcrumb"},"inLanguage":"pt-PT","potentialAction":[{"@type":"ReadAction","target":["https:\/\/chemuza.org\/pt\/metais\/"]}]},{"@type":"BreadcrumbList","@id":"https:\/\/chemuza.org\/pt\/metais\/#breadcrumb","itemListElement":[{"@type":"ListItem","position":1,"name":"Lar","item":"https:\/\/chemuza.org\/pt\/"},{"@type":"ListItem","position":2,"name":"Metais da tabela peri\u00f3dica"}]},{"@type":"WebSite","@id":"https:\/\/chemuza.org\/pt\/#website","url":"https:\/\/chemuza.org\/pt\/","name":"Chemuza","description":"Sua porta de entrada para a descoberta qu\u00edmica!","publisher":{"@id":"https:\/\/chemuza.org\/pt\/#organization"},"potentialAction":[{"@type":"SearchAction","target":{"@type":"EntryPoint","urlTemplate":"https:\/\/chemuza.org\/pt\/?s={search_term_string}"},"query-input":"required name=search_term_string"}],"inLanguage":"pt-PT"},{"@type":"Organization","@id":"https:\/\/chemuza.org\/pt\/#organization","name":"Chemuza","url":"https:\/\/chemuza.org\/pt\/","logo":{"@type":"ImageObject","inLanguage":"pt-PT","@id":"https:\/\/chemuza.org\/pt\/#\/schema\/logo\/image\/","url":"https:\/\/chemuza.org\/pt\/wp-content\/uploads\/2023\/10\/chemuza-logo.png","contentUrl":"https:\/\/chemuza.org\/pt\/wp-content\/uploads\/2023\/10\/chemuza-logo.png","width":387,"height":70,"caption":"Chemuza"},"image":{"@id":"https:\/\/chemuza.org\/pt\/#\/schema\/logo\/image\/"}}]}},"yoast_meta":{"yoast_wpseo_title":"","yoast_wpseo_metadesc":"","yoast_wpseo_canonical":""},"_links":{"self":[{"href":"https:\/\/chemuza.org\/pt\/wp-json\/wp\/v2\/pages\/1574","targetHints":{"allow":["GET"]}}],"collection":[{"href":"https:\/\/chemuza.org\/pt\/wp-json\/wp\/v2\/pages"}],"about":[{"href":"https:\/\/chemuza.org\/pt\/wp-json\/wp\/v2\/types\/page"}],"author":[{"embeddable":true,"href":"https:\/\/chemuza.org\/pt\/wp-json\/wp\/v2\/users\/1"}],"replies":[{"embeddable":true,"href":"https:\/\/chemuza.org\/pt\/wp-json\/wp\/v2\/comments?post=1574"}],"version-history":[{"count":0,"href":"https:\/\/chemuza.org\/pt\/wp-json\/wp\/v2\/pages\/1574\/revisions"}],"wp:attachment":[{"href":"https:\/\/chemuza.org\/pt\/wp-json\/wp\/v2\/media?parent=1574"}],"curies":[{"name":"wp","href":"https:\/\/api.w.org\/{rel}","templated":true}]}}